{"id":103,"date":"2020-09-06T20:37:48","date_gmt":"2020-09-06T17:37:48","guid":{"rendered":"https:\/\/sites.uef.fi\/dsa\/?page_id=103"},"modified":"2024-09-24T18:38:13","modified_gmt":"2024-09-24T15:38:13","slug":"events","status":"publish","type":"page","link":"https:\/\/sites.uef.fi\/itava\/events\/","title":{"rendered":"Events"},"content":{"rendered":"\n<p>The It\u00e4V\u00e4 provides a range of activities for its members.<\/p>\n\n\n\n<p><\/p>\n\n\n\n<p class=\"has-text-align-center\"><em>Find out more about our <a href=\"https:\/\/sites.uef.fi\/itava\/events\/upcoming\/\">upcoming<\/a>, <a href=\"https:\/\/sites.uef.fi\/itava\/events\/recuring-events\/\">recurring<\/a> and <a href=\"https:\/\/sites.uef.fi\/itava\/events\/past\">past<\/a> events and welcome to join!<\/em><\/p>\n\n\n\n<ul class=\"wp-block-list\">\n<li>Social events\n<ul class=\"wp-block-list\">\n<li><strong>Casual meet-ups<\/strong>\n<ul class=\"wp-block-list\">\n<li>Do you want to talk about the ups and downs of your doctoral studies? Or would you rather distract yourself from your every-day worries? Either way, join our meet-ups and hang out with your peers!<\/li>\n<\/ul>\n<\/li>\n\n\n\n<li><strong>Traditional Summer BBQ<\/strong>\n<ul class=\"wp-block-list\">\n<li>The Summer BBQ is the main event of the UEF DSA organized since 2014. It takes place every year, interchangeably in Joensuu or Kuopio.<\/li>\n<\/ul>\n<\/li>\n<\/ul>\n<\/li>\n\n\n\n<li>Personal and skill development events\n<ul class=\"wp-block-list\">\n<li><strong>Seminars and talks<\/strong>\n<ul class=\"wp-block-list\">\n<li>Educational academic seminars and talks organized based on the inquiries of the members.<\/li>\n<\/ul>\n<\/li>\n<\/ul>\n<\/li>\n\n\n\n<li>It\u00e4V\u00e4 organizational events\n<ul class=\"wp-block-list\">\n<li><strong>Regular meetings of the executive board<\/strong><\/li>\n\n\n\n<li><strong>Annual General Meetings<\/strong><\/li>\n<\/ul>\n<\/li>\n<\/ul>\n","protected":false},"excerpt":{"rendered":"<p>The It\u00e4V\u00e4 provides a range of activities for its members. Find out more about our upcoming, recurring and past events and welcome to join!<\/p>\n","protected":false},"author":251,"featured_media":0,"parent":0,"menu_order":0,"comment_status":"closed","ping_status":"closed","template":"","meta":{"_acf_changed":false,"_monsterinsights_skip_tracking":false,"_monsterinsights_sitenote_active":false,"_monsterinsights_sitenote_note":"","_monsterinsights_sitenote_category":0,"footnotes":""},"class_list":["post-103","page","type-page","status-publish","hentry"],"acf":[],"yoast_head":"<!-- This site is optimized with the Yoast SEO plugin v27.1.1 - https:\/\/yoast.com\/product\/yoast-seo-wordpress\/ -->\n<title>Events - It\u00e4V\u00e4<\/title>\n<meta name=\"robots\" content=\"index, follow, max-snippet:-1, max-image-preview:large, max-video-preview:-1\" \/>\n<link rel=\"canonical\" href=\"https:\/\/sites.uef.fi\/itava\/events\/\" \/>\n<meta property=\"og:locale\" content=\"en_US\" \/>\n<meta property=\"og:type\" content=\"article\" \/>\n<meta property=\"og:title\" content=\"Events - It\u00e4V\u00e4\" \/>\n<meta property=\"og:description\" content=\"The It\u00e4V\u00e4 provides a range of activities for its members. Find out more about our upcoming, recurring and past events and welcome to join!\" \/>\n<meta property=\"og:url\" content=\"https:\/\/sites.uef.fi\/itava\/events\/\" \/>\n<meta property=\"og:site_name\" content=\"It\u00e4V\u00e4\" \/>\n<meta property=\"article:modified_time\" content=\"2024-09-24T15:38:13+00:00\" \/>\n<meta name=\"twitter:card\" content=\"summary_large_image\" \/>\n<meta name=\"twitter:label1\" content=\"Est. reading time\" \/>\n\t<meta name=\"twitter:data1\" content=\"1 minute\" \/>\n<script type=\"application\/ld+json\" class=\"yoast-schema-graph\">{\"@context\":\"https:\/\/schema.org\",\"@graph\":[{\"@type\":\"WebPage\",\"@id\":\"https:\/\/sites.uef.fi\/itava\/events\/\",\"url\":\"https:\/\/sites.uef.fi\/itava\/events\/\",\"name\":\"Events - It\u00e4V\u00e4\",\"isPartOf\":{\"@id\":\"https:\/\/sites.uef.fi\/itava\/#website\"},\"datePublished\":\"2020-09-06T17:37:48+00:00\",\"dateModified\":\"2024-09-24T15:38:13+00:00\",\"breadcrumb\":{\"@id\":\"https:\/\/sites.uef.fi\/itava\/events\/#breadcrumb\"},\"inLanguage\":\"en-US\",\"potentialAction\":[{\"@type\":\"ReadAction\",\"target\":[\"https:\/\/sites.uef.fi\/itava\/events\/\"]}]},{\"@type\":\"BreadcrumbList\",\"@id\":\"https:\/\/sites.uef.fi\/itava\/events\/#breadcrumb\",\"itemListElement\":[{\"@type\":\"ListItem\",\"position\":1,\"name\":\"Home\",\"item\":\"https:\/\/sites.uef.fi\/itava\/\"},{\"@type\":\"ListItem\",\"position\":2,\"name\":\"Events\"}]},{\"@type\":\"WebSite\",\"@id\":\"https:\/\/sites.uef.fi\/itava\/#website\",\"url\":\"https:\/\/sites.uef.fi\/itava\/\",\"name\":\"It\u00e4V\u00e4\",\"description\":\"\",\"potentialAction\":[{\"@type\":\"SearchAction\",\"target\":{\"@type\":\"EntryPoint\",\"urlTemplate\":\"https:\/\/sites.uef.fi\/itava\/?s={search_term_string}\"},\"query-input\":{\"@type\":\"PropertyValueSpecification\",\"valueRequired\":true,\"valueName\":\"search_term_string\"}}],\"inLanguage\":\"en-US\"}]}<\/script>\n<!-- \/ Yoast SEO plugin. -->","yoast_head_json":{"title":"Events - It\u00e4V\u00e4","robots":{"index":"index","follow":"follow","max-snippet":"max-snippet:-1","max-image-preview":"max-image-preview:large","max-video-preview":"max-video-preview:-1"},"canonical":"https:\/\/sites.uef.fi\/itava\/events\/","og_locale":"en_US","og_type":"article","og_title":"Events - It\u00e4V\u00e4","og_description":"The It\u00e4V\u00e4 provides a range of activities for its members. Find out more about our upcoming, recurring and past events and welcome to join!","og_url":"https:\/\/sites.uef.fi\/itava\/events\/","og_site_name":"It\u00e4V\u00e4","article_modified_time":"2024-09-24T15:38:13+00:00","twitter_card":"summary_large_image","twitter_misc":{"Est. reading time":"1 minute"},"schema":{"@context":"https:\/\/schema.org","@graph":[{"@type":"WebPage","@id":"https:\/\/sites.uef.fi\/itava\/events\/","url":"https:\/\/sites.uef.fi\/itava\/events\/","name":"Events - It\u00e4V\u00e4","isPartOf":{"@id":"https:\/\/sites.uef.fi\/itava\/#website"},"datePublished":"2020-09-06T17:37:48+00:00","dateModified":"2024-09-24T15:38:13+00:00","breadcrumb":{"@id":"https:\/\/sites.uef.fi\/itava\/events\/#breadcrumb"},"inLanguage":"en-US","potentialAction":[{"@type":"ReadAction","target":["https:\/\/sites.uef.fi\/itava\/events\/"]}]},{"@type":"BreadcrumbList","@id":"https:\/\/sites.uef.fi\/itava\/events\/#breadcrumb","itemListElement":[{"@type":"ListItem","position":1,"name":"Home","item":"https:\/\/sites.uef.fi\/itava\/"},{"@type":"ListItem","position":2,"name":"Events"}]},{"@type":"WebSite","@id":"https:\/\/sites.uef.fi\/itava\/#website","url":"https:\/\/sites.uef.fi\/itava\/","name":"It\u00e4V\u00e4","description":"","potentialAction":[{"@type":"SearchAction","target":{"@type":"EntryPoint","urlTemplate":"https:\/\/sites.uef.fi\/itava\/?s={search_term_string}"},"query-input":{"@type":"PropertyValueSpecification","valueRequired":true,"valueName":"search_term_string"}}],"inLanguage":"en-US"}]}},"_links":{"self":[{"href":"https:\/\/sites.uef.fi\/itava\/wp-json\/wp\/v2\/pages\/103","targetHints":{"allow":["GET"]}}],"collection":[{"href":"https:\/\/sites.uef.fi\/itava\/wp-json\/wp\/v2\/pages"}],"about":[{"href":"https:\/\/sites.uef.fi\/itava\/wp-json\/wp\/v2\/types\/page"}],"author":[{"embeddable":true,"href":"https:\/\/sites.uef.fi\/itava\/wp-json\/wp\/v2\/users\/251"}],"replies":[{"embeddable":true,"href":"https:\/\/sites.uef.fi\/itava\/wp-json\/wp\/v2\/comments?post=103"}],"version-history":[{"count":1,"href":"https:\/\/sites.uef.fi\/itava\/wp-json\/wp\/v2\/pages\/103\/revisions"}],"predecessor-version":[{"id":3380,"href":"https:\/\/sites.uef.fi\/itava\/wp-json\/wp\/v2\/pages\/103\/revisions\/3380"}],"wp:attachment":[{"href":"https:\/\/sites.uef.fi\/itava\/wp-json\/wp\/v2\/media?parent=103"}],"curies":[{"name":"wp","href":"https:\/\/api.w.org\/{rel}","templated":true}]}}