{"id":15,"date":"2020-09-03T16:05:20","date_gmt":"2020-09-03T13:05:20","guid":{"rendered":"https:\/\/sites.uef.fi\/dsa\/?page_id=15"},"modified":"2025-11-13T14:41:40","modified_gmt":"2025-11-13T11:41:40","slug":"homepage","status":"publish","type":"page","link":"https:\/\/sites.uef.fi\/itava\/","title":{"rendered":"Homepage"},"content":{"rendered":"\n<figure class=\"wp-block-image size-full\"><img loading=\"lazy\" decoding=\"async\" width=\"756\" height=\"378\" src=\"https:\/\/sites.uef.fi\/itava\/wp-content\/uploads\/sites\/162\/2024\/05\/itava_logo_black.png\" alt=\"\" class=\"wp-image-3263\" srcset=\"https:\/\/sites.uef.fi\/itava\/wp-content\/uploads\/sites\/162\/2024\/05\/itava_logo_black.png 756w, https:\/\/sites.uef.fi\/itava\/wp-content\/uploads\/sites\/162\/2024\/05\/itava_logo_black-300x150.png 300w\" sizes=\"auto, (max-width: 756px) 100vw, 756px\" \/><\/figure>\n\n\n\n<h1 class=\"wp-block-heading\">It\u00e4V\u00e4 ry<\/h1>\n\n\n\n<p>UEF Doctoral Researchers Association \u2014 It\u00e4V\u00e4 ry organises PhD-related seminars, talks, workshops, and other scientific events, as well as leisure meet-ups.<\/p>\n\n\n\n<p>Our goal is to positively affect the lives of the UEF doctoral researchers and promote their actions.<\/p>\n\n\n\n<p><strong>Join us in shaping a vibrant community for PhD researchers at UEF \u2014 <a href=\"https:\/\/link.webropolsurveys.com\/Participation\/Public\/432adfb2-9ce1-45d1-99e3-bb9f1204f118?displayId=Fin2101354\">apply<\/a> today to become a member of It\u00e4V\u00e4 ry!<\/strong><\/p>\n\n\n\n<figure class=\"wp-block-image size-full\"><img loading=\"lazy\" decoding=\"async\" width=\"1024\" height=\"768\" src=\"https:\/\/sites.uef.fi\/itava\/wp-content\/uploads\/sites\/162\/2025\/11\/ItaVa-Board-2025-1.png\" alt=\"\" class=\"wp-image-3680\" srcset=\"https:\/\/sites.uef.fi\/itava\/wp-content\/uploads\/sites\/162\/2025\/11\/ItaVa-Board-2025-1.png 1024w, https:\/\/sites.uef.fi\/itava\/wp-content\/uploads\/sites\/162\/2025\/11\/ItaVa-Board-2025-1-300x225.png 300w, https:\/\/sites.uef.fi\/itava\/wp-content\/uploads\/sites\/162\/2025\/11\/ItaVa-Board-2025-1-768x576.png 768w\" sizes=\"auto, (max-width: 1024px) 100vw, 1024px\" \/><\/figure>\n\n\n\n<h4 class=\"wp-block-heading has-text-align-center\">Check out our <a href=\"https:\/\/sites.uef.fi\/itava\/events\/upcoming\/\">upcoming<\/a> and <a href=\"https:\/\/sites.uef.fi\/itava\/events\/recuring-events\/\">recurring<\/a> events, and meet with us!<br><\/h4>\n\n\n\n<p><\/p>\n","protected":false},"excerpt":{"rendered":"<p>It\u00e4V\u00e4 ry UEF Doctoral Researchers Association \u2014 It\u00e4V\u00e4 ry organises PhD-related seminars, talks, workshops, and other scientific events, as well as leisure meet-ups. Our goal is to positively affect the lives of the UEF doctoral researchers and promote their actions. Join us in shaping a vibrant community for PhD researchers at UEF \u2014 apply today [&hellip;]<\/p>\n","protected":false},"author":641,"featured_media":0,"parent":0,"menu_order":0,"comment_status":"closed","ping_status":"closed","template":"","meta":{"_acf_changed":false,"_monsterinsights_skip_tracking":false,"_monsterinsights_sitenote_active":false,"_monsterinsights_sitenote_note":"","_monsterinsights_sitenote_category":0,"footnotes":""},"class_list":["post-15","page","type-page","status-publish","hentry"],"acf":[],"yoast_head":"<!-- This site is optimized with the Yoast SEO plugin v27.1.1 - https:\/\/yoast.com\/product\/yoast-seo-wordpress\/ -->\n<title>Homepage - It\u00e4V\u00e4<\/title>\n<meta name=\"robots\" content=\"index, follow, max-snippet:-1, max-image-preview:large, max-video-preview:-1\" \/>\n<link rel=\"canonical\" href=\"https:\/\/sites.uef.fi\/itava\/\" \/>\n<meta property=\"og:locale\" content=\"en_US\" \/>\n<meta property=\"og:type\" content=\"article\" \/>\n<meta property=\"og:title\" content=\"Homepage - It\u00e4V\u00e4\" \/>\n<meta property=\"og:description\" content=\"It\u00e4V\u00e4 ry UEF Doctoral Researchers Association \u2014 It\u00e4V\u00e4 ry organises PhD-related seminars, talks, workshops, and other scientific events, as well as leisure meet-ups. Our goal is to positively affect the lives of the UEF doctoral researchers and promote their actions. Join us in shaping a vibrant community for PhD researchers at UEF \u2014 apply today [&hellip;]\" \/>\n<meta property=\"og:url\" content=\"https:\/\/sites.uef.fi\/itava\/\" \/>\n<meta property=\"og:site_name\" content=\"It\u00e4V\u00e4\" \/>\n<meta property=\"article:modified_time\" content=\"2025-11-13T11:41:40+00:00\" \/>\n<meta property=\"og:image\" content=\"https:\/\/sites.uef.fi\/itava\/wp-content\/uploads\/sites\/162\/2024\/05\/itava_logo_black.png\" \/>\n\t<meta property=\"og:image:width\" content=\"756\" \/>\n\t<meta property=\"og:image:height\" content=\"378\" \/>\n\t<meta property=\"og:image:type\" content=\"image\/png\" \/>\n<meta name=\"twitter:card\" content=\"summary_large_image\" \/>\n<meta name=\"twitter:label1\" content=\"Est. reading time\" \/>\n\t<meta name=\"twitter:data1\" content=\"1 minute\" \/>\n<script type=\"application\/ld+json\" class=\"yoast-schema-graph\">{\"@context\":\"https:\/\/schema.org\",\"@graph\":[{\"@type\":\"WebPage\",\"@id\":\"https:\/\/sites.uef.fi\/itava\/\",\"url\":\"https:\/\/sites.uef.fi\/itava\/\",\"name\":\"Homepage - It\u00e4V\u00e4\",\"isPartOf\":{\"@id\":\"https:\/\/sites.uef.fi\/itava\/#website\"},\"primaryImageOfPage\":{\"@id\":\"https:\/\/sites.uef.fi\/itava\/#primaryimage\"},\"image\":{\"@id\":\"https:\/\/sites.uef.fi\/itava\/#primaryimage\"},\"thumbnailUrl\":\"https:\/\/sites.uef.fi\/itava\/wp-content\/uploads\/sites\/162\/2024\/05\/itava_logo_black.png\",\"datePublished\":\"2020-09-03T13:05:20+00:00\",\"dateModified\":\"2025-11-13T11:41:40+00:00\",\"breadcrumb\":{\"@id\":\"https:\/\/sites.uef.fi\/itava\/#breadcrumb\"},\"inLanguage\":\"en-US\",\"potentialAction\":[{\"@type\":\"ReadAction\",\"target\":[\"https:\/\/sites.uef.fi\/itava\/\"]}]},{\"@type\":\"ImageObject\",\"inLanguage\":\"en-US\",\"@id\":\"https:\/\/sites.uef.fi\/itava\/#primaryimage\",\"url\":\"https:\/\/sites.uef.fi\/itava\/wp-content\/uploads\/sites\/162\/2024\/05\/itava_logo_black.png\",\"contentUrl\":\"https:\/\/sites.uef.fi\/itava\/wp-content\/uploads\/sites\/162\/2024\/05\/itava_logo_black.png\",\"width\":756,\"height\":378},{\"@type\":\"BreadcrumbList\",\"@id\":\"https:\/\/sites.uef.fi\/itava\/#breadcrumb\",\"itemListElement\":[{\"@type\":\"ListItem\",\"position\":1,\"name\":\"Home\",\"item\":\"https:\/\/sites.uef.fi\/itava\/\"},{\"@type\":\"ListItem\",\"position\":2,\"name\":\"Homepage\"}]},{\"@type\":\"WebSite\",\"@id\":\"https:\/\/sites.uef.fi\/itava\/#website\",\"url\":\"https:\/\/sites.uef.fi\/itava\/\",\"name\":\"It\u00e4V\u00e4\",\"description\":\"\",\"potentialAction\":[{\"@type\":\"SearchAction\",\"target\":{\"@type\":\"EntryPoint\",\"urlTemplate\":\"https:\/\/sites.uef.fi\/itava\/?s={search_term_string}\"},\"query-input\":{\"@type\":\"PropertyValueSpecification\",\"valueRequired\":true,\"valueName\":\"search_term_string\"}}],\"inLanguage\":\"en-US\"}]}<\/script>\n<!-- \/ Yoast SEO plugin. -->","yoast_head_json":{"title":"Homepage - It\u00e4V\u00e4","robots":{"index":"index","follow":"follow","max-snippet":"max-snippet:-1","max-image-preview":"max-image-preview:large","max-video-preview":"max-video-preview:-1"},"canonical":"https:\/\/sites.uef.fi\/itava\/","og_locale":"en_US","og_type":"article","og_title":"Homepage - It\u00e4V\u00e4","og_description":"It\u00e4V\u00e4 ry UEF Doctoral Researchers Association \u2014 It\u00e4V\u00e4 ry organises PhD-related seminars, talks, workshops, and other scientific events, as well as leisure meet-ups. Our goal is to positively affect the lives of the UEF doctoral researchers and promote their actions. Join us in shaping a vibrant community for PhD researchers at UEF \u2014 apply today [&hellip;]","og_url":"https:\/\/sites.uef.fi\/itava\/","og_site_name":"It\u00e4V\u00e4","article_modified_time":"2025-11-13T11:41:40+00:00","og_image":[{"width":756,"height":378,"url":"https:\/\/sites.uef.fi\/itava\/wp-content\/uploads\/sites\/162\/2024\/05\/itava_logo_black.png","type":"image\/png"}],"twitter_card":"summary_large_image","twitter_misc":{"Est. reading time":"1 minute"},"schema":{"@context":"https:\/\/schema.org","@graph":[{"@type":"WebPage","@id":"https:\/\/sites.uef.fi\/itava\/","url":"https:\/\/sites.uef.fi\/itava\/","name":"Homepage - It\u00e4V\u00e4","isPartOf":{"@id":"https:\/\/sites.uef.fi\/itava\/#website"},"primaryImageOfPage":{"@id":"https:\/\/sites.uef.fi\/itava\/#primaryimage"},"image":{"@id":"https:\/\/sites.uef.fi\/itava\/#primaryimage"},"thumbnailUrl":"https:\/\/sites.uef.fi\/itava\/wp-content\/uploads\/sites\/162\/2024\/05\/itava_logo_black.png","datePublished":"2020-09-03T13:05:20+00:00","dateModified":"2025-11-13T11:41:40+00:00","breadcrumb":{"@id":"https:\/\/sites.uef.fi\/itava\/#breadcrumb"},"inLanguage":"en-US","potentialAction":[{"@type":"ReadAction","target":["https:\/\/sites.uef.fi\/itava\/"]}]},{"@type":"ImageObject","inLanguage":"en-US","@id":"https:\/\/sites.uef.fi\/itava\/#primaryimage","url":"https:\/\/sites.uef.fi\/itava\/wp-content\/uploads\/sites\/162\/2024\/05\/itava_logo_black.png","contentUrl":"https:\/\/sites.uef.fi\/itava\/wp-content\/uploads\/sites\/162\/2024\/05\/itava_logo_black.png","width":756,"height":378},{"@type":"BreadcrumbList","@id":"https:\/\/sites.uef.fi\/itava\/#breadcrumb","itemListElement":[{"@type":"ListItem","position":1,"name":"Home","item":"https:\/\/sites.uef.fi\/itava\/"},{"@type":"ListItem","position":2,"name":"Homepage"}]},{"@type":"WebSite","@id":"https:\/\/sites.uef.fi\/itava\/#website","url":"https:\/\/sites.uef.fi\/itava\/","name":"It\u00e4V\u00e4","description":"","potentialAction":[{"@type":"SearchAction","target":{"@type":"EntryPoint","urlTemplate":"https:\/\/sites.uef.fi\/itava\/?s={search_term_string}"},"query-input":{"@type":"PropertyValueSpecification","valueRequired":true,"valueName":"search_term_string"}}],"inLanguage":"en-US"}]}},"_links":{"self":[{"href":"https:\/\/sites.uef.fi\/itava\/wp-json\/wp\/v2\/pages\/15","targetHints":{"allow":["GET"]}}],"collection":[{"href":"https:\/\/sites.uef.fi\/itava\/wp-json\/wp\/v2\/pages"}],"about":[{"href":"https:\/\/sites.uef.fi\/itava\/wp-json\/wp\/v2\/types\/page"}],"author":[{"embeddable":true,"href":"https:\/\/sites.uef.fi\/itava\/wp-json\/wp\/v2\/users\/641"}],"replies":[{"embeddable":true,"href":"https:\/\/sites.uef.fi\/itava\/wp-json\/wp\/v2\/comments?post=15"}],"version-history":[{"count":1,"href":"https:\/\/sites.uef.fi\/itava\/wp-json\/wp\/v2\/pages\/15\/revisions"}],"predecessor-version":[{"id":3681,"href":"https:\/\/sites.uef.fi\/itava\/wp-json\/wp\/v2\/pages\/15\/revisions\/3681"}],"wp:attachment":[{"href":"https:\/\/sites.uef.fi\/itava\/wp-json\/wp\/v2\/media?parent=15"}],"curies":[{"name":"wp","href":"https:\/\/api.w.org\/{rel}","templated":true}]}}