{"id":223,"date":"2021-05-20T13:11:10","date_gmt":"2021-05-20T10:11:10","guid":{"rendered":"https:\/\/sites.uef.fi\/dsa\/?page_id=223"},"modified":"2025-11-13T14:51:22","modified_gmt":"2025-11-13T11:51:22","slug":"contact-us","status":"publish","type":"page","link":"https:\/\/sites.uef.fi\/itava\/contact-us\/","title":{"rendered":"Contact Us"},"content":{"rendered":"\n<h1 class=\"wp-block-heading\"><strong>It\u00e4V\u00e4<\/strong> <strong>Board Members 2025<\/strong><\/h1>\n\n\n\n<h2 class=\"wp-block-heading\"><\/h2>\n\n\n\n<div class=\"wp-block-group is-layout-flow wp-block-group-is-layout-flow\">\n<div class=\"wp-block-columns is-layout-flex wp-container-core-columns-is-layout-9d6595d7 wp-block-columns-is-layout-flex\">\n<div class=\"wp-block-column is-layout-flow wp-block-column-is-layout-flow\" style=\"flex-basis:100%\">\n<div class=\"wp-block-group is-layout-flow wp-block-group-is-layout-flow\">\n<figure class=\"wp-block-table is-style-stripes\"><table class=\"has-fixed-layout\"><tbody><tr><td>Chair<br><strong>Pracheta<\/strong> <strong>De<\/strong><br><em>Doctoral Researcher<br><\/em><br>Doctoral Programme in Molecular Medicine<br>Faculty of Health Sciences<br><br><span style=\"text-decoration: underline\">pracheta.de@uef.fi<\/span><br>+358 40 512 2788<br><br><a data-type=\"URL\" data-id=\"https:\/\/www.linkedin.com\/in\/pracheta-de-6239b0157\/?originalSubdomain=fi\" href=\"https:\/\/www.linkedin.com\/in\/pracheta-de-6239b0157\/?originalSubdomain=fi\" target=\"_blank\" rel=\"noreferrer noopener\">LinkedIn<\/a><\/td><td><img decoding=\"async\" class=\"wp-image-49\" style=\"width: 150px\" src=\"https:\/\/sites.uef.fi\/dsa\/wp-content\/uploads\/sites\/162\/2020\/09\/ari-j-tervashonka.jpg\" alt=\"\"><img decoding=\"async\" src=\"https:\/\/sites.uef.fi\/itava\/wp-content\/uploads\/sites\/162\/2025\/11\/image.jpg\" alt=\"\"><\/td><\/tr><tr><td>Vice-Chair &amp; Social Media Coordinator<br><strong>Maiju Karjalainen<\/strong><br><em>Doctoral Researcher<br><\/em><br>Doctoral Programme in Science, Forestry and Technology<br>School of Computing<br><br><span style=\"text-decoration: underline\">maiju.karjalainen@uef.fi<\/span><\/td><td><img loading=\"lazy\" decoding=\"async\" width=\"865\" height=\"1063\" class=\"wp-image-3193\" style=\"width: 700px\" src=\"https:\/\/sites.uef.fi\/itava\/wp-content\/uploads\/sites\/162\/2024\/05\/maiju_karjalainen.jpg\" alt=\"\" srcset=\"https:\/\/sites.uef.fi\/itava\/wp-content\/uploads\/sites\/162\/2024\/05\/maiju_karjalainen.jpg 865w, https:\/\/sites.uef.fi\/itava\/wp-content\/uploads\/sites\/162\/2024\/05\/maiju_karjalainen-244x300.jpg 244w, https:\/\/sites.uef.fi\/itava\/wp-content\/uploads\/sites\/162\/2024\/05\/maiju_karjalainen-833x1024.jpg 833w, https:\/\/sites.uef.fi\/itava\/wp-content\/uploads\/sites\/162\/2024\/05\/maiju_karjalainen-768x944.jpg 768w\" sizes=\"auto, (max-width: 865px) 100vw, 865px\" \/><\/td><\/tr><tr><td><br><br>Treasurer<br><strong><strong>Tuomas Hyv\u00f6nen<\/strong><\/strong><br><em>Doctoral Researcher<br><\/em><br><br><span style=\"text-decoration: underline\">tuohy@student.uef.fi<br><\/span><br><\/td><td><img decoding=\"async\" src=\"https:\/\/sites.uef.fi\/itava\/wp-content\/uploads\/sites\/162\/2025\/11\/thIMG-20241206-WA002hillaWedman-898x1024.jpg\" alt=\"\"><\/td><\/tr><tr><td>Secretary<br><strong><strong>Maryum Hamdani<\/strong><\/strong><br><em>Doctoral Researcher<br><\/em><br>School of Computing, Faculty of Science, Forestry and Technology<br><br><span style=\"text-decoration: underline\">maryum.hamdani@uef.fi<\/span><br>+358 50 478 0436<br><br><\/td><td><img decoding=\"async\" src=\"https:\/\/sites.uef.fi\/itava\/wp-content\/uploads\/sites\/162\/2025\/11\/Image-1-edited.jpg\" alt=\"\"><\/td><\/tr><tr><td>Social Media Representative<br><strong><strong>Akuroma Tolvanen<\/strong><\/strong><br><em>Doctoral Researcher<br><\/em><br>Department of Technical Physics, Faculty of Science, Forestry and Technology<br><br><span style=\"text-decoration: underline\">akuroma.tolvanen@uef.fi<\/span><br>+358 50 470 9761<br><\/td><td><img decoding=\"async\" src=\"https:\/\/sites.uef.fi\/itava\/wp-content\/uploads\/sites\/162\/2025\/11\/shared-image-3-1-scaled.jpg\" alt=\"\"><\/td><\/tr><tr><td>Event Manager (Joensuu)<br><strong><strong><strong>Temitayo Olatoye<\/strong><\/strong><\/strong><br><em>Project Researcher<br><\/em><br>School of Humanities, Philosophical Faculty<br><br><span style=\"text-decoration: underline\">temitayo.olatoye@uef.fi<\/span><br>+358 50 598 1913<em><br><\/em><\/td><td><img decoding=\"async\" src=\"https:\/\/sites.uef.fi\/itava\/wp-content\/uploads\/sites\/162\/2025\/11\/Temitayo-Olatoye-Project-Researcher____.jpg\" alt=\"\"><\/td><\/tr><tr><td><br>Event Manager (Kuopio)<br><strong><strong>Eszter Bak\u00f3<\/strong><\/strong><br><br><\/td><td><img decoding=\"async\" src=\"https:\/\/sites.uef.fi\/itava\/wp-content\/uploads\/sites\/162\/2025\/11\/Z9-2354.jpg\" alt=\"\"><\/td><\/tr><tr><td>Event Manager (Kuopio)<br><strong><strong><strong><strong>Jaturada Niemtest<\/strong><\/strong><\/strong><\/strong><br><em><br><\/em><\/td><td><img decoding=\"async\" src=\"https:\/\/sites.uef.fi\/itava\/wp-content\/uploads\/sites\/162\/2025\/11\/image-2.jpg\" alt=\"\"><\/td><\/tr><\/tbody><\/table><\/figure>\n<\/div>\n<\/div>\n<\/div>\n<\/div>\n\n\n\n<p>The board and all other members can be also contacted jointly (emails are moderated):<\/p>\n\n\n\n<ul class=\"wp-block-list\">\n<li>Email the board: <span style=\"text-decoration: underline\">uefdsa-board@lists.uef.fi<\/span><\/li>\n\n\n\n<li>Email the members: <span style=\"text-decoration: underline\">uefdsa-members@list.uef.fi<\/span><\/li>\n<\/ul>\n\n\n\n<h2 class=\"wp-block-heading\">Join our <a data-type=\"URL\" data-id=\"https:\/\/lists.uef.fi\/mailman\/listinfo\/uefdsa-members\" href=\"https:\/\/lists.uef.fi\/mailman\/listinfo\/uefdsa-members\" target=\"_blank\" rel=\"noreferrer noopener\">member email list<\/a> and get updates on upcoming events right to your mailbox! <\/h2>\n\n\n\n<p>You can also find us in: <\/p>\n\n\n\n<div class=\"links-block\">\n\n    \n    <ul class=\"link-list\">\n        \n            \n            <li class=\"link-list-item\">\n                <a href=\"https:\/\/www.facebook.com\/groups\/uefpgsa\/\" class=\"link-reset link hover-scale-down\">\n                    <svg\n        width=\"43\" height=\"25\"\n        viewBox=\"0 0 43 25\"\n        xmlns=\"http:\/\/www.w3.org\/2000\/svg\">\n    <path\n        d=\"M30.027 0 43 12.5 30.027 25 27 22.083 34.351 15H0v-5h34.351L27 2.917z\"\n        fill=\"currentColor\"\n        fill-rule=\"evenodd\"\/>\n<\/svg>                    <div>Facebook<\/div>\n                <\/a>\n                <div class=\"link-info\">\n                                    <\/div>\n            <\/li>\n\n        \n            <li class=\"link-list-item\">\n                <a href=\"https:\/\/twitter.com\/ItaVaUEF?s=20\" class=\"link-reset link hover-scale-down\">\n                    <svg\n        width=\"43\" height=\"25\"\n        viewBox=\"0 0 43 25\"\n        xmlns=\"http:\/\/www.w3.org\/2000\/svg\">\n    <path\n        d=\"M30.027 0 43 12.5 30.027 25 27 22.083 34.351 15H0v-5h34.351L27 2.917z\"\n        fill=\"currentColor\"\n        fill-rule=\"evenodd\"\/>\n<\/svg>                    <div>X<\/div>\n                <\/a>\n                <div class=\"link-info\">\n                                    <\/div>\n            <\/li>\n\n        \n            <li class=\"link-list-item\">\n                <a href=\"https:\/\/www.instagram.com\/itavauef\/\" class=\"link-reset link hover-scale-down\">\n                    <svg\n        width=\"43\" height=\"25\"\n        viewBox=\"0 0 43 25\"\n        xmlns=\"http:\/\/www.w3.org\/2000\/svg\">\n    <path\n        d=\"M30.027 0 43 12.5 30.027 25 27 22.083 34.351 15H0v-5h34.351L27 2.917z\"\n        fill=\"currentColor\"\n        fill-rule=\"evenodd\"\/>\n<\/svg>                    <div>Instagram<\/div>\n                <\/a>\n                <div class=\"link-info\">\n                                    <\/div>\n            <\/li>\n\n        \n            <li class=\"link-list-item\">\n                <a href=\"https:\/\/web.yammer.com\/main\/org\/uef.fi\/groups\/eyJfdHlwZSI6Ikdyb3VwIiwiaWQiOiI5NjYxMTE4In0\/all\" class=\"link-reset link hover-scale-down\">\n                    <svg\n        width=\"43\" height=\"25\"\n        viewBox=\"0 0 43 25\"\n        xmlns=\"http:\/\/www.w3.org\/2000\/svg\">\n    <path\n        d=\"M30.027 0 43 12.5 30.027 25 27 22.083 34.351 15H0v-5h34.351L27 2.917z\"\n        fill=\"currentColor\"\n        fill-rule=\"evenodd\"\/>\n<\/svg>                    <div>UEF Viva Engage <\/div>\n                <\/a>\n                <div class=\"link-info\">\n                                    <\/div>\n            <\/li>\n\n        \n            <li class=\"link-list-item\">\n                <a href=\"https:\/\/discord.com\/invite\/g8aF8u3xex\" class=\"link-reset link hover-scale-down\">\n                    <svg\n        width=\"43\" height=\"25\"\n        viewBox=\"0 0 43 25\"\n        xmlns=\"http:\/\/www.w3.org\/2000\/svg\">\n    <path\n        d=\"M30.027 0 43 12.5 30.027 25 27 22.083 34.351 15H0v-5h34.351L27 2.917z\"\n        fill=\"currentColor\"\n        fill-rule=\"evenodd\"\/>\n<\/svg>                    <div>Discord<\/div>\n                <\/a>\n                <div class=\"link-info\">\n                                    <\/div>\n            <\/li>\n\n                <\/ul>\n<\/div>\n\n\n<h2 class=\"wp-block-heading\">&nbsp;<\/h2>\n","protected":false},"excerpt":{"rendered":"<p>It\u00e4V\u00e4 Board Members 2025 ChairPracheta DeDoctoral ResearcherDoctoral Programme in Molecular MedicineFaculty of Health Sciences pracheta.de@uef.fi+358 40 512 2788 LinkedIn Vice-Chair &amp; Social Media CoordinatorMaiju KarjalainenDoctoral ResearcherDoctoral Programme in Science, Forestry and TechnologySchool of Computing maiju.karjalainen@uef.fi TreasurerTuomas Hyv\u00f6nenDoctoral Researcher tuohy@student.uef.fi SecretaryMaryum HamdaniDoctoral ResearcherSchool of Computing, Faculty of Science, Forestry and Technology maryum.hamdani@uef.fi+358 50 478 0436 Social [&hellip;]<\/p>\n","protected":false},"author":528,"featured_media":0,"parent":0,"menu_order":0,"comment_status":"closed","ping_status":"closed","template":"","meta":{"_acf_changed":false,"_monsterinsights_skip_tracking":false,"_monsterinsights_sitenote_active":false,"_monsterinsights_sitenote_note":"","_monsterinsights_sitenote_category":0,"footnotes":""},"class_list":["post-223","page","type-page","status-publish","hentry"],"acf":[],"yoast_head":"<!-- This site is optimized with the Yoast SEO plugin v27.1.1 - https:\/\/yoast.com\/product\/yoast-seo-wordpress\/ -->\n<title>Contact Us - It\u00e4V\u00e4<\/title>\n<meta name=\"robots\" content=\"index, follow, max-snippet:-1, max-image-preview:large, max-video-preview:-1\" \/>\n<link rel=\"canonical\" href=\"https:\/\/sites.uef.fi\/itava\/contact-us\/\" \/>\n<meta property=\"og:locale\" content=\"en_US\" \/>\n<meta property=\"og:type\" content=\"article\" \/>\n<meta property=\"og:title\" content=\"Contact Us - It\u00e4V\u00e4\" \/>\n<meta property=\"og:description\" content=\"It\u00e4V\u00e4 Board Members 2025 ChairPracheta DeDoctoral ResearcherDoctoral Programme in Molecular MedicineFaculty of Health Sciences pracheta.de@uef.fi+358 40 512 2788 LinkedIn Vice-Chair &amp; Social Media CoordinatorMaiju KarjalainenDoctoral ResearcherDoctoral Programme in Science, Forestry and TechnologySchool of Computing maiju.karjalainen@uef.fi TreasurerTuomas Hyv\u00f6nenDoctoral Researcher tuohy@student.uef.fi SecretaryMaryum HamdaniDoctoral ResearcherSchool of Computing, Faculty of Science, Forestry and Technology maryum.hamdani@uef.fi+358 50 478 0436 Social [&hellip;]\" \/>\n<meta property=\"og:url\" content=\"https:\/\/sites.uef.fi\/itava\/contact-us\/\" \/>\n<meta property=\"og:site_name\" content=\"It\u00e4V\u00e4\" \/>\n<meta property=\"article:modified_time\" content=\"2025-11-13T11:51:22+00:00\" \/>\n<meta name=\"twitter:card\" content=\"summary_large_image\" \/>\n<meta name=\"twitter:label1\" content=\"Est. reading time\" \/>\n\t<meta name=\"twitter:data1\" content=\"3 minutes\" \/>\n<script type=\"application\/ld+json\" class=\"yoast-schema-graph\">{\"@context\":\"https:\/\/schema.org\",\"@graph\":[{\"@type\":\"WebPage\",\"@id\":\"https:\/\/sites.uef.fi\/itava\/contact-us\/\",\"url\":\"https:\/\/sites.uef.fi\/itava\/contact-us\/\",\"name\":\"Contact Us - It\u00e4V\u00e4\",\"isPartOf\":{\"@id\":\"https:\/\/sites.uef.fi\/itava\/#website\"},\"primaryImageOfPage\":{\"@id\":\"https:\/\/sites.uef.fi\/itava\/contact-us\/#primaryimage\"},\"image\":{\"@id\":\"https:\/\/sites.uef.fi\/itava\/contact-us\/#primaryimage\"},\"thumbnailUrl\":\"https:\/\/sites.uef.fi\/dsa\/wp-content\/uploads\/sites\/162\/2020\/09\/ari-j-tervashonka.jpg\",\"datePublished\":\"2021-05-20T10:11:10+00:00\",\"dateModified\":\"2025-11-13T11:51:22+00:00\",\"breadcrumb\":{\"@id\":\"https:\/\/sites.uef.fi\/itava\/contact-us\/#breadcrumb\"},\"inLanguage\":\"en-US\",\"potentialAction\":[{\"@type\":\"ReadAction\",\"target\":[\"https:\/\/sites.uef.fi\/itava\/contact-us\/\"]}]},{\"@type\":\"ImageObject\",\"inLanguage\":\"en-US\",\"@id\":\"https:\/\/sites.uef.fi\/itava\/contact-us\/#primaryimage\",\"url\":\"https:\/\/sites.uef.fi\/dsa\/wp-content\/uploads\/sites\/162\/2020\/09\/ari-j-tervashonka.jpg\",\"contentUrl\":\"https:\/\/sites.uef.fi\/dsa\/wp-content\/uploads\/sites\/162\/2020\/09\/ari-j-tervashonka.jpg\"},{\"@type\":\"BreadcrumbList\",\"@id\":\"https:\/\/sites.uef.fi\/itava\/contact-us\/#breadcrumb\",\"itemListElement\":[{\"@type\":\"ListItem\",\"position\":1,\"name\":\"Home\",\"item\":\"https:\/\/sites.uef.fi\/itava\/\"},{\"@type\":\"ListItem\",\"position\":2,\"name\":\"Contact Us\"}]},{\"@type\":\"WebSite\",\"@id\":\"https:\/\/sites.uef.fi\/itava\/#website\",\"url\":\"https:\/\/sites.uef.fi\/itava\/\",\"name\":\"It\u00e4V\u00e4\",\"description\":\"\",\"potentialAction\":[{\"@type\":\"SearchAction\",\"target\":{\"@type\":\"EntryPoint\",\"urlTemplate\":\"https:\/\/sites.uef.fi\/itava\/?s={search_term_string}\"},\"query-input\":{\"@type\":\"PropertyValueSpecification\",\"valueRequired\":true,\"valueName\":\"search_term_string\"}}],\"inLanguage\":\"en-US\"}]}<\/script>\n<!-- \/ Yoast SEO plugin. -->","yoast_head_json":{"title":"Contact Us - It\u00e4V\u00e4","robots":{"index":"index","follow":"follow","max-snippet":"max-snippet:-1","max-image-preview":"max-image-preview:large","max-video-preview":"max-video-preview:-1"},"canonical":"https:\/\/sites.uef.fi\/itava\/contact-us\/","og_locale":"en_US","og_type":"article","og_title":"Contact Us - It\u00e4V\u00e4","og_description":"It\u00e4V\u00e4 Board Members 2025 ChairPracheta DeDoctoral ResearcherDoctoral Programme in Molecular MedicineFaculty of Health Sciences pracheta.de@uef.fi+358 40 512 2788 LinkedIn Vice-Chair &amp; Social Media CoordinatorMaiju KarjalainenDoctoral ResearcherDoctoral Programme in Science, Forestry and TechnologySchool of Computing maiju.karjalainen@uef.fi TreasurerTuomas Hyv\u00f6nenDoctoral Researcher tuohy@student.uef.fi SecretaryMaryum HamdaniDoctoral ResearcherSchool of Computing, Faculty of Science, Forestry and Technology maryum.hamdani@uef.fi+358 50 478 0436 Social [&hellip;]","og_url":"https:\/\/sites.uef.fi\/itava\/contact-us\/","og_site_name":"It\u00e4V\u00e4","article_modified_time":"2025-11-13T11:51:22+00:00","twitter_card":"summary_large_image","twitter_misc":{"Est. reading time":"3 minutes"},"schema":{"@context":"https:\/\/schema.org","@graph":[{"@type":"WebPage","@id":"https:\/\/sites.uef.fi\/itava\/contact-us\/","url":"https:\/\/sites.uef.fi\/itava\/contact-us\/","name":"Contact Us - It\u00e4V\u00e4","isPartOf":{"@id":"https:\/\/sites.uef.fi\/itava\/#website"},"primaryImageOfPage":{"@id":"https:\/\/sites.uef.fi\/itava\/contact-us\/#primaryimage"},"image":{"@id":"https:\/\/sites.uef.fi\/itava\/contact-us\/#primaryimage"},"thumbnailUrl":"https:\/\/sites.uef.fi\/dsa\/wp-content\/uploads\/sites\/162\/2020\/09\/ari-j-tervashonka.jpg","datePublished":"2021-05-20T10:11:10+00:00","dateModified":"2025-11-13T11:51:22+00:00","breadcrumb":{"@id":"https:\/\/sites.uef.fi\/itava\/contact-us\/#breadcrumb"},"inLanguage":"en-US","potentialAction":[{"@type":"ReadAction","target":["https:\/\/sites.uef.fi\/itava\/contact-us\/"]}]},{"@type":"ImageObject","inLanguage":"en-US","@id":"https:\/\/sites.uef.fi\/itava\/contact-us\/#primaryimage","url":"https:\/\/sites.uef.fi\/dsa\/wp-content\/uploads\/sites\/162\/2020\/09\/ari-j-tervashonka.jpg","contentUrl":"https:\/\/sites.uef.fi\/dsa\/wp-content\/uploads\/sites\/162\/2020\/09\/ari-j-tervashonka.jpg"},{"@type":"BreadcrumbList","@id":"https:\/\/sites.uef.fi\/itava\/contact-us\/#breadcrumb","itemListElement":[{"@type":"ListItem","position":1,"name":"Home","item":"https:\/\/sites.uef.fi\/itava\/"},{"@type":"ListItem","position":2,"name":"Contact Us"}]},{"@type":"WebSite","@id":"https:\/\/sites.uef.fi\/itava\/#website","url":"https:\/\/sites.uef.fi\/itava\/","name":"It\u00e4V\u00e4","description":"","potentialAction":[{"@type":"SearchAction","target":{"@type":"EntryPoint","urlTemplate":"https:\/\/sites.uef.fi\/itava\/?s={search_term_string}"},"query-input":{"@type":"PropertyValueSpecification","valueRequired":true,"valueName":"search_term_string"}}],"inLanguage":"en-US"}]}},"_links":{"self":[{"href":"https:\/\/sites.uef.fi\/itava\/wp-json\/wp\/v2\/pages\/223","targetHints":{"allow":["GET"]}}],"collection":[{"href":"https:\/\/sites.uef.fi\/itava\/wp-json\/wp\/v2\/pages"}],"about":[{"href":"https:\/\/sites.uef.fi\/itava\/wp-json\/wp\/v2\/types\/page"}],"author":[{"embeddable":true,"href":"https:\/\/sites.uef.fi\/itava\/wp-json\/wp\/v2\/users\/528"}],"replies":[{"embeddable":true,"href":"https:\/\/sites.uef.fi\/itava\/wp-json\/wp\/v2\/comments?post=223"}],"version-history":[{"count":1,"href":"https:\/\/sites.uef.fi\/itava\/wp-json\/wp\/v2\/pages\/223\/revisions"}],"predecessor-version":[{"id":3684,"href":"https:\/\/sites.uef.fi\/itava\/wp-json\/wp\/v2\/pages\/223\/revisions\/3684"}],"wp:attachment":[{"href":"https:\/\/sites.uef.fi\/itava\/wp-json\/wp\/v2\/media?parent=223"}],"curies":[{"name":"wp","href":"https:\/\/api.w.org\/{rel}","templated":true}]}}