{"id":3353,"date":"2024-09-24T18:12:01","date_gmt":"2024-09-24T15:12:01","guid":{"rendered":"https:\/\/sites.uef.fi\/itava\/?page_id=3353"},"modified":"2024-12-04T21:33:54","modified_gmt":"2024-12-04T18:33:54","slug":"recuring-events","status":"publish","type":"page","link":"https:\/\/sites.uef.fi\/itava\/events\/recuring-events\/","title":{"rendered":"Recuring Events"},"content":{"rendered":"\n<h2 class=\"wp-block-heading\">It\u00e4V\u00e4 Hangouts in Kuopio<\/h2>\n\n\n\n<p>Hey everyone! \ud83c\udf89<\/p>\n\n\n\n<p>Our hangout is now a <em>weekly<\/em> event, happening either on <strong>Tuesdays or Fridays<\/strong>! \ud83d\ude4c Bring your favorite snacks \ud83c\udf55\ud83c\udf6a and games \ud83c\udfae\ud83c\udfb2 for a fun and relaxed time.<\/p>\n\n\n\n<p>\ud83d\udcc5 Stay tuned for more hangouts each week. \ud83d\ude0e\u2728<\/p>\n\n\n\n<p>Can\u2019t wait to see you there! \ud83d\ude4c<\/p>\n\n\n\n<figure class=\"wp-block-image size-full\"><img loading=\"lazy\" decoding=\"async\" width=\"800\" height=\"800\" src=\"https:\/\/sites.uef.fi\/itava\/wp-content\/uploads\/sites\/162\/2024\/10\/hangoutkuopio-1.gif\" alt=\"\" class=\"wp-image-3458\" \/><\/figure>\n\n\n\n<p><strong>Friday, 18 October 2024<\/strong><\/p>\n\n\n\n<figure class=\"wp-block-image size-large is-resized is-style-rounded\"><img loading=\"lazy\" decoding=\"async\" width=\"1024\" height=\"768\" src=\"https:\/\/sites.uef.fi\/itava\/wp-content\/uploads\/sites\/162\/2024\/10\/1729409781660-1-1024x768.jpg\" alt=\"\" class=\"wp-image-3533\" style=\"width:222px;height:auto\" srcset=\"https:\/\/sites.uef.fi\/itava\/wp-content\/uploads\/sites\/162\/2024\/10\/1729409781660-1-1024x768.jpg 1024w, https:\/\/sites.uef.fi\/itava\/wp-content\/uploads\/sites\/162\/2024\/10\/1729409781660-1-300x225.jpg 300w, https:\/\/sites.uef.fi\/itava\/wp-content\/uploads\/sites\/162\/2024\/10\/1729409781660-1-768x576.jpg 768w, https:\/\/sites.uef.fi\/itava\/wp-content\/uploads\/sites\/162\/2024\/10\/1729409781660-1-1536x1152.jpg 1536w, https:\/\/sites.uef.fi\/itava\/wp-content\/uploads\/sites\/162\/2024\/10\/1729409781660-1.jpg 2048w\" sizes=\"auto, (max-width: 1024px) 100vw, 1024px\" \/><\/figure>\n\n\n\n<figure class=\"wp-block-image size-large is-resized is-style-rounded\"><img loading=\"lazy\" decoding=\"async\" width=\"768\" height=\"1024\" src=\"https:\/\/sites.uef.fi\/itava\/wp-content\/uploads\/sites\/162\/2024\/10\/1729409781664-768x1024.jpg\" alt=\"\" class=\"wp-image-3530\" style=\"width:222px;height:auto\" srcset=\"https:\/\/sites.uef.fi\/itava\/wp-content\/uploads\/sites\/162\/2024\/10\/1729409781664-768x1024.jpg 768w, https:\/\/sites.uef.fi\/itava\/wp-content\/uploads\/sites\/162\/2024\/10\/1729409781664-225x300.jpg 225w, https:\/\/sites.uef.fi\/itava\/wp-content\/uploads\/sites\/162\/2024\/10\/1729409781664-1152x1536.jpg 1152w, https:\/\/sites.uef.fi\/itava\/wp-content\/uploads\/sites\/162\/2024\/10\/1729409781664.jpg 1536w\" sizes=\"auto, (max-width: 768px) 100vw, 768px\" \/><\/figure>\n\n\n\n<figure class=\"wp-block-image size-large is-resized is-style-rounded\"><img loading=\"lazy\" decoding=\"async\" width=\"1024\" height=\"768\" src=\"https:\/\/sites.uef.fi\/itava\/wp-content\/uploads\/sites\/162\/2024\/10\/1729409781657-1024x768.jpg\" alt=\"\" class=\"wp-image-3536\" style=\"width:222px;height:auto\" srcset=\"https:\/\/sites.uef.fi\/itava\/wp-content\/uploads\/sites\/162\/2024\/10\/1729409781657-1024x768.jpg 1024w, https:\/\/sites.uef.fi\/itava\/wp-content\/uploads\/sites\/162\/2024\/10\/1729409781657-300x225.jpg 300w, https:\/\/sites.uef.fi\/itava\/wp-content\/uploads\/sites\/162\/2024\/10\/1729409781657-768x576.jpg 768w, https:\/\/sites.uef.fi\/itava\/wp-content\/uploads\/sites\/162\/2024\/10\/1729409781657-1536x1152.jpg 1536w, https:\/\/sites.uef.fi\/itava\/wp-content\/uploads\/sites\/162\/2024\/10\/1729409781657.jpg 2048w\" sizes=\"auto, (max-width: 1024px) 100vw, 1024px\" \/><\/figure>\n\n\n\n<p><strong>Friday, 1 November 2024<\/strong><\/p>\n\n\n\n<figure class=\"wp-block-image size-large is-resized\"><img loading=\"lazy\" decoding=\"async\" width=\"724\" height=\"1024\" src=\"https:\/\/sites.uef.fi\/itava\/wp-content\/uploads\/sites\/162\/2024\/12\/1730373970963-724x1024.jpg\" alt=\"\" class=\"wp-image-3591\" style=\"width:356px;height:auto\" srcset=\"https:\/\/sites.uef.fi\/itava\/wp-content\/uploads\/sites\/162\/2024\/12\/1730373970963-724x1024.jpg 724w, https:\/\/sites.uef.fi\/itava\/wp-content\/uploads\/sites\/162\/2024\/12\/1730373970963-212x300.jpg 212w, https:\/\/sites.uef.fi\/itava\/wp-content\/uploads\/sites\/162\/2024\/12\/1730373970963-768x1086.jpg 768w, https:\/\/sites.uef.fi\/itava\/wp-content\/uploads\/sites\/162\/2024\/12\/1730373970963-1086x1536.jpg 1086w, https:\/\/sites.uef.fi\/itava\/wp-content\/uploads\/sites\/162\/2024\/12\/1730373970963.jpg 1131w\" sizes=\"auto, (max-width: 724px) 100vw, 724px\" \/><\/figure>\n\n\n\n<h2 class=\"wp-block-heading\">Social Writing Sessions (online!)<\/h2>\n\n\n\n<p>After a refreshing summer break, our social writing sessions are back! \ud83c\udf3f\u270d\ufe0f<\/p>\n\n\n\n<p>Join us for themed writing time, support, and progress:<\/p>\n\n\n\n<p>Sign-up required! \ud83d\udcf2 Scan the QR codes to register &amp; join the meetings.<\/p>\n\n\n\n<p>Sessions are scheduled on a monthly basis in <strong>September<\/strong>, <strong>October <\/strong>and <strong>November 2024<\/strong>.<\/p>\n\n\n\n<p>Let\u2019s get back to writing and make great strides together! \ud83d\udcaa\ud83d\udcdd<\/p>\n\n\n\n<h3 class=\"wp-block-heading\"><span style=\"text-decoration: underline\">September 2024<\/span><\/h3>\n\n\n\n<p><\/p>\n\n\n\n<figure class=\"wp-block-image size-large\"><img loading=\"lazy\" decoding=\"async\" width=\"1024\" height=\"724\" src=\"https:\/\/sites.uef.fi\/itava\/wp-content\/uploads\/sites\/162\/2024\/09\/September-1-1024x724.png\" alt=\"\" class=\"wp-image-3371\" srcset=\"https:\/\/sites.uef.fi\/itava\/wp-content\/uploads\/sites\/162\/2024\/09\/September-1-1024x724.png 1024w, https:\/\/sites.uef.fi\/itava\/wp-content\/uploads\/sites\/162\/2024\/09\/September-1-300x212.png 300w, https:\/\/sites.uef.fi\/itava\/wp-content\/uploads\/sites\/162\/2024\/09\/September-1-768x543.png 768w, https:\/\/sites.uef.fi\/itava\/wp-content\/uploads\/sites\/162\/2024\/09\/September-1-1536x1086.png 1536w, https:\/\/sites.uef.fi\/itava\/wp-content\/uploads\/sites\/162\/2024\/09\/September-1.png 2000w\" sizes=\"auto, (max-width: 1024px) 100vw, 1024px\" \/><\/figure>\n\n\n\n<p><\/p>\n\n\n\n<h3 class=\"wp-block-heading\"><span style=\"text-decoration: underline\">October 2024<\/span><\/h3>\n\n\n\n<p><\/p>\n\n\n\n<figure class=\"wp-block-image size-large\"><img loading=\"lazy\" decoding=\"async\" width=\"1024\" height=\"724\" src=\"https:\/\/sites.uef.fi\/itava\/wp-content\/uploads\/sites\/162\/2024\/09\/October_SOCIAL-Writing-Sessions-For-UEF-Doctoral-Researchers-1024x724.png\" alt=\"\" class=\"wp-image-3365\" srcset=\"https:\/\/sites.uef.fi\/itava\/wp-content\/uploads\/sites\/162\/2024\/09\/October_SOCIAL-Writing-Sessions-For-UEF-Doctoral-Researchers-1024x724.png 1024w, https:\/\/sites.uef.fi\/itava\/wp-content\/uploads\/sites\/162\/2024\/09\/October_SOCIAL-Writing-Sessions-For-UEF-Doctoral-Researchers-300x212.png 300w, https:\/\/sites.uef.fi\/itava\/wp-content\/uploads\/sites\/162\/2024\/09\/October_SOCIAL-Writing-Sessions-For-UEF-Doctoral-Researchers-768x543.png 768w, https:\/\/sites.uef.fi\/itava\/wp-content\/uploads\/sites\/162\/2024\/09\/October_SOCIAL-Writing-Sessions-For-UEF-Doctoral-Researchers-1536x1086.png 1536w, https:\/\/sites.uef.fi\/itava\/wp-content\/uploads\/sites\/162\/2024\/09\/October_SOCIAL-Writing-Sessions-For-UEF-Doctoral-Researchers.png 2000w\" sizes=\"auto, (max-width: 1024px) 100vw, 1024px\" \/><\/figure>\n\n\n\n<p><\/p>\n\n\n\n<h3 class=\"wp-block-heading\"><span style=\"text-decoration: underline\">November 2024<\/span><\/h3>\n\n\n\n<p><\/p>\n\n\n\n<figure class=\"wp-block-image size-large\"><img loading=\"lazy\" decoding=\"async\" width=\"1024\" height=\"724\" src=\"https:\/\/sites.uef.fi\/itava\/wp-content\/uploads\/sites\/162\/2024\/09\/November_SOCIAL-Writing-Sessions-For-UEF-Doctoral-Researchers-2-1024x724.png\" alt=\"\" class=\"wp-image-3368\" srcset=\"https:\/\/sites.uef.fi\/itava\/wp-content\/uploads\/sites\/162\/2024\/09\/November_SOCIAL-Writing-Sessions-For-UEF-Doctoral-Researchers-2-1024x724.png 1024w, https:\/\/sites.uef.fi\/itava\/wp-content\/uploads\/sites\/162\/2024\/09\/November_SOCIAL-Writing-Sessions-For-UEF-Doctoral-Researchers-2-300x212.png 300w, https:\/\/sites.uef.fi\/itava\/wp-content\/uploads\/sites\/162\/2024\/09\/November_SOCIAL-Writing-Sessions-For-UEF-Doctoral-Researchers-2-768x543.png 768w, https:\/\/sites.uef.fi\/itava\/wp-content\/uploads\/sites\/162\/2024\/09\/November_SOCIAL-Writing-Sessions-For-UEF-Doctoral-Researchers-2-1536x1086.png 1536w, https:\/\/sites.uef.fi\/itava\/wp-content\/uploads\/sites\/162\/2024\/09\/November_SOCIAL-Writing-Sessions-For-UEF-Doctoral-Researchers-2.png 2000w\" sizes=\"auto, (max-width: 1024px) 100vw, 1024px\" \/><\/figure>\n\n\n\n<figure class=\"wp-block-image size-large is-resized is-style-rounded\"><img loading=\"lazy\" decoding=\"async\" width=\"768\" height=\"1024\" src=\"https:\/\/sites.uef.fi\/itava\/wp-content\/uploads\/sites\/162\/2024\/12\/IMG_20241025_091820-768x1024.jpg\" alt=\"\" class=\"wp-image-3594\" style=\"width:223px;height:auto\" srcset=\"https:\/\/sites.uef.fi\/itava\/wp-content\/uploads\/sites\/162\/2024\/12\/IMG_20241025_091820-768x1024.jpg 768w, https:\/\/sites.uef.fi\/itava\/wp-content\/uploads\/sites\/162\/2024\/12\/IMG_20241025_091820-225x300.jpg 225w, https:\/\/sites.uef.fi\/itava\/wp-content\/uploads\/sites\/162\/2024\/12\/IMG_20241025_091820-1152x1536.jpg 1152w, https:\/\/sites.uef.fi\/itava\/wp-content\/uploads\/sites\/162\/2024\/12\/IMG_20241025_091820-1536x2048.jpg 1536w, https:\/\/sites.uef.fi\/itava\/wp-content\/uploads\/sites\/162\/2024\/12\/IMG_20241025_091820-scaled.jpg 1920w\" sizes=\"auto, (max-width: 768px) 100vw, 768px\" \/><\/figure>\n\n\n\n<p><\/p>\n","protected":false},"excerpt":{"rendered":"<p>It\u00e4V\u00e4 Hangouts in Kuopio Hey everyone! \ud83c\udf89 Our hangout is now a weekly event, happening either on Tuesdays or Fridays! \ud83d\ude4c Bring your favorite snacks \ud83c\udf55\ud83c\udf6a and games \ud83c\udfae\ud83c\udfb2 for a fun and relaxed time. \ud83d\udcc5 Stay tuned for more hangouts each week. \ud83d\ude0e\u2728 Can\u2019t wait to see you there! \ud83d\ude4c Friday, 18 October 2024 [&hellip;]<\/p>\n","protected":false},"author":528,"featured_media":0,"parent":103,"menu_order":2,"comment_status":"closed","ping_status":"closed","template":"","meta":{"_acf_changed":false,"_monsterinsights_skip_tracking":false,"_monsterinsights_sitenote_active":false,"_monsterinsights_sitenote_note":"","_monsterinsights_sitenote_category":0,"footnotes":""},"class_list":["post-3353","page","type-page","status-publish","hentry"],"acf":[],"yoast_head":"<!-- This site is optimized with the Yoast SEO plugin v27.1.1 - https:\/\/yoast.com\/product\/yoast-seo-wordpress\/ -->\n<title>Recuring Events - It\u00e4V\u00e4<\/title>\n<meta name=\"robots\" content=\"index, follow, max-snippet:-1, max-image-preview:large, max-video-preview:-1\" \/>\n<link rel=\"canonical\" href=\"https:\/\/sites.uef.fi\/itava\/events\/recuring-events\/\" \/>\n<meta property=\"og:locale\" content=\"en_US\" \/>\n<meta property=\"og:type\" content=\"article\" \/>\n<meta property=\"og:title\" content=\"Recuring Events - It\u00e4V\u00e4\" \/>\n<meta property=\"og:description\" content=\"It\u00e4V\u00e4 Hangouts in Kuopio Hey everyone! \ud83c\udf89 Our hangout is now a weekly event, happening either on Tuesdays or Fridays! \ud83d\ude4c Bring your favorite snacks \ud83c\udf55\ud83c\udf6a and games \ud83c\udfae\ud83c\udfb2 for a fun and relaxed time. \ud83d\udcc5 Stay tuned for more hangouts each week. \ud83d\ude0e\u2728 Can\u2019t wait to see you there! \ud83d\ude4c Friday, 18 October 2024 [&hellip;]\" \/>\n<meta property=\"og:url\" content=\"https:\/\/sites.uef.fi\/itava\/events\/recuring-events\/\" \/>\n<meta property=\"og:site_name\" content=\"It\u00e4V\u00e4\" \/>\n<meta property=\"article:modified_time\" content=\"2024-12-04T18:33:54+00:00\" \/>\n<meta property=\"og:image\" content=\"https:\/\/sites.uef.fi\/itava\/wp-content\/uploads\/sites\/162\/2024\/10\/hangoutkuopio-1.gif\" \/>\n\t<meta property=\"og:image:width\" content=\"800\" \/>\n\t<meta property=\"og:image:height\" content=\"800\" \/>\n\t<meta property=\"og:image:type\" content=\"image\/gif\" \/>\n<meta name=\"twitter:card\" content=\"summary_large_image\" \/>\n<meta name=\"twitter:label1\" content=\"Est. reading time\" \/>\n\t<meta name=\"twitter:data1\" content=\"3 minutes\" \/>\n<script type=\"application\/ld+json\" class=\"yoast-schema-graph\">{\"@context\":\"https:\/\/schema.org\",\"@graph\":[{\"@type\":\"WebPage\",\"@id\":\"https:\/\/sites.uef.fi\/itava\/events\/recuring-events\/\",\"url\":\"https:\/\/sites.uef.fi\/itava\/events\/recuring-events\/\",\"name\":\"Recuring Events - It\u00e4V\u00e4\",\"isPartOf\":{\"@id\":\"https:\/\/sites.uef.fi\/itava\/#website\"},\"primaryImageOfPage\":{\"@id\":\"https:\/\/sites.uef.fi\/itava\/events\/recuring-events\/#primaryimage\"},\"image\":{\"@id\":\"https:\/\/sites.uef.fi\/itava\/events\/recuring-events\/#primaryimage\"},\"thumbnailUrl\":\"https:\/\/sites.uef.fi\/itava\/wp-content\/uploads\/sites\/162\/2024\/10\/hangoutkuopio-1.gif\",\"datePublished\":\"2024-09-24T15:12:01+00:00\",\"dateModified\":\"2024-12-04T18:33:54+00:00\",\"breadcrumb\":{\"@id\":\"https:\/\/sites.uef.fi\/itava\/events\/recuring-events\/#breadcrumb\"},\"inLanguage\":\"en-US\",\"potentialAction\":[{\"@type\":\"ReadAction\",\"target\":[\"https:\/\/sites.uef.fi\/itava\/events\/recuring-events\/\"]}]},{\"@type\":\"ImageObject\",\"inLanguage\":\"en-US\",\"@id\":\"https:\/\/sites.uef.fi\/itava\/events\/recuring-events\/#primaryimage\",\"url\":\"https:\/\/sites.uef.fi\/itava\/wp-content\/uploads\/sites\/162\/2024\/10\/hangoutkuopio-1.gif\",\"contentUrl\":\"https:\/\/sites.uef.fi\/itava\/wp-content\/uploads\/sites\/162\/2024\/10\/hangoutkuopio-1.gif\",\"width\":800,\"height\":800},{\"@type\":\"BreadcrumbList\",\"@id\":\"https:\/\/sites.uef.fi\/itava\/events\/recuring-events\/#breadcrumb\",\"itemListElement\":[{\"@type\":\"ListItem\",\"position\":1,\"name\":\"Home\",\"item\":\"https:\/\/sites.uef.fi\/itava\/\"},{\"@type\":\"ListItem\",\"position\":2,\"name\":\"Events\",\"item\":\"https:\/\/sites.uef.fi\/itava\/events\/\"},{\"@type\":\"ListItem\",\"position\":3,\"name\":\"Recuring Events\"}]},{\"@type\":\"WebSite\",\"@id\":\"https:\/\/sites.uef.fi\/itava\/#website\",\"url\":\"https:\/\/sites.uef.fi\/itava\/\",\"name\":\"It\u00e4V\u00e4\",\"description\":\"\",\"potentialAction\":[{\"@type\":\"SearchAction\",\"target\":{\"@type\":\"EntryPoint\",\"urlTemplate\":\"https:\/\/sites.uef.fi\/itava\/?s={search_term_string}\"},\"query-input\":{\"@type\":\"PropertyValueSpecification\",\"valueRequired\":true,\"valueName\":\"search_term_string\"}}],\"inLanguage\":\"en-US\"}]}<\/script>\n<!-- \/ Yoast SEO plugin. -->","yoast_head_json":{"title":"Recuring Events - It\u00e4V\u00e4","robots":{"index":"index","follow":"follow","max-snippet":"max-snippet:-1","max-image-preview":"max-image-preview:large","max-video-preview":"max-video-preview:-1"},"canonical":"https:\/\/sites.uef.fi\/itava\/events\/recuring-events\/","og_locale":"en_US","og_type":"article","og_title":"Recuring Events - It\u00e4V\u00e4","og_description":"It\u00e4V\u00e4 Hangouts in Kuopio Hey everyone! \ud83c\udf89 Our hangout is now a weekly event, happening either on Tuesdays or Fridays! \ud83d\ude4c Bring your favorite snacks \ud83c\udf55\ud83c\udf6a and games \ud83c\udfae\ud83c\udfb2 for a fun and relaxed time. \ud83d\udcc5 Stay tuned for more hangouts each week. \ud83d\ude0e\u2728 Can\u2019t wait to see you there! \ud83d\ude4c Friday, 18 October 2024 [&hellip;]","og_url":"https:\/\/sites.uef.fi\/itava\/events\/recuring-events\/","og_site_name":"It\u00e4V\u00e4","article_modified_time":"2024-12-04T18:33:54+00:00","og_image":[{"width":800,"height":800,"url":"https:\/\/sites.uef.fi\/itava\/wp-content\/uploads\/sites\/162\/2024\/10\/hangoutkuopio-1.gif","type":"image\/gif"}],"twitter_card":"summary_large_image","twitter_misc":{"Est. reading time":"3 minutes"},"schema":{"@context":"https:\/\/schema.org","@graph":[{"@type":"WebPage","@id":"https:\/\/sites.uef.fi\/itava\/events\/recuring-events\/","url":"https:\/\/sites.uef.fi\/itava\/events\/recuring-events\/","name":"Recuring Events - It\u00e4V\u00e4","isPartOf":{"@id":"https:\/\/sites.uef.fi\/itava\/#website"},"primaryImageOfPage":{"@id":"https:\/\/sites.uef.fi\/itava\/events\/recuring-events\/#primaryimage"},"image":{"@id":"https:\/\/sites.uef.fi\/itava\/events\/recuring-events\/#primaryimage"},"thumbnailUrl":"https:\/\/sites.uef.fi\/itava\/wp-content\/uploads\/sites\/162\/2024\/10\/hangoutkuopio-1.gif","datePublished":"2024-09-24T15:12:01+00:00","dateModified":"2024-12-04T18:33:54+00:00","breadcrumb":{"@id":"https:\/\/sites.uef.fi\/itava\/events\/recuring-events\/#breadcrumb"},"inLanguage":"en-US","potentialAction":[{"@type":"ReadAction","target":["https:\/\/sites.uef.fi\/itava\/events\/recuring-events\/"]}]},{"@type":"ImageObject","inLanguage":"en-US","@id":"https:\/\/sites.uef.fi\/itava\/events\/recuring-events\/#primaryimage","url":"https:\/\/sites.uef.fi\/itava\/wp-content\/uploads\/sites\/162\/2024\/10\/hangoutkuopio-1.gif","contentUrl":"https:\/\/sites.uef.fi\/itava\/wp-content\/uploads\/sites\/162\/2024\/10\/hangoutkuopio-1.gif","width":800,"height":800},{"@type":"BreadcrumbList","@id":"https:\/\/sites.uef.fi\/itava\/events\/recuring-events\/#breadcrumb","itemListElement":[{"@type":"ListItem","position":1,"name":"Home","item":"https:\/\/sites.uef.fi\/itava\/"},{"@type":"ListItem","position":2,"name":"Events","item":"https:\/\/sites.uef.fi\/itava\/events\/"},{"@type":"ListItem","position":3,"name":"Recuring Events"}]},{"@type":"WebSite","@id":"https:\/\/sites.uef.fi\/itava\/#website","url":"https:\/\/sites.uef.fi\/itava\/","name":"It\u00e4V\u00e4","description":"","potentialAction":[{"@type":"SearchAction","target":{"@type":"EntryPoint","urlTemplate":"https:\/\/sites.uef.fi\/itava\/?s={search_term_string}"},"query-input":{"@type":"PropertyValueSpecification","valueRequired":true,"valueName":"search_term_string"}}],"inLanguage":"en-US"}]}},"_links":{"self":[{"href":"https:\/\/sites.uef.fi\/itava\/wp-json\/wp\/v2\/pages\/3353","targetHints":{"allow":["GET"]}}],"collection":[{"href":"https:\/\/sites.uef.fi\/itava\/wp-json\/wp\/v2\/pages"}],"about":[{"href":"https:\/\/sites.uef.fi\/itava\/wp-json\/wp\/v2\/types\/page"}],"author":[{"embeddable":true,"href":"https:\/\/sites.uef.fi\/itava\/wp-json\/wp\/v2\/users\/528"}],"replies":[{"embeddable":true,"href":"https:\/\/sites.uef.fi\/itava\/wp-json\/wp\/v2\/comments?post=3353"}],"version-history":[{"count":1,"href":"https:\/\/sites.uef.fi\/itava\/wp-json\/wp\/v2\/pages\/3353\/revisions"}],"predecessor-version":[{"id":3597,"href":"https:\/\/sites.uef.fi\/itava\/wp-json\/wp\/v2\/pages\/3353\/revisions\/3597"}],"up":[{"embeddable":true,"href":"https:\/\/sites.uef.fi\/itava\/wp-json\/wp\/v2\/pages\/103"}],"wp:attachment":[{"href":"https:\/\/sites.uef.fi\/itava\/wp-json\/wp\/v2\/media?parent=3353"}],"curies":[{"name":"wp","href":"https:\/\/api.w.org\/{rel}","templated":true}]}}