{"id":123,"date":"2025-02-24T13:44:42","date_gmt":"2025-02-24T11:44:42","guid":{"rendered":"https:\/\/sites.uef.fi\/kahifi2025\/?page_id=123"},"modified":"2025-02-28T10:34:39","modified_gmt":"2025-02-28T08:34:39","slug":"ilmoittautuminen","status":"publish","type":"page","link":"https:\/\/sites.uef.fi\/kahifi2025\/ilmoittautuminen\/","title":{"rendered":"Ilmoittautuminen"},"content":{"rendered":"\n<p>Ilmoittaudu p\u00e4iville t\u00e4ll\u00e4 <a href=\"https:\/\/link.webropolsurveys.com\/S\/7FDC0063B60F9A87\" target=\"_blank\" rel=\"noreferrer noopener\">lomakkeella.<\/a><\/p>\n\n\n\n<p>Samalla lomakkeella voit j\u00e4tt\u00e4\u00e4 my\u00f6s esitelm\u00e4n abstraktin. Tiivistelm\u00e4n suosituspituus on 150 sanaa. Esityksen hyv\u00e4ksymisest\u00e4 tulee tieto kahden viikon sis\u00e4ll\u00e4.<\/p>\n\n\n\n<ul class=\"wp-block-list\">\n<li><strong>Abstraktien viimeinen j\u00e4tt\u00f6p\u00e4iv\u00e4 on tiistai 15.4.2025<\/strong><\/li>\n\n\n\n<li><strong>Ilmoittautumisten takaraja on<\/strong> <strong>torstai<\/strong> <strong>15.5.2025<\/strong><\/li>\n<\/ul>\n\n\n\n<p><\/p>\n","protected":false},"excerpt":{"rendered":"<p>Ilmoittaudu p\u00e4iville t\u00e4ll\u00e4 lomakkeella. Samalla lomakkeella voit j\u00e4tt\u00e4\u00e4 my\u00f6s esitelm\u00e4n abstraktin. Tiivistelm\u00e4n suosituspituus on 150 sanaa. Esityksen hyv\u00e4ksymisest\u00e4 tulee tieto kahden viikon sis\u00e4ll\u00e4.<\/p>\n","protected":false},"author":1283,"featured_media":0,"parent":0,"menu_order":0,"comment_status":"closed","ping_status":"closed","template":"","meta":{"_acf_changed":false,"footnotes":""},"class_list":["post-123","page","type-page","status-publish","hentry"],"acf":[],"yoast_head":"<!-- This site is optimized with the Yoast SEO plugin v27.1.1 - https:\/\/yoast.com\/product\/yoast-seo-wordpress\/ -->\n<title>Ilmoittautuminen - XXI KASVATUKSEN HISTORIAN JA FILOSOFIAN P\u00c4IV\u00c4T<\/title>\n<meta name=\"robots\" content=\"index, follow, max-snippet:-1, max-image-preview:large, max-video-preview:-1\" \/>\n<link rel=\"canonical\" href=\"https:\/\/sites.uef.fi\/kahifi2025\/ilmoittautuminen\/\" \/>\n<meta property=\"og:locale\" content=\"fi_FI\" \/>\n<meta property=\"og:type\" content=\"article\" \/>\n<meta property=\"og:title\" content=\"Ilmoittautuminen - XXI KASVATUKSEN HISTORIAN JA FILOSOFIAN P\u00c4IV\u00c4T\" \/>\n<meta property=\"og:description\" content=\"Ilmoittaudu p\u00e4iville t\u00e4ll\u00e4 lomakkeella. Samalla lomakkeella voit j\u00e4tt\u00e4\u00e4 my\u00f6s esitelm\u00e4n abstraktin. Tiivistelm\u00e4n suosituspituus on 150 sanaa. Esityksen hyv\u00e4ksymisest\u00e4 tulee tieto kahden viikon sis\u00e4ll\u00e4.\" \/>\n<meta property=\"og:url\" content=\"https:\/\/sites.uef.fi\/kahifi2025\/ilmoittautuminen\/\" \/>\n<meta property=\"og:site_name\" content=\"XXI KASVATUKSEN HISTORIAN JA FILOSOFIAN P\u00c4IV\u00c4T\" \/>\n<meta property=\"article:modified_time\" content=\"2025-02-28T08:34:39+00:00\" \/>\n<meta name=\"twitter:card\" content=\"summary_large_image\" \/>\n<meta name=\"twitter:label1\" content=\"Arvioitu lukuaika\" \/>\n\t<meta name=\"twitter:data1\" content=\"1 minuutti\" \/>\n<script type=\"application\/ld+json\" class=\"yoast-schema-graph\">{\"@context\":\"https:\/\/schema.org\",\"@graph\":[{\"@type\":\"WebPage\",\"@id\":\"https:\/\/sites.uef.fi\/kahifi2025\/ilmoittautuminen\/\",\"url\":\"https:\/\/sites.uef.fi\/kahifi2025\/ilmoittautuminen\/\",\"name\":\"Ilmoittautuminen - XXI KASVATUKSEN HISTORIAN JA FILOSOFIAN P\u00c4IV\u00c4T\",\"isPartOf\":{\"@id\":\"https:\/\/sites.uef.fi\/kahifi2025\/#website\"},\"datePublished\":\"2025-02-24T11:44:42+00:00\",\"dateModified\":\"2025-02-28T08:34:39+00:00\",\"breadcrumb\":{\"@id\":\"https:\/\/sites.uef.fi\/kahifi2025\/ilmoittautuminen\/#breadcrumb\"},\"inLanguage\":\"fi\",\"potentialAction\":[{\"@type\":\"ReadAction\",\"target\":[\"https:\/\/sites.uef.fi\/kahifi2025\/ilmoittautuminen\/\"]}]},{\"@type\":\"BreadcrumbList\",\"@id\":\"https:\/\/sites.uef.fi\/kahifi2025\/ilmoittautuminen\/#breadcrumb\",\"itemListElement\":[{\"@type\":\"ListItem\",\"position\":1,\"name\":\"Home\",\"item\":\"https:\/\/sites.uef.fi\/kahifi2025\/\"},{\"@type\":\"ListItem\",\"position\":2,\"name\":\"Ilmoittautuminen\"}]},{\"@type\":\"WebSite\",\"@id\":\"https:\/\/sites.uef.fi\/kahifi2025\/#website\",\"url\":\"https:\/\/sites.uef.fi\/kahifi2025\/\",\"name\":\"XXI KASVATUKSEN HISTORIAN JA FILOSOFIAN P\u00c4IV\u00c4T\",\"description\":\"\",\"potentialAction\":[{\"@type\":\"SearchAction\",\"target\":{\"@type\":\"EntryPoint\",\"urlTemplate\":\"https:\/\/sites.uef.fi\/kahifi2025\/?s={search_term_string}\"},\"query-input\":{\"@type\":\"PropertyValueSpecification\",\"valueRequired\":true,\"valueName\":\"search_term_string\"}}],\"inLanguage\":\"fi\"}]}<\/script>\n<!-- \/ Yoast SEO plugin. -->","yoast_head_json":{"title":"Ilmoittautuminen - XXI KASVATUKSEN HISTORIAN JA FILOSOFIAN P\u00c4IV\u00c4T","robots":{"index":"index","follow":"follow","max-snippet":"max-snippet:-1","max-image-preview":"max-image-preview:large","max-video-preview":"max-video-preview:-1"},"canonical":"https:\/\/sites.uef.fi\/kahifi2025\/ilmoittautuminen\/","og_locale":"fi_FI","og_type":"article","og_title":"Ilmoittautuminen - XXI KASVATUKSEN HISTORIAN JA FILOSOFIAN P\u00c4IV\u00c4T","og_description":"Ilmoittaudu p\u00e4iville t\u00e4ll\u00e4 lomakkeella. Samalla lomakkeella voit j\u00e4tt\u00e4\u00e4 my\u00f6s esitelm\u00e4n abstraktin. Tiivistelm\u00e4n suosituspituus on 150 sanaa. Esityksen hyv\u00e4ksymisest\u00e4 tulee tieto kahden viikon sis\u00e4ll\u00e4.","og_url":"https:\/\/sites.uef.fi\/kahifi2025\/ilmoittautuminen\/","og_site_name":"XXI KASVATUKSEN HISTORIAN JA FILOSOFIAN P\u00c4IV\u00c4T","article_modified_time":"2025-02-28T08:34:39+00:00","twitter_card":"summary_large_image","twitter_misc":{"Arvioitu lukuaika":"1 minuutti"},"schema":{"@context":"https:\/\/schema.org","@graph":[{"@type":"WebPage","@id":"https:\/\/sites.uef.fi\/kahifi2025\/ilmoittautuminen\/","url":"https:\/\/sites.uef.fi\/kahifi2025\/ilmoittautuminen\/","name":"Ilmoittautuminen - XXI KASVATUKSEN HISTORIAN JA FILOSOFIAN P\u00c4IV\u00c4T","isPartOf":{"@id":"https:\/\/sites.uef.fi\/kahifi2025\/#website"},"datePublished":"2025-02-24T11:44:42+00:00","dateModified":"2025-02-28T08:34:39+00:00","breadcrumb":{"@id":"https:\/\/sites.uef.fi\/kahifi2025\/ilmoittautuminen\/#breadcrumb"},"inLanguage":"fi","potentialAction":[{"@type":"ReadAction","target":["https:\/\/sites.uef.fi\/kahifi2025\/ilmoittautuminen\/"]}]},{"@type":"BreadcrumbList","@id":"https:\/\/sites.uef.fi\/kahifi2025\/ilmoittautuminen\/#breadcrumb","itemListElement":[{"@type":"ListItem","position":1,"name":"Home","item":"https:\/\/sites.uef.fi\/kahifi2025\/"},{"@type":"ListItem","position":2,"name":"Ilmoittautuminen"}]},{"@type":"WebSite","@id":"https:\/\/sites.uef.fi\/kahifi2025\/#website","url":"https:\/\/sites.uef.fi\/kahifi2025\/","name":"XXI KASVATUKSEN HISTORIAN JA FILOSOFIAN P\u00c4IV\u00c4T","description":"","potentialAction":[{"@type":"SearchAction","target":{"@type":"EntryPoint","urlTemplate":"https:\/\/sites.uef.fi\/kahifi2025\/?s={search_term_string}"},"query-input":{"@type":"PropertyValueSpecification","valueRequired":true,"valueName":"search_term_string"}}],"inLanguage":"fi"}]}},"_links":{"self":[{"href":"https:\/\/sites.uef.fi\/kahifi2025\/wp-json\/wp\/v2\/pages\/123","targetHints":{"allow":["GET"]}}],"collection":[{"href":"https:\/\/sites.uef.fi\/kahifi2025\/wp-json\/wp\/v2\/pages"}],"about":[{"href":"https:\/\/sites.uef.fi\/kahifi2025\/wp-json\/wp\/v2\/types\/page"}],"author":[{"embeddable":true,"href":"https:\/\/sites.uef.fi\/kahifi2025\/wp-json\/wp\/v2\/users\/1283"}],"replies":[{"embeddable":true,"href":"https:\/\/sites.uef.fi\/kahifi2025\/wp-json\/wp\/v2\/comments?post=123"}],"version-history":[{"count":2,"href":"https:\/\/sites.uef.fi\/kahifi2025\/wp-json\/wp\/v2\/pages\/123\/revisions"}],"predecessor-version":[{"id":208,"href":"https:\/\/sites.uef.fi\/kahifi2025\/wp-json\/wp\/v2\/pages\/123\/revisions\/208"}],"wp:attachment":[{"href":"https:\/\/sites.uef.fi\/kahifi2025\/wp-json\/wp\/v2\/media?parent=123"}],"curies":[{"name":"wp","href":"https:\/\/api.w.org\/{rel}","templated":true}]}}