{"id":126,"date":"2025-02-24T13:45:50","date_gmt":"2025-02-24T11:45:50","guid":{"rendered":"https:\/\/sites.uef.fi\/kahifi2025\/?page_id=126"},"modified":"2025-06-05T08:21:50","modified_gmt":"2025-06-05T06:21:50","slug":"ohjelma","status":"publish","type":"page","link":"https:\/\/sites.uef.fi\/kahifi2025\/ohjelma\/","title":{"rendered":"Ohjelma"},"content":{"rendered":"\n<h4 class=\"wp-block-heading\">Lataa tarkka ohjelma <a href=\"https:\/\/sites.uef.fi\/kahifi2025\/wp-content\/uploads\/sites\/545\/2025\/06\/Ohjelma_kahifi_2025.pdf\">t\u00e4\u00e4lt\u00e4<\/a>.<\/h4>\n\n\n\n<p><\/p>\n\n\n\n<h4 class=\"wp-block-heading\">Keskiviikko 4.6.2025<\/h4>\n\n\n\n<p>18.00 &#8211; 20.00 Tulva? Kasvatuksen hetki -symposium, Ari Sivenius, Jussi M\u00e4kel\u00e4 &amp; Teijo Karhu (N105)<br><br>20.15 alkaen j\u00e4lkipuinti, ravintola Mikko<\/p>\n\n\n\n<h4 class=\"wp-block-heading\">Torstai 5.6.2025<\/h4>\n\n\n\n<p>9.00 P\u00e4ivien infopiste avautuu (Natura-rakennuksen aula)<\/p>\n\n\n\n<p>10.00 &#8211; 11.30 Ty\u00f6ryhm\u00e4t (N105)<\/p>\n\n\n\n<p>11.45-12.00 P\u00e4ivien avaus (N100)<\/p>\n\n\n\n<p>12.00 &#8211; 13.00 Plenaariluento, prof. (emer.) Jukka Korpela (N100)<\/p>\n\n\n\n<p>13.00 \u2013 14.00 Lounastauko<\/p>\n\n\n\n<p>14.00 \u2013 15.30 Paneelikeskustelu: Kasvatus demokratiaan. Mit\u00e4 se on ja miten se<br>ilmenee? (N100)<\/p>\n\n\n\n<p>15.30 \u2013 16.00 Tauko<\/p>\n\n\n\n<p>16.00 \u2013 17.30 Ty\u00f6ryhm\u00e4t (N102 ja N103)<\/p>\n\n\n\n<p>Siirtym\u00e4 kaupungille, omatoiminen illallistaminen<\/p>\n\n\n\n<p>19.30 alkaen Illanvietto<\/p>\n\n\n\n<h4 class=\"wp-block-heading\">Perjantai 6.6.2025<\/h4>\n\n\n\n<p>8.30 &#8211; Info-piste avautuu<\/p>\n\n\n\n<p>8:40 &#8211; 9.30 Kasvatuksen historian verkoston yleiskokous (N103)<\/p>\n\n\n\n<p>9:30 &#8211; 11.00 Ty\u00f6ryhm\u00e4t (N102 ja N103)<\/p>\n\n\n\n<p>11.10 \u2013 12.00 Plenaariluento, yliopistonlehtori (emer.) Risto Ikonen (N100)<\/p>\n\n\n\n<p>12.00 \u2013 13.00 Lounastauko<\/p>\n\n\n\n<p>13.00 \u2013 14.30 Ty\u00f6ryhm\u00e4t (N102)<\/p>\n\n\n\n<p>14.30 \u2013 15.00 Vuoden artikkelin julkistaminen, loppukeskustelu ja p\u00e4\u00e4t\u00f6ssanat (N100)<\/p>\n\n\n\n<div class=\"links-block\">\n\n    \n    <ul class=\"link-list\">\n            <\/ul>\n<\/div>\n\n\n<p><\/p>\n","protected":false},"excerpt":{"rendered":"<p>Lataa tarkka ohjelma t\u00e4\u00e4lt\u00e4. Keskiviikko 4.6.2025 18.00 &#8211; 20.00 Tulva? Kasvatuksen hetki -symposium, Ari Sivenius, Jussi M\u00e4kel\u00e4 &amp; Teijo Karhu (N105) 20.15 alkaen j\u00e4lkipuinti, ravintola Mikko Torstai 5.6.2025 9.00 P\u00e4ivien infopiste avautuu (Natura-rakennuksen aula) 10.00 &#8211; 11.30 Ty\u00f6ryhm\u00e4t (N105) 11.45-12.00 P\u00e4ivien avaus (N100) 12.00 &#8211; 13.00 Plenaariluento, prof. (emer.) Jukka Korpela (N100) 13.00 \u2013 14.00 [&hellip;]<\/p>\n","protected":false},"author":1283,"featured_media":0,"parent":0,"menu_order":0,"comment_status":"closed","ping_status":"closed","template":"","meta":{"_acf_changed":false,"footnotes":""},"class_list":["post-126","page","type-page","status-publish","hentry"],"acf":[],"yoast_head":"<!-- This site is optimized with the Yoast SEO plugin v27.1.1 - https:\/\/yoast.com\/product\/yoast-seo-wordpress\/ -->\n<title>Ohjelma - XXI KASVATUKSEN HISTORIAN JA FILOSOFIAN P\u00c4IV\u00c4T<\/title>\n<meta name=\"robots\" content=\"index, follow, max-snippet:-1, max-image-preview:large, max-video-preview:-1\" \/>\n<link rel=\"canonical\" href=\"https:\/\/sites.uef.fi\/kahifi2025\/ohjelma\/\" \/>\n<meta property=\"og:locale\" content=\"fi_FI\" \/>\n<meta property=\"og:type\" content=\"article\" \/>\n<meta property=\"og:title\" content=\"Ohjelma - XXI KASVATUKSEN HISTORIAN JA FILOSOFIAN P\u00c4IV\u00c4T\" \/>\n<meta property=\"og:description\" content=\"Lataa tarkka ohjelma t\u00e4\u00e4lt\u00e4. Keskiviikko 4.6.2025 18.00 &#8211; 20.00 Tulva? Kasvatuksen hetki -symposium, Ari Sivenius, Jussi M\u00e4kel\u00e4 &amp; Teijo Karhu (N105) 20.15 alkaen j\u00e4lkipuinti, ravintola Mikko Torstai 5.6.2025 9.00 P\u00e4ivien infopiste avautuu (Natura-rakennuksen aula) 10.00 &#8211; 11.30 Ty\u00f6ryhm\u00e4t (N105) 11.45-12.00 P\u00e4ivien avaus (N100) 12.00 &#8211; 13.00 Plenaariluento, prof. (emer.) Jukka Korpela (N100) 13.00 \u2013 14.00 [&hellip;]\" \/>\n<meta property=\"og:url\" content=\"https:\/\/sites.uef.fi\/kahifi2025\/ohjelma\/\" \/>\n<meta property=\"og:site_name\" content=\"XXI KASVATUKSEN HISTORIAN JA FILOSOFIAN P\u00c4IV\u00c4T\" \/>\n<meta property=\"article:modified_time\" content=\"2025-06-05T06:21:50+00:00\" \/>\n<meta name=\"twitter:card\" content=\"summary_large_image\" \/>\n<meta name=\"twitter:label1\" content=\"Arvioitu lukuaika\" \/>\n\t<meta name=\"twitter:data1\" content=\"1 minuutti\" \/>\n<script type=\"application\/ld+json\" class=\"yoast-schema-graph\">{\"@context\":\"https:\/\/schema.org\",\"@graph\":[{\"@type\":\"WebPage\",\"@id\":\"https:\/\/sites.uef.fi\/kahifi2025\/ohjelma\/\",\"url\":\"https:\/\/sites.uef.fi\/kahifi2025\/ohjelma\/\",\"name\":\"Ohjelma - XXI KASVATUKSEN HISTORIAN JA FILOSOFIAN P\u00c4IV\u00c4T\",\"isPartOf\":{\"@id\":\"https:\/\/sites.uef.fi\/kahifi2025\/#website\"},\"datePublished\":\"2025-02-24T11:45:50+00:00\",\"dateModified\":\"2025-06-05T06:21:50+00:00\",\"breadcrumb\":{\"@id\":\"https:\/\/sites.uef.fi\/kahifi2025\/ohjelma\/#breadcrumb\"},\"inLanguage\":\"fi\",\"potentialAction\":[{\"@type\":\"ReadAction\",\"target\":[\"https:\/\/sites.uef.fi\/kahifi2025\/ohjelma\/\"]}]},{\"@type\":\"BreadcrumbList\",\"@id\":\"https:\/\/sites.uef.fi\/kahifi2025\/ohjelma\/#breadcrumb\",\"itemListElement\":[{\"@type\":\"ListItem\",\"position\":1,\"name\":\"Home\",\"item\":\"https:\/\/sites.uef.fi\/kahifi2025\/\"},{\"@type\":\"ListItem\",\"position\":2,\"name\":\"Ohjelma\"}]},{\"@type\":\"WebSite\",\"@id\":\"https:\/\/sites.uef.fi\/kahifi2025\/#website\",\"url\":\"https:\/\/sites.uef.fi\/kahifi2025\/\",\"name\":\"XXI KASVATUKSEN HISTORIAN JA FILOSOFIAN P\u00c4IV\u00c4T\",\"description\":\"\",\"potentialAction\":[{\"@type\":\"SearchAction\",\"target\":{\"@type\":\"EntryPoint\",\"urlTemplate\":\"https:\/\/sites.uef.fi\/kahifi2025\/?s={search_term_string}\"},\"query-input\":{\"@type\":\"PropertyValueSpecification\",\"valueRequired\":true,\"valueName\":\"search_term_string\"}}],\"inLanguage\":\"fi\"}]}<\/script>\n<!-- \/ Yoast SEO plugin. -->","yoast_head_json":{"title":"Ohjelma - XXI KASVATUKSEN HISTORIAN JA FILOSOFIAN P\u00c4IV\u00c4T","robots":{"index":"index","follow":"follow","max-snippet":"max-snippet:-1","max-image-preview":"max-image-preview:large","max-video-preview":"max-video-preview:-1"},"canonical":"https:\/\/sites.uef.fi\/kahifi2025\/ohjelma\/","og_locale":"fi_FI","og_type":"article","og_title":"Ohjelma - XXI KASVATUKSEN HISTORIAN JA FILOSOFIAN P\u00c4IV\u00c4T","og_description":"Lataa tarkka ohjelma t\u00e4\u00e4lt\u00e4. Keskiviikko 4.6.2025 18.00 &#8211; 20.00 Tulva? Kasvatuksen hetki -symposium, Ari Sivenius, Jussi M\u00e4kel\u00e4 &amp; Teijo Karhu (N105) 20.15 alkaen j\u00e4lkipuinti, ravintola Mikko Torstai 5.6.2025 9.00 P\u00e4ivien infopiste avautuu (Natura-rakennuksen aula) 10.00 &#8211; 11.30 Ty\u00f6ryhm\u00e4t (N105) 11.45-12.00 P\u00e4ivien avaus (N100) 12.00 &#8211; 13.00 Plenaariluento, prof. (emer.) Jukka Korpela (N100) 13.00 \u2013 14.00 [&hellip;]","og_url":"https:\/\/sites.uef.fi\/kahifi2025\/ohjelma\/","og_site_name":"XXI KASVATUKSEN HISTORIAN JA FILOSOFIAN P\u00c4IV\u00c4T","article_modified_time":"2025-06-05T06:21:50+00:00","twitter_card":"summary_large_image","twitter_misc":{"Arvioitu lukuaika":"1 minuutti"},"schema":{"@context":"https:\/\/schema.org","@graph":[{"@type":"WebPage","@id":"https:\/\/sites.uef.fi\/kahifi2025\/ohjelma\/","url":"https:\/\/sites.uef.fi\/kahifi2025\/ohjelma\/","name":"Ohjelma - XXI KASVATUKSEN HISTORIAN JA FILOSOFIAN P\u00c4IV\u00c4T","isPartOf":{"@id":"https:\/\/sites.uef.fi\/kahifi2025\/#website"},"datePublished":"2025-02-24T11:45:50+00:00","dateModified":"2025-06-05T06:21:50+00:00","breadcrumb":{"@id":"https:\/\/sites.uef.fi\/kahifi2025\/ohjelma\/#breadcrumb"},"inLanguage":"fi","potentialAction":[{"@type":"ReadAction","target":["https:\/\/sites.uef.fi\/kahifi2025\/ohjelma\/"]}]},{"@type":"BreadcrumbList","@id":"https:\/\/sites.uef.fi\/kahifi2025\/ohjelma\/#breadcrumb","itemListElement":[{"@type":"ListItem","position":1,"name":"Home","item":"https:\/\/sites.uef.fi\/kahifi2025\/"},{"@type":"ListItem","position":2,"name":"Ohjelma"}]},{"@type":"WebSite","@id":"https:\/\/sites.uef.fi\/kahifi2025\/#website","url":"https:\/\/sites.uef.fi\/kahifi2025\/","name":"XXI KASVATUKSEN HISTORIAN JA FILOSOFIAN P\u00c4IV\u00c4T","description":"","potentialAction":[{"@type":"SearchAction","target":{"@type":"EntryPoint","urlTemplate":"https:\/\/sites.uef.fi\/kahifi2025\/?s={search_term_string}"},"query-input":{"@type":"PropertyValueSpecification","valueRequired":true,"valueName":"search_term_string"}}],"inLanguage":"fi"}]}},"_links":{"self":[{"href":"https:\/\/sites.uef.fi\/kahifi2025\/wp-json\/wp\/v2\/pages\/126","targetHints":{"allow":["GET"]}}],"collection":[{"href":"https:\/\/sites.uef.fi\/kahifi2025\/wp-json\/wp\/v2\/pages"}],"about":[{"href":"https:\/\/sites.uef.fi\/kahifi2025\/wp-json\/wp\/v2\/types\/page"}],"author":[{"embeddable":true,"href":"https:\/\/sites.uef.fi\/kahifi2025\/wp-json\/wp\/v2\/users\/1283"}],"replies":[{"embeddable":true,"href":"https:\/\/sites.uef.fi\/kahifi2025\/wp-json\/wp\/v2\/comments?post=126"}],"version-history":[{"count":1,"href":"https:\/\/sites.uef.fi\/kahifi2025\/wp-json\/wp\/v2\/pages\/126\/revisions"}],"predecessor-version":[{"id":304,"href":"https:\/\/sites.uef.fi\/kahifi2025\/wp-json\/wp\/v2\/pages\/126\/revisions\/304"}],"wp:attachment":[{"href":"https:\/\/sites.uef.fi\/kahifi2025\/wp-json\/wp\/v2\/media?parent=126"}],"curies":[{"name":"wp","href":"https:\/\/api.w.org\/{rel}","templated":true}]}}