{"id":129,"date":"2025-02-24T13:46:34","date_gmt":"2025-02-24T11:46:34","guid":{"rendered":"https:\/\/sites.uef.fi\/kahifi2025\/?page_id=129"},"modified":"2025-03-14T09:45:33","modified_gmt":"2025-03-14T07:45:33","slug":"symposium","status":"publish","type":"page","link":"https:\/\/sites.uef.fi\/kahifi2025\/symposium\/","title":{"rendered":"Symposium"},"content":{"rendered":"\n<p><strong>Tulva? Kasvatuksen hetki -symposium<\/strong><br>Ari Sivenius, Jussi M\u00e4kel\u00e4 &amp; Teijo Karhu<br>Syviss\u00e4 vesiss\u00e4 -tutkimusryhm\u00e4 (UEF)<br><br>Tapaamisessa annamme tulvan hetkellisesti nousta niin luonnonilmi\u00f6n\u00e4 kuin metaforana. Rakennusten perustuksia vahingoittavan luonnonilmi\u00f6n tavoin uhkaavat ajattelemattomuuden ja tarkoituksellisen ep\u00e4informaation tulvat demokratiaa. Esimerkiksi kulutushy\u00f6dykkeiden ja -hy\u00f6dytt\u00f6myyksien tulva on tuhoamassa elinehtojemme perustan. Merkityksett\u00f6myyden kokemusten py\u00f6rteiss\u00e4 kasvattajan on t\u00e4rke\u00e4\u00e4 pit\u00e4\u00e4 esill\u00e4 jokaista utopistiseltakin tuntuvaa oljenkortta. Tulva aiheuttaa tuhoa, mutta se voi my\u00f6s puhdistaa ja hedelm\u00f6itt\u00e4\u00e4 ajattelua pakottaen pohtimaan muun muassa kulttuurisia, poliittisia ja eettisi\u00e4 kysymyksi\u00e4.<br><br><strong>Symposiumissa kuullaan vireill\u00e4 olevaan tutkimusteemaan liittyvi\u00e4 esityksi\u00e4<\/strong><\/p>\n\n\n\n<p>Ari Sivenius: Sana aluksi<\/p>\n\n\n\n<p>Teijo Karhu: &#8221;Tulvaa kuvittelemassa ja kuvittamassa&#8221;<\/p>\n\n\n\n<p>Jussi M\u00e4kel\u00e4: \u201dTeknologia merkitysten tulvana ja kuolemana\u201d<\/p>\n\n\n\n<p>Ari Sivenius: &#8221;Korruptoituneen informaatiotulvan tyrskyiss\u00e4&#8221;<br><br>Tervetuloa alustustemme viritt\u00e4min\u00e4 keskustelemaan ja pohtimaan tulvan olemusta!<br><br>Lis\u00e4tietoja: Ari Sivenius <a href=\"https:\/\/uefconnect.uef.fi\/ari.sivenius\/\">https:\/\/uefconnect.uef.fi\/ari.sivenius\/<\/a><\/p>\n","protected":false},"excerpt":{"rendered":"<p>Tulva? Kasvatuksen hetki -symposiumAri Sivenius, Jussi M\u00e4kel\u00e4 &amp; Teijo KarhuSyviss\u00e4 vesiss\u00e4 -tutkimusryhm\u00e4 (UEF) Tapaamisessa annamme tulvan hetkellisesti nousta niin luonnonilmi\u00f6n\u00e4 kuin metaforana. Rakennusten perustuksia vahingoittavan luonnonilmi\u00f6n tavoin uhkaavat ajattelemattomuuden ja tarkoituksellisen ep\u00e4informaation tulvat demokratiaa. Esimerkiksi kulutushy\u00f6dykkeiden ja -hy\u00f6dytt\u00f6myyksien tulva on tuhoamassa elinehtojemme perustan. Merkityksett\u00f6myyden kokemusten py\u00f6rteiss\u00e4 kasvattajan on t\u00e4rke\u00e4\u00e4 pit\u00e4\u00e4 esill\u00e4 jokaista utopistiseltakin tuntuvaa oljenkortta. [&hellip;]<\/p>\n","protected":false},"author":1283,"featured_media":0,"parent":0,"menu_order":0,"comment_status":"closed","ping_status":"closed","template":"","meta":{"_acf_changed":false,"footnotes":""},"class_list":["post-129","page","type-page","status-publish","hentry"],"acf":[],"yoast_head":"<!-- This site is optimized with the Yoast SEO plugin v27.1.1 - https:\/\/yoast.com\/product\/yoast-seo-wordpress\/ -->\n<title>Symposium - XXI KASVATUKSEN HISTORIAN JA FILOSOFIAN P\u00c4IV\u00c4T<\/title>\n<meta name=\"robots\" content=\"index, follow, max-snippet:-1, max-image-preview:large, max-video-preview:-1\" \/>\n<link rel=\"canonical\" href=\"https:\/\/sites.uef.fi\/kahifi2025\/symposium\/\" \/>\n<meta property=\"og:locale\" content=\"fi_FI\" \/>\n<meta property=\"og:type\" content=\"article\" \/>\n<meta property=\"og:title\" content=\"Symposium - XXI KASVATUKSEN HISTORIAN JA FILOSOFIAN P\u00c4IV\u00c4T\" \/>\n<meta property=\"og:description\" content=\"Tulva? Kasvatuksen hetki -symposiumAri Sivenius, Jussi M\u00e4kel\u00e4 &amp; Teijo KarhuSyviss\u00e4 vesiss\u00e4 -tutkimusryhm\u00e4 (UEF) Tapaamisessa annamme tulvan hetkellisesti nousta niin luonnonilmi\u00f6n\u00e4 kuin metaforana. Rakennusten perustuksia vahingoittavan luonnonilmi\u00f6n tavoin uhkaavat ajattelemattomuuden ja tarkoituksellisen ep\u00e4informaation tulvat demokratiaa. Esimerkiksi kulutushy\u00f6dykkeiden ja -hy\u00f6dytt\u00f6myyksien tulva on tuhoamassa elinehtojemme perustan. Merkityksett\u00f6myyden kokemusten py\u00f6rteiss\u00e4 kasvattajan on t\u00e4rke\u00e4\u00e4 pit\u00e4\u00e4 esill\u00e4 jokaista utopistiseltakin tuntuvaa oljenkortta. [&hellip;]\" \/>\n<meta property=\"og:url\" content=\"https:\/\/sites.uef.fi\/kahifi2025\/symposium\/\" \/>\n<meta property=\"og:site_name\" content=\"XXI KASVATUKSEN HISTORIAN JA FILOSOFIAN P\u00c4IV\u00c4T\" \/>\n<meta property=\"article:modified_time\" content=\"2025-03-14T07:45:33+00:00\" \/>\n<meta name=\"twitter:card\" content=\"summary_large_image\" \/>\n<meta name=\"twitter:label1\" content=\"Arvioitu lukuaika\" \/>\n\t<meta name=\"twitter:data1\" content=\"1 minuutti\" \/>\n<script type=\"application\/ld+json\" class=\"yoast-schema-graph\">{\"@context\":\"https:\/\/schema.org\",\"@graph\":[{\"@type\":\"WebPage\",\"@id\":\"https:\/\/sites.uef.fi\/kahifi2025\/symposium\/\",\"url\":\"https:\/\/sites.uef.fi\/kahifi2025\/symposium\/\",\"name\":\"Symposium - XXI KASVATUKSEN HISTORIAN JA FILOSOFIAN P\u00c4IV\u00c4T\",\"isPartOf\":{\"@id\":\"https:\/\/sites.uef.fi\/kahifi2025\/#website\"},\"datePublished\":\"2025-02-24T11:46:34+00:00\",\"dateModified\":\"2025-03-14T07:45:33+00:00\",\"breadcrumb\":{\"@id\":\"https:\/\/sites.uef.fi\/kahifi2025\/symposium\/#breadcrumb\"},\"inLanguage\":\"fi\",\"potentialAction\":[{\"@type\":\"ReadAction\",\"target\":[\"https:\/\/sites.uef.fi\/kahifi2025\/symposium\/\"]}]},{\"@type\":\"BreadcrumbList\",\"@id\":\"https:\/\/sites.uef.fi\/kahifi2025\/symposium\/#breadcrumb\",\"itemListElement\":[{\"@type\":\"ListItem\",\"position\":1,\"name\":\"Home\",\"item\":\"https:\/\/sites.uef.fi\/kahifi2025\/\"},{\"@type\":\"ListItem\",\"position\":2,\"name\":\"Symposium\"}]},{\"@type\":\"WebSite\",\"@id\":\"https:\/\/sites.uef.fi\/kahifi2025\/#website\",\"url\":\"https:\/\/sites.uef.fi\/kahifi2025\/\",\"name\":\"XXI KASVATUKSEN HISTORIAN JA FILOSOFIAN P\u00c4IV\u00c4T\",\"description\":\"\",\"potentialAction\":[{\"@type\":\"SearchAction\",\"target\":{\"@type\":\"EntryPoint\",\"urlTemplate\":\"https:\/\/sites.uef.fi\/kahifi2025\/?s={search_term_string}\"},\"query-input\":{\"@type\":\"PropertyValueSpecification\",\"valueRequired\":true,\"valueName\":\"search_term_string\"}}],\"inLanguage\":\"fi\"}]}<\/script>\n<!-- \/ Yoast SEO plugin. -->","yoast_head_json":{"title":"Symposium - XXI KASVATUKSEN HISTORIAN JA FILOSOFIAN P\u00c4IV\u00c4T","robots":{"index":"index","follow":"follow","max-snippet":"max-snippet:-1","max-image-preview":"max-image-preview:large","max-video-preview":"max-video-preview:-1"},"canonical":"https:\/\/sites.uef.fi\/kahifi2025\/symposium\/","og_locale":"fi_FI","og_type":"article","og_title":"Symposium - XXI KASVATUKSEN HISTORIAN JA FILOSOFIAN P\u00c4IV\u00c4T","og_description":"Tulva? Kasvatuksen hetki -symposiumAri Sivenius, Jussi M\u00e4kel\u00e4 &amp; Teijo KarhuSyviss\u00e4 vesiss\u00e4 -tutkimusryhm\u00e4 (UEF) Tapaamisessa annamme tulvan hetkellisesti nousta niin luonnonilmi\u00f6n\u00e4 kuin metaforana. Rakennusten perustuksia vahingoittavan luonnonilmi\u00f6n tavoin uhkaavat ajattelemattomuuden ja tarkoituksellisen ep\u00e4informaation tulvat demokratiaa. Esimerkiksi kulutushy\u00f6dykkeiden ja -hy\u00f6dytt\u00f6myyksien tulva on tuhoamassa elinehtojemme perustan. Merkityksett\u00f6myyden kokemusten py\u00f6rteiss\u00e4 kasvattajan on t\u00e4rke\u00e4\u00e4 pit\u00e4\u00e4 esill\u00e4 jokaista utopistiseltakin tuntuvaa oljenkortta. [&hellip;]","og_url":"https:\/\/sites.uef.fi\/kahifi2025\/symposium\/","og_site_name":"XXI KASVATUKSEN HISTORIAN JA FILOSOFIAN P\u00c4IV\u00c4T","article_modified_time":"2025-03-14T07:45:33+00:00","twitter_card":"summary_large_image","twitter_misc":{"Arvioitu lukuaika":"1 minuutti"},"schema":{"@context":"https:\/\/schema.org","@graph":[{"@type":"WebPage","@id":"https:\/\/sites.uef.fi\/kahifi2025\/symposium\/","url":"https:\/\/sites.uef.fi\/kahifi2025\/symposium\/","name":"Symposium - XXI KASVATUKSEN HISTORIAN JA FILOSOFIAN P\u00c4IV\u00c4T","isPartOf":{"@id":"https:\/\/sites.uef.fi\/kahifi2025\/#website"},"datePublished":"2025-02-24T11:46:34+00:00","dateModified":"2025-03-14T07:45:33+00:00","breadcrumb":{"@id":"https:\/\/sites.uef.fi\/kahifi2025\/symposium\/#breadcrumb"},"inLanguage":"fi","potentialAction":[{"@type":"ReadAction","target":["https:\/\/sites.uef.fi\/kahifi2025\/symposium\/"]}]},{"@type":"BreadcrumbList","@id":"https:\/\/sites.uef.fi\/kahifi2025\/symposium\/#breadcrumb","itemListElement":[{"@type":"ListItem","position":1,"name":"Home","item":"https:\/\/sites.uef.fi\/kahifi2025\/"},{"@type":"ListItem","position":2,"name":"Symposium"}]},{"@type":"WebSite","@id":"https:\/\/sites.uef.fi\/kahifi2025\/#website","url":"https:\/\/sites.uef.fi\/kahifi2025\/","name":"XXI KASVATUKSEN HISTORIAN JA FILOSOFIAN P\u00c4IV\u00c4T","description":"","potentialAction":[{"@type":"SearchAction","target":{"@type":"EntryPoint","urlTemplate":"https:\/\/sites.uef.fi\/kahifi2025\/?s={search_term_string}"},"query-input":{"@type":"PropertyValueSpecification","valueRequired":true,"valueName":"search_term_string"}}],"inLanguage":"fi"}]}},"_links":{"self":[{"href":"https:\/\/sites.uef.fi\/kahifi2025\/wp-json\/wp\/v2\/pages\/129","targetHints":{"allow":["GET"]}}],"collection":[{"href":"https:\/\/sites.uef.fi\/kahifi2025\/wp-json\/wp\/v2\/pages"}],"about":[{"href":"https:\/\/sites.uef.fi\/kahifi2025\/wp-json\/wp\/v2\/types\/page"}],"author":[{"embeddable":true,"href":"https:\/\/sites.uef.fi\/kahifi2025\/wp-json\/wp\/v2\/users\/1283"}],"replies":[{"embeddable":true,"href":"https:\/\/sites.uef.fi\/kahifi2025\/wp-json\/wp\/v2\/comments?post=129"}],"version-history":[{"count":1,"href":"https:\/\/sites.uef.fi\/kahifi2025\/wp-json\/wp\/v2\/pages\/129\/revisions"}],"predecessor-version":[{"id":238,"href":"https:\/\/sites.uef.fi\/kahifi2025\/wp-json\/wp\/v2\/pages\/129\/revisions\/238"}],"wp:attachment":[{"href":"https:\/\/sites.uef.fi\/kahifi2025\/wp-json\/wp\/v2\/media?parent=129"}],"curies":[{"name":"wp","href":"https:\/\/api.w.org\/{rel}","templated":true}]}}