{"id":132,"date":"2025-02-24T13:46:56","date_gmt":"2025-02-24T11:46:56","guid":{"rendered":"https:\/\/sites.uef.fi\/kahifi2025\/?page_id=132"},"modified":"2025-05-30T21:09:22","modified_gmt":"2025-05-30T19:09:22","slug":"keynote-puhujat","status":"publish","type":"page","link":"https:\/\/sites.uef.fi\/kahifi2025\/keynote-puhujat\/","title":{"rendered":"Keynote-puhujat"},"content":{"rendered":"\n<p><strong>Professori emeritus Jukka Korpela<\/strong><\/p>\n\n\n\n<ul class=\"wp-block-list\">\n<li>Esitelm\u00e4n otsikko: \u201dOnko moniarvoinen oikeusvaltio ihmiskunnan historiallisen kehityksen loppupiste?\u201d<\/li>\n<\/ul>\n\n\n\n<p>Jukka Korpela (s. 1957) on It\u00e4-Suomen yliopiston yleisen historian emeritusprofessori ja historiantutkija. H\u00e4n aloitti uransa antiikintutkijana ja v\u00e4itteli keisariajan Rooman l\u00e4\u00e4k\u00e4rien sosiaalista asemaa k\u00e4sitelleell\u00e4 v\u00e4it\u00f6skirjalla, mutta sittemmin h\u00e4n on erikoistunut keskiaikaiseen vallanmuodostukseen ja siihen liittyviin pyhimyskultteihin. (l\u00e4hde: <a href=\"https:\/\/fi.wikipedia.org\/wiki\/Jukka_Korpela_(historioitsija)\">Wikipedia<\/a>)<\/p>\n\n\n\n<p><strong>Yliopistonlehtori emeritus Risto Ikonen<\/strong><\/p>\n\n\n\n<ul class=\"wp-block-list\">\n<li>Esitelm\u00e4n otsikko: &#8221;Demokratiasta, sodasta ja populismista&#8221;<\/li>\n<\/ul>\n\n\n\n<p>Risto Ikonen (s. 1959) toimi yliopistonlehtorina It\u00e4-Suomen yliopistossa kasvatustieteen ja aikuiskasvatustieteen oppiaineessa. Ikosen erityisalana on ollut kasvatuksen historia, filosofia ja metodologia. Artikkelijulkaisuja on p\u00e4\u00e4asiassa kotimaisissa alan lehdiss\u00e4. P\u00e4\u00e4teos on v\u00e4it\u00f6skirja, joka k\u00e4sitteli Suomen ensimm\u00e4isen sanomalehden \u00c5bo Tidningarin kasvatusaiheisia kirjoituksia. Paraikaa tutkimuksen p\u00e4\u00e4kohteena on demokratia, sen olemus, kehkeytyminen ja tulevaisuus.  <\/p>\n\n\n\n<p><\/p>\n","protected":false},"excerpt":{"rendered":"<p>Professori emeritus Jukka Korpela Jukka Korpela (s. 1957) on It\u00e4-Suomen yliopiston yleisen historian emeritusprofessori ja historiantutkija. H\u00e4n aloitti uransa antiikintutkijana ja v\u00e4itteli keisariajan Rooman l\u00e4\u00e4k\u00e4rien sosiaalista asemaa k\u00e4sitelleell\u00e4 v\u00e4it\u00f6skirjalla, mutta sittemmin h\u00e4n on erikoistunut keskiaikaiseen vallanmuodostukseen ja siihen liittyviin pyhimyskultteihin. (l\u00e4hde: Wikipedia) Yliopistonlehtori emeritus Risto Ikonen Risto Ikonen (s. 1959) toimi yliopistonlehtorina It\u00e4-Suomen yliopistossa kasvatustieteen [&hellip;]<\/p>\n","protected":false},"author":1283,"featured_media":0,"parent":0,"menu_order":0,"comment_status":"closed","ping_status":"closed","template":"","meta":{"_acf_changed":false,"footnotes":""},"class_list":["post-132","page","type-page","status-publish","hentry"],"acf":[],"yoast_head":"<!-- This site is optimized with the Yoast SEO plugin v27.1.1 - https:\/\/yoast.com\/product\/yoast-seo-wordpress\/ -->\n<title>Keynote-puhujat - XXI KASVATUKSEN HISTORIAN JA FILOSOFIAN P\u00c4IV\u00c4T<\/title>\n<meta name=\"robots\" content=\"index, follow, max-snippet:-1, max-image-preview:large, max-video-preview:-1\" \/>\n<link rel=\"canonical\" href=\"https:\/\/sites.uef.fi\/kahifi2025\/keynote-puhujat\/\" \/>\n<meta property=\"og:locale\" content=\"fi_FI\" \/>\n<meta property=\"og:type\" content=\"article\" \/>\n<meta property=\"og:title\" content=\"Keynote-puhujat - XXI KASVATUKSEN HISTORIAN JA FILOSOFIAN P\u00c4IV\u00c4T\" \/>\n<meta property=\"og:description\" content=\"Professori emeritus Jukka Korpela Jukka Korpela (s. 1957) on It\u00e4-Suomen yliopiston yleisen historian emeritusprofessori ja historiantutkija. H\u00e4n aloitti uransa antiikintutkijana ja v\u00e4itteli keisariajan Rooman l\u00e4\u00e4k\u00e4rien sosiaalista asemaa k\u00e4sitelleell\u00e4 v\u00e4it\u00f6skirjalla, mutta sittemmin h\u00e4n on erikoistunut keskiaikaiseen vallanmuodostukseen ja siihen liittyviin pyhimyskultteihin. (l\u00e4hde: Wikipedia) Yliopistonlehtori emeritus Risto Ikonen Risto Ikonen (s. 1959) toimi yliopistonlehtorina It\u00e4-Suomen yliopistossa kasvatustieteen [&hellip;]\" \/>\n<meta property=\"og:url\" content=\"https:\/\/sites.uef.fi\/kahifi2025\/keynote-puhujat\/\" \/>\n<meta property=\"og:site_name\" content=\"XXI KASVATUKSEN HISTORIAN JA FILOSOFIAN P\u00c4IV\u00c4T\" \/>\n<meta property=\"article:modified_time\" content=\"2025-05-30T19:09:22+00:00\" \/>\n<meta name=\"twitter:card\" content=\"summary_large_image\" \/>\n<meta name=\"twitter:label1\" content=\"Arvioitu lukuaika\" \/>\n\t<meta name=\"twitter:data1\" content=\"1 minuutti\" \/>\n<script type=\"application\/ld+json\" class=\"yoast-schema-graph\">{\"@context\":\"https:\/\/schema.org\",\"@graph\":[{\"@type\":\"WebPage\",\"@id\":\"https:\/\/sites.uef.fi\/kahifi2025\/keynote-puhujat\/\",\"url\":\"https:\/\/sites.uef.fi\/kahifi2025\/keynote-puhujat\/\",\"name\":\"Keynote-puhujat - XXI KASVATUKSEN HISTORIAN JA FILOSOFIAN P\u00c4IV\u00c4T\",\"isPartOf\":{\"@id\":\"https:\/\/sites.uef.fi\/kahifi2025\/#website\"},\"datePublished\":\"2025-02-24T11:46:56+00:00\",\"dateModified\":\"2025-05-30T19:09:22+00:00\",\"breadcrumb\":{\"@id\":\"https:\/\/sites.uef.fi\/kahifi2025\/keynote-puhujat\/#breadcrumb\"},\"inLanguage\":\"fi\",\"potentialAction\":[{\"@type\":\"ReadAction\",\"target\":[\"https:\/\/sites.uef.fi\/kahifi2025\/keynote-puhujat\/\"]}]},{\"@type\":\"BreadcrumbList\",\"@id\":\"https:\/\/sites.uef.fi\/kahifi2025\/keynote-puhujat\/#breadcrumb\",\"itemListElement\":[{\"@type\":\"ListItem\",\"position\":1,\"name\":\"Home\",\"item\":\"https:\/\/sites.uef.fi\/kahifi2025\/\"},{\"@type\":\"ListItem\",\"position\":2,\"name\":\"Keynote-puhujat\"}]},{\"@type\":\"WebSite\",\"@id\":\"https:\/\/sites.uef.fi\/kahifi2025\/#website\",\"url\":\"https:\/\/sites.uef.fi\/kahifi2025\/\",\"name\":\"XXI KASVATUKSEN HISTORIAN JA FILOSOFIAN P\u00c4IV\u00c4T\",\"description\":\"\",\"potentialAction\":[{\"@type\":\"SearchAction\",\"target\":{\"@type\":\"EntryPoint\",\"urlTemplate\":\"https:\/\/sites.uef.fi\/kahifi2025\/?s={search_term_string}\"},\"query-input\":{\"@type\":\"PropertyValueSpecification\",\"valueRequired\":true,\"valueName\":\"search_term_string\"}}],\"inLanguage\":\"fi\"}]}<\/script>\n<!-- \/ Yoast SEO plugin. -->","yoast_head_json":{"title":"Keynote-puhujat - XXI KASVATUKSEN HISTORIAN JA FILOSOFIAN P\u00c4IV\u00c4T","robots":{"index":"index","follow":"follow","max-snippet":"max-snippet:-1","max-image-preview":"max-image-preview:large","max-video-preview":"max-video-preview:-1"},"canonical":"https:\/\/sites.uef.fi\/kahifi2025\/keynote-puhujat\/","og_locale":"fi_FI","og_type":"article","og_title":"Keynote-puhujat - XXI KASVATUKSEN HISTORIAN JA FILOSOFIAN P\u00c4IV\u00c4T","og_description":"Professori emeritus Jukka Korpela Jukka Korpela (s. 1957) on It\u00e4-Suomen yliopiston yleisen historian emeritusprofessori ja historiantutkija. H\u00e4n aloitti uransa antiikintutkijana ja v\u00e4itteli keisariajan Rooman l\u00e4\u00e4k\u00e4rien sosiaalista asemaa k\u00e4sitelleell\u00e4 v\u00e4it\u00f6skirjalla, mutta sittemmin h\u00e4n on erikoistunut keskiaikaiseen vallanmuodostukseen ja siihen liittyviin pyhimyskultteihin. (l\u00e4hde: Wikipedia) Yliopistonlehtori emeritus Risto Ikonen Risto Ikonen (s. 1959) toimi yliopistonlehtorina It\u00e4-Suomen yliopistossa kasvatustieteen [&hellip;]","og_url":"https:\/\/sites.uef.fi\/kahifi2025\/keynote-puhujat\/","og_site_name":"XXI KASVATUKSEN HISTORIAN JA FILOSOFIAN P\u00c4IV\u00c4T","article_modified_time":"2025-05-30T19:09:22+00:00","twitter_card":"summary_large_image","twitter_misc":{"Arvioitu lukuaika":"1 minuutti"},"schema":{"@context":"https:\/\/schema.org","@graph":[{"@type":"WebPage","@id":"https:\/\/sites.uef.fi\/kahifi2025\/keynote-puhujat\/","url":"https:\/\/sites.uef.fi\/kahifi2025\/keynote-puhujat\/","name":"Keynote-puhujat - XXI KASVATUKSEN HISTORIAN JA FILOSOFIAN P\u00c4IV\u00c4T","isPartOf":{"@id":"https:\/\/sites.uef.fi\/kahifi2025\/#website"},"datePublished":"2025-02-24T11:46:56+00:00","dateModified":"2025-05-30T19:09:22+00:00","breadcrumb":{"@id":"https:\/\/sites.uef.fi\/kahifi2025\/keynote-puhujat\/#breadcrumb"},"inLanguage":"fi","potentialAction":[{"@type":"ReadAction","target":["https:\/\/sites.uef.fi\/kahifi2025\/keynote-puhujat\/"]}]},{"@type":"BreadcrumbList","@id":"https:\/\/sites.uef.fi\/kahifi2025\/keynote-puhujat\/#breadcrumb","itemListElement":[{"@type":"ListItem","position":1,"name":"Home","item":"https:\/\/sites.uef.fi\/kahifi2025\/"},{"@type":"ListItem","position":2,"name":"Keynote-puhujat"}]},{"@type":"WebSite","@id":"https:\/\/sites.uef.fi\/kahifi2025\/#website","url":"https:\/\/sites.uef.fi\/kahifi2025\/","name":"XXI KASVATUKSEN HISTORIAN JA FILOSOFIAN P\u00c4IV\u00c4T","description":"","potentialAction":[{"@type":"SearchAction","target":{"@type":"EntryPoint","urlTemplate":"https:\/\/sites.uef.fi\/kahifi2025\/?s={search_term_string}"},"query-input":{"@type":"PropertyValueSpecification","valueRequired":true,"valueName":"search_term_string"}}],"inLanguage":"fi"}]}},"_links":{"self":[{"href":"https:\/\/sites.uef.fi\/kahifi2025\/wp-json\/wp\/v2\/pages\/132","targetHints":{"allow":["GET"]}}],"collection":[{"href":"https:\/\/sites.uef.fi\/kahifi2025\/wp-json\/wp\/v2\/pages"}],"about":[{"href":"https:\/\/sites.uef.fi\/kahifi2025\/wp-json\/wp\/v2\/types\/page"}],"author":[{"embeddable":true,"href":"https:\/\/sites.uef.fi\/kahifi2025\/wp-json\/wp\/v2\/users\/1283"}],"replies":[{"embeddable":true,"href":"https:\/\/sites.uef.fi\/kahifi2025\/wp-json\/wp\/v2\/comments?post=132"}],"version-history":[{"count":2,"href":"https:\/\/sites.uef.fi\/kahifi2025\/wp-json\/wp\/v2\/pages\/132\/revisions"}],"predecessor-version":[{"id":289,"href":"https:\/\/sites.uef.fi\/kahifi2025\/wp-json\/wp\/v2\/pages\/132\/revisions\/289"}],"wp:attachment":[{"href":"https:\/\/sites.uef.fi\/kahifi2025\/wp-json\/wp\/v2\/media?parent=132"}],"curies":[{"name":"wp","href":"https:\/\/api.w.org\/{rel}","templated":true}]}}