{"id":142,"date":"2025-02-24T14:37:30","date_gmt":"2025-02-24T12:37:30","guid":{"rendered":"https:\/\/sites.uef.fi\/kahifi2025\/?page_id=142"},"modified":"2025-06-06T07:18:07","modified_gmt":"2025-06-06T05:18:07","slug":"majoitus-ja-matkustaminen","status":"publish","type":"page","link":"https:\/\/sites.uef.fi\/kahifi2025\/majoitus-ja-matkustaminen\/","title":{"rendered":"Majoitus, matkustaminen ja muu info"},"content":{"rendered":"\n<h4 class=\"wp-block-heading\">Matkustaminen<\/h4>\n\n\n\n<p>Joensuuhun p\u00e4\u00e4see linja-autolla, junalla ja jopa lent\u00e4en. Eri vaihtoehdot on esitelty <a href=\"https:\/\/www.uef.fi\/fi\/joensuun-kampus\">yliopiston sivuilla.<\/a> <\/p>\n\n\n\n<h4 class=\"wp-block-heading\">Majoitus<\/h4>\n\n\n\n<p>Majoitusvaihtoehtoja eri hintaluokista l\u00f6yd\u00e4t Visit Joensuu -sivuston <a href=\"https:\/\/www.visitjoensuu.fi\/fi-FI\/topic\/6037c3b3d6f09f25ba65e940\">(linkki)<\/a> kautta.<\/p>\n\n\n\n<p>Jos haluat majoittua edullisesti (esim. Greenstar ja Partiotalo) huonevaraus kannattaa tehd\u00e4 mahdollisimman pian.<\/p>\n\n\n\n<h4 class=\"wp-block-heading\">Kartat<\/h4>\n\n\n\n<p>Joensuun kaupungin kartta ja kampuskartta l\u00f6ytyv\u00e4t <a href=\"https:\/\/www.uef.fi\/fi\/joensuun-kampus\">t\u00e4st\u00e4.<\/a><\/p>\n\n\n\n<p>Natura-rakennuksen kartan l\u00f6yd\u00e4t <a href=\"https:\/\/sites.uef.fi\/kahifi2025\/wp-content\/uploads\/sites\/545\/2025\/05\/KARTTA_Natura-1.pdf\">t\u00e4st\u00e4<\/a>.<\/p>\n\n\n\n<h4 class=\"wp-block-heading\">Pys\u00e4k\u00f6inti<\/h4>\n\n\n\n<p>Ilmainen pys\u00e4k\u00f6intimahdollisuus l\u00f6ytyy raviradan pys\u00e4k\u00f6intialueelta (Linnunlahdentie 3).<\/p>\n\n\n\n<p>Pys\u00e4k\u00f6inti yliopistolla on maksullista. Lis\u00e4tietoa pys\u00e4k\u00f6innist\u00e4 yliopistolla l\u00f6yd\u00e4t <a href=\"https:\/\/www.uef.fi\/fi\/joensuun-kampus\">t\u00e4lt\u00e4 sivulta<\/a>.<\/p>\n\n\n\n<h4 class=\"wp-block-heading\">Ruokailu<\/h4>\n\n\n\n<p>Kampusalueella on useita ravintoloita, jotka tarjoavat lounasta p\u00e4ivien aikana.<\/p>\n\n\n\n<ul class=\"wp-block-list\">\n<li><a href=\"https:\/\/www.compass-group.fi\/ravintolat-ja-ruokalistat\/foodco\/kaupungit\/joensuu\/futura\/\">Ravintola Futura<\/a>, Futura-rakennus. L\u00e4hin vaihtoehto. Lounas tarjolla klo 13.30 saakka. (opiskelija-alennus)<\/li>\n\n\n\n<li><a href=\"https:\/\/www.compass-group.fi\/ravintolat-ja-ruokalistat\/foodco\/kaupungit\/joensuu\/opiskelijaravintola-carelia\/\">Ravintola Carelia<\/a>, Carelia-rakennus. Lounas klo 14.30 saakka. (opiskelija-alennus)<\/li>\n\n\n\n<li><a href=\"https:\/\/www.compass-group.fi\/ravintolat-ja-ruokalistat\/foodco\/kaupungit\/joensuu\/aura\/\">Ravintola Aura<\/a>, Aurora-rakennus. Lounas klo 13 saakka, perjantaina suljettu.<\/li>\n\n\n\n<li><a href=\"https:\/\/www.compass-group.fi\/ravintolat-ja-ruokalistat\/foodco\/kaupungit\/joensuu\/kampus-bistro\/\">Kampus Bistro<\/a>, Opiskelijankatu 7. Lounas klo 14.30 saakka.<\/li>\n\n\n\n<li><a href=\"https:\/\/ravintolapepe.fi\/pepe-metla\/\">Ravintola Pepe<\/a>, Metla-rakennus, Yliopistokatu 6. Lounas klo 13.30 saakka.<\/li>\n<\/ul>\n\n\n\n<h4 class=\"wp-block-heading\">Langaton verkko<\/h4>\n\n\n\n<p>P\u00e4ivien ajan vierailijoille on tarjolla langaton verkkoyhteys <strong>EDUROAM&nbsp;Visitor&nbsp;Access. <\/strong>Ohessa ohjeet, kuinka voit saada verkon k\u00e4ytt\u00f6\u00f6si:&nbsp;<a href=\"https:\/\/studentuef.sharepoint.com\/sites\/digipalvelut\/SitePages\/Tietoliikenne.aspx#uef-vierailijaverkko-(eduroam-visitor-access)\"><\/a><\/p>\n\n\n\n<p>Vierailijat voivat saada henkil\u00f6kohtaisen, vuorovauden voimassa olevan k\u00e4ytt\u00e4j\u00e4tunnuksen ja salasanan Eduroam vierailijaverkkoon kirjautumiseksi.&nbsp;Liikenne&nbsp;verkossa&nbsp;on salattu.<\/p>\n\n\n\n<ul class=\"wp-block-list\">\n<li><strong>Pyyd\u00e4 p\u00e4iv\u00e4n avainsana esimerkiksi vierailusta vastaavalta UEF:n henkil\u00f6kuntaan kuuluvalta taholta.<\/strong>\n<ul class=\"wp-block-list\">\n<li>avainsana perjantai 6.6.2025: 88uef<\/li>\n<\/ul>\n<\/li>\n\n\n\n<li>L\u00e4het\u00e4 tekstiviesti, jossa on&nbsp;<strong>vain avainsana<\/strong>, numeroon:<br><strong>+358 457 397 7059<\/strong><\/li>\n\n\n\n<li>Saat paluuviestin\u00e4 henkil\u00f6kohtaisen k\u00e4ytt\u00e4j\u00e4tunnuksen ja salasanan, jotka ovat voimassa kyseisen vuorokauden loppuun<\/li>\n<\/ul>\n","protected":false},"excerpt":{"rendered":"<p>Matkustaminen Joensuuhun p\u00e4\u00e4see linja-autolla, junalla ja jopa lent\u00e4en. Eri vaihtoehdot on esitelty yliopiston sivuilla. Majoitus Majoitusvaihtoehtoja eri hintaluokista l\u00f6yd\u00e4t Visit Joensuu -sivuston (linkki) kautta. Jos haluat majoittua edullisesti (esim. Greenstar ja Partiotalo) huonevaraus kannattaa tehd\u00e4 mahdollisimman pian. Kartat Joensuun kaupungin kartta ja kampuskartta l\u00f6ytyv\u00e4t t\u00e4st\u00e4. Natura-rakennuksen kartan l\u00f6yd\u00e4t t\u00e4st\u00e4. Pys\u00e4k\u00f6inti Ilmainen pys\u00e4k\u00f6intimahdollisuus l\u00f6ytyy raviradan pys\u00e4k\u00f6intialueelta [&hellip;]<\/p>\n","protected":false},"author":1283,"featured_media":0,"parent":0,"menu_order":0,"comment_status":"closed","ping_status":"closed","template":"","meta":{"_acf_changed":false,"footnotes":""},"class_list":["post-142","page","type-page","status-publish","hentry"],"acf":[],"yoast_head":"<!-- This site is optimized with the Yoast SEO plugin v27.1.1 - https:\/\/yoast.com\/product\/yoast-seo-wordpress\/ -->\n<title>Majoitus, matkustaminen ja muu info - XXI KASVATUKSEN HISTORIAN JA FILOSOFIAN P\u00c4IV\u00c4T<\/title>\n<meta name=\"robots\" content=\"index, follow, max-snippet:-1, max-image-preview:large, max-video-preview:-1\" \/>\n<link rel=\"canonical\" href=\"https:\/\/sites.uef.fi\/kahifi2025\/majoitus-ja-matkustaminen\/\" \/>\n<meta property=\"og:locale\" content=\"fi_FI\" \/>\n<meta property=\"og:type\" content=\"article\" \/>\n<meta property=\"og:title\" content=\"Majoitus, matkustaminen ja muu info - XXI KASVATUKSEN HISTORIAN JA FILOSOFIAN P\u00c4IV\u00c4T\" \/>\n<meta property=\"og:description\" content=\"Matkustaminen Joensuuhun p\u00e4\u00e4see linja-autolla, junalla ja jopa lent\u00e4en. Eri vaihtoehdot on esitelty yliopiston sivuilla. Majoitus Majoitusvaihtoehtoja eri hintaluokista l\u00f6yd\u00e4t Visit Joensuu -sivuston (linkki) kautta. Jos haluat majoittua edullisesti (esim. Greenstar ja Partiotalo) huonevaraus kannattaa tehd\u00e4 mahdollisimman pian. Kartat Joensuun kaupungin kartta ja kampuskartta l\u00f6ytyv\u00e4t t\u00e4st\u00e4. Natura-rakennuksen kartan l\u00f6yd\u00e4t t\u00e4st\u00e4. Pys\u00e4k\u00f6inti Ilmainen pys\u00e4k\u00f6intimahdollisuus l\u00f6ytyy raviradan pys\u00e4k\u00f6intialueelta [&hellip;]\" \/>\n<meta property=\"og:url\" content=\"https:\/\/sites.uef.fi\/kahifi2025\/majoitus-ja-matkustaminen\/\" \/>\n<meta property=\"og:site_name\" content=\"XXI KASVATUKSEN HISTORIAN JA FILOSOFIAN P\u00c4IV\u00c4T\" \/>\n<meta property=\"article:modified_time\" content=\"2025-06-06T05:18:07+00:00\" \/>\n<meta name=\"twitter:card\" content=\"summary_large_image\" \/>\n<meta name=\"twitter:label1\" content=\"Arvioitu lukuaika\" \/>\n\t<meta name=\"twitter:data1\" content=\"2 minuuttia\" \/>\n<script type=\"application\/ld+json\" class=\"yoast-schema-graph\">{\"@context\":\"https:\/\/schema.org\",\"@graph\":[{\"@type\":\"WebPage\",\"@id\":\"https:\/\/sites.uef.fi\/kahifi2025\/majoitus-ja-matkustaminen\/\",\"url\":\"https:\/\/sites.uef.fi\/kahifi2025\/majoitus-ja-matkustaminen\/\",\"name\":\"Majoitus, matkustaminen ja muu info - XXI KASVATUKSEN HISTORIAN JA FILOSOFIAN P\u00c4IV\u00c4T\",\"isPartOf\":{\"@id\":\"https:\/\/sites.uef.fi\/kahifi2025\/#website\"},\"datePublished\":\"2025-02-24T12:37:30+00:00\",\"dateModified\":\"2025-06-06T05:18:07+00:00\",\"breadcrumb\":{\"@id\":\"https:\/\/sites.uef.fi\/kahifi2025\/majoitus-ja-matkustaminen\/#breadcrumb\"},\"inLanguage\":\"fi\",\"potentialAction\":[{\"@type\":\"ReadAction\",\"target\":[\"https:\/\/sites.uef.fi\/kahifi2025\/majoitus-ja-matkustaminen\/\"]}]},{\"@type\":\"BreadcrumbList\",\"@id\":\"https:\/\/sites.uef.fi\/kahifi2025\/majoitus-ja-matkustaminen\/#breadcrumb\",\"itemListElement\":[{\"@type\":\"ListItem\",\"position\":1,\"name\":\"Home\",\"item\":\"https:\/\/sites.uef.fi\/kahifi2025\/\"},{\"@type\":\"ListItem\",\"position\":2,\"name\":\"Majoitus, matkustaminen ja muu info\"}]},{\"@type\":\"WebSite\",\"@id\":\"https:\/\/sites.uef.fi\/kahifi2025\/#website\",\"url\":\"https:\/\/sites.uef.fi\/kahifi2025\/\",\"name\":\"XXI KASVATUKSEN HISTORIAN JA FILOSOFIAN P\u00c4IV\u00c4T\",\"description\":\"\",\"potentialAction\":[{\"@type\":\"SearchAction\",\"target\":{\"@type\":\"EntryPoint\",\"urlTemplate\":\"https:\/\/sites.uef.fi\/kahifi2025\/?s={search_term_string}\"},\"query-input\":{\"@type\":\"PropertyValueSpecification\",\"valueRequired\":true,\"valueName\":\"search_term_string\"}}],\"inLanguage\":\"fi\"}]}<\/script>\n<!-- \/ Yoast SEO plugin. -->","yoast_head_json":{"title":"Majoitus, matkustaminen ja muu info - XXI KASVATUKSEN HISTORIAN JA FILOSOFIAN P\u00c4IV\u00c4T","robots":{"index":"index","follow":"follow","max-snippet":"max-snippet:-1","max-image-preview":"max-image-preview:large","max-video-preview":"max-video-preview:-1"},"canonical":"https:\/\/sites.uef.fi\/kahifi2025\/majoitus-ja-matkustaminen\/","og_locale":"fi_FI","og_type":"article","og_title":"Majoitus, matkustaminen ja muu info - XXI KASVATUKSEN HISTORIAN JA FILOSOFIAN P\u00c4IV\u00c4T","og_description":"Matkustaminen Joensuuhun p\u00e4\u00e4see linja-autolla, junalla ja jopa lent\u00e4en. Eri vaihtoehdot on esitelty yliopiston sivuilla. Majoitus Majoitusvaihtoehtoja eri hintaluokista l\u00f6yd\u00e4t Visit Joensuu -sivuston (linkki) kautta. Jos haluat majoittua edullisesti (esim. Greenstar ja Partiotalo) huonevaraus kannattaa tehd\u00e4 mahdollisimman pian. Kartat Joensuun kaupungin kartta ja kampuskartta l\u00f6ytyv\u00e4t t\u00e4st\u00e4. Natura-rakennuksen kartan l\u00f6yd\u00e4t t\u00e4st\u00e4. Pys\u00e4k\u00f6inti Ilmainen pys\u00e4k\u00f6intimahdollisuus l\u00f6ytyy raviradan pys\u00e4k\u00f6intialueelta [&hellip;]","og_url":"https:\/\/sites.uef.fi\/kahifi2025\/majoitus-ja-matkustaminen\/","og_site_name":"XXI KASVATUKSEN HISTORIAN JA FILOSOFIAN P\u00c4IV\u00c4T","article_modified_time":"2025-06-06T05:18:07+00:00","twitter_card":"summary_large_image","twitter_misc":{"Arvioitu lukuaika":"2 minuuttia"},"schema":{"@context":"https:\/\/schema.org","@graph":[{"@type":"WebPage","@id":"https:\/\/sites.uef.fi\/kahifi2025\/majoitus-ja-matkustaminen\/","url":"https:\/\/sites.uef.fi\/kahifi2025\/majoitus-ja-matkustaminen\/","name":"Majoitus, matkustaminen ja muu info - XXI KASVATUKSEN HISTORIAN JA FILOSOFIAN P\u00c4IV\u00c4T","isPartOf":{"@id":"https:\/\/sites.uef.fi\/kahifi2025\/#website"},"datePublished":"2025-02-24T12:37:30+00:00","dateModified":"2025-06-06T05:18:07+00:00","breadcrumb":{"@id":"https:\/\/sites.uef.fi\/kahifi2025\/majoitus-ja-matkustaminen\/#breadcrumb"},"inLanguage":"fi","potentialAction":[{"@type":"ReadAction","target":["https:\/\/sites.uef.fi\/kahifi2025\/majoitus-ja-matkustaminen\/"]}]},{"@type":"BreadcrumbList","@id":"https:\/\/sites.uef.fi\/kahifi2025\/majoitus-ja-matkustaminen\/#breadcrumb","itemListElement":[{"@type":"ListItem","position":1,"name":"Home","item":"https:\/\/sites.uef.fi\/kahifi2025\/"},{"@type":"ListItem","position":2,"name":"Majoitus, matkustaminen ja muu info"}]},{"@type":"WebSite","@id":"https:\/\/sites.uef.fi\/kahifi2025\/#website","url":"https:\/\/sites.uef.fi\/kahifi2025\/","name":"XXI KASVATUKSEN HISTORIAN JA FILOSOFIAN P\u00c4IV\u00c4T","description":"","potentialAction":[{"@type":"SearchAction","target":{"@type":"EntryPoint","urlTemplate":"https:\/\/sites.uef.fi\/kahifi2025\/?s={search_term_string}"},"query-input":{"@type":"PropertyValueSpecification","valueRequired":true,"valueName":"search_term_string"}}],"inLanguage":"fi"}]}},"_links":{"self":[{"href":"https:\/\/sites.uef.fi\/kahifi2025\/wp-json\/wp\/v2\/pages\/142","targetHints":{"allow":["GET"]}}],"collection":[{"href":"https:\/\/sites.uef.fi\/kahifi2025\/wp-json\/wp\/v2\/pages"}],"about":[{"href":"https:\/\/sites.uef.fi\/kahifi2025\/wp-json\/wp\/v2\/types\/page"}],"author":[{"embeddable":true,"href":"https:\/\/sites.uef.fi\/kahifi2025\/wp-json\/wp\/v2\/users\/1283"}],"replies":[{"embeddable":true,"href":"https:\/\/sites.uef.fi\/kahifi2025\/wp-json\/wp\/v2\/comments?post=142"}],"version-history":[{"count":2,"href":"https:\/\/sites.uef.fi\/kahifi2025\/wp-json\/wp\/v2\/pages\/142\/revisions"}],"predecessor-version":[{"id":305,"href":"https:\/\/sites.uef.fi\/kahifi2025\/wp-json\/wp\/v2\/pages\/142\/revisions\/305"}],"wp:attachment":[{"href":"https:\/\/sites.uef.fi\/kahifi2025\/wp-json\/wp\/v2\/media?parent=142"}],"curies":[{"name":"wp","href":"https:\/\/api.w.org\/{rel}","templated":true}]}}