{"id":155,"date":"2025-02-24T15:07:15","date_gmt":"2025-02-24T13:07:15","guid":{"rendered":"https:\/\/sites.uef.fi\/kahifi2025\/?page_id=155"},"modified":"2025-06-02T13:39:04","modified_gmt":"2025-06-02T11:39:04","slug":"abstraktit","status":"publish","type":"page","link":"https:\/\/sites.uef.fi\/kahifi2025\/abstraktit\/","title":{"rendered":"Abstraktikirja"},"content":{"rendered":"\n<p>Abstraktikirja on ladattavissa t\u00e4\u00e4lt\u00e4: <a href=\"https:\/\/sites.uef.fi\/kahifi2025\/wp-content\/uploads\/sites\/545\/2025\/06\/KaHiFi_ohjelma-2025.pdf\">abstraktikirja<\/a><\/p>\n\n\n\n<p><\/p>\n","protected":false},"excerpt":{"rendered":"<p>Abstraktikirja on ladattavissa t\u00e4\u00e4lt\u00e4: abstraktikirja<\/p>\n","protected":false},"author":1283,"featured_media":0,"parent":0,"menu_order":0,"comment_status":"closed","ping_status":"closed","template":"","meta":{"_acf_changed":false,"footnotes":""},"class_list":["post-155","page","type-page","status-publish","hentry"],"acf":[],"yoast_head":"<!-- This site is optimized with the Yoast SEO plugin v27.1.1 - https:\/\/yoast.com\/product\/yoast-seo-wordpress\/ -->\n<title>Abstraktikirja - XXI KASVATUKSEN HISTORIAN JA FILOSOFIAN P\u00c4IV\u00c4T<\/title>\n<meta name=\"robots\" content=\"index, follow, max-snippet:-1, max-image-preview:large, max-video-preview:-1\" \/>\n<link rel=\"canonical\" href=\"https:\/\/sites.uef.fi\/kahifi2025\/abstraktit\/\" \/>\n<meta property=\"og:locale\" content=\"fi_FI\" \/>\n<meta property=\"og:type\" content=\"article\" \/>\n<meta property=\"og:title\" content=\"Abstraktikirja - XXI KASVATUKSEN HISTORIAN JA FILOSOFIAN P\u00c4IV\u00c4T\" \/>\n<meta property=\"og:description\" content=\"Abstraktikirja on ladattavissa t\u00e4\u00e4lt\u00e4: abstraktikirja\" \/>\n<meta property=\"og:url\" content=\"https:\/\/sites.uef.fi\/kahifi2025\/abstraktit\/\" \/>\n<meta property=\"og:site_name\" content=\"XXI KASVATUKSEN HISTORIAN JA FILOSOFIAN P\u00c4IV\u00c4T\" \/>\n<meta property=\"article:modified_time\" content=\"2025-06-02T11:39:04+00:00\" \/>\n<meta name=\"twitter:card\" content=\"summary_large_image\" \/>\n<meta name=\"twitter:label1\" content=\"Arvioitu lukuaika\" \/>\n\t<meta name=\"twitter:data1\" content=\"1 minuutti\" \/>\n<script type=\"application\/ld+json\" class=\"yoast-schema-graph\">{\"@context\":\"https:\/\/schema.org\",\"@graph\":[{\"@type\":\"WebPage\",\"@id\":\"https:\/\/sites.uef.fi\/kahifi2025\/abstraktit\/\",\"url\":\"https:\/\/sites.uef.fi\/kahifi2025\/abstraktit\/\",\"name\":\"Abstraktikirja - XXI KASVATUKSEN HISTORIAN JA FILOSOFIAN P\u00c4IV\u00c4T\",\"isPartOf\":{\"@id\":\"https:\/\/sites.uef.fi\/kahifi2025\/#website\"},\"datePublished\":\"2025-02-24T13:07:15+00:00\",\"dateModified\":\"2025-06-02T11:39:04+00:00\",\"breadcrumb\":{\"@id\":\"https:\/\/sites.uef.fi\/kahifi2025\/abstraktit\/#breadcrumb\"},\"inLanguage\":\"fi\",\"potentialAction\":[{\"@type\":\"ReadAction\",\"target\":[\"https:\/\/sites.uef.fi\/kahifi2025\/abstraktit\/\"]}]},{\"@type\":\"BreadcrumbList\",\"@id\":\"https:\/\/sites.uef.fi\/kahifi2025\/abstraktit\/#breadcrumb\",\"itemListElement\":[{\"@type\":\"ListItem\",\"position\":1,\"name\":\"Home\",\"item\":\"https:\/\/sites.uef.fi\/kahifi2025\/\"},{\"@type\":\"ListItem\",\"position\":2,\"name\":\"Abstraktikirja\"}]},{\"@type\":\"WebSite\",\"@id\":\"https:\/\/sites.uef.fi\/kahifi2025\/#website\",\"url\":\"https:\/\/sites.uef.fi\/kahifi2025\/\",\"name\":\"XXI KASVATUKSEN HISTORIAN JA FILOSOFIAN P\u00c4IV\u00c4T\",\"description\":\"\",\"potentialAction\":[{\"@type\":\"SearchAction\",\"target\":{\"@type\":\"EntryPoint\",\"urlTemplate\":\"https:\/\/sites.uef.fi\/kahifi2025\/?s={search_term_string}\"},\"query-input\":{\"@type\":\"PropertyValueSpecification\",\"valueRequired\":true,\"valueName\":\"search_term_string\"}}],\"inLanguage\":\"fi\"}]}<\/script>\n<!-- \/ Yoast SEO plugin. -->","yoast_head_json":{"title":"Abstraktikirja - XXI KASVATUKSEN HISTORIAN JA FILOSOFIAN P\u00c4IV\u00c4T","robots":{"index":"index","follow":"follow","max-snippet":"max-snippet:-1","max-image-preview":"max-image-preview:large","max-video-preview":"max-video-preview:-1"},"canonical":"https:\/\/sites.uef.fi\/kahifi2025\/abstraktit\/","og_locale":"fi_FI","og_type":"article","og_title":"Abstraktikirja - XXI KASVATUKSEN HISTORIAN JA FILOSOFIAN P\u00c4IV\u00c4T","og_description":"Abstraktikirja on ladattavissa t\u00e4\u00e4lt\u00e4: abstraktikirja","og_url":"https:\/\/sites.uef.fi\/kahifi2025\/abstraktit\/","og_site_name":"XXI KASVATUKSEN HISTORIAN JA FILOSOFIAN P\u00c4IV\u00c4T","article_modified_time":"2025-06-02T11:39:04+00:00","twitter_card":"summary_large_image","twitter_misc":{"Arvioitu lukuaika":"1 minuutti"},"schema":{"@context":"https:\/\/schema.org","@graph":[{"@type":"WebPage","@id":"https:\/\/sites.uef.fi\/kahifi2025\/abstraktit\/","url":"https:\/\/sites.uef.fi\/kahifi2025\/abstraktit\/","name":"Abstraktikirja - XXI KASVATUKSEN HISTORIAN JA FILOSOFIAN P\u00c4IV\u00c4T","isPartOf":{"@id":"https:\/\/sites.uef.fi\/kahifi2025\/#website"},"datePublished":"2025-02-24T13:07:15+00:00","dateModified":"2025-06-02T11:39:04+00:00","breadcrumb":{"@id":"https:\/\/sites.uef.fi\/kahifi2025\/abstraktit\/#breadcrumb"},"inLanguage":"fi","potentialAction":[{"@type":"ReadAction","target":["https:\/\/sites.uef.fi\/kahifi2025\/abstraktit\/"]}]},{"@type":"BreadcrumbList","@id":"https:\/\/sites.uef.fi\/kahifi2025\/abstraktit\/#breadcrumb","itemListElement":[{"@type":"ListItem","position":1,"name":"Home","item":"https:\/\/sites.uef.fi\/kahifi2025\/"},{"@type":"ListItem","position":2,"name":"Abstraktikirja"}]},{"@type":"WebSite","@id":"https:\/\/sites.uef.fi\/kahifi2025\/#website","url":"https:\/\/sites.uef.fi\/kahifi2025\/","name":"XXI KASVATUKSEN HISTORIAN JA FILOSOFIAN P\u00c4IV\u00c4T","description":"","potentialAction":[{"@type":"SearchAction","target":{"@type":"EntryPoint","urlTemplate":"https:\/\/sites.uef.fi\/kahifi2025\/?s={search_term_string}"},"query-input":{"@type":"PropertyValueSpecification","valueRequired":true,"valueName":"search_term_string"}}],"inLanguage":"fi"}]}},"_links":{"self":[{"href":"https:\/\/sites.uef.fi\/kahifi2025\/wp-json\/wp\/v2\/pages\/155","targetHints":{"allow":["GET"]}}],"collection":[{"href":"https:\/\/sites.uef.fi\/kahifi2025\/wp-json\/wp\/v2\/pages"}],"about":[{"href":"https:\/\/sites.uef.fi\/kahifi2025\/wp-json\/wp\/v2\/types\/page"}],"author":[{"embeddable":true,"href":"https:\/\/sites.uef.fi\/kahifi2025\/wp-json\/wp\/v2\/users\/1283"}],"replies":[{"embeddable":true,"href":"https:\/\/sites.uef.fi\/kahifi2025\/wp-json\/wp\/v2\/comments?post=155"}],"version-history":[{"count":2,"href":"https:\/\/sites.uef.fi\/kahifi2025\/wp-json\/wp\/v2\/pages\/155\/revisions"}],"predecessor-version":[{"id":291,"href":"https:\/\/sites.uef.fi\/kahifi2025\/wp-json\/wp\/v2\/pages\/155\/revisions\/291"}],"wp:attachment":[{"href":"https:\/\/sites.uef.fi\/kahifi2025\/wp-json\/wp\/v2\/media?parent=155"}],"curies":[{"name":"wp","href":"https:\/\/api.w.org\/{rel}","templated":true}]}}