{"id":309,"date":"2025-06-07T19:55:33","date_gmt":"2025-06-07T17:55:33","guid":{"rendered":"https:\/\/sites.uef.fi\/kahifi2025\/?page_id=309"},"modified":"2025-06-07T19:56:55","modified_gmt":"2025-06-07T17:56:55","slug":"vuoden-artikkeli","status":"publish","type":"page","link":"https:\/\/sites.uef.fi\/kahifi2025\/vuoden-artikkeli\/","title":{"rendered":"Vuoden artikkeli"},"content":{"rendered":"\n<p><strong>Kasvatus &amp; Aika -lehden<\/strong> vuoden artikkeli (2024) on <strong>Tiina M\u00e4nnist\u00f6-Funkin ja Kaarina Kilpi\u00f6n <em>\u201dKoulun historiaa haistamassa ja kuu(nte)lemassa \u2013 Muistot kopiokoneista ja keskusradioista johdattajina 1900-luvun j\u00e4lkipuolen aistimaailmaan.\u201d<\/em><\/strong><\/p>\n\n\n\n<p>Artikkelissa l\u00e4hestyt\u00e4\u00e4n koulun historiaa sellaisena kuin se v\u00e4littyy aistimuistin kautta. T\u00e4m\u00e4 johdattaa kirjoittajat kuvaamaan koulun materiaalisia sommitelmia, joihin kuuluu koulurakennusten ja koulun esineist\u00f6n lis\u00e4ksi lasten ja aikuisten ruumiillinen l\u00e4sn\u00e4olo. Affektiiviset kuulu- ja hajumuistot antavat mahdollisuuden j\u00e4ljitt\u00e4\u00e4 my\u00f6s kouluarjen esteettist\u00e4 j\u00e4rjestyst\u00e4 ja sen muutoksia.<\/p>\n\n\n\n<p>Tutkimuksen l\u00e4hestymistapa poikkeaa totutusta ja se tarjoaa hyv\u00e4n yleiskatsauksen aistimellisen muistitiedon k\u00e4yt\u00e4nteit\u00e4 ja metodologisia l\u00e4ht\u00f6kohtia k\u00e4sittelev\u00e4\u00e4n problematiikkaan. Siksi se sopii hyvin esimerkkitekstiksi vaikkapa kasvatusalan tutkielmaopintoihin. Artikkeli on my\u00f6s todiste siit\u00e4, millainen informaation runsaus valmisaineistoihin k\u00e4tkeytyy. Lukutapoja on tosiaankin monia.<\/p>\n\n\n\n<p>Artikkelista v\u00e4littyy monipuolinen kuva koulumuistojen v\u00e4litt\u00e4m\u00e4st\u00e4 aistimaisemasta. Lukija saa seurata, kuinka spriimonisteiden haju vaihtuu kopiopapereiden l\u00e4mp\u00f6\u00f6n. N\u00e4m\u00e4 nousevat aistimuistoissa etualalle arvatenkin sen t\u00e4hden, ett\u00e4 ne olivat hyvin l\u00e4hell\u00e4 oppilaita itse\u00e4\u00e4n. Keskusradio j\u00e4\u00e4 jo et\u00e4isemm\u00e4ksi. Se oli vallan v\u00e4likappale.<\/p>\n\n\n\n<p>Kaikkinensa oikein hieno kokonaisuus. Oli ilo lukea.<\/p>\n\n\n\n<p>Joensuussa 4.6.2025<br>Risto Ikonen<\/p>\n","protected":false},"excerpt":{"rendered":"<p>Kasvatus &amp; Aika -lehden vuoden artikkeli (2024) on Tiina M\u00e4nnist\u00f6-Funkin ja Kaarina Kilpi\u00f6n \u201dKoulun historiaa haistamassa ja kuu(nte)lemassa \u2013 Muistot kopiokoneista ja keskusradioista johdattajina 1900-luvun j\u00e4lkipuolen aistimaailmaan.\u201d Artikkelissa l\u00e4hestyt\u00e4\u00e4n koulun historiaa sellaisena kuin se v\u00e4littyy aistimuistin kautta. T\u00e4m\u00e4 johdattaa kirjoittajat kuvaamaan koulun materiaalisia sommitelmia, joihin kuuluu koulurakennusten ja koulun esineist\u00f6n lis\u00e4ksi lasten ja aikuisten ruumiillinen [&hellip;]<\/p>\n","protected":false},"author":1283,"featured_media":0,"parent":0,"menu_order":0,"comment_status":"closed","ping_status":"closed","template":"","meta":{"_acf_changed":false,"footnotes":""},"class_list":["post-309","page","type-page","status-publish","hentry"],"acf":[],"yoast_head":"<!-- This site is optimized with the Yoast SEO plugin v27.1.1 - https:\/\/yoast.com\/product\/yoast-seo-wordpress\/ -->\n<title>Vuoden artikkeli - XXI KASVATUKSEN HISTORIAN JA FILOSOFIAN P\u00c4IV\u00c4T<\/title>\n<meta name=\"robots\" content=\"index, follow, max-snippet:-1, max-image-preview:large, max-video-preview:-1\" \/>\n<link rel=\"canonical\" href=\"https:\/\/sites.uef.fi\/kahifi2025\/vuoden-artikkeli\/\" \/>\n<meta property=\"og:locale\" content=\"fi_FI\" \/>\n<meta property=\"og:type\" content=\"article\" \/>\n<meta property=\"og:title\" content=\"Vuoden artikkeli - XXI KASVATUKSEN HISTORIAN JA FILOSOFIAN P\u00c4IV\u00c4T\" \/>\n<meta property=\"og:description\" content=\"Kasvatus &amp; Aika -lehden vuoden artikkeli (2024) on Tiina M\u00e4nnist\u00f6-Funkin ja Kaarina Kilpi\u00f6n \u201dKoulun historiaa haistamassa ja kuu(nte)lemassa \u2013 Muistot kopiokoneista ja keskusradioista johdattajina 1900-luvun j\u00e4lkipuolen aistimaailmaan.\u201d Artikkelissa l\u00e4hestyt\u00e4\u00e4n koulun historiaa sellaisena kuin se v\u00e4littyy aistimuistin kautta. T\u00e4m\u00e4 johdattaa kirjoittajat kuvaamaan koulun materiaalisia sommitelmia, joihin kuuluu koulurakennusten ja koulun esineist\u00f6n lis\u00e4ksi lasten ja aikuisten ruumiillinen [&hellip;]\" \/>\n<meta property=\"og:url\" content=\"https:\/\/sites.uef.fi\/kahifi2025\/vuoden-artikkeli\/\" \/>\n<meta property=\"og:site_name\" content=\"XXI KASVATUKSEN HISTORIAN JA FILOSOFIAN P\u00c4IV\u00c4T\" \/>\n<meta property=\"article:modified_time\" content=\"2025-06-07T17:56:55+00:00\" \/>\n<meta name=\"twitter:card\" content=\"summary_large_image\" \/>\n<meta name=\"twitter:label1\" content=\"Arvioitu lukuaika\" \/>\n\t<meta name=\"twitter:data1\" content=\"1 minuutti\" \/>\n<script type=\"application\/ld+json\" class=\"yoast-schema-graph\">{\"@context\":\"https:\/\/schema.org\",\"@graph\":[{\"@type\":\"WebPage\",\"@id\":\"https:\/\/sites.uef.fi\/kahifi2025\/vuoden-artikkeli\/\",\"url\":\"https:\/\/sites.uef.fi\/kahifi2025\/vuoden-artikkeli\/\",\"name\":\"Vuoden artikkeli - XXI KASVATUKSEN HISTORIAN JA FILOSOFIAN P\u00c4IV\u00c4T\",\"isPartOf\":{\"@id\":\"https:\/\/sites.uef.fi\/kahifi2025\/#website\"},\"datePublished\":\"2025-06-07T17:55:33+00:00\",\"dateModified\":\"2025-06-07T17:56:55+00:00\",\"breadcrumb\":{\"@id\":\"https:\/\/sites.uef.fi\/kahifi2025\/vuoden-artikkeli\/#breadcrumb\"},\"inLanguage\":\"fi\",\"potentialAction\":[{\"@type\":\"ReadAction\",\"target\":[\"https:\/\/sites.uef.fi\/kahifi2025\/vuoden-artikkeli\/\"]}]},{\"@type\":\"BreadcrumbList\",\"@id\":\"https:\/\/sites.uef.fi\/kahifi2025\/vuoden-artikkeli\/#breadcrumb\",\"itemListElement\":[{\"@type\":\"ListItem\",\"position\":1,\"name\":\"Home\",\"item\":\"https:\/\/sites.uef.fi\/kahifi2025\/\"},{\"@type\":\"ListItem\",\"position\":2,\"name\":\"Vuoden artikkeli\"}]},{\"@type\":\"WebSite\",\"@id\":\"https:\/\/sites.uef.fi\/kahifi2025\/#website\",\"url\":\"https:\/\/sites.uef.fi\/kahifi2025\/\",\"name\":\"XXI KASVATUKSEN HISTORIAN JA FILOSOFIAN P\u00c4IV\u00c4T\",\"description\":\"\",\"potentialAction\":[{\"@type\":\"SearchAction\",\"target\":{\"@type\":\"EntryPoint\",\"urlTemplate\":\"https:\/\/sites.uef.fi\/kahifi2025\/?s={search_term_string}\"},\"query-input\":{\"@type\":\"PropertyValueSpecification\",\"valueRequired\":true,\"valueName\":\"search_term_string\"}}],\"inLanguage\":\"fi\"}]}<\/script>\n<!-- \/ Yoast SEO plugin. -->","yoast_head_json":{"title":"Vuoden artikkeli - XXI KASVATUKSEN HISTORIAN JA FILOSOFIAN P\u00c4IV\u00c4T","robots":{"index":"index","follow":"follow","max-snippet":"max-snippet:-1","max-image-preview":"max-image-preview:large","max-video-preview":"max-video-preview:-1"},"canonical":"https:\/\/sites.uef.fi\/kahifi2025\/vuoden-artikkeli\/","og_locale":"fi_FI","og_type":"article","og_title":"Vuoden artikkeli - XXI KASVATUKSEN HISTORIAN JA FILOSOFIAN P\u00c4IV\u00c4T","og_description":"Kasvatus &amp; Aika -lehden vuoden artikkeli (2024) on Tiina M\u00e4nnist\u00f6-Funkin ja Kaarina Kilpi\u00f6n \u201dKoulun historiaa haistamassa ja kuu(nte)lemassa \u2013 Muistot kopiokoneista ja keskusradioista johdattajina 1900-luvun j\u00e4lkipuolen aistimaailmaan.\u201d Artikkelissa l\u00e4hestyt\u00e4\u00e4n koulun historiaa sellaisena kuin se v\u00e4littyy aistimuistin kautta. T\u00e4m\u00e4 johdattaa kirjoittajat kuvaamaan koulun materiaalisia sommitelmia, joihin kuuluu koulurakennusten ja koulun esineist\u00f6n lis\u00e4ksi lasten ja aikuisten ruumiillinen [&hellip;]","og_url":"https:\/\/sites.uef.fi\/kahifi2025\/vuoden-artikkeli\/","og_site_name":"XXI KASVATUKSEN HISTORIAN JA FILOSOFIAN P\u00c4IV\u00c4T","article_modified_time":"2025-06-07T17:56:55+00:00","twitter_card":"summary_large_image","twitter_misc":{"Arvioitu lukuaika":"1 minuutti"},"schema":{"@context":"https:\/\/schema.org","@graph":[{"@type":"WebPage","@id":"https:\/\/sites.uef.fi\/kahifi2025\/vuoden-artikkeli\/","url":"https:\/\/sites.uef.fi\/kahifi2025\/vuoden-artikkeli\/","name":"Vuoden artikkeli - XXI KASVATUKSEN HISTORIAN JA FILOSOFIAN P\u00c4IV\u00c4T","isPartOf":{"@id":"https:\/\/sites.uef.fi\/kahifi2025\/#website"},"datePublished":"2025-06-07T17:55:33+00:00","dateModified":"2025-06-07T17:56:55+00:00","breadcrumb":{"@id":"https:\/\/sites.uef.fi\/kahifi2025\/vuoden-artikkeli\/#breadcrumb"},"inLanguage":"fi","potentialAction":[{"@type":"ReadAction","target":["https:\/\/sites.uef.fi\/kahifi2025\/vuoden-artikkeli\/"]}]},{"@type":"BreadcrumbList","@id":"https:\/\/sites.uef.fi\/kahifi2025\/vuoden-artikkeli\/#breadcrumb","itemListElement":[{"@type":"ListItem","position":1,"name":"Home","item":"https:\/\/sites.uef.fi\/kahifi2025\/"},{"@type":"ListItem","position":2,"name":"Vuoden artikkeli"}]},{"@type":"WebSite","@id":"https:\/\/sites.uef.fi\/kahifi2025\/#website","url":"https:\/\/sites.uef.fi\/kahifi2025\/","name":"XXI KASVATUKSEN HISTORIAN JA FILOSOFIAN P\u00c4IV\u00c4T","description":"","potentialAction":[{"@type":"SearchAction","target":{"@type":"EntryPoint","urlTemplate":"https:\/\/sites.uef.fi\/kahifi2025\/?s={search_term_string}"},"query-input":{"@type":"PropertyValueSpecification","valueRequired":true,"valueName":"search_term_string"}}],"inLanguage":"fi"}]}},"_links":{"self":[{"href":"https:\/\/sites.uef.fi\/kahifi2025\/wp-json\/wp\/v2\/pages\/309","targetHints":{"allow":["GET"]}}],"collection":[{"href":"https:\/\/sites.uef.fi\/kahifi2025\/wp-json\/wp\/v2\/pages"}],"about":[{"href":"https:\/\/sites.uef.fi\/kahifi2025\/wp-json\/wp\/v2\/types\/page"}],"author":[{"embeddable":true,"href":"https:\/\/sites.uef.fi\/kahifi2025\/wp-json\/wp\/v2\/users\/1283"}],"replies":[{"embeddable":true,"href":"https:\/\/sites.uef.fi\/kahifi2025\/wp-json\/wp\/v2\/comments?post=309"}],"version-history":[{"count":2,"href":"https:\/\/sites.uef.fi\/kahifi2025\/wp-json\/wp\/v2\/pages\/309\/revisions"}],"predecessor-version":[{"id":313,"href":"https:\/\/sites.uef.fi\/kahifi2025\/wp-json\/wp\/v2\/pages\/309\/revisions\/313"}],"wp:attachment":[{"href":"https:\/\/sites.uef.fi\/kahifi2025\/wp-json\/wp\/v2\/media?parent=309"}],"curies":[{"name":"wp","href":"https:\/\/api.w.org\/{rel}","templated":true}]}}