{"id":15,"date":"2022-02-09T10:52:23","date_gmt":"2022-02-09T10:52:23","guid":{"rendered":"https:\/\/sites.uef.fi\/kaikkiohjaavat\/?page_id=15"},"modified":"2023-11-21T13:34:45","modified_gmt":"2023-11-21T11:34:45","slug":"etusivu","status":"publish","type":"page","link":"https:\/\/sites.uef.fi\/kaikkiohjaavat\/","title":{"rendered":"KAIKKI OHJAAVAT"},"content":{"rendered":"\n<p><\/p>\n\n\n\n<p><em>Kaikki ohjaavat<\/em> on hanke, jolla It\u00e4-Suomen yliopistossa tuetaan strategisen rahoituksen turvin koko henkil\u00f6kunnan mahdollisuuksia ohjata opiskelijoita taitavasti ja sujuvasti sek\u00e4 rakentaa hyvinvointia ja yhteis\u00f6llisyytt\u00e4 pedagogisiin kulttuureihin ja ty\u00f6yhteis\u00f6ihin.<\/p>\n\n\n\n<p><strong>Tavoitteet:<\/strong><\/p>\n\n\n\n<p>Hankkeen tavoitteena on kehitt\u00e4\u00e4 opiskelijoiden ohjausta It\u00e4-Suomen yliopistossa<\/p>\n\n\n\n<ul class=\"wp-block-list\">\n<li>Kaikki ohjauksen toimijat yliopistolla \u2013 opetus- ja tutkimushenkil\u00f6kunta, opiskelijat, opintopalvelujen toimijat ja muut ohjauksen ammattilaiset \u2013 tunnistavat ohjauksen osana omia ty\u00f6teht\u00e4vi\u00e4\u00e4n<\/li>\n\n\n\n<li>Tuetaan ohjausyhteisty\u00f6t\u00e4 yksikk\u00f6jen sis\u00e4ll\u00e4 ja niiden v\u00e4lill\u00e4<\/li>\n\n\n\n<li>Tuetaan kehitt\u00e4mis-caseja fasilitoinnin ja tutkimuksen kautta<\/li>\n\n\n\n<li>Luodaan ehdotus siit\u00e4, miten ohjaustoiminnan kehitt\u00e4minen ja tuki jatkossa rakentuu osaksi It\u00e4-Suomen yliopiston toimintaa<\/li>\n<\/ul>\n\n\n\n<p><strong>Toteutus:<\/strong><\/p>\n\n\n\n<p>Hanke on k\u00e4ynnistynyt akateemisen rehtorin Tapio M\u00e4\u00e4t\u00e4n tuella. Sit\u00e4 toteuttaa UEF\/ Ohjauksen koulutus ja mukana j\u00e4rjest\u00e4m\u00e4ss\u00e4 UEF\/ Opintopalvelut.<\/p>\n\n\n\n<p>Hankkeen vet\u00e4j\u00e4 Sanna Vehvil\u00e4inen, opinto- ja uraohjauksen professori<\/p>\n\n\n\n<p>Hankkeen tutkija, Jussi Semi, opinto- ja uraohjauksen yliopisto-opettaja<\/p>\n\n\n\n<p>Muut tutkijat UEF\/Ohjauksen koulutus, yliopisto-opettaja P\u00e4ivi H\u00e4kkinen\u00a0<\/p>\n\n\n\n<p>Lis\u00e4tietoja opinto- ja uraohjauksen professori Sanna Vehvil\u00e4inen sanna.vehvilainen@uef.fi <\/p>\n\n\n\n<p><\/p>\n","protected":false},"excerpt":{"rendered":"<p>Kaikki ohjaavat on hanke, jolla It\u00e4-Suomen yliopistossa tuetaan strategisen rahoituksen turvin koko henkil\u00f6kunnan mahdollisuuksia ohjata opiskelijoita taitavasti ja sujuvasti sek\u00e4 rakentaa hyvinvointia ja yhteis\u00f6llisyytt\u00e4 pedagogisiin kulttuureihin ja ty\u00f6yhteis\u00f6ihin. Tavoitteet: Hankkeen tavoitteena on kehitt\u00e4\u00e4 opiskelijoiden ohjausta It\u00e4-Suomen yliopistossa Toteutus: Hanke on k\u00e4ynnistynyt akateemisen rehtorin Tapio M\u00e4\u00e4t\u00e4n tuella. Sit\u00e4 toteuttaa UEF\/ Ohjauksen koulutus ja mukana j\u00e4rjest\u00e4m\u00e4ss\u00e4 UEF\/ [&hellip;]<\/p>\n","protected":false},"author":2,"featured_media":0,"parent":0,"menu_order":0,"comment_status":"closed","ping_status":"closed","template":"","meta":{"_acf_changed":false,"footnotes":""},"class_list":["post-15","page","type-page","status-publish","hentry"],"acf":[],"yoast_head":"<!-- This site is optimized with the Yoast SEO plugin v27.3 - https:\/\/yoast.com\/product\/yoast-seo-wordpress\/ -->\n<title>KAIKKI OHJAAVAT - Kaikki ohjaavat<\/title>\n<meta name=\"robots\" content=\"index, follow, max-snippet:-1, max-image-preview:large, max-video-preview:-1\" \/>\n<link rel=\"canonical\" href=\"https:\/\/sites.uef.fi\/kaikkiohjaavat\/\" \/>\n<meta property=\"og:locale\" content=\"fi_FI\" \/>\n<meta property=\"og:type\" content=\"article\" \/>\n<meta property=\"og:title\" content=\"KAIKKI OHJAAVAT - Kaikki ohjaavat\" \/>\n<meta property=\"og:description\" content=\"Kaikki ohjaavat on hanke, jolla It\u00e4-Suomen yliopistossa tuetaan strategisen rahoituksen turvin koko henkil\u00f6kunnan mahdollisuuksia ohjata opiskelijoita taitavasti ja sujuvasti sek\u00e4 rakentaa hyvinvointia ja yhteis\u00f6llisyytt\u00e4 pedagogisiin kulttuureihin ja ty\u00f6yhteis\u00f6ihin. Tavoitteet: Hankkeen tavoitteena on kehitt\u00e4\u00e4 opiskelijoiden ohjausta It\u00e4-Suomen yliopistossa Toteutus: Hanke on k\u00e4ynnistynyt akateemisen rehtorin Tapio M\u00e4\u00e4t\u00e4n tuella. Sit\u00e4 toteuttaa UEF\/ Ohjauksen koulutus ja mukana j\u00e4rjest\u00e4m\u00e4ss\u00e4 UEF\/ [&hellip;]\" \/>\n<meta property=\"og:url\" content=\"https:\/\/sites.uef.fi\/kaikkiohjaavat\/\" \/>\n<meta property=\"og:site_name\" content=\"Kaikki ohjaavat\" \/>\n<meta property=\"article:modified_time\" content=\"2023-11-21T11:34:45+00:00\" \/>\n<meta name=\"twitter:card\" content=\"summary_large_image\" \/>\n<meta name=\"twitter:label1\" content=\"Arvioitu lukuaika\" \/>\n\t<meta name=\"twitter:data1\" content=\"1 minuutti\" \/>\n<script type=\"application\/ld+json\" class=\"yoast-schema-graph\">{\"@context\":\"https:\\\/\\\/schema.org\",\"@graph\":[{\"@type\":\"WebPage\",\"@id\":\"https:\\\/\\\/sites.uef.fi\\\/kaikkiohjaavat\\\/\",\"url\":\"https:\\\/\\\/sites.uef.fi\\\/kaikkiohjaavat\\\/\",\"name\":\"KAIKKI OHJAAVAT - Kaikki ohjaavat\",\"isPartOf\":{\"@id\":\"https:\\\/\\\/sites.uef.fi\\\/kaikkiohjaavat\\\/#website\"},\"datePublished\":\"2022-02-09T10:52:23+00:00\",\"dateModified\":\"2023-11-21T11:34:45+00:00\",\"breadcrumb\":{\"@id\":\"https:\\\/\\\/sites.uef.fi\\\/kaikkiohjaavat\\\/#breadcrumb\"},\"inLanguage\":\"fi\",\"potentialAction\":[{\"@type\":\"ReadAction\",\"target\":[\"https:\\\/\\\/sites.uef.fi\\\/kaikkiohjaavat\\\/\"]}]},{\"@type\":\"BreadcrumbList\",\"@id\":\"https:\\\/\\\/sites.uef.fi\\\/kaikkiohjaavat\\\/#breadcrumb\",\"itemListElement\":[{\"@type\":\"ListItem\",\"position\":1,\"name\":\"Home\",\"item\":\"https:\\\/\\\/sites.uef.fi\\\/kaikkiohjaavat\\\/\"},{\"@type\":\"ListItem\",\"position\":2,\"name\":\"KAIKKI OHJAAVAT\"}]},{\"@type\":\"WebSite\",\"@id\":\"https:\\\/\\\/sites.uef.fi\\\/kaikkiohjaavat\\\/#website\",\"url\":\"https:\\\/\\\/sites.uef.fi\\\/kaikkiohjaavat\\\/\",\"name\":\"Kaikki ohjaavat\",\"description\":\"\",\"potentialAction\":[{\"@type\":\"SearchAction\",\"target\":{\"@type\":\"EntryPoint\",\"urlTemplate\":\"https:\\\/\\\/sites.uef.fi\\\/kaikkiohjaavat\\\/?s={search_term_string}\"},\"query-input\":{\"@type\":\"PropertyValueSpecification\",\"valueRequired\":true,\"valueName\":\"search_term_string\"}}],\"inLanguage\":\"fi\"}]}<\/script>\n<!-- \/ Yoast SEO plugin. -->","yoast_head_json":{"title":"KAIKKI OHJAAVAT - Kaikki ohjaavat","robots":{"index":"index","follow":"follow","max-snippet":"max-snippet:-1","max-image-preview":"max-image-preview:large","max-video-preview":"max-video-preview:-1"},"canonical":"https:\/\/sites.uef.fi\/kaikkiohjaavat\/","og_locale":"fi_FI","og_type":"article","og_title":"KAIKKI OHJAAVAT - Kaikki ohjaavat","og_description":"Kaikki ohjaavat on hanke, jolla It\u00e4-Suomen yliopistossa tuetaan strategisen rahoituksen turvin koko henkil\u00f6kunnan mahdollisuuksia ohjata opiskelijoita taitavasti ja sujuvasti sek\u00e4 rakentaa hyvinvointia ja yhteis\u00f6llisyytt\u00e4 pedagogisiin kulttuureihin ja ty\u00f6yhteis\u00f6ihin. Tavoitteet: Hankkeen tavoitteena on kehitt\u00e4\u00e4 opiskelijoiden ohjausta It\u00e4-Suomen yliopistossa Toteutus: Hanke on k\u00e4ynnistynyt akateemisen rehtorin Tapio M\u00e4\u00e4t\u00e4n tuella. Sit\u00e4 toteuttaa UEF\/ Ohjauksen koulutus ja mukana j\u00e4rjest\u00e4m\u00e4ss\u00e4 UEF\/ [&hellip;]","og_url":"https:\/\/sites.uef.fi\/kaikkiohjaavat\/","og_site_name":"Kaikki ohjaavat","article_modified_time":"2023-11-21T11:34:45+00:00","twitter_card":"summary_large_image","twitter_misc":{"Arvioitu lukuaika":"1 minuutti"},"schema":{"@context":"https:\/\/schema.org","@graph":[{"@type":"WebPage","@id":"https:\/\/sites.uef.fi\/kaikkiohjaavat\/","url":"https:\/\/sites.uef.fi\/kaikkiohjaavat\/","name":"KAIKKI OHJAAVAT - Kaikki ohjaavat","isPartOf":{"@id":"https:\/\/sites.uef.fi\/kaikkiohjaavat\/#website"},"datePublished":"2022-02-09T10:52:23+00:00","dateModified":"2023-11-21T11:34:45+00:00","breadcrumb":{"@id":"https:\/\/sites.uef.fi\/kaikkiohjaavat\/#breadcrumb"},"inLanguage":"fi","potentialAction":[{"@type":"ReadAction","target":["https:\/\/sites.uef.fi\/kaikkiohjaavat\/"]}]},{"@type":"BreadcrumbList","@id":"https:\/\/sites.uef.fi\/kaikkiohjaavat\/#breadcrumb","itemListElement":[{"@type":"ListItem","position":1,"name":"Home","item":"https:\/\/sites.uef.fi\/kaikkiohjaavat\/"},{"@type":"ListItem","position":2,"name":"KAIKKI OHJAAVAT"}]},{"@type":"WebSite","@id":"https:\/\/sites.uef.fi\/kaikkiohjaavat\/#website","url":"https:\/\/sites.uef.fi\/kaikkiohjaavat\/","name":"Kaikki ohjaavat","description":"","potentialAction":[{"@type":"SearchAction","target":{"@type":"EntryPoint","urlTemplate":"https:\/\/sites.uef.fi\/kaikkiohjaavat\/?s={search_term_string}"},"query-input":{"@type":"PropertyValueSpecification","valueRequired":true,"valueName":"search_term_string"}}],"inLanguage":"fi"}]}},"_links":{"self":[{"href":"https:\/\/sites.uef.fi\/kaikkiohjaavat\/wp-json\/wp\/v2\/pages\/15","targetHints":{"allow":["GET"]}}],"collection":[{"href":"https:\/\/sites.uef.fi\/kaikkiohjaavat\/wp-json\/wp\/v2\/pages"}],"about":[{"href":"https:\/\/sites.uef.fi\/kaikkiohjaavat\/wp-json\/wp\/v2\/types\/page"}],"author":[{"embeddable":true,"href":"https:\/\/sites.uef.fi\/kaikkiohjaavat\/wp-json\/wp\/v2\/users\/2"}],"replies":[{"embeddable":true,"href":"https:\/\/sites.uef.fi\/kaikkiohjaavat\/wp-json\/wp\/v2\/comments?post=15"}],"version-history":[{"count":2,"href":"https:\/\/sites.uef.fi\/kaikkiohjaavat\/wp-json\/wp\/v2\/pages\/15\/revisions"}],"predecessor-version":[{"id":1014,"href":"https:\/\/sites.uef.fi\/kaikkiohjaavat\/wp-json\/wp\/v2\/pages\/15\/revisions\/1014"}],"wp:attachment":[{"href":"https:\/\/sites.uef.fi\/kaikkiohjaavat\/wp-json\/wp\/v2\/media?parent=15"}],"curies":[{"name":"wp","href":"https:\/\/api.w.org\/{rel}","templated":true}]}}