{"id":229,"date":"2022-02-21T19:26:12","date_gmt":"2022-02-21T17:26:12","guid":{"rendered":"https:\/\/sites.uef.fi\/kaikkiohjaavat\/?page_id=229"},"modified":"2022-02-23T18:39:47","modified_gmt":"2022-02-23T16:39:47","slug":"ohjauksen-tuki","status":"publish","type":"page","link":"https:\/\/sites.uef.fi\/kaikkiohjaavat\/ohjauksen-tuki\/","title":{"rendered":"OHJAUKSEN TUKI"},"content":{"rendered":"\n<p>Kaikki ohjaavat -hankkeen aikana yksik\u00f6ill\u00e4 (osasto \/ laitos \/ oppiaine \/ tutkimusryhm\u00e4 \/ tohtoriohjelma ) on mahdollisuus saada tukea ohjauksen kehitt\u00e4miseen.  Mukana t\u00e4ss\u00e4 ty\u00f6skentelyss\u00e4 on useita UEF Ohjauksen koulutuksen opettajia. Yhteydenotot Sanna Vehvil\u00e4isen kautta: sanna.vehvilainen@uef.fi <\/p>\n\n\n\n<p><strong>KOULUTUSTA<\/strong><\/p>\n\n\n\n<p>Koulutusta tai ty\u00f6pajoja esimerkiksi ryhm\u00e4ohjaukseen, opinn\u00e4ytteen ohjaukseen, hopsaukseen, koko yhteis\u00f6n ohjausyhteisty\u00f6h\u00f6n. Jos sinulla on idea koulutuksesta, jonka haluaisitte UEF:in hankkia ulkopuolelta porukallenne, my\u00f6s sellaisessa tapauksessa voi olla yhteydess\u00e4 meihin!<\/p>\n\n\n\n<p>T\u00e4ss\u00e4 esimerkkej\u00e4 sovituista tai kaavailluista ty\u00f6pajoista\/ohjaussessioista:<\/p>\n\n\n\n<ul class=\"wp-block-list\"><li>Miten yhteis\u00f6 ohjaa? Ty\u00f6paja oppiaineen yhteisen ohjaustoiminnan ymp\u00e4rill\u00e4.<\/li><li>Hankalat ohjaustilanteet &#8211; miten selvit\u00e4 ohjauksen pulmapaikoista?<\/li><li>Miten tukea tieteellisen ajattelun\/aineksen oppimista &#8221;tavallisessa opetuksessa&#8221; ja yksil\u00f6ohjauskohtaamisessa?<\/li><li>Miten hy\u00f6dynt\u00e4\u00e4 opiskelijoiden vertaisryhm\u00e4\u00e4 ohjauksessa?<\/li><\/ul>\n\n\n\n<p><strong>OHJAUSTA<\/strong><\/p>\n\n\n\n<p>Vertaismentorointia ja koulutuksellista ty\u00f6nohjausta<\/p>\n\n\n\n<ul class=\"wp-block-list\"><li>vertaismentorointi on kollegalta-kollegalle ohjauksellista ty\u00f6skentely\u00e4 johon saat tuen ja liikkeellel\u00e4hd\u00f6n<\/li><li>koulutuksellinen ty\u00f6nohjaus on jonkin teeman ja oppimisaiheen ymp\u00e4rille rakennettu ohjauksellinen, case-ty\u00f6skentelyyn pohjautuva ty\u00f6muoto  <\/li><\/ul>\n\n\n\n<p><strong>OHJAUKSEN FASILITOINTIA <\/strong><\/p>\n\n\n\n<p>Sparrausta kehitt\u00e4misideoille? Tukea ja ideoita kehitt\u00e4misp\u00e4iv\u00e4\u00e4n? Tulemme vet\u00e4m\u00e4\u00e4n ty\u00f6skentely\u00e4 niin, ett\u00e4 voitte keskitty\u00e4 asiaan ja me hoidamme puitteet. Lis\u00e4ksi saat uusia ideoita ty\u00f6yhteis\u00f6n ja opiskelijaryhmien ty\u00f6skentelyyn!<\/p>\n\n\n\n<ul class=\"wp-block-list\"><li>&#8221;ohjausvahvistus&#8221; omaan kehitt\u00e4misp\u00e4iv\u00e4\u00e4n <\/li><\/ul>\n","protected":false},"excerpt":{"rendered":"<p>Kaikki ohjaavat -hankkeen aikana yksik\u00f6ill\u00e4 (osasto \/ laitos \/ oppiaine \/ tutkimusryhm\u00e4 \/ tohtoriohjelma ) on mahdollisuus saada tukea ohjauksen kehitt\u00e4miseen. Mukana t\u00e4ss\u00e4 ty\u00f6skentelyss\u00e4 on useita UEF Ohjauksen koulutuksen opettajia. Yhteydenotot Sanna Vehvil\u00e4isen kautta: sanna.vehvilainen@uef.fi KOULUTUSTA Koulutusta tai ty\u00f6pajoja esimerkiksi ryhm\u00e4ohjaukseen, opinn\u00e4ytteen ohjaukseen, hopsaukseen, koko yhteis\u00f6n ohjausyhteisty\u00f6h\u00f6n. Jos sinulla on idea koulutuksesta, jonka haluaisitte UEF:in [&hellip;]<\/p>\n","protected":false},"author":700,"featured_media":0,"parent":0,"menu_order":0,"comment_status":"closed","ping_status":"closed","template":"","meta":{"_acf_changed":false,"footnotes":""},"class_list":["post-229","page","type-page","status-publish","hentry"],"acf":[],"yoast_head":"<!-- This site is optimized with the Yoast SEO plugin v27.3 - https:\/\/yoast.com\/product\/yoast-seo-wordpress\/ -->\n<title>OHJAUKSEN TUKI - Kaikki ohjaavat<\/title>\n<meta name=\"robots\" content=\"index, follow, max-snippet:-1, max-image-preview:large, max-video-preview:-1\" \/>\n<link rel=\"canonical\" href=\"https:\/\/sites.uef.fi\/kaikkiohjaavat\/ohjauksen-tuki\/\" \/>\n<meta property=\"og:locale\" content=\"fi_FI\" \/>\n<meta property=\"og:type\" content=\"article\" \/>\n<meta property=\"og:title\" content=\"OHJAUKSEN TUKI - Kaikki ohjaavat\" \/>\n<meta property=\"og:description\" content=\"Kaikki ohjaavat -hankkeen aikana yksik\u00f6ill\u00e4 (osasto \/ laitos \/ oppiaine \/ tutkimusryhm\u00e4 \/ tohtoriohjelma ) on mahdollisuus saada tukea ohjauksen kehitt\u00e4miseen. Mukana t\u00e4ss\u00e4 ty\u00f6skentelyss\u00e4 on useita UEF Ohjauksen koulutuksen opettajia. Yhteydenotot Sanna Vehvil\u00e4isen kautta: sanna.vehvilainen@uef.fi KOULUTUSTA Koulutusta tai ty\u00f6pajoja esimerkiksi ryhm\u00e4ohjaukseen, opinn\u00e4ytteen ohjaukseen, hopsaukseen, koko yhteis\u00f6n ohjausyhteisty\u00f6h\u00f6n. Jos sinulla on idea koulutuksesta, jonka haluaisitte UEF:in [&hellip;]\" \/>\n<meta property=\"og:url\" content=\"https:\/\/sites.uef.fi\/kaikkiohjaavat\/ohjauksen-tuki\/\" \/>\n<meta property=\"og:site_name\" content=\"Kaikki ohjaavat\" \/>\n<meta property=\"article:modified_time\" content=\"2022-02-23T16:39:47+00:00\" \/>\n<meta name=\"twitter:card\" content=\"summary_large_image\" \/>\n<meta name=\"twitter:label1\" content=\"Arvioitu lukuaika\" \/>\n\t<meta name=\"twitter:data1\" content=\"1 minuutti\" \/>\n<script type=\"application\/ld+json\" class=\"yoast-schema-graph\">{\"@context\":\"https:\\\/\\\/schema.org\",\"@graph\":[{\"@type\":\"WebPage\",\"@id\":\"https:\\\/\\\/sites.uef.fi\\\/kaikkiohjaavat\\\/ohjauksen-tuki\\\/\",\"url\":\"https:\\\/\\\/sites.uef.fi\\\/kaikkiohjaavat\\\/ohjauksen-tuki\\\/\",\"name\":\"OHJAUKSEN TUKI - Kaikki ohjaavat\",\"isPartOf\":{\"@id\":\"https:\\\/\\\/sites.uef.fi\\\/kaikkiohjaavat\\\/#website\"},\"datePublished\":\"2022-02-21T17:26:12+00:00\",\"dateModified\":\"2022-02-23T16:39:47+00:00\",\"breadcrumb\":{\"@id\":\"https:\\\/\\\/sites.uef.fi\\\/kaikkiohjaavat\\\/ohjauksen-tuki\\\/#breadcrumb\"},\"inLanguage\":\"fi\",\"potentialAction\":[{\"@type\":\"ReadAction\",\"target\":[\"https:\\\/\\\/sites.uef.fi\\\/kaikkiohjaavat\\\/ohjauksen-tuki\\\/\"]}]},{\"@type\":\"BreadcrumbList\",\"@id\":\"https:\\\/\\\/sites.uef.fi\\\/kaikkiohjaavat\\\/ohjauksen-tuki\\\/#breadcrumb\",\"itemListElement\":[{\"@type\":\"ListItem\",\"position\":1,\"name\":\"Home\",\"item\":\"https:\\\/\\\/sites.uef.fi\\\/kaikkiohjaavat\\\/\"},{\"@type\":\"ListItem\",\"position\":2,\"name\":\"OHJAUKSEN TUKI\"}]},{\"@type\":\"WebSite\",\"@id\":\"https:\\\/\\\/sites.uef.fi\\\/kaikkiohjaavat\\\/#website\",\"url\":\"https:\\\/\\\/sites.uef.fi\\\/kaikkiohjaavat\\\/\",\"name\":\"Kaikki ohjaavat\",\"description\":\"\",\"potentialAction\":[{\"@type\":\"SearchAction\",\"target\":{\"@type\":\"EntryPoint\",\"urlTemplate\":\"https:\\\/\\\/sites.uef.fi\\\/kaikkiohjaavat\\\/?s={search_term_string}\"},\"query-input\":{\"@type\":\"PropertyValueSpecification\",\"valueRequired\":true,\"valueName\":\"search_term_string\"}}],\"inLanguage\":\"fi\"}]}<\/script>\n<!-- \/ Yoast SEO plugin. -->","yoast_head_json":{"title":"OHJAUKSEN TUKI - Kaikki ohjaavat","robots":{"index":"index","follow":"follow","max-snippet":"max-snippet:-1","max-image-preview":"max-image-preview:large","max-video-preview":"max-video-preview:-1"},"canonical":"https:\/\/sites.uef.fi\/kaikkiohjaavat\/ohjauksen-tuki\/","og_locale":"fi_FI","og_type":"article","og_title":"OHJAUKSEN TUKI - Kaikki ohjaavat","og_description":"Kaikki ohjaavat -hankkeen aikana yksik\u00f6ill\u00e4 (osasto \/ laitos \/ oppiaine \/ tutkimusryhm\u00e4 \/ tohtoriohjelma ) on mahdollisuus saada tukea ohjauksen kehitt\u00e4miseen. Mukana t\u00e4ss\u00e4 ty\u00f6skentelyss\u00e4 on useita UEF Ohjauksen koulutuksen opettajia. Yhteydenotot Sanna Vehvil\u00e4isen kautta: sanna.vehvilainen@uef.fi KOULUTUSTA Koulutusta tai ty\u00f6pajoja esimerkiksi ryhm\u00e4ohjaukseen, opinn\u00e4ytteen ohjaukseen, hopsaukseen, koko yhteis\u00f6n ohjausyhteisty\u00f6h\u00f6n. Jos sinulla on idea koulutuksesta, jonka haluaisitte UEF:in [&hellip;]","og_url":"https:\/\/sites.uef.fi\/kaikkiohjaavat\/ohjauksen-tuki\/","og_site_name":"Kaikki ohjaavat","article_modified_time":"2022-02-23T16:39:47+00:00","twitter_card":"summary_large_image","twitter_misc":{"Arvioitu lukuaika":"1 minuutti"},"schema":{"@context":"https:\/\/schema.org","@graph":[{"@type":"WebPage","@id":"https:\/\/sites.uef.fi\/kaikkiohjaavat\/ohjauksen-tuki\/","url":"https:\/\/sites.uef.fi\/kaikkiohjaavat\/ohjauksen-tuki\/","name":"OHJAUKSEN TUKI - Kaikki ohjaavat","isPartOf":{"@id":"https:\/\/sites.uef.fi\/kaikkiohjaavat\/#website"},"datePublished":"2022-02-21T17:26:12+00:00","dateModified":"2022-02-23T16:39:47+00:00","breadcrumb":{"@id":"https:\/\/sites.uef.fi\/kaikkiohjaavat\/ohjauksen-tuki\/#breadcrumb"},"inLanguage":"fi","potentialAction":[{"@type":"ReadAction","target":["https:\/\/sites.uef.fi\/kaikkiohjaavat\/ohjauksen-tuki\/"]}]},{"@type":"BreadcrumbList","@id":"https:\/\/sites.uef.fi\/kaikkiohjaavat\/ohjauksen-tuki\/#breadcrumb","itemListElement":[{"@type":"ListItem","position":1,"name":"Home","item":"https:\/\/sites.uef.fi\/kaikkiohjaavat\/"},{"@type":"ListItem","position":2,"name":"OHJAUKSEN TUKI"}]},{"@type":"WebSite","@id":"https:\/\/sites.uef.fi\/kaikkiohjaavat\/#website","url":"https:\/\/sites.uef.fi\/kaikkiohjaavat\/","name":"Kaikki ohjaavat","description":"","potentialAction":[{"@type":"SearchAction","target":{"@type":"EntryPoint","urlTemplate":"https:\/\/sites.uef.fi\/kaikkiohjaavat\/?s={search_term_string}"},"query-input":{"@type":"PropertyValueSpecification","valueRequired":true,"valueName":"search_term_string"}}],"inLanguage":"fi"}]}},"_links":{"self":[{"href":"https:\/\/sites.uef.fi\/kaikkiohjaavat\/wp-json\/wp\/v2\/pages\/229","targetHints":{"allow":["GET"]}}],"collection":[{"href":"https:\/\/sites.uef.fi\/kaikkiohjaavat\/wp-json\/wp\/v2\/pages"}],"about":[{"href":"https:\/\/sites.uef.fi\/kaikkiohjaavat\/wp-json\/wp\/v2\/types\/page"}],"author":[{"embeddable":true,"href":"https:\/\/sites.uef.fi\/kaikkiohjaavat\/wp-json\/wp\/v2\/users\/700"}],"replies":[{"embeddable":true,"href":"https:\/\/sites.uef.fi\/kaikkiohjaavat\/wp-json\/wp\/v2\/comments?post=229"}],"version-history":[{"count":2,"href":"https:\/\/sites.uef.fi\/kaikkiohjaavat\/wp-json\/wp\/v2\/pages\/229\/revisions"}],"predecessor-version":[{"id":311,"href":"https:\/\/sites.uef.fi\/kaikkiohjaavat\/wp-json\/wp\/v2\/pages\/229\/revisions\/311"}],"wp:attachment":[{"href":"https:\/\/sites.uef.fi\/kaikkiohjaavat\/wp-json\/wp\/v2\/media?parent=229"}],"curies":[{"name":"wp","href":"https:\/\/api.w.org\/{rel}","templated":true}]}}