{"id":446,"date":"2022-08-18T08:59:51","date_gmt":"2022-08-18T06:59:51","guid":{"rendered":"https:\/\/sites.uef.fi\/kaikkiohjaavat\/?page_id=446"},"modified":"2024-08-08T15:52:58","modified_gmt":"2024-08-08T13:52:58","slug":"ajankohtaista","status":"publish","type":"page","link":"https:\/\/sites.uef.fi\/kaikkiohjaavat\/ajankohtaista\/","title":{"rendered":"AJANKOHTAISTA"},"content":{"rendered":"\n<p>KAIKKKI OHJAAVAT -kehitt\u00e4misraha &#8211; viimeinen haku lukuvuodelle 2024-2025<\/p>\n\n\n\n<p><strong>It\u00e4-Suomen yliopiston Kaikki ohjaavat -toimintamallin mukaisiin opintojen ohjauksen kehitt\u00e4mishankkeisiin voi hakea rahaa viel\u00e4 15.8.2024 asti<\/strong>. L\u00e4het\u00e4 hakemus suoraan Sanna.Vehvilainen@uef.fi <\/p>\n\n\n\n<p><\/p>\n\n\n\n<p>Ohessa tarkempi hakuohje <\/p>\n\n\n\n<p><a href=\"https:\/\/sites.uef.fi\/kaikkiohjaavat\/wp-content\/uploads\/sites\/348\/2024\/08\/kehitt-hankehaku-2024.pdf\">https:\/\/sites.uef.fi\/kaikkiohjaavat\/wp-content\/uploads\/sites\/348\/2024\/08\/kehitt-hankehaku-2024.pdf<\/a><\/p>\n\n\n\n<p><\/p>\n\n\n\n<p>****<\/p>\n\n\n\n<p><\/p>\n\n\n\n<p><strong>Kaikki ohjaavat \u2013 kehitt\u00e4misraha lukuvuodelle 2023\u20132024<\/strong><\/p>\n\n\n\n<p>It\u00e4-Suomen yliopisto avasi opintojen ohjauksen kehitt\u00e4miseksi hankehaun, johon saapui m\u00e4\u00e4r\u00e4aikaan (15.6.2023) menness\u00e4 15 hakemusta.<\/p>\n\n\n\n<p>Lukuvuodelle 2023\u20132024 kehitt\u00e4misrahaa my\u00f6nnet\u00e4\u00e4n seuraavasti:<\/p>\n\n\n\n<ol class=\"wp-block-list\">\n<li><em>Eroon matikka-ahdistuksesta vertaisopetuksen avulla.<\/em> P\u00e4ivi Kosonen, Kauppatieteiden laitos, 18&nbsp;500e<\/li>\n\n\n\n<li><em>Tehostetulla ohjauksella tukea kandidaatin tutkielman tekemiseen.<\/em> Maija Korhonen et.al., Kasvatustieteiden ja psykologian osasto, 18&nbsp;500e<\/li>\n\n\n\n<li><em>Ohjaus opiskelutaitoihin ja vertaistukeen<\/em>. Hanna Lappalainen, Humanistinen osasto, 10&nbsp;000e<\/li>\n\n\n\n<li><em>Ty\u00f6el\u00e4m\u00e4l\u00e4ht\u00f6inen toimintamalli kliinisen farmasian opinn\u00e4ytet\u00f6iden ja projektien toteuttamiseen yhteisty\u00f6ss\u00e4 hyvinvointialueilla<\/em>. Miia Tiihonen, Farmasian laitos, 3000e<\/li>\n<\/ol>\n\n\n\n<p><\/p>\n\n\n\n<p><strong>HANKEHAKEMUKSET kes\u00e4kuussa 2023<\/strong><\/p>\n\n\n\n<p>Saimme hakuajan puitteissa kokonaista 15 hakemusta Kaikki ohjaavat -kehitt\u00e4mishankkeisiin. Hienoa, ett\u00e4 haku her\u00e4tti n\u00e4in suuren kiinnostuksen. Hankerahan saavat valitaan elokuun puolella ja saajille ilmoitetaan yhteyshenkil\u00f6n kautta suoraan. Kerromme saajat my\u00f6s t\u00e4\u00e4ll\u00e4 sivustolla sek\u00e4 muissa kanavissa.<\/p>\n\n\n\n<p><\/p>\n\n\n\n<p><\/p>\n\n\n\n<p><\/p>\n\n\n\n<p><\/p>\n\n\n\n<p><strong>HAE HANKERAHAA<\/strong><\/p>\n\n\n\n<p>Yksik\u00f6t (laitokset, oppiaineet) jotka haluavat panostaa opintojen ohjauksen kehitt\u00e4miseen, voivat hakea <em>Kaikki ohjaavat<\/em>&#8211; rahoitusta (max. 25 000 eur) kehitt\u00e4mishankkeeseen lukuvuodelle 2023-2024. Rahoitusta voi hy\u00f6dynt\u00e4\u00e4 ty\u00f6ajan irrottamiseen kehitt\u00e4misty\u00f6h\u00f6n sek\u00e4 asiantuntijatukeen tai -ty\u00f6panokseen.<\/p>\n\n\n\n<p>It\u00e4-Suomen yliopiston Ohjauksen koulutus tarjoaa lis\u00e4ksi mahdollisuuden hy\u00f6dynt\u00e4\u00e4 fasilitoivaa ja tutkivaa ty\u00f6panosta hankkeen tukena. Ohjauksen koulutuksessa ty\u00f6skentelee 2023-2024 p\u00e4\u00e4toiminen hankkeen tutkija.<\/p>\n\n\n\n<p>Hankkeen tulisi liitty\u00e4 opiskelijoiden ohjaamisen konkreettisiin ratkaisuihin, esim.<\/p>\n\n\n\n<p>&#8211; hops-ohjaus ja muu opintojen ohjaus<\/p>\n\n\n\n<p>&#8211; harjoittelun ohjaus<\/p>\n\n\n\n<p>&#8211; opinn\u00e4ytteen ohjaus<\/p>\n\n\n\n<p>&#8211; ty\u00f6el\u00e4m\u00e4orientaation ja uraohjauksellisen otteen vahvistaminen tutkinnossa<\/p>\n\n\n\n<p>&#8211; opiskelijoiden oppimisen ohjaus, erityisesti huomioon ottaen erilaisten opiskelijoiden tarpeet (esim. opiskelupaikkakunnalla asuvat ja et\u00e4\u00e4ll\u00e4 asuvat, opiskelijoiden erilaiset taustaopinnot ja opiskeluvalmiudet)<\/p>\n\n\n\n<p>Erityisesti toivotaan hankkeissa kehitelt\u00e4v\u00e4n ratkaisuja, jotka hy\u00f6dytt\u00e4v\u00e4t koko yliopistoyhteis\u00f6\u00e4. Hankkeet valitaan tiiviin n. 1-2 sivun mittaisen hakemuksen perusteella. Hakemuksessa tulee esitell\u00e4 hankkeen tausta ja tavoitteet, odotettu hy\u00f6ty ja laajempi merkitys sek\u00e4 alustava budjetti. &nbsp;Mainitkaa hakemuksessa hankkeen yhteyshenkil\u00f6 yhteystietoineen.<\/p>\n\n\n\n<p>Valinnan toteuttavat opinto- ja uraohjauksen professori Sanna Vehvil\u00e4inen, akateeminen rehtori Tapio M\u00e4\u00e4tt\u00e4 sek\u00e4 opintopalvelujen johtaja Miia Turtiainen.<\/p>\n\n\n\n<p>L\u00e4het\u00e4 hakemus 15.6. 2023 menness\u00e4 <a href=\"mailto:sanna.vehvilainen@uef.fi\">sanna.vehvilainen@uef.fi<\/a><\/p>\n\n\n\n<p>P\u00e4\u00e4t\u00f6kset tehd\u00e4\u00e4n kes\u00e4kuun loppuun menness\u00e4. &nbsp;<\/p>\n\n\n\n<p><\/p>\n\n\n\n<p><\/p>\n\n\n\n<p><strong>KAIKKI OHJAAVAT -HANKE JATKUU<\/strong> <\/p>\n\n\n\n<p><\/p>\n\n\n\n<p>It\u00e4-Suomen yliopiston hallitus on osoittanut strategista rahaa Kaikki ohjaavat &#8211; toimintamallin jatkamiseen kahdelle vuodelle 2023-2024.<\/p>\n\n\n\n<p>Kaudella keskeisi\u00e4 tavoitteita ovat<\/p>\n\n\n\n<ul class=\"wp-block-list\">\n<li>opiskelijoiden ohjauksen kokonaisj\u00e4rjestelm\u00e4\u00e4 kuvaavan j\u00e4sennyksen tuottaminen koko yliopiston k\u00e4ytt\u00f6\u00f6n<\/li>\n\n\n\n<li>It\u00e4-Suomen yliopiston opiskelijoiden ohjaamisen pysyv\u00e4\u00e4 tukea koskevan suunnitelman laatiminen<\/li>\n\n\n\n<li>laitos- ja oppiainetason kehitt\u00e4mishankkeiden tukeminen<\/li>\n\n\n\n<li>ohjauksen kehitt\u00e4misen fasilitoiminen yksik\u00f6iss\u00e4 <\/li>\n\n\n\n<li>ohjauksen tuen ja materiaalien ker\u00e4\u00e4minen pysyv\u00e4lle sivustolle<\/li>\n<\/ul>\n\n\n\n<p><\/p>\n\n\n\n<p><strong>KEHITT\u00c4MISHANKEHAKU 2022<\/strong><\/p>\n\n\n\n<p>It\u00e4-Suomen yliopisto avasi opintojen ohjauksen kehitt\u00e4miseksi hankehaun, johon saapui m\u00e4\u00e4r\u00e4aikaan (15.6.2022) menness\u00e4 13 hakemusta.<\/p>\n\n\n\n<p>Vuonna 2022 opintojen ohjauksen kehitt\u00e4misrahaa my\u00f6nnettiin seuraavasti:<\/p>\n\n\n\n<ol class=\"wp-block-list\" style=\"list-style-type:1\">\n<li><em>Onnistuva ohjaus &#8211; <\/em><em>Ty\u00f6el\u00e4m\u00e4l\u00e4ht\u00f6inen malli opinn\u00e4ytet\u00f6iden toteuttamiseen yhteisty\u00f6ss\u00e4 yritysten kanssa, <\/em>Kirsi Ikonen, Fysiikan ja matematiikan laitos, 20&nbsp;000e<em> &nbsp;<\/em><\/li>\n\n\n\n<li><em>Opiskelijoiden haasteet kieli- ja viestint\u00e4opintojen suorittamisessa, <\/em>Noora Kaukola, Maija Mustonen ja Marko Tikkanen, Kielikeskus, 20&nbsp;000e<\/li>\n\n\n\n<li><em>Oikeustieteiden ohjauksen kehitt\u00e4minen, <\/em>Sampo Mielityinen, Oikeustieteiden laitos, 10&nbsp;000e.<\/li>\n<\/ol>\n\n\n\n<p><\/p>\n","protected":false},"excerpt":{"rendered":"<p>KAIKKKI OHJAAVAT -kehitt\u00e4misraha &#8211; viimeinen haku lukuvuodelle 2024-2025 It\u00e4-Suomen yliopiston Kaikki ohjaavat -toimintamallin mukaisiin opintojen ohjauksen kehitt\u00e4mishankkeisiin voi hakea rahaa viel\u00e4 15.8.2024 asti. L\u00e4het\u00e4 hakemus suoraan Sanna.Vehvilainen@uef.fi Ohessa tarkempi hakuohje https:\/\/sites.uef.fi\/kaikkiohjaavat\/wp-content\/uploads\/sites\/348\/2024\/08\/kehitt-hankehaku-2024.pdf **** Kaikki ohjaavat \u2013 kehitt\u00e4misraha lukuvuodelle 2023\u20132024 It\u00e4-Suomen yliopisto avasi opintojen ohjauksen kehitt\u00e4miseksi hankehaun, johon saapui m\u00e4\u00e4r\u00e4aikaan (15.6.2023) menness\u00e4 15 hakemusta. Lukuvuodelle 2023\u20132024 kehitt\u00e4misrahaa [&hellip;]<\/p>\n","protected":false},"author":700,"featured_media":0,"parent":0,"menu_order":0,"comment_status":"closed","ping_status":"closed","template":"","meta":{"_acf_changed":false,"footnotes":""},"class_list":["post-446","page","type-page","status-publish","hentry"],"acf":[],"yoast_head":"<!-- This site is optimized with the Yoast SEO plugin v27.3 - https:\/\/yoast.com\/product\/yoast-seo-wordpress\/ -->\n<title>AJANKOHTAISTA - Kaikki ohjaavat<\/title>\n<meta name=\"robots\" content=\"index, follow, max-snippet:-1, max-image-preview:large, max-video-preview:-1\" \/>\n<link rel=\"canonical\" href=\"https:\/\/sites.uef.fi\/kaikkiohjaavat\/ajankohtaista\/\" \/>\n<meta property=\"og:locale\" content=\"fi_FI\" \/>\n<meta property=\"og:type\" content=\"article\" \/>\n<meta property=\"og:title\" content=\"AJANKOHTAISTA - Kaikki ohjaavat\" \/>\n<meta property=\"og:description\" content=\"KAIKKKI OHJAAVAT -kehitt\u00e4misraha &#8211; viimeinen haku lukuvuodelle 2024-2025 It\u00e4-Suomen yliopiston Kaikki ohjaavat -toimintamallin mukaisiin opintojen ohjauksen kehitt\u00e4mishankkeisiin voi hakea rahaa viel\u00e4 15.8.2024 asti. L\u00e4het\u00e4 hakemus suoraan Sanna.Vehvilainen@uef.fi Ohessa tarkempi hakuohje https:\/\/sites.uef.fi\/kaikkiohjaavat\/wp-content\/uploads\/sites\/348\/2024\/08\/kehitt-hankehaku-2024.pdf **** Kaikki ohjaavat \u2013 kehitt\u00e4misraha lukuvuodelle 2023\u20132024 It\u00e4-Suomen yliopisto avasi opintojen ohjauksen kehitt\u00e4miseksi hankehaun, johon saapui m\u00e4\u00e4r\u00e4aikaan (15.6.2023) menness\u00e4 15 hakemusta. Lukuvuodelle 2023\u20132024 kehitt\u00e4misrahaa [&hellip;]\" \/>\n<meta property=\"og:url\" content=\"https:\/\/sites.uef.fi\/kaikkiohjaavat\/ajankohtaista\/\" \/>\n<meta property=\"og:site_name\" content=\"Kaikki ohjaavat\" \/>\n<meta property=\"article:modified_time\" content=\"2024-08-08T13:52:58+00:00\" \/>\n<meta name=\"twitter:card\" content=\"summary_large_image\" \/>\n<meta name=\"twitter:label1\" content=\"Arvioitu lukuaika\" \/>\n\t<meta name=\"twitter:data1\" content=\"3 minuuttia\" \/>\n<script type=\"application\/ld+json\" class=\"yoast-schema-graph\">{\"@context\":\"https:\\\/\\\/schema.org\",\"@graph\":[{\"@type\":\"WebPage\",\"@id\":\"https:\\\/\\\/sites.uef.fi\\\/kaikkiohjaavat\\\/ajankohtaista\\\/\",\"url\":\"https:\\\/\\\/sites.uef.fi\\\/kaikkiohjaavat\\\/ajankohtaista\\\/\",\"name\":\"AJANKOHTAISTA - Kaikki ohjaavat\",\"isPartOf\":{\"@id\":\"https:\\\/\\\/sites.uef.fi\\\/kaikkiohjaavat\\\/#website\"},\"datePublished\":\"2022-08-18T06:59:51+00:00\",\"dateModified\":\"2024-08-08T13:52:58+00:00\",\"breadcrumb\":{\"@id\":\"https:\\\/\\\/sites.uef.fi\\\/kaikkiohjaavat\\\/ajankohtaista\\\/#breadcrumb\"},\"inLanguage\":\"fi\",\"potentialAction\":[{\"@type\":\"ReadAction\",\"target\":[\"https:\\\/\\\/sites.uef.fi\\\/kaikkiohjaavat\\\/ajankohtaista\\\/\"]}]},{\"@type\":\"BreadcrumbList\",\"@id\":\"https:\\\/\\\/sites.uef.fi\\\/kaikkiohjaavat\\\/ajankohtaista\\\/#breadcrumb\",\"itemListElement\":[{\"@type\":\"ListItem\",\"position\":1,\"name\":\"Home\",\"item\":\"https:\\\/\\\/sites.uef.fi\\\/kaikkiohjaavat\\\/\"},{\"@type\":\"ListItem\",\"position\":2,\"name\":\"AJANKOHTAISTA\"}]},{\"@type\":\"WebSite\",\"@id\":\"https:\\\/\\\/sites.uef.fi\\\/kaikkiohjaavat\\\/#website\",\"url\":\"https:\\\/\\\/sites.uef.fi\\\/kaikkiohjaavat\\\/\",\"name\":\"Kaikki ohjaavat\",\"description\":\"\",\"potentialAction\":[{\"@type\":\"SearchAction\",\"target\":{\"@type\":\"EntryPoint\",\"urlTemplate\":\"https:\\\/\\\/sites.uef.fi\\\/kaikkiohjaavat\\\/?s={search_term_string}\"},\"query-input\":{\"@type\":\"PropertyValueSpecification\",\"valueRequired\":true,\"valueName\":\"search_term_string\"}}],\"inLanguage\":\"fi\"}]}<\/script>\n<!-- \/ Yoast SEO plugin. -->","yoast_head_json":{"title":"AJANKOHTAISTA - Kaikki ohjaavat","robots":{"index":"index","follow":"follow","max-snippet":"max-snippet:-1","max-image-preview":"max-image-preview:large","max-video-preview":"max-video-preview:-1"},"canonical":"https:\/\/sites.uef.fi\/kaikkiohjaavat\/ajankohtaista\/","og_locale":"fi_FI","og_type":"article","og_title":"AJANKOHTAISTA - Kaikki ohjaavat","og_description":"KAIKKKI OHJAAVAT -kehitt\u00e4misraha &#8211; viimeinen haku lukuvuodelle 2024-2025 It\u00e4-Suomen yliopiston Kaikki ohjaavat -toimintamallin mukaisiin opintojen ohjauksen kehitt\u00e4mishankkeisiin voi hakea rahaa viel\u00e4 15.8.2024 asti. L\u00e4het\u00e4 hakemus suoraan Sanna.Vehvilainen@uef.fi Ohessa tarkempi hakuohje https:\/\/sites.uef.fi\/kaikkiohjaavat\/wp-content\/uploads\/sites\/348\/2024\/08\/kehitt-hankehaku-2024.pdf **** Kaikki ohjaavat \u2013 kehitt\u00e4misraha lukuvuodelle 2023\u20132024 It\u00e4-Suomen yliopisto avasi opintojen ohjauksen kehitt\u00e4miseksi hankehaun, johon saapui m\u00e4\u00e4r\u00e4aikaan (15.6.2023) menness\u00e4 15 hakemusta. Lukuvuodelle 2023\u20132024 kehitt\u00e4misrahaa [&hellip;]","og_url":"https:\/\/sites.uef.fi\/kaikkiohjaavat\/ajankohtaista\/","og_site_name":"Kaikki ohjaavat","article_modified_time":"2024-08-08T13:52:58+00:00","twitter_card":"summary_large_image","twitter_misc":{"Arvioitu lukuaika":"3 minuuttia"},"schema":{"@context":"https:\/\/schema.org","@graph":[{"@type":"WebPage","@id":"https:\/\/sites.uef.fi\/kaikkiohjaavat\/ajankohtaista\/","url":"https:\/\/sites.uef.fi\/kaikkiohjaavat\/ajankohtaista\/","name":"AJANKOHTAISTA - Kaikki ohjaavat","isPartOf":{"@id":"https:\/\/sites.uef.fi\/kaikkiohjaavat\/#website"},"datePublished":"2022-08-18T06:59:51+00:00","dateModified":"2024-08-08T13:52:58+00:00","breadcrumb":{"@id":"https:\/\/sites.uef.fi\/kaikkiohjaavat\/ajankohtaista\/#breadcrumb"},"inLanguage":"fi","potentialAction":[{"@type":"ReadAction","target":["https:\/\/sites.uef.fi\/kaikkiohjaavat\/ajankohtaista\/"]}]},{"@type":"BreadcrumbList","@id":"https:\/\/sites.uef.fi\/kaikkiohjaavat\/ajankohtaista\/#breadcrumb","itemListElement":[{"@type":"ListItem","position":1,"name":"Home","item":"https:\/\/sites.uef.fi\/kaikkiohjaavat\/"},{"@type":"ListItem","position":2,"name":"AJANKOHTAISTA"}]},{"@type":"WebSite","@id":"https:\/\/sites.uef.fi\/kaikkiohjaavat\/#website","url":"https:\/\/sites.uef.fi\/kaikkiohjaavat\/","name":"Kaikki ohjaavat","description":"","potentialAction":[{"@type":"SearchAction","target":{"@type":"EntryPoint","urlTemplate":"https:\/\/sites.uef.fi\/kaikkiohjaavat\/?s={search_term_string}"},"query-input":{"@type":"PropertyValueSpecification","valueRequired":true,"valueName":"search_term_string"}}],"inLanguage":"fi"}]}},"_links":{"self":[{"href":"https:\/\/sites.uef.fi\/kaikkiohjaavat\/wp-json\/wp\/v2\/pages\/446","targetHints":{"allow":["GET"]}}],"collection":[{"href":"https:\/\/sites.uef.fi\/kaikkiohjaavat\/wp-json\/wp\/v2\/pages"}],"about":[{"href":"https:\/\/sites.uef.fi\/kaikkiohjaavat\/wp-json\/wp\/v2\/types\/page"}],"author":[{"embeddable":true,"href":"https:\/\/sites.uef.fi\/kaikkiohjaavat\/wp-json\/wp\/v2\/users\/700"}],"replies":[{"embeddable":true,"href":"https:\/\/sites.uef.fi\/kaikkiohjaavat\/wp-json\/wp\/v2\/comments?post=446"}],"version-history":[{"count":2,"href":"https:\/\/sites.uef.fi\/kaikkiohjaavat\/wp-json\/wp\/v2\/pages\/446\/revisions"}],"predecessor-version":[{"id":1050,"href":"https:\/\/sites.uef.fi\/kaikkiohjaavat\/wp-json\/wp\/v2\/pages\/446\/revisions\/1050"}],"wp:attachment":[{"href":"https:\/\/sites.uef.fi\/kaikkiohjaavat\/wp-json\/wp\/v2\/media?parent=446"}],"curies":[{"name":"wp","href":"https:\/\/api.w.org\/{rel}","templated":true}]}}