{"id":51,"date":"2022-02-09T14:04:57","date_gmt":"2022-02-09T12:04:57","guid":{"rendered":"https:\/\/sites.uef.fi\/kaikkiohjaavat\/?page_id=51"},"modified":"2023-04-28T09:45:56","modified_gmt":"2023-04-28T07:45:56","slug":"webinaarit","status":"publish","type":"page","link":"https:\/\/sites.uef.fi\/kaikkiohjaavat\/webinaarit\/","title":{"rendered":"Webinaarit"},"content":{"rendered":"\n<p>T\u00e4\u00e4lt\u00e4 l\u00f6yd\u00e4t tiedon hankkeen avoimista webinaareista ja muista tilaisuuksista<\/p>\n\n\n\n<p><\/p>\n\n\n\n<p><strong>Vuoden 2023 webinaarit<\/strong> <\/p>\n\n\n\n<p><\/p>\n\n\n\n<p>Kaikki ohjaavat &#8211; vuoden 2022 kehitt\u00e4mishankkeiden esittely <em>Opiskeluhyvinvoinnin ja ohjauksen teemap\u00e4iv\u00e4ss\u00e4 23.2.<\/em> <\/p>\n\n\n\n<p>***<\/p>\n\n\n\n<p>Miten ohjata ty\u00f6ss\u00e4oppijaa asiantuntijuuteen?<em> 27.4.2023 klo 13-16<\/em> <\/p>\n\n\n\n<p>It\u00e4-Suomen yliopiston&nbsp;<a href=\"https:\/\/uefconnect.uef.fi\/tutkimusryhma\/ohjausosaaminen-ja-ammatillinen-toimijuus\/\" target=\"_blank\" rel=\"noreferrer noopener\">Ohjausosaaminen ja ammatillinen toimijuus<\/a>&nbsp;-hanke sek\u00e4<a href=\"https:\/\/uefconnect.uef.fi\/tutkimusryhma\/kaikki-ohjaavat\/\" target=\"_blank\" rel=\"noreferrer noopener\">&nbsp;Kaikki ohjaavat<\/a>&nbsp;-hanke j\u00e4rjest\u00e4v\u00e4t yhdess\u00e4 avoimen webinaarin.<\/p>\n\n\n\n<p>Webinaarissa k\u00e4yd\u00e4\u00e4n l\u00e4pi yliopistossa tapahtuvaan harjoitteluun liittyvi\u00e4 kysymyksi\u00e4, kuten k\u00e4yt\u00e4nn\u00f6n opetusta sek\u00e4 erikoistujan ohjaamista. N\u00e4k\u00f6kulmat ovat tutkimusperustaisia mutta k\u00e4yt\u00e4nn\u00f6llisi\u00e4.&nbsp;Teemoina mm. taitavan ohjauksen keskeiset elementit, yhteis\u00f6n rooli ohjauksessa, ohjauksen palkitsevuus ohjaajalle ja ohjausosaamisen karttuminen ty\u00f6el\u00e4m\u00e4ss\u00e4.&nbsp;<\/p>\n\n\n\n<p>Tervetuloa mukaan! &nbsp;&nbsp;<\/p>\n\n\n\n<p><strong>Ohjelma<\/strong><br>&nbsp;<br>13.00-13.15 Avaus ja tervetuloa&nbsp;<br>Professori Sanna Vehvil\u00e4inen ja yliopisto-opettaja Jussi Semi &nbsp;<br><br>13.15-13.45&nbsp;<strong>Ty\u00f6ss\u00e4 oppimisen ohjaus ty\u00f6terveyshuollon erikoisl\u00e4\u00e4k\u00e4rikoulutuksessa ja moniammatillisen ty\u00f6yhteis\u00f6n osallistuminen ohjaukseen&nbsp;<\/strong><br>Yliopisto-opettaja Marianne Rytk\u00f6nen ja kliininen opettaja Elina Ruotsalainen, kansanterveystieteen ja kliinisen ravitsemustieteen yksikk\u00f6\/ty\u00f6terveyshuollon erikoisl\u00e4\u00e4k\u00e4rikoulutus<\/p>\n\n\n\n<p>13.45-14.15&nbsp;<strong>Yleisl\u00e4\u00e4ketieteen erikoisl\u00e4\u00e4k\u00e4rikouluttajan ohjaustoimijuus koulutusprosessin alussa osana&nbsp;erikoisl\u00e4\u00e4k\u00e4rin substanssiosaamista ja -tekemist\u00e4<\/strong><br>Kliininen opettaja Katri Salokangas<\/p>\n\n\n\n<p>14.15-14.30 Yhteist\u00e4 keskustelua alustusten pohjalta&nbsp;<br><br>14.30-14.45 &nbsp;Tauko&nbsp;&nbsp;<br><br>14.45-15.15&nbsp;<strong>Sosiaality\u00f6n k\u00e4yt\u00e4nn\u00f6n opetus<\/strong> (otsikko tarkentuu)&nbsp;<br>Yliopistonlehtori Ulla Nuutinen, It\u00e4-Suomen yliopisto, ohjauksen koulutus<br>Yliopistonlehtori Arja Jokinen, Tampereen yliopisto, sosiaality\u00f6<br>Yliopettaja Tarja Juvonen, Laurea ammattikorkeakoulu, sosiaality\u00f6&nbsp;<br><br>15.15-15.30 <strong>Ohjaustoimijuus ty\u00f6paikalla &#8211; ohjausosaamisen \u201dstepit\u201d<\/strong><br>Professori Sanna Vehvil\u00e4inen,&nbsp;It\u00e4-Suomen yliopisto<\/p>\n\n\n\n<p>15.30-15.50&nbsp;<strong>Opojen harjoittelun ohjauksen opas<\/strong><br>Opinto-ohjaajat Kati Huttu-Pantsari sek\u00e4 Visa Tuominen, It\u00e4-Suomen yliopiston harjoittelukoulu, Tulliportin normaalikoulu<br>Yliopisto-opettajat Sirja M\u00f6tt\u00f6nen ja Merja Tamminen, It\u00e4-Suomen yliopisto, ohjauksen koulutus<br><br>15.50-16.00 Yhteist\u00e4 keskustelua alustusten pohjalta.<\/p>\n\n\n\n<p>***<\/p>\n\n\n\n<p><strong>Hanke on k\u00e4ynnistetty avoimilla webinaareilla.<\/strong><\/p>\n\n\n\n<p>Webinaarin pysyv\u00e4 linkki: <\/p>\n\n\n\n<p>ZOOM: <a rel=\"noreferrer noopener\" href=\"https:\/\/uef.zoom.us\/j\/65094939705?pwd=RjRMTURSNVA5WEdIYjJvZWorOTZOZz09\" target=\"_blank\">https:\/\/uef.zoom.us\/j\/65094939705?pwd=RjRMTURSNVA5WEdIYjJvZW&#8230;<\/a><\/p>\n\n\n\n<p><strong>Teemat ja ajankohdat:<\/strong><\/p>\n\n\n\n<p>22.2. 2022 klo 13-15 Miksi ja miten kaikki ohjaavat? Mit\u00e4 opiskelijat tarvitsevat? Miten opettajat jaksavat?  Alustajina yliopisto-opettaja P\u00e4ivi H\u00e4kkinen, yliopistonlehtori Toni Kosonen ja professori Sanna Vehvil\u00e4inen, UEF Ohjauksen koulutus<\/p>\n\n\n\n<p><\/p>\n\n\n\n<p>16.3. 2022 klo 13-15 Oppimisprosessien ohjaaminen, erityisesti opinn\u00e4ytteen ohjaaminen<\/p>\n\n\n\n<p>Oppimisen ja opinn\u00e4ytteen ohjaaminen yliopistokonteksteissa \u2013 ydinelementtej\u00e4, opinto- ja uraohjauksen professori Sanna Vehvil\u00e4inen<\/p>\n\n\n\n<p>Omaopettajamallin sovellus UEF Humanistisessa osastossa, yliopistonlehtori Minna Ruokonen<\/p>\n\n\n\n<p>UEF Psykologian \u201dgraduvuosi\u201d-k\u00e4yt\u00e4nt\u00f6 opinn\u00e4ytteen ohjauksen sovelluksena, yliopistonlehtori Maija Korhonen<\/p>\n\n\n\n<p>5.4. 2022 klo 13-15 Ohjaus, ura ja ty\u00f6el\u00e4m\u00e4: harjoittelunohjaus ja uraohjaus<\/p>\n\n\n\n<p> <p>Vieraana: Eric Carver, asiantuntija, HY; \u201dMiten koulutusohjelmayhteis\u00f6 voi tukea opiskelijan urasuunnittelua\u201d. <\/p> <\/p>\n\n\n\n<p><\/p>\n\n\n\n<p><\/p>\n\n\n\n<p>Lis\u00e4tietoa: Sanna Vehvil\u00e4inen <a href=\"mailto:sanna.vehvilainen@uef.fi\">sanna.vehvilainen@uef.fi<\/a>, Jussi Semi <a href=\"mailto:jussi.semi@uef.fi\">jussi.semi@uef.fi<\/a><\/p>\n\n\n\n<p><\/p>\n\n\n\n<p><\/p>\n","protected":false},"excerpt":{"rendered":"<p>T\u00e4\u00e4lt\u00e4 l\u00f6yd\u00e4t tiedon hankkeen avoimista webinaareista ja muista tilaisuuksista Vuoden 2023 webinaarit Kaikki ohjaavat &#8211; vuoden 2022 kehitt\u00e4mishankkeiden esittely Opiskeluhyvinvoinnin ja ohjauksen teemap\u00e4iv\u00e4ss\u00e4 23.2. *** Miten ohjata ty\u00f6ss\u00e4oppijaa asiantuntijuuteen? 27.4.2023 klo 13-16 It\u00e4-Suomen yliopiston&nbsp;Ohjausosaaminen ja ammatillinen toimijuus&nbsp;-hanke sek\u00e4&nbsp;Kaikki ohjaavat&nbsp;-hanke j\u00e4rjest\u00e4v\u00e4t yhdess\u00e4 avoimen webinaarin. Webinaarissa k\u00e4yd\u00e4\u00e4n l\u00e4pi yliopistossa tapahtuvaan harjoitteluun liittyvi\u00e4 kysymyksi\u00e4, kuten k\u00e4yt\u00e4nn\u00f6n opetusta sek\u00e4 [&hellip;]<\/p>\n","protected":false},"author":700,"featured_media":0,"parent":0,"menu_order":0,"comment_status":"closed","ping_status":"closed","template":"","meta":{"_acf_changed":false,"footnotes":""},"class_list":["post-51","page","type-page","status-publish","hentry"],"acf":[],"yoast_head":"<!-- This site is optimized with the Yoast SEO plugin v27.3 - https:\/\/yoast.com\/product\/yoast-seo-wordpress\/ -->\n<title>Webinaarit - Kaikki ohjaavat<\/title>\n<meta name=\"robots\" content=\"index, follow, max-snippet:-1, max-image-preview:large, max-video-preview:-1\" \/>\n<link rel=\"canonical\" href=\"https:\/\/sites.uef.fi\/kaikkiohjaavat\/webinaarit\/\" \/>\n<meta property=\"og:locale\" content=\"fi_FI\" \/>\n<meta property=\"og:type\" content=\"article\" \/>\n<meta property=\"og:title\" content=\"Webinaarit - Kaikki ohjaavat\" \/>\n<meta property=\"og:description\" content=\"T\u00e4\u00e4lt\u00e4 l\u00f6yd\u00e4t tiedon hankkeen avoimista webinaareista ja muista tilaisuuksista Vuoden 2023 webinaarit Kaikki ohjaavat &#8211; vuoden 2022 kehitt\u00e4mishankkeiden esittely Opiskeluhyvinvoinnin ja ohjauksen teemap\u00e4iv\u00e4ss\u00e4 23.2. *** Miten ohjata ty\u00f6ss\u00e4oppijaa asiantuntijuuteen? 27.4.2023 klo 13-16 It\u00e4-Suomen yliopiston&nbsp;Ohjausosaaminen ja ammatillinen toimijuus&nbsp;-hanke sek\u00e4&nbsp;Kaikki ohjaavat&nbsp;-hanke j\u00e4rjest\u00e4v\u00e4t yhdess\u00e4 avoimen webinaarin. Webinaarissa k\u00e4yd\u00e4\u00e4n l\u00e4pi yliopistossa tapahtuvaan harjoitteluun liittyvi\u00e4 kysymyksi\u00e4, kuten k\u00e4yt\u00e4nn\u00f6n opetusta sek\u00e4 [&hellip;]\" \/>\n<meta property=\"og:url\" content=\"https:\/\/sites.uef.fi\/kaikkiohjaavat\/webinaarit\/\" \/>\n<meta property=\"og:site_name\" content=\"Kaikki ohjaavat\" \/>\n<meta property=\"article:modified_time\" content=\"2023-04-28T07:45:56+00:00\" \/>\n<meta name=\"twitter:card\" content=\"summary_large_image\" \/>\n<meta name=\"twitter:label1\" content=\"Arvioitu lukuaika\" \/>\n\t<meta name=\"twitter:data1\" content=\"2 minuuttia\" \/>\n<script type=\"application\/ld+json\" class=\"yoast-schema-graph\">{\"@context\":\"https:\\\/\\\/schema.org\",\"@graph\":[{\"@type\":\"WebPage\",\"@id\":\"https:\\\/\\\/sites.uef.fi\\\/kaikkiohjaavat\\\/webinaarit\\\/\",\"url\":\"https:\\\/\\\/sites.uef.fi\\\/kaikkiohjaavat\\\/webinaarit\\\/\",\"name\":\"Webinaarit - Kaikki ohjaavat\",\"isPartOf\":{\"@id\":\"https:\\\/\\\/sites.uef.fi\\\/kaikkiohjaavat\\\/#website\"},\"datePublished\":\"2022-02-09T12:04:57+00:00\",\"dateModified\":\"2023-04-28T07:45:56+00:00\",\"breadcrumb\":{\"@id\":\"https:\\\/\\\/sites.uef.fi\\\/kaikkiohjaavat\\\/webinaarit\\\/#breadcrumb\"},\"inLanguage\":\"fi\",\"potentialAction\":[{\"@type\":\"ReadAction\",\"target\":[\"https:\\\/\\\/sites.uef.fi\\\/kaikkiohjaavat\\\/webinaarit\\\/\"]}]},{\"@type\":\"BreadcrumbList\",\"@id\":\"https:\\\/\\\/sites.uef.fi\\\/kaikkiohjaavat\\\/webinaarit\\\/#breadcrumb\",\"itemListElement\":[{\"@type\":\"ListItem\",\"position\":1,\"name\":\"Home\",\"item\":\"https:\\\/\\\/sites.uef.fi\\\/kaikkiohjaavat\\\/\"},{\"@type\":\"ListItem\",\"position\":2,\"name\":\"Webinaarit\"}]},{\"@type\":\"WebSite\",\"@id\":\"https:\\\/\\\/sites.uef.fi\\\/kaikkiohjaavat\\\/#website\",\"url\":\"https:\\\/\\\/sites.uef.fi\\\/kaikkiohjaavat\\\/\",\"name\":\"Kaikki ohjaavat\",\"description\":\"\",\"potentialAction\":[{\"@type\":\"SearchAction\",\"target\":{\"@type\":\"EntryPoint\",\"urlTemplate\":\"https:\\\/\\\/sites.uef.fi\\\/kaikkiohjaavat\\\/?s={search_term_string}\"},\"query-input\":{\"@type\":\"PropertyValueSpecification\",\"valueRequired\":true,\"valueName\":\"search_term_string\"}}],\"inLanguage\":\"fi\"}]}<\/script>\n<!-- \/ Yoast SEO plugin. -->","yoast_head_json":{"title":"Webinaarit - Kaikki ohjaavat","robots":{"index":"index","follow":"follow","max-snippet":"max-snippet:-1","max-image-preview":"max-image-preview:large","max-video-preview":"max-video-preview:-1"},"canonical":"https:\/\/sites.uef.fi\/kaikkiohjaavat\/webinaarit\/","og_locale":"fi_FI","og_type":"article","og_title":"Webinaarit - Kaikki ohjaavat","og_description":"T\u00e4\u00e4lt\u00e4 l\u00f6yd\u00e4t tiedon hankkeen avoimista webinaareista ja muista tilaisuuksista Vuoden 2023 webinaarit Kaikki ohjaavat &#8211; vuoden 2022 kehitt\u00e4mishankkeiden esittely Opiskeluhyvinvoinnin ja ohjauksen teemap\u00e4iv\u00e4ss\u00e4 23.2. *** Miten ohjata ty\u00f6ss\u00e4oppijaa asiantuntijuuteen? 27.4.2023 klo 13-16 It\u00e4-Suomen yliopiston&nbsp;Ohjausosaaminen ja ammatillinen toimijuus&nbsp;-hanke sek\u00e4&nbsp;Kaikki ohjaavat&nbsp;-hanke j\u00e4rjest\u00e4v\u00e4t yhdess\u00e4 avoimen webinaarin. Webinaarissa k\u00e4yd\u00e4\u00e4n l\u00e4pi yliopistossa tapahtuvaan harjoitteluun liittyvi\u00e4 kysymyksi\u00e4, kuten k\u00e4yt\u00e4nn\u00f6n opetusta sek\u00e4 [&hellip;]","og_url":"https:\/\/sites.uef.fi\/kaikkiohjaavat\/webinaarit\/","og_site_name":"Kaikki ohjaavat","article_modified_time":"2023-04-28T07:45:56+00:00","twitter_card":"summary_large_image","twitter_misc":{"Arvioitu lukuaika":"2 minuuttia"},"schema":{"@context":"https:\/\/schema.org","@graph":[{"@type":"WebPage","@id":"https:\/\/sites.uef.fi\/kaikkiohjaavat\/webinaarit\/","url":"https:\/\/sites.uef.fi\/kaikkiohjaavat\/webinaarit\/","name":"Webinaarit - Kaikki ohjaavat","isPartOf":{"@id":"https:\/\/sites.uef.fi\/kaikkiohjaavat\/#website"},"datePublished":"2022-02-09T12:04:57+00:00","dateModified":"2023-04-28T07:45:56+00:00","breadcrumb":{"@id":"https:\/\/sites.uef.fi\/kaikkiohjaavat\/webinaarit\/#breadcrumb"},"inLanguage":"fi","potentialAction":[{"@type":"ReadAction","target":["https:\/\/sites.uef.fi\/kaikkiohjaavat\/webinaarit\/"]}]},{"@type":"BreadcrumbList","@id":"https:\/\/sites.uef.fi\/kaikkiohjaavat\/webinaarit\/#breadcrumb","itemListElement":[{"@type":"ListItem","position":1,"name":"Home","item":"https:\/\/sites.uef.fi\/kaikkiohjaavat\/"},{"@type":"ListItem","position":2,"name":"Webinaarit"}]},{"@type":"WebSite","@id":"https:\/\/sites.uef.fi\/kaikkiohjaavat\/#website","url":"https:\/\/sites.uef.fi\/kaikkiohjaavat\/","name":"Kaikki ohjaavat","description":"","potentialAction":[{"@type":"SearchAction","target":{"@type":"EntryPoint","urlTemplate":"https:\/\/sites.uef.fi\/kaikkiohjaavat\/?s={search_term_string}"},"query-input":{"@type":"PropertyValueSpecification","valueRequired":true,"valueName":"search_term_string"}}],"inLanguage":"fi"}]}},"_links":{"self":[{"href":"https:\/\/sites.uef.fi\/kaikkiohjaavat\/wp-json\/wp\/v2\/pages\/51","targetHints":{"allow":["GET"]}}],"collection":[{"href":"https:\/\/sites.uef.fi\/kaikkiohjaavat\/wp-json\/wp\/v2\/pages"}],"about":[{"href":"https:\/\/sites.uef.fi\/kaikkiohjaavat\/wp-json\/wp\/v2\/types\/page"}],"author":[{"embeddable":true,"href":"https:\/\/sites.uef.fi\/kaikkiohjaavat\/wp-json\/wp\/v2\/users\/700"}],"replies":[{"embeddable":true,"href":"https:\/\/sites.uef.fi\/kaikkiohjaavat\/wp-json\/wp\/v2\/comments?post=51"}],"version-history":[{"count":2,"href":"https:\/\/sites.uef.fi\/kaikkiohjaavat\/wp-json\/wp\/v2\/pages\/51\/revisions"}],"predecessor-version":[{"id":1017,"href":"https:\/\/sites.uef.fi\/kaikkiohjaavat\/wp-json\/wp\/v2\/pages\/51\/revisions\/1017"}],"wp:attachment":[{"href":"https:\/\/sites.uef.fi\/kaikkiohjaavat\/wp-json\/wp\/v2\/media?parent=51"}],"curies":[{"name":"wp","href":"https:\/\/api.w.org\/{rel}","templated":true}]}}