{"id":554,"date":"2023-02-27T09:37:23","date_gmt":"2023-02-27T07:37:23","guid":{"rendered":"https:\/\/sites.uef.fi\/kaikkiohjaavat\/?page_id=554"},"modified":"2023-04-04T08:16:28","modified_gmt":"2023-04-04T06:16:28","slug":"tapahtumat","status":"publish","type":"page","link":"https:\/\/sites.uef.fi\/kaikkiohjaavat\/tapahtumat\/","title":{"rendered":"TAPAHTUMAT"},"content":{"rendered":"\n<p><strong>Opiskeluhyvinvoinnin ja ohjauksen teemap\u00e4iv\u00e4 to 23.2.2023<\/strong><\/p>\n\n\n\n<p><strong>Kohtaamisia<\/strong><\/p>\n\n\n\n<p>Tapahtuma verkossa<br><br>8.30-8.50&nbsp;&nbsp;&nbsp;&nbsp;&nbsp;&nbsp; Tervetuloa<br>&nbsp;&nbsp;&nbsp;&nbsp;&nbsp;&nbsp;&nbsp;&nbsp;&nbsp;&nbsp;&nbsp;&nbsp;&nbsp;&nbsp;&nbsp;&nbsp;&nbsp;&nbsp;&nbsp;&nbsp;        &nbsp; <em>Akateeminen rehtori Tapio M\u00e4\u00e4tt\u00e4<\/em><\/p>\n\n\n\n<p>8.50-9.15&nbsp;&nbsp;&nbsp;&nbsp;&nbsp;&nbsp; UEF:n saavutettavuussuunnitelma ohjauksen n\u00e4k\u00f6kulmasta<br>&nbsp;&nbsp;&nbsp;&nbsp;&nbsp;&nbsp;&nbsp;&nbsp;&nbsp;&nbsp;&nbsp;&nbsp;&nbsp;&nbsp;&nbsp;&nbsp;&nbsp;&nbsp;&nbsp;&nbsp;&nbsp;       <em>Opintoasioiden johtaja Miia Turtiainen<\/em><\/p>\n\n\n\n<p>9.15-10.15&nbsp;&nbsp;&nbsp;&nbsp; Kaikki ohjaavat -hankerahoitusta saaneiden yksik\u00f6iden hanke-esittelyt<\/p>\n\n\n\n<ul class=\"wp-block-list\">\n<li>Onnistuva ohjaus \u2013 Ty\u00f6el\u00e4m\u00e4l\u00e4ht\u00f6inen malli opinn\u00e4ytet\u00f6iden toteuttamiseen yhteisty\u00f6ss\u00e4 yritysten kanssa, <em>Kirsi Ikonen, Fysiikan ja matematiikan laitos<\/em><\/li>\n\n\n\n<li>Kielikeskuksen Koppari-toiminta, <em>Noora Kaukola, Maija Mustonen ja Marko Tikkanen, Kielikeskus<\/em><\/li>\n\n\n\n<li>Selke\u00e4\u00e4 ja sumuista: ohjauksen roolit ja prosessit oikeustieteiss\u00e4, <em>Sampo Mielityinen, Oikeustieteiden laitos<\/em><\/li>\n<\/ul>\n\n\n\n<p>&nbsp;&nbsp;&nbsp;&nbsp;&nbsp;&nbsp;&nbsp;&nbsp;&nbsp;&nbsp;&nbsp;&nbsp;&nbsp;&nbsp;&nbsp;&nbsp;&nbsp;&nbsp;&nbsp;&nbsp;&nbsp; Tauko<\/p>\n\n\n\n<p>10.30-11.30&nbsp;&nbsp; Erilaisen oppijan kohtaaminen<br>&nbsp;&nbsp;&nbsp;&nbsp;&nbsp;&nbsp;&nbsp;&nbsp;&nbsp;&nbsp;&nbsp;&nbsp;&nbsp;&nbsp;&nbsp;&nbsp;&nbsp;&nbsp;&nbsp;&nbsp;&nbsp;        <em>Neuropsykologian erikoispsykologi Satu H\u00e4kkinen<\/em><\/p>\n\n\n\n<p>11.30-12.00&nbsp;&nbsp; Kommenttipuheenvuorot <em>opinto- ja uraohjauksen professori Sanna Vehvil\u00e4inen ja ylioppilaskunnan puheenjohtaja Sami Tanskanen<\/em><\/p>\n\n\n\n<div class=\"wp-block-group is-layout-constrained wp-block-group-is-layout-constrained\">\n<p><strong>Materiaalit<\/strong><\/p>\n<\/div>\n\n\n\n<div class=\"wp-block-file\"><a id=\"wp-block-file--media-513f4df7-800e-4fc0-9ba0-ff6b0063f5eb\" href=\"https:\/\/sites.uef.fi\/kaikkiohjaavat\/wp-content\/uploads\/sites\/348\/2023\/02\/Tyoelamalahtoinen-malli-opinnaytetoiden-toteuttamiseen-yhteistyossa-yritysten-kanssa.pptx\">Ty\u00f6el\u00e4m\u00e4l\u00e4ht\u00f6inen malli opinn\u00e4ytet\u00f6iden toteuttamiseen yhteisty\u00f6ss\u00e4 yritysten kanssa<\/a><a href=\"https:\/\/sites.uef.fi\/kaikkiohjaavat\/wp-content\/uploads\/sites\/348\/2023\/02\/Tyoelamalahtoinen-malli-opinnaytetoiden-toteuttamiseen-yhteistyossa-yritysten-kanssa.pptx\" class=\"wp-block-file__button wp-element-button\" download aria-describedby=\"wp-block-file--media-513f4df7-800e-4fc0-9ba0-ff6b0063f5eb\">Lataa<\/a><\/div>\n","protected":false},"excerpt":{"rendered":"<p>Opiskeluhyvinvoinnin ja ohjauksen teemap\u00e4iv\u00e4 to 23.2.2023 Kohtaamisia Tapahtuma verkossa 8.30-8.50&nbsp;&nbsp;&nbsp;&nbsp;&nbsp;&nbsp; Tervetuloa&nbsp;&nbsp;&nbsp;&nbsp;&nbsp;&nbsp;&nbsp;&nbsp;&nbsp;&nbsp;&nbsp;&nbsp;&nbsp;&nbsp;&nbsp;&nbsp;&nbsp;&nbsp;&nbsp;&nbsp; &nbsp; Akateeminen rehtori Tapio M\u00e4\u00e4tt\u00e4 8.50-9.15&nbsp;&nbsp;&nbsp;&nbsp;&nbsp;&nbsp; UEF:n saavutettavuussuunnitelma ohjauksen n\u00e4k\u00f6kulmasta&nbsp;&nbsp;&nbsp;&nbsp;&nbsp;&nbsp;&nbsp;&nbsp;&nbsp;&nbsp;&nbsp;&nbsp;&nbsp;&nbsp;&nbsp;&nbsp;&nbsp;&nbsp;&nbsp;&nbsp;&nbsp; Opintoasioiden johtaja Miia Turtiainen 9.15-10.15&nbsp;&nbsp;&nbsp;&nbsp; Kaikki ohjaavat -hankerahoitusta saaneiden yksik\u00f6iden hanke-esittelyt &nbsp;&nbsp;&nbsp;&nbsp;&nbsp;&nbsp;&nbsp;&nbsp;&nbsp;&nbsp;&nbsp;&nbsp;&nbsp;&nbsp;&nbsp;&nbsp;&nbsp;&nbsp;&nbsp;&nbsp;&nbsp; Tauko 10.30-11.30&nbsp;&nbsp; Erilaisen oppijan kohtaaminen&nbsp;&nbsp;&nbsp;&nbsp;&nbsp;&nbsp;&nbsp;&nbsp;&nbsp;&nbsp;&nbsp;&nbsp;&nbsp;&nbsp;&nbsp;&nbsp;&nbsp;&nbsp;&nbsp;&nbsp;&nbsp; Neuropsykologian erikoispsykologi Satu H\u00e4kkinen 11.30-12.00&nbsp;&nbsp; Kommenttipuheenvuorot opinto- ja uraohjauksen professori Sanna Vehvil\u00e4inen ja ylioppilaskunnan puheenjohtaja Sami Tanskanen [&hellip;]<\/p>\n","protected":false},"author":700,"featured_media":0,"parent":0,"menu_order":0,"comment_status":"closed","ping_status":"closed","template":"","meta":{"_acf_changed":false,"footnotes":""},"class_list":["post-554","page","type-page","status-publish","hentry"],"acf":[],"yoast_head":"<!-- This site is optimized with the Yoast SEO plugin v27.3 - https:\/\/yoast.com\/product\/yoast-seo-wordpress\/ -->\n<title>TAPAHTUMAT - Kaikki ohjaavat<\/title>\n<meta name=\"robots\" content=\"index, follow, max-snippet:-1, max-image-preview:large, max-video-preview:-1\" \/>\n<link rel=\"canonical\" href=\"https:\/\/sites.uef.fi\/kaikkiohjaavat\/tapahtumat\/\" \/>\n<meta property=\"og:locale\" content=\"fi_FI\" \/>\n<meta property=\"og:type\" content=\"article\" \/>\n<meta property=\"og:title\" content=\"TAPAHTUMAT - Kaikki ohjaavat\" \/>\n<meta property=\"og:description\" content=\"Opiskeluhyvinvoinnin ja ohjauksen teemap\u00e4iv\u00e4 to 23.2.2023 Kohtaamisia Tapahtuma verkossa 8.30-8.50&nbsp;&nbsp;&nbsp;&nbsp;&nbsp;&nbsp; Tervetuloa&nbsp;&nbsp;&nbsp;&nbsp;&nbsp;&nbsp;&nbsp;&nbsp;&nbsp;&nbsp;&nbsp;&nbsp;&nbsp;&nbsp;&nbsp;&nbsp;&nbsp;&nbsp;&nbsp;&nbsp; &nbsp; Akateeminen rehtori Tapio M\u00e4\u00e4tt\u00e4 8.50-9.15&nbsp;&nbsp;&nbsp;&nbsp;&nbsp;&nbsp; UEF:n saavutettavuussuunnitelma ohjauksen n\u00e4k\u00f6kulmasta&nbsp;&nbsp;&nbsp;&nbsp;&nbsp;&nbsp;&nbsp;&nbsp;&nbsp;&nbsp;&nbsp;&nbsp;&nbsp;&nbsp;&nbsp;&nbsp;&nbsp;&nbsp;&nbsp;&nbsp;&nbsp; Opintoasioiden johtaja Miia Turtiainen 9.15-10.15&nbsp;&nbsp;&nbsp;&nbsp; Kaikki ohjaavat -hankerahoitusta saaneiden yksik\u00f6iden hanke-esittelyt &nbsp;&nbsp;&nbsp;&nbsp;&nbsp;&nbsp;&nbsp;&nbsp;&nbsp;&nbsp;&nbsp;&nbsp;&nbsp;&nbsp;&nbsp;&nbsp;&nbsp;&nbsp;&nbsp;&nbsp;&nbsp; Tauko 10.30-11.30&nbsp;&nbsp; Erilaisen oppijan kohtaaminen&nbsp;&nbsp;&nbsp;&nbsp;&nbsp;&nbsp;&nbsp;&nbsp;&nbsp;&nbsp;&nbsp;&nbsp;&nbsp;&nbsp;&nbsp;&nbsp;&nbsp;&nbsp;&nbsp;&nbsp;&nbsp; Neuropsykologian erikoispsykologi Satu H\u00e4kkinen 11.30-12.00&nbsp;&nbsp; Kommenttipuheenvuorot opinto- ja uraohjauksen professori Sanna Vehvil\u00e4inen ja ylioppilaskunnan puheenjohtaja Sami Tanskanen [&hellip;]\" \/>\n<meta property=\"og:url\" content=\"https:\/\/sites.uef.fi\/kaikkiohjaavat\/tapahtumat\/\" \/>\n<meta property=\"og:site_name\" content=\"Kaikki ohjaavat\" \/>\n<meta property=\"article:modified_time\" content=\"2023-04-04T06:16:28+00:00\" \/>\n<meta name=\"twitter:card\" content=\"summary_large_image\" \/>\n<meta name=\"twitter:label1\" content=\"Arvioitu lukuaika\" \/>\n\t<meta name=\"twitter:data1\" content=\"1 minuutti\" \/>\n<script type=\"application\/ld+json\" class=\"yoast-schema-graph\">{\"@context\":\"https:\\\/\\\/schema.org\",\"@graph\":[{\"@type\":\"WebPage\",\"@id\":\"https:\\\/\\\/sites.uef.fi\\\/kaikkiohjaavat\\\/tapahtumat\\\/\",\"url\":\"https:\\\/\\\/sites.uef.fi\\\/kaikkiohjaavat\\\/tapahtumat\\\/\",\"name\":\"TAPAHTUMAT - Kaikki ohjaavat\",\"isPartOf\":{\"@id\":\"https:\\\/\\\/sites.uef.fi\\\/kaikkiohjaavat\\\/#website\"},\"datePublished\":\"2023-02-27T07:37:23+00:00\",\"dateModified\":\"2023-04-04T06:16:28+00:00\",\"breadcrumb\":{\"@id\":\"https:\\\/\\\/sites.uef.fi\\\/kaikkiohjaavat\\\/tapahtumat\\\/#breadcrumb\"},\"inLanguage\":\"fi\",\"potentialAction\":[{\"@type\":\"ReadAction\",\"target\":[\"https:\\\/\\\/sites.uef.fi\\\/kaikkiohjaavat\\\/tapahtumat\\\/\"]}]},{\"@type\":\"BreadcrumbList\",\"@id\":\"https:\\\/\\\/sites.uef.fi\\\/kaikkiohjaavat\\\/tapahtumat\\\/#breadcrumb\",\"itemListElement\":[{\"@type\":\"ListItem\",\"position\":1,\"name\":\"Home\",\"item\":\"https:\\\/\\\/sites.uef.fi\\\/kaikkiohjaavat\\\/\"},{\"@type\":\"ListItem\",\"position\":2,\"name\":\"TAPAHTUMAT\"}]},{\"@type\":\"WebSite\",\"@id\":\"https:\\\/\\\/sites.uef.fi\\\/kaikkiohjaavat\\\/#website\",\"url\":\"https:\\\/\\\/sites.uef.fi\\\/kaikkiohjaavat\\\/\",\"name\":\"Kaikki ohjaavat\",\"description\":\"\",\"potentialAction\":[{\"@type\":\"SearchAction\",\"target\":{\"@type\":\"EntryPoint\",\"urlTemplate\":\"https:\\\/\\\/sites.uef.fi\\\/kaikkiohjaavat\\\/?s={search_term_string}\"},\"query-input\":{\"@type\":\"PropertyValueSpecification\",\"valueRequired\":true,\"valueName\":\"search_term_string\"}}],\"inLanguage\":\"fi\"}]}<\/script>\n<!-- \/ Yoast SEO plugin. -->","yoast_head_json":{"title":"TAPAHTUMAT - Kaikki ohjaavat","robots":{"index":"index","follow":"follow","max-snippet":"max-snippet:-1","max-image-preview":"max-image-preview:large","max-video-preview":"max-video-preview:-1"},"canonical":"https:\/\/sites.uef.fi\/kaikkiohjaavat\/tapahtumat\/","og_locale":"fi_FI","og_type":"article","og_title":"TAPAHTUMAT - Kaikki ohjaavat","og_description":"Opiskeluhyvinvoinnin ja ohjauksen teemap\u00e4iv\u00e4 to 23.2.2023 Kohtaamisia Tapahtuma verkossa 8.30-8.50&nbsp;&nbsp;&nbsp;&nbsp;&nbsp;&nbsp; Tervetuloa&nbsp;&nbsp;&nbsp;&nbsp;&nbsp;&nbsp;&nbsp;&nbsp;&nbsp;&nbsp;&nbsp;&nbsp;&nbsp;&nbsp;&nbsp;&nbsp;&nbsp;&nbsp;&nbsp;&nbsp; &nbsp; Akateeminen rehtori Tapio M\u00e4\u00e4tt\u00e4 8.50-9.15&nbsp;&nbsp;&nbsp;&nbsp;&nbsp;&nbsp; UEF:n saavutettavuussuunnitelma ohjauksen n\u00e4k\u00f6kulmasta&nbsp;&nbsp;&nbsp;&nbsp;&nbsp;&nbsp;&nbsp;&nbsp;&nbsp;&nbsp;&nbsp;&nbsp;&nbsp;&nbsp;&nbsp;&nbsp;&nbsp;&nbsp;&nbsp;&nbsp;&nbsp; Opintoasioiden johtaja Miia Turtiainen 9.15-10.15&nbsp;&nbsp;&nbsp;&nbsp; Kaikki ohjaavat -hankerahoitusta saaneiden yksik\u00f6iden hanke-esittelyt &nbsp;&nbsp;&nbsp;&nbsp;&nbsp;&nbsp;&nbsp;&nbsp;&nbsp;&nbsp;&nbsp;&nbsp;&nbsp;&nbsp;&nbsp;&nbsp;&nbsp;&nbsp;&nbsp;&nbsp;&nbsp; Tauko 10.30-11.30&nbsp;&nbsp; Erilaisen oppijan kohtaaminen&nbsp;&nbsp;&nbsp;&nbsp;&nbsp;&nbsp;&nbsp;&nbsp;&nbsp;&nbsp;&nbsp;&nbsp;&nbsp;&nbsp;&nbsp;&nbsp;&nbsp;&nbsp;&nbsp;&nbsp;&nbsp; Neuropsykologian erikoispsykologi Satu H\u00e4kkinen 11.30-12.00&nbsp;&nbsp; Kommenttipuheenvuorot opinto- ja uraohjauksen professori Sanna Vehvil\u00e4inen ja ylioppilaskunnan puheenjohtaja Sami Tanskanen [&hellip;]","og_url":"https:\/\/sites.uef.fi\/kaikkiohjaavat\/tapahtumat\/","og_site_name":"Kaikki ohjaavat","article_modified_time":"2023-04-04T06:16:28+00:00","twitter_card":"summary_large_image","twitter_misc":{"Arvioitu lukuaika":"1 minuutti"},"schema":{"@context":"https:\/\/schema.org","@graph":[{"@type":"WebPage","@id":"https:\/\/sites.uef.fi\/kaikkiohjaavat\/tapahtumat\/","url":"https:\/\/sites.uef.fi\/kaikkiohjaavat\/tapahtumat\/","name":"TAPAHTUMAT - Kaikki ohjaavat","isPartOf":{"@id":"https:\/\/sites.uef.fi\/kaikkiohjaavat\/#website"},"datePublished":"2023-02-27T07:37:23+00:00","dateModified":"2023-04-04T06:16:28+00:00","breadcrumb":{"@id":"https:\/\/sites.uef.fi\/kaikkiohjaavat\/tapahtumat\/#breadcrumb"},"inLanguage":"fi","potentialAction":[{"@type":"ReadAction","target":["https:\/\/sites.uef.fi\/kaikkiohjaavat\/tapahtumat\/"]}]},{"@type":"BreadcrumbList","@id":"https:\/\/sites.uef.fi\/kaikkiohjaavat\/tapahtumat\/#breadcrumb","itemListElement":[{"@type":"ListItem","position":1,"name":"Home","item":"https:\/\/sites.uef.fi\/kaikkiohjaavat\/"},{"@type":"ListItem","position":2,"name":"TAPAHTUMAT"}]},{"@type":"WebSite","@id":"https:\/\/sites.uef.fi\/kaikkiohjaavat\/#website","url":"https:\/\/sites.uef.fi\/kaikkiohjaavat\/","name":"Kaikki ohjaavat","description":"","potentialAction":[{"@type":"SearchAction","target":{"@type":"EntryPoint","urlTemplate":"https:\/\/sites.uef.fi\/kaikkiohjaavat\/?s={search_term_string}"},"query-input":{"@type":"PropertyValueSpecification","valueRequired":true,"valueName":"search_term_string"}}],"inLanguage":"fi"}]}},"_links":{"self":[{"href":"https:\/\/sites.uef.fi\/kaikkiohjaavat\/wp-json\/wp\/v2\/pages\/554","targetHints":{"allow":["GET"]}}],"collection":[{"href":"https:\/\/sites.uef.fi\/kaikkiohjaavat\/wp-json\/wp\/v2\/pages"}],"about":[{"href":"https:\/\/sites.uef.fi\/kaikkiohjaavat\/wp-json\/wp\/v2\/types\/page"}],"author":[{"embeddable":true,"href":"https:\/\/sites.uef.fi\/kaikkiohjaavat\/wp-json\/wp\/v2\/users\/700"}],"replies":[{"embeddable":true,"href":"https:\/\/sites.uef.fi\/kaikkiohjaavat\/wp-json\/wp\/v2\/comments?post=554"}],"version-history":[{"count":1,"href":"https:\/\/sites.uef.fi\/kaikkiohjaavat\/wp-json\/wp\/v2\/pages\/554\/revisions"}],"predecessor-version":[{"id":743,"href":"https:\/\/sites.uef.fi\/kaikkiohjaavat\/wp-json\/wp\/v2\/pages\/554\/revisions\/743"}],"wp:attachment":[{"href":"https:\/\/sites.uef.fi\/kaikkiohjaavat\/wp-json\/wp\/v2\/media?parent=554"}],"curies":[{"name":"wp","href":"https:\/\/api.w.org\/{rel}","templated":true}]}}