{"id":692,"date":"2023-03-06T13:21:01","date_gmt":"2023-03-06T11:21:01","guid":{"rendered":"https:\/\/sites.uef.fi\/kaikkiohjaavat\/?page_id=692"},"modified":"2023-08-16T07:12:12","modified_gmt":"2023-08-16T05:12:12","slug":"uutiset","status":"publish","type":"page","link":"https:\/\/sites.uef.fi\/kaikkiohjaavat\/uutiset\/","title":{"rendered":"UUTISET"},"content":{"rendered":"\n<p><\/p>\n\n\n\n<p>Kaikki ohjaavat &#8211; kehitt\u00e4misraha lukuvuodelle 2023\u20132024<\/p>\n\n\n\n<p>It\u00e4-Suomen yliopisto avasi opintojen ohjauksen kehitt\u00e4miseksi hankehaun, johon saapui m\u00e4\u00e4r\u00e4aikaan (15.6.2023) menness\u00e4 15 hakemusta.<\/p>\n\n\n\n<p>Lukuvuodelle 2023\u20132024 kehitt\u00e4misrahaa my\u00f6nnet\u00e4\u00e4n seuraavasti:<\/p>\n\n\n\n<ol class=\"wp-block-list\">\n<li> <em>Eroon matikka-ahdistuksesta vertaisopetuksen avulla.<\/em> P\u00e4ivi Kosonen, Kauppatieteiden laitos, 18\u00a0500e<\/li>\n\n\n\n<li><em>Tehostetulla ohjauksella tukea kandidaatin tutkielman tekemiseen.<\/em> Maija Korhonen et.al., Kasvatustieteiden ja psykologian osasto, 18\u00a0500e<\/li>\n\n\n\n<li><em>Ohjaus opiskelutaitoihin ja vertaistukeen<\/em>. Hanna Lappalainen, Humanistinen osasto, 10\u00a0000e<\/li>\n\n\n\n<li><em>Ty\u00f6el\u00e4m\u00e4l\u00e4ht\u00f6inen toimintamalli kliinisen farmasian opinn\u00e4ytet\u00f6iden ja projektien toteuttamiseen yhteisty\u00f6ss\u00e4 hyvinvointialueilla<\/em>. Miia Tiihonen, Farmasian laitos, 3000e<\/li>\n<\/ol>\n\n\n\n<ol class=\"wp-block-list\" type=\"1\"><\/ol>\n\n\n\n<p>***<\/p>\n\n\n\n<p>Kaikki ohjaavat -hankkeesta ja yliopisto-ohjauksesta laajemmin keskusteltiin Eric Carverin vet\u00e4m\u00e4ss\u00e4 podcastissa. Kuuntele: <a href=\"https:\/\/soundcloud.com\/user-655406153\/25-ita-suomen-yliopiston-kaikki-ohjaavat?utm_source=clipboard&amp;utm_medium=text&amp;utm_campaign=social_sharing\">https:\/\/soundcloud.com\/user-655406153\/25-ita-suomen-yliopiston-kaikki-ohjaavat?utm_source=clipboard&amp;utm_medium=text&amp;utm_campaign=social_sharing<\/a><\/p>\n\n\n\n<p>***<\/p>\n\n\n\n<p>Ohjauksen kokonaisvaltainen kehitt\u00e4minen Tampereen yliopistossa -&gt; katso lis\u00e4\u00e4 <a href=\"https:\/\/soundcloud.com\/user-655406153\/24-ohjauksen-kokonaisvaltainen-kehittaminen?utm_source=clipboard&amp;utm_medium=text&amp;utm_campaign=social_sharing\">https:\/\/soundcloud.com\/user-655406153\/24-ohjauksen-kokonaisvaltainen-kehittaminen?utm_source=clipboard&amp;utm_medium=text&amp;utm_campaign=social_sharing<\/a><\/p>\n\n\n\n<p>***<\/p>\n\n\n\n<p><\/p>\n","protected":false},"excerpt":{"rendered":"<p>Kaikki ohjaavat &#8211; kehitt\u00e4misraha lukuvuodelle 2023\u20132024 It\u00e4-Suomen yliopisto avasi opintojen ohjauksen kehitt\u00e4miseksi hankehaun, johon saapui m\u00e4\u00e4r\u00e4aikaan (15.6.2023) menness\u00e4 15 hakemusta. Lukuvuodelle 2023\u20132024 kehitt\u00e4misrahaa my\u00f6nnet\u00e4\u00e4n seuraavasti: *** Kaikki ohjaavat -hankkeesta ja yliopisto-ohjauksesta laajemmin keskusteltiin Eric Carverin vet\u00e4m\u00e4ss\u00e4 podcastissa. Kuuntele: https:\/\/soundcloud.com\/user-655406153\/25-ita-suomen-yliopiston-kaikki-ohjaavat?utm_source=clipboard&amp;utm_medium=text&amp;utm_campaign=social_sharing *** Ohjauksen kokonaisvaltainen kehitt\u00e4minen Tampereen yliopistossa -&gt; katso lis\u00e4\u00e4 https:\/\/soundcloud.com\/user-655406153\/24-ohjauksen-kokonaisvaltainen-kehittaminen?utm_source=clipboard&amp;utm_medium=text&amp;utm_campaign=social_sharing ***<\/p>\n","protected":false},"author":700,"featured_media":0,"parent":0,"menu_order":0,"comment_status":"closed","ping_status":"closed","template":"","meta":{"_acf_changed":false,"footnotes":""},"class_list":["post-692","page","type-page","status-publish","hentry"],"acf":[],"yoast_head":"<!-- This site is optimized with the Yoast SEO plugin v27.3 - https:\/\/yoast.com\/product\/yoast-seo-wordpress\/ -->\n<title>UUTISET - Kaikki ohjaavat<\/title>\n<meta name=\"robots\" content=\"index, follow, max-snippet:-1, max-image-preview:large, max-video-preview:-1\" \/>\n<link rel=\"canonical\" href=\"https:\/\/sites.uef.fi\/kaikkiohjaavat\/uutiset\/\" \/>\n<meta property=\"og:locale\" content=\"fi_FI\" \/>\n<meta property=\"og:type\" content=\"article\" \/>\n<meta property=\"og:title\" content=\"UUTISET - Kaikki ohjaavat\" \/>\n<meta property=\"og:description\" content=\"Kaikki ohjaavat &#8211; kehitt\u00e4misraha lukuvuodelle 2023\u20132024 It\u00e4-Suomen yliopisto avasi opintojen ohjauksen kehitt\u00e4miseksi hankehaun, johon saapui m\u00e4\u00e4r\u00e4aikaan (15.6.2023) menness\u00e4 15 hakemusta. Lukuvuodelle 2023\u20132024 kehitt\u00e4misrahaa my\u00f6nnet\u00e4\u00e4n seuraavasti: *** Kaikki ohjaavat -hankkeesta ja yliopisto-ohjauksesta laajemmin keskusteltiin Eric Carverin vet\u00e4m\u00e4ss\u00e4 podcastissa. Kuuntele: https:\/\/soundcloud.com\/user-655406153\/25-ita-suomen-yliopiston-kaikki-ohjaavat?utm_source=clipboard&amp;utm_medium=text&amp;utm_campaign=social_sharing *** Ohjauksen kokonaisvaltainen kehitt\u00e4minen Tampereen yliopistossa -&gt; katso lis\u00e4\u00e4 https:\/\/soundcloud.com\/user-655406153\/24-ohjauksen-kokonaisvaltainen-kehittaminen?utm_source=clipboard&amp;utm_medium=text&amp;utm_campaign=social_sharing ***\" \/>\n<meta property=\"og:url\" content=\"https:\/\/sites.uef.fi\/kaikkiohjaavat\/uutiset\/\" \/>\n<meta property=\"og:site_name\" content=\"Kaikki ohjaavat\" \/>\n<meta property=\"article:modified_time\" content=\"2023-08-16T05:12:12+00:00\" \/>\n<meta name=\"twitter:card\" content=\"summary_large_image\" \/>\n<meta name=\"twitter:label1\" content=\"Arvioitu lukuaika\" \/>\n\t<meta name=\"twitter:data1\" content=\"1 minuutti\" \/>\n<script type=\"application\/ld+json\" class=\"yoast-schema-graph\">{\"@context\":\"https:\\\/\\\/schema.org\",\"@graph\":[{\"@type\":\"WebPage\",\"@id\":\"https:\\\/\\\/sites.uef.fi\\\/kaikkiohjaavat\\\/uutiset\\\/\",\"url\":\"https:\\\/\\\/sites.uef.fi\\\/kaikkiohjaavat\\\/uutiset\\\/\",\"name\":\"UUTISET - Kaikki ohjaavat\",\"isPartOf\":{\"@id\":\"https:\\\/\\\/sites.uef.fi\\\/kaikkiohjaavat\\\/#website\"},\"datePublished\":\"2023-03-06T11:21:01+00:00\",\"dateModified\":\"2023-08-16T05:12:12+00:00\",\"breadcrumb\":{\"@id\":\"https:\\\/\\\/sites.uef.fi\\\/kaikkiohjaavat\\\/uutiset\\\/#breadcrumb\"},\"inLanguage\":\"fi\",\"potentialAction\":[{\"@type\":\"ReadAction\",\"target\":[\"https:\\\/\\\/sites.uef.fi\\\/kaikkiohjaavat\\\/uutiset\\\/\"]}]},{\"@type\":\"BreadcrumbList\",\"@id\":\"https:\\\/\\\/sites.uef.fi\\\/kaikkiohjaavat\\\/uutiset\\\/#breadcrumb\",\"itemListElement\":[{\"@type\":\"ListItem\",\"position\":1,\"name\":\"Home\",\"item\":\"https:\\\/\\\/sites.uef.fi\\\/kaikkiohjaavat\\\/\"},{\"@type\":\"ListItem\",\"position\":2,\"name\":\"UUTISET\"}]},{\"@type\":\"WebSite\",\"@id\":\"https:\\\/\\\/sites.uef.fi\\\/kaikkiohjaavat\\\/#website\",\"url\":\"https:\\\/\\\/sites.uef.fi\\\/kaikkiohjaavat\\\/\",\"name\":\"Kaikki ohjaavat\",\"description\":\"\",\"potentialAction\":[{\"@type\":\"SearchAction\",\"target\":{\"@type\":\"EntryPoint\",\"urlTemplate\":\"https:\\\/\\\/sites.uef.fi\\\/kaikkiohjaavat\\\/?s={search_term_string}\"},\"query-input\":{\"@type\":\"PropertyValueSpecification\",\"valueRequired\":true,\"valueName\":\"search_term_string\"}}],\"inLanguage\":\"fi\"}]}<\/script>\n<!-- \/ Yoast SEO plugin. -->","yoast_head_json":{"title":"UUTISET - Kaikki ohjaavat","robots":{"index":"index","follow":"follow","max-snippet":"max-snippet:-1","max-image-preview":"max-image-preview:large","max-video-preview":"max-video-preview:-1"},"canonical":"https:\/\/sites.uef.fi\/kaikkiohjaavat\/uutiset\/","og_locale":"fi_FI","og_type":"article","og_title":"UUTISET - Kaikki ohjaavat","og_description":"Kaikki ohjaavat &#8211; kehitt\u00e4misraha lukuvuodelle 2023\u20132024 It\u00e4-Suomen yliopisto avasi opintojen ohjauksen kehitt\u00e4miseksi hankehaun, johon saapui m\u00e4\u00e4r\u00e4aikaan (15.6.2023) menness\u00e4 15 hakemusta. Lukuvuodelle 2023\u20132024 kehitt\u00e4misrahaa my\u00f6nnet\u00e4\u00e4n seuraavasti: *** Kaikki ohjaavat -hankkeesta ja yliopisto-ohjauksesta laajemmin keskusteltiin Eric Carverin vet\u00e4m\u00e4ss\u00e4 podcastissa. Kuuntele: https:\/\/soundcloud.com\/user-655406153\/25-ita-suomen-yliopiston-kaikki-ohjaavat?utm_source=clipboard&amp;utm_medium=text&amp;utm_campaign=social_sharing *** Ohjauksen kokonaisvaltainen kehitt\u00e4minen Tampereen yliopistossa -&gt; katso lis\u00e4\u00e4 https:\/\/soundcloud.com\/user-655406153\/24-ohjauksen-kokonaisvaltainen-kehittaminen?utm_source=clipboard&amp;utm_medium=text&amp;utm_campaign=social_sharing ***","og_url":"https:\/\/sites.uef.fi\/kaikkiohjaavat\/uutiset\/","og_site_name":"Kaikki ohjaavat","article_modified_time":"2023-08-16T05:12:12+00:00","twitter_card":"summary_large_image","twitter_misc":{"Arvioitu lukuaika":"1 minuutti"},"schema":{"@context":"https:\/\/schema.org","@graph":[{"@type":"WebPage","@id":"https:\/\/sites.uef.fi\/kaikkiohjaavat\/uutiset\/","url":"https:\/\/sites.uef.fi\/kaikkiohjaavat\/uutiset\/","name":"UUTISET - Kaikki ohjaavat","isPartOf":{"@id":"https:\/\/sites.uef.fi\/kaikkiohjaavat\/#website"},"datePublished":"2023-03-06T11:21:01+00:00","dateModified":"2023-08-16T05:12:12+00:00","breadcrumb":{"@id":"https:\/\/sites.uef.fi\/kaikkiohjaavat\/uutiset\/#breadcrumb"},"inLanguage":"fi","potentialAction":[{"@type":"ReadAction","target":["https:\/\/sites.uef.fi\/kaikkiohjaavat\/uutiset\/"]}]},{"@type":"BreadcrumbList","@id":"https:\/\/sites.uef.fi\/kaikkiohjaavat\/uutiset\/#breadcrumb","itemListElement":[{"@type":"ListItem","position":1,"name":"Home","item":"https:\/\/sites.uef.fi\/kaikkiohjaavat\/"},{"@type":"ListItem","position":2,"name":"UUTISET"}]},{"@type":"WebSite","@id":"https:\/\/sites.uef.fi\/kaikkiohjaavat\/#website","url":"https:\/\/sites.uef.fi\/kaikkiohjaavat\/","name":"Kaikki ohjaavat","description":"","potentialAction":[{"@type":"SearchAction","target":{"@type":"EntryPoint","urlTemplate":"https:\/\/sites.uef.fi\/kaikkiohjaavat\/?s={search_term_string}"},"query-input":{"@type":"PropertyValueSpecification","valueRequired":true,"valueName":"search_term_string"}}],"inLanguage":"fi"}]}},"_links":{"self":[{"href":"https:\/\/sites.uef.fi\/kaikkiohjaavat\/wp-json\/wp\/v2\/pages\/692","targetHints":{"allow":["GET"]}}],"collection":[{"href":"https:\/\/sites.uef.fi\/kaikkiohjaavat\/wp-json\/wp\/v2\/pages"}],"about":[{"href":"https:\/\/sites.uef.fi\/kaikkiohjaavat\/wp-json\/wp\/v2\/types\/page"}],"author":[{"embeddable":true,"href":"https:\/\/sites.uef.fi\/kaikkiohjaavat\/wp-json\/wp\/v2\/users\/700"}],"replies":[{"embeddable":true,"href":"https:\/\/sites.uef.fi\/kaikkiohjaavat\/wp-json\/wp\/v2\/comments?post=692"}],"version-history":[{"count":1,"href":"https:\/\/sites.uef.fi\/kaikkiohjaavat\/wp-json\/wp\/v2\/pages\/692\/revisions"}],"predecessor-version":[{"id":794,"href":"https:\/\/sites.uef.fi\/kaikkiohjaavat\/wp-json\/wp\/v2\/pages\/692\/revisions\/794"}],"wp:attachment":[{"href":"https:\/\/sites.uef.fi\/kaikkiohjaavat\/wp-json\/wp\/v2\/media?parent=692"}],"curies":[{"name":"wp","href":"https:\/\/api.w.org\/{rel}","templated":true}]}}