{"id":147,"date":"2020-09-25T09:41:15","date_gmt":"2020-09-25T06:41:15","guid":{"rendered":"https:\/\/sites.uef.fi\/karelia-symposium\/?page_id=147"},"modified":"2023-07-03T13:18:29","modified_gmt":"2023-07-03T10:18:29","slug":"kutsuvierasluennoitsijat-2017","status":"publish","type":"page","link":"https:\/\/sites.uef.fi\/karelia-symposium\/kutsuvierasluennoitsijat-2017\/","title":{"rendered":"Kutsuvierasluennoitsijat 2017"},"content":{"rendered":"\n<h1 class=\"wp-block-heading\">3. Karelia Symposiumin kutsuvierasluennoitsijat 2017<\/h1>\n\n\n\n<h2 class=\"wp-block-heading\">Dr. Lennart Salm\u00e9n<\/h2>\n\n\n\n<p>is a principal scientist at the Research Institutes of Sweden, RISE. His research interests have mainly been devoted to the understanding of the relationship between the properties of the wood polymeric constituents and the macroscopic physical properties of fibres, wood and paper materials exploring new and innovative techniques for enhancing the understanding of the built-up of the wood cell wall.<\/p>\n\n\n\n<p>Studies of softening phenomena, cell wall properties, micro-mechanical modelling, water interaction, mechano-sorptive creep, dimensional stability, fatigue of wood and mechanical pulping are among the areas of published work.<\/p>\n\n\n\n<p>Much of the work has been devoted to the interaction of the cellulosic material with moisture where especially the development of moisture induced dynamic FTIR has been shown to give new insights. In recent years, Salm\u00e9n has been mostly active in the Biorefining area in upgrading the wood polymers for new products and especially of understanding the structure of cellulose in relation to its interaction with water and its dissolution properties.<\/p>\n\n\n\n<h2 class=\"wp-block-heading\">Dr. Niklas von Weymarn<\/h2>\n\n\n\n<p>has a doctoral degree in bioprocess engineering. He has also studied economics and innovation strategies. His job career begun in 1999, when he took on the position of Research Scientist at Cultor Technology Center (Cultor is today a part of DuPont). He has since hold the positions of Project Manager, Team Leader, Program Manager and Technology Manager at Aalto University, VTT Technical Research Centre of Finland Ltd. and CLIC Innovation Ltd.<\/p>\n\n\n\n<p>He is currently Vice President for Research at Mets\u00e4 Fibre, a part of Mets\u00e4 Group. In that role he is managing the development of new bioproducts related to Mets\u00e4 Group\u2019s bioproduct mill in \u00c4\u00e4nekoski, Finland.<\/p>\n\n\n\n<p>Niklas was part of the industrial core team that set up the Bio-based Industries Consortium (BIC) and together with the European Commission, the Bio-based Industries Public-Private Partnership. He is Board Member of BIC and the Forest-based Sector Technology Platform.<\/p>\n\n\n\n<h2 class=\"wp-block-heading\">Prof. Dr.-Ing. Peer Haller<\/h2>\n\n\n\n<p>has published about 200 papers in journals and proceedings. He holds several patents in wood technology and construction and has received numerous national and international distinctions such as Schweighofer Award 2005, Wilhelm Klauditz Award 2006, IKU Award for Climate and Environment by the Federal Ministry for the Environment and the Voice of the German Industry \u2013 BDI. During 1979-1984, Professor Haller studied mechanical engineering at Fachhochschule Offenburg, Deutsch-Franz\u00f6sische Hochschule Saarbr\u00fccken\/Metz and Institut National Polytechnique de la Lorraine. Later, in 1987, he defended his doctoral thesis in fracture mechanics at the Institut National Polytechnique de la Lorraine.<\/p>\n\n\n\n<p>In the late 1980\u00b4s he conducted postdoctoral studies at Tokyo University on wood physics as a visiting scientist of the Japan Society for the Promotion of Science. After this, he worked as a research assistant at the Swiss Federal Institute of Technology Lausanne, chair of Timber Structures. Since 1994, Dr. Haller has been working as a professor at Technische Universit\u00e4t Dresden, Department of Civil Engineering, Chair of Timber Structures. In 2009, he was invited professor at Ecole Polytechnique F\u00e9d\u00e9rale de Lausanne.<\/p>\n\n\n\n<h2 class=\"wp-block-heading\">Dr. Andreja Kutnar<\/h2>\n\n\n\n<p>is an associate professor in the field of wood science at University of Primorska, Slovenia and acting director of the InnoRenew CoE Renewable materials and healthy environments research and innovation centre of excellence. She is an executive board member of international organization InnovaWood and a director on the board of the Society of Wood Science and Technology (SWST).<\/p>\n\n\n\n<p>In 2014, Dr. Kutnar co-authored a book \u201cContemporary Slovenian Timber Architecture for Sustainability\u201d published by Springer International Publishing AG in a Series Green Energy and Technology. Furthermore, in 2016 Dr. Andreja Kutnar co-edited a scientific book \u201cEnvironmental Impacts of Traditional and Innovative Forest-based Bioproducts\u201d published by Springer International Publishing AG in a Series Environmental Footprints and Eco-design of Products and Processes.<\/p>\n\n\n\n<p>She is coordinating H2020 Teaming project Renewable materials and healthy environments research and innovation centre of excellence (InnoRenew CoE). Furthermore, she is the chair of COST Action FP1407 \u201cUnderstanding wood modification through an integrated scientific and environmental impact approach (ModWoodLife). In 2016, she received recognition of &#8221;Prometheus of Science for excellence in communication&#8221; for a successful multi-level communication in wood sciences and supporting the enforcement of the sustainable development paradigm.<\/p>\n","protected":false},"excerpt":{"rendered":"<p>3. Karelia Symposiumin kutsuvierasluennoitsijat 2017 Dr. Lennart Salm\u00e9n is a principal scientist at the Research Institutes of Sweden, RISE. His research interests have mainly been devoted to the understanding of the relationship between the properties of the wood polymeric constituents and the macroscopic physical properties of fibres, wood and paper materials exploring new and innovative [&hellip;]<\/p>\n","protected":false},"author":8,"featured_media":0,"parent":0,"menu_order":0,"comment_status":"closed","ping_status":"closed","template":"","meta":{"_acf_changed":false,"_monsterinsights_skip_tracking":false,"_monsterinsights_sitenote_active":false,"_monsterinsights_sitenote_note":"","_monsterinsights_sitenote_category":0,"footnotes":""},"class_list":["post-147","page","type-page","status-publish","hentry"],"acf":[],"yoast_head":"<!-- This site is optimized with the Yoast SEO plugin v27.1.1 - https:\/\/yoast.com\/product\/yoast-seo-wordpress\/ -->\n<title>Kutsuvierasluennoitsijat 2017 - Karelia Symposium<\/title>\n<meta name=\"robots\" content=\"index, follow, max-snippet:-1, max-image-preview:large, max-video-preview:-1\" \/>\n<link rel=\"canonical\" href=\"https:\/\/sites.uef.fi\/karelia-symposium\/kutsuvierasluennoitsijat-2017\/\" \/>\n<meta property=\"og:locale\" content=\"fi_FI\" \/>\n<meta property=\"og:type\" content=\"article\" \/>\n<meta property=\"og:title\" content=\"Kutsuvierasluennoitsijat 2017 - Karelia Symposium\" \/>\n<meta property=\"og:description\" content=\"3. Karelia Symposiumin kutsuvierasluennoitsijat 2017 Dr. Lennart Salm\u00e9n is a principal scientist at the Research Institutes of Sweden, RISE. His research interests have mainly been devoted to the understanding of the relationship between the properties of the wood polymeric constituents and the macroscopic physical properties of fibres, wood and paper materials exploring new and innovative [&hellip;]\" \/>\n<meta property=\"og:url\" content=\"https:\/\/sites.uef.fi\/karelia-symposium\/kutsuvierasluennoitsijat-2017\/\" \/>\n<meta property=\"og:site_name\" content=\"Karelia Symposium\" \/>\n<meta property=\"article:modified_time\" content=\"2023-07-03T10:18:29+00:00\" \/>\n<meta name=\"twitter:card\" content=\"summary_large_image\" \/>\n<meta name=\"twitter:label1\" content=\"Arvioitu lukuaika\" \/>\n\t<meta name=\"twitter:data1\" content=\"9 minuuttia\" \/>\n<script type=\"application\/ld+json\" class=\"yoast-schema-graph\">{\"@context\":\"https:\/\/schema.org\",\"@graph\":[{\"@type\":\"WebPage\",\"@id\":\"https:\/\/sites.uef.fi\/karelia-symposium\/kutsuvierasluennoitsijat-2017\/\",\"url\":\"https:\/\/sites.uef.fi\/karelia-symposium\/kutsuvierasluennoitsijat-2017\/\",\"name\":\"Kutsuvierasluennoitsijat 2017 - Karelia Symposium\",\"isPartOf\":{\"@id\":\"https:\/\/sites.uef.fi\/karelia-symposium\/#website\"},\"datePublished\":\"2020-09-25T06:41:15+00:00\",\"dateModified\":\"2023-07-03T10:18:29+00:00\",\"breadcrumb\":{\"@id\":\"https:\/\/sites.uef.fi\/karelia-symposium\/kutsuvierasluennoitsijat-2017\/#breadcrumb\"},\"inLanguage\":\"fi\",\"potentialAction\":[{\"@type\":\"ReadAction\",\"target\":[\"https:\/\/sites.uef.fi\/karelia-symposium\/kutsuvierasluennoitsijat-2017\/\"]}]},{\"@type\":\"BreadcrumbList\",\"@id\":\"https:\/\/sites.uef.fi\/karelia-symposium\/kutsuvierasluennoitsijat-2017\/#breadcrumb\",\"itemListElement\":[{\"@type\":\"ListItem\",\"position\":1,\"name\":\"Home\",\"item\":\"https:\/\/sites.uef.fi\/karelia-symposium\/\"},{\"@type\":\"ListItem\",\"position\":2,\"name\":\"Kutsuvierasluennoitsijat 2017\"}]},{\"@type\":\"WebSite\",\"@id\":\"https:\/\/sites.uef.fi\/karelia-symposium\/#website\",\"url\":\"https:\/\/sites.uef.fi\/karelia-symposium\/\",\"name\":\"Karelia Symposium\",\"description\":\"\",\"potentialAction\":[{\"@type\":\"SearchAction\",\"target\":{\"@type\":\"EntryPoint\",\"urlTemplate\":\"https:\/\/sites.uef.fi\/karelia-symposium\/?s={search_term_string}\"},\"query-input\":{\"@type\":\"PropertyValueSpecification\",\"valueRequired\":true,\"valueName\":\"search_term_string\"}}],\"inLanguage\":\"fi\"}]}<\/script>\n<!-- \/ Yoast SEO plugin. -->","yoast_head_json":{"title":"Kutsuvierasluennoitsijat 2017 - Karelia Symposium","robots":{"index":"index","follow":"follow","max-snippet":"max-snippet:-1","max-image-preview":"max-image-preview:large","max-video-preview":"max-video-preview:-1"},"canonical":"https:\/\/sites.uef.fi\/karelia-symposium\/kutsuvierasluennoitsijat-2017\/","og_locale":"fi_FI","og_type":"article","og_title":"Kutsuvierasluennoitsijat 2017 - Karelia Symposium","og_description":"3. Karelia Symposiumin kutsuvierasluennoitsijat 2017 Dr. Lennart Salm\u00e9n is a principal scientist at the Research Institutes of Sweden, RISE. His research interests have mainly been devoted to the understanding of the relationship between the properties of the wood polymeric constituents and the macroscopic physical properties of fibres, wood and paper materials exploring new and innovative [&hellip;]","og_url":"https:\/\/sites.uef.fi\/karelia-symposium\/kutsuvierasluennoitsijat-2017\/","og_site_name":"Karelia Symposium","article_modified_time":"2023-07-03T10:18:29+00:00","twitter_card":"summary_large_image","twitter_misc":{"Arvioitu lukuaika":"9 minuuttia"},"schema":{"@context":"https:\/\/schema.org","@graph":[{"@type":"WebPage","@id":"https:\/\/sites.uef.fi\/karelia-symposium\/kutsuvierasluennoitsijat-2017\/","url":"https:\/\/sites.uef.fi\/karelia-symposium\/kutsuvierasluennoitsijat-2017\/","name":"Kutsuvierasluennoitsijat 2017 - Karelia Symposium","isPartOf":{"@id":"https:\/\/sites.uef.fi\/karelia-symposium\/#website"},"datePublished":"2020-09-25T06:41:15+00:00","dateModified":"2023-07-03T10:18:29+00:00","breadcrumb":{"@id":"https:\/\/sites.uef.fi\/karelia-symposium\/kutsuvierasluennoitsijat-2017\/#breadcrumb"},"inLanguage":"fi","potentialAction":[{"@type":"ReadAction","target":["https:\/\/sites.uef.fi\/karelia-symposium\/kutsuvierasluennoitsijat-2017\/"]}]},{"@type":"BreadcrumbList","@id":"https:\/\/sites.uef.fi\/karelia-symposium\/kutsuvierasluennoitsijat-2017\/#breadcrumb","itemListElement":[{"@type":"ListItem","position":1,"name":"Home","item":"https:\/\/sites.uef.fi\/karelia-symposium\/"},{"@type":"ListItem","position":2,"name":"Kutsuvierasluennoitsijat 2017"}]},{"@type":"WebSite","@id":"https:\/\/sites.uef.fi\/karelia-symposium\/#website","url":"https:\/\/sites.uef.fi\/karelia-symposium\/","name":"Karelia Symposium","description":"","potentialAction":[{"@type":"SearchAction","target":{"@type":"EntryPoint","urlTemplate":"https:\/\/sites.uef.fi\/karelia-symposium\/?s={search_term_string}"},"query-input":{"@type":"PropertyValueSpecification","valueRequired":true,"valueName":"search_term_string"}}],"inLanguage":"fi"}]}},"_links":{"self":[{"href":"https:\/\/sites.uef.fi\/karelia-symposium\/wp-json\/wp\/v2\/pages\/147","targetHints":{"allow":["GET"]}}],"collection":[{"href":"https:\/\/sites.uef.fi\/karelia-symposium\/wp-json\/wp\/v2\/pages"}],"about":[{"href":"https:\/\/sites.uef.fi\/karelia-symposium\/wp-json\/wp\/v2\/types\/page"}],"author":[{"embeddable":true,"href":"https:\/\/sites.uef.fi\/karelia-symposium\/wp-json\/wp\/v2\/users\/8"}],"replies":[{"embeddable":true,"href":"https:\/\/sites.uef.fi\/karelia-symposium\/wp-json\/wp\/v2\/comments?post=147"}],"version-history":[{"count":2,"href":"https:\/\/sites.uef.fi\/karelia-symposium\/wp-json\/wp\/v2\/pages\/147\/revisions"}],"predecessor-version":[{"id":2370,"href":"https:\/\/sites.uef.fi\/karelia-symposium\/wp-json\/wp\/v2\/pages\/147\/revisions\/2370"}],"wp:attachment":[{"href":"https:\/\/sites.uef.fi\/karelia-symposium\/wp-json\/wp\/v2\/media?parent=147"}],"curies":[{"name":"wp","href":"https:\/\/api.w.org\/{rel}","templated":true}]}}