{"id":19,"date":"2020-09-25T05:48:27","date_gmt":"2020-09-25T02:48:27","guid":{"rendered":"https:\/\/sites.uef.fi\/karelia-symposium\/?page_id=19"},"modified":"2026-04-14T17:17:27","modified_gmt":"2026-04-14T14:17:27","slug":"etusivu","status":"publish","type":"page","link":"https:\/\/sites.uef.fi\/karelia-symposium\/","title":{"rendered":"Etusivu"},"content":{"rendered":"\n<h2 class=\"wp-block-heading has-text-align-center\">10. Karelia Symposium: Puun k\u00e4yt\u00f6n vastuullinen tulevaisuus<\/h2>\n\n\n\n<p class=\"has-text-align-center\"><strong>It\u00e4-Suomen yliopisto, Joensuun kampus, torstaina 16.4.2026<\/strong><\/p>\n\n\n\n<p class=\"has-text-align-center\"><strong><em>*** Ilmoittautuminen on p\u00e4\u00e4ttynyt \u2013 n\u00e4hd\u00e4\u00e4n symposiumissa!<\/em><\/strong> <strong><em>***<\/em><\/strong><\/p>\n\n\n\n<p>It\u00e4-Suomen yliopisto (UEF) ja Teollisuusneuvos Heikki V\u00e4\u00e4n\u00e4sen rahasto j\u00e4rjest\u00e4v\u00e4t 10. Karelia Symposiumin Joensuussa. Tervetuloa seuraamaan alan asiantuntijoiden esityksi\u00e4 ja keskustelua puun k\u00e4yt\u00f6n nykytilanteesta ja alan kehityksest\u00e4 erityisesti teemalla&nbsp;<strong>Puun k\u00e4yt\u00f6n vastuullinen tulevaisuus<\/strong>.<br><\/p>\n\n\n\t<div id=\"accordion-block_ebf550c17fb829ef1a9e73e294a21075\" class=\"accordions\">\n\t\t\t\t\t<div class=\"accordion accordion-js\">\n\t\t\t\t<button class=\"accordion__button\" aria-controls=\"content-1808\" aria-expanded=\"false\" id=\"accordion-control-1808\">\n\t\t\t\t\t<h3 class=\"accordion__heading\" >\n\t\t\t\t\t\tOhjelma\t\t\t\t\t<\/h3>\n\t\t\t\t<\/button>\n\t\t\t\t<div class=\"accordion__content\" role=\"region\" aria-labelledby=\"accordion-control-1808\" aria-hidden=\"true\" id=\"content-1808\">\n\t\t\t\t\t<p>Karelia Symposium 16.4.2026, Joensuu \u2013 Metria M101<br \/>\nKieli: englanti<\/p>\n<p>Tarkempi ohjelma l\u00f6ytyy t\u00e4\u00e4lt\u00e4: <a href=\"https:\/\/sites.uef.fi\/karelia-symposium\/ohjelma\/\" target=\"_blank\" rel=\"noopener\">Karelia Symposium ohjelma<\/a><\/p>\n<p><strong>Ohjelman tiivistelm\u00e4<\/strong><br \/>\nRekister\u00f6ityminen alkaa klo 8.30<br \/>\n9.00 Tervetuloa &amp; Symposiumin avaus<br \/>\n9.20 Kutsuvieraspuhujat<br \/>\n10.50 Posteriesittelyt<br \/>\n11.20 Lounas (omakustanteinen) &amp; posterit<br \/>\n12.30 Kutsuvieraspuhujat<br \/>\n13.45 Paneelikeskustelu<br \/>\n14.30 Kahvi<br \/>\n15.00 Opiskelijasessio<br \/>\n\u2022 Aiempien vuosien stipendiaattien esitykset<br \/>\n\u2022 Teollisuusneuvos Heikki V\u00e4\u00e4n\u00e4sen rahaston vuoden 2026 stipendinsaajan (tai -saajien) julkaiseminen.<br \/>\n\u2022 Paras posteri<br \/>\n15.55 Symposiumin p\u00e4\u00e4t\u00f6s<br \/>\n16.00 Virvokkeita &amp; verkostoitumista<\/p>\n\t\t\t\t<\/div>\n\t\t\t<\/div>\n\t\t\t\t\t<div class=\"accordion accordion-js\">\n\t\t\t\t<button class=\"accordion__button\" aria-controls=\"content-885\" aria-expanded=\"false\" id=\"accordion-control-885\">\n\t\t\t\t\t<h3 class=\"accordion__heading\" >\n\t\t\t\t\t\tIlmoittautuminen\t\t\t\t\t<\/h3>\n\t\t\t\t<\/button>\n\t\t\t\t<div class=\"accordion__content\" role=\"region\" aria-labelledby=\"accordion-control-885\" aria-hidden=\"true\" id=\"content-885\">\n\t\t\t\t\t<p>Ilmoittautuminen on p\u00e4\u00e4ttynyt \u2013 n\u00e4hd\u00e4\u00e4n symposiumissa!<\/p>\n<p>Symposiumi on maksuton tapahtuma, eik\u00e4 osallistujilta perit\u00e4 osallistumis- tai rekister\u00f6itymismaksuja.<\/p>\n<p><em><strong>l<\/strong><\/em><\/p>\n\t\t\t\t<\/div>\n\t\t\t<\/div>\n\t\t\t\t\t<div class=\"accordion accordion-js\">\n\t\t\t\t<button class=\"accordion__button\" aria-controls=\"content-2015\" aria-expanded=\"false\" id=\"accordion-control-2015\">\n\t\t\t\t\t<h3 class=\"accordion__heading\" >\n\t\t\t\t\t\tPosteriesitykset\t\t\t\t\t<\/h3>\n\t\t\t\t<\/button>\n\t\t\t\t<div class=\"accordion__content\" role=\"region\" aria-labelledby=\"accordion-control-2015\" aria-hidden=\"true\" id=\"content-2015\">\n\t\t\t\t\t<p><strong>Karelia Symposiumiin voi tarjota posteriesityst\u00e4 1.4. saakka.<\/strong><\/p>\n<p>Karelia Symposium j\u00e4rjest\u00e4\u00e4 tieteellisen posterisession, johon osallistujat voivat tarjota symposiumin teemaa k\u00e4sittelevi\u00e4 posteriesityksi\u00e4. Sessiossa kukin hyv\u00e4ksytty posteri esitell\u00e4\u00e4n lyhyesti, ja tilaisuuden lopuksi paras posteriesitys valitaan ja palkitaan.<\/p>\n<p>Jos haluat l\u00e4hett\u00e4\u00e4 posteriehdotuksen tai kysy\u00e4 lis\u00e4tietoja, olethan yhteydess\u00e4 s\u00e4hk\u00f6postitse: <strong>henrik.herajarvi@uef.fi<\/strong>.<\/p>\n\t\t\t\t<\/div>\n\t\t\t<\/div>\n\t\t\t\t\t<div class=\"accordion accordion-js\">\n\t\t\t\t<button class=\"accordion__button\" aria-controls=\"content-6442\" aria-expanded=\"false\" id=\"accordion-control-6442\">\n\t\t\t\t\t<h3 class=\"accordion__heading\" >\n\t\t\t\t\t\t10. Karelia Symposiumin kutsuvieraspuhujat\t\t\t\t\t<\/h3>\n\t\t\t\t<\/button>\n\t\t\t\t<div class=\"accordion__content\" role=\"region\" aria-labelledby=\"accordion-control-6442\" aria-hidden=\"true\" id=\"content-6442\">\n\t\t\t\t\t<p>Tutustu t\u00e4m\u00e4n vuoden Karelia Symposiumin kutsuvieraspuhujiin\u00a0<a href=\"https:\/\/sites.uef.fi\/karelia-symposium\/?page_id=3172&amp;preview=true\" target=\"_blank\" rel=\"noopener\">T\u00c4\u00c4LT\u00c4<\/a><\/p>\n<p>&nbsp;<\/p>\n\t\t\t\t<\/div>\n\t\t\t<\/div>\n\t\t\t<\/div>\n\t\n\n\n<p><\/p>\n","protected":false},"excerpt":{"rendered":"<p>10. Karelia Symposium: Puun k\u00e4yt\u00f6n vastuullinen tulevaisuus It\u00e4-Suomen yliopisto, Joensuun kampus, torstaina 16.4.2026 *** Ilmoittautuminen on p\u00e4\u00e4ttynyt \u2013 n\u00e4hd\u00e4\u00e4n symposiumissa! *** It\u00e4-Suomen yliopisto (UEF) ja Teollisuusneuvos Heikki V\u00e4\u00e4n\u00e4sen rahasto j\u00e4rjest\u00e4v\u00e4t 10. Karelia Symposiumin Joensuussa. Tervetuloa seuraamaan alan asiantuntijoiden esityksi\u00e4 ja keskustelua puun k\u00e4yt\u00f6n nykytilanteesta ja alan kehityksest\u00e4 erityisesti teemalla&nbsp;Puun k\u00e4yt\u00f6n vastuullinen tulevaisuus.<\/p>\n","protected":false},"author":2,"featured_media":2535,"parent":0,"menu_order":0,"comment_status":"closed","ping_status":"closed","template":"","meta":{"_acf_changed":false,"_monsterinsights_skip_tracking":false,"_monsterinsights_sitenote_active":false,"_monsterinsights_sitenote_note":"","_monsterinsights_sitenote_category":0,"footnotes":""},"class_list":["post-19","page","type-page","status-publish","has-post-thumbnail","hentry"],"acf":[],"yoast_head":"<!-- This site is optimized with the Yoast SEO plugin v27.3 - https:\/\/yoast.com\/product\/yoast-seo-wordpress\/ -->\n<title>Etusivu - Karelia Symposium<\/title>\n<meta name=\"robots\" content=\"index, follow, max-snippet:-1, max-image-preview:large, max-video-preview:-1\" \/>\n<link rel=\"canonical\" href=\"https:\/\/sites.uef.fi\/karelia-symposium\/\" \/>\n<meta property=\"og:locale\" content=\"fi_FI\" \/>\n<meta property=\"og:type\" content=\"article\" \/>\n<meta property=\"og:title\" content=\"Etusivu - Karelia Symposium\" \/>\n<meta property=\"og:description\" content=\"10. Karelia Symposium: Puun k\u00e4yt\u00f6n vastuullinen tulevaisuus It\u00e4-Suomen yliopisto, Joensuun kampus, torstaina 16.4.2026 *** Ilmoittautuminen on p\u00e4\u00e4ttynyt \u2013 n\u00e4hd\u00e4\u00e4n symposiumissa! *** It\u00e4-Suomen yliopisto (UEF) ja Teollisuusneuvos Heikki V\u00e4\u00e4n\u00e4sen rahasto j\u00e4rjest\u00e4v\u00e4t 10. Karelia Symposiumin Joensuussa. Tervetuloa seuraamaan alan asiantuntijoiden esityksi\u00e4 ja keskustelua puun k\u00e4yt\u00f6n nykytilanteesta ja alan kehityksest\u00e4 erityisesti teemalla&nbsp;Puun k\u00e4yt\u00f6n vastuullinen tulevaisuus.\" \/>\n<meta property=\"og:url\" content=\"https:\/\/sites.uef.fi\/karelia-symposium\/\" \/>\n<meta property=\"og:site_name\" content=\"Karelia Symposium\" \/>\n<meta property=\"article:modified_time\" content=\"2026-04-14T14:17:27+00:00\" \/>\n<meta property=\"og:image\" content=\"https:\/\/sites.uef.fi\/karelia-symposium\/wp-content\/uploads\/sites\/175\/2023\/10\/UEF_Karelia_Symposium_Kaavakuva_WP_1440x570px.png\" \/>\n\t<meta property=\"og:image:width\" content=\"1440\" \/>\n\t<meta property=\"og:image:height\" content=\"570\" \/>\n\t<meta property=\"og:image:type\" content=\"image\/png\" \/>\n<meta name=\"twitter:card\" content=\"summary_large_image\" \/>\n<meta name=\"twitter:label1\" content=\"Arvioitu lukuaika\" \/>\n\t<meta name=\"twitter:data1\" content=\"1 minuutti\" \/>\n<script type=\"application\/ld+json\" class=\"yoast-schema-graph\">{\"@context\":\"https:\\\/\\\/schema.org\",\"@graph\":[{\"@type\":\"WebPage\",\"@id\":\"https:\\\/\\\/sites.uef.fi\\\/karelia-symposium\\\/\",\"url\":\"https:\\\/\\\/sites.uef.fi\\\/karelia-symposium\\\/\",\"name\":\"Etusivu - Karelia Symposium\",\"isPartOf\":{\"@id\":\"https:\\\/\\\/sites.uef.fi\\\/karelia-symposium\\\/#website\"},\"primaryImageOfPage\":{\"@id\":\"https:\\\/\\\/sites.uef.fi\\\/karelia-symposium\\\/#primaryimage\"},\"image\":{\"@id\":\"https:\\\/\\\/sites.uef.fi\\\/karelia-symposium\\\/#primaryimage\"},\"thumbnailUrl\":\"https:\\\/\\\/sites.uef.fi\\\/karelia-symposium\\\/wp-content\\\/uploads\\\/sites\\\/175\\\/2023\\\/10\\\/UEF_Karelia_Symposium_Kaavakuva_WP_1440x570px.png\",\"datePublished\":\"2020-09-25T02:48:27+00:00\",\"dateModified\":\"2026-04-14T14:17:27+00:00\",\"breadcrumb\":{\"@id\":\"https:\\\/\\\/sites.uef.fi\\\/karelia-symposium\\\/#breadcrumb\"},\"inLanguage\":\"fi\",\"potentialAction\":[{\"@type\":\"ReadAction\",\"target\":[\"https:\\\/\\\/sites.uef.fi\\\/karelia-symposium\\\/\"]}]},{\"@type\":\"ImageObject\",\"inLanguage\":\"fi\",\"@id\":\"https:\\\/\\\/sites.uef.fi\\\/karelia-symposium\\\/#primaryimage\",\"url\":\"https:\\\/\\\/sites.uef.fi\\\/karelia-symposium\\\/wp-content\\\/uploads\\\/sites\\\/175\\\/2023\\\/10\\\/UEF_Karelia_Symposium_Kaavakuva_WP_1440x570px.png\",\"contentUrl\":\"https:\\\/\\\/sites.uef.fi\\\/karelia-symposium\\\/wp-content\\\/uploads\\\/sites\\\/175\\\/2023\\\/10\\\/UEF_Karelia_Symposium_Kaavakuva_WP_1440x570px.png\",\"width\":1440,\"height\":570},{\"@type\":\"BreadcrumbList\",\"@id\":\"https:\\\/\\\/sites.uef.fi\\\/karelia-symposium\\\/#breadcrumb\",\"itemListElement\":[{\"@type\":\"ListItem\",\"position\":1,\"name\":\"Home\",\"item\":\"https:\\\/\\\/sites.uef.fi\\\/karelia-symposium\\\/\"},{\"@type\":\"ListItem\",\"position\":2,\"name\":\"Etusivu\"}]},{\"@type\":\"WebSite\",\"@id\":\"https:\\\/\\\/sites.uef.fi\\\/karelia-symposium\\\/#website\",\"url\":\"https:\\\/\\\/sites.uef.fi\\\/karelia-symposium\\\/\",\"name\":\"Karelia Symposium\",\"description\":\"\",\"potentialAction\":[{\"@type\":\"SearchAction\",\"target\":{\"@type\":\"EntryPoint\",\"urlTemplate\":\"https:\\\/\\\/sites.uef.fi\\\/karelia-symposium\\\/?s={search_term_string}\"},\"query-input\":{\"@type\":\"PropertyValueSpecification\",\"valueRequired\":true,\"valueName\":\"search_term_string\"}}],\"inLanguage\":\"fi\"}]}<\/script>\n<!-- \/ Yoast SEO plugin. -->","yoast_head_json":{"title":"Etusivu - Karelia Symposium","robots":{"index":"index","follow":"follow","max-snippet":"max-snippet:-1","max-image-preview":"max-image-preview:large","max-video-preview":"max-video-preview:-1"},"canonical":"https:\/\/sites.uef.fi\/karelia-symposium\/","og_locale":"fi_FI","og_type":"article","og_title":"Etusivu - Karelia Symposium","og_description":"10. Karelia Symposium: Puun k\u00e4yt\u00f6n vastuullinen tulevaisuus It\u00e4-Suomen yliopisto, Joensuun kampus, torstaina 16.4.2026 *** Ilmoittautuminen on p\u00e4\u00e4ttynyt \u2013 n\u00e4hd\u00e4\u00e4n symposiumissa! *** It\u00e4-Suomen yliopisto (UEF) ja Teollisuusneuvos Heikki V\u00e4\u00e4n\u00e4sen rahasto j\u00e4rjest\u00e4v\u00e4t 10. Karelia Symposiumin Joensuussa. Tervetuloa seuraamaan alan asiantuntijoiden esityksi\u00e4 ja keskustelua puun k\u00e4yt\u00f6n nykytilanteesta ja alan kehityksest\u00e4 erityisesti teemalla&nbsp;Puun k\u00e4yt\u00f6n vastuullinen tulevaisuus.","og_url":"https:\/\/sites.uef.fi\/karelia-symposium\/","og_site_name":"Karelia Symposium","article_modified_time":"2026-04-14T14:17:27+00:00","og_image":[{"width":1440,"height":570,"url":"https:\/\/sites.uef.fi\/karelia-symposium\/wp-content\/uploads\/sites\/175\/2023\/10\/UEF_Karelia_Symposium_Kaavakuva_WP_1440x570px.png","type":"image\/png"}],"twitter_card":"summary_large_image","twitter_misc":{"Arvioitu lukuaika":"1 minuutti"},"schema":{"@context":"https:\/\/schema.org","@graph":[{"@type":"WebPage","@id":"https:\/\/sites.uef.fi\/karelia-symposium\/","url":"https:\/\/sites.uef.fi\/karelia-symposium\/","name":"Etusivu - Karelia Symposium","isPartOf":{"@id":"https:\/\/sites.uef.fi\/karelia-symposium\/#website"},"primaryImageOfPage":{"@id":"https:\/\/sites.uef.fi\/karelia-symposium\/#primaryimage"},"image":{"@id":"https:\/\/sites.uef.fi\/karelia-symposium\/#primaryimage"},"thumbnailUrl":"https:\/\/sites.uef.fi\/karelia-symposium\/wp-content\/uploads\/sites\/175\/2023\/10\/UEF_Karelia_Symposium_Kaavakuva_WP_1440x570px.png","datePublished":"2020-09-25T02:48:27+00:00","dateModified":"2026-04-14T14:17:27+00:00","breadcrumb":{"@id":"https:\/\/sites.uef.fi\/karelia-symposium\/#breadcrumb"},"inLanguage":"fi","potentialAction":[{"@type":"ReadAction","target":["https:\/\/sites.uef.fi\/karelia-symposium\/"]}]},{"@type":"ImageObject","inLanguage":"fi","@id":"https:\/\/sites.uef.fi\/karelia-symposium\/#primaryimage","url":"https:\/\/sites.uef.fi\/karelia-symposium\/wp-content\/uploads\/sites\/175\/2023\/10\/UEF_Karelia_Symposium_Kaavakuva_WP_1440x570px.png","contentUrl":"https:\/\/sites.uef.fi\/karelia-symposium\/wp-content\/uploads\/sites\/175\/2023\/10\/UEF_Karelia_Symposium_Kaavakuva_WP_1440x570px.png","width":1440,"height":570},{"@type":"BreadcrumbList","@id":"https:\/\/sites.uef.fi\/karelia-symposium\/#breadcrumb","itemListElement":[{"@type":"ListItem","position":1,"name":"Home","item":"https:\/\/sites.uef.fi\/karelia-symposium\/"},{"@type":"ListItem","position":2,"name":"Etusivu"}]},{"@type":"WebSite","@id":"https:\/\/sites.uef.fi\/karelia-symposium\/#website","url":"https:\/\/sites.uef.fi\/karelia-symposium\/","name":"Karelia Symposium","description":"","potentialAction":[{"@type":"SearchAction","target":{"@type":"EntryPoint","urlTemplate":"https:\/\/sites.uef.fi\/karelia-symposium\/?s={search_term_string}"},"query-input":{"@type":"PropertyValueSpecification","valueRequired":true,"valueName":"search_term_string"}}],"inLanguage":"fi"}]}},"_links":{"self":[{"href":"https:\/\/sites.uef.fi\/karelia-symposium\/wp-json\/wp\/v2\/pages\/19","targetHints":{"allow":["GET"]}}],"collection":[{"href":"https:\/\/sites.uef.fi\/karelia-symposium\/wp-json\/wp\/v2\/pages"}],"about":[{"href":"https:\/\/sites.uef.fi\/karelia-symposium\/wp-json\/wp\/v2\/types\/page"}],"author":[{"embeddable":true,"href":"https:\/\/sites.uef.fi\/karelia-symposium\/wp-json\/wp\/v2\/users\/2"}],"replies":[{"embeddable":true,"href":"https:\/\/sites.uef.fi\/karelia-symposium\/wp-json\/wp\/v2\/comments?post=19"}],"version-history":[{"count":2,"href":"https:\/\/sites.uef.fi\/karelia-symposium\/wp-json\/wp\/v2\/pages\/19\/revisions"}],"predecessor-version":[{"id":3262,"href":"https:\/\/sites.uef.fi\/karelia-symposium\/wp-json\/wp\/v2\/pages\/19\/revisions\/3262"}],"wp:featuredmedia":[{"embeddable":true,"href":"https:\/\/sites.uef.fi\/karelia-symposium\/wp-json\/wp\/v2\/media\/2535"}],"wp:attachment":[{"href":"https:\/\/sites.uef.fi\/karelia-symposium\/wp-json\/wp\/v2\/media?parent=19"}],"curies":[{"name":"wp","href":"https:\/\/api.w.org\/{rel}","templated":true}]}}