{"id":39,"date":"2020-09-25T09:02:43","date_gmt":"2020-09-25T06:02:43","guid":{"rendered":"https:\/\/sites.uef.fi\/karelia-symposium\/?page_id=39"},"modified":"2026-04-14T18:23:15","modified_gmt":"2026-04-14T15:23:15","slug":"ohjelma","status":"publish","type":"page","link":"https:\/\/sites.uef.fi\/karelia-symposium\/ohjelma\/","title":{"rendered":"Ohjelma"},"content":{"rendered":"\n<p>10. Karelia Symposium teemalla Responsible Future of Wood Use j\u00e4rjestet\u00e4\u00e4n 16.4.2026. Paikkana It\u00e4-Suomen yliopisto, Joensuu, auditorio M101 Metria-rakennuksessa.<\/p>\n\n\n\n<p>Symposiumin kielen\u00e4 on englanti.<\/p>\n\n\n\n<p><strong><em>Voit ladata ohjelman tulostettavan PDF-version t\u00e4\u00e4lt\u00e4<\/em><\/strong>:<\/p>\n\n\n\n<div class=\"links-block\">\n\n    \n    <ul class=\"link-list\">\n        \n            \n            <li class=\"link-list-item\">\n                <a href=\"https:\/\/sites.uef.fi\/karelia-symposium\/wp-content\/uploads\/sites\/175\/2026\/04\/Ohjelma_10-Karelia-Symposium_paivitetty-14.4.2026-1.pdf\" class=\"link-reset link hover-scale-down\">\n                    <svg\n        width=\"43\" height=\"25\"\n        viewBox=\"0 0 43 25\"\n        xmlns=\"http:\/\/www.w3.org\/2000\/svg\">\n    <path\n        d=\"M30.027 0 43 12.5 30.027 25 27 22.083 34.351 15H0v-5h34.351L27 2.917z\"\n        fill=\"currentColor\"\n        fill-rule=\"evenodd\"\/>\n<\/svg>                    <div>Ohjelma_10. Karelia Symposium_p\u00e4ivitetty 14.4.2026<\/div>\n                <\/a>\n                <div class=\"link-info\">\n                                    <\/div>\n            <\/li>\n\n        \n            <li class=\"link-list-item\">\n                <a href=\"https:\/\/sites.uef.fi\/karelia-symposium\/?page_id=3172&amp;preview=true\" class=\"link-reset link hover-scale-down\">\n                    <svg\n        width=\"43\" height=\"25\"\n        viewBox=\"0 0 43 25\"\n        xmlns=\"http:\/\/www.w3.org\/2000\/svg\">\n    <path\n        d=\"M30.027 0 43 12.5 30.027 25 27 22.083 34.351 15H0v-5h34.351L27 2.917z\"\n        fill=\"currentColor\"\n        fill-rule=\"evenodd\"\/>\n<\/svg>                    <div>Lue lis\u00e4\u00e4 kutsuvieraspuhujista<\/div>\n                <\/a>\n                <div class=\"link-info\">\n                                    <\/div>\n            <\/li>\n\n                <\/ul>\n<\/div>\n\n\n<figure class=\"wp-block-image size-large is-resized\"><img decoding=\"async\" src=\"https:\/\/blogs.uef.fi\/metsatieteet-yritysyhteistyo\/wp-content\/uploads\/sites\/226\/2024\/11\/3-1024x256.png\" alt=\"\" class=\"wp-image-653\" style=\"aspect-ratio:1.76;object-fit:cover;width:70px;height:auto\" \/><\/figure>\n\n\n\n<h2 class=\"wp-block-heading\">Ohjelma 16.4.2026<\/h2>\n\n\n\n<p>8.30 <em>Registration<\/em><\/p>\n\n\n\n<p>9.00 Henrik Her\u00e4j\u00e4rvi, UEF. <strong>Welcome<\/strong><\/p>\n\n\n\n<p>9.05 Erno J\u00e4rvinen, Ministry of Agriculture and Forestry of Finland.<strong>Opening of the 10th Karelia Symposium<\/strong><\/p>\n\n\n\n<h3 class=\"wp-block-heading\">Session 1 &#8211; Keynotes, Chair: Henrik Her\u00e4j\u00e4rvi, UEF<\/h3>\n\n\n\n<p>9.20 Lindsey Wickstrom, Mattaforma, USA. <strong>Keynote 1: Designing the Forest<\/strong><\/p>\n\n\n\n<p>10.00 Leena Aarikka-Stenroos, Tampere University. <strong>Keynote 2: Towards circular and low carbon forest industries: Integrating technological, business, and societal perspectives<\/strong><\/p>\n\n\n\n<p>10.40 Q&amp;A<\/p>\n\n\n\n<p>10.50 Poster pitching<\/p>\n\n\n\n<p><em>11.20 Lunch (<strong>at participants\u2019 own expense<\/strong>), poster exhibition, and vote for the best poster<\/em><\/p>\n\n\n\n<p>12.30 Mika Rytky, Kontiotuote Ltd. <strong>Keynote 3: Sustainability as a critical success factor<\/strong><\/p>\n\n\n\n<p>13.00 Anu Laakkonen &amp; Katri Rusanen, University of Eastern Finland. <strong>Keynote 4: What is enough? \u2013 Perspectives on responsibility in the Finnish forest-based sector<\/strong><\/p>\n\n\n\n<p>13.30 Q&amp;A<\/p>\n\n\n\n<h3 class=\"wp-block-heading\">Session 2 \u2013 Panel discussion, Moderator: Sandra Lupien, UEF \/ Michigan State University<\/h3>\n\n\n\n<p>13.45 Panel discussion, keynote speakers &amp; Kathryn Fernholz, Dovetail Partners, USA<\/p>\n\n\n\n<p><em>14.30 Coffee<\/em><\/p>\n\n\n\n<h3 class=\"wp-block-heading\">Session 3 \u2013 Students\u2019 presentations, Chair: Ossi Turunen, UEF<\/h3>\n\n\n\n<p>15.00 Previous grant recipients of Teollisuusneuvos Heikki V\u00e4\u00e4n\u00e4nen\u2019s Fund<\/p>\n\n\n\n<p>Abdul Azeez Hikmat Ariike<strong>: Utilization of Wood Components as Food ingredient<\/strong><\/p>\n\n\n\n<p>Taskeen Badar: <strong>Biochar and Wastewater Synergistically Enhance Willow Plant Growth and Electricity Generation in Microbial Fuel Cell Systems<\/strong><\/p>\n\n\n\n<p>Akinsuroju Blessing Abiodun: <strong>Improving the fixation of caffeine and lignin in Scots pine using tannic acid as a cross-linkera<\/strong><\/p>\n\n\n\n<p>Mehr Unisa: <strong>Fiber Analysis of Five North-Eastern Brazilian Hardwoods<\/strong><\/p>\n\n\n\n<p>15.45 Heli Peltola, UEF. Publishing of the grant receiver(s) of Teollisuusneuvos Heikki V\u00e4\u00e4n\u00e4nen\u2019s Fund for 2026<\/p>\n\n\n\n<p>Best poster award<\/p>\n\n\n\n<p>15.55 Henrik Her\u00e4j\u00e4rvi, UEF. Closing of the symposium.<\/p>\n\n\n\n<p>16.00 &#8211; 17.00 Networking with refreshments<\/p>\n","protected":false},"excerpt":{"rendered":"<p>10. Karelia Symposium teemalla Responsible Future of Wood Use j\u00e4rjestet\u00e4\u00e4n 16.4.2026. Paikkana It\u00e4-Suomen yliopisto, Joensuu, auditorio M101 Metria-rakennuksessa. Symposiumin kielen\u00e4 on englanti. Voit ladata ohjelman tulostettavan PDF-version t\u00e4\u00e4lt\u00e4: Ohjelma 16.4.2026 8.30 Registration 9.00 Henrik Her\u00e4j\u00e4rvi, UEF. Welcome 9.05 Erno J\u00e4rvinen, Ministry of Agriculture and Forestry of Finland.Opening of the 10th Karelia Symposium Session 1 &#8211; [&hellip;]<\/p>\n","protected":false},"author":8,"featured_media":0,"parent":0,"menu_order":2,"comment_status":"closed","ping_status":"closed","template":"","meta":{"_acf_changed":false,"_monsterinsights_skip_tracking":false,"_monsterinsights_sitenote_active":false,"_monsterinsights_sitenote_note":"","_monsterinsights_sitenote_category":0,"footnotes":""},"class_list":["post-39","page","type-page","status-publish","hentry"],"acf":[],"yoast_head":"<!-- This site is optimized with the Yoast SEO plugin v27.1.1 - https:\/\/yoast.com\/product\/yoast-seo-wordpress\/ -->\n<title>Ohjelma - Karelia Symposium<\/title>\n<meta name=\"robots\" content=\"index, follow, max-snippet:-1, max-image-preview:large, max-video-preview:-1\" \/>\n<link rel=\"canonical\" href=\"https:\/\/sites.uef.fi\/karelia-symposium\/ohjelma\/\" \/>\n<meta property=\"og:locale\" content=\"fi_FI\" \/>\n<meta property=\"og:type\" content=\"article\" \/>\n<meta property=\"og:title\" content=\"Ohjelma - Karelia Symposium\" \/>\n<meta property=\"og:description\" content=\"10. Karelia Symposium teemalla Responsible Future of Wood Use j\u00e4rjestet\u00e4\u00e4n 16.4.2026. Paikkana It\u00e4-Suomen yliopisto, Joensuu, auditorio M101 Metria-rakennuksessa. Symposiumin kielen\u00e4 on englanti. Voit ladata ohjelman tulostettavan PDF-version t\u00e4\u00e4lt\u00e4: Ohjelma 16.4.2026 8.30 Registration 9.00 Henrik Her\u00e4j\u00e4rvi, UEF. Welcome 9.05 Erno J\u00e4rvinen, Ministry of Agriculture and Forestry of Finland.Opening of the 10th Karelia Symposium Session 1 &#8211; [&hellip;]\" \/>\n<meta property=\"og:url\" content=\"https:\/\/sites.uef.fi\/karelia-symposium\/ohjelma\/\" \/>\n<meta property=\"og:site_name\" content=\"Karelia Symposium\" \/>\n<meta property=\"article:modified_time\" content=\"2026-04-14T15:23:15+00:00\" \/>\n<meta name=\"twitter:card\" content=\"summary_large_image\" \/>\n<meta name=\"twitter:label1\" content=\"Arvioitu lukuaika\" \/>\n\t<meta name=\"twitter:data1\" content=\"2 minuuttia\" \/>\n<script type=\"application\/ld+json\" class=\"yoast-schema-graph\">{\"@context\":\"https:\/\/schema.org\",\"@graph\":[{\"@type\":\"WebPage\",\"@id\":\"https:\/\/sites.uef.fi\/karelia-symposium\/ohjelma\/\",\"url\":\"https:\/\/sites.uef.fi\/karelia-symposium\/ohjelma\/\",\"name\":\"Ohjelma - Karelia Symposium\",\"isPartOf\":{\"@id\":\"https:\/\/sites.uef.fi\/karelia-symposium\/#website\"},\"primaryImageOfPage\":{\"@id\":\"https:\/\/sites.uef.fi\/karelia-symposium\/ohjelma\/#primaryimage\"},\"image\":{\"@id\":\"https:\/\/sites.uef.fi\/karelia-symposium\/ohjelma\/#primaryimage\"},\"thumbnailUrl\":\"https:\/\/blogs.uef.fi\/metsatieteet-yritysyhteistyo\/wp-content\/uploads\/sites\/226\/2024\/11\/3-1024x256.png\",\"datePublished\":\"2020-09-25T06:02:43+00:00\",\"dateModified\":\"2026-04-14T15:23:15+00:00\",\"breadcrumb\":{\"@id\":\"https:\/\/sites.uef.fi\/karelia-symposium\/ohjelma\/#breadcrumb\"},\"inLanguage\":\"fi\",\"potentialAction\":[{\"@type\":\"ReadAction\",\"target\":[\"https:\/\/sites.uef.fi\/karelia-symposium\/ohjelma\/\"]}]},{\"@type\":\"ImageObject\",\"inLanguage\":\"fi\",\"@id\":\"https:\/\/sites.uef.fi\/karelia-symposium\/ohjelma\/#primaryimage\",\"url\":\"https:\/\/blogs.uef.fi\/metsatieteet-yritysyhteistyo\/wp-content\/uploads\/sites\/226\/2024\/11\/3-1024x256.png\",\"contentUrl\":\"https:\/\/blogs.uef.fi\/metsatieteet-yritysyhteistyo\/wp-content\/uploads\/sites\/226\/2024\/11\/3-1024x256.png\"},{\"@type\":\"BreadcrumbList\",\"@id\":\"https:\/\/sites.uef.fi\/karelia-symposium\/ohjelma\/#breadcrumb\",\"itemListElement\":[{\"@type\":\"ListItem\",\"position\":1,\"name\":\"Home\",\"item\":\"https:\/\/sites.uef.fi\/karelia-symposium\/\"},{\"@type\":\"ListItem\",\"position\":2,\"name\":\"Ohjelma\"}]},{\"@type\":\"WebSite\",\"@id\":\"https:\/\/sites.uef.fi\/karelia-symposium\/#website\",\"url\":\"https:\/\/sites.uef.fi\/karelia-symposium\/\",\"name\":\"Karelia Symposium\",\"description\":\"\",\"potentialAction\":[{\"@type\":\"SearchAction\",\"target\":{\"@type\":\"EntryPoint\",\"urlTemplate\":\"https:\/\/sites.uef.fi\/karelia-symposium\/?s={search_term_string}\"},\"query-input\":{\"@type\":\"PropertyValueSpecification\",\"valueRequired\":true,\"valueName\":\"search_term_string\"}}],\"inLanguage\":\"fi\"}]}<\/script>\n<!-- \/ Yoast SEO plugin. -->","yoast_head_json":{"title":"Ohjelma - Karelia Symposium","robots":{"index":"index","follow":"follow","max-snippet":"max-snippet:-1","max-image-preview":"max-image-preview:large","max-video-preview":"max-video-preview:-1"},"canonical":"https:\/\/sites.uef.fi\/karelia-symposium\/ohjelma\/","og_locale":"fi_FI","og_type":"article","og_title":"Ohjelma - Karelia Symposium","og_description":"10. Karelia Symposium teemalla Responsible Future of Wood Use j\u00e4rjestet\u00e4\u00e4n 16.4.2026. Paikkana It\u00e4-Suomen yliopisto, Joensuu, auditorio M101 Metria-rakennuksessa. Symposiumin kielen\u00e4 on englanti. Voit ladata ohjelman tulostettavan PDF-version t\u00e4\u00e4lt\u00e4: Ohjelma 16.4.2026 8.30 Registration 9.00 Henrik Her\u00e4j\u00e4rvi, UEF. Welcome 9.05 Erno J\u00e4rvinen, Ministry of Agriculture and Forestry of Finland.Opening of the 10th Karelia Symposium Session 1 &#8211; [&hellip;]","og_url":"https:\/\/sites.uef.fi\/karelia-symposium\/ohjelma\/","og_site_name":"Karelia Symposium","article_modified_time":"2026-04-14T15:23:15+00:00","twitter_card":"summary_large_image","twitter_misc":{"Arvioitu lukuaika":"2 minuuttia"},"schema":{"@context":"https:\/\/schema.org","@graph":[{"@type":"WebPage","@id":"https:\/\/sites.uef.fi\/karelia-symposium\/ohjelma\/","url":"https:\/\/sites.uef.fi\/karelia-symposium\/ohjelma\/","name":"Ohjelma - Karelia Symposium","isPartOf":{"@id":"https:\/\/sites.uef.fi\/karelia-symposium\/#website"},"primaryImageOfPage":{"@id":"https:\/\/sites.uef.fi\/karelia-symposium\/ohjelma\/#primaryimage"},"image":{"@id":"https:\/\/sites.uef.fi\/karelia-symposium\/ohjelma\/#primaryimage"},"thumbnailUrl":"https:\/\/blogs.uef.fi\/metsatieteet-yritysyhteistyo\/wp-content\/uploads\/sites\/226\/2024\/11\/3-1024x256.png","datePublished":"2020-09-25T06:02:43+00:00","dateModified":"2026-04-14T15:23:15+00:00","breadcrumb":{"@id":"https:\/\/sites.uef.fi\/karelia-symposium\/ohjelma\/#breadcrumb"},"inLanguage":"fi","potentialAction":[{"@type":"ReadAction","target":["https:\/\/sites.uef.fi\/karelia-symposium\/ohjelma\/"]}]},{"@type":"ImageObject","inLanguage":"fi","@id":"https:\/\/sites.uef.fi\/karelia-symposium\/ohjelma\/#primaryimage","url":"https:\/\/blogs.uef.fi\/metsatieteet-yritysyhteistyo\/wp-content\/uploads\/sites\/226\/2024\/11\/3-1024x256.png","contentUrl":"https:\/\/blogs.uef.fi\/metsatieteet-yritysyhteistyo\/wp-content\/uploads\/sites\/226\/2024\/11\/3-1024x256.png"},{"@type":"BreadcrumbList","@id":"https:\/\/sites.uef.fi\/karelia-symposium\/ohjelma\/#breadcrumb","itemListElement":[{"@type":"ListItem","position":1,"name":"Home","item":"https:\/\/sites.uef.fi\/karelia-symposium\/"},{"@type":"ListItem","position":2,"name":"Ohjelma"}]},{"@type":"WebSite","@id":"https:\/\/sites.uef.fi\/karelia-symposium\/#website","url":"https:\/\/sites.uef.fi\/karelia-symposium\/","name":"Karelia Symposium","description":"","potentialAction":[{"@type":"SearchAction","target":{"@type":"EntryPoint","urlTemplate":"https:\/\/sites.uef.fi\/karelia-symposium\/?s={search_term_string}"},"query-input":{"@type":"PropertyValueSpecification","valueRequired":true,"valueName":"search_term_string"}}],"inLanguage":"fi"}]}},"_links":{"self":[{"href":"https:\/\/sites.uef.fi\/karelia-symposium\/wp-json\/wp\/v2\/pages\/39","targetHints":{"allow":["GET"]}}],"collection":[{"href":"https:\/\/sites.uef.fi\/karelia-symposium\/wp-json\/wp\/v2\/pages"}],"about":[{"href":"https:\/\/sites.uef.fi\/karelia-symposium\/wp-json\/wp\/v2\/types\/page"}],"author":[{"embeddable":true,"href":"https:\/\/sites.uef.fi\/karelia-symposium\/wp-json\/wp\/v2\/users\/8"}],"replies":[{"embeddable":true,"href":"https:\/\/sites.uef.fi\/karelia-symposium\/wp-json\/wp\/v2\/comments?post=39"}],"version-history":[{"count":2,"href":"https:\/\/sites.uef.fi\/karelia-symposium\/wp-json\/wp\/v2\/pages\/39\/revisions"}],"predecessor-version":[{"id":3271,"href":"https:\/\/sites.uef.fi\/karelia-symposium\/wp-json\/wp\/v2\/pages\/39\/revisions\/3271"}],"wp:attachment":[{"href":"https:\/\/sites.uef.fi\/karelia-symposium\/wp-json\/wp\/v2\/media?parent=39"}],"curies":[{"name":"wp","href":"https:\/\/api.w.org\/{rel}","templated":true}]}}