{"id":1183,"date":"2024-10-01T13:12:58","date_gmt":"2024-10-01T11:12:58","guid":{"rendered":"https:\/\/sites.uef.fi\/kasvuasammalesta\/?page_id=1183"},"modified":"2025-12-17T14:44:55","modified_gmt":"2025-12-17T12:44:55","slug":"videot","status":"publish","type":"page","link":"https:\/\/sites.uef.fi\/kasvuasammalesta\/videot\/","title":{"rendered":"Videot"},"content":{"rendered":"\n<h3 class=\"wp-block-heading\">Turvealueiden kosteikkoratkaisujen ilmasto- ja vesist\u00f6vaikutukset -ty\u00f6paja 10.12.2025:<\/h3>\n\n\n\n<h2 class=\"wp-block-heading\"><strong>Ty\u00f6pajaesitysten ja -keskusteluiden kooste<\/strong><\/h2>\n\n\n<div class=\"embed-container\">\n    <iframe loading=\"lazy\" title=\"Turvealueiden kosteikkoratkaisujen ilmasto- ja vesist\u00f6vaikutukset -ty\u00f6pajakooste\" width=\"640\" height=\"360\" src=\"https:\/\/www.youtube.com\/embed\/GPiRlp8K1PY?feature=oembed&#038;controls=1&#038;hd=1&#038;autohide=1\" frameborder=\"0\" allow=\"accelerometer; autoplay; clipboard-write; encrypted-media; gyroscope; picture-in-picture; web-share\" referrerpolicy=\"strict-origin-when-cross-origin\" allowfullscreen frameborder=\"0\"><\/iframe><\/div>\n\n\n<h2 class=\"wp-block-heading\"><strong>Rahkasammalikon kasvun sensoripohjainen havainnointi. Timo Kumpula.<\/strong><\/h2>\n\n\n<div class=\"embed-container\">\n    <iframe loading=\"lazy\" title=\"Rahkasammalikon kasvun sensoripohjainen havainnointi\" width=\"640\" height=\"360\" src=\"https:\/\/www.youtube.com\/embed\/Q0jGSc_4JK0?feature=oembed&#038;controls=1&#038;hd=1&#038;autohide=1\" frameborder=\"0\" allow=\"accelerometer; autoplay; clipboard-write; encrypted-media; gyroscope; picture-in-picture; web-share\" referrerpolicy=\"strict-origin-when-cross-origin\" allowfullscreen frameborder=\"0\"><\/iframe><\/div>\n\n\n<h2 class=\"wp-block-heading\"><strong>Rikkihappaman turvealueen vedenlaadun seuranta. Helmi Lehikoinen.<\/strong><\/h2>\n\n\n<div class=\"embed-container\">\n    <iframe loading=\"lazy\" title=\"Rikkihappaman turvealueen vedenlaadun seuranta\" width=\"640\" height=\"360\" src=\"https:\/\/www.youtube.com\/embed\/1TouSmt40Xw?feature=oembed&#038;controls=1&#038;hd=1&#038;autohide=1\" frameborder=\"0\" allow=\"accelerometer; autoplay; clipboard-write; encrypted-media; gyroscope; picture-in-picture; web-share\" referrerpolicy=\"strict-origin-when-cross-origin\" allowfullscreen frameborder=\"0\"><\/iframe><\/div>\n\n\n<h2 class=\"wp-block-heading\"><strong>Kasvihuonekaasut pilottialueella. Ella Bocharnikova.<\/strong><\/h2>\n\n\n<div class=\"embed-container\">\n    <iframe loading=\"lazy\" title=\"Kasvihuonekaasup\u00e4\u00e4st\u00f6t pilottialueella\" width=\"640\" height=\"360\" src=\"https:\/\/www.youtube.com\/embed\/5mKY_l_cYCU?feature=oembed&#038;controls=1&#038;hd=1&#038;autohide=1\" frameborder=\"0\" allow=\"accelerometer; autoplay; clipboard-write; encrypted-media; gyroscope; picture-in-picture; web-share\" referrerpolicy=\"strict-origin-when-cross-origin\" allowfullscreen frameborder=\"0\"><\/iframe><\/div>\n\n\n<h2 class=\"wp-block-heading\"><strong>Soiden ennallistamisen ilmastovaikutuksista. Anna Laine-Pet\u00e4j\u00e4kangas.<\/strong><\/h2>\n\n\n<div class=\"embed-container\">\n    <iframe loading=\"lazy\" title=\"Soiden ennallistamisen ilmastovaikutuksista\" width=\"640\" height=\"360\" src=\"https:\/\/www.youtube.com\/embed\/Qizq2R5LS2s?feature=oembed&#038;controls=1&#038;hd=1&#038;autohide=1\" frameborder=\"0\" allow=\"accelerometer; autoplay; clipboard-write; encrypted-media; gyroscope; picture-in-picture; web-share\" referrerpolicy=\"strict-origin-when-cross-origin\" allowfullscreen frameborder=\"0\"><\/iframe><\/div>\n\n\n<h2 class=\"wp-block-heading\"><strong>Turvetuotantoalueiden jatkok\u00e4ytt\u00f6. Jaakko Karvonen.<\/strong><\/h2>\n\n\n<div class=\"embed-container\">\n    <iframe loading=\"lazy\" title=\"Turvetuotantoalueiden jatkok\u00e4ytt\u00f6\" width=\"640\" height=\"360\" src=\"https:\/\/www.youtube.com\/embed\/gYKqpMZqt8o?feature=oembed&#038;controls=1&#038;hd=1&#038;autohide=1\" frameborder=\"0\" allow=\"accelerometer; autoplay; clipboard-write; encrypted-media; gyroscope; picture-in-picture; web-share\" referrerpolicy=\"strict-origin-when-cross-origin\" allowfullscreen frameborder=\"0\"><\/iframe><\/div>\n\n\n<h3 class=\"wp-block-heading\">Kyyr\u00f6nsuon pilottialueen laajentaminen 2025:<\/h3>\n\n\n<div class=\"embed-container\">\n    <iframe loading=\"lazy\" title=\"Kyyr\u00f6nsuon pilottialueen laajentaminen 2025\" width=\"640\" height=\"360\" src=\"https:\/\/www.youtube.com\/embed\/fDWFOX9U6Ag?feature=oembed&#038;controls=1&#038;hd=1&#038;autohide=1\" frameborder=\"0\" allow=\"accelerometer; autoplay; clipboard-write; encrypted-media; gyroscope; picture-in-picture; web-share\" referrerpolicy=\"strict-origin-when-cross-origin\" allowfullscreen frameborder=\"0\"><\/iframe><\/div>\n\n\n<h3 class=\"wp-block-heading\">Rahkasammalten kasvatusalan perustaminen:<\/h3>\n\n\n<div class=\"embed-container\">\n    <iframe loading=\"lazy\" title=\"Rahkasammalten kasvatusalan perustaminen\" width=\"640\" height=\"360\" src=\"https:\/\/www.youtube.com\/embed\/mLxzNZgSTEc?feature=oembed&#038;controls=1&#038;hd=1&#038;autohide=1\" frameborder=\"0\" allow=\"accelerometer; autoplay; clipboard-write; encrypted-media; gyroscope; picture-in-picture; web-share\" referrerpolicy=\"strict-origin-when-cross-origin\" allowfullscreen frameborder=\"0\"><\/iframe><\/div>\n\n\n<h3 class=\"wp-block-heading\">Rahkasammalkasvatusalojen perustaminen ja seuranta -koulutusp\u00e4iv\u00e4n esitelm\u00e4t 28.5.2025:<\/h3>\n\n\n\n<h3 class=\"wp-block-heading\"><strong>Kasvua sammalesta -hankkeen lyhyt esittely. Teemu Tahvanainen.<\/strong><\/h3>\n\n\n<div class=\"embed-container\">\n    <iframe loading=\"lazy\" title=\"Kasvua sammalesta -hankkeen lyhyt esittely\" width=\"640\" height=\"360\" src=\"https:\/\/www.youtube.com\/embed\/d7TaBVRqGUo?feature=oembed&#038;controls=1&#038;hd=1&#038;autohide=1\" frameborder=\"0\" allow=\"accelerometer; autoplay; clipboard-write; encrypted-media; gyroscope; picture-in-picture; web-share\" referrerpolicy=\"strict-origin-when-cross-origin\" allowfullscreen frameborder=\"0\"><\/iframe><\/div>\n\n\n<h3 class=\"wp-block-heading\"><strong>Rahkasammalkasvatusalojen sijoittuminen turvekentille. Timo Kumpula.<\/strong><\/h3>\n\n\n<div class=\"embed-container\">\n    <iframe loading=\"lazy\" title=\"Rahkasammalkasvatusalojen sijoittuminen turvekentille\" width=\"640\" height=\"360\" src=\"https:\/\/www.youtube.com\/embed\/sXSlFL-u0LA?feature=oembed&#038;controls=1&#038;hd=1&#038;autohide=1\" frameborder=\"0\" allow=\"accelerometer; autoplay; clipboard-write; encrypted-media; gyroscope; picture-in-picture; web-share\" referrerpolicy=\"strict-origin-when-cross-origin\" allowfullscreen frameborder=\"0\"><\/iframe><\/div>\n\n\n<h3 class=\"wp-block-heading\"><strong>Ennallistaminen ty\u00f6ymp\u00e4rist\u00f6n\u00e4. Janne Raassina.<\/strong><\/h3>\n\n\n<div class=\"embed-container\">\n    <iframe loading=\"lazy\" title=\"Ennallistaminen ty\u00f6ymp\u00e4rist\u00f6n\u00e4\" width=\"640\" height=\"360\" src=\"https:\/\/www.youtube.com\/embed\/-dWoH6CYTFU?feature=oembed&#038;controls=1&#038;hd=1&#038;autohide=1\" frameborder=\"0\" allow=\"accelerometer; autoplay; clipboard-write; encrypted-media; gyroscope; picture-in-picture; web-share\" referrerpolicy=\"strict-origin-when-cross-origin\" allowfullscreen frameborder=\"0\"><\/iframe><\/div>\n\n\n<h2 class=\"wp-block-heading\">Sammalp\u00f6yt\u00e4:<\/h2>\n\n\n<div class=\"embed-container\">\n    <iframe loading=\"lazy\" title=\"Sammalp\u00f6yt\u00e4\" width=\"640\" height=\"360\" src=\"https:\/\/www.youtube.com\/embed\/7TJLpWejz78?feature=oembed&#038;controls=1&#038;hd=1&#038;autohide=1\" frameborder=\"0\" allow=\"accelerometer; autoplay; clipboard-write; encrypted-media; gyroscope; picture-in-picture; web-share\" referrerpolicy=\"strict-origin-when-cross-origin\" allowfullscreen frameborder=\"0\"><\/iframe><\/div>\n\n\n<h2 class=\"wp-block-heading\">Rahkasammal kasvualustana:<\/h2>\n\n\n<div class=\"embed-container\">\n    <iframe loading=\"lazy\" title=\"Rahkasammal kasvualustana\" width=\"640\" height=\"360\" src=\"https:\/\/www.youtube.com\/embed\/ljYKng4VLnA?feature=oembed&#038;controls=1&#038;hd=1&#038;autohide=1\" frameborder=\"0\" allow=\"accelerometer; autoplay; clipboard-write; encrypted-media; gyroscope; picture-in-picture; web-share\" referrerpolicy=\"strict-origin-when-cross-origin\" allowfullscreen frameborder=\"0\"><\/iframe><\/div>\n\n\n<h2 class=\"wp-block-heading\">Tutustu Kyyr\u00f6nsuon pilottialueeseen:<\/h2>\n\n\n<div class=\"embed-container\">\n    <iframe loading=\"lazy\" title=\"Rahkasammalten koekasvatusalue Kyyr\u00f6nsuolla\" width=\"640\" height=\"360\" src=\"https:\/\/www.youtube.com\/embed\/EAZZy97T-_I?feature=oembed&#038;controls=1&#038;hd=1&#038;autohide=1\" frameborder=\"0\" allow=\"accelerometer; autoplay; clipboard-write; encrypted-media; gyroscope; picture-in-picture; web-share\" referrerpolicy=\"strict-origin-when-cross-origin\" allowfullscreen frameborder=\"0\"><\/iframe><\/div>\n\n\n<h2 class=\"wp-block-heading\">Rahkasammalp\u00e4iv\u00e4n esitelm\u00e4t 17.9.2024:<\/h2>\n\n\n\n<h3 class=\"wp-block-heading\"><strong>Rahkasammalten kasvatuksen biologia. Teemu Tahvanainen.<\/strong><\/h3>\n\n\n<div class=\"embed-container\">\n    <iframe loading=\"lazy\" title=\"Rahkasammalten kasvatuksen biologia\" width=\"520\" height=\"390\" src=\"https:\/\/www.youtube.com\/embed\/ND-0ShjIk8Y?feature=oembed&#038;controls=1&#038;hd=1&#038;autohide=1\" frameborder=\"0\" allow=\"accelerometer; autoplay; clipboard-write; encrypted-media; gyroscope; picture-in-picture; web-share\" referrerpolicy=\"strict-origin-when-cross-origin\" allowfullscreen frameborder=\"0\"><\/iframe><\/div>\n\n\n<h3 class=\"wp-block-heading\"><strong>Rahkasammal mansikan kasvualustana. Harri Kokko.<\/strong><\/h3>\n\n\n<div class=\"embed-container\">\n    <iframe loading=\"lazy\" title=\"Rahkasammal mansikan kasvualustana\" width=\"520\" height=\"390\" src=\"https:\/\/www.youtube.com\/embed\/B46hlAW44Fg?feature=oembed&#038;controls=1&#038;hd=1&#038;autohide=1\" frameborder=\"0\" allow=\"accelerometer; autoplay; clipboard-write; encrypted-media; gyroscope; picture-in-picture; web-share\" referrerpolicy=\"strict-origin-when-cross-origin\" allowfullscreen frameborder=\"0\"><\/iframe><\/div>\n\n\n<h3 class=\"wp-block-heading\"><strong>Rahkasammalen kasvun seuranta turvekentill\u00e4. Timo Kumpula.<\/strong><\/h3>\n\n\n<div class=\"embed-container\">\n    <iframe loading=\"lazy\" title=\"Rahkasammalen kasvun seuranta turvekentill\u00e4\" width=\"640\" height=\"360\" src=\"https:\/\/www.youtube.com\/embed\/BG_AdA4KI48?feature=oembed&#038;controls=1&#038;hd=1&#038;autohide=1\" frameborder=\"0\" allow=\"accelerometer; autoplay; clipboard-write; encrypted-media; gyroscope; picture-in-picture; web-share\" referrerpolicy=\"strict-origin-when-cross-origin\" allowfullscreen frameborder=\"0\"><\/iframe><\/div>\n\n\n<h3 class=\"wp-block-heading\"><strong>Kyyr\u00f6nsuon pilottialue &#8211; esittely ja tuloksia. Ella Bocharnikova, Helmi Lehikoinen, Amanda Laatikainen.<\/strong><\/h3>\n\n\n<div class=\"embed-container\">\n    <iframe loading=\"lazy\" title=\"Kyyr\u00f6nsuon pilottialueen esittely ja tuloksia\" width=\"640\" height=\"360\" src=\"https:\/\/www.youtube.com\/embed\/vpiWsue90v0?feature=oembed&#038;controls=1&#038;hd=1&#038;autohide=1\" frameborder=\"0\" allow=\"accelerometer; autoplay; clipboard-write; encrypted-media; gyroscope; picture-in-picture; web-share\" referrerpolicy=\"strict-origin-when-cross-origin\" allowfullscreen frameborder=\"0\"><\/iframe><\/div>\n\n\n<p><\/p>\n","protected":false},"excerpt":{"rendered":"<p>Turvealueiden kosteikkoratkaisujen ilmasto- ja vesist\u00f6vaikutukset -ty\u00f6paja 10.12.2025: Ty\u00f6pajaesitysten ja -keskusteluiden kooste Rahkasammalikon kasvun sensoripohjainen havainnointi. Timo Kumpula. Rikkihappaman turvealueen vedenlaadun seuranta. Helmi Lehikoinen. Kasvihuonekaasut pilottialueella. Ella Bocharnikova. Soiden ennallistamisen ilmastovaikutuksista. Anna Laine-Pet\u00e4j\u00e4kangas. Turvetuotantoalueiden jatkok\u00e4ytt\u00f6. Jaakko Karvonen. Kyyr\u00f6nsuon pilottialueen laajentaminen 2025: Rahkasammalten kasvatusalan perustaminen: Rahkasammalkasvatusalojen perustaminen ja seuranta -koulutusp\u00e4iv\u00e4n esitelm\u00e4t 28.5.2025: Kasvua sammalesta -hankkeen lyhyt esittely. [&hellip;]<\/p>\n","protected":false},"author":1075,"featured_media":0,"parent":0,"menu_order":0,"comment_status":"closed","ping_status":"closed","template":"","meta":{"_acf_changed":false,"footnotes":""},"class_list":["post-1183","page","type-page","status-publish","hentry"],"acf":[],"yoast_head":"<!-- This site is optimized with the Yoast SEO plugin v27.1.1 - https:\/\/yoast.com\/product\/yoast-seo-wordpress\/ -->\n<title>Videot - Kasvua sammalesta Pohjois-Karjala<\/title>\n<meta name=\"robots\" content=\"index, follow, max-snippet:-1, max-image-preview:large, max-video-preview:-1\" \/>\n<link rel=\"canonical\" href=\"https:\/\/sites.uef.fi\/kasvuasammalesta\/videot\/\" \/>\n<meta property=\"og:locale\" content=\"fi_FI\" \/>\n<meta property=\"og:type\" content=\"article\" \/>\n<meta property=\"og:title\" content=\"Videot - Kasvua sammalesta Pohjois-Karjala\" \/>\n<meta property=\"og:description\" content=\"Turvealueiden kosteikkoratkaisujen ilmasto- ja vesist\u00f6vaikutukset -ty\u00f6paja 10.12.2025: Ty\u00f6pajaesitysten ja -keskusteluiden kooste Rahkasammalikon kasvun sensoripohjainen havainnointi. Timo Kumpula. Rikkihappaman turvealueen vedenlaadun seuranta. Helmi Lehikoinen. Kasvihuonekaasut pilottialueella. Ella Bocharnikova. Soiden ennallistamisen ilmastovaikutuksista. Anna Laine-Pet\u00e4j\u00e4kangas. Turvetuotantoalueiden jatkok\u00e4ytt\u00f6. Jaakko Karvonen. Kyyr\u00f6nsuon pilottialueen laajentaminen 2025: Rahkasammalten kasvatusalan perustaminen: Rahkasammalkasvatusalojen perustaminen ja seuranta -koulutusp\u00e4iv\u00e4n esitelm\u00e4t 28.5.2025: Kasvua sammalesta -hankkeen lyhyt esittely. [&hellip;]\" \/>\n<meta property=\"og:url\" content=\"https:\/\/sites.uef.fi\/kasvuasammalesta\/videot\/\" \/>\n<meta property=\"og:site_name\" content=\"Kasvua sammalesta Pohjois-Karjala\" \/>\n<meta property=\"article:modified_time\" content=\"2025-12-17T12:44:55+00:00\" \/>\n<meta name=\"twitter:card\" content=\"summary_large_image\" \/>\n<meta name=\"twitter:label1\" content=\"Arvioitu lukuaika\" \/>\n\t<meta name=\"twitter:data1\" content=\"1 minuutti\" \/>\n<script type=\"application\/ld+json\" class=\"yoast-schema-graph\">{\"@context\":\"https:\/\/schema.org\",\"@graph\":[{\"@type\":\"WebPage\",\"@id\":\"https:\/\/sites.uef.fi\/kasvuasammalesta\/videot\/\",\"url\":\"https:\/\/sites.uef.fi\/kasvuasammalesta\/videot\/\",\"name\":\"Videot - Kasvua sammalesta Pohjois-Karjala\",\"isPartOf\":{\"@id\":\"https:\/\/sites.uef.fi\/kasvuasammalesta\/#website\"},\"datePublished\":\"2024-10-01T11:12:58+00:00\",\"dateModified\":\"2025-12-17T12:44:55+00:00\",\"breadcrumb\":{\"@id\":\"https:\/\/sites.uef.fi\/kasvuasammalesta\/videot\/#breadcrumb\"},\"inLanguage\":\"fi\",\"potentialAction\":[{\"@type\":\"ReadAction\",\"target\":[\"https:\/\/sites.uef.fi\/kasvuasammalesta\/videot\/\"]}]},{\"@type\":\"BreadcrumbList\",\"@id\":\"https:\/\/sites.uef.fi\/kasvuasammalesta\/videot\/#breadcrumb\",\"itemListElement\":[{\"@type\":\"ListItem\",\"position\":1,\"name\":\"Home\",\"item\":\"https:\/\/sites.uef.fi\/kasvuasammalesta\/\"},{\"@type\":\"ListItem\",\"position\":2,\"name\":\"Videot\"}]},{\"@type\":\"WebSite\",\"@id\":\"https:\/\/sites.uef.fi\/kasvuasammalesta\/#website\",\"url\":\"https:\/\/sites.uef.fi\/kasvuasammalesta\/\",\"name\":\"Kasvua sammalesta Pohjois-Karjala\",\"description\":\"\",\"potentialAction\":[{\"@type\":\"SearchAction\",\"target\":{\"@type\":\"EntryPoint\",\"urlTemplate\":\"https:\/\/sites.uef.fi\/kasvuasammalesta\/?s={search_term_string}\"},\"query-input\":{\"@type\":\"PropertyValueSpecification\",\"valueRequired\":true,\"valueName\":\"search_term_string\"}}],\"inLanguage\":\"fi\"}]}<\/script>\n<!-- \/ Yoast SEO plugin. -->","yoast_head_json":{"title":"Videot - Kasvua sammalesta Pohjois-Karjala","robots":{"index":"index","follow":"follow","max-snippet":"max-snippet:-1","max-image-preview":"max-image-preview:large","max-video-preview":"max-video-preview:-1"},"canonical":"https:\/\/sites.uef.fi\/kasvuasammalesta\/videot\/","og_locale":"fi_FI","og_type":"article","og_title":"Videot - Kasvua sammalesta Pohjois-Karjala","og_description":"Turvealueiden kosteikkoratkaisujen ilmasto- ja vesist\u00f6vaikutukset -ty\u00f6paja 10.12.2025: Ty\u00f6pajaesitysten ja -keskusteluiden kooste Rahkasammalikon kasvun sensoripohjainen havainnointi. Timo Kumpula. Rikkihappaman turvealueen vedenlaadun seuranta. Helmi Lehikoinen. Kasvihuonekaasut pilottialueella. Ella Bocharnikova. Soiden ennallistamisen ilmastovaikutuksista. Anna Laine-Pet\u00e4j\u00e4kangas. Turvetuotantoalueiden jatkok\u00e4ytt\u00f6. Jaakko Karvonen. Kyyr\u00f6nsuon pilottialueen laajentaminen 2025: Rahkasammalten kasvatusalan perustaminen: Rahkasammalkasvatusalojen perustaminen ja seuranta -koulutusp\u00e4iv\u00e4n esitelm\u00e4t 28.5.2025: Kasvua sammalesta -hankkeen lyhyt esittely. [&hellip;]","og_url":"https:\/\/sites.uef.fi\/kasvuasammalesta\/videot\/","og_site_name":"Kasvua sammalesta Pohjois-Karjala","article_modified_time":"2025-12-17T12:44:55+00:00","twitter_card":"summary_large_image","twitter_misc":{"Arvioitu lukuaika":"1 minuutti"},"schema":{"@context":"https:\/\/schema.org","@graph":[{"@type":"WebPage","@id":"https:\/\/sites.uef.fi\/kasvuasammalesta\/videot\/","url":"https:\/\/sites.uef.fi\/kasvuasammalesta\/videot\/","name":"Videot - Kasvua sammalesta Pohjois-Karjala","isPartOf":{"@id":"https:\/\/sites.uef.fi\/kasvuasammalesta\/#website"},"datePublished":"2024-10-01T11:12:58+00:00","dateModified":"2025-12-17T12:44:55+00:00","breadcrumb":{"@id":"https:\/\/sites.uef.fi\/kasvuasammalesta\/videot\/#breadcrumb"},"inLanguage":"fi","potentialAction":[{"@type":"ReadAction","target":["https:\/\/sites.uef.fi\/kasvuasammalesta\/videot\/"]}]},{"@type":"BreadcrumbList","@id":"https:\/\/sites.uef.fi\/kasvuasammalesta\/videot\/#breadcrumb","itemListElement":[{"@type":"ListItem","position":1,"name":"Home","item":"https:\/\/sites.uef.fi\/kasvuasammalesta\/"},{"@type":"ListItem","position":2,"name":"Videot"}]},{"@type":"WebSite","@id":"https:\/\/sites.uef.fi\/kasvuasammalesta\/#website","url":"https:\/\/sites.uef.fi\/kasvuasammalesta\/","name":"Kasvua sammalesta Pohjois-Karjala","description":"","potentialAction":[{"@type":"SearchAction","target":{"@type":"EntryPoint","urlTemplate":"https:\/\/sites.uef.fi\/kasvuasammalesta\/?s={search_term_string}"},"query-input":{"@type":"PropertyValueSpecification","valueRequired":true,"valueName":"search_term_string"}}],"inLanguage":"fi"}]}},"_links":{"self":[{"href":"https:\/\/sites.uef.fi\/kasvuasammalesta\/wp-json\/wp\/v2\/pages\/1183","targetHints":{"allow":["GET"]}}],"collection":[{"href":"https:\/\/sites.uef.fi\/kasvuasammalesta\/wp-json\/wp\/v2\/pages"}],"about":[{"href":"https:\/\/sites.uef.fi\/kasvuasammalesta\/wp-json\/wp\/v2\/types\/page"}],"author":[{"embeddable":true,"href":"https:\/\/sites.uef.fi\/kasvuasammalesta\/wp-json\/wp\/v2\/users\/1075"}],"replies":[{"embeddable":true,"href":"https:\/\/sites.uef.fi\/kasvuasammalesta\/wp-json\/wp\/v2\/comments?post=1183"}],"version-history":[{"count":1,"href":"https:\/\/sites.uef.fi\/kasvuasammalesta\/wp-json\/wp\/v2\/pages\/1183\/revisions"}],"predecessor-version":[{"id":1459,"href":"https:\/\/sites.uef.fi\/kasvuasammalesta\/wp-json\/wp\/v2\/pages\/1183\/revisions\/1459"}],"wp:attachment":[{"href":"https:\/\/sites.uef.fi\/kasvuasammalesta\/wp-json\/wp\/v2\/media?parent=1183"}],"curies":[{"name":"wp","href":"https:\/\/api.w.org\/{rel}","templated":true}]}}