{"id":1208,"date":"2025-02-03T12:17:21","date_gmt":"2025-02-03T10:17:21","guid":{"rendered":"https:\/\/sites.uef.fi\/kasvuasammalesta\/?page_id=1208"},"modified":"2026-02-16T11:19:34","modified_gmt":"2026-02-16T09:19:34","slug":"hanke-mediassa","status":"publish","type":"page","link":"https:\/\/sites.uef.fi\/kasvuasammalesta\/hanke-mediassa\/","title":{"rendered":"Hanke mediassa"},"content":{"rendered":"\n<p><strong>2026<\/strong><\/p>\n\n\n\n<p>Forest.fi (12.2.2026): <a href=\"https:\/\/forest.fi\/fi\/artikkeli\/soiden-ennallistaminen-voi-olla-seka-ilmastoteko-etta-taloudellinen-mahdollisuus-uusi-tutkimus-haastaa-vanhat-arviot\/\">Soiden ennallistaminen\u00a0voi\u00a0olla sek\u00e4 ilmastoteko ett\u00e4 taloudellinen mahdollisuus \u2013 uusi tutkimus haastaa vanhat arviot<\/a><\/p>\n\n\n\n<p><strong>2025<\/strong><\/p>\n\n\n\n<p>Yle (5.5.2025): <a href=\"https:\/\/areena.yle.fi\/1-72475273\">Puoli seitsem\u00e4n<\/a> -ohjelma (poistuu 5.5.2026)<\/p>\n\n\n\n<p><strong>2024<\/strong><\/p>\n\n\n\n<p>MTV (30.6.2024): <a href=\"https:\/\/www.mtvuutiset.fi\/videot\/video\/prog20832702#gs.htgdft\" target=\"_blank\" rel=\"noreferrer noopener\">Turpeen korvaajaksi soveltuva rahkasammal k\u00e4y jopa vauvojen vaippoihin<\/a><\/p>\n\n\n\n<p>It\u00e4-Suomen yliopisto (9.9.2024): <a href=\"https:\/\/www.uef.fi\/fi\/artikkeli\/entisilla-turvesoilla-voidaan-kasvattaa-rahkasammalta\" target=\"_blank\" rel=\"noreferrer noopener\">Entisill\u00e4 turvesoilla voidaan kasvattaa rahkasammalta<\/a><\/p>\n\n\n\n<p>Karjalainen (18.9.2024): <a href=\"https:\/\/www.karjalainen.fi\/paikalliset\/7846157\" target=\"_blank\" rel=\"noreferrer noopener\">Kontiolahdella on k\u00e4ynniss\u00e4 kokeilu, jossa etsit\u00e4\u00e4n keinoa turvetuotantoalueiden ennallistamiseen<\/a> (Vain tilaajille)<\/p>\n\n\n\n<p>Yle (27.9.2024): <a href=\"https:\/\/yle.fi\/a\/74-20112208\" target=\"_blank\" rel=\"noreferrer noopener\">Suomalaistutkijat yritt\u00e4v\u00e4t l\u00f6yt\u00e4\u00e4 uutta k\u00e4ytt\u00f6\u00e4 vanhoille turvetuotantoalueille<\/a><\/p>\n\n\n\n<figure class=\"wp-block-image size-large\"><img loading=\"lazy\" decoding=\"async\" width=\"1024\" height=\"683\" src=\"https:\/\/sites.uef.fi\/kasvuasammalesta\/wp-content\/uploads\/sites\/459\/2025\/02\/MAX_0011-1-1024x683.jpg\" alt=\"Kyyr\u00f6nsuon pilottialue\" class=\"wp-image-1211\" srcset=\"https:\/\/sites.uef.fi\/kasvuasammalesta\/wp-content\/uploads\/sites\/459\/2025\/02\/MAX_0011-1-1024x683.jpg 1024w, https:\/\/sites.uef.fi\/kasvuasammalesta\/wp-content\/uploads\/sites\/459\/2025\/02\/MAX_0011-1-300x200.jpg 300w, https:\/\/sites.uef.fi\/kasvuasammalesta\/wp-content\/uploads\/sites\/459\/2025\/02\/MAX_0011-1-768x512.jpg 768w, https:\/\/sites.uef.fi\/kasvuasammalesta\/wp-content\/uploads\/sites\/459\/2025\/02\/MAX_0011-1-1536x1024.jpg 1536w, https:\/\/sites.uef.fi\/kasvuasammalesta\/wp-content\/uploads\/sites\/459\/2025\/02\/MAX_0011-1-2048x1365.jpg 2048w\" sizes=\"auto, (max-width: 1024px) 100vw, 1024px\" \/><\/figure>\n","protected":false},"excerpt":{"rendered":"<p>2026 Forest.fi (12.2.2026): Soiden ennallistaminen\u00a0voi\u00a0olla sek\u00e4 ilmastoteko ett\u00e4 taloudellinen mahdollisuus \u2013 uusi tutkimus haastaa vanhat arviot 2025 Yle (5.5.2025): Puoli seitsem\u00e4n -ohjelma (poistuu 5.5.2026) 2024 MTV (30.6.2024): Turpeen korvaajaksi soveltuva rahkasammal k\u00e4y jopa vauvojen vaippoihin It\u00e4-Suomen yliopisto (9.9.2024): Entisill\u00e4 turvesoilla voidaan kasvattaa rahkasammalta Karjalainen (18.9.2024): Kontiolahdella on k\u00e4ynniss\u00e4 kokeilu, jossa etsit\u00e4\u00e4n keinoa turvetuotantoalueiden ennallistamiseen (Vain [&hellip;]<\/p>\n","protected":false},"author":1075,"featured_media":0,"parent":0,"menu_order":0,"comment_status":"closed","ping_status":"closed","template":"","meta":{"_acf_changed":false,"footnotes":""},"class_list":["post-1208","page","type-page","status-publish","hentry"],"acf":[],"yoast_head":"<!-- This site is optimized with the Yoast SEO plugin v27.1.1 - https:\/\/yoast.com\/product\/yoast-seo-wordpress\/ -->\n<title>Hanke mediassa - Kasvua sammalesta Pohjois-Karjala<\/title>\n<meta name=\"robots\" content=\"index, follow, max-snippet:-1, max-image-preview:large, max-video-preview:-1\" \/>\n<link rel=\"canonical\" href=\"https:\/\/sites.uef.fi\/kasvuasammalesta\/hanke-mediassa\/\" \/>\n<meta property=\"og:locale\" content=\"fi_FI\" \/>\n<meta property=\"og:type\" content=\"article\" \/>\n<meta property=\"og:title\" content=\"Hanke mediassa - Kasvua sammalesta Pohjois-Karjala\" \/>\n<meta property=\"og:description\" content=\"2026 Forest.fi (12.2.2026): Soiden ennallistaminen\u00a0voi\u00a0olla sek\u00e4 ilmastoteko ett\u00e4 taloudellinen mahdollisuus \u2013 uusi tutkimus haastaa vanhat arviot 2025 Yle (5.5.2025): Puoli seitsem\u00e4n -ohjelma (poistuu 5.5.2026) 2024 MTV (30.6.2024): Turpeen korvaajaksi soveltuva rahkasammal k\u00e4y jopa vauvojen vaippoihin It\u00e4-Suomen yliopisto (9.9.2024): Entisill\u00e4 turvesoilla voidaan kasvattaa rahkasammalta Karjalainen (18.9.2024): Kontiolahdella on k\u00e4ynniss\u00e4 kokeilu, jossa etsit\u00e4\u00e4n keinoa turvetuotantoalueiden ennallistamiseen (Vain [&hellip;]\" \/>\n<meta property=\"og:url\" content=\"https:\/\/sites.uef.fi\/kasvuasammalesta\/hanke-mediassa\/\" \/>\n<meta property=\"og:site_name\" content=\"Kasvua sammalesta Pohjois-Karjala\" \/>\n<meta property=\"article:modified_time\" content=\"2026-02-16T09:19:34+00:00\" \/>\n<meta property=\"og:image\" content=\"https:\/\/sites.uef.fi\/kasvuasammalesta\/wp-content\/uploads\/sites\/459\/2025\/02\/MAX_0011-1-scaled.jpg\" \/>\n\t<meta property=\"og:image:width\" content=\"2560\" \/>\n\t<meta property=\"og:image:height\" content=\"1707\" \/>\n\t<meta property=\"og:image:type\" content=\"image\/jpeg\" \/>\n<meta name=\"twitter:card\" content=\"summary_large_image\" \/>\n<meta name=\"twitter:label1\" content=\"Arvioitu lukuaika\" \/>\n\t<meta name=\"twitter:data1\" content=\"1 minuutti\" \/>\n<script type=\"application\/ld+json\" class=\"yoast-schema-graph\">{\"@context\":\"https:\/\/schema.org\",\"@graph\":[{\"@type\":\"WebPage\",\"@id\":\"https:\/\/sites.uef.fi\/kasvuasammalesta\/hanke-mediassa\/\",\"url\":\"https:\/\/sites.uef.fi\/kasvuasammalesta\/hanke-mediassa\/\",\"name\":\"Hanke mediassa - Kasvua sammalesta Pohjois-Karjala\",\"isPartOf\":{\"@id\":\"https:\/\/sites.uef.fi\/kasvuasammalesta\/#website\"},\"primaryImageOfPage\":{\"@id\":\"https:\/\/sites.uef.fi\/kasvuasammalesta\/hanke-mediassa\/#primaryimage\"},\"image\":{\"@id\":\"https:\/\/sites.uef.fi\/kasvuasammalesta\/hanke-mediassa\/#primaryimage\"},\"thumbnailUrl\":\"https:\/\/sites.uef.fi\/kasvuasammalesta\/wp-content\/uploads\/sites\/459\/2025\/02\/MAX_0011-1-1024x683.jpg\",\"datePublished\":\"2025-02-03T10:17:21+00:00\",\"dateModified\":\"2026-02-16T09:19:34+00:00\",\"breadcrumb\":{\"@id\":\"https:\/\/sites.uef.fi\/kasvuasammalesta\/hanke-mediassa\/#breadcrumb\"},\"inLanguage\":\"fi\",\"potentialAction\":[{\"@type\":\"ReadAction\",\"target\":[\"https:\/\/sites.uef.fi\/kasvuasammalesta\/hanke-mediassa\/\"]}]},{\"@type\":\"ImageObject\",\"inLanguage\":\"fi\",\"@id\":\"https:\/\/sites.uef.fi\/kasvuasammalesta\/hanke-mediassa\/#primaryimage\",\"url\":\"https:\/\/sites.uef.fi\/kasvuasammalesta\/wp-content\/uploads\/sites\/459\/2025\/02\/MAX_0011-1-scaled.jpg\",\"contentUrl\":\"https:\/\/sites.uef.fi\/kasvuasammalesta\/wp-content\/uploads\/sites\/459\/2025\/02\/MAX_0011-1-scaled.jpg\",\"width\":2560,\"height\":1707,\"caption\":\"Kyyr\u00f6nsuon pilottialue\"},{\"@type\":\"BreadcrumbList\",\"@id\":\"https:\/\/sites.uef.fi\/kasvuasammalesta\/hanke-mediassa\/#breadcrumb\",\"itemListElement\":[{\"@type\":\"ListItem\",\"position\":1,\"name\":\"Home\",\"item\":\"https:\/\/sites.uef.fi\/kasvuasammalesta\/\"},{\"@type\":\"ListItem\",\"position\":2,\"name\":\"Hanke mediassa\"}]},{\"@type\":\"WebSite\",\"@id\":\"https:\/\/sites.uef.fi\/kasvuasammalesta\/#website\",\"url\":\"https:\/\/sites.uef.fi\/kasvuasammalesta\/\",\"name\":\"Kasvua sammalesta Pohjois-Karjala\",\"description\":\"\",\"potentialAction\":[{\"@type\":\"SearchAction\",\"target\":{\"@type\":\"EntryPoint\",\"urlTemplate\":\"https:\/\/sites.uef.fi\/kasvuasammalesta\/?s={search_term_string}\"},\"query-input\":{\"@type\":\"PropertyValueSpecification\",\"valueRequired\":true,\"valueName\":\"search_term_string\"}}],\"inLanguage\":\"fi\"}]}<\/script>\n<!-- \/ Yoast SEO plugin. -->","yoast_head_json":{"title":"Hanke mediassa - Kasvua sammalesta Pohjois-Karjala","robots":{"index":"index","follow":"follow","max-snippet":"max-snippet:-1","max-image-preview":"max-image-preview:large","max-video-preview":"max-video-preview:-1"},"canonical":"https:\/\/sites.uef.fi\/kasvuasammalesta\/hanke-mediassa\/","og_locale":"fi_FI","og_type":"article","og_title":"Hanke mediassa - Kasvua sammalesta Pohjois-Karjala","og_description":"2026 Forest.fi (12.2.2026): Soiden ennallistaminen\u00a0voi\u00a0olla sek\u00e4 ilmastoteko ett\u00e4 taloudellinen mahdollisuus \u2013 uusi tutkimus haastaa vanhat arviot 2025 Yle (5.5.2025): Puoli seitsem\u00e4n -ohjelma (poistuu 5.5.2026) 2024 MTV (30.6.2024): Turpeen korvaajaksi soveltuva rahkasammal k\u00e4y jopa vauvojen vaippoihin It\u00e4-Suomen yliopisto (9.9.2024): Entisill\u00e4 turvesoilla voidaan kasvattaa rahkasammalta Karjalainen (18.9.2024): Kontiolahdella on k\u00e4ynniss\u00e4 kokeilu, jossa etsit\u00e4\u00e4n keinoa turvetuotantoalueiden ennallistamiseen (Vain [&hellip;]","og_url":"https:\/\/sites.uef.fi\/kasvuasammalesta\/hanke-mediassa\/","og_site_name":"Kasvua sammalesta Pohjois-Karjala","article_modified_time":"2026-02-16T09:19:34+00:00","og_image":[{"width":2560,"height":1707,"url":"https:\/\/sites.uef.fi\/kasvuasammalesta\/wp-content\/uploads\/sites\/459\/2025\/02\/MAX_0011-1-scaled.jpg","type":"image\/jpeg"}],"twitter_card":"summary_large_image","twitter_misc":{"Arvioitu lukuaika":"1 minuutti"},"schema":{"@context":"https:\/\/schema.org","@graph":[{"@type":"WebPage","@id":"https:\/\/sites.uef.fi\/kasvuasammalesta\/hanke-mediassa\/","url":"https:\/\/sites.uef.fi\/kasvuasammalesta\/hanke-mediassa\/","name":"Hanke mediassa - Kasvua sammalesta Pohjois-Karjala","isPartOf":{"@id":"https:\/\/sites.uef.fi\/kasvuasammalesta\/#website"},"primaryImageOfPage":{"@id":"https:\/\/sites.uef.fi\/kasvuasammalesta\/hanke-mediassa\/#primaryimage"},"image":{"@id":"https:\/\/sites.uef.fi\/kasvuasammalesta\/hanke-mediassa\/#primaryimage"},"thumbnailUrl":"https:\/\/sites.uef.fi\/kasvuasammalesta\/wp-content\/uploads\/sites\/459\/2025\/02\/MAX_0011-1-1024x683.jpg","datePublished":"2025-02-03T10:17:21+00:00","dateModified":"2026-02-16T09:19:34+00:00","breadcrumb":{"@id":"https:\/\/sites.uef.fi\/kasvuasammalesta\/hanke-mediassa\/#breadcrumb"},"inLanguage":"fi","potentialAction":[{"@type":"ReadAction","target":["https:\/\/sites.uef.fi\/kasvuasammalesta\/hanke-mediassa\/"]}]},{"@type":"ImageObject","inLanguage":"fi","@id":"https:\/\/sites.uef.fi\/kasvuasammalesta\/hanke-mediassa\/#primaryimage","url":"https:\/\/sites.uef.fi\/kasvuasammalesta\/wp-content\/uploads\/sites\/459\/2025\/02\/MAX_0011-1-scaled.jpg","contentUrl":"https:\/\/sites.uef.fi\/kasvuasammalesta\/wp-content\/uploads\/sites\/459\/2025\/02\/MAX_0011-1-scaled.jpg","width":2560,"height":1707,"caption":"Kyyr\u00f6nsuon pilottialue"},{"@type":"BreadcrumbList","@id":"https:\/\/sites.uef.fi\/kasvuasammalesta\/hanke-mediassa\/#breadcrumb","itemListElement":[{"@type":"ListItem","position":1,"name":"Home","item":"https:\/\/sites.uef.fi\/kasvuasammalesta\/"},{"@type":"ListItem","position":2,"name":"Hanke mediassa"}]},{"@type":"WebSite","@id":"https:\/\/sites.uef.fi\/kasvuasammalesta\/#website","url":"https:\/\/sites.uef.fi\/kasvuasammalesta\/","name":"Kasvua sammalesta Pohjois-Karjala","description":"","potentialAction":[{"@type":"SearchAction","target":{"@type":"EntryPoint","urlTemplate":"https:\/\/sites.uef.fi\/kasvuasammalesta\/?s={search_term_string}"},"query-input":{"@type":"PropertyValueSpecification","valueRequired":true,"valueName":"search_term_string"}}],"inLanguage":"fi"}]}},"_links":{"self":[{"href":"https:\/\/sites.uef.fi\/kasvuasammalesta\/wp-json\/wp\/v2\/pages\/1208","targetHints":{"allow":["GET"]}}],"collection":[{"href":"https:\/\/sites.uef.fi\/kasvuasammalesta\/wp-json\/wp\/v2\/pages"}],"about":[{"href":"https:\/\/sites.uef.fi\/kasvuasammalesta\/wp-json\/wp\/v2\/types\/page"}],"author":[{"embeddable":true,"href":"https:\/\/sites.uef.fi\/kasvuasammalesta\/wp-json\/wp\/v2\/users\/1075"}],"replies":[{"embeddable":true,"href":"https:\/\/sites.uef.fi\/kasvuasammalesta\/wp-json\/wp\/v2\/comments?post=1208"}],"version-history":[{"count":1,"href":"https:\/\/sites.uef.fi\/kasvuasammalesta\/wp-json\/wp\/v2\/pages\/1208\/revisions"}],"predecessor-version":[{"id":1463,"href":"https:\/\/sites.uef.fi\/kasvuasammalesta\/wp-json\/wp\/v2\/pages\/1208\/revisions\/1463"}],"wp:attachment":[{"href":"https:\/\/sites.uef.fi\/kasvuasammalesta\/wp-json\/wp\/v2\/media?parent=1208"}],"curies":[{"name":"wp","href":"https:\/\/api.w.org\/{rel}","templated":true}]}}