{"id":1263,"date":"2025-02-03T12:17:21","date_gmt":"2025-02-03T10:17:21","guid":{"rendered":"https:\/\/sites.uef.fi\/kasvuasammalesta\/project-in-media-in-finnish\/"},"modified":"2025-03-11T09:57:25","modified_gmt":"2025-03-11T07:57:25","slug":"project-in-media-in-finnish","status":"publish","type":"page","link":"https:\/\/sites.uef.fi\/kasvuasammalesta\/project-in-media-in-finnish\/?lang=en","title":{"rendered":"Project in the media (in Finnish)"},"content":{"rendered":"\n<p><strong>2024<\/strong><\/p>\n\n<p>MTV (30.6.2024): <a href=\"https:\/\/www.mtvuutiset.fi\/videot\/video\/prog20832702#gs.htgdft\" target=\"_blank\" rel=\"noreferrer noopener\">Turpeen korvaajaksi soveltuva rahkasammal k\u00e4y jopa vauvojen vaippoihin <\/a>(&#8221;Sphagnum moss, suitable as a substitute for peat, can even be used in baby diapers&#8221;)<\/p>\n\n<p>University of Eastern Finland (9.9.2024): <a href=\"https:\/\/www.uef.fi\/fi\/artikkeli\/entisilla-turvesoilla-voidaan-kasvattaa-rahkasammalta\" target=\"_blank\" rel=\"noreferrer noopener\">Entisill\u00e4 turvesoilla voidaan kasvattaa rahkasammalta<\/a> (&#8221;Sphagnum moss can be cultivated on former peat mining areas&#8221;)<\/p>\n\n<p>Karjalainen (18.9.2024): <a href=\"https:\/\/www.karjalainen.fi\/paikalliset\/7846157\" target=\"_blank\" rel=\"noreferrer noopener\">Kontiolahdella on k\u00e4ynniss\u00e4 kokeilu, jossa etsit\u00e4\u00e4n keinoa turvetuotantoalueiden ennallistamiseen<\/a> (&#8221;An ongoing experiment in Kontiolahti to find a way to restore peat production areas&#8221;) (For subscribers only)<\/p>\n\n<p>Yle (27.9.2024): <a href=\"https:\/\/yle.fi\/a\/74-20112208\" target=\"_blank\" rel=\"noreferrer noopener\">Suomalaistutkijat yritt\u00e4v\u00e4t l\u00f6yt\u00e4\u00e4 uutta k\u00e4ytt\u00f6\u00e4 vanhoille turvetuotantoalueille<\/a> (&#8221;Finnish researches are trying to find new uses for former peat production areas&#8221;)<\/p>\n\n<figure class=\"wp-block-image size-large\"><img loading=\"lazy\" decoding=\"async\" width=\"1024\" height=\"683\" src=\"https:\/\/sites.uef.fi\/kasvuasammalesta\/wp-content\/uploads\/sites\/459\/2025\/02\/MAX_0011-1-1024x683.jpg\" alt=\"Kyyr&#xF6;nsuo moss cultivation pilot\" class=\"wp-image-1211\" srcset=\"https:\/\/sites.uef.fi\/kasvuasammalesta\/wp-content\/uploads\/sites\/459\/2025\/02\/MAX_0011-1-1024x683.jpg 1024w, https:\/\/sites.uef.fi\/kasvuasammalesta\/wp-content\/uploads\/sites\/459\/2025\/02\/MAX_0011-1-300x200.jpg 300w, https:\/\/sites.uef.fi\/kasvuasammalesta\/wp-content\/uploads\/sites\/459\/2025\/02\/MAX_0011-1-768x512.jpg 768w, https:\/\/sites.uef.fi\/kasvuasammalesta\/wp-content\/uploads\/sites\/459\/2025\/02\/MAX_0011-1-1536x1024.jpg 1536w, https:\/\/sites.uef.fi\/kasvuasammalesta\/wp-content\/uploads\/sites\/459\/2025\/02\/MAX_0011-1-2048x1365.jpg 2048w\" sizes=\"auto, (max-width: 1024px) 100vw, 1024px\" \/><\/figure>\n","protected":false},"excerpt":{"rendered":"<p>2024 MTV (30.6.2024): Turpeen korvaajaksi soveltuva rahkasammal k\u00e4y jopa vauvojen vaippoihin (&#8221;Sphagnum moss, suitable as a substitute for peat, can even be used in baby diapers&#8221;) University of Eastern Finland (9.9.2024): Entisill\u00e4 turvesoilla voidaan kasvattaa rahkasammalta (&#8221;Sphagnum moss can be cultivated on former peat mining areas&#8221;) Karjalainen (18.9.2024): Kontiolahdella on k\u00e4ynniss\u00e4 kokeilu, jossa etsit\u00e4\u00e4n keinoa [&hellip;]<\/p>\n","protected":false},"author":1075,"featured_media":0,"parent":0,"menu_order":0,"comment_status":"closed","ping_status":"closed","template":"","meta":{"_acf_changed":false,"footnotes":""},"class_list":["post-1263","page","type-page","status-publish","hentry"],"acf":[],"yoast_head":"<!-- This site is optimized with the Yoast SEO plugin v27.3 - https:\/\/yoast.com\/product\/yoast-seo-wordpress\/ -->\n<title>Project in the media (in Finnish) - Kasvua sammalesta Pohjois-Karjala<\/title>\n<meta name=\"robots\" content=\"index, follow, max-snippet:-1, max-image-preview:large, max-video-preview:-1\" \/>\n<link rel=\"canonical\" href=\"https:\/\/sites.uef.fi\/kasvuasammalesta\/project-in-media-in-finnish\/\" \/>\n<meta property=\"og:locale\" content=\"fi_FI\" \/>\n<meta property=\"og:type\" content=\"article\" \/>\n<meta property=\"og:title\" content=\"Project in the media (in Finnish) - Kasvua sammalesta Pohjois-Karjala\" \/>\n<meta property=\"og:description\" content=\"2024 MTV (30.6.2024): Turpeen korvaajaksi soveltuva rahkasammal k\u00e4y jopa vauvojen vaippoihin (&#8221;Sphagnum moss, suitable as a substitute for peat, can even be used in baby diapers&#8221;) University of Eastern Finland (9.9.2024): Entisill\u00e4 turvesoilla voidaan kasvattaa rahkasammalta (&#8221;Sphagnum moss can be cultivated on former peat mining areas&#8221;) Karjalainen (18.9.2024): Kontiolahdella on k\u00e4ynniss\u00e4 kokeilu, jossa etsit\u00e4\u00e4n keinoa [&hellip;]\" \/>\n<meta property=\"og:url\" content=\"https:\/\/sites.uef.fi\/kasvuasammalesta\/project-in-media-in-finnish\/?lang=en\" \/>\n<meta property=\"og:site_name\" content=\"Kasvua sammalesta Pohjois-Karjala\" \/>\n<meta property=\"article:modified_time\" content=\"2025-03-11T07:57:25+00:00\" \/>\n<meta property=\"og:image\" content=\"https:\/\/sites.uef.fi\/kasvuasammalesta\/wp-content\/uploads\/sites\/459\/2025\/02\/MAX_0011-1-scaled.jpg\" \/>\n\t<meta property=\"og:image:width\" content=\"2560\" \/>\n\t<meta property=\"og:image:height\" content=\"1707\" \/>\n\t<meta property=\"og:image:type\" content=\"image\/jpeg\" \/>\n<meta name=\"twitter:card\" content=\"summary_large_image\" \/>\n<script type=\"application\/ld+json\" class=\"yoast-schema-graph\">{\"@context\":\"https:\\\/\\\/schema.org\",\"@graph\":[{\"@type\":\"WebPage\",\"@id\":\"https:\\\/\\\/sites.uef.fi\\\/kasvuasammalesta\\\/project-in-media-in-finnish\\\/?lang=en\",\"url\":\"https:\\\/\\\/sites.uef.fi\\\/kasvuasammalesta\\\/project-in-media-in-finnish\\\/?lang=en\",\"name\":\"Project in the media (in Finnish) - Kasvua sammalesta Pohjois-Karjala\",\"isPartOf\":{\"@id\":\"https:\\\/\\\/sites.uef.fi\\\/kasvuasammalesta\\\/#website\"},\"primaryImageOfPage\":{\"@id\":\"https:\\\/\\\/sites.uef.fi\\\/kasvuasammalesta\\\/project-in-media-in-finnish\\\/?lang=en#primaryimage\"},\"image\":{\"@id\":\"https:\\\/\\\/sites.uef.fi\\\/kasvuasammalesta\\\/project-in-media-in-finnish\\\/?lang=en#primaryimage\"},\"thumbnailUrl\":\"https:\\\/\\\/sites.uef.fi\\\/kasvuasammalesta\\\/wp-content\\\/uploads\\\/sites\\\/459\\\/2025\\\/02\\\/MAX_0011-1-1024x683.jpg\",\"datePublished\":\"2025-02-03T10:17:21+00:00\",\"dateModified\":\"2025-03-11T07:57:25+00:00\",\"breadcrumb\":{\"@id\":\"https:\\\/\\\/sites.uef.fi\\\/kasvuasammalesta\\\/project-in-media-in-finnish\\\/?lang=en#breadcrumb\"},\"inLanguage\":\"fi\",\"potentialAction\":[{\"@type\":\"ReadAction\",\"target\":[\"https:\\\/\\\/sites.uef.fi\\\/kasvuasammalesta\\\/project-in-media-in-finnish\\\/?lang=en\"]}]},{\"@type\":\"ImageObject\",\"inLanguage\":\"fi\",\"@id\":\"https:\\\/\\\/sites.uef.fi\\\/kasvuasammalesta\\\/project-in-media-in-finnish\\\/?lang=en#primaryimage\",\"url\":\"https:\\\/\\\/sites.uef.fi\\\/kasvuasammalesta\\\/wp-content\\\/uploads\\\/sites\\\/459\\\/2025\\\/02\\\/MAX_0011-1-scaled.jpg\",\"contentUrl\":\"https:\\\/\\\/sites.uef.fi\\\/kasvuasammalesta\\\/wp-content\\\/uploads\\\/sites\\\/459\\\/2025\\\/02\\\/MAX_0011-1-scaled.jpg\",\"width\":2560,\"height\":1707,\"caption\":\"Kyyr\u00f6nsuon pilottialue\"},{\"@type\":\"BreadcrumbList\",\"@id\":\"https:\\\/\\\/sites.uef.fi\\\/kasvuasammalesta\\\/project-in-media-in-finnish\\\/?lang=en#breadcrumb\",\"itemListElement\":[{\"@type\":\"ListItem\",\"position\":1,\"name\":\"Home\",\"item\":\"https:\\\/\\\/sites.uef.fi\\\/kasvuasammalesta\\\/\"},{\"@type\":\"ListItem\",\"position\":2,\"name\":\"Project in the media (in Finnish)\"}]},{\"@type\":\"WebSite\",\"@id\":\"https:\\\/\\\/sites.uef.fi\\\/kasvuasammalesta\\\/#website\",\"url\":\"https:\\\/\\\/sites.uef.fi\\\/kasvuasammalesta\\\/\",\"name\":\"Kasvua sammalesta Pohjois-Karjala\",\"description\":\"\",\"potentialAction\":[{\"@type\":\"SearchAction\",\"target\":{\"@type\":\"EntryPoint\",\"urlTemplate\":\"https:\\\/\\\/sites.uef.fi\\\/kasvuasammalesta\\\/?s={search_term_string}\"},\"query-input\":{\"@type\":\"PropertyValueSpecification\",\"valueRequired\":true,\"valueName\":\"search_term_string\"}}],\"inLanguage\":\"fi\"}]}<\/script>\n<!-- \/ Yoast SEO plugin. -->","yoast_head_json":{"title":"Project in the media (in Finnish) - Kasvua sammalesta Pohjois-Karjala","robots":{"index":"index","follow":"follow","max-snippet":"max-snippet:-1","max-image-preview":"max-image-preview:large","max-video-preview":"max-video-preview:-1"},"canonical":"https:\/\/sites.uef.fi\/kasvuasammalesta\/project-in-media-in-finnish\/","og_locale":"fi_FI","og_type":"article","og_title":"Project in the media (in Finnish) - Kasvua sammalesta Pohjois-Karjala","og_description":"2024 MTV (30.6.2024): Turpeen korvaajaksi soveltuva rahkasammal k\u00e4y jopa vauvojen vaippoihin (&#8221;Sphagnum moss, suitable as a substitute for peat, can even be used in baby diapers&#8221;) University of Eastern Finland (9.9.2024): Entisill\u00e4 turvesoilla voidaan kasvattaa rahkasammalta (&#8221;Sphagnum moss can be cultivated on former peat mining areas&#8221;) Karjalainen (18.9.2024): Kontiolahdella on k\u00e4ynniss\u00e4 kokeilu, jossa etsit\u00e4\u00e4n keinoa [&hellip;]","og_url":"https:\/\/sites.uef.fi\/kasvuasammalesta\/project-in-media-in-finnish\/?lang=en","og_site_name":"Kasvua sammalesta Pohjois-Karjala","article_modified_time":"2025-03-11T07:57:25+00:00","og_image":[{"width":2560,"height":1707,"url":"https:\/\/sites.uef.fi\/kasvuasammalesta\/wp-content\/uploads\/sites\/459\/2025\/02\/MAX_0011-1-scaled.jpg","type":"image\/jpeg"}],"twitter_card":"summary_large_image","schema":{"@context":"https:\/\/schema.org","@graph":[{"@type":"WebPage","@id":"https:\/\/sites.uef.fi\/kasvuasammalesta\/project-in-media-in-finnish\/?lang=en","url":"https:\/\/sites.uef.fi\/kasvuasammalesta\/project-in-media-in-finnish\/?lang=en","name":"Project in the media (in Finnish) - Kasvua sammalesta Pohjois-Karjala","isPartOf":{"@id":"https:\/\/sites.uef.fi\/kasvuasammalesta\/#website"},"primaryImageOfPage":{"@id":"https:\/\/sites.uef.fi\/kasvuasammalesta\/project-in-media-in-finnish\/?lang=en#primaryimage"},"image":{"@id":"https:\/\/sites.uef.fi\/kasvuasammalesta\/project-in-media-in-finnish\/?lang=en#primaryimage"},"thumbnailUrl":"https:\/\/sites.uef.fi\/kasvuasammalesta\/wp-content\/uploads\/sites\/459\/2025\/02\/MAX_0011-1-1024x683.jpg","datePublished":"2025-02-03T10:17:21+00:00","dateModified":"2025-03-11T07:57:25+00:00","breadcrumb":{"@id":"https:\/\/sites.uef.fi\/kasvuasammalesta\/project-in-media-in-finnish\/?lang=en#breadcrumb"},"inLanguage":"fi","potentialAction":[{"@type":"ReadAction","target":["https:\/\/sites.uef.fi\/kasvuasammalesta\/project-in-media-in-finnish\/?lang=en"]}]},{"@type":"ImageObject","inLanguage":"fi","@id":"https:\/\/sites.uef.fi\/kasvuasammalesta\/project-in-media-in-finnish\/?lang=en#primaryimage","url":"https:\/\/sites.uef.fi\/kasvuasammalesta\/wp-content\/uploads\/sites\/459\/2025\/02\/MAX_0011-1-scaled.jpg","contentUrl":"https:\/\/sites.uef.fi\/kasvuasammalesta\/wp-content\/uploads\/sites\/459\/2025\/02\/MAX_0011-1-scaled.jpg","width":2560,"height":1707,"caption":"Kyyr\u00f6nsuon pilottialue"},{"@type":"BreadcrumbList","@id":"https:\/\/sites.uef.fi\/kasvuasammalesta\/project-in-media-in-finnish\/?lang=en#breadcrumb","itemListElement":[{"@type":"ListItem","position":1,"name":"Home","item":"https:\/\/sites.uef.fi\/kasvuasammalesta\/"},{"@type":"ListItem","position":2,"name":"Project in the media (in Finnish)"}]},{"@type":"WebSite","@id":"https:\/\/sites.uef.fi\/kasvuasammalesta\/#website","url":"https:\/\/sites.uef.fi\/kasvuasammalesta\/","name":"Kasvua sammalesta Pohjois-Karjala","description":"","potentialAction":[{"@type":"SearchAction","target":{"@type":"EntryPoint","urlTemplate":"https:\/\/sites.uef.fi\/kasvuasammalesta\/?s={search_term_string}"},"query-input":{"@type":"PropertyValueSpecification","valueRequired":true,"valueName":"search_term_string"}}],"inLanguage":"fi"}]}},"_links":{"self":[{"href":"https:\/\/sites.uef.fi\/kasvuasammalesta\/wp-json\/wp\/v2\/pages\/1263","targetHints":{"allow":["GET"]}}],"collection":[{"href":"https:\/\/sites.uef.fi\/kasvuasammalesta\/wp-json\/wp\/v2\/pages"}],"about":[{"href":"https:\/\/sites.uef.fi\/kasvuasammalesta\/wp-json\/wp\/v2\/types\/page"}],"author":[{"embeddable":true,"href":"https:\/\/sites.uef.fi\/kasvuasammalesta\/wp-json\/wp\/v2\/users\/1075"}],"replies":[{"embeddable":true,"href":"https:\/\/sites.uef.fi\/kasvuasammalesta\/wp-json\/wp\/v2\/comments?post=1263"}],"version-history":[{"count":2,"href":"https:\/\/sites.uef.fi\/kasvuasammalesta\/wp-json\/wp\/v2\/pages\/1263\/revisions"}],"predecessor-version":[{"id":1309,"href":"https:\/\/sites.uef.fi\/kasvuasammalesta\/wp-json\/wp\/v2\/pages\/1263\/revisions\/1309"}],"wp:attachment":[{"href":"https:\/\/sites.uef.fi\/kasvuasammalesta\/wp-json\/wp\/v2\/media?parent=1263"}],"curies":[{"name":"wp","href":"https:\/\/api.w.org\/{rel}","templated":true}]}}