{"id":1318,"date":"2025-04-17T13:31:48","date_gmt":"2025-04-17T11:31:48","guid":{"rendered":"https:\/\/sites.uef.fi\/kasvuasammalesta\/?page_id=1318"},"modified":"2025-05-26T14:25:01","modified_gmt":"2025-05-26T12:25:01","slug":"rahkasammalkasvatusalojen-perustaminen-ja-seuranta-28-5-2025","status":"publish","type":"page","link":"https:\/\/sites.uef.fi\/kasvuasammalesta\/rahkasammalkasvatusalojen-perustaminen-ja-seuranta-28-5-2025\/","title":{"rendered":"Rahkasammalkasvatusalojen perustaminen ja seuranta\u00a0\u00a0 28.5.2025\u00a0"},"content":{"rendered":"\n<p><a href=\"https:\/\/sites.uef.fi\/kasvuasammalesta\/wp-content\/uploads\/sites\/459\/2025\/04\/rahkasammaltapahtumaohjelma.pdf\">Ohjelma pdf-muodossa<\/a><\/p>\n\n\n\n<p>Rahkasammalen kasvatusta kehitet\u00e4\u00e4n uusiutuvaksi vaihtoehdoksi kasvuturpeelle. Tule tutustumaan rahkasammalviljelm\u00e4n suunnitteluun ja perustamiseen entiselle turvetuotantoalueelle Kasvua sammalesta -hankkeen koulutusp\u00e4iv\u00e4\u00e4n. Tapahtuman alustuspuheita voi seurata Teams-linkin kautta.&nbsp;&nbsp;<\/p>\n\n\n\n<p><strong>Ilmoittaudu tapahtumaan 22.5.2025 menness\u00e4<\/strong>: <a href=\"https:\/\/go.uef.fi\/ilmoittaudu-kasvuasammalesta\" target=\"_blank\" rel=\"noreferrer noopener\">https:\/\/go.uef.fi\/ilmoittaudu-kasvuasammalesta<\/a>&nbsp;&nbsp;<\/p>\n\n\n\n<p>Saapumisohjeet ja muut tarkemmat tiedot jaetaan ilmoittautuneille heti ilmoittautumisajan p\u00e4\u00e4tytty\u00e4.&nbsp;<\/p>\n\n\n\n<p><strong>Ohjelma:<\/strong>&nbsp;<\/p>\n\n\n\n<p><strong>Sali N100, Natura-rakennus, It\u00e4-Suomen yliopisto, Joensuu<\/strong>&nbsp;<\/p>\n\n\n\n<p>(Teams klo 9:00-10:00 <a href=\"https:\/\/go.uef.fi\/teams-kasvuasammalesta\" target=\"_blank\" rel=\"noreferrer noopener\">https:\/\/go.uef.fi\/teams-kasvuasammalesta<\/a>)&nbsp;<\/p>\n\n\n\n<p>8:45 Aamukahvit&nbsp;<\/p>\n\n\n\n<p>9:00 Teemu Tahvanainen: Kasvua sammalesta -hankkeen lyhyt esittely&nbsp;<\/p>\n\n\n\n<p>9:15 Timo Kumpula: Rahkasammalkasvatuksen sijoittuminen turvekentille&nbsp;<\/p>\n\n\n\n<p>9:30 Janne Raassina: Ennallistaminen ty\u00f6ymp\u00e4rist\u00f6n\u00e4&nbsp;<\/p>\n\n\n\n<p>9:45 Keskustelua&nbsp;<\/p>\n\n\n\n<p>10:00 Siirtyminen Kyyr\u00f6nsuolle (Google Maps: <a href=\"https:\/\/go.uef.fi\/reitti-kyyronsuo\" target=\"_blank\" rel=\"noreferrer noopener\">https:\/\/go.uef.fi\/reitti-kyyronsuo<\/a>)&nbsp;<\/p>\n\n\n\n<p><strong>Rahkasammalkasvatuksen pilottialue, Kyyr\u00f6nsuo, Kontiolahti<\/strong>&nbsp;<\/p>\n\n\n\n<p>10.30-13 Rahkasammalten koekasvatusalueen esittely ja ty\u00f6n\u00e4yt\u00f6kset:&nbsp;<\/p>\n\n\n\n<p>&nbsp;&nbsp; &#8211; Kaivinkonety\u00f6t perustamisvaiheessa&nbsp;<\/p>\n\n\n\n<p>&nbsp;&nbsp; &#8211; Dronepohjainen sammalkasvatusalojen seuranta&nbsp;<\/p>\n\n\n\n<p><s>\u00a0\u00a0 &#8211; Sammalkasvatusalojen maalaserkeilaus <\/s>\u00a0<strong>Huom: peruuntunut<\/strong><\/p>\n\n\n\n<p><strong>Iltap\u00e4iv\u00e4n aikana on mahdollisuus vapaamuotoisempaan pilottialueeseen<\/strong> <strong>tutustumiseen hankeryhm\u00e4n opastuksella.<\/strong>&nbsp;<\/p>\n\n\n\n<p>Lis\u00e4tietoa: <a href=\"https:\/\/sites.uef.fi\/kasvuasammalesta\" target=\"_blank\" rel=\"noreferrer noopener\">https:\/\/sites.uef.fi\/kasvuasammalesta<\/a>&nbsp;<\/p>\n\n\n\n<p>Hankkeen johtaja Teemu Tahvanainen, p. 050 442 3987,<a href=\"mailto:teemu.tahvanainen@uef.fi\" target=\"_blank\" rel=\"noreferrer noopener\"> teemu.tahvanainen@uef.fi<\/a><\/p>\n\n\n\n<p>Hankep\u00e4\u00e4llikk\u00f6, Helmi Lehikoinen, p. 050 520 4668, <a href=\"mailto:helmi.lehikoinen@uef.fi\" target=\"_blank\" rel=\"noreferrer noopener\">helmi.lehikoinen@uef.fi<\/a><\/p>\n\n\n\n<p><\/p>\n","protected":false},"excerpt":{"rendered":"<p>Ohjelma pdf-muodossa Rahkasammalen kasvatusta kehitet\u00e4\u00e4n uusiutuvaksi vaihtoehdoksi kasvuturpeelle. Tule tutustumaan rahkasammalviljelm\u00e4n suunnitteluun ja perustamiseen entiselle turvetuotantoalueelle Kasvua sammalesta -hankkeen koulutusp\u00e4iv\u00e4\u00e4n. Tapahtuman alustuspuheita voi seurata Teams-linkin kautta.&nbsp;&nbsp; Ilmoittaudu tapahtumaan 22.5.2025 menness\u00e4: https:\/\/go.uef.fi\/ilmoittaudu-kasvuasammalesta&nbsp;&nbsp; Saapumisohjeet ja muut tarkemmat tiedot jaetaan ilmoittautuneille heti ilmoittautumisajan p\u00e4\u00e4tytty\u00e4.&nbsp; Ohjelma:&nbsp; Sali N100, Natura-rakennus, It\u00e4-Suomen yliopisto, Joensuu&nbsp; (Teams klo 9:00-10:00 https:\/\/go.uef.fi\/teams-kasvuasammalesta)&nbsp; 8:45 Aamukahvit&nbsp; 9:00 [&hellip;]<\/p>\n","protected":false},"author":1075,"featured_media":0,"parent":0,"menu_order":0,"comment_status":"closed","ping_status":"closed","template":"","meta":{"_acf_changed":false,"footnotes":""},"class_list":["post-1318","page","type-page","status-publish","hentry"],"acf":[],"yoast_head":"<!-- This site is optimized with the Yoast SEO plugin v27.1.1 - https:\/\/yoast.com\/product\/yoast-seo-wordpress\/ -->\n<title>Rahkasammalkasvatusalojen perustaminen ja seuranta\u00a0\u00a0 28.5.2025\u00a0 - Kasvua sammalesta Pohjois-Karjala<\/title>\n<meta name=\"robots\" content=\"index, follow, max-snippet:-1, max-image-preview:large, max-video-preview:-1\" \/>\n<link rel=\"canonical\" href=\"https:\/\/sites.uef.fi\/kasvuasammalesta\/rahkasammalkasvatusalojen-perustaminen-ja-seuranta-28-5-2025\/\" \/>\n<meta property=\"og:locale\" content=\"fi_FI\" \/>\n<meta property=\"og:type\" content=\"article\" \/>\n<meta property=\"og:title\" content=\"Rahkasammalkasvatusalojen perustaminen ja seuranta\u00a0\u00a0 28.5.2025\u00a0 - Kasvua sammalesta Pohjois-Karjala\" \/>\n<meta property=\"og:description\" content=\"Ohjelma pdf-muodossa Rahkasammalen kasvatusta kehitet\u00e4\u00e4n uusiutuvaksi vaihtoehdoksi kasvuturpeelle. Tule tutustumaan rahkasammalviljelm\u00e4n suunnitteluun ja perustamiseen entiselle turvetuotantoalueelle Kasvua sammalesta -hankkeen koulutusp\u00e4iv\u00e4\u00e4n. Tapahtuman alustuspuheita voi seurata Teams-linkin kautta.&nbsp;&nbsp; Ilmoittaudu tapahtumaan 22.5.2025 menness\u00e4: https:\/\/go.uef.fi\/ilmoittaudu-kasvuasammalesta&nbsp;&nbsp; Saapumisohjeet ja muut tarkemmat tiedot jaetaan ilmoittautuneille heti ilmoittautumisajan p\u00e4\u00e4tytty\u00e4.&nbsp; Ohjelma:&nbsp; Sali N100, Natura-rakennus, It\u00e4-Suomen yliopisto, Joensuu&nbsp; (Teams klo 9:00-10:00 https:\/\/go.uef.fi\/teams-kasvuasammalesta)&nbsp; 8:45 Aamukahvit&nbsp; 9:00 [&hellip;]\" \/>\n<meta property=\"og:url\" content=\"https:\/\/sites.uef.fi\/kasvuasammalesta\/rahkasammalkasvatusalojen-perustaminen-ja-seuranta-28-5-2025\/\" \/>\n<meta property=\"og:site_name\" content=\"Kasvua sammalesta Pohjois-Karjala\" \/>\n<meta property=\"article:modified_time\" content=\"2025-05-26T12:25:01+00:00\" \/>\n<meta name=\"twitter:card\" content=\"summary_large_image\" \/>\n<meta name=\"twitter:label1\" content=\"Arvioitu lukuaika\" \/>\n\t<meta name=\"twitter:data1\" content=\"1 minuutti\" \/>\n<script type=\"application\/ld+json\" class=\"yoast-schema-graph\">{\"@context\":\"https:\/\/schema.org\",\"@graph\":[{\"@type\":\"WebPage\",\"@id\":\"https:\/\/sites.uef.fi\/kasvuasammalesta\/rahkasammalkasvatusalojen-perustaminen-ja-seuranta-28-5-2025\/\",\"url\":\"https:\/\/sites.uef.fi\/kasvuasammalesta\/rahkasammalkasvatusalojen-perustaminen-ja-seuranta-28-5-2025\/\",\"name\":\"Rahkasammalkasvatusalojen perustaminen ja seuranta\u00a0\u00a0 28.5.2025\u00a0 - Kasvua sammalesta Pohjois-Karjala\",\"isPartOf\":{\"@id\":\"https:\/\/sites.uef.fi\/kasvuasammalesta\/#website\"},\"datePublished\":\"2025-04-17T11:31:48+00:00\",\"dateModified\":\"2025-05-26T12:25:01+00:00\",\"breadcrumb\":{\"@id\":\"https:\/\/sites.uef.fi\/kasvuasammalesta\/rahkasammalkasvatusalojen-perustaminen-ja-seuranta-28-5-2025\/#breadcrumb\"},\"inLanguage\":\"fi\",\"potentialAction\":[{\"@type\":\"ReadAction\",\"target\":[\"https:\/\/sites.uef.fi\/kasvuasammalesta\/rahkasammalkasvatusalojen-perustaminen-ja-seuranta-28-5-2025\/\"]}]},{\"@type\":\"BreadcrumbList\",\"@id\":\"https:\/\/sites.uef.fi\/kasvuasammalesta\/rahkasammalkasvatusalojen-perustaminen-ja-seuranta-28-5-2025\/#breadcrumb\",\"itemListElement\":[{\"@type\":\"ListItem\",\"position\":1,\"name\":\"Home\",\"item\":\"https:\/\/sites.uef.fi\/kasvuasammalesta\/\"},{\"@type\":\"ListItem\",\"position\":2,\"name\":\"Rahkasammalkasvatusalojen perustaminen ja seuranta\u00a0\u00a0 28.5.2025\u00a0\"}]},{\"@type\":\"WebSite\",\"@id\":\"https:\/\/sites.uef.fi\/kasvuasammalesta\/#website\",\"url\":\"https:\/\/sites.uef.fi\/kasvuasammalesta\/\",\"name\":\"Kasvua sammalesta Pohjois-Karjala\",\"description\":\"\",\"potentialAction\":[{\"@type\":\"SearchAction\",\"target\":{\"@type\":\"EntryPoint\",\"urlTemplate\":\"https:\/\/sites.uef.fi\/kasvuasammalesta\/?s={search_term_string}\"},\"query-input\":{\"@type\":\"PropertyValueSpecification\",\"valueRequired\":true,\"valueName\":\"search_term_string\"}}],\"inLanguage\":\"fi\"}]}<\/script>\n<!-- \/ Yoast SEO plugin. -->","yoast_head_json":{"title":"Rahkasammalkasvatusalojen perustaminen ja seuranta\u00a0\u00a0 28.5.2025\u00a0 - Kasvua sammalesta Pohjois-Karjala","robots":{"index":"index","follow":"follow","max-snippet":"max-snippet:-1","max-image-preview":"max-image-preview:large","max-video-preview":"max-video-preview:-1"},"canonical":"https:\/\/sites.uef.fi\/kasvuasammalesta\/rahkasammalkasvatusalojen-perustaminen-ja-seuranta-28-5-2025\/","og_locale":"fi_FI","og_type":"article","og_title":"Rahkasammalkasvatusalojen perustaminen ja seuranta\u00a0\u00a0 28.5.2025\u00a0 - Kasvua sammalesta Pohjois-Karjala","og_description":"Ohjelma pdf-muodossa Rahkasammalen kasvatusta kehitet\u00e4\u00e4n uusiutuvaksi vaihtoehdoksi kasvuturpeelle. Tule tutustumaan rahkasammalviljelm\u00e4n suunnitteluun ja perustamiseen entiselle turvetuotantoalueelle Kasvua sammalesta -hankkeen koulutusp\u00e4iv\u00e4\u00e4n. Tapahtuman alustuspuheita voi seurata Teams-linkin kautta.&nbsp;&nbsp; Ilmoittaudu tapahtumaan 22.5.2025 menness\u00e4: https:\/\/go.uef.fi\/ilmoittaudu-kasvuasammalesta&nbsp;&nbsp; Saapumisohjeet ja muut tarkemmat tiedot jaetaan ilmoittautuneille heti ilmoittautumisajan p\u00e4\u00e4tytty\u00e4.&nbsp; Ohjelma:&nbsp; Sali N100, Natura-rakennus, It\u00e4-Suomen yliopisto, Joensuu&nbsp; (Teams klo 9:00-10:00 https:\/\/go.uef.fi\/teams-kasvuasammalesta)&nbsp; 8:45 Aamukahvit&nbsp; 9:00 [&hellip;]","og_url":"https:\/\/sites.uef.fi\/kasvuasammalesta\/rahkasammalkasvatusalojen-perustaminen-ja-seuranta-28-5-2025\/","og_site_name":"Kasvua sammalesta Pohjois-Karjala","article_modified_time":"2025-05-26T12:25:01+00:00","twitter_card":"summary_large_image","twitter_misc":{"Arvioitu lukuaika":"1 minuutti"},"schema":{"@context":"https:\/\/schema.org","@graph":[{"@type":"WebPage","@id":"https:\/\/sites.uef.fi\/kasvuasammalesta\/rahkasammalkasvatusalojen-perustaminen-ja-seuranta-28-5-2025\/","url":"https:\/\/sites.uef.fi\/kasvuasammalesta\/rahkasammalkasvatusalojen-perustaminen-ja-seuranta-28-5-2025\/","name":"Rahkasammalkasvatusalojen perustaminen ja seuranta\u00a0\u00a0 28.5.2025\u00a0 - Kasvua sammalesta Pohjois-Karjala","isPartOf":{"@id":"https:\/\/sites.uef.fi\/kasvuasammalesta\/#website"},"datePublished":"2025-04-17T11:31:48+00:00","dateModified":"2025-05-26T12:25:01+00:00","breadcrumb":{"@id":"https:\/\/sites.uef.fi\/kasvuasammalesta\/rahkasammalkasvatusalojen-perustaminen-ja-seuranta-28-5-2025\/#breadcrumb"},"inLanguage":"fi","potentialAction":[{"@type":"ReadAction","target":["https:\/\/sites.uef.fi\/kasvuasammalesta\/rahkasammalkasvatusalojen-perustaminen-ja-seuranta-28-5-2025\/"]}]},{"@type":"BreadcrumbList","@id":"https:\/\/sites.uef.fi\/kasvuasammalesta\/rahkasammalkasvatusalojen-perustaminen-ja-seuranta-28-5-2025\/#breadcrumb","itemListElement":[{"@type":"ListItem","position":1,"name":"Home","item":"https:\/\/sites.uef.fi\/kasvuasammalesta\/"},{"@type":"ListItem","position":2,"name":"Rahkasammalkasvatusalojen perustaminen ja seuranta\u00a0\u00a0 28.5.2025\u00a0"}]},{"@type":"WebSite","@id":"https:\/\/sites.uef.fi\/kasvuasammalesta\/#website","url":"https:\/\/sites.uef.fi\/kasvuasammalesta\/","name":"Kasvua sammalesta Pohjois-Karjala","description":"","potentialAction":[{"@type":"SearchAction","target":{"@type":"EntryPoint","urlTemplate":"https:\/\/sites.uef.fi\/kasvuasammalesta\/?s={search_term_string}"},"query-input":{"@type":"PropertyValueSpecification","valueRequired":true,"valueName":"search_term_string"}}],"inLanguage":"fi"}]}},"_links":{"self":[{"href":"https:\/\/sites.uef.fi\/kasvuasammalesta\/wp-json\/wp\/v2\/pages\/1318","targetHints":{"allow":["GET"]}}],"collection":[{"href":"https:\/\/sites.uef.fi\/kasvuasammalesta\/wp-json\/wp\/v2\/pages"}],"about":[{"href":"https:\/\/sites.uef.fi\/kasvuasammalesta\/wp-json\/wp\/v2\/types\/page"}],"author":[{"embeddable":true,"href":"https:\/\/sites.uef.fi\/kasvuasammalesta\/wp-json\/wp\/v2\/users\/1075"}],"replies":[{"embeddable":true,"href":"https:\/\/sites.uef.fi\/kasvuasammalesta\/wp-json\/wp\/v2\/comments?post=1318"}],"version-history":[{"count":1,"href":"https:\/\/sites.uef.fi\/kasvuasammalesta\/wp-json\/wp\/v2\/pages\/1318\/revisions"}],"predecessor-version":[{"id":1348,"href":"https:\/\/sites.uef.fi\/kasvuasammalesta\/wp-json\/wp\/v2\/pages\/1318\/revisions\/1348"}],"wp:attachment":[{"href":"https:\/\/sites.uef.fi\/kasvuasammalesta\/wp-json\/wp\/v2\/media?parent=1318"}],"curies":[{"name":"wp","href":"https:\/\/api.w.org\/{rel}","templated":true}]}}