{"id":1386,"date":"2025-09-08T13:09:39","date_gmt":"2025-09-08T11:09:39","guid":{"rendered":"https:\/\/sites.uef.fi\/kasvuasammalesta\/?page_id=1386"},"modified":"2026-04-23T07:23:58","modified_gmt":"2026-04-23T05:23:58","slug":"suopolku","status":"publish","type":"page","link":"https:\/\/sites.uef.fi\/kasvuasammalesta\/suopolku\/","title":{"rendered":"Kyyr\u00f6nsuon virtuaalikierros"},"content":{"rendered":"\n<p><\/p>\n\n\n\n<p>Tervetuloa Kyyr\u00f6nsuon kosteikkoalueen virtuaalikierrokselle! Klikkaa yll\u00e4olevan kartan nuolia aloittaaksesi, tai avaa kartta uuteen v\u00e4lilehteen <a href=\"https:\/\/www.thinglink.com\/scene\/2035663700559397732\" target=\"_blank\" rel=\"noreferrer noopener\">t\u00e4st\u00e4 linkist\u00e4<\/a>. <strong>Kartta toimii parhaiten, kun sen avaa koko n\u00e4yt\u00f6lle oikean alakulman painikkeesta.<\/strong><\/p>\n\n\n\n<div class=\"links-block\">\n\n    \n    <ul class=\"link-list\">\n            <\/ul>\n<\/div>\n\n\n<p><\/p>\n\n\n\n<p><\/p>\n","protected":false},"excerpt":{"rendered":"<p>Tervetuloa Kyyr\u00f6nsuon kosteikkoalueen virtuaalikierrokselle! Klikkaa yll\u00e4olevan kartan nuolia aloittaaksesi, tai avaa kartta uuteen v\u00e4lilehteen t\u00e4st\u00e4 linkist\u00e4. Kartta toimii parhaiten, kun sen avaa koko n\u00e4yt\u00f6lle oikean alakulman painikkeesta.<\/p>\n","protected":false},"author":1075,"featured_media":0,"parent":0,"menu_order":0,"comment_status":"closed","ping_status":"closed","template":"","meta":{"_acf_changed":false,"footnotes":""},"class_list":["post-1386","page","type-page","status-publish","hentry"],"acf":[],"yoast_head":"<!-- This site is optimized with the Yoast SEO plugin v27.3 - https:\/\/yoast.com\/product\/yoast-seo-wordpress\/ -->\n<title>Kyyr\u00f6nsuon virtuaalikierros - Kasvua sammalesta Pohjois-Karjala<\/title>\n<meta name=\"robots\" content=\"index, follow, max-snippet:-1, max-image-preview:large, max-video-preview:-1\" \/>\n<link rel=\"canonical\" href=\"https:\/\/sites.uef.fi\/kasvuasammalesta\/suopolku\/\" \/>\n<meta property=\"og:locale\" content=\"fi_FI\" \/>\n<meta property=\"og:type\" content=\"article\" \/>\n<meta property=\"og:title\" content=\"Kyyr\u00f6nsuon virtuaalikierros - Kasvua sammalesta Pohjois-Karjala\" \/>\n<meta property=\"og:description\" content=\"Tervetuloa Kyyr\u00f6nsuon kosteikkoalueen virtuaalikierrokselle! Klikkaa yll\u00e4olevan kartan nuolia aloittaaksesi, tai avaa kartta uuteen v\u00e4lilehteen t\u00e4st\u00e4 linkist\u00e4. Kartta toimii parhaiten, kun sen avaa koko n\u00e4yt\u00f6lle oikean alakulman painikkeesta.\" \/>\n<meta property=\"og:url\" content=\"https:\/\/sites.uef.fi\/kasvuasammalesta\/suopolku\/\" \/>\n<meta property=\"og:site_name\" content=\"Kasvua sammalesta Pohjois-Karjala\" \/>\n<meta property=\"article:modified_time\" content=\"2026-04-23T05:23:58+00:00\" \/>\n<meta name=\"twitter:card\" content=\"summary_large_image\" \/>\n<meta name=\"twitter:label1\" content=\"Arvioitu lukuaika\" \/>\n\t<meta name=\"twitter:data1\" content=\"1 minuutti\" \/>\n<script type=\"application\/ld+json\" class=\"yoast-schema-graph\">{\"@context\":\"https:\\\/\\\/schema.org\",\"@graph\":[{\"@type\":\"WebPage\",\"@id\":\"https:\\\/\\\/sites.uef.fi\\\/kasvuasammalesta\\\/suopolku\\\/\",\"url\":\"https:\\\/\\\/sites.uef.fi\\\/kasvuasammalesta\\\/suopolku\\\/\",\"name\":\"Kyyr\u00f6nsuon virtuaalikierros - Kasvua sammalesta Pohjois-Karjala\",\"isPartOf\":{\"@id\":\"https:\\\/\\\/sites.uef.fi\\\/kasvuasammalesta\\\/#website\"},\"datePublished\":\"2025-09-08T11:09:39+00:00\",\"dateModified\":\"2026-04-23T05:23:58+00:00\",\"breadcrumb\":{\"@id\":\"https:\\\/\\\/sites.uef.fi\\\/kasvuasammalesta\\\/suopolku\\\/#breadcrumb\"},\"inLanguage\":\"fi\",\"potentialAction\":[{\"@type\":\"ReadAction\",\"target\":[\"https:\\\/\\\/sites.uef.fi\\\/kasvuasammalesta\\\/suopolku\\\/\"]}]},{\"@type\":\"BreadcrumbList\",\"@id\":\"https:\\\/\\\/sites.uef.fi\\\/kasvuasammalesta\\\/suopolku\\\/#breadcrumb\",\"itemListElement\":[{\"@type\":\"ListItem\",\"position\":1,\"name\":\"Home\",\"item\":\"https:\\\/\\\/sites.uef.fi\\\/kasvuasammalesta\\\/\"},{\"@type\":\"ListItem\",\"position\":2,\"name\":\"Kyyr\u00f6nsuon virtuaalikierros\"}]},{\"@type\":\"WebSite\",\"@id\":\"https:\\\/\\\/sites.uef.fi\\\/kasvuasammalesta\\\/#website\",\"url\":\"https:\\\/\\\/sites.uef.fi\\\/kasvuasammalesta\\\/\",\"name\":\"Kasvua sammalesta Pohjois-Karjala\",\"description\":\"\",\"potentialAction\":[{\"@type\":\"SearchAction\",\"target\":{\"@type\":\"EntryPoint\",\"urlTemplate\":\"https:\\\/\\\/sites.uef.fi\\\/kasvuasammalesta\\\/?s={search_term_string}\"},\"query-input\":{\"@type\":\"PropertyValueSpecification\",\"valueRequired\":true,\"valueName\":\"search_term_string\"}}],\"inLanguage\":\"fi\"}]}<\/script>\n<!-- \/ Yoast SEO plugin. -->","yoast_head_json":{"title":"Kyyr\u00f6nsuon virtuaalikierros - Kasvua sammalesta Pohjois-Karjala","robots":{"index":"index","follow":"follow","max-snippet":"max-snippet:-1","max-image-preview":"max-image-preview:large","max-video-preview":"max-video-preview:-1"},"canonical":"https:\/\/sites.uef.fi\/kasvuasammalesta\/suopolku\/","og_locale":"fi_FI","og_type":"article","og_title":"Kyyr\u00f6nsuon virtuaalikierros - Kasvua sammalesta Pohjois-Karjala","og_description":"Tervetuloa Kyyr\u00f6nsuon kosteikkoalueen virtuaalikierrokselle! Klikkaa yll\u00e4olevan kartan nuolia aloittaaksesi, tai avaa kartta uuteen v\u00e4lilehteen t\u00e4st\u00e4 linkist\u00e4. Kartta toimii parhaiten, kun sen avaa koko n\u00e4yt\u00f6lle oikean alakulman painikkeesta.","og_url":"https:\/\/sites.uef.fi\/kasvuasammalesta\/suopolku\/","og_site_name":"Kasvua sammalesta Pohjois-Karjala","article_modified_time":"2026-04-23T05:23:58+00:00","twitter_card":"summary_large_image","twitter_misc":{"Arvioitu lukuaika":"1 minuutti"},"schema":{"@context":"https:\/\/schema.org","@graph":[{"@type":"WebPage","@id":"https:\/\/sites.uef.fi\/kasvuasammalesta\/suopolku\/","url":"https:\/\/sites.uef.fi\/kasvuasammalesta\/suopolku\/","name":"Kyyr\u00f6nsuon virtuaalikierros - Kasvua sammalesta Pohjois-Karjala","isPartOf":{"@id":"https:\/\/sites.uef.fi\/kasvuasammalesta\/#website"},"datePublished":"2025-09-08T11:09:39+00:00","dateModified":"2026-04-23T05:23:58+00:00","breadcrumb":{"@id":"https:\/\/sites.uef.fi\/kasvuasammalesta\/suopolku\/#breadcrumb"},"inLanguage":"fi","potentialAction":[{"@type":"ReadAction","target":["https:\/\/sites.uef.fi\/kasvuasammalesta\/suopolku\/"]}]},{"@type":"BreadcrumbList","@id":"https:\/\/sites.uef.fi\/kasvuasammalesta\/suopolku\/#breadcrumb","itemListElement":[{"@type":"ListItem","position":1,"name":"Home","item":"https:\/\/sites.uef.fi\/kasvuasammalesta\/"},{"@type":"ListItem","position":2,"name":"Kyyr\u00f6nsuon virtuaalikierros"}]},{"@type":"WebSite","@id":"https:\/\/sites.uef.fi\/kasvuasammalesta\/#website","url":"https:\/\/sites.uef.fi\/kasvuasammalesta\/","name":"Kasvua sammalesta Pohjois-Karjala","description":"","potentialAction":[{"@type":"SearchAction","target":{"@type":"EntryPoint","urlTemplate":"https:\/\/sites.uef.fi\/kasvuasammalesta\/?s={search_term_string}"},"query-input":{"@type":"PropertyValueSpecification","valueRequired":true,"valueName":"search_term_string"}}],"inLanguage":"fi"}]}},"_links":{"self":[{"href":"https:\/\/sites.uef.fi\/kasvuasammalesta\/wp-json\/wp\/v2\/pages\/1386","targetHints":{"allow":["GET"]}}],"collection":[{"href":"https:\/\/sites.uef.fi\/kasvuasammalesta\/wp-json\/wp\/v2\/pages"}],"about":[{"href":"https:\/\/sites.uef.fi\/kasvuasammalesta\/wp-json\/wp\/v2\/types\/page"}],"author":[{"embeddable":true,"href":"https:\/\/sites.uef.fi\/kasvuasammalesta\/wp-json\/wp\/v2\/users\/1075"}],"replies":[{"embeddable":true,"href":"https:\/\/sites.uef.fi\/kasvuasammalesta\/wp-json\/wp\/v2\/comments?post=1386"}],"version-history":[{"count":2,"href":"https:\/\/sites.uef.fi\/kasvuasammalesta\/wp-json\/wp\/v2\/pages\/1386\/revisions"}],"predecessor-version":[{"id":1686,"href":"https:\/\/sites.uef.fi\/kasvuasammalesta\/wp-json\/wp\/v2\/pages\/1386\/revisions\/1686"}],"wp:attachment":[{"href":"https:\/\/sites.uef.fi\/kasvuasammalesta\/wp-json\/wp\/v2\/media?parent=1386"}],"curies":[{"name":"wp","href":"https:\/\/api.w.org\/{rel}","templated":true}]}}