{"id":1557,"date":"2026-03-31T13:19:53","date_gmt":"2026-03-31T11:19:53","guid":{"rendered":"https:\/\/sites.uef.fi\/kasvuasammalesta\/?page_id=1557"},"modified":"2026-03-31T13:23:46","modified_gmt":"2026-03-31T11:23:46","slug":"rahkasammalten-kasvatus-turvepohjalla-uusi-mahdollisuus-kestavaan-tuotantoon-ja-ennallistamiseen-5-5-2026","status":"publish","type":"page","link":"https:\/\/sites.uef.fi\/kasvuasammalesta\/rahkasammalten-kasvatus-turvepohjalla-uusi-mahdollisuus-kestavaan-tuotantoon-ja-ennallistamiseen-5-5-2026\/","title":{"rendered":"Rahkasammalten kasvatus turvepohjalla &#8211; uusi mahdollisuus kest\u00e4v\u00e4\u00e4n tuotantoon ja ennallistamiseen 5.5.2026"},"content":{"rendered":"\n<p>Kasvua sammalesta Pohjois-Karjala (SAMPO) -hankkeen p\u00e4\u00e4t\u00f6stapahtumassa esitell\u00e4\u00e4n hankkeen tuloksia rahkasammalten kasvatuksesta entisell\u00e4 turvetuotantoalueella. Maastovierailulla p\u00e4\u00e4set tutustumaan koekasvatuksiin Kyyr\u00f6nsuon kosteikkoalueella. Mukana my\u00f6s Kontiolahden kunta esittelem\u00e4ss\u00e4 mm. l\u00e4hdepuron luontoa. Maasto-osuudella tarjolla kahvia ja pullaa.<\/p>\n\n\n\n<p><strong>Ilmoittaudu 30.4.2026 menness\u00e4, ilmoittautumislinkki<\/strong>:<br><a href=\"https:\/\/link.webropolsurveys.com\/EP\/1AF6BA6FEA8FF6EF\">https:\/\/link.webropolsurveys.com\/EP\/1AF6BA6FEA8FF6EF<\/a><\/p>\n\n\n\n<p><strong>Ohjelma:<\/strong><br><strong>It\u00e4-Suomen yliopisto, Joensuu (Natura-rakennus, Sali N100) ja Teams<\/strong><br><strong>12:00-12:45:<\/strong> Tuloksia rahkasammalten kasvatuksesta<\/p>\n\n\n\n<p><strong>Maastovierailu Kontiolahden Kyyr\u00f6nsuolla:<\/strong><br><strong>13:15-15:30:<\/strong> Rahkasammalten koeviljelmiin ja muuhun kosteikkoymp\u00e4rist\u00f6\u00f6n tutustuminen<\/p>\n\n\n\n<p><br>Reittiohje Kyyr\u00f6nsuolle: <a href=\"https:\/\/go.uef.fi\/reitti-kyyronsuo\">https:\/\/go.uef.fi\/reitti-kyyronsuo<\/a><\/p>\n\n\n\n<p>Ohjelma <a href=\"https:\/\/sites.uef.fi\/kasvuasammalesta\/wp-content\/uploads\/sites\/459\/2026\/03\/Rahkasammaltenkasvatus2026_tapahtuma05052026.pdf\" id=\"https:\/\/sites.uef.fi\/kasvuasammalesta\/wp-content\/uploads\/sites\/459\/2026\/03\/Rahkasammaltenkasvatus2026_tapahtuma05052026.pdf\">pdf-muodossa<\/a><\/p>\n\n\n\n<p><br>Tapahtuma on osa maaseutuverkoston Kosteikkokarnevaalit 2026 tapahtumaketjua:<br><a href=\"https:\/\/maaseutuverkosto.fi\/tapahtumat\/kosteikkokarnevaalit-2026-etkot\/\">https:\/\/maaseutuverkosto.fi\/tapahtumat\/kosteikkokarnevaalit-2026-etkot\/<\/a><\/p>\n\n\n\n<p>Lis\u00e4tiedot:<br>Hankkeen johtaja Teemu Tahvanainen, p. 050 442 3987, teemu.tahvanainen@uef.fi<br>Hankep\u00e4\u00e4llikk\u00f6, Helmi Lehikoinen, p. 050 520 4668, helmi.lehikoinen@uef.fi<\/p>\n\n\n\n<p><\/p>\n","protected":false},"excerpt":{"rendered":"<p>Kasvua sammalesta Pohjois-Karjala (SAMPO) -hankkeen p\u00e4\u00e4t\u00f6stapahtumassa esitell\u00e4\u00e4n hankkeen tuloksia rahkasammalten kasvatuksesta entisell\u00e4 turvetuotantoalueella. Maastovierailulla p\u00e4\u00e4set tutustumaan koekasvatuksiin Kyyr\u00f6nsuon kosteikkoalueella. Mukana my\u00f6s Kontiolahden kunta esittelem\u00e4ss\u00e4 mm. l\u00e4hdepuron luontoa. Maasto-osuudella tarjolla kahvia ja pullaa. Ilmoittaudu 30.4.2026 menness\u00e4, ilmoittautumislinkki:https:\/\/link.webropolsurveys.com\/EP\/1AF6BA6FEA8FF6EF Ohjelma:It\u00e4-Suomen yliopisto, Joensuu (Natura-rakennus, Sali N100) ja Teams12:00-12:45: Tuloksia rahkasammalten kasvatuksesta Maastovierailu Kontiolahden Kyyr\u00f6nsuolla:13:15-15:30: Rahkasammalten koeviljelmiin ja muuhun kosteikkoymp\u00e4rist\u00f6\u00f6n [&hellip;]<\/p>\n","protected":false},"author":1075,"featured_media":0,"parent":0,"menu_order":0,"comment_status":"closed","ping_status":"closed","template":"","meta":{"_acf_changed":false,"footnotes":""},"class_list":["post-1557","page","type-page","status-publish","hentry"],"acf":[],"yoast_head":"<!-- This site is optimized with the Yoast SEO plugin v27.1.1 - https:\/\/yoast.com\/product\/yoast-seo-wordpress\/ -->\n<title>Rahkasammalten kasvatus turvepohjalla - uusi mahdollisuus kest\u00e4v\u00e4\u00e4n tuotantoon ja ennallistamiseen 5.5.2026 - Kasvua sammalesta Pohjois-Karjala<\/title>\n<meta name=\"robots\" content=\"index, follow, max-snippet:-1, max-image-preview:large, max-video-preview:-1\" \/>\n<link rel=\"canonical\" href=\"https:\/\/sites.uef.fi\/kasvuasammalesta\/rahkasammalten-kasvatus-turvepohjalla-uusi-mahdollisuus-kestavaan-tuotantoon-ja-ennallistamiseen-5-5-2026\/\" \/>\n<meta property=\"og:locale\" content=\"fi_FI\" \/>\n<meta property=\"og:type\" content=\"article\" \/>\n<meta property=\"og:title\" content=\"Rahkasammalten kasvatus turvepohjalla - uusi mahdollisuus kest\u00e4v\u00e4\u00e4n tuotantoon ja ennallistamiseen 5.5.2026 - Kasvua sammalesta Pohjois-Karjala\" \/>\n<meta property=\"og:description\" content=\"Kasvua sammalesta Pohjois-Karjala (SAMPO) -hankkeen p\u00e4\u00e4t\u00f6stapahtumassa esitell\u00e4\u00e4n hankkeen tuloksia rahkasammalten kasvatuksesta entisell\u00e4 turvetuotantoalueella. Maastovierailulla p\u00e4\u00e4set tutustumaan koekasvatuksiin Kyyr\u00f6nsuon kosteikkoalueella. Mukana my\u00f6s Kontiolahden kunta esittelem\u00e4ss\u00e4 mm. l\u00e4hdepuron luontoa. Maasto-osuudella tarjolla kahvia ja pullaa. Ilmoittaudu 30.4.2026 menness\u00e4, ilmoittautumislinkki:https:\/\/link.webropolsurveys.com\/EP\/1AF6BA6FEA8FF6EF Ohjelma:It\u00e4-Suomen yliopisto, Joensuu (Natura-rakennus, Sali N100) ja Teams12:00-12:45: Tuloksia rahkasammalten kasvatuksesta Maastovierailu Kontiolahden Kyyr\u00f6nsuolla:13:15-15:30: Rahkasammalten koeviljelmiin ja muuhun kosteikkoymp\u00e4rist\u00f6\u00f6n [&hellip;]\" \/>\n<meta property=\"og:url\" content=\"https:\/\/sites.uef.fi\/kasvuasammalesta\/rahkasammalten-kasvatus-turvepohjalla-uusi-mahdollisuus-kestavaan-tuotantoon-ja-ennallistamiseen-5-5-2026\/\" \/>\n<meta property=\"og:site_name\" content=\"Kasvua sammalesta Pohjois-Karjala\" \/>\n<meta property=\"article:modified_time\" content=\"2026-03-31T11:23:46+00:00\" \/>\n<meta name=\"twitter:card\" content=\"summary_large_image\" \/>\n<meta name=\"twitter:label1\" content=\"Arvioitu lukuaika\" \/>\n\t<meta name=\"twitter:data1\" content=\"1 minuutti\" \/>\n<script type=\"application\/ld+json\" class=\"yoast-schema-graph\">{\"@context\":\"https:\/\/schema.org\",\"@graph\":[{\"@type\":\"WebPage\",\"@id\":\"https:\/\/sites.uef.fi\/kasvuasammalesta\/rahkasammalten-kasvatus-turvepohjalla-uusi-mahdollisuus-kestavaan-tuotantoon-ja-ennallistamiseen-5-5-2026\/\",\"url\":\"https:\/\/sites.uef.fi\/kasvuasammalesta\/rahkasammalten-kasvatus-turvepohjalla-uusi-mahdollisuus-kestavaan-tuotantoon-ja-ennallistamiseen-5-5-2026\/\",\"name\":\"Rahkasammalten kasvatus turvepohjalla - uusi mahdollisuus kest\u00e4v\u00e4\u00e4n tuotantoon ja ennallistamiseen 5.5.2026 - Kasvua sammalesta Pohjois-Karjala\",\"isPartOf\":{\"@id\":\"https:\/\/sites.uef.fi\/kasvuasammalesta\/#website\"},\"datePublished\":\"2026-03-31T11:19:53+00:00\",\"dateModified\":\"2026-03-31T11:23:46+00:00\",\"breadcrumb\":{\"@id\":\"https:\/\/sites.uef.fi\/kasvuasammalesta\/rahkasammalten-kasvatus-turvepohjalla-uusi-mahdollisuus-kestavaan-tuotantoon-ja-ennallistamiseen-5-5-2026\/#breadcrumb\"},\"inLanguage\":\"fi\",\"potentialAction\":[{\"@type\":\"ReadAction\",\"target\":[\"https:\/\/sites.uef.fi\/kasvuasammalesta\/rahkasammalten-kasvatus-turvepohjalla-uusi-mahdollisuus-kestavaan-tuotantoon-ja-ennallistamiseen-5-5-2026\/\"]}]},{\"@type\":\"BreadcrumbList\",\"@id\":\"https:\/\/sites.uef.fi\/kasvuasammalesta\/rahkasammalten-kasvatus-turvepohjalla-uusi-mahdollisuus-kestavaan-tuotantoon-ja-ennallistamiseen-5-5-2026\/#breadcrumb\",\"itemListElement\":[{\"@type\":\"ListItem\",\"position\":1,\"name\":\"Home\",\"item\":\"https:\/\/sites.uef.fi\/kasvuasammalesta\/\"},{\"@type\":\"ListItem\",\"position\":2,\"name\":\"Rahkasammalten kasvatus turvepohjalla &#8211; uusi mahdollisuus kest\u00e4v\u00e4\u00e4n tuotantoon ja ennallistamiseen 5.5.2026\"}]},{\"@type\":\"WebSite\",\"@id\":\"https:\/\/sites.uef.fi\/kasvuasammalesta\/#website\",\"url\":\"https:\/\/sites.uef.fi\/kasvuasammalesta\/\",\"name\":\"Kasvua sammalesta Pohjois-Karjala\",\"description\":\"\",\"potentialAction\":[{\"@type\":\"SearchAction\",\"target\":{\"@type\":\"EntryPoint\",\"urlTemplate\":\"https:\/\/sites.uef.fi\/kasvuasammalesta\/?s={search_term_string}\"},\"query-input\":{\"@type\":\"PropertyValueSpecification\",\"valueRequired\":true,\"valueName\":\"search_term_string\"}}],\"inLanguage\":\"fi\"}]}<\/script>\n<!-- \/ Yoast SEO plugin. -->","yoast_head_json":{"title":"Rahkasammalten kasvatus turvepohjalla - uusi mahdollisuus kest\u00e4v\u00e4\u00e4n tuotantoon ja ennallistamiseen 5.5.2026 - Kasvua sammalesta Pohjois-Karjala","robots":{"index":"index","follow":"follow","max-snippet":"max-snippet:-1","max-image-preview":"max-image-preview:large","max-video-preview":"max-video-preview:-1"},"canonical":"https:\/\/sites.uef.fi\/kasvuasammalesta\/rahkasammalten-kasvatus-turvepohjalla-uusi-mahdollisuus-kestavaan-tuotantoon-ja-ennallistamiseen-5-5-2026\/","og_locale":"fi_FI","og_type":"article","og_title":"Rahkasammalten kasvatus turvepohjalla - uusi mahdollisuus kest\u00e4v\u00e4\u00e4n tuotantoon ja ennallistamiseen 5.5.2026 - Kasvua sammalesta Pohjois-Karjala","og_description":"Kasvua sammalesta Pohjois-Karjala (SAMPO) -hankkeen p\u00e4\u00e4t\u00f6stapahtumassa esitell\u00e4\u00e4n hankkeen tuloksia rahkasammalten kasvatuksesta entisell\u00e4 turvetuotantoalueella. Maastovierailulla p\u00e4\u00e4set tutustumaan koekasvatuksiin Kyyr\u00f6nsuon kosteikkoalueella. Mukana my\u00f6s Kontiolahden kunta esittelem\u00e4ss\u00e4 mm. l\u00e4hdepuron luontoa. Maasto-osuudella tarjolla kahvia ja pullaa. Ilmoittaudu 30.4.2026 menness\u00e4, ilmoittautumislinkki:https:\/\/link.webropolsurveys.com\/EP\/1AF6BA6FEA8FF6EF Ohjelma:It\u00e4-Suomen yliopisto, Joensuu (Natura-rakennus, Sali N100) ja Teams12:00-12:45: Tuloksia rahkasammalten kasvatuksesta Maastovierailu Kontiolahden Kyyr\u00f6nsuolla:13:15-15:30: Rahkasammalten koeviljelmiin ja muuhun kosteikkoymp\u00e4rist\u00f6\u00f6n [&hellip;]","og_url":"https:\/\/sites.uef.fi\/kasvuasammalesta\/rahkasammalten-kasvatus-turvepohjalla-uusi-mahdollisuus-kestavaan-tuotantoon-ja-ennallistamiseen-5-5-2026\/","og_site_name":"Kasvua sammalesta Pohjois-Karjala","article_modified_time":"2026-03-31T11:23:46+00:00","twitter_card":"summary_large_image","twitter_misc":{"Arvioitu lukuaika":"1 minuutti"},"schema":{"@context":"https:\/\/schema.org","@graph":[{"@type":"WebPage","@id":"https:\/\/sites.uef.fi\/kasvuasammalesta\/rahkasammalten-kasvatus-turvepohjalla-uusi-mahdollisuus-kestavaan-tuotantoon-ja-ennallistamiseen-5-5-2026\/","url":"https:\/\/sites.uef.fi\/kasvuasammalesta\/rahkasammalten-kasvatus-turvepohjalla-uusi-mahdollisuus-kestavaan-tuotantoon-ja-ennallistamiseen-5-5-2026\/","name":"Rahkasammalten kasvatus turvepohjalla - uusi mahdollisuus kest\u00e4v\u00e4\u00e4n tuotantoon ja ennallistamiseen 5.5.2026 - Kasvua sammalesta Pohjois-Karjala","isPartOf":{"@id":"https:\/\/sites.uef.fi\/kasvuasammalesta\/#website"},"datePublished":"2026-03-31T11:19:53+00:00","dateModified":"2026-03-31T11:23:46+00:00","breadcrumb":{"@id":"https:\/\/sites.uef.fi\/kasvuasammalesta\/rahkasammalten-kasvatus-turvepohjalla-uusi-mahdollisuus-kestavaan-tuotantoon-ja-ennallistamiseen-5-5-2026\/#breadcrumb"},"inLanguage":"fi","potentialAction":[{"@type":"ReadAction","target":["https:\/\/sites.uef.fi\/kasvuasammalesta\/rahkasammalten-kasvatus-turvepohjalla-uusi-mahdollisuus-kestavaan-tuotantoon-ja-ennallistamiseen-5-5-2026\/"]}]},{"@type":"BreadcrumbList","@id":"https:\/\/sites.uef.fi\/kasvuasammalesta\/rahkasammalten-kasvatus-turvepohjalla-uusi-mahdollisuus-kestavaan-tuotantoon-ja-ennallistamiseen-5-5-2026\/#breadcrumb","itemListElement":[{"@type":"ListItem","position":1,"name":"Home","item":"https:\/\/sites.uef.fi\/kasvuasammalesta\/"},{"@type":"ListItem","position":2,"name":"Rahkasammalten kasvatus turvepohjalla &#8211; uusi mahdollisuus kest\u00e4v\u00e4\u00e4n tuotantoon ja ennallistamiseen 5.5.2026"}]},{"@type":"WebSite","@id":"https:\/\/sites.uef.fi\/kasvuasammalesta\/#website","url":"https:\/\/sites.uef.fi\/kasvuasammalesta\/","name":"Kasvua sammalesta Pohjois-Karjala","description":"","potentialAction":[{"@type":"SearchAction","target":{"@type":"EntryPoint","urlTemplate":"https:\/\/sites.uef.fi\/kasvuasammalesta\/?s={search_term_string}"},"query-input":{"@type":"PropertyValueSpecification","valueRequired":true,"valueName":"search_term_string"}}],"inLanguage":"fi"}]}},"_links":{"self":[{"href":"https:\/\/sites.uef.fi\/kasvuasammalesta\/wp-json\/wp\/v2\/pages\/1557","targetHints":{"allow":["GET"]}}],"collection":[{"href":"https:\/\/sites.uef.fi\/kasvuasammalesta\/wp-json\/wp\/v2\/pages"}],"about":[{"href":"https:\/\/sites.uef.fi\/kasvuasammalesta\/wp-json\/wp\/v2\/types\/page"}],"author":[{"embeddable":true,"href":"https:\/\/sites.uef.fi\/kasvuasammalesta\/wp-json\/wp\/v2\/users\/1075"}],"replies":[{"embeddable":true,"href":"https:\/\/sites.uef.fi\/kasvuasammalesta\/wp-json\/wp\/v2\/comments?post=1557"}],"version-history":[{"count":1,"href":"https:\/\/sites.uef.fi\/kasvuasammalesta\/wp-json\/wp\/v2\/pages\/1557\/revisions"}],"predecessor-version":[{"id":1564,"href":"https:\/\/sites.uef.fi\/kasvuasammalesta\/wp-json\/wp\/v2\/pages\/1557\/revisions\/1564"}],"wp:attachment":[{"href":"https:\/\/sites.uef.fi\/kasvuasammalesta\/wp-json\/wp\/v2\/media?parent=1557"}],"curies":[{"name":"wp","href":"https:\/\/api.w.org\/{rel}","templated":true}]}}