{"id":228,"date":"2024-02-01T15:24:31","date_gmt":"2024-02-01T13:24:31","guid":{"rendered":"https:\/\/sites.uef.fi\/kasvuasammalesta\/?page_id=228"},"modified":"2026-03-31T13:21:09","modified_gmt":"2026-03-31T11:21:09","slug":"etusivu","status":"publish","type":"page","link":"https:\/\/sites.uef.fi\/kasvuasammalesta\/","title":{"rendered":"Etusivu"},"content":{"rendered":"\n<p>Kasvua sammalesta Pohjois-Karjala on It\u00e4-Suomen yliopiston <a href=\"https:\/\/sites.uef.fi\/kasvuasammalesta\/262-2\/\">JTF-hanke<\/a> (1.1.2024-31.5.2026), joka kehitt\u00e4\u00e4 rahkasammalten kasvatusta entisill\u00e4 turvetuotantoalueilla. Kasvatuksella tavoitellaan ratkaisua kasvuturpeen korvaamiseksi uusiutuvalla sammalbiomassan tuotannolla.<\/p>\n\n\n\n<p>Hankkeen <a href=\"https:\/\/sites.uef.fi\/kasvuasammalesta\/pilottialueet\/\">pilottialueilla<\/a> kehitet\u00e4\u00e4n ratkaisuja kasvatusalueiden perustust\u00f6ihin, vesitalouden hallintaan ja kasvun optimointiin. Kasvuolosuhteita selvitet\u00e4\u00e4n my\u00f6s <a href=\"https:\/\/sites.uef.fi\/kasvuasammalesta\/testilaboratorio\/\">kasvihuoneoloissa<\/a>. Viljelyalueiden sijoittumista suokokonaisuuksiin selvitet\u00e4\u00e4n <a href=\"https:\/\/sites.uef.fi\/kasvuasammalesta\/kasvatusalueiden-kartoitus\/\">kaukokartoituksen ja paikkatietoanalyysin<\/a> avulla.<\/p>\n\n\n\n<p>Etsimme yhteisty\u00f6t\u00e4 viljelyalueiden ja turvealueiden ennallistamisen kehitt\u00e4misess\u00e4 &#8211; <a href=\"https:\/\/sites.uef.fi\/kasvuasammalesta\/yhteystiedot\/\">ota yhteytt\u00e4<\/a>!<\/p>\n\n\n\n<div class=\"links-block\">\n\n            <h3>Ajankohtaista<\/h3>\n    \n    <ul class=\"link-list\">\n            <\/ul>\n<\/div>\n\n\n<ul class=\"wp-block-list\">\n<li>Hankkeen p\u00e4\u00e4t\u00f6stapahtuma <strong>Rahkasammalten kasvatus turvepohjalla &#8211; uusi mahdollisuus kest\u00e4v\u00e4\u00e4n tuotantoon ja ennallistamiseen<\/strong> j\u00e4rjestet\u00e4\u00e4n It\u00e4-Suomen yliopistolla ja Kyyr\u00f6nsuolla <strong>5. toukokuuta<\/strong> <strong>klo 12-15.30<\/strong>\n<ul class=\"wp-block-list\">\n<li><a href=\"https:\/\/sites.uef.fi\/kasvuasammalesta\/rahkasammalten-kasvatus-turvepohjalla-uusi-mahdollisuus-kestavaan-tuotantoon-ja-ennallistamiseen-5-5-2026\/\" id=\"https:\/\/sites.uef.fi\/kasvuasammalesta\/rahkasammalten-kasvatus-turvepohjalla-uusi-mahdollisuus-kestavaan-tuotantoon-ja-ennallistamiseen-5-5-2026\/\">Ohjelma ja ilmoittautuminen<\/a><\/li>\n<\/ul>\n<\/li>\n<\/ul>\n\n\n\n<p><\/p>\n\n\n\n<ul class=\"wp-block-list\">\n<li>16.12.2025 Ty\u00f6pajan <a href=\"https:\/\/sites.uef.fi\/kasvuasammalesta\/videot\/\">alustuspuheet<\/a> julkaistu<\/li>\n\n\n\n<li>Tervetuloa Turvealueiden kosteikkoratkaisujen ilmasto- ja vesist\u00f6vaikutukset -ty\u00f6pajaan 10.12.2025\n<ul class=\"wp-block-list\">\n<li><a href=\"https:\/\/sites.uef.fi\/kasvuasammalesta\/turvealueiden-kosteikkoratkaisujen-ilmasto-ja-vesistovaikutukset-kasvua-sammalesta-pohjois-karjala-sampo-hankkeen-tyopaja-10-12-2025\/\">Ohjelma ja ilmoittautuminen<\/a><\/li>\n<\/ul>\n<\/li>\n\n\n\n<li>2.6.2025 Koulutusp\u00e4iv\u00e4n <a href=\"https:\/\/sites.uef.fi\/kasvuasammalesta\/videot\/\">alustuspuheet katsottavissa<\/a><\/li>\n\n\n\n<li>Seuraa hankkeen <a href=\"https:\/\/www.youtube.com\/channel\/UCltEQfKxvazEJmG_fzP48Tw\">YouTube-kanavaa!<\/a><\/li>\n\n\n\n<li>3.2.2025: <a href=\"https:\/\/sites.uef.fi\/kasvuasammalesta\/hanke-mediassa\/\">Hanke mediassa<\/a><\/li>\n\n\n\n<li>1.10.2024: Rahkasammalp\u00e4iv\u00e4n <a href=\"https:\/\/sites.uef.fi\/kasvuasammalesta\/videot\/\">esitelm\u00e4t katsottavissa<\/a>.<\/li>\n<\/ul>\n\n\n\n<p><\/p>\n\n\n\n<div class=\"links-block\">\n\n    \n    <ul class=\"link-list\">\n            <\/ul>\n<\/div>\n\n    <div class=\"funders grid\">\n                        <a href=\"https:\/\/uefconnect.uef.fi\/tutkimusryhma\/kasvua-sammalesta-pohjois-karjala-sampo\/#information\" class=\"funders__link grid__item hover-scale-down\" title=\"Hanke UEF Connectissa\">\n                            <div class=\"funders__image\">\n                    <img decoding=\"async\" src=\"https:\/\/sites.uef.fi\/kasvuasammalesta\/wp-content\/uploads\/sites\/459\/2024\/02\/UEF-musta-logo-engl-pysty-scaled.jpg\" alt=\"UEF Connect\" \/>\n                <\/div>\n                                    <p class=\"funders__description\">Hanke UEF Connectissa<\/p>\n                                                    <div class=\"funders__arrow\">\n                    <svg xmlns=\"http:\/\/www.w3.org\/2000\/svg\" height=\"25px\" viewBox=\"0 -960 960 960\" width=\"24px\" ><path fill=\"currentColor\" d=\"M200-120q-33 0-56.5-23.5T120-200v-560q0-33 23.5-56.5T200-840h280v80H200v560h560v-280h80v280q0 33-23.5 56.5T760-120H200Zm188-212-56-56 372-372H560v-80h280v280h-80v-144L388-332Z\"\/><\/svg>                    <\/div>\n                <\/a>\n                            \n                        <div class=\"funders__item grid__item\">\n                            <div class=\"funders__image\">\n                    <img decoding=\"async\" src=\"https:\/\/sites.uef.fi\/kasvuasammalesta\/wp-content\/uploads\/sites\/459\/2024\/02\/Co-fundedbyEU_FI-768x877-1.png\" alt=\"Euroopan unionin osarahoittama\" \/>\n                <\/div>\n                                                <\/div>\n                        \n                        <a href=\"https:\/\/pohjois-karjala.fi\/\" class=\"funders__link grid__item hover-scale-down\" title=\"\">\n                            <div class=\"funders__image\">\n                    <img decoding=\"async\" src=\"https:\/\/sites.uef.fi\/kasvuasammalesta\/wp-content\/uploads\/sites\/459\/2024\/02\/maakuntaliittologo.jpg\" alt=\"Pohjois-Karjalan Maakuntaliitto\" \/>\n                <\/div>\n                                                    <div class=\"funders__arrow\">\n                    <svg xmlns=\"http:\/\/www.w3.org\/2000\/svg\" height=\"25px\" viewBox=\"0 -960 960 960\" width=\"24px\" ><path fill=\"currentColor\" d=\"M200-120q-33 0-56.5-23.5T120-200v-560q0-33 23.5-56.5T200-840h280v80H200v560h560v-280h80v280q0 33-23.5 56.5T760-120H200Zm188-212-56-56 372-372H560v-80h280v280h-80v-144L388-332Z\"\/><\/svg>                    <\/div>\n                <\/a>\n                            \n            <\/div>\n\n\n\n<div class=\"links-block\">\n\n    \n    <ul class=\"link-list\">\n            <\/ul>\n<\/div>","protected":false},"excerpt":{"rendered":"<p>Kasvua sammalesta Pohjois-Karjala on It\u00e4-Suomen yliopiston JTF-hanke (1.1.2024-31.5.2026), joka kehitt\u00e4\u00e4 rahkasammalten kasvatusta entisill\u00e4 turvetuotantoalueilla. Kasvatuksella tavoitellaan ratkaisua kasvuturpeen korvaamiseksi uusiutuvalla sammalbiomassan tuotannolla. Hankkeen pilottialueilla kehitet\u00e4\u00e4n ratkaisuja kasvatusalueiden perustust\u00f6ihin, vesitalouden hallintaan ja kasvun optimointiin. Kasvuolosuhteita selvitet\u00e4\u00e4n my\u00f6s kasvihuoneoloissa. Viljelyalueiden sijoittumista suokokonaisuuksiin selvitet\u00e4\u00e4n kaukokartoituksen ja paikkatietoanalyysin avulla. Etsimme yhteisty\u00f6t\u00e4 viljelyalueiden ja turvealueiden ennallistamisen kehitt\u00e4misess\u00e4 &#8211; ota yhteytt\u00e4!<\/p>\n","protected":false},"author":2,"featured_media":0,"parent":0,"menu_order":0,"comment_status":"closed","ping_status":"closed","template":"","meta":{"_acf_changed":false,"footnotes":""},"class_list":["post-228","page","type-page","status-publish","hentry"],"acf":[],"yoast_head":"<!-- This site is optimized with the Yoast SEO plugin v27.1.1 - https:\/\/yoast.com\/product\/yoast-seo-wordpress\/ -->\n<title>Etusivu - Kasvua sammalesta Pohjois-Karjala<\/title>\n<meta name=\"robots\" content=\"index, follow, max-snippet:-1, max-image-preview:large, max-video-preview:-1\" \/>\n<link rel=\"canonical\" href=\"https:\/\/sites.uef.fi\/kasvuasammalesta\/\" \/>\n<meta property=\"og:locale\" content=\"fi_FI\" \/>\n<meta property=\"og:type\" content=\"article\" \/>\n<meta property=\"og:title\" content=\"Etusivu - Kasvua sammalesta Pohjois-Karjala\" \/>\n<meta property=\"og:description\" content=\"Kasvua sammalesta Pohjois-Karjala on It\u00e4-Suomen yliopiston JTF-hanke (1.1.2024-31.5.2026), joka kehitt\u00e4\u00e4 rahkasammalten kasvatusta entisill\u00e4 turvetuotantoalueilla. Kasvatuksella tavoitellaan ratkaisua kasvuturpeen korvaamiseksi uusiutuvalla sammalbiomassan tuotannolla. Hankkeen pilottialueilla kehitet\u00e4\u00e4n ratkaisuja kasvatusalueiden perustust\u00f6ihin, vesitalouden hallintaan ja kasvun optimointiin. Kasvuolosuhteita selvitet\u00e4\u00e4n my\u00f6s kasvihuoneoloissa. Viljelyalueiden sijoittumista suokokonaisuuksiin selvitet\u00e4\u00e4n kaukokartoituksen ja paikkatietoanalyysin avulla. Etsimme yhteisty\u00f6t\u00e4 viljelyalueiden ja turvealueiden ennallistamisen kehitt\u00e4misess\u00e4 &#8211; ota yhteytt\u00e4!\" \/>\n<meta property=\"og:url\" content=\"https:\/\/sites.uef.fi\/kasvuasammalesta\/\" \/>\n<meta property=\"og:site_name\" content=\"Kasvua sammalesta Pohjois-Karjala\" \/>\n<meta property=\"article:modified_time\" content=\"2026-03-31T11:21:09+00:00\" \/>\n<meta name=\"twitter:card\" content=\"summary_large_image\" \/>\n<meta name=\"twitter:label1\" content=\"Arvioitu lukuaika\" \/>\n\t<meta name=\"twitter:data1\" content=\"1 minuutti\" \/>\n<script type=\"application\/ld+json\" class=\"yoast-schema-graph\">{\"@context\":\"https:\/\/schema.org\",\"@graph\":[{\"@type\":\"WebPage\",\"@id\":\"https:\/\/sites.uef.fi\/kasvuasammalesta\/\",\"url\":\"https:\/\/sites.uef.fi\/kasvuasammalesta\/\",\"name\":\"Etusivu - Kasvua sammalesta Pohjois-Karjala\",\"isPartOf\":{\"@id\":\"https:\/\/sites.uef.fi\/kasvuasammalesta\/#website\"},\"datePublished\":\"2024-02-01T13:24:31+00:00\",\"dateModified\":\"2026-03-31T11:21:09+00:00\",\"breadcrumb\":{\"@id\":\"https:\/\/sites.uef.fi\/kasvuasammalesta\/#breadcrumb\"},\"inLanguage\":\"fi\",\"potentialAction\":[{\"@type\":\"ReadAction\",\"target\":[\"https:\/\/sites.uef.fi\/kasvuasammalesta\/\"]}]},{\"@type\":\"BreadcrumbList\",\"@id\":\"https:\/\/sites.uef.fi\/kasvuasammalesta\/#breadcrumb\",\"itemListElement\":[{\"@type\":\"ListItem\",\"position\":1,\"name\":\"Home\",\"item\":\"https:\/\/sites.uef.fi\/kasvuasammalesta\/\"},{\"@type\":\"ListItem\",\"position\":2,\"name\":\"Etusivu\"}]},{\"@type\":\"WebSite\",\"@id\":\"https:\/\/sites.uef.fi\/kasvuasammalesta\/#website\",\"url\":\"https:\/\/sites.uef.fi\/kasvuasammalesta\/\",\"name\":\"Kasvua sammalesta Pohjois-Karjala\",\"description\":\"\",\"potentialAction\":[{\"@type\":\"SearchAction\",\"target\":{\"@type\":\"EntryPoint\",\"urlTemplate\":\"https:\/\/sites.uef.fi\/kasvuasammalesta\/?s={search_term_string}\"},\"query-input\":{\"@type\":\"PropertyValueSpecification\",\"valueRequired\":true,\"valueName\":\"search_term_string\"}}],\"inLanguage\":\"fi\"}]}<\/script>\n<!-- \/ Yoast SEO plugin. -->","yoast_head_json":{"title":"Etusivu - Kasvua sammalesta Pohjois-Karjala","robots":{"index":"index","follow":"follow","max-snippet":"max-snippet:-1","max-image-preview":"max-image-preview:large","max-video-preview":"max-video-preview:-1"},"canonical":"https:\/\/sites.uef.fi\/kasvuasammalesta\/","og_locale":"fi_FI","og_type":"article","og_title":"Etusivu - Kasvua sammalesta Pohjois-Karjala","og_description":"Kasvua sammalesta Pohjois-Karjala on It\u00e4-Suomen yliopiston JTF-hanke (1.1.2024-31.5.2026), joka kehitt\u00e4\u00e4 rahkasammalten kasvatusta entisill\u00e4 turvetuotantoalueilla. Kasvatuksella tavoitellaan ratkaisua kasvuturpeen korvaamiseksi uusiutuvalla sammalbiomassan tuotannolla. Hankkeen pilottialueilla kehitet\u00e4\u00e4n ratkaisuja kasvatusalueiden perustust\u00f6ihin, vesitalouden hallintaan ja kasvun optimointiin. Kasvuolosuhteita selvitet\u00e4\u00e4n my\u00f6s kasvihuoneoloissa. Viljelyalueiden sijoittumista suokokonaisuuksiin selvitet\u00e4\u00e4n kaukokartoituksen ja paikkatietoanalyysin avulla. Etsimme yhteisty\u00f6t\u00e4 viljelyalueiden ja turvealueiden ennallistamisen kehitt\u00e4misess\u00e4 &#8211; ota yhteytt\u00e4!","og_url":"https:\/\/sites.uef.fi\/kasvuasammalesta\/","og_site_name":"Kasvua sammalesta Pohjois-Karjala","article_modified_time":"2026-03-31T11:21:09+00:00","twitter_card":"summary_large_image","twitter_misc":{"Arvioitu lukuaika":"1 minuutti"},"schema":{"@context":"https:\/\/schema.org","@graph":[{"@type":"WebPage","@id":"https:\/\/sites.uef.fi\/kasvuasammalesta\/","url":"https:\/\/sites.uef.fi\/kasvuasammalesta\/","name":"Etusivu - Kasvua sammalesta Pohjois-Karjala","isPartOf":{"@id":"https:\/\/sites.uef.fi\/kasvuasammalesta\/#website"},"datePublished":"2024-02-01T13:24:31+00:00","dateModified":"2026-03-31T11:21:09+00:00","breadcrumb":{"@id":"https:\/\/sites.uef.fi\/kasvuasammalesta\/#breadcrumb"},"inLanguage":"fi","potentialAction":[{"@type":"ReadAction","target":["https:\/\/sites.uef.fi\/kasvuasammalesta\/"]}]},{"@type":"BreadcrumbList","@id":"https:\/\/sites.uef.fi\/kasvuasammalesta\/#breadcrumb","itemListElement":[{"@type":"ListItem","position":1,"name":"Home","item":"https:\/\/sites.uef.fi\/kasvuasammalesta\/"},{"@type":"ListItem","position":2,"name":"Etusivu"}]},{"@type":"WebSite","@id":"https:\/\/sites.uef.fi\/kasvuasammalesta\/#website","url":"https:\/\/sites.uef.fi\/kasvuasammalesta\/","name":"Kasvua sammalesta Pohjois-Karjala","description":"","potentialAction":[{"@type":"SearchAction","target":{"@type":"EntryPoint","urlTemplate":"https:\/\/sites.uef.fi\/kasvuasammalesta\/?s={search_term_string}"},"query-input":{"@type":"PropertyValueSpecification","valueRequired":true,"valueName":"search_term_string"}}],"inLanguage":"fi"}]}},"_links":{"self":[{"href":"https:\/\/sites.uef.fi\/kasvuasammalesta\/wp-json\/wp\/v2\/pages\/228","targetHints":{"allow":["GET"]}}],"collection":[{"href":"https:\/\/sites.uef.fi\/kasvuasammalesta\/wp-json\/wp\/v2\/pages"}],"about":[{"href":"https:\/\/sites.uef.fi\/kasvuasammalesta\/wp-json\/wp\/v2\/types\/page"}],"author":[{"embeddable":true,"href":"https:\/\/sites.uef.fi\/kasvuasammalesta\/wp-json\/wp\/v2\/users\/2"}],"replies":[{"embeddable":true,"href":"https:\/\/sites.uef.fi\/kasvuasammalesta\/wp-json\/wp\/v2\/comments?post=228"}],"version-history":[{"count":2,"href":"https:\/\/sites.uef.fi\/kasvuasammalesta\/wp-json\/wp\/v2\/pages\/228\/revisions"}],"predecessor-version":[{"id":1560,"href":"https:\/\/sites.uef.fi\/kasvuasammalesta\/wp-json\/wp\/v2\/pages\/228\/revisions\/1560"}],"wp:attachment":[{"href":"https:\/\/sites.uef.fi\/kasvuasammalesta\/wp-json\/wp\/v2\/media?parent=228"}],"curies":[{"name":"wp","href":"https:\/\/api.w.org\/{rel}","templated":true}]}}