{"id":262,"date":"2024-02-02T08:45:05","date_gmt":"2024-02-02T06:45:05","guid":{"rendered":"https:\/\/sites.uef.fi\/kasvuasammalesta\/?page_id=262"},"modified":"2024-03-12T09:31:19","modified_gmt":"2024-03-12T07:31:19","slug":"262-2","status":"publish","type":"page","link":"https:\/\/sites.uef.fi\/kasvuasammalesta\/262-2\/","title":{"rendered":"Esittely"},"content":{"rendered":"\n<p>Hanketta toteuttavat It\u00e4-Suomen yliopiston Ymp\u00e4rist\u00f6- ja biotieteiden laitos sek\u00e4 Historia- ja maantieteiden laitos. <\/p>\n\n\n\n<p>Hankkeen tavoitteena on rahkasammalen ekologisesti kest\u00e4v\u00e4n viljelyn kehitt\u00e4minen, joka minimoi ilmasto- ja vesist\u00f6p\u00e4\u00e4st\u00f6j\u00e4, pyrkien kohti hiilen ja ravinteiden nieluvaikutusta. Toiminta edist\u00e4\u00e4 ilmasto- ja vesist\u00f6tavoitteita sek\u00e4 luonnon monimuotoisuuden suojelua ja ennallistamista suokokonaisuuksissa, joille toiminta sijoittuu, keskittyen rahkasammalmateriaaliin perustuvaan uuteen tuotantoon, joka korvaa v\u00e4istyv\u00e4\u00e4 turvetuotantoa. Rahkasammalen kosteikkoviljelyn sovellus entisten turvesoiden muuttamilla suoalueilla on hankkeessa kehitett\u00e4v\u00e4 uusi innovaatio, jonka avulla aiemmin turvetuotantoon perustunutta elinkeinotoimintaa voidaan uudistaa kest\u00e4v\u00e4n kehityksen periaatteita noudattaen. <\/p>\n\n\n\n<p>Hankkeessa pilotoidaan ja kehitet\u00e4\u00e4n toimivia k\u00e4yt\u00e4nt\u00f6j\u00e4 rahkasammalten kasvatusalueiden perustust\u00f6ihin, vesitalouden hallintaan ja kasvun optimointiin. Lis\u00e4ksi selvitet\u00e4\u00e4n eri k\u00e4ytt\u00f6muodoille parhaiten soveltuvien kohteiden tunnistamista sek\u00e4 yhteensovittamista rahkasammalen kasvatuksen kanssa. Tehokkaiden ja ymp\u00e4rist\u00f6yst\u00e4v\u00e4llisten viljelymenetelmien kehitt\u00e4minen rahkasammalentuotantoon on t\u00e4rke\u00e4\u00e4 erityisesti puutarhatalouden kannalta, miss\u00e4 turvetta korvaaville kasvualustoille on suuri tarve. Kasvua sammalesta -hanke tarjoaa jatkuvuutta ja uusia kehitysmahdollisuuksia turvealueiden ja turvemateriaalien k\u00e4ytt\u00f6\u00f6n pohjautuneille toimialoille.<\/p>\n\n\n\n<div class=\"links-block\">\n\n    \n    <ul class=\"link-list\">\n        \n            \n            <li class=\"link-list-item\">\n                <a href=\"https:\/\/sites.uef.fi\/kasvuasammalesta\/wp-content\/uploads\/sites\/459\/2024\/02\/Kasvuasammalesta_yleistieto060224-1.pdf\" class=\"link-reset link hover-scale-down\">\n                    <svg\n        width=\"43\" height=\"25\"\n        viewBox=\"0 0 43 25\"\n        xmlns=\"http:\/\/www.w3.org\/2000\/svg\">\n    <path\n        d=\"M30.027 0 43 12.5 30.027 25 27 22.083 34.351 15H0v-5h34.351L27 2.917z\"\n        fill=\"currentColor\"\n        fill-rule=\"evenodd\"\/>\n<\/svg>                    <div>Hankkeen yleisesittely (pdf)<\/div>\n                <\/a>\n                <div class=\"link-info\">\n                                    <\/div>\n            <\/li>\n\n                <\/ul>\n<\/div>\n\n\n<figure class=\"wp-block-image size-full is-resized\"><img loading=\"lazy\" decoding=\"async\" width=\"643\" height=\"803\" src=\"https:\/\/sites.uef.fi\/kasvuasammalesta\/wp-content\/uploads\/sites\/459\/2024\/03\/Picture1.jpg\" alt=\"Nippu rahkasammalta\" class=\"wp-image-1016\" style=\"width:810px;height:auto\" srcset=\"https:\/\/sites.uef.fi\/kasvuasammalesta\/wp-content\/uploads\/sites\/459\/2024\/03\/Picture1.jpg 643w, https:\/\/sites.uef.fi\/kasvuasammalesta\/wp-content\/uploads\/sites\/459\/2024\/03\/Picture1-240x300.jpg 240w\" sizes=\"auto, (max-width: 643px) 100vw, 643px\" \/><\/figure>\n\n\n\n<p>Hanketta rahoitetaan Oikeudenmukaisen siirtym\u00e4n rahastosta (JTF). <\/p>\n\n\n    <div class=\"funders grid\">\n                        <div class=\"funders__item grid__item\">\n                            <div class=\"funders__image\">\n                    <img decoding=\"async\" src=\"https:\/\/sites.uef.fi\/kasvuasammalesta\/wp-content\/uploads\/sites\/459\/2024\/02\/Co-fundedbyEU_FI-768x877-1.png\" alt=\"Euroopan unionin osarahoittama\" \/>\n                <\/div>\n                                                <\/div>\n                        \n                        <a href=\"https:\/\/pohjois-karjala.fi\/\" class=\"funders__link grid__item hover-scale-down\" title=\"\">\n                            <div class=\"funders__image\">\n                    <img decoding=\"async\" src=\"https:\/\/sites.uef.fi\/kasvuasammalesta\/wp-content\/uploads\/sites\/459\/2024\/02\/maakuntaliittologo.jpg\" alt=\"Pohjois-Karjalan Maakuntaliitto\" \/>\n                <\/div>\n                                                    <div class=\"funders__arrow\">\n                    <svg xmlns=\"http:\/\/www.w3.org\/2000\/svg\" height=\"25px\" viewBox=\"0 -960 960 960\" width=\"24px\" ><path fill=\"currentColor\" d=\"M200-120q-33 0-56.5-23.5T120-200v-560q0-33 23.5-56.5T200-840h280v80H200v560h560v-280h80v280q0 33-23.5 56.5T760-120H200Zm188-212-56-56 372-372H560v-80h280v280h-80v-144L388-332Z\"\/><\/svg>                    <\/div>\n                <\/a>\n                            \n            <\/div>\n","protected":false},"excerpt":{"rendered":"<p>Hanketta toteuttavat It\u00e4-Suomen yliopiston Ymp\u00e4rist\u00f6- ja biotieteiden laitos sek\u00e4 Historia- ja maantieteiden laitos. Hankkeen tavoitteena on rahkasammalen ekologisesti kest\u00e4v\u00e4n viljelyn kehitt\u00e4minen, joka minimoi ilmasto- ja vesist\u00f6p\u00e4\u00e4st\u00f6j\u00e4, pyrkien kohti hiilen ja ravinteiden nieluvaikutusta. Toiminta edist\u00e4\u00e4 ilmasto- ja vesist\u00f6tavoitteita sek\u00e4 luonnon monimuotoisuuden suojelua ja ennallistamista suokokonaisuuksissa, joille toiminta sijoittuu, keskittyen rahkasammalmateriaaliin perustuvaan uuteen tuotantoon, joka korvaa v\u00e4istyv\u00e4\u00e4 [&hellip;]<\/p>\n","protected":false},"author":1075,"featured_media":0,"parent":0,"menu_order":0,"comment_status":"closed","ping_status":"closed","template":"","meta":{"_acf_changed":false,"footnotes":""},"class_list":["post-262","page","type-page","status-publish","hentry"],"acf":[],"yoast_head":"<!-- This site is optimized with the Yoast SEO plugin v27.1.1 - https:\/\/yoast.com\/product\/yoast-seo-wordpress\/ -->\n<title>Esittely - Kasvua sammalesta Pohjois-Karjala<\/title>\n<meta name=\"robots\" content=\"index, follow, max-snippet:-1, max-image-preview:large, max-video-preview:-1\" \/>\n<link rel=\"canonical\" href=\"https:\/\/sites.uef.fi\/kasvuasammalesta\/262-2\/\" \/>\n<meta property=\"og:locale\" content=\"fi_FI\" \/>\n<meta property=\"og:type\" content=\"article\" \/>\n<meta property=\"og:title\" content=\"Esittely - Kasvua sammalesta Pohjois-Karjala\" \/>\n<meta property=\"og:description\" content=\"Hanketta toteuttavat It\u00e4-Suomen yliopiston Ymp\u00e4rist\u00f6- ja biotieteiden laitos sek\u00e4 Historia- ja maantieteiden laitos. Hankkeen tavoitteena on rahkasammalen ekologisesti kest\u00e4v\u00e4n viljelyn kehitt\u00e4minen, joka minimoi ilmasto- ja vesist\u00f6p\u00e4\u00e4st\u00f6j\u00e4, pyrkien kohti hiilen ja ravinteiden nieluvaikutusta. Toiminta edist\u00e4\u00e4 ilmasto- ja vesist\u00f6tavoitteita sek\u00e4 luonnon monimuotoisuuden suojelua ja ennallistamista suokokonaisuuksissa, joille toiminta sijoittuu, keskittyen rahkasammalmateriaaliin perustuvaan uuteen tuotantoon, joka korvaa v\u00e4istyv\u00e4\u00e4 [&hellip;]\" \/>\n<meta property=\"og:url\" content=\"https:\/\/sites.uef.fi\/kasvuasammalesta\/262-2\/\" \/>\n<meta property=\"og:site_name\" content=\"Kasvua sammalesta Pohjois-Karjala\" \/>\n<meta property=\"article:modified_time\" content=\"2024-03-12T07:31:19+00:00\" \/>\n<meta property=\"og:image\" content=\"https:\/\/sites.uef.fi\/kasvuasammalesta\/wp-content\/uploads\/sites\/459\/2024\/03\/Picture1.jpg\" \/>\n<meta name=\"twitter:card\" content=\"summary_large_image\" \/>\n<meta name=\"twitter:label1\" content=\"Arvioitu lukuaika\" \/>\n\t<meta name=\"twitter:data1\" content=\"2 minuuttia\" \/>\n<script type=\"application\/ld+json\" class=\"yoast-schema-graph\">{\"@context\":\"https:\/\/schema.org\",\"@graph\":[{\"@type\":\"WebPage\",\"@id\":\"https:\/\/sites.uef.fi\/kasvuasammalesta\/262-2\/\",\"url\":\"https:\/\/sites.uef.fi\/kasvuasammalesta\/262-2\/\",\"name\":\"Esittely - Kasvua sammalesta Pohjois-Karjala\",\"isPartOf\":{\"@id\":\"https:\/\/sites.uef.fi\/kasvuasammalesta\/#website\"},\"primaryImageOfPage\":{\"@id\":\"https:\/\/sites.uef.fi\/kasvuasammalesta\/262-2\/#primaryimage\"},\"image\":{\"@id\":\"https:\/\/sites.uef.fi\/kasvuasammalesta\/262-2\/#primaryimage\"},\"thumbnailUrl\":\"https:\/\/sites.uef.fi\/kasvuasammalesta\/wp-content\/uploads\/sites\/459\/2024\/03\/Picture1.jpg\",\"datePublished\":\"2024-02-02T06:45:05+00:00\",\"dateModified\":\"2024-03-12T07:31:19+00:00\",\"breadcrumb\":{\"@id\":\"https:\/\/sites.uef.fi\/kasvuasammalesta\/262-2\/#breadcrumb\"},\"inLanguage\":\"fi\",\"potentialAction\":[{\"@type\":\"ReadAction\",\"target\":[\"https:\/\/sites.uef.fi\/kasvuasammalesta\/262-2\/\"]}]},{\"@type\":\"ImageObject\",\"inLanguage\":\"fi\",\"@id\":\"https:\/\/sites.uef.fi\/kasvuasammalesta\/262-2\/#primaryimage\",\"url\":\"https:\/\/sites.uef.fi\/kasvuasammalesta\/wp-content\/uploads\/sites\/459\/2024\/03\/Picture1.jpg\",\"contentUrl\":\"https:\/\/sites.uef.fi\/kasvuasammalesta\/wp-content\/uploads\/sites\/459\/2024\/03\/Picture1.jpg\",\"width\":643,\"height\":803,\"caption\":\"Nippu rahkasammalta\"},{\"@type\":\"BreadcrumbList\",\"@id\":\"https:\/\/sites.uef.fi\/kasvuasammalesta\/262-2\/#breadcrumb\",\"itemListElement\":[{\"@type\":\"ListItem\",\"position\":1,\"name\":\"Home\",\"item\":\"https:\/\/sites.uef.fi\/kasvuasammalesta\/\"},{\"@type\":\"ListItem\",\"position\":2,\"name\":\"Esittely\"}]},{\"@type\":\"WebSite\",\"@id\":\"https:\/\/sites.uef.fi\/kasvuasammalesta\/#website\",\"url\":\"https:\/\/sites.uef.fi\/kasvuasammalesta\/\",\"name\":\"Kasvua sammalesta Pohjois-Karjala\",\"description\":\"\",\"potentialAction\":[{\"@type\":\"SearchAction\",\"target\":{\"@type\":\"EntryPoint\",\"urlTemplate\":\"https:\/\/sites.uef.fi\/kasvuasammalesta\/?s={search_term_string}\"},\"query-input\":{\"@type\":\"PropertyValueSpecification\",\"valueRequired\":true,\"valueName\":\"search_term_string\"}}],\"inLanguage\":\"fi\"}]}<\/script>\n<!-- \/ Yoast SEO plugin. -->","yoast_head_json":{"title":"Esittely - Kasvua sammalesta Pohjois-Karjala","robots":{"index":"index","follow":"follow","max-snippet":"max-snippet:-1","max-image-preview":"max-image-preview:large","max-video-preview":"max-video-preview:-1"},"canonical":"https:\/\/sites.uef.fi\/kasvuasammalesta\/262-2\/","og_locale":"fi_FI","og_type":"article","og_title":"Esittely - Kasvua sammalesta Pohjois-Karjala","og_description":"Hanketta toteuttavat It\u00e4-Suomen yliopiston Ymp\u00e4rist\u00f6- ja biotieteiden laitos sek\u00e4 Historia- ja maantieteiden laitos. Hankkeen tavoitteena on rahkasammalen ekologisesti kest\u00e4v\u00e4n viljelyn kehitt\u00e4minen, joka minimoi ilmasto- ja vesist\u00f6p\u00e4\u00e4st\u00f6j\u00e4, pyrkien kohti hiilen ja ravinteiden nieluvaikutusta. Toiminta edist\u00e4\u00e4 ilmasto- ja vesist\u00f6tavoitteita sek\u00e4 luonnon monimuotoisuuden suojelua ja ennallistamista suokokonaisuuksissa, joille toiminta sijoittuu, keskittyen rahkasammalmateriaaliin perustuvaan uuteen tuotantoon, joka korvaa v\u00e4istyv\u00e4\u00e4 [&hellip;]","og_url":"https:\/\/sites.uef.fi\/kasvuasammalesta\/262-2\/","og_site_name":"Kasvua sammalesta Pohjois-Karjala","article_modified_time":"2024-03-12T07:31:19+00:00","og_image":[{"url":"https:\/\/sites.uef.fi\/kasvuasammalesta\/wp-content\/uploads\/sites\/459\/2024\/03\/Picture1.jpg","type":"","width":"","height":""}],"twitter_card":"summary_large_image","twitter_misc":{"Arvioitu lukuaika":"2 minuuttia"},"schema":{"@context":"https:\/\/schema.org","@graph":[{"@type":"WebPage","@id":"https:\/\/sites.uef.fi\/kasvuasammalesta\/262-2\/","url":"https:\/\/sites.uef.fi\/kasvuasammalesta\/262-2\/","name":"Esittely - Kasvua sammalesta Pohjois-Karjala","isPartOf":{"@id":"https:\/\/sites.uef.fi\/kasvuasammalesta\/#website"},"primaryImageOfPage":{"@id":"https:\/\/sites.uef.fi\/kasvuasammalesta\/262-2\/#primaryimage"},"image":{"@id":"https:\/\/sites.uef.fi\/kasvuasammalesta\/262-2\/#primaryimage"},"thumbnailUrl":"https:\/\/sites.uef.fi\/kasvuasammalesta\/wp-content\/uploads\/sites\/459\/2024\/03\/Picture1.jpg","datePublished":"2024-02-02T06:45:05+00:00","dateModified":"2024-03-12T07:31:19+00:00","breadcrumb":{"@id":"https:\/\/sites.uef.fi\/kasvuasammalesta\/262-2\/#breadcrumb"},"inLanguage":"fi","potentialAction":[{"@type":"ReadAction","target":["https:\/\/sites.uef.fi\/kasvuasammalesta\/262-2\/"]}]},{"@type":"ImageObject","inLanguage":"fi","@id":"https:\/\/sites.uef.fi\/kasvuasammalesta\/262-2\/#primaryimage","url":"https:\/\/sites.uef.fi\/kasvuasammalesta\/wp-content\/uploads\/sites\/459\/2024\/03\/Picture1.jpg","contentUrl":"https:\/\/sites.uef.fi\/kasvuasammalesta\/wp-content\/uploads\/sites\/459\/2024\/03\/Picture1.jpg","width":643,"height":803,"caption":"Nippu rahkasammalta"},{"@type":"BreadcrumbList","@id":"https:\/\/sites.uef.fi\/kasvuasammalesta\/262-2\/#breadcrumb","itemListElement":[{"@type":"ListItem","position":1,"name":"Home","item":"https:\/\/sites.uef.fi\/kasvuasammalesta\/"},{"@type":"ListItem","position":2,"name":"Esittely"}]},{"@type":"WebSite","@id":"https:\/\/sites.uef.fi\/kasvuasammalesta\/#website","url":"https:\/\/sites.uef.fi\/kasvuasammalesta\/","name":"Kasvua sammalesta Pohjois-Karjala","description":"","potentialAction":[{"@type":"SearchAction","target":{"@type":"EntryPoint","urlTemplate":"https:\/\/sites.uef.fi\/kasvuasammalesta\/?s={search_term_string}"},"query-input":{"@type":"PropertyValueSpecification","valueRequired":true,"valueName":"search_term_string"}}],"inLanguage":"fi"}]}},"_links":{"self":[{"href":"https:\/\/sites.uef.fi\/kasvuasammalesta\/wp-json\/wp\/v2\/pages\/262","targetHints":{"allow":["GET"]}}],"collection":[{"href":"https:\/\/sites.uef.fi\/kasvuasammalesta\/wp-json\/wp\/v2\/pages"}],"about":[{"href":"https:\/\/sites.uef.fi\/kasvuasammalesta\/wp-json\/wp\/v2\/types\/page"}],"author":[{"embeddable":true,"href":"https:\/\/sites.uef.fi\/kasvuasammalesta\/wp-json\/wp\/v2\/users\/1075"}],"replies":[{"embeddable":true,"href":"https:\/\/sites.uef.fi\/kasvuasammalesta\/wp-json\/wp\/v2\/comments?post=262"}],"version-history":[{"count":1,"href":"https:\/\/sites.uef.fi\/kasvuasammalesta\/wp-json\/wp\/v2\/pages\/262\/revisions"}],"predecessor-version":[{"id":1022,"href":"https:\/\/sites.uef.fi\/kasvuasammalesta\/wp-json\/wp\/v2\/pages\/262\/revisions\/1022"}],"wp:attachment":[{"href":"https:\/\/sites.uef.fi\/kasvuasammalesta\/wp-json\/wp\/v2\/media?parent=262"}],"curies":[{"name":"wp","href":"https:\/\/api.w.org\/{rel}","templated":true}]}}