{"id":547,"date":"2024-02-05T07:40:17","date_gmt":"2024-02-05T05:40:17","guid":{"rendered":"https:\/\/sites.uef.fi\/kasvuasammalesta\/?page_id=547"},"modified":"2025-03-04T11:38:29","modified_gmt":"2025-03-04T09:38:29","slug":"testilaboratorio","status":"publish","type":"page","link":"https:\/\/sites.uef.fi\/kasvuasammalesta\/testilaboratorio\/","title":{"rendered":"Laboratoriokasvatus"},"content":{"rendered":"\n<p>Hankkeen testilaboratoriossa selvitet\u00e4\u00e4n kontrolloidusti rahkasammalten ideaalisia kasvuolosuhteita mesokosmoksissa, kasvatusp\u00f6yd\u00e4ll\u00e4 sek\u00e4 astiakokeissa.<\/p>\n\n\n\n<p><\/p>\n\n\n\t<div id=\"accordion-block_4ca54a1c9695f6fbece804f534f72503\" class=\"accordions\">\n\t\t\t\t\t<div class=\"accordion accordion-js\">\n\t\t\t\t<button class=\"accordion__button\" aria-controls=\"content-1542\" aria-expanded=\"false\" id=\"accordion-control-1542\">\n\t\t\t\t\t<h3 class=\"accordion__heading\" >\n\t\t\t\t\t\tMesokosmokset\t\t\t\t\t<\/h3>\n\t\t\t\t<\/button>\n\t\t\t\t<div class=\"accordion__content\" role=\"region\" aria-labelledby=\"accordion-control-1542\" aria-hidden=\"true\" id=\"content-1542\">\n\t\t\t\t\t<p>Testilaboratorion mesokosmoksissa rahkasammalta kasvatetaan luonnonoloja esimerkiksi vesitalouden osalta j\u00e4ljitteleviss\u00e4 olosuhteissa.<\/p>\n<p>Mesokosmokset on rakennettu muokattuihin j\u00e4\u00e4kaappeihin. Rahkasammal kasvaa muovilaatikoissa, jotka on upotettu osin kaapin sis\u00e4lle, ja t\u00e4ytetty turpeella. J\u00e4\u00e4kaappi mahdollistaa turpeen l\u00e4mp\u00f6tilan pysymisen luonnollisena.<\/p>\n<p><img loading=\"lazy\" decoding=\"async\" class=\"alignnone size-large wp-image-1222\" src=\"https:\/\/sites.uef.fi\/kasvuasammalesta\/wp-content\/uploads\/sites\/459\/2025\/02\/20240802_122120-768x1024.jpg\" alt=\"\" width=\"768\" height=\"1024\" srcset=\"https:\/\/sites.uef.fi\/kasvuasammalesta\/wp-content\/uploads\/sites\/459\/2025\/02\/20240802_122120-768x1024.jpg 768w, https:\/\/sites.uef.fi\/kasvuasammalesta\/wp-content\/uploads\/sites\/459\/2025\/02\/20240802_122120-225x300.jpg 225w, https:\/\/sites.uef.fi\/kasvuasammalesta\/wp-content\/uploads\/sites\/459\/2025\/02\/20240802_122120-1152x1536.jpg 1152w, https:\/\/sites.uef.fi\/kasvuasammalesta\/wp-content\/uploads\/sites\/459\/2025\/02\/20240802_122120-1536x2048.jpg 1536w, https:\/\/sites.uef.fi\/kasvuasammalesta\/wp-content\/uploads\/sites\/459\/2025\/02\/20240802_122120-scaled.jpg 1920w\" sizes=\"auto, (max-width: 768px) 100vw, 768px\" \/><\/p>\n<p><img loading=\"lazy\" decoding=\"async\" class=\"alignnone size-large wp-image-1234\" src=\"https:\/\/sites.uef.fi\/kasvuasammalesta\/wp-content\/uploads\/sites\/459\/2025\/02\/meso-1024x694.jpg\" alt=\"\" width=\"1024\" height=\"694\" srcset=\"https:\/\/sites.uef.fi\/kasvuasammalesta\/wp-content\/uploads\/sites\/459\/2025\/02\/meso-1024x694.jpg 1024w, https:\/\/sites.uef.fi\/kasvuasammalesta\/wp-content\/uploads\/sites\/459\/2025\/02\/meso-300x203.jpg 300w, https:\/\/sites.uef.fi\/kasvuasammalesta\/wp-content\/uploads\/sites\/459\/2025\/02\/meso-768x521.jpg 768w, https:\/\/sites.uef.fi\/kasvuasammalesta\/wp-content\/uploads\/sites\/459\/2025\/02\/meso.jpg 1211w\" sizes=\"auto, (max-width: 1024px) 100vw, 1024px\" \/><\/p>\n<p>Laatikosta on tehty l\u00e4piviennit putkille, jotka johtavat j\u00e4\u00e4kaapin sis\u00e4ll\u00e4 olevaan vesikanisteriin. Se voidaan t\u00e4ytt\u00e4\u00e4 esimerkiksi suovedell\u00e4. Kanisterin sis\u00e4ll\u00e4 on pieni akvaariopumppu.<\/p>\n<p><img loading=\"lazy\" decoding=\"async\" class=\"alignnone size-large wp-image-1230\" src=\"https:\/\/sites.uef.fi\/kasvuasammalesta\/wp-content\/uploads\/sites\/459\/2025\/02\/20240802_122127-768x1024.jpg\" alt=\"\" width=\"768\" height=\"1024\" srcset=\"https:\/\/sites.uef.fi\/kasvuasammalesta\/wp-content\/uploads\/sites\/459\/2025\/02\/20240802_122127-768x1024.jpg 768w, https:\/\/sites.uef.fi\/kasvuasammalesta\/wp-content\/uploads\/sites\/459\/2025\/02\/20240802_122127-225x300.jpg 225w, https:\/\/sites.uef.fi\/kasvuasammalesta\/wp-content\/uploads\/sites\/459\/2025\/02\/20240802_122127-1152x1536.jpg 1152w, https:\/\/sites.uef.fi\/kasvuasammalesta\/wp-content\/uploads\/sites\/459\/2025\/02\/20240802_122127-1536x2048.jpg 1536w, https:\/\/sites.uef.fi\/kasvuasammalesta\/wp-content\/uploads\/sites\/459\/2025\/02\/20240802_122127-scaled.jpg 1920w\" sizes=\"auto, (max-width: 768px) 100vw, 768px\" \/><\/p>\n<p>Vedenpinnan tasoa laatikon ja turpeen sis\u00e4ll\u00e4 s\u00e4\u00e4dell\u00e4\u00e4n liikuteltavalla putkella. Jokaisella mesokosmoksella on oma sadetus. Kasteluveten\u00e4 k\u00e4ytet\u00e4\u00e4n ionivaihdettua vett\u00e4.<\/p>\n<p><img loading=\"lazy\" decoding=\"async\" class=\"alignnone size-large wp-image-1224\" src=\"https:\/\/sites.uef.fi\/kasvuasammalesta\/wp-content\/uploads\/sites\/459\/2025\/02\/20250224_143434-scaled-e1740467388259-1024x903.jpg\" alt=\"\" width=\"1024\" height=\"903\" srcset=\"https:\/\/sites.uef.fi\/kasvuasammalesta\/wp-content\/uploads\/sites\/459\/2025\/02\/20250224_143434-scaled-e1740467388259-1024x903.jpg 1024w, https:\/\/sites.uef.fi\/kasvuasammalesta\/wp-content\/uploads\/sites\/459\/2025\/02\/20250224_143434-scaled-e1740467388259-300x265.jpg 300w, https:\/\/sites.uef.fi\/kasvuasammalesta\/wp-content\/uploads\/sites\/459\/2025\/02\/20250224_143434-scaled-e1740467388259-768x678.jpg 768w, https:\/\/sites.uef.fi\/kasvuasammalesta\/wp-content\/uploads\/sites\/459\/2025\/02\/20250224_143434-scaled-e1740467388259-1536x1355.jpg 1536w, https:\/\/sites.uef.fi\/kasvuasammalesta\/wp-content\/uploads\/sites\/459\/2025\/02\/20250224_143434-scaled-e1740467388259.jpg 1920w\" sizes=\"auto, (max-width: 1024px) 100vw, 1024px\" \/><\/p>\n<p><img loading=\"lazy\" decoding=\"async\" class=\"alignnone size-large wp-image-1226\" src=\"https:\/\/sites.uef.fi\/kasvuasammalesta\/wp-content\/uploads\/sites\/459\/2025\/02\/20250224_142935-1024x768.jpg\" alt=\"\" width=\"1024\" height=\"768\" srcset=\"https:\/\/sites.uef.fi\/kasvuasammalesta\/wp-content\/uploads\/sites\/459\/2025\/02\/20250224_142935-1024x768.jpg 1024w, https:\/\/sites.uef.fi\/kasvuasammalesta\/wp-content\/uploads\/sites\/459\/2025\/02\/20250224_142935-300x225.jpg 300w, https:\/\/sites.uef.fi\/kasvuasammalesta\/wp-content\/uploads\/sites\/459\/2025\/02\/20250224_142935-768x576.jpg 768w, https:\/\/sites.uef.fi\/kasvuasammalesta\/wp-content\/uploads\/sites\/459\/2025\/02\/20250224_142935-1536x1152.jpg 1536w, https:\/\/sites.uef.fi\/kasvuasammalesta\/wp-content\/uploads\/sites\/459\/2025\/02\/20250224_142935-2048x1536.jpg 2048w\" sizes=\"auto, (max-width: 1024px) 100vw, 1024px\" \/><\/p>\n<p>Kiertovesikanisteri on yhdistetty ylivuotokanisteriin, joka t\u00e4yttyy sadetuksen ollessa suurta.<\/p>\n<p><img loading=\"lazy\" decoding=\"async\" class=\"alignnone size-large wp-image-1228\" src=\"https:\/\/sites.uef.fi\/kasvuasammalesta\/wp-content\/uploads\/sites\/459\/2025\/02\/20250224_143914-scaled-e1740467711309-1024x961.jpg\" alt=\"\" width=\"1024\" height=\"961\" srcset=\"https:\/\/sites.uef.fi\/kasvuasammalesta\/wp-content\/uploads\/sites\/459\/2025\/02\/20250224_143914-scaled-e1740467711309-1024x961.jpg 1024w, https:\/\/sites.uef.fi\/kasvuasammalesta\/wp-content\/uploads\/sites\/459\/2025\/02\/20250224_143914-scaled-e1740467711309-300x282.jpg 300w, https:\/\/sites.uef.fi\/kasvuasammalesta\/wp-content\/uploads\/sites\/459\/2025\/02\/20250224_143914-scaled-e1740467711309-768x721.jpg 768w, https:\/\/sites.uef.fi\/kasvuasammalesta\/wp-content\/uploads\/sites\/459\/2025\/02\/20250224_143914-scaled-e1740467711309-1536x1441.jpg 1536w, https:\/\/sites.uef.fi\/kasvuasammalesta\/wp-content\/uploads\/sites\/459\/2025\/02\/20250224_143914-scaled-e1740467711309.jpg 1865w\" sizes=\"auto, (max-width: 1024px) 100vw, 1024px\" \/><\/p>\n<p>Sadetus, veden pumppaus ja kaapin l\u00e4mp\u00f6tila ovat s\u00e4\u00e4dett\u00e4viss\u00e4. L\u00e4mp\u00f6tilaa, kosteutta, pH:ta ja s\u00e4hk\u00f6njohtokyky\u00e4 mitataan automatisoidusti.<\/p>\n<p><img loading=\"lazy\" decoding=\"async\" class=\"alignnone size-large wp-image-1232\" src=\"https:\/\/sites.uef.fi\/kasvuasammalesta\/wp-content\/uploads\/sites\/459\/2025\/02\/20241119_132534-768x1024.jpg\" alt=\"\" width=\"768\" height=\"1024\" srcset=\"https:\/\/sites.uef.fi\/kasvuasammalesta\/wp-content\/uploads\/sites\/459\/2025\/02\/20241119_132534-768x1024.jpg 768w, https:\/\/sites.uef.fi\/kasvuasammalesta\/wp-content\/uploads\/sites\/459\/2025\/02\/20241119_132534-225x300.jpg 225w, https:\/\/sites.uef.fi\/kasvuasammalesta\/wp-content\/uploads\/sites\/459\/2025\/02\/20241119_132534-1152x1536.jpg 1152w, https:\/\/sites.uef.fi\/kasvuasammalesta\/wp-content\/uploads\/sites\/459\/2025\/02\/20241119_132534-1536x2048.jpg 1536w, https:\/\/sites.uef.fi\/kasvuasammalesta\/wp-content\/uploads\/sites\/459\/2025\/02\/20241119_132534-scaled.jpg 1920w\" sizes=\"auto, (max-width: 768px) 100vw, 768px\" \/><\/p>\n\t\t\t\t<\/div>\n\t\t\t<\/div>\n\t\t\t\t\t<div class=\"accordion accordion-js\">\n\t\t\t\t<button class=\"accordion__button\" aria-controls=\"content-3020\" aria-expanded=\"false\" id=\"accordion-control-3020\">\n\t\t\t\t\t<h3 class=\"accordion__heading\" >\n\t\t\t\t\t\tKasvatusp\u00f6yt\u00e4\t\t\t\t\t<\/h3>\n\t\t\t\t<\/button>\n\t\t\t\t<div class=\"accordion__content\" role=\"region\" aria-labelledby=\"accordion-control-3020\" aria-hidden=\"true\" id=\"content-3020\">\n\t\t\t\t\t<p>Kasvatusp\u00f6yd\u00e4ll\u00e4 kokeilemme rahkasammalten kasvatusta puhdaskasvustona kastelumaton p\u00e4\u00e4ll\u00e4. P\u00f6yd\u00e4ll\u00e4 kiert\u00e4\u00e4 ravinnelis\u00e4tty vesi akvaariopumpun avulla. P\u00f6yd\u00e4ll\u00e4 voidaan testata esim. erilaisten kylv\u00f6tapojen vaikutusta sammalten kasvuun sek\u00e4 eri lajien ja lajisekoitusten eroja.<\/p>\n<p><img loading=\"lazy\" decoding=\"async\" class=\"wp-image-733 alignleft\" src=\"https:\/\/sites.uef.fi\/kasvuasammalesta\/wp-content\/uploads\/sites\/459\/2024\/02\/20240219_090437-236x300.jpg\" alt=\"Sammalen laboratoriokasvatus\" width=\"307\" height=\"390\" srcset=\"https:\/\/sites.uef.fi\/kasvuasammalesta\/wp-content\/uploads\/sites\/459\/2024\/02\/20240219_090437-236x300.jpg 236w, https:\/\/sites.uef.fi\/kasvuasammalesta\/wp-content\/uploads\/sites\/459\/2024\/02\/20240219_090437-807x1024.jpg 807w, https:\/\/sites.uef.fi\/kasvuasammalesta\/wp-content\/uploads\/sites\/459\/2024\/02\/20240219_090437-768x974.jpg 768w, https:\/\/sites.uef.fi\/kasvuasammalesta\/wp-content\/uploads\/sites\/459\/2024\/02\/20240219_090437-1211x1536.jpg 1211w, https:\/\/sites.uef.fi\/kasvuasammalesta\/wp-content\/uploads\/sites\/459\/2024\/02\/20240219_090437-1614x2048.jpg 1614w, https:\/\/sites.uef.fi\/kasvuasammalesta\/wp-content\/uploads\/sites\/459\/2024\/02\/20240219_090437-scaled.jpg 2018w\" sizes=\"auto, (max-width: 307px) 100vw, 307px\" \/><img loading=\"lazy\" decoding=\"async\" class=\"wp-image-926 alignleft\" src=\"https:\/\/sites.uef.fi\/kasvuasammalesta\/wp-content\/uploads\/sites\/459\/2024\/03\/20240307_125426-scaled-e1710158200972-218x300.jpg\" alt=\"\" width=\"282\" height=\"388\" srcset=\"https:\/\/sites.uef.fi\/kasvuasammalesta\/wp-content\/uploads\/sites\/459\/2024\/03\/20240307_125426-scaled-e1710158200972-218x300.jpg 218w, https:\/\/sites.uef.fi\/kasvuasammalesta\/wp-content\/uploads\/sites\/459\/2024\/03\/20240307_125426-scaled-e1710158200972-743x1024.jpg 743w, https:\/\/sites.uef.fi\/kasvuasammalesta\/wp-content\/uploads\/sites\/459\/2024\/03\/20240307_125426-scaled-e1710158200972-768x1058.jpg 768w, https:\/\/sites.uef.fi\/kasvuasammalesta\/wp-content\/uploads\/sites\/459\/2024\/03\/20240307_125426-scaled-e1710158200972-1115x1536.jpg 1115w, https:\/\/sites.uef.fi\/kasvuasammalesta\/wp-content\/uploads\/sites\/459\/2024\/03\/20240307_125426-scaled-e1710158200972-1487x2048.jpg 1487w, https:\/\/sites.uef.fi\/kasvuasammalesta\/wp-content\/uploads\/sites\/459\/2024\/03\/20240307_125426-scaled-e1710158200972.jpg 1774w\" sizes=\"auto, (max-width: 282px) 100vw, 282px\" \/><\/p>\n<p><img loading=\"lazy\" decoding=\"async\" class=\"alignnone wp-image-961\" src=\"https:\/\/sites.uef.fi\/kasvuasammalesta\/wp-content\/uploads\/sites\/459\/2024\/03\/20240311_144230-scaled-e1710161472529-285x300.jpg\" alt=\"\" width=\"393\" height=\"413\" srcset=\"https:\/\/sites.uef.fi\/kasvuasammalesta\/wp-content\/uploads\/sites\/459\/2024\/03\/20240311_144230-scaled-e1710161472529-285x300.jpg 285w, https:\/\/sites.uef.fi\/kasvuasammalesta\/wp-content\/uploads\/sites\/459\/2024\/03\/20240311_144230-scaled-e1710161472529-974x1024.jpg 974w, https:\/\/sites.uef.fi\/kasvuasammalesta\/wp-content\/uploads\/sites\/459\/2024\/03\/20240311_144230-scaled-e1710161472529-768x807.jpg 768w, https:\/\/sites.uef.fi\/kasvuasammalesta\/wp-content\/uploads\/sites\/459\/2024\/03\/20240311_144230-scaled-e1710161472529-1461x1536.jpg 1461w, https:\/\/sites.uef.fi\/kasvuasammalesta\/wp-content\/uploads\/sites\/459\/2024\/03\/20240311_144230-scaled-e1710161472529.jpg 1920w\" sizes=\"auto, (max-width: 393px) 100vw, 393px\" \/><\/p>\n<p><img loading=\"lazy\" decoding=\"async\" class=\"alignnone size-large wp-image-1239\" src=\"https:\/\/sites.uef.fi\/kasvuasammalesta\/wp-content\/uploads\/sites\/459\/2025\/02\/20240725_153627-768x1024.jpg\" alt=\"\" width=\"768\" height=\"1024\" srcset=\"https:\/\/sites.uef.fi\/kasvuasammalesta\/wp-content\/uploads\/sites\/459\/2025\/02\/20240725_153627-768x1024.jpg 768w, https:\/\/sites.uef.fi\/kasvuasammalesta\/wp-content\/uploads\/sites\/459\/2025\/02\/20240725_153627-225x300.jpg 225w, https:\/\/sites.uef.fi\/kasvuasammalesta\/wp-content\/uploads\/sites\/459\/2025\/02\/20240725_153627-1152x1536.jpg 1152w, https:\/\/sites.uef.fi\/kasvuasammalesta\/wp-content\/uploads\/sites\/459\/2025\/02\/20240725_153627-1536x2048.jpg 1536w, https:\/\/sites.uef.fi\/kasvuasammalesta\/wp-content\/uploads\/sites\/459\/2025\/02\/20240725_153627-scaled.jpg 1920w\" sizes=\"auto, (max-width: 768px) 100vw, 768px\" \/><\/p>\n\t\t\t\t<\/div>\n\t\t\t<\/div>\n\t\t\t\t\t<div class=\"accordion accordion-js\">\n\t\t\t\t<button class=\"accordion__button\" aria-controls=\"content-6725\" aria-expanded=\"false\" id=\"accordion-control-6725\">\n\t\t\t\t\t<h3 class=\"accordion__heading\" >\n\t\t\t\t\t\tAstiakokeet\t\t\t\t\t<\/h3>\n\t\t\t\t<\/button>\n\t\t\t\t<div class=\"accordion__content\" role=\"region\" aria-labelledby=\"accordion-control-6725\" aria-hidden=\"true\" id=\"content-6725\">\n\t\t\t\t\t<p>Astiakokeissa voidaan selvitt\u00e4\u00e4 eri olosuhteiden kuten ravinteiden tai varjostuksen vaikutusta rahkasammalten kasvuun. Kasvuolot eiv\u00e4t vastaa luonnonoloja yht\u00e4 hyvin kuin mesokosmoskasvatuksissa, mutta yksitt\u00e4isten tekij\u00f6iden vaikutuksesta kasvuun saadaan tietoa, jota voidaan hy\u00f6dynt\u00e4\u00e4 pilottialueiden tai mesokosmosten kasvatuskokeissa.<\/p>\n<p><img loading=\"lazy\" decoding=\"async\" class=\"alignnone size-medium wp-image-863\" src=\"https:\/\/sites.uef.fi\/kasvuasammalesta\/wp-content\/uploads\/sites\/459\/2024\/03\/20240301_130605-scaled-e1710155165675-273x300.jpg\" alt=\"\" width=\"273\" height=\"300\" srcset=\"https:\/\/sites.uef.fi\/kasvuasammalesta\/wp-content\/uploads\/sites\/459\/2024\/03\/20240301_130605-scaled-e1710155165675-273x300.jpg 273w, https:\/\/sites.uef.fi\/kasvuasammalesta\/wp-content\/uploads\/sites\/459\/2024\/03\/20240301_130605-scaled-e1710155165675-931x1024.jpg 931w, https:\/\/sites.uef.fi\/kasvuasammalesta\/wp-content\/uploads\/sites\/459\/2024\/03\/20240301_130605-scaled-e1710155165675-768x845.jpg 768w, https:\/\/sites.uef.fi\/kasvuasammalesta\/wp-content\/uploads\/sites\/459\/2024\/03\/20240301_130605-scaled-e1710155165675-1396x1536.jpg 1396w, https:\/\/sites.uef.fi\/kasvuasammalesta\/wp-content\/uploads\/sites\/459\/2024\/03\/20240301_130605-scaled-e1710155165675-1862x2048.jpg 1862w, https:\/\/sites.uef.fi\/kasvuasammalesta\/wp-content\/uploads\/sites\/459\/2024\/03\/20240301_130605-scaled-e1710155165675.jpg 1881w\" sizes=\"auto, (max-width: 273px) 100vw, 273px\" \/><img loading=\"lazy\" decoding=\"async\" class=\"alignnone size-medium wp-image-869\" src=\"https:\/\/sites.uef.fi\/kasvuasammalesta\/wp-content\/uploads\/sites\/459\/2024\/03\/20231218_104214-scaled-e1710155208505-239x300.jpg\" alt=\"Astiakoe\" width=\"239\" height=\"300\" srcset=\"https:\/\/sites.uef.fi\/kasvuasammalesta\/wp-content\/uploads\/sites\/459\/2024\/03\/20231218_104214-scaled-e1710155208505-239x300.jpg 239w, https:\/\/sites.uef.fi\/kasvuasammalesta\/wp-content\/uploads\/sites\/459\/2024\/03\/20231218_104214-scaled-e1710155208505-815x1024.jpg 815w, https:\/\/sites.uef.fi\/kasvuasammalesta\/wp-content\/uploads\/sites\/459\/2024\/03\/20231218_104214-scaled-e1710155208505-768x965.jpg 768w, https:\/\/sites.uef.fi\/kasvuasammalesta\/wp-content\/uploads\/sites\/459\/2024\/03\/20231218_104214-scaled-e1710155208505-1222x1536.jpg 1222w, https:\/\/sites.uef.fi\/kasvuasammalesta\/wp-content\/uploads\/sites\/459\/2024\/03\/20231218_104214-scaled-e1710155208505-1630x2048.jpg 1630w, https:\/\/sites.uef.fi\/kasvuasammalesta\/wp-content\/uploads\/sites\/459\/2024\/03\/20231218_104214-scaled-e1710155208505.jpg 1894w\" sizes=\"auto, (max-width: 239px) 100vw, 239px\" \/><\/p>\n<p><img loading=\"lazy\" decoding=\"async\" class=\"alignnone wp-image-967\" src=\"https:\/\/sites.uef.fi\/kasvuasammalesta\/wp-content\/uploads\/sites\/459\/2024\/03\/20240311_144346-scaled-e1710161397985-300x283.jpg\" alt=\"\" width=\"436\" height=\"412\" srcset=\"https:\/\/sites.uef.fi\/kasvuasammalesta\/wp-content\/uploads\/sites\/459\/2024\/03\/20240311_144346-scaled-e1710161397985-300x283.jpg 300w, https:\/\/sites.uef.fi\/kasvuasammalesta\/wp-content\/uploads\/sites\/459\/2024\/03\/20240311_144346-scaled-e1710161397985-1024x967.jpg 1024w, https:\/\/sites.uef.fi\/kasvuasammalesta\/wp-content\/uploads\/sites\/459\/2024\/03\/20240311_144346-scaled-e1710161397985-768x725.jpg 768w, https:\/\/sites.uef.fi\/kasvuasammalesta\/wp-content\/uploads\/sites\/459\/2024\/03\/20240311_144346-scaled-e1710161397985-1536x1450.jpg 1536w, https:\/\/sites.uef.fi\/kasvuasammalesta\/wp-content\/uploads\/sites\/459\/2024\/03\/20240311_144346-scaled-e1710161397985.jpg 1920w\" sizes=\"auto, (max-width: 436px) 100vw, 436px\" \/><\/p>\n<p>&nbsp;<\/p>\n\t\t\t\t<\/div>\n\t\t\t<\/div>\n\t\t\t<\/div>\n\t","protected":false},"excerpt":{"rendered":"<p>Hankkeen testilaboratoriossa selvitet\u00e4\u00e4n kontrolloidusti rahkasammalten ideaalisia kasvuolosuhteita mesokosmoksissa, kasvatusp\u00f6yd\u00e4ll\u00e4 sek\u00e4 astiakokeissa.<\/p>\n","protected":false},"author":1075,"featured_media":0,"parent":0,"menu_order":0,"comment_status":"closed","ping_status":"closed","template":"","meta":{"_acf_changed":false,"footnotes":""},"class_list":["post-547","page","type-page","status-publish","hentry"],"acf":[],"yoast_head":"<!-- This site is optimized with the Yoast SEO plugin v27.1.1 - https:\/\/yoast.com\/product\/yoast-seo-wordpress\/ -->\n<title>Laboratoriokasvatus - Kasvua sammalesta Pohjois-Karjala<\/title>\n<meta name=\"robots\" content=\"index, follow, max-snippet:-1, max-image-preview:large, max-video-preview:-1\" \/>\n<link rel=\"canonical\" href=\"https:\/\/sites.uef.fi\/kasvuasammalesta\/testilaboratorio\/\" \/>\n<meta property=\"og:locale\" content=\"fi_FI\" \/>\n<meta property=\"og:type\" content=\"article\" \/>\n<meta property=\"og:title\" content=\"Laboratoriokasvatus - Kasvua sammalesta Pohjois-Karjala\" \/>\n<meta property=\"og:description\" content=\"Hankkeen testilaboratoriossa selvitet\u00e4\u00e4n kontrolloidusti rahkasammalten ideaalisia kasvuolosuhteita mesokosmoksissa, kasvatusp\u00f6yd\u00e4ll\u00e4 sek\u00e4 astiakokeissa.\" \/>\n<meta property=\"og:url\" content=\"https:\/\/sites.uef.fi\/kasvuasammalesta\/testilaboratorio\/\" \/>\n<meta property=\"og:site_name\" content=\"Kasvua sammalesta Pohjois-Karjala\" \/>\n<meta property=\"article:modified_time\" content=\"2025-03-04T09:38:29+00:00\" \/>\n<meta name=\"twitter:card\" content=\"summary_large_image\" \/>\n<meta name=\"twitter:label1\" content=\"Arvioitu lukuaika\" \/>\n\t<meta name=\"twitter:data1\" content=\"1 minuutti\" \/>\n<script type=\"application\/ld+json\" class=\"yoast-schema-graph\">{\"@context\":\"https:\/\/schema.org\",\"@graph\":[{\"@type\":\"WebPage\",\"@id\":\"https:\/\/sites.uef.fi\/kasvuasammalesta\/testilaboratorio\/\",\"url\":\"https:\/\/sites.uef.fi\/kasvuasammalesta\/testilaboratorio\/\",\"name\":\"Laboratoriokasvatus - Kasvua sammalesta Pohjois-Karjala\",\"isPartOf\":{\"@id\":\"https:\/\/sites.uef.fi\/kasvuasammalesta\/#website\"},\"datePublished\":\"2024-02-05T05:40:17+00:00\",\"dateModified\":\"2025-03-04T09:38:29+00:00\",\"breadcrumb\":{\"@id\":\"https:\/\/sites.uef.fi\/kasvuasammalesta\/testilaboratorio\/#breadcrumb\"},\"inLanguage\":\"fi\",\"potentialAction\":[{\"@type\":\"ReadAction\",\"target\":[\"https:\/\/sites.uef.fi\/kasvuasammalesta\/testilaboratorio\/\"]}]},{\"@type\":\"BreadcrumbList\",\"@id\":\"https:\/\/sites.uef.fi\/kasvuasammalesta\/testilaboratorio\/#breadcrumb\",\"itemListElement\":[{\"@type\":\"ListItem\",\"position\":1,\"name\":\"Home\",\"item\":\"https:\/\/sites.uef.fi\/kasvuasammalesta\/\"},{\"@type\":\"ListItem\",\"position\":2,\"name\":\"Laboratoriokasvatus\"}]},{\"@type\":\"WebSite\",\"@id\":\"https:\/\/sites.uef.fi\/kasvuasammalesta\/#website\",\"url\":\"https:\/\/sites.uef.fi\/kasvuasammalesta\/\",\"name\":\"Kasvua sammalesta Pohjois-Karjala\",\"description\":\"\",\"potentialAction\":[{\"@type\":\"SearchAction\",\"target\":{\"@type\":\"EntryPoint\",\"urlTemplate\":\"https:\/\/sites.uef.fi\/kasvuasammalesta\/?s={search_term_string}\"},\"query-input\":{\"@type\":\"PropertyValueSpecification\",\"valueRequired\":true,\"valueName\":\"search_term_string\"}}],\"inLanguage\":\"fi\"}]}<\/script>\n<!-- \/ Yoast SEO plugin. -->","yoast_head_json":{"title":"Laboratoriokasvatus - Kasvua sammalesta Pohjois-Karjala","robots":{"index":"index","follow":"follow","max-snippet":"max-snippet:-1","max-image-preview":"max-image-preview:large","max-video-preview":"max-video-preview:-1"},"canonical":"https:\/\/sites.uef.fi\/kasvuasammalesta\/testilaboratorio\/","og_locale":"fi_FI","og_type":"article","og_title":"Laboratoriokasvatus - Kasvua sammalesta Pohjois-Karjala","og_description":"Hankkeen testilaboratoriossa selvitet\u00e4\u00e4n kontrolloidusti rahkasammalten ideaalisia kasvuolosuhteita mesokosmoksissa, kasvatusp\u00f6yd\u00e4ll\u00e4 sek\u00e4 astiakokeissa.","og_url":"https:\/\/sites.uef.fi\/kasvuasammalesta\/testilaboratorio\/","og_site_name":"Kasvua sammalesta Pohjois-Karjala","article_modified_time":"2025-03-04T09:38:29+00:00","twitter_card":"summary_large_image","twitter_misc":{"Arvioitu lukuaika":"1 minuutti"},"schema":{"@context":"https:\/\/schema.org","@graph":[{"@type":"WebPage","@id":"https:\/\/sites.uef.fi\/kasvuasammalesta\/testilaboratorio\/","url":"https:\/\/sites.uef.fi\/kasvuasammalesta\/testilaboratorio\/","name":"Laboratoriokasvatus - Kasvua sammalesta Pohjois-Karjala","isPartOf":{"@id":"https:\/\/sites.uef.fi\/kasvuasammalesta\/#website"},"datePublished":"2024-02-05T05:40:17+00:00","dateModified":"2025-03-04T09:38:29+00:00","breadcrumb":{"@id":"https:\/\/sites.uef.fi\/kasvuasammalesta\/testilaboratorio\/#breadcrumb"},"inLanguage":"fi","potentialAction":[{"@type":"ReadAction","target":["https:\/\/sites.uef.fi\/kasvuasammalesta\/testilaboratorio\/"]}]},{"@type":"BreadcrumbList","@id":"https:\/\/sites.uef.fi\/kasvuasammalesta\/testilaboratorio\/#breadcrumb","itemListElement":[{"@type":"ListItem","position":1,"name":"Home","item":"https:\/\/sites.uef.fi\/kasvuasammalesta\/"},{"@type":"ListItem","position":2,"name":"Laboratoriokasvatus"}]},{"@type":"WebSite","@id":"https:\/\/sites.uef.fi\/kasvuasammalesta\/#website","url":"https:\/\/sites.uef.fi\/kasvuasammalesta\/","name":"Kasvua sammalesta Pohjois-Karjala","description":"","potentialAction":[{"@type":"SearchAction","target":{"@type":"EntryPoint","urlTemplate":"https:\/\/sites.uef.fi\/kasvuasammalesta\/?s={search_term_string}"},"query-input":{"@type":"PropertyValueSpecification","valueRequired":true,"valueName":"search_term_string"}}],"inLanguage":"fi"}]}},"_links":{"self":[{"href":"https:\/\/sites.uef.fi\/kasvuasammalesta\/wp-json\/wp\/v2\/pages\/547","targetHints":{"allow":["GET"]}}],"collection":[{"href":"https:\/\/sites.uef.fi\/kasvuasammalesta\/wp-json\/wp\/v2\/pages"}],"about":[{"href":"https:\/\/sites.uef.fi\/kasvuasammalesta\/wp-json\/wp\/v2\/types\/page"}],"author":[{"embeddable":true,"href":"https:\/\/sites.uef.fi\/kasvuasammalesta\/wp-json\/wp\/v2\/users\/1075"}],"replies":[{"embeddable":true,"href":"https:\/\/sites.uef.fi\/kasvuasammalesta\/wp-json\/wp\/v2\/comments?post=547"}],"version-history":[{"count":2,"href":"https:\/\/sites.uef.fi\/kasvuasammalesta\/wp-json\/wp\/v2\/pages\/547\/revisions"}],"predecessor-version":[{"id":1252,"href":"https:\/\/sites.uef.fi\/kasvuasammalesta\/wp-json\/wp\/v2\/pages\/547\/revisions\/1252"}],"wp:attachment":[{"href":"https:\/\/sites.uef.fi\/kasvuasammalesta\/wp-json\/wp\/v2\/media?parent=547"}],"curies":[{"name":"wp","href":"https:\/\/api.w.org\/{rel}","templated":true}]}}