{"id":1108,"date":"2023-05-30T14:33:19","date_gmt":"2023-05-30T12:33:19","guid":{"rendered":"https:\/\/sites.uef.fi\/kehuva\/?page_id=1108"},"modified":"2023-05-30T14:33:19","modified_gmt":"2023-05-30T12:33:19","slug":"tekstivastine-podcast-jaksollepitaako-lautanen-syoda-tyhjaksi","status":"publish","type":"page","link":"https:\/\/sites.uef.fi\/kehuva\/tekstivastine-podcast-jaksollepitaako-lautanen-syoda-tyhjaksi\/","title":{"rendered":"Tekstivastine podcast-jaksolle&#8221;Pit\u00e4\u00e4k\u00f6 lautanen sy\u00f6d\u00e4 tyhj\u00e4ksi?&#8221;"},"content":{"rendered":"\n<div data-wp-interactive=\"core\/file\" class=\"wp-block-file\"><object data-wp-bind--hidden=\"!state.hasPdfPreview\" hidden class=\"wp-block-file__embed\" data=\"https:\/\/sites.uef.fi\/kehuva\/wp-content\/uploads\/sites\/416\/2023\/05\/Pitaako-lautanen-syoda-tyhjaksi-TEKSTIVASTINE.pdf\" type=\"application\/pdf\" style=\"width:100%;height:600px\" aria-label=\"Tiedoston Pit\u00e4\u00e4k\u00f6 lautanen sy\u00f6d\u00e4 tyhj\u00e4ksi TEKSTIVASTINE upotus.\"><\/object><a id=\"wp-block-file--media-f23b3cfa-f78c-4a73-8581-497c9eaf4e62\" href=\"https:\/\/sites.uef.fi\/kehuva\/wp-content\/uploads\/sites\/416\/2023\/05\/Pitaako-lautanen-syoda-tyhjaksi-TEKSTIVASTINE.pdf\">Pit\u00e4\u00e4k\u00f6 lautanen sy\u00f6d\u00e4 tyhj\u00e4ksi TEKSTIVASTINE<\/a><a href=\"https:\/\/sites.uef.fi\/kehuva\/wp-content\/uploads\/sites\/416\/2023\/05\/Pitaako-lautanen-syoda-tyhjaksi-TEKSTIVASTINE.pdf\" class=\"wp-block-file__button wp-element-button\" download aria-describedby=\"wp-block-file--media-f23b3cfa-f78c-4a73-8581-497c9eaf4e62\">Lataa<\/a><\/div>\n","protected":false},"excerpt":{"rendered":"","protected":false},"author":972,"featured_media":0,"parent":0,"menu_order":0,"comment_status":"closed","ping_status":"closed","template":"","meta":{"_acf_changed":false,"footnotes":""},"class_list":["post-1108","page","type-page","status-publish","hentry"],"acf":[],"yoast_head":"<!-- This site is optimized with the Yoast SEO plugin v27.1.1 - https:\/\/yoast.com\/product\/yoast-seo-wordpress\/ -->\n<title>Tekstivastine podcast-jaksolle&quot;Pit\u00e4\u00e4k\u00f6 lautanen sy\u00f6d\u00e4 tyhj\u00e4ksi?&quot; - KEHUVA lyhyesti<\/title>\n<meta name=\"robots\" content=\"index, follow, max-snippet:-1, max-image-preview:large, max-video-preview:-1\" \/>\n<link rel=\"canonical\" href=\"https:\/\/sites.uef.fi\/kehuva\/tekstivastine-podcast-jaksollepitaako-lautanen-syoda-tyhjaksi\/\" \/>\n<meta property=\"og:locale\" content=\"fi_FI\" \/>\n<meta property=\"og:type\" content=\"article\" \/>\n<meta property=\"og:title\" content=\"Tekstivastine podcast-jaksolle&quot;Pit\u00e4\u00e4k\u00f6 lautanen sy\u00f6d\u00e4 tyhj\u00e4ksi?&quot; - KEHUVA lyhyesti\" \/>\n<meta property=\"og:url\" content=\"https:\/\/sites.uef.fi\/kehuva\/tekstivastine-podcast-jaksollepitaako-lautanen-syoda-tyhjaksi\/\" \/>\n<meta property=\"og:site_name\" content=\"KEHUVA lyhyesti\" \/>\n<meta name=\"twitter:card\" content=\"summary_large_image\" \/>\n<script type=\"application\/ld+json\" class=\"yoast-schema-graph\">{\"@context\":\"https:\/\/schema.org\",\"@graph\":[{\"@type\":\"WebPage\",\"@id\":\"https:\/\/sites.uef.fi\/kehuva\/tekstivastine-podcast-jaksollepitaako-lautanen-syoda-tyhjaksi\/\",\"url\":\"https:\/\/sites.uef.fi\/kehuva\/tekstivastine-podcast-jaksollepitaako-lautanen-syoda-tyhjaksi\/\",\"name\":\"Tekstivastine podcast-jaksolle\\\"Pit\u00e4\u00e4k\u00f6 lautanen sy\u00f6d\u00e4 tyhj\u00e4ksi?\\\" - KEHUVA lyhyesti\",\"isPartOf\":{\"@id\":\"https:\/\/sites.uef.fi\/kehuva\/#website\"},\"datePublished\":\"2023-05-30T12:33:19+00:00\",\"breadcrumb\":{\"@id\":\"https:\/\/sites.uef.fi\/kehuva\/tekstivastine-podcast-jaksollepitaako-lautanen-syoda-tyhjaksi\/#breadcrumb\"},\"inLanguage\":\"fi\",\"potentialAction\":[{\"@type\":\"ReadAction\",\"target\":[\"https:\/\/sites.uef.fi\/kehuva\/tekstivastine-podcast-jaksollepitaako-lautanen-syoda-tyhjaksi\/\"]}]},{\"@type\":\"BreadcrumbList\",\"@id\":\"https:\/\/sites.uef.fi\/kehuva\/tekstivastine-podcast-jaksollepitaako-lautanen-syoda-tyhjaksi\/#breadcrumb\",\"itemListElement\":[{\"@type\":\"ListItem\",\"position\":1,\"name\":\"Home\",\"item\":\"https:\/\/sites.uef.fi\/kehuva\/\"},{\"@type\":\"ListItem\",\"position\":2,\"name\":\"Tekstivastine podcast-jaksolle&#8221;Pit\u00e4\u00e4k\u00f6 lautanen sy\u00f6d\u00e4 tyhj\u00e4ksi?&#8221;\"}]},{\"@type\":\"WebSite\",\"@id\":\"https:\/\/sites.uef.fi\/kehuva\/#website\",\"url\":\"https:\/\/sites.uef.fi\/kehuva\/\",\"name\":\"KEHUVA lyhyesti\",\"description\":\"\",\"publisher\":{\"@id\":\"https:\/\/sites.uef.fi\/kehuva\/#organization\"},\"potentialAction\":[{\"@type\":\"SearchAction\",\"target\":{\"@type\":\"EntryPoint\",\"urlTemplate\":\"https:\/\/sites.uef.fi\/kehuva\/?s={search_term_string}\"},\"query-input\":{\"@type\":\"PropertyValueSpecification\",\"valueRequired\":true,\"valueName\":\"search_term_string\"}}],\"inLanguage\":\"fi\"},{\"@type\":\"Organization\",\"@id\":\"https:\/\/sites.uef.fi\/kehuva\/#organization\",\"name\":\"KEHUVA lyhyesti\",\"url\":\"https:\/\/sites.uef.fi\/kehuva\/\",\"logo\":{\"@type\":\"ImageObject\",\"inLanguage\":\"fi\",\"@id\":\"https:\/\/sites.uef.fi\/kehuva\/#\/schema\/logo\/image\/\",\"url\":\"https:\/\/sites.uef.fi\/kehuva\/wp-content\/uploads\/sites\/416\/2023\/03\/cropped-UEF_wordpress_white.png\",\"contentUrl\":\"https:\/\/sites.uef.fi\/kehuva\/wp-content\/uploads\/sites\/416\/2023\/03\/cropped-UEF_wordpress_white.png\",\"width\":250,\"height\":250,\"caption\":\"KEHUVA lyhyesti\"},\"image\":{\"@id\":\"https:\/\/sites.uef.fi\/kehuva\/#\/schema\/logo\/image\/\"}}]}<\/script>\n<!-- \/ Yoast SEO plugin. -->","yoast_head_json":{"title":"Tekstivastine podcast-jaksolle\"Pit\u00e4\u00e4k\u00f6 lautanen sy\u00f6d\u00e4 tyhj\u00e4ksi?\" - KEHUVA lyhyesti","robots":{"index":"index","follow":"follow","max-snippet":"max-snippet:-1","max-image-preview":"max-image-preview:large","max-video-preview":"max-video-preview:-1"},"canonical":"https:\/\/sites.uef.fi\/kehuva\/tekstivastine-podcast-jaksollepitaako-lautanen-syoda-tyhjaksi\/","og_locale":"fi_FI","og_type":"article","og_title":"Tekstivastine podcast-jaksolle\"Pit\u00e4\u00e4k\u00f6 lautanen sy\u00f6d\u00e4 tyhj\u00e4ksi?\" - KEHUVA lyhyesti","og_url":"https:\/\/sites.uef.fi\/kehuva\/tekstivastine-podcast-jaksollepitaako-lautanen-syoda-tyhjaksi\/","og_site_name":"KEHUVA lyhyesti","twitter_card":"summary_large_image","schema":{"@context":"https:\/\/schema.org","@graph":[{"@type":"WebPage","@id":"https:\/\/sites.uef.fi\/kehuva\/tekstivastine-podcast-jaksollepitaako-lautanen-syoda-tyhjaksi\/","url":"https:\/\/sites.uef.fi\/kehuva\/tekstivastine-podcast-jaksollepitaako-lautanen-syoda-tyhjaksi\/","name":"Tekstivastine podcast-jaksolle\"Pit\u00e4\u00e4k\u00f6 lautanen sy\u00f6d\u00e4 tyhj\u00e4ksi?\" - KEHUVA lyhyesti","isPartOf":{"@id":"https:\/\/sites.uef.fi\/kehuva\/#website"},"datePublished":"2023-05-30T12:33:19+00:00","breadcrumb":{"@id":"https:\/\/sites.uef.fi\/kehuva\/tekstivastine-podcast-jaksollepitaako-lautanen-syoda-tyhjaksi\/#breadcrumb"},"inLanguage":"fi","potentialAction":[{"@type":"ReadAction","target":["https:\/\/sites.uef.fi\/kehuva\/tekstivastine-podcast-jaksollepitaako-lautanen-syoda-tyhjaksi\/"]}]},{"@type":"BreadcrumbList","@id":"https:\/\/sites.uef.fi\/kehuva\/tekstivastine-podcast-jaksollepitaako-lautanen-syoda-tyhjaksi\/#breadcrumb","itemListElement":[{"@type":"ListItem","position":1,"name":"Home","item":"https:\/\/sites.uef.fi\/kehuva\/"},{"@type":"ListItem","position":2,"name":"Tekstivastine podcast-jaksolle&#8221;Pit\u00e4\u00e4k\u00f6 lautanen sy\u00f6d\u00e4 tyhj\u00e4ksi?&#8221;"}]},{"@type":"WebSite","@id":"https:\/\/sites.uef.fi\/kehuva\/#website","url":"https:\/\/sites.uef.fi\/kehuva\/","name":"KEHUVA lyhyesti","description":"","publisher":{"@id":"https:\/\/sites.uef.fi\/kehuva\/#organization"},"potentialAction":[{"@type":"SearchAction","target":{"@type":"EntryPoint","urlTemplate":"https:\/\/sites.uef.fi\/kehuva\/?s={search_term_string}"},"query-input":{"@type":"PropertyValueSpecification","valueRequired":true,"valueName":"search_term_string"}}],"inLanguage":"fi"},{"@type":"Organization","@id":"https:\/\/sites.uef.fi\/kehuva\/#organization","name":"KEHUVA lyhyesti","url":"https:\/\/sites.uef.fi\/kehuva\/","logo":{"@type":"ImageObject","inLanguage":"fi","@id":"https:\/\/sites.uef.fi\/kehuva\/#\/schema\/logo\/image\/","url":"https:\/\/sites.uef.fi\/kehuva\/wp-content\/uploads\/sites\/416\/2023\/03\/cropped-UEF_wordpress_white.png","contentUrl":"https:\/\/sites.uef.fi\/kehuva\/wp-content\/uploads\/sites\/416\/2023\/03\/cropped-UEF_wordpress_white.png","width":250,"height":250,"caption":"KEHUVA lyhyesti"},"image":{"@id":"https:\/\/sites.uef.fi\/kehuva\/#\/schema\/logo\/image\/"}}]}},"_links":{"self":[{"href":"https:\/\/sites.uef.fi\/kehuva\/wp-json\/wp\/v2\/pages\/1108","targetHints":{"allow":["GET"]}}],"collection":[{"href":"https:\/\/sites.uef.fi\/kehuva\/wp-json\/wp\/v2\/pages"}],"about":[{"href":"https:\/\/sites.uef.fi\/kehuva\/wp-json\/wp\/v2\/types\/page"}],"author":[{"embeddable":true,"href":"https:\/\/sites.uef.fi\/kehuva\/wp-json\/wp\/v2\/users\/972"}],"replies":[{"embeddable":true,"href":"https:\/\/sites.uef.fi\/kehuva\/wp-json\/wp\/v2\/comments?post=1108"}],"version-history":[{"count":1,"href":"https:\/\/sites.uef.fi\/kehuva\/wp-json\/wp\/v2\/pages\/1108\/revisions"}],"predecessor-version":[{"id":1114,"href":"https:\/\/sites.uef.fi\/kehuva\/wp-json\/wp\/v2\/pages\/1108\/revisions\/1114"}],"wp:attachment":[{"href":"https:\/\/sites.uef.fi\/kehuva\/wp-json\/wp\/v2\/media?parent=1108"}],"curies":[{"name":"wp","href":"https:\/\/api.w.org\/{rel}","templated":true}]}}