{"id":154,"date":"2023-04-20T12:06:59","date_gmt":"2023-04-20T10:06:59","guid":{"rendered":"https:\/\/sites.uef.fi\/kehuva\/?page_id=154"},"modified":"2023-11-14T13:15:50","modified_gmt":"2023-11-14T11:15:50","slug":"somebody-ja-ruoka","status":"publish","type":"page","link":"https:\/\/sites.uef.fi\/kehuva\/somebody-ja-ruoka\/","title":{"rendered":"SomeBody\u00ae ja ruoka"},"content":{"rendered":"\n<p>SomeBody\u00ae-menetelm\u00e4n ruokasovellus on tarkoitettu sosiaali-, terveys-, kuntoutus- ja kasvatusalan ammattilaisille kokonaisvaltaiseksi toimintatavaksi, jossa taustalla on ajatus biopsykososiaalisesta terveyden ja hyvinvoinnin edist\u00e4misest\u00e4. Ruokasovelluksen kehitysty\u00f6ss\u00e4 KEHUVA-l\u00e4hestymistapaa yhdisteltiin SomeBody\u00ae-menetelm\u00e4\u00e4n sek\u00e4 menetelm\u00e4ss\u00e4 k\u00e4ytett\u00e4viin harjoituksiin ja arviointimenetelmiin. Kehitt\u00e4misty\u00f6 tehtiin osana sosiaali- ja terveysministeri\u00f6n (STM) rahoittamaa SomeBody menetelm\u00e4ksi kuntien hyvinvointity\u00f6h\u00f6n -hanketta (2018\u20132020).  Tutustu hankkeen <a href=\"https:\/\/somebody.samk.fi\/wp-content\/uploads\/2020\/10\/SB-flyer-kaikki-sivut.pdf\" target=\"_blank\" rel=\"noreferrer noopener\">tuloksiin<\/a> (linkki avautuu uuteen v\u00e4lilehteen). <\/p>\n\n\n\n<p>Hankkeessa kehitettiin my\u00f6s SomeBody\u00ae ja ruoka -ohjaajakoulutusta, jonka koulutusmateriaalina toimii SomeBody\u00ae ja ruoka -k\u00e4sikirja (Keckman ym. 2021). Lis\u00e4tietoja Somebodysta\u00ae ja SomeBody\u00ae ja ruoka -sovelluksesta l\u00f6yd\u00e4t Satakunnan ammattikorkeakoulun <a href=\"https:\/\/somebody.samk.fi\/menetelma\/\" target=\"_blank\" rel=\"noreferrer noopener\">SomeBody-sivuilta<\/a> (linkki aukeaa uuteen v\u00e4lilehteen). <\/p>\n\n\n\n<figure class=\"wp-block-image size-full is-resized\"><img loading=\"lazy\" decoding=\"async\" width=\"212\" height=\"300\" src=\"https:\/\/sites.uef.fi\/kehuva\/wp-content\/uploads\/sites\/416\/2023\/11\/image-3.png\" alt=\"Somebody ja ruoka -k\u00e4sikirjan kannen kuva\" class=\"wp-image-2657\" style=\"aspect-ratio:0.7066666666666667;width:283px;height:auto\" \/><\/figure>\n\n\n\n<figure class=\"wp-block-image size-full is-resized\"><img loading=\"lazy\" decoding=\"async\" width=\"335\" height=\"335\" src=\"https:\/\/sites.uef.fi\/kehuva\/wp-content\/uploads\/sites\/416\/2023\/11\/white_break.png\" alt=\"\" class=\"wp-image-2458\" style=\"aspect-ratio:1;width:66px;height:auto\" srcset=\"https:\/\/sites.uef.fi\/kehuva\/wp-content\/uploads\/sites\/416\/2023\/11\/white_break.png 335w, https:\/\/sites.uef.fi\/kehuva\/wp-content\/uploads\/sites\/416\/2023\/11\/white_break-300x300.png 300w, https:\/\/sites.uef.fi\/kehuva\/wp-content\/uploads\/sites\/416\/2023\/11\/white_break-150x150.png 150w\" sizes=\"auto, (max-width: 335px) 100vw, 335px\" \/><\/figure>\n\n\n\n<p><strong>SomeBody\u00ae ja ruoka- sovellukseen liittyv\u00e4t julkaisut ja opinn\u00e4ytety\u00f6t: <\/strong><\/p>\n\n\n\n<p>Keckman, M., Kiviluoma-Ylitalo, M., Helkkola, L. (2021).\u00a0<em>SomeBody\u00ae ja ruoka -k\u00e4sikirja: Kehotietoisuus ja ruokasuhde hyvinvoinnin edist\u00e4j\u00e4n\u00e4<\/em>. Satakunnan ammattikorkeakoulu.<\/p>\n\n\n\n<p>Janhonen, A., &amp; Kynnysmaa, L. (2022).\u00a0<em>RuokaSomeBodyn vaikutus ty\u00f6hyvinvointiin: Kvasikokeellinen interventiotutkimus<\/em>. Opinn\u00e4ytety\u00f6, SAMK.<\/p>\n\n\n\n<p><\/p>\n\n\n\n<p><\/p>\n","protected":false},"excerpt":{"rendered":"<p>SomeBody\u00ae-menetelm\u00e4n ruokasovellus on tarkoitettu sosiaali-, terveys-, kuntoutus- ja kasvatusalan ammattilaisille kokonaisvaltaiseksi toimintatavaksi, jossa taustalla on ajatus biopsykososiaalisesta terveyden ja hyvinvoinnin edist\u00e4misest\u00e4. Ruokasovelluksen kehitysty\u00f6ss\u00e4 KEHUVA-l\u00e4hestymistapaa yhdisteltiin SomeBody\u00ae-menetelm\u00e4\u00e4n sek\u00e4 menetelm\u00e4ss\u00e4 k\u00e4ytett\u00e4viin harjoituksiin ja arviointimenetelmiin. Kehitt\u00e4misty\u00f6 tehtiin osana sosiaali- ja terveysministeri\u00f6n (STM) rahoittamaa SomeBody menetelm\u00e4ksi kuntien hyvinvointity\u00f6h\u00f6n -hanketta (2018\u20132020). Tutustu hankkeen tuloksiin (linkki avautuu uuteen v\u00e4lilehteen). Hankkeessa kehitettiin [&hellip;]<\/p>\n","protected":false},"author":972,"featured_media":0,"parent":0,"menu_order":0,"comment_status":"closed","ping_status":"closed","template":"","meta":{"_acf_changed":false,"footnotes":""},"class_list":["post-154","page","type-page","status-publish","hentry"],"acf":[],"yoast_head":"<!-- This site is optimized with the Yoast SEO plugin v27.3 - https:\/\/yoast.com\/product\/yoast-seo-wordpress\/ -->\n<title>SomeBody\u00ae ja ruoka - KEHUVA lyhyesti<\/title>\n<meta name=\"robots\" content=\"index, follow, max-snippet:-1, max-image-preview:large, max-video-preview:-1\" \/>\n<link rel=\"canonical\" href=\"https:\/\/sites.uef.fi\/kehuva\/somebody-ja-ruoka\/\" \/>\n<meta property=\"og:locale\" content=\"fi_FI\" \/>\n<meta property=\"og:type\" content=\"article\" \/>\n<meta property=\"og:title\" content=\"SomeBody\u00ae ja ruoka - KEHUVA lyhyesti\" \/>\n<meta property=\"og:description\" content=\"SomeBody\u00ae-menetelm\u00e4n ruokasovellus on tarkoitettu sosiaali-, terveys-, kuntoutus- ja kasvatusalan ammattilaisille kokonaisvaltaiseksi toimintatavaksi, jossa taustalla on ajatus biopsykososiaalisesta terveyden ja hyvinvoinnin edist\u00e4misest\u00e4. Ruokasovelluksen kehitysty\u00f6ss\u00e4 KEHUVA-l\u00e4hestymistapaa yhdisteltiin SomeBody\u00ae-menetelm\u00e4\u00e4n sek\u00e4 menetelm\u00e4ss\u00e4 k\u00e4ytett\u00e4viin harjoituksiin ja arviointimenetelmiin. Kehitt\u00e4misty\u00f6 tehtiin osana sosiaali- ja terveysministeri\u00f6n (STM) rahoittamaa SomeBody menetelm\u00e4ksi kuntien hyvinvointity\u00f6h\u00f6n -hanketta (2018\u20132020). Tutustu hankkeen tuloksiin (linkki avautuu uuteen v\u00e4lilehteen). Hankkeessa kehitettiin [&hellip;]\" \/>\n<meta property=\"og:url\" content=\"https:\/\/sites.uef.fi\/kehuva\/somebody-ja-ruoka\/\" \/>\n<meta property=\"og:site_name\" content=\"KEHUVA lyhyesti\" \/>\n<meta property=\"article:modified_time\" content=\"2023-11-14T11:15:50+00:00\" \/>\n<meta property=\"og:image\" content=\"https:\/\/sites.uef.fi\/kehuva\/wp-content\/uploads\/sites\/416\/2023\/11\/image-3.png\" \/>\n<meta name=\"twitter:card\" content=\"summary_large_image\" \/>\n<meta name=\"twitter:label1\" content=\"Arvioitu lukuaika\" \/>\n\t<meta name=\"twitter:data1\" content=\"2 minuuttia\" \/>\n<script type=\"application\/ld+json\" class=\"yoast-schema-graph\">{\"@context\":\"https:\\\/\\\/schema.org\",\"@graph\":[{\"@type\":\"WebPage\",\"@id\":\"https:\\\/\\\/sites.uef.fi\\\/kehuva\\\/somebody-ja-ruoka\\\/\",\"url\":\"https:\\\/\\\/sites.uef.fi\\\/kehuva\\\/somebody-ja-ruoka\\\/\",\"name\":\"SomeBody\u00ae ja ruoka - KEHUVA lyhyesti\",\"isPartOf\":{\"@id\":\"https:\\\/\\\/sites.uef.fi\\\/kehuva\\\/#website\"},\"primaryImageOfPage\":{\"@id\":\"https:\\\/\\\/sites.uef.fi\\\/kehuva\\\/somebody-ja-ruoka\\\/#primaryimage\"},\"image\":{\"@id\":\"https:\\\/\\\/sites.uef.fi\\\/kehuva\\\/somebody-ja-ruoka\\\/#primaryimage\"},\"thumbnailUrl\":\"https:\\\/\\\/sites.uef.fi\\\/kehuva\\\/wp-content\\\/uploads\\\/sites\\\/416\\\/2023\\\/11\\\/image-3.png\",\"datePublished\":\"2023-04-20T10:06:59+00:00\",\"dateModified\":\"2023-11-14T11:15:50+00:00\",\"breadcrumb\":{\"@id\":\"https:\\\/\\\/sites.uef.fi\\\/kehuva\\\/somebody-ja-ruoka\\\/#breadcrumb\"},\"inLanguage\":\"fi\",\"potentialAction\":[{\"@type\":\"ReadAction\",\"target\":[\"https:\\\/\\\/sites.uef.fi\\\/kehuva\\\/somebody-ja-ruoka\\\/\"]}]},{\"@type\":\"ImageObject\",\"inLanguage\":\"fi\",\"@id\":\"https:\\\/\\\/sites.uef.fi\\\/kehuva\\\/somebody-ja-ruoka\\\/#primaryimage\",\"url\":\"https:\\\/\\\/sites.uef.fi\\\/kehuva\\\/wp-content\\\/uploads\\\/sites\\\/416\\\/2023\\\/11\\\/image-3.png\",\"contentUrl\":\"https:\\\/\\\/sites.uef.fi\\\/kehuva\\\/wp-content\\\/uploads\\\/sites\\\/416\\\/2023\\\/11\\\/image-3.png\",\"width\":212,\"height\":300},{\"@type\":\"BreadcrumbList\",\"@id\":\"https:\\\/\\\/sites.uef.fi\\\/kehuva\\\/somebody-ja-ruoka\\\/#breadcrumb\",\"itemListElement\":[{\"@type\":\"ListItem\",\"position\":1,\"name\":\"Home\",\"item\":\"https:\\\/\\\/sites.uef.fi\\\/kehuva\\\/\"},{\"@type\":\"ListItem\",\"position\":2,\"name\":\"SomeBody\u00ae ja ruoka\"}]},{\"@type\":\"WebSite\",\"@id\":\"https:\\\/\\\/sites.uef.fi\\\/kehuva\\\/#website\",\"url\":\"https:\\\/\\\/sites.uef.fi\\\/kehuva\\\/\",\"name\":\"KEHUVA lyhyesti\",\"description\":\"\",\"publisher\":{\"@id\":\"https:\\\/\\\/sites.uef.fi\\\/kehuva\\\/#organization\"},\"potentialAction\":[{\"@type\":\"SearchAction\",\"target\":{\"@type\":\"EntryPoint\",\"urlTemplate\":\"https:\\\/\\\/sites.uef.fi\\\/kehuva\\\/?s={search_term_string}\"},\"query-input\":{\"@type\":\"PropertyValueSpecification\",\"valueRequired\":true,\"valueName\":\"search_term_string\"}}],\"inLanguage\":\"fi\"},{\"@type\":\"Organization\",\"@id\":\"https:\\\/\\\/sites.uef.fi\\\/kehuva\\\/#organization\",\"name\":\"KEHUVA lyhyesti\",\"url\":\"https:\\\/\\\/sites.uef.fi\\\/kehuva\\\/\",\"logo\":{\"@type\":\"ImageObject\",\"inLanguage\":\"fi\",\"@id\":\"https:\\\/\\\/sites.uef.fi\\\/kehuva\\\/#\\\/schema\\\/logo\\\/image\\\/\",\"url\":\"https:\\\/\\\/sites.uef.fi\\\/kehuva\\\/wp-content\\\/uploads\\\/sites\\\/416\\\/2023\\\/03\\\/cropped-UEF_wordpress_white.png\",\"contentUrl\":\"https:\\\/\\\/sites.uef.fi\\\/kehuva\\\/wp-content\\\/uploads\\\/sites\\\/416\\\/2023\\\/03\\\/cropped-UEF_wordpress_white.png\",\"width\":250,\"height\":250,\"caption\":\"KEHUVA lyhyesti\"},\"image\":{\"@id\":\"https:\\\/\\\/sites.uef.fi\\\/kehuva\\\/#\\\/schema\\\/logo\\\/image\\\/\"}}]}<\/script>\n<!-- \/ Yoast SEO plugin. -->","yoast_head_json":{"title":"SomeBody\u00ae ja ruoka - KEHUVA lyhyesti","robots":{"index":"index","follow":"follow","max-snippet":"max-snippet:-1","max-image-preview":"max-image-preview:large","max-video-preview":"max-video-preview:-1"},"canonical":"https:\/\/sites.uef.fi\/kehuva\/somebody-ja-ruoka\/","og_locale":"fi_FI","og_type":"article","og_title":"SomeBody\u00ae ja ruoka - KEHUVA lyhyesti","og_description":"SomeBody\u00ae-menetelm\u00e4n ruokasovellus on tarkoitettu sosiaali-, terveys-, kuntoutus- ja kasvatusalan ammattilaisille kokonaisvaltaiseksi toimintatavaksi, jossa taustalla on ajatus biopsykososiaalisesta terveyden ja hyvinvoinnin edist\u00e4misest\u00e4. Ruokasovelluksen kehitysty\u00f6ss\u00e4 KEHUVA-l\u00e4hestymistapaa yhdisteltiin SomeBody\u00ae-menetelm\u00e4\u00e4n sek\u00e4 menetelm\u00e4ss\u00e4 k\u00e4ytett\u00e4viin harjoituksiin ja arviointimenetelmiin. Kehitt\u00e4misty\u00f6 tehtiin osana sosiaali- ja terveysministeri\u00f6n (STM) rahoittamaa SomeBody menetelm\u00e4ksi kuntien hyvinvointity\u00f6h\u00f6n -hanketta (2018\u20132020). Tutustu hankkeen tuloksiin (linkki avautuu uuteen v\u00e4lilehteen). Hankkeessa kehitettiin [&hellip;]","og_url":"https:\/\/sites.uef.fi\/kehuva\/somebody-ja-ruoka\/","og_site_name":"KEHUVA lyhyesti","article_modified_time":"2023-11-14T11:15:50+00:00","og_image":[{"url":"https:\/\/sites.uef.fi\/kehuva\/wp-content\/uploads\/sites\/416\/2023\/11\/image-3.png","type":"","width":"","height":""}],"twitter_card":"summary_large_image","twitter_misc":{"Arvioitu lukuaika":"2 minuuttia"},"schema":{"@context":"https:\/\/schema.org","@graph":[{"@type":"WebPage","@id":"https:\/\/sites.uef.fi\/kehuva\/somebody-ja-ruoka\/","url":"https:\/\/sites.uef.fi\/kehuva\/somebody-ja-ruoka\/","name":"SomeBody\u00ae ja ruoka - KEHUVA lyhyesti","isPartOf":{"@id":"https:\/\/sites.uef.fi\/kehuva\/#website"},"primaryImageOfPage":{"@id":"https:\/\/sites.uef.fi\/kehuva\/somebody-ja-ruoka\/#primaryimage"},"image":{"@id":"https:\/\/sites.uef.fi\/kehuva\/somebody-ja-ruoka\/#primaryimage"},"thumbnailUrl":"https:\/\/sites.uef.fi\/kehuva\/wp-content\/uploads\/sites\/416\/2023\/11\/image-3.png","datePublished":"2023-04-20T10:06:59+00:00","dateModified":"2023-11-14T11:15:50+00:00","breadcrumb":{"@id":"https:\/\/sites.uef.fi\/kehuva\/somebody-ja-ruoka\/#breadcrumb"},"inLanguage":"fi","potentialAction":[{"@type":"ReadAction","target":["https:\/\/sites.uef.fi\/kehuva\/somebody-ja-ruoka\/"]}]},{"@type":"ImageObject","inLanguage":"fi","@id":"https:\/\/sites.uef.fi\/kehuva\/somebody-ja-ruoka\/#primaryimage","url":"https:\/\/sites.uef.fi\/kehuva\/wp-content\/uploads\/sites\/416\/2023\/11\/image-3.png","contentUrl":"https:\/\/sites.uef.fi\/kehuva\/wp-content\/uploads\/sites\/416\/2023\/11\/image-3.png","width":212,"height":300},{"@type":"BreadcrumbList","@id":"https:\/\/sites.uef.fi\/kehuva\/somebody-ja-ruoka\/#breadcrumb","itemListElement":[{"@type":"ListItem","position":1,"name":"Home","item":"https:\/\/sites.uef.fi\/kehuva\/"},{"@type":"ListItem","position":2,"name":"SomeBody\u00ae ja ruoka"}]},{"@type":"WebSite","@id":"https:\/\/sites.uef.fi\/kehuva\/#website","url":"https:\/\/sites.uef.fi\/kehuva\/","name":"KEHUVA lyhyesti","description":"","publisher":{"@id":"https:\/\/sites.uef.fi\/kehuva\/#organization"},"potentialAction":[{"@type":"SearchAction","target":{"@type":"EntryPoint","urlTemplate":"https:\/\/sites.uef.fi\/kehuva\/?s={search_term_string}"},"query-input":{"@type":"PropertyValueSpecification","valueRequired":true,"valueName":"search_term_string"}}],"inLanguage":"fi"},{"@type":"Organization","@id":"https:\/\/sites.uef.fi\/kehuva\/#organization","name":"KEHUVA lyhyesti","url":"https:\/\/sites.uef.fi\/kehuva\/","logo":{"@type":"ImageObject","inLanguage":"fi","@id":"https:\/\/sites.uef.fi\/kehuva\/#\/schema\/logo\/image\/","url":"https:\/\/sites.uef.fi\/kehuva\/wp-content\/uploads\/sites\/416\/2023\/03\/cropped-UEF_wordpress_white.png","contentUrl":"https:\/\/sites.uef.fi\/kehuva\/wp-content\/uploads\/sites\/416\/2023\/03\/cropped-UEF_wordpress_white.png","width":250,"height":250,"caption":"KEHUVA lyhyesti"},"image":{"@id":"https:\/\/sites.uef.fi\/kehuva\/#\/schema\/logo\/image\/"}}]}},"_links":{"self":[{"href":"https:\/\/sites.uef.fi\/kehuva\/wp-json\/wp\/v2\/pages\/154","targetHints":{"allow":["GET"]}}],"collection":[{"href":"https:\/\/sites.uef.fi\/kehuva\/wp-json\/wp\/v2\/pages"}],"about":[{"href":"https:\/\/sites.uef.fi\/kehuva\/wp-json\/wp\/v2\/types\/page"}],"author":[{"embeddable":true,"href":"https:\/\/sites.uef.fi\/kehuva\/wp-json\/wp\/v2\/users\/972"}],"replies":[{"embeddable":true,"href":"https:\/\/sites.uef.fi\/kehuva\/wp-json\/wp\/v2\/comments?post=154"}],"version-history":[{"count":2,"href":"https:\/\/sites.uef.fi\/kehuva\/wp-json\/wp\/v2\/pages\/154\/revisions"}],"predecessor-version":[{"id":2672,"href":"https:\/\/sites.uef.fi\/kehuva\/wp-json\/wp\/v2\/pages\/154\/revisions\/2672"}],"wp:attachment":[{"href":"https:\/\/sites.uef.fi\/kehuva\/wp-json\/wp\/v2\/media?parent=154"}],"curies":[{"name":"wp","href":"https:\/\/api.w.org\/{rel}","templated":true}]}}