{"id":208,"date":"2023-04-27T08:46:13","date_gmt":"2023-04-27T06:46:13","guid":{"rendered":"https:\/\/sites.uef.fi\/kehuva\/?page_id=208"},"modified":"2023-11-24T11:04:04","modified_gmt":"2023-11-24T09:04:04","slug":"tervetuloa-kehuva-verkkokoulutukseen","status":"publish","type":"page","link":"https:\/\/sites.uef.fi\/kehuva\/tervetuloa-kehuva-verkkokoulutukseen\/","title":{"rendered":"KEHUVA-verkkokoulutus"},"content":{"rendered":"\n<p>KEHUVA-verkkokoulutuksessa&#8230;<\/p>\n\n\n\n<ul class=\"wp-block-list\">\n<li>tutustutaan KEHUVA-ty\u00f6otteeseen ja sen toiminnallisiin menetelmiin.<\/li>\n\n\n\n<li>harjoitellaan omakohtaisesti tunnistamaan ja tiedostamaan suhdetta sy\u00f6miseen ja omaan kehoon.<\/li>\n\n\n\n<li>tarkastellaan, miten kehonkuva, ruokasuhde ja itsearvostus ovat yhteydess\u00e4 toisiinsa.<\/li>\n\n\n\n<li>pohditaan, miten ruoka- ja kehosuhteen omakohtainen tiedostaminen voi siirty\u00e4 voimavaraksi ammatillisiin kohtaamisiin<\/li>\n<\/ul>\n\n\n\n<p><\/p>\n\n\n\t<div id=\"accordion-block_66cd7b4905b44c1489f19c90630325ec\" class=\"accordions\">\n\t\t\t\t\t<div class=\"accordion accordion-js\">\n\t\t\t\t<button class=\"accordion__button\" aria-controls=\"content-1525\" aria-expanded=\"false\" id=\"accordion-control-1525\">\n\t\t\t\t\t<h3 class=\"accordion__heading\" >\n\t\t\t\t\t\tSuoritusohjeet\t\t\t\t\t<\/h3>\n\t\t\t\t<\/button>\n\t\t\t\t<div class=\"accordion__content\" role=\"region\" aria-labelledby=\"accordion-control-1525\" aria-hidden=\"true\" id=\"content-1525\">\n\t\t\t\t\t<p><!-- wp:paragraph --><\/p>\n<p>Alta l\u00f6yd\u00e4t verkkokoulutuksen suoritusohjeet. Voit my\u00f6s ladata suoritusohjeet itsellesi alla olevan lataa-painikkeen avulla. Tutustuthan suoritusohjeisiin huolellisesti ennen verkkokoulutuksen aloittamista.<\/p>\n<div class=\"wp-block-file\"><a href=\"https:\/\/sites.uef.fi\/kehuva\/wp-content\/uploads\/sites\/416\/2023\/11\/KEHUVA-verkkokoulutuksen-suoritusohjeet_upd112023.pdf\">KEHUVA-verkkokoulutuksen-suoritusohjeet<\/a> (Linkki avautuu uuteen v\u00e4lilehteen)<\/div>\n<p><!-- \/wp:paragraph --><\/p>\n\t\t\t\t<\/div>\n\t\t\t<\/div>\n\t\t\t\t\t<div class=\"accordion accordion-js\">\n\t\t\t\t<button class=\"accordion__button\" aria-controls=\"content-2640\" aria-expanded=\"false\" id=\"accordion-control-2640\">\n\t\t\t\t\t<h3 class=\"accordion__heading\" >\n\t\t\t\t\t\tOppimisp\u00e4iv\u00e4kirja\t\t\t\t\t<\/h3>\n\t\t\t\t<\/button>\n\t\t\t\t<div class=\"accordion__content\" role=\"region\" aria-labelledby=\"accordion-control-2640\" aria-hidden=\"true\" id=\"content-2640\">\n\t\t\t\t\t<p><!-- wp:paragraph {\"textColor\":\"very-dark-gray\"} --><\/p>\n<p class=\"has-very-dark-gray-color has-text-color\">KEHUVA-verkkokoulutuksen keskeinen oppimisv\u00e4line on kurssin aikana kirjoitettava oppimisp\u00e4iv\u00e4kirja. Voit ladata oppimisp\u00e4iv\u00e4kirjapohjan alla olevan lataa-painikkeen avulla. Alla oppimisp\u00e4iv\u00e4kirjapohjaan on my\u00f6s linkki, joka avautuu uuteen ikkunaan.<\/p>\n<p><!-- \/wp:paragraph --> <!-- wp:file {\"id\":741,\"href\":\"https:\/\/sites.uef.fi\/kehuva\/wp-content\/uploads\/sites\/416\/2023\/05\/KEHUVA-oppimispaivakirjapohja_upd_kevat-2023.docx\"} --><\/p>\n<div class=\"wp-block-file\"><a id=\"wp-block-file--media-76af140c-7db9-4bc8-8947-43a811395c11\" href=\"https:\/\/sites.uef.fi\/kehuva\/wp-content\/uploads\/sites\/416\/2023\/05\/KEHUVA-oppimispaivakirjapohja_upd_kevat-2023.docx\" target=\"_blank\" rel=\"noreferrer noopener\">KEHUVA-oppimisp\u00e4iv\u00e4kirjapohja<\/a><\/div>\n<p><!-- \/wp:file --><\/p>\n\t\t\t\t<\/div>\n\t\t\t<\/div>\n\t\t\t\t\t<div class=\"accordion accordion-js\">\n\t\t\t\t<button class=\"accordion__button\" aria-controls=\"content-3226\" aria-expanded=\"false\" id=\"accordion-control-3226\">\n\t\t\t\t\t<h3 class=\"accordion__heading\" >\n\t\t\t\t\t\tVerkkokoulutukseen\t\t\t\t\t<\/h3>\n\t\t\t\t<\/button>\n\t\t\t\t<div class=\"accordion__content\" role=\"region\" aria-labelledby=\"accordion-control-3226\" aria-hidden=\"true\" id=\"content-3226\">\n\t\t\t\t\t<p><!-- wp:paragraph --><\/p>\n<p>Koulutus sis\u00e4lt\u00e4\u00e4 seitsem\u00e4n osaa, jotka on suositeltavaa suorittaa alla esitetyss\u00e4 j\u00e4rjestyksess\u00e4.<\/p>\n<p><!-- \/wp:paragraph --> <!-- wp:list {\"ordered\":true} --><\/p>\n<ol>\n<li style=\"list-style-type: none\">\n<ol><!-- wp:list-item --><\/p>\n<li>osa. <a href=\"https:\/\/sites.uef.fi\/kehuva\/osa-1-alkulammittelya\/\" data-type=\"page\" data-id=\"259\">Alkul\u00e4mmittely\u00e4<\/a><\/li>\n<li>osa. <a href=\"https:\/\/sites.uef.fi\/kehuva\/osa-2-kehuva-lahestymistavan-ytimessa-suhde-itseen-suhde-kehoon-ja-suhde-ruokaan\/\" data-type=\"page\" data-id=\"193\">KEHUVAn ytimess\u00e4<\/a><\/li>\n<li>osa. <a href=\"https:\/\/sites.uef.fi\/kehuva\/217-2\/\" data-type=\"page\" data-id=\"217\">Ruokasuhde<\/a><\/li>\n<li>osa. <a href=\"https:\/\/sites.uef.fi\/kehuva\/osa-4\/\" data-type=\"page\" data-id=\"226\">Keho viestii, tunteet ohjaavat vai ulkoinen tieto johdattaa?<\/a><\/li>\n<li>osa. <a href=\"https:\/\/sites.uef.fi\/kehuva\/osa-5-kehosuhde\/\" data-type=\"page\" data-id=\"274\">Kehosuhde<\/a><\/li>\n<li>osa. <a href=\"https:\/\/sites.uef.fi\/kehuva\/osa-6-ruoka-ja-kehosuhdehistoria\/\" data-type=\"page\" data-id=\"292\">Keho- ja ruokasuhdehistoria<\/a><\/li>\n<li>osa. <a href=\"https:\/\/sites.uef.fi\/kehuva\/osa-7-henkilokohtaisesta-ammatilliseen\/\" data-type=\"page\" data-id=\"304\">Henkil\u00f6kohtaisesta ammatilliseen<\/a><\/li>\n<\/ol>\n<\/li>\n<\/ol>\n<p><!-- \/wp:list-item --><\/p>\n<p><!-- \/wp:list --> <!-- wp:paragraph --><\/p>\n<p><a href=\"https:\/\/sites.uef.fi\/kehuva\/koulutuksen-lopuksi\/\" data-type=\"page\" data-id=\"370\">Koulutuksen lopuksi<\/a><\/p>\n<p><!-- \/wp:paragraph --><\/p>\n\t\t\t\t<\/div>\n\t\t\t<\/div>\n\t\t\t<\/div>\n\t\n\n\n<p><\/p>\n\n\n\n<p><\/p>\n","protected":false},"excerpt":{"rendered":"<p>KEHUVA-verkkokoulutuksessa&#8230;<\/p>\n","protected":false},"author":972,"featured_media":0,"parent":0,"menu_order":0,"comment_status":"open","ping_status":"closed","template":"","meta":{"_acf_changed":false,"footnotes":""},"class_list":["post-208","page","type-page","status-publish","hentry"],"acf":[],"yoast_head":"<!-- This site is optimized with the Yoast SEO plugin v27.3 - https:\/\/yoast.com\/product\/yoast-seo-wordpress\/ -->\n<title>KEHUVA-verkkokoulutus - KEHUVA lyhyesti<\/title>\n<meta name=\"robots\" content=\"index, follow, max-snippet:-1, max-image-preview:large, max-video-preview:-1\" \/>\n<link rel=\"canonical\" href=\"https:\/\/sites.uef.fi\/kehuva\/tervetuloa-kehuva-verkkokoulutukseen\/\" \/>\n<meta property=\"og:locale\" content=\"fi_FI\" \/>\n<meta property=\"og:type\" content=\"article\" \/>\n<meta property=\"og:title\" content=\"KEHUVA-verkkokoulutus - KEHUVA lyhyesti\" \/>\n<meta property=\"og:description\" content=\"KEHUVA-verkkokoulutuksessa&#8230;\" \/>\n<meta property=\"og:url\" content=\"https:\/\/sites.uef.fi\/kehuva\/tervetuloa-kehuva-verkkokoulutukseen\/\" \/>\n<meta property=\"og:site_name\" content=\"KEHUVA lyhyesti\" \/>\n<meta property=\"article:modified_time\" content=\"2023-11-24T09:04:04+00:00\" \/>\n<meta name=\"twitter:card\" content=\"summary_large_image\" \/>\n<meta name=\"twitter:label1\" content=\"Arvioitu lukuaika\" \/>\n\t<meta name=\"twitter:data1\" content=\"1 minuutti\" \/>\n<script type=\"application\/ld+json\" class=\"yoast-schema-graph\">{\"@context\":\"https:\\\/\\\/schema.org\",\"@graph\":[{\"@type\":\"WebPage\",\"@id\":\"https:\\\/\\\/sites.uef.fi\\\/kehuva\\\/tervetuloa-kehuva-verkkokoulutukseen\\\/\",\"url\":\"https:\\\/\\\/sites.uef.fi\\\/kehuva\\\/tervetuloa-kehuva-verkkokoulutukseen\\\/\",\"name\":\"KEHUVA-verkkokoulutus - KEHUVA lyhyesti\",\"isPartOf\":{\"@id\":\"https:\\\/\\\/sites.uef.fi\\\/kehuva\\\/#website\"},\"datePublished\":\"2023-04-27T06:46:13+00:00\",\"dateModified\":\"2023-11-24T09:04:04+00:00\",\"breadcrumb\":{\"@id\":\"https:\\\/\\\/sites.uef.fi\\\/kehuva\\\/tervetuloa-kehuva-verkkokoulutukseen\\\/#breadcrumb\"},\"inLanguage\":\"fi\",\"potentialAction\":[{\"@type\":\"ReadAction\",\"target\":[\"https:\\\/\\\/sites.uef.fi\\\/kehuva\\\/tervetuloa-kehuva-verkkokoulutukseen\\\/\"]}]},{\"@type\":\"BreadcrumbList\",\"@id\":\"https:\\\/\\\/sites.uef.fi\\\/kehuva\\\/tervetuloa-kehuva-verkkokoulutukseen\\\/#breadcrumb\",\"itemListElement\":[{\"@type\":\"ListItem\",\"position\":1,\"name\":\"Home\",\"item\":\"https:\\\/\\\/sites.uef.fi\\\/kehuva\\\/\"},{\"@type\":\"ListItem\",\"position\":2,\"name\":\"KEHUVA-verkkokoulutus\"}]},{\"@type\":\"WebSite\",\"@id\":\"https:\\\/\\\/sites.uef.fi\\\/kehuva\\\/#website\",\"url\":\"https:\\\/\\\/sites.uef.fi\\\/kehuva\\\/\",\"name\":\"KEHUVA lyhyesti\",\"description\":\"\",\"publisher\":{\"@id\":\"https:\\\/\\\/sites.uef.fi\\\/kehuva\\\/#organization\"},\"potentialAction\":[{\"@type\":\"SearchAction\",\"target\":{\"@type\":\"EntryPoint\",\"urlTemplate\":\"https:\\\/\\\/sites.uef.fi\\\/kehuva\\\/?s={search_term_string}\"},\"query-input\":{\"@type\":\"PropertyValueSpecification\",\"valueRequired\":true,\"valueName\":\"search_term_string\"}}],\"inLanguage\":\"fi\"},{\"@type\":\"Organization\",\"@id\":\"https:\\\/\\\/sites.uef.fi\\\/kehuva\\\/#organization\",\"name\":\"KEHUVA lyhyesti\",\"url\":\"https:\\\/\\\/sites.uef.fi\\\/kehuva\\\/\",\"logo\":{\"@type\":\"ImageObject\",\"inLanguage\":\"fi\",\"@id\":\"https:\\\/\\\/sites.uef.fi\\\/kehuva\\\/#\\\/schema\\\/logo\\\/image\\\/\",\"url\":\"https:\\\/\\\/sites.uef.fi\\\/kehuva\\\/wp-content\\\/uploads\\\/sites\\\/416\\\/2023\\\/03\\\/cropped-UEF_wordpress_white.png\",\"contentUrl\":\"https:\\\/\\\/sites.uef.fi\\\/kehuva\\\/wp-content\\\/uploads\\\/sites\\\/416\\\/2023\\\/03\\\/cropped-UEF_wordpress_white.png\",\"width\":250,\"height\":250,\"caption\":\"KEHUVA lyhyesti\"},\"image\":{\"@id\":\"https:\\\/\\\/sites.uef.fi\\\/kehuva\\\/#\\\/schema\\\/logo\\\/image\\\/\"}}]}<\/script>\n<!-- \/ Yoast SEO plugin. -->","yoast_head_json":{"title":"KEHUVA-verkkokoulutus - KEHUVA lyhyesti","robots":{"index":"index","follow":"follow","max-snippet":"max-snippet:-1","max-image-preview":"max-image-preview:large","max-video-preview":"max-video-preview:-1"},"canonical":"https:\/\/sites.uef.fi\/kehuva\/tervetuloa-kehuva-verkkokoulutukseen\/","og_locale":"fi_FI","og_type":"article","og_title":"KEHUVA-verkkokoulutus - KEHUVA lyhyesti","og_description":"KEHUVA-verkkokoulutuksessa&#8230;","og_url":"https:\/\/sites.uef.fi\/kehuva\/tervetuloa-kehuva-verkkokoulutukseen\/","og_site_name":"KEHUVA lyhyesti","article_modified_time":"2023-11-24T09:04:04+00:00","twitter_card":"summary_large_image","twitter_misc":{"Arvioitu lukuaika":"1 minuutti"},"schema":{"@context":"https:\/\/schema.org","@graph":[{"@type":"WebPage","@id":"https:\/\/sites.uef.fi\/kehuva\/tervetuloa-kehuva-verkkokoulutukseen\/","url":"https:\/\/sites.uef.fi\/kehuva\/tervetuloa-kehuva-verkkokoulutukseen\/","name":"KEHUVA-verkkokoulutus - KEHUVA lyhyesti","isPartOf":{"@id":"https:\/\/sites.uef.fi\/kehuva\/#website"},"datePublished":"2023-04-27T06:46:13+00:00","dateModified":"2023-11-24T09:04:04+00:00","breadcrumb":{"@id":"https:\/\/sites.uef.fi\/kehuva\/tervetuloa-kehuva-verkkokoulutukseen\/#breadcrumb"},"inLanguage":"fi","potentialAction":[{"@type":"ReadAction","target":["https:\/\/sites.uef.fi\/kehuva\/tervetuloa-kehuva-verkkokoulutukseen\/"]}]},{"@type":"BreadcrumbList","@id":"https:\/\/sites.uef.fi\/kehuva\/tervetuloa-kehuva-verkkokoulutukseen\/#breadcrumb","itemListElement":[{"@type":"ListItem","position":1,"name":"Home","item":"https:\/\/sites.uef.fi\/kehuva\/"},{"@type":"ListItem","position":2,"name":"KEHUVA-verkkokoulutus"}]},{"@type":"WebSite","@id":"https:\/\/sites.uef.fi\/kehuva\/#website","url":"https:\/\/sites.uef.fi\/kehuva\/","name":"KEHUVA lyhyesti","description":"","publisher":{"@id":"https:\/\/sites.uef.fi\/kehuva\/#organization"},"potentialAction":[{"@type":"SearchAction","target":{"@type":"EntryPoint","urlTemplate":"https:\/\/sites.uef.fi\/kehuva\/?s={search_term_string}"},"query-input":{"@type":"PropertyValueSpecification","valueRequired":true,"valueName":"search_term_string"}}],"inLanguage":"fi"},{"@type":"Organization","@id":"https:\/\/sites.uef.fi\/kehuva\/#organization","name":"KEHUVA lyhyesti","url":"https:\/\/sites.uef.fi\/kehuva\/","logo":{"@type":"ImageObject","inLanguage":"fi","@id":"https:\/\/sites.uef.fi\/kehuva\/#\/schema\/logo\/image\/","url":"https:\/\/sites.uef.fi\/kehuva\/wp-content\/uploads\/sites\/416\/2023\/03\/cropped-UEF_wordpress_white.png","contentUrl":"https:\/\/sites.uef.fi\/kehuva\/wp-content\/uploads\/sites\/416\/2023\/03\/cropped-UEF_wordpress_white.png","width":250,"height":250,"caption":"KEHUVA lyhyesti"},"image":{"@id":"https:\/\/sites.uef.fi\/kehuva\/#\/schema\/logo\/image\/"}}]}},"_links":{"self":[{"href":"https:\/\/sites.uef.fi\/kehuva\/wp-json\/wp\/v2\/pages\/208","targetHints":{"allow":["GET"]}}],"collection":[{"href":"https:\/\/sites.uef.fi\/kehuva\/wp-json\/wp\/v2\/pages"}],"about":[{"href":"https:\/\/sites.uef.fi\/kehuva\/wp-json\/wp\/v2\/types\/page"}],"author":[{"embeddable":true,"href":"https:\/\/sites.uef.fi\/kehuva\/wp-json\/wp\/v2\/users\/972"}],"replies":[{"embeddable":true,"href":"https:\/\/sites.uef.fi\/kehuva\/wp-json\/wp\/v2\/comments?post=208"}],"version-history":[{"count":2,"href":"https:\/\/sites.uef.fi\/kehuva\/wp-json\/wp\/v2\/pages\/208\/revisions"}],"predecessor-version":[{"id":3038,"href":"https:\/\/sites.uef.fi\/kehuva\/wp-json\/wp\/v2\/pages\/208\/revisions\/3038"}],"wp:attachment":[{"href":"https:\/\/sites.uef.fi\/kehuva\/wp-json\/wp\/v2\/media?parent=208"}],"curies":[{"name":"wp","href":"https:\/\/api.w.org\/{rel}","templated":true}]}}