{"id":259,"date":"2023-04-27T09:14:32","date_gmt":"2023-04-27T07:14:32","guid":{"rendered":"https:\/\/sites.uef.fi\/kehuva\/?page_id=259"},"modified":"2023-11-14T13:57:18","modified_gmt":"2023-11-14T11:57:18","slug":"osa-1-alkulammittelya","status":"publish","type":"page","link":"https:\/\/sites.uef.fi\/kehuva\/osa-1-alkulammittelya\/","title":{"rendered":"Osa 1. Alkul\u00e4mmittely\u00e4"},"content":{"rendered":"\n<p><strong>Osan tavoitteet:<\/strong><\/p>\n\n\n\n<ul class=\"wp-block-list\">\n<li>Alustaa lyhyesti, mist\u00e4 KEHUVA-l\u00e4hestymistavassa on kyse<\/li>\n\n\n\n<li>Her\u00e4tt\u00e4\u00e4&nbsp;pohtimaan, miten ruoka-, ravitsemus- ja kehoteemat n\u00e4kyv\u00e4t omassa ty\u00f6ss\u00e4&nbsp;<\/li>\n\n\n\n<li>Auttaa&nbsp;tunnistamaan, mill\u00e4 tavoin n\u00e4it\u00e4 teemoja k\u00e4sitell\u00e4\u00e4n ja miten niit\u00e4 l\u00e4hestyt\u00e4\u00e4n omassa ty\u00f6ss\u00e4<\/li>\n<\/ul>\n\n\n\n<p class=\"has-vivid-red-color has-text-color\"><strong><mark style=\"background-color:#ffffff\" class=\"has-inline-color has-black-color\">Osan teht\u00e4v\u00e4t:<\/mark><\/strong><\/p>\n\n\n\n<ol class=\"wp-block-list\">\n<li>Oppimisp\u00e4iv\u00e4kirjan kirjoittaminen<\/li>\n<\/ol>\n\n\n\n<figure class=\"wp-block-image size-full is-resized\"><img loading=\"lazy\" decoding=\"async\" width=\"335\" height=\"335\" src=\"https:\/\/sites.uef.fi\/kehuva\/wp-content\/uploads\/sites\/416\/2023\/11\/white_break.png\" alt=\"\" class=\"wp-image-2458\" style=\"aspect-ratio:1;width:55px;height:auto\" srcset=\"https:\/\/sites.uef.fi\/kehuva\/wp-content\/uploads\/sites\/416\/2023\/11\/white_break.png 335w, https:\/\/sites.uef.fi\/kehuva\/wp-content\/uploads\/sites\/416\/2023\/11\/white_break-300x300.png 300w, https:\/\/sites.uef.fi\/kehuva\/wp-content\/uploads\/sites\/416\/2023\/11\/white_break-150x150.png 150w\" sizes=\"auto, (max-width: 335px) 100vw, 335px\" \/><\/figure>\n\n\n\n<h4 class=\"wp-block-heading\"><mark style=\"background-color:#ffffff\" class=\"has-inline-color\">Johdanto teemaan<\/mark><\/h4>\n\n\n\n<p>KEHUVA-l\u00e4hestymistapa on kehitetty STM:n terveyden edist\u00e4misen m\u00e4\u00e4r\u00e4rahasta rahoitetussa kolmevuotisessa (2017-2019) KEHUVA-hankkeessa (Kehonkuva hyvinvoinnin perustana). Kehitetyn ty\u00f6otteen ja siihen sis\u00e4ltyvien ty\u00f6kalujen avulla pyrit\u00e4\u00e4n katkaisemaan heikkoon itsearvostukseen, kehotyytym\u00e4tt\u00f6myyteen ja terveytt\u00e4 heikent\u00e4viin ruokailutottumuksiin liittyv\u00e4 kierre ja siten vahvistamaan yksil\u00f6n toimintakyky\u00e4. &nbsp;<\/p>\n\n\n\n<p>Lis\u00e4tietoja KEHUVA-hankkeesta l\u00f6yd\u00e4t <a href=\"https:\/\/sites.uef.fi\/kehuva\/mika-on-kehuva\/\" data-type=\"page\" data-id=\"49\">t\u00e4\u00e4lt\u00e4.<\/a> <\/p>\n\n\n\n<figure class=\"wp-block-image size-full is-resized\"><img loading=\"lazy\" decoding=\"async\" width=\"335\" height=\"335\" src=\"https:\/\/sites.uef.fi\/kehuva\/wp-content\/uploads\/sites\/416\/2023\/11\/white_break.png\" alt=\"\" class=\"wp-image-2458\" style=\"aspect-ratio:1;width:55px;height:auto\" srcset=\"https:\/\/sites.uef.fi\/kehuva\/wp-content\/uploads\/sites\/416\/2023\/11\/white_break.png 335w, https:\/\/sites.uef.fi\/kehuva\/wp-content\/uploads\/sites\/416\/2023\/11\/white_break-300x300.png 300w, https:\/\/sites.uef.fi\/kehuva\/wp-content\/uploads\/sites\/416\/2023\/11\/white_break-150x150.png 150w\" sizes=\"auto, (max-width: 335px) 100vw, 335px\" \/><\/figure>\n\n\n\n<p class=\"has-vivid-red-color has-text-color\"><strong><mark style=\"background-color:#ffffff\" class=\"has-inline-color has-black-color\">Teht\u00e4v\u00e4 1. Oppimisp\u00e4iv\u00e4kirjan kirjoittaminen<\/mark><\/strong><\/p>\n\n\n\n<p>Pohdi alla olevia kysymyksi\u00e4 oppimisp\u00e4iv\u00e4kirjaasi. Jos et k\u00e4sittele ruoka- tai kehoteemoja nykyisess\u00e4 ty\u00f6ss\u00e4si, mutta olet k\u00e4sitellyt niit\u00e4 ty\u00f6ss\u00e4si aiemmin tai tulet esim. valmistuessasi k\u00e4sittelem\u00e4\u00e4n, voit pohtia kysymyksi\u00e4 n\u00e4iden kautta. Vaihtoehtoisesti voit my\u00f6s pohtia kysymyksi\u00e4 yleisesti sosiaali-, terveys- ja\/tai nuorisoalan n\u00e4k\u00f6kulmasta.&nbsp;<\/p>\n\n\n\n<ol class=\"wp-block-list\">\n<li>Miten ruoka- ja kehoteemat n\u00e4kyv\u00e4t ty\u00f6ss\u00e4ni?&nbsp;<\/li>\n\n\n\n<li>Mill\u00e4 tavoin k\u00e4sittelen n\u00e4it\u00e4 teemoja ty\u00f6ss\u00e4ni?&nbsp;<\/li>\n\n\n\n<li>Millaisia tavoitteita teemojen k\u00e4sittelyyn ty\u00f6ss\u00e4ni liittyy?&nbsp;<\/li>\n\n\n\n<li>Mist\u00e4 tavoitteet ruoka-ja\/tai kehoteemojen k\u00e4sittelyyn tulevat?&nbsp;<\/li>\n\n\n\n<li>Voit my\u00f6s pohtia, koetko ty\u00f6ss\u00e4si tekev\u00e4si ruoka- ja ravitsemuskasvatusta? Jos et, niin miksi et.&nbsp;<\/li>\n<\/ol>\n\n\n\n<p class=\"has-vivid-red-color has-text-color\"><mark style=\"background-color:#ffffff\" class=\"has-inline-color has-black-color\">Huom. Oppimisp\u00e4iv\u00e4kirjapohjan saat ladattua itsellesi koulutuksen <a href=\"https:\/\/sites.uef.fi\/kehuva\/tervetuloa-kehuva-verkkokoulutukseen\/\">etusivulta<\/a>. <\/mark><\/p>\n\n\n\n<figure class=\"wp-block-image size-full is-resized\"><img loading=\"lazy\" decoding=\"async\" width=\"335\" height=\"335\" src=\"https:\/\/sites.uef.fi\/kehuva\/wp-content\/uploads\/sites\/416\/2023\/11\/white_break.png\" alt=\"\" class=\"wp-image-2458\" style=\"aspect-ratio:1;width:55px;height:auto\" srcset=\"https:\/\/sites.uef.fi\/kehuva\/wp-content\/uploads\/sites\/416\/2023\/11\/white_break.png 335w, https:\/\/sites.uef.fi\/kehuva\/wp-content\/uploads\/sites\/416\/2023\/11\/white_break-300x300.png 300w, https:\/\/sites.uef.fi\/kehuva\/wp-content\/uploads\/sites\/416\/2023\/11\/white_break-150x150.png 150w\" sizes=\"auto, (max-width: 335px) 100vw, 335px\" \/><\/figure>\n\n\n\n<p><mark style=\"background-color:#ffffff\" class=\"has-inline-color has-black-color\"><strong><a data-type=\"page\" data-id=\"193\" href=\"https:\/\/sites.uef.fi\/kehuva\/osa-2-kehuva-lahestymistavan-ytimessa-suhde-itseen-suhde-kehoon-ja-suhde-ruokaan\/\">Siirry 2. osaan <\/a>&gt;<\/strong><\/mark><\/p>\n\n\n\n<p><a href=\"https:\/\/sites.uef.fi\/kehuva\/tervetuloa-kehuva-verkkokoulutukseen\/\" data-type=\"page\" data-id=\"208\"><strong>Verkkokoulutuksen etusivulle<\/strong><\/a><\/p>\n","protected":false},"excerpt":{"rendered":"<p>Osan tavoitteet: Osan teht\u00e4v\u00e4t: Johdanto teemaan KEHUVA-l\u00e4hestymistapa on kehitetty STM:n terveyden edist\u00e4misen m\u00e4\u00e4r\u00e4rahasta rahoitetussa kolmevuotisessa (2017-2019) KEHUVA-hankkeessa (Kehonkuva hyvinvoinnin perustana). Kehitetyn ty\u00f6otteen ja siihen sis\u00e4ltyvien ty\u00f6kalujen avulla pyrit\u00e4\u00e4n katkaisemaan heikkoon itsearvostukseen, kehotyytym\u00e4tt\u00f6myyteen ja terveytt\u00e4 heikent\u00e4viin ruokailutottumuksiin liittyv\u00e4 kierre ja siten vahvistamaan yksil\u00f6n toimintakyky\u00e4. &nbsp; Lis\u00e4tietoja KEHUVA-hankkeesta l\u00f6yd\u00e4t t\u00e4\u00e4lt\u00e4. Teht\u00e4v\u00e4 1. Oppimisp\u00e4iv\u00e4kirjan kirjoittaminen Pohdi alla olevia [&hellip;]<\/p>\n","protected":false},"author":972,"featured_media":0,"parent":0,"menu_order":0,"comment_status":"open","ping_status":"closed","template":"","meta":{"_acf_changed":false,"footnotes":""},"class_list":["post-259","page","type-page","status-publish","hentry"],"acf":[],"yoast_head":"<!-- This site is optimized with the Yoast SEO plugin v27.3 - https:\/\/yoast.com\/product\/yoast-seo-wordpress\/ -->\n<title>Osa 1. Alkul\u00e4mmittely\u00e4 - KEHUVA lyhyesti<\/title>\n<meta name=\"robots\" content=\"index, follow, max-snippet:-1, max-image-preview:large, max-video-preview:-1\" \/>\n<link rel=\"canonical\" href=\"https:\/\/sites.uef.fi\/kehuva\/osa-1-alkulammittelya\/\" \/>\n<meta property=\"og:locale\" content=\"fi_FI\" \/>\n<meta property=\"og:type\" content=\"article\" \/>\n<meta property=\"og:title\" content=\"Osa 1. Alkul\u00e4mmittely\u00e4 - KEHUVA lyhyesti\" \/>\n<meta property=\"og:description\" content=\"Osan tavoitteet: Osan teht\u00e4v\u00e4t: Johdanto teemaan KEHUVA-l\u00e4hestymistapa on kehitetty STM:n terveyden edist\u00e4misen m\u00e4\u00e4r\u00e4rahasta rahoitetussa kolmevuotisessa (2017-2019) KEHUVA-hankkeessa (Kehonkuva hyvinvoinnin perustana). Kehitetyn ty\u00f6otteen ja siihen sis\u00e4ltyvien ty\u00f6kalujen avulla pyrit\u00e4\u00e4n katkaisemaan heikkoon itsearvostukseen, kehotyytym\u00e4tt\u00f6myyteen ja terveytt\u00e4 heikent\u00e4viin ruokailutottumuksiin liittyv\u00e4 kierre ja siten vahvistamaan yksil\u00f6n toimintakyky\u00e4. &nbsp; Lis\u00e4tietoja KEHUVA-hankkeesta l\u00f6yd\u00e4t t\u00e4\u00e4lt\u00e4. Teht\u00e4v\u00e4 1. Oppimisp\u00e4iv\u00e4kirjan kirjoittaminen Pohdi alla olevia [&hellip;]\" \/>\n<meta property=\"og:url\" content=\"https:\/\/sites.uef.fi\/kehuva\/osa-1-alkulammittelya\/\" \/>\n<meta property=\"og:site_name\" content=\"KEHUVA lyhyesti\" \/>\n<meta property=\"article:modified_time\" content=\"2023-11-14T11:57:18+00:00\" \/>\n<meta property=\"og:image\" content=\"https:\/\/sites.uef.fi\/kehuva\/wp-content\/uploads\/sites\/416\/2023\/11\/white_break.png\" \/>\n<meta name=\"twitter:card\" content=\"summary_large_image\" \/>\n<meta name=\"twitter:label1\" content=\"Arvioitu lukuaika\" \/>\n\t<meta name=\"twitter:data1\" content=\"2 minuuttia\" \/>\n<script type=\"application\/ld+json\" class=\"yoast-schema-graph\">{\"@context\":\"https:\\\/\\\/schema.org\",\"@graph\":[{\"@type\":\"WebPage\",\"@id\":\"https:\\\/\\\/sites.uef.fi\\\/kehuva\\\/osa-1-alkulammittelya\\\/\",\"url\":\"https:\\\/\\\/sites.uef.fi\\\/kehuva\\\/osa-1-alkulammittelya\\\/\",\"name\":\"Osa 1. Alkul\u00e4mmittely\u00e4 - KEHUVA lyhyesti\",\"isPartOf\":{\"@id\":\"https:\\\/\\\/sites.uef.fi\\\/kehuva\\\/#website\"},\"primaryImageOfPage\":{\"@id\":\"https:\\\/\\\/sites.uef.fi\\\/kehuva\\\/osa-1-alkulammittelya\\\/#primaryimage\"},\"image\":{\"@id\":\"https:\\\/\\\/sites.uef.fi\\\/kehuva\\\/osa-1-alkulammittelya\\\/#primaryimage\"},\"thumbnailUrl\":\"https:\\\/\\\/sites.uef.fi\\\/kehuva\\\/wp-content\\\/uploads\\\/sites\\\/416\\\/2023\\\/11\\\/white_break.png\",\"datePublished\":\"2023-04-27T07:14:32+00:00\",\"dateModified\":\"2023-11-14T11:57:18+00:00\",\"breadcrumb\":{\"@id\":\"https:\\\/\\\/sites.uef.fi\\\/kehuva\\\/osa-1-alkulammittelya\\\/#breadcrumb\"},\"inLanguage\":\"fi\",\"potentialAction\":[{\"@type\":\"ReadAction\",\"target\":[\"https:\\\/\\\/sites.uef.fi\\\/kehuva\\\/osa-1-alkulammittelya\\\/\"]}]},{\"@type\":\"ImageObject\",\"inLanguage\":\"fi\",\"@id\":\"https:\\\/\\\/sites.uef.fi\\\/kehuva\\\/osa-1-alkulammittelya\\\/#primaryimage\",\"url\":\"https:\\\/\\\/sites.uef.fi\\\/kehuva\\\/wp-content\\\/uploads\\\/sites\\\/416\\\/2023\\\/11\\\/white_break.png\",\"contentUrl\":\"https:\\\/\\\/sites.uef.fi\\\/kehuva\\\/wp-content\\\/uploads\\\/sites\\\/416\\\/2023\\\/11\\\/white_break.png\",\"width\":335,\"height\":335},{\"@type\":\"BreadcrumbList\",\"@id\":\"https:\\\/\\\/sites.uef.fi\\\/kehuva\\\/osa-1-alkulammittelya\\\/#breadcrumb\",\"itemListElement\":[{\"@type\":\"ListItem\",\"position\":1,\"name\":\"Home\",\"item\":\"https:\\\/\\\/sites.uef.fi\\\/kehuva\\\/\"},{\"@type\":\"ListItem\",\"position\":2,\"name\":\"Osa 1. Alkul\u00e4mmittely\u00e4\"}]},{\"@type\":\"WebSite\",\"@id\":\"https:\\\/\\\/sites.uef.fi\\\/kehuva\\\/#website\",\"url\":\"https:\\\/\\\/sites.uef.fi\\\/kehuva\\\/\",\"name\":\"KEHUVA lyhyesti\",\"description\":\"\",\"publisher\":{\"@id\":\"https:\\\/\\\/sites.uef.fi\\\/kehuva\\\/#organization\"},\"potentialAction\":[{\"@type\":\"SearchAction\",\"target\":{\"@type\":\"EntryPoint\",\"urlTemplate\":\"https:\\\/\\\/sites.uef.fi\\\/kehuva\\\/?s={search_term_string}\"},\"query-input\":{\"@type\":\"PropertyValueSpecification\",\"valueRequired\":true,\"valueName\":\"search_term_string\"}}],\"inLanguage\":\"fi\"},{\"@type\":\"Organization\",\"@id\":\"https:\\\/\\\/sites.uef.fi\\\/kehuva\\\/#organization\",\"name\":\"KEHUVA lyhyesti\",\"url\":\"https:\\\/\\\/sites.uef.fi\\\/kehuva\\\/\",\"logo\":{\"@type\":\"ImageObject\",\"inLanguage\":\"fi\",\"@id\":\"https:\\\/\\\/sites.uef.fi\\\/kehuva\\\/#\\\/schema\\\/logo\\\/image\\\/\",\"url\":\"https:\\\/\\\/sites.uef.fi\\\/kehuva\\\/wp-content\\\/uploads\\\/sites\\\/416\\\/2023\\\/03\\\/cropped-UEF_wordpress_white.png\",\"contentUrl\":\"https:\\\/\\\/sites.uef.fi\\\/kehuva\\\/wp-content\\\/uploads\\\/sites\\\/416\\\/2023\\\/03\\\/cropped-UEF_wordpress_white.png\",\"width\":250,\"height\":250,\"caption\":\"KEHUVA lyhyesti\"},\"image\":{\"@id\":\"https:\\\/\\\/sites.uef.fi\\\/kehuva\\\/#\\\/schema\\\/logo\\\/image\\\/\"}}]}<\/script>\n<!-- \/ Yoast SEO plugin. -->","yoast_head_json":{"title":"Osa 1. Alkul\u00e4mmittely\u00e4 - KEHUVA lyhyesti","robots":{"index":"index","follow":"follow","max-snippet":"max-snippet:-1","max-image-preview":"max-image-preview:large","max-video-preview":"max-video-preview:-1"},"canonical":"https:\/\/sites.uef.fi\/kehuva\/osa-1-alkulammittelya\/","og_locale":"fi_FI","og_type":"article","og_title":"Osa 1. Alkul\u00e4mmittely\u00e4 - KEHUVA lyhyesti","og_description":"Osan tavoitteet: Osan teht\u00e4v\u00e4t: Johdanto teemaan KEHUVA-l\u00e4hestymistapa on kehitetty STM:n terveyden edist\u00e4misen m\u00e4\u00e4r\u00e4rahasta rahoitetussa kolmevuotisessa (2017-2019) KEHUVA-hankkeessa (Kehonkuva hyvinvoinnin perustana). Kehitetyn ty\u00f6otteen ja siihen sis\u00e4ltyvien ty\u00f6kalujen avulla pyrit\u00e4\u00e4n katkaisemaan heikkoon itsearvostukseen, kehotyytym\u00e4tt\u00f6myyteen ja terveytt\u00e4 heikent\u00e4viin ruokailutottumuksiin liittyv\u00e4 kierre ja siten vahvistamaan yksil\u00f6n toimintakyky\u00e4. &nbsp; Lis\u00e4tietoja KEHUVA-hankkeesta l\u00f6yd\u00e4t t\u00e4\u00e4lt\u00e4. Teht\u00e4v\u00e4 1. Oppimisp\u00e4iv\u00e4kirjan kirjoittaminen Pohdi alla olevia [&hellip;]","og_url":"https:\/\/sites.uef.fi\/kehuva\/osa-1-alkulammittelya\/","og_site_name":"KEHUVA lyhyesti","article_modified_time":"2023-11-14T11:57:18+00:00","og_image":[{"url":"https:\/\/sites.uef.fi\/kehuva\/wp-content\/uploads\/sites\/416\/2023\/11\/white_break.png","type":"","width":"","height":""}],"twitter_card":"summary_large_image","twitter_misc":{"Arvioitu lukuaika":"2 minuuttia"},"schema":{"@context":"https:\/\/schema.org","@graph":[{"@type":"WebPage","@id":"https:\/\/sites.uef.fi\/kehuva\/osa-1-alkulammittelya\/","url":"https:\/\/sites.uef.fi\/kehuva\/osa-1-alkulammittelya\/","name":"Osa 1. Alkul\u00e4mmittely\u00e4 - KEHUVA lyhyesti","isPartOf":{"@id":"https:\/\/sites.uef.fi\/kehuva\/#website"},"primaryImageOfPage":{"@id":"https:\/\/sites.uef.fi\/kehuva\/osa-1-alkulammittelya\/#primaryimage"},"image":{"@id":"https:\/\/sites.uef.fi\/kehuva\/osa-1-alkulammittelya\/#primaryimage"},"thumbnailUrl":"https:\/\/sites.uef.fi\/kehuva\/wp-content\/uploads\/sites\/416\/2023\/11\/white_break.png","datePublished":"2023-04-27T07:14:32+00:00","dateModified":"2023-11-14T11:57:18+00:00","breadcrumb":{"@id":"https:\/\/sites.uef.fi\/kehuva\/osa-1-alkulammittelya\/#breadcrumb"},"inLanguage":"fi","potentialAction":[{"@type":"ReadAction","target":["https:\/\/sites.uef.fi\/kehuva\/osa-1-alkulammittelya\/"]}]},{"@type":"ImageObject","inLanguage":"fi","@id":"https:\/\/sites.uef.fi\/kehuva\/osa-1-alkulammittelya\/#primaryimage","url":"https:\/\/sites.uef.fi\/kehuva\/wp-content\/uploads\/sites\/416\/2023\/11\/white_break.png","contentUrl":"https:\/\/sites.uef.fi\/kehuva\/wp-content\/uploads\/sites\/416\/2023\/11\/white_break.png","width":335,"height":335},{"@type":"BreadcrumbList","@id":"https:\/\/sites.uef.fi\/kehuva\/osa-1-alkulammittelya\/#breadcrumb","itemListElement":[{"@type":"ListItem","position":1,"name":"Home","item":"https:\/\/sites.uef.fi\/kehuva\/"},{"@type":"ListItem","position":2,"name":"Osa 1. Alkul\u00e4mmittely\u00e4"}]},{"@type":"WebSite","@id":"https:\/\/sites.uef.fi\/kehuva\/#website","url":"https:\/\/sites.uef.fi\/kehuva\/","name":"KEHUVA lyhyesti","description":"","publisher":{"@id":"https:\/\/sites.uef.fi\/kehuva\/#organization"},"potentialAction":[{"@type":"SearchAction","target":{"@type":"EntryPoint","urlTemplate":"https:\/\/sites.uef.fi\/kehuva\/?s={search_term_string}"},"query-input":{"@type":"PropertyValueSpecification","valueRequired":true,"valueName":"search_term_string"}}],"inLanguage":"fi"},{"@type":"Organization","@id":"https:\/\/sites.uef.fi\/kehuva\/#organization","name":"KEHUVA lyhyesti","url":"https:\/\/sites.uef.fi\/kehuva\/","logo":{"@type":"ImageObject","inLanguage":"fi","@id":"https:\/\/sites.uef.fi\/kehuva\/#\/schema\/logo\/image\/","url":"https:\/\/sites.uef.fi\/kehuva\/wp-content\/uploads\/sites\/416\/2023\/03\/cropped-UEF_wordpress_white.png","contentUrl":"https:\/\/sites.uef.fi\/kehuva\/wp-content\/uploads\/sites\/416\/2023\/03\/cropped-UEF_wordpress_white.png","width":250,"height":250,"caption":"KEHUVA lyhyesti"},"image":{"@id":"https:\/\/sites.uef.fi\/kehuva\/#\/schema\/logo\/image\/"}}]}},"_links":{"self":[{"href":"https:\/\/sites.uef.fi\/kehuva\/wp-json\/wp\/v2\/pages\/259","targetHints":{"allow":["GET"]}}],"collection":[{"href":"https:\/\/sites.uef.fi\/kehuva\/wp-json\/wp\/v2\/pages"}],"about":[{"href":"https:\/\/sites.uef.fi\/kehuva\/wp-json\/wp\/v2\/types\/page"}],"author":[{"embeddable":true,"href":"https:\/\/sites.uef.fi\/kehuva\/wp-json\/wp\/v2\/users\/972"}],"replies":[{"embeddable":true,"href":"https:\/\/sites.uef.fi\/kehuva\/wp-json\/wp\/v2\/comments?post=259"}],"version-history":[{"count":1,"href":"https:\/\/sites.uef.fi\/kehuva\/wp-json\/wp\/v2\/pages\/259\/revisions"}],"predecessor-version":[{"id":2744,"href":"https:\/\/sites.uef.fi\/kehuva\/wp-json\/wp\/v2\/pages\/259\/revisions\/2744"}],"wp:attachment":[{"href":"https:\/\/sites.uef.fi\/kehuva\/wp-json\/wp\/v2\/media?parent=259"}],"curies":[{"name":"wp","href":"https:\/\/api.w.org\/{rel}","templated":true}]}}