{"id":283,"date":"2023-04-27T09:21:57","date_gmt":"2023-04-27T07:21:57","guid":{"rendered":"https:\/\/sites.uef.fi\/kehuva\/?page_id=283"},"modified":"2023-04-27T09:21:57","modified_gmt":"2023-04-27T07:21:57","slug":"osan-5a-harjoituksen-teksti-myonteinen-kehonkuva","status":"publish","type":"page","link":"https:\/\/sites.uef.fi\/kehuva\/osan-5a-harjoituksen-teksti-myonteinen-kehonkuva\/","title":{"rendered":"Osan 5A harjoituksen teksti: My\u00f6nteinen kehonkuva"},"content":{"rendered":"\n<p>Tarve my\u00f6nteisen kehokuvan (positive body image) m\u00e4\u00e4rittelylle ja tutkimukselle pohjaa kritiikille, jonka mukaan kehonkuvatutkimuksessa on keskitytty liikaa pelk\u00e4st\u00e4\u00e4n kehotyytym\u00e4tt\u00f6myyteen (Tylka ja Wood-Barcalow 2015a). On my\u00f6s esitetty, ett\u00e4 jos kehotyytym\u00e4tt\u00f6myytt\u00e4 pyrit\u00e4\u00e4n v\u00e4hent\u00e4m\u00e4\u00e4n edist\u00e4m\u00e4tt\u00e4 my\u00f6nteist\u00e4 kehonkuvaa, voidaan parhaimmillaankin p\u00e4\u00e4st\u00e4 kehon inhoamisesta sen siet\u00e4miseen.&nbsp;<\/p>\n\n\n\n<p>My\u00f6nteisen kehonkuvan tutkimus nojaa vahvasti vahvuuksiin perustuviin psykologian suuntauksiin (Tylka &amp; Wood-Barcalow 2015a). N\u00e4it\u00e4 suuntauksia ovat humanistinen psykologia, positiivinen psykologia ja ohjauspsykologia. Kirjallisuudessa my\u00f6nteiseen kehonkuvaan liitet\u00e4\u00e4n usein kehoarvostus (body appreciation) ja t\u00e4t\u00e4 k\u00e4ytet\u00e4\u00e4n toisinaan my\u00f6s synonyymina my\u00f6nteiselle kehonkuvalle. Kehoarvostus voidaan k\u00e4sitt\u00e4\u00e4 my\u00f6s my\u00f6nteisen kehonkuvan yhdeksi ulottuvuudeksi.&nbsp;&nbsp;Avalos ja kumppanit (2005) ovat m\u00e4\u00e4ritelleet kehoarvostuksen kehon hyv\u00e4ksymisen\u00e4, kehon my\u00f6nteisen\u00e4 arviointina ja huolen pit\u00e4misen\u00e4 kehosta sek\u00e4 kulttuuristen kauneusihanteiden laajentamisena kapeista kulttuurisista kauneusihanteista (Avalos ym. 2005).&nbsp;<\/p>\n\n\n\n<p>Tylka ja WoodBarcalow (2015a) ovat vuonna 2015 julkaistussa katsaustyyppisess\u00e4 artikkelissaan pyrkineet&nbsp;kuvaamaan, mit\u00e4 my\u00f6nteinen kehonkuva on ja mit\u00e4 se ei ole.&nbsp;&nbsp;Seuraavassa esitell\u00e4\u00e4n my\u00f6nteisen kehonkuvan viitekehyst\u00e4 pohjautuen tuon artikkelin j\u00e4sennykseen.&nbsp;&nbsp;<\/p>\n\n\n\n<p>N\u00e4ytt\u00e4isi siis silt\u00e4, ett\u00e4 samaan aikaan voi sek\u00e4 arvostaa omaa kehoaan ett\u00e4 olla ainakin jollain tasolla tyytym\u00e4t\u00f6n siihen, tai p\u00e4invastoin. My\u00f6nteinen kehonkuva ei siten tarkoita sit\u00e4, ett\u00e4 oltaisiin tyytyv\u00e4isi\u00e4 kaikkeen omassa kehossa. Se ei my\u00f6sk\u00e4\u00e4n rajoitu pelk\u00e4st\u00e4\u00e4n ulkon\u00e4k\u00f6\u00f6n, vaan siihen kuuluvat my\u00f6s muut keholliset ulottuvuudet, kuten kehon toiminnallisuus. My\u00f6nteinen kehonkuva on rakenteeltaan moniulotteinen. Siihen kuuluvat seuraavat ulottuvuudet:&nbsp;&nbsp;<\/p>\n\n\n\n<ol class=\"wp-block-list\">\n<li><strong>Kehoarvostus (body appreciation):<\/strong>Kehon piirteiden, toiminnan ja terveyden arvostusta. Ei yksinomaan ulkon\u00e4\u00f6n tai kulttuurisiin kauneusihanteisiin sopivan kauneuden arvostusta.&nbsp;<\/li>\n\n\n\n<li><strong>Kehon hyv\u00e4ksynt\u00e4 ja rakastaminen (body acceptance and love):<\/strong>Kehossa viihtymisen ja kehon rakastamisen ilmaisemista esim. sen ansiosta, mihin kaikkeen se pystyy ja miten se yhdist\u00e4\u00e4 muihin ihmisiin (esim. etninen alkuper\u00e4). Se ei ole narsismia tai turhamaisuutta, kuten sosiokulttuuristen ulkon\u00e4k\u00f6ihanteiden tavoittelua, ulkon\u00e4\u00f6ll\u00e4 kilpailua tai kehon muokkaamista erilaiseksi mit\u00e4 sen luontaiset piirteet ovat.&nbsp;<\/li>\n\n\n\n<li><strong>Kauneuden ymm\u00e4rt\u00e4minen laajana k\u00e4sitteen\u00e4 (broadly conceptualizing beauty):<\/strong>K\u00e4sitys siit\u00e4, ett\u00e4 monenlaiset ulkomuodot voivat olla kauniita. Luonteenpiirteiden, kuten itseluottamuksen tai jalomielisyyden on ilmaistu lis\u00e4\u00e4v\u00e4n tai olevan osa kauneutta. Kauneus laajana k\u00e4sitteen\u00e4 ei rajoitu kauneuden havaitsemiseen toisissa, se koskee my\u00f6s kauneuden havaitsemista itsess\u00e4. Se ei my\u00f6sk\u00e4\u00e4n ole sama kuin seksuaalinen vieh\u00e4tt\u00e4vyys\/vetovoima, vaan n\u00e4it\u00e4 voidaan havaita toisistaan riippumatta.&nbsp;<\/li>\n\n\n\n<li><strong>Joustava ulkon\u00e4k\u00f6\u00f6n panostaminen (adaptive appearance investment):&nbsp;<\/strong>S\u00e4\u00e4nn\u00f6llist\u00e4 ulkon\u00e4k\u00f6\u00f6n liittyv\u00e4\u00e4 huolenpitoa itsest\u00e4, kuten laittautumista oman tyylitajun ja persoonallisuuden mukaan ja omien luontaisten piirteiden esiin tuomista. Se ei ole oman ulkomuodon tai ulkon\u00e4\u00f6n muuttamista (mahdollisesti turmelemalla) ulkoisten ulkon\u00e4k\u00f6ihanteiden mukaisiksi, oman arvon perustamista ulkon\u00e4\u00f6n varaan tai pakkomielteisyytt\u00e4 ulkon\u00e4\u00f6n muokkaamista kohtaan.&nbsp;<\/li>\n\n\n\n<li><strong>Sis\u00e4inen positiivisuus (inner positivity):<\/strong>Yhteys my\u00f6nteisen kehonkuvan, positiivisten tunteiden (esim. kehoitsevarmuus, optimismi, iloisuus) ja joustavan (adaptive) k\u00e4ytt\u00e4ytymisen (esim. itsest\u00e4 huolehtiminen, toisten auttaminen) v\u00e4lill\u00e4. Sis\u00e4inen positiivisuus voi n\u00e4ky\u00e4 ulosp\u00e4in esim. hymyn\u00e4, puolensa pit\u00e4misen\u00e4, p\u00e4\u00e4 pystyss\u00e4 olemisena ja \u201ds\u00e4teilyn\u00e4\u201d. Sis\u00e4inen positiivisuus ei ole turhamaista tai narsistista asennoitumista omaan ulkon\u00e4k\u00f6\u00f6n, eik\u00e4 se ilmenny turhamaisina tai narsistisina tekoina.&nbsp;<\/li>\n\n\n\n<li><strong>Omaa kehoa koskevan tiedon suodattaminen kehoa suojelevasti (filtering information in a body-protective manner):&nbsp;<\/strong>My\u00f6nteisen kehonkuvan kanssa yhdenmukaisen tiedon vastaanottamista ja sit\u00e4 vaarantavien viestien hylkimist\u00e4. Se ei kuitenkaan ole t\u00e4ysin aukoton suoja, sill\u00e4 vaikka kehonkuva olisi my\u00f6nteinen, siihen liittyville uhille voidaan altistua etenkin aikoina, jolloin ollaan haavoittuvia (esim. v\u00e4syneen\u00e4, stressaantuneena, kun uhka tulee t\u00e4rke\u00e4lt\u00e4 henkil\u00f6lt\u00e4 jne.).&nbsp;<\/li>\n<\/ol>\n\n\n\n<p>Edell\u00e4 kuvatut my\u00f6nteisen kehonkuvan ulottuvuudet eiv\u00e4t ole erill\u00e4\u00e4n toisistaan, vaan ne muodostavat holistisen kokonaisuuden, jossa on yhteisvaikutusta ja -s\u00e4\u00e4tely\u00e4 yksil\u00f6n sis\u00e4isten (esim. ajatukset, tunteet, fysiologia) ja ulkoa vaikuttavien tekij\u00f6iden (esim. perhe, yhteis\u00f6, kulttuuri) v\u00e4lill\u00e4. My\u00f6nteinen kehonkuva on luonteltaan sek\u00e4 pysyv\u00e4\u00e4 (stable) ett\u00e4 mukautuvaa (malleable). Tutkimuksissa on tavallisesti mitattu my\u00f6nteist\u00e4 kehonkuvaa ainoastaan yksil\u00f6n pysyv\u00e4n\u00e4 piirteen\u00e4. N\u00e4ytt\u00f6\u00e4 on kuitenkin alkanut l\u00f6yty\u00e4 siit\u00e4, ett\u00e4 kyseess\u00e4 ei ole pelk\u00e4st\u00e4\u00e4n stabiili piirre, vaan kehonkuva voi muuttua esimerkiksi i\u00e4n karttuessa tai ajattelutavan muuttuessa.&nbsp;<\/p>\n\n\n\n<p>My\u00f6nteinen kehonkuva on yhteydess\u00e4 siihen, miten muiden (esim. l\u00e4heiset ihmiset, korkeampi voima, yhteiskunta) koetaan hyv\u00e4ksyv\u00e4n oma keho. My\u00f6nteist\u00e4 kehonkuvaa voivat ep\u00e4suorasti vahvistaa perheenj\u00e4senten tai yst\u00e4vien osoittamat hienovaraiset hyv\u00e4ksyv\u00e4t, tyyliin tai ulkon\u00e4k\u00f6\u00f6n kohdistuvat viestit (esim. hiustyylin kehuminen), satunnainen ulkon\u00e4k\u00f6\u00f6n liittyv\u00e4 puhe sek\u00e4 kauneutta ja kehon rakastamista koskevat yleiset viestit (esim. jokaisen ainutlaatuisen kauneuden ja kehoarvostuksen esiin tuominen). Yksil\u00f6n kokemus siit\u00e4, ett\u00e4 muut hyv\u00e4ksyv\u00e4t kehon sellaisena kuin se on, saattaa johtaa v\u00e4h\u00e4isemp\u00e4\u00e4n stressiin ulkon\u00e4\u00f6n suhteen ja suunnata huomiota siihen, milt\u00e4 keho tuntuu ja miten se toimii. Ulkon\u00e4k\u00f6\u00f6n liittyv\u00e4t \u201dkohteliaisuudet\u201d, kuten kehon muodon tai silmien kehuminen, saattavat sen sijaan olla yhteydess\u00e4 jopa runsaampaan ep\u00e4terveeseen ulkon\u00e4k\u00f6\u00f6n panostamiseen (esim. oman kehon tarkkailu) ja kehotyytym\u00e4tt\u00f6myyteen. Tylka ja Wood-Barcalow (2015a) huomauttavat, ett\u00e4 kehoon liittyvien kohteliaisuuksien k\u00e4sittely on monimutkainen prosessi. Vaikka kehoon liittyv\u00e4t kohteliaisuudet eiv\u00e4t edist\u00e4isi my\u00f6nteist\u00e4 kehonkuvaa, on hyvin mahdollista, ett\u00e4 ulkon\u00e4k\u00f6paineita aiheuttaa my\u00f6s se, ettei kuule milloinkaan kehoon tai ulkon\u00e4k\u00f6\u00f6n liittyvi\u00e4 kehuja.&nbsp;<\/p>\n\n\n\n<p>My\u00f6nteinen kehonkuva on sosiaalisten identiteettien muokkaamaa. Esimerkiksi kulttuuri, rotu, sukupuoli, ik\u00e4, koko\/painoindeksi, kyvyt, seksuaalinen suuntautuminen, uskonto\/henkisyys ja sosiaalinen status voivat muokata kehonkuvaa. Erilaiset sosiaaliset identiteetit edelleen muuttavat ja muokkaavat kehonkuvan ilmentymist\u00e4 ja merkityst\u00e4 kullekin yksil\u00f6lle. Siten ei ole olemassa yht\u00e4 yhten\u00e4ist\u00e4 my\u00f6nteisen kehonkuvan rakennetta, joka p\u00e4tisi kaikkiin ihmisiin kaikkien sosiaalisten identiteettien sis\u00e4ll\u00e4. Tutkimuksissa on havaittu kehon painoindeksin (BMI) olevan k\u00e4\u00e4nteisess\u00e4 yhteydess\u00e4 my\u00f6nteiseen kehonkuvaan etenkin l\u00e4nsimaissa. T\u00e4m\u00e4 kertoo kehon painoon liittyvist\u00e4 kielteisist\u00e4 asenteista l\u00e4nsimaisessa kulttuurissa. Swami ty\u00f6tovereineen (2012) teki mielenkiintoisen havainnon, jonka mukaan zimbabwelaisten naisten kehotyytyv\u00e4isyys ei liittynyt painoindeksiin, toisin kuin Iso-Britanniaan muuttaneilla verrokeilla. Lis\u00e4ksi kehonpainoon liittyv\u00e4 ristiriita ja kehoarvostus olivat yhteydess\u00e4 altistumiseen l\u00e4nsimaiselle, mutta eiv\u00e4t zimbabwelaiselle medialle.<\/p>\n\n\n\n<p class=\"has-cyan-bluish-gray-color has-text-color\"><em>Teksti\u00e4 muokattu ja lyhennetty 23.5 klo 15.45<\/em><\/p>\n\n\n\n<p><a href=\"https:\/\/sites.uef.fi\/kehuva\/osa-5-kehosuhde\/\" data-type=\"page\" data-id=\"274\">Takaisin 5. osaan<\/a><\/p>\n\n\n\n<div style=\"height:38px\" aria-hidden=\"true\" class=\"wp-block-spacer\"><\/div>\n\n\n\n<p><strong>Kirjallisuus <\/strong><\/p>\n\n\n\n<p><em>Avalos L, Tylka T, Wood-Barcalow N. The Body Appreciation Scale: Development and psychometric evaluation. Body Image 2005;2:285\u2013297<\/em><\/p>\n\n\n\n<p><em>Swami V, Mada R, Tov\u00e9e M. Weight discrepancy and body appreciation of Zimbabwean women in Zimbabwe and Britain. Body Image 2012;9:559\u2013562<\/em><\/p>\n\n\n\n<p><em>Tylka T, Wood-Barcalow N. What is and what is not positive body image? Conceptual foundations and construct definition. Body image 2015;14:118\u201329<\/em><\/p>\n","protected":false},"excerpt":{"rendered":"<p>Tarve my\u00f6nteisen kehokuvan (positive body image) m\u00e4\u00e4rittelylle ja tutkimukselle pohjaa kritiikille, jonka mukaan kehonkuvatutkimuksessa on keskitytty liikaa pelk\u00e4st\u00e4\u00e4n kehotyytym\u00e4tt\u00f6myyteen (Tylka ja Wood-Barcalow 2015a). On my\u00f6s esitetty, ett\u00e4 jos kehotyytym\u00e4tt\u00f6myytt\u00e4 pyrit\u00e4\u00e4n v\u00e4hent\u00e4m\u00e4\u00e4n edist\u00e4m\u00e4tt\u00e4 my\u00f6nteist\u00e4 kehonkuvaa, voidaan parhaimmillaankin p\u00e4\u00e4st\u00e4 kehon inhoamisesta sen siet\u00e4miseen.&nbsp; My\u00f6nteisen kehonkuvan tutkimus nojaa vahvasti vahvuuksiin perustuviin psykologian suuntauksiin (Tylka &amp; Wood-Barcalow 2015a). N\u00e4it\u00e4 [&hellip;]<\/p>\n","protected":false},"author":972,"featured_media":0,"parent":0,"menu_order":0,"comment_status":"closed","ping_status":"closed","template":"","meta":{"_acf_changed":false,"footnotes":""},"class_list":["post-283","page","type-page","status-publish","hentry"],"acf":[],"yoast_head":"<!-- This site is optimized with the Yoast SEO plugin v27.1.1 - https:\/\/yoast.com\/product\/yoast-seo-wordpress\/ -->\n<title>Osan 5A harjoituksen teksti: My\u00f6nteinen kehonkuva - KEHUVA lyhyesti<\/title>\n<meta name=\"robots\" content=\"index, follow, max-snippet:-1, max-image-preview:large, max-video-preview:-1\" \/>\n<link rel=\"canonical\" href=\"https:\/\/sites.uef.fi\/kehuva\/osan-5a-harjoituksen-teksti-myonteinen-kehonkuva\/\" \/>\n<meta property=\"og:locale\" content=\"fi_FI\" \/>\n<meta property=\"og:type\" content=\"article\" \/>\n<meta property=\"og:title\" content=\"Osan 5A harjoituksen teksti: My\u00f6nteinen kehonkuva - KEHUVA lyhyesti\" \/>\n<meta property=\"og:description\" content=\"Tarve my\u00f6nteisen kehokuvan (positive body image) m\u00e4\u00e4rittelylle ja tutkimukselle pohjaa kritiikille, jonka mukaan kehonkuvatutkimuksessa on keskitytty liikaa pelk\u00e4st\u00e4\u00e4n kehotyytym\u00e4tt\u00f6myyteen (Tylka ja Wood-Barcalow 2015a). On my\u00f6s esitetty, ett\u00e4 jos kehotyytym\u00e4tt\u00f6myytt\u00e4 pyrit\u00e4\u00e4n v\u00e4hent\u00e4m\u00e4\u00e4n edist\u00e4m\u00e4tt\u00e4 my\u00f6nteist\u00e4 kehonkuvaa, voidaan parhaimmillaankin p\u00e4\u00e4st\u00e4 kehon inhoamisesta sen siet\u00e4miseen.&nbsp; My\u00f6nteisen kehonkuvan tutkimus nojaa vahvasti vahvuuksiin perustuviin psykologian suuntauksiin (Tylka &amp; Wood-Barcalow 2015a). N\u00e4it\u00e4 [&hellip;]\" \/>\n<meta property=\"og:url\" content=\"https:\/\/sites.uef.fi\/kehuva\/osan-5a-harjoituksen-teksti-myonteinen-kehonkuva\/\" \/>\n<meta property=\"og:site_name\" content=\"KEHUVA lyhyesti\" \/>\n<meta name=\"twitter:card\" content=\"summary_large_image\" \/>\n<meta name=\"twitter:label1\" content=\"Arvioitu lukuaika\" \/>\n\t<meta name=\"twitter:data1\" content=\"5 minuuttia\" \/>\n<script type=\"application\/ld+json\" class=\"yoast-schema-graph\">{\"@context\":\"https:\/\/schema.org\",\"@graph\":[{\"@type\":\"WebPage\",\"@id\":\"https:\/\/sites.uef.fi\/kehuva\/osan-5a-harjoituksen-teksti-myonteinen-kehonkuva\/\",\"url\":\"https:\/\/sites.uef.fi\/kehuva\/osan-5a-harjoituksen-teksti-myonteinen-kehonkuva\/\",\"name\":\"Osan 5A harjoituksen teksti: My\u00f6nteinen kehonkuva - KEHUVA lyhyesti\",\"isPartOf\":{\"@id\":\"https:\/\/sites.uef.fi\/kehuva\/#website\"},\"datePublished\":\"2023-04-27T07:21:57+00:00\",\"breadcrumb\":{\"@id\":\"https:\/\/sites.uef.fi\/kehuva\/osan-5a-harjoituksen-teksti-myonteinen-kehonkuva\/#breadcrumb\"},\"inLanguage\":\"fi\",\"potentialAction\":[{\"@type\":\"ReadAction\",\"target\":[\"https:\/\/sites.uef.fi\/kehuva\/osan-5a-harjoituksen-teksti-myonteinen-kehonkuva\/\"]}]},{\"@type\":\"BreadcrumbList\",\"@id\":\"https:\/\/sites.uef.fi\/kehuva\/osan-5a-harjoituksen-teksti-myonteinen-kehonkuva\/#breadcrumb\",\"itemListElement\":[{\"@type\":\"ListItem\",\"position\":1,\"name\":\"Home\",\"item\":\"https:\/\/sites.uef.fi\/kehuva\/\"},{\"@type\":\"ListItem\",\"position\":2,\"name\":\"Osan 5A harjoituksen teksti: My\u00f6nteinen kehonkuva\"}]},{\"@type\":\"WebSite\",\"@id\":\"https:\/\/sites.uef.fi\/kehuva\/#website\",\"url\":\"https:\/\/sites.uef.fi\/kehuva\/\",\"name\":\"KEHUVA lyhyesti\",\"description\":\"\",\"publisher\":{\"@id\":\"https:\/\/sites.uef.fi\/kehuva\/#organization\"},\"potentialAction\":[{\"@type\":\"SearchAction\",\"target\":{\"@type\":\"EntryPoint\",\"urlTemplate\":\"https:\/\/sites.uef.fi\/kehuva\/?s={search_term_string}\"},\"query-input\":{\"@type\":\"PropertyValueSpecification\",\"valueRequired\":true,\"valueName\":\"search_term_string\"}}],\"inLanguage\":\"fi\"},{\"@type\":\"Organization\",\"@id\":\"https:\/\/sites.uef.fi\/kehuva\/#organization\",\"name\":\"KEHUVA lyhyesti\",\"url\":\"https:\/\/sites.uef.fi\/kehuva\/\",\"logo\":{\"@type\":\"ImageObject\",\"inLanguage\":\"fi\",\"@id\":\"https:\/\/sites.uef.fi\/kehuva\/#\/schema\/logo\/image\/\",\"url\":\"https:\/\/sites.uef.fi\/kehuva\/wp-content\/uploads\/sites\/416\/2023\/03\/cropped-UEF_wordpress_white.png\",\"contentUrl\":\"https:\/\/sites.uef.fi\/kehuva\/wp-content\/uploads\/sites\/416\/2023\/03\/cropped-UEF_wordpress_white.png\",\"width\":250,\"height\":250,\"caption\":\"KEHUVA lyhyesti\"},\"image\":{\"@id\":\"https:\/\/sites.uef.fi\/kehuva\/#\/schema\/logo\/image\/\"}}]}<\/script>\n<!-- \/ Yoast SEO plugin. -->","yoast_head_json":{"title":"Osan 5A harjoituksen teksti: My\u00f6nteinen kehonkuva - KEHUVA lyhyesti","robots":{"index":"index","follow":"follow","max-snippet":"max-snippet:-1","max-image-preview":"max-image-preview:large","max-video-preview":"max-video-preview:-1"},"canonical":"https:\/\/sites.uef.fi\/kehuva\/osan-5a-harjoituksen-teksti-myonteinen-kehonkuva\/","og_locale":"fi_FI","og_type":"article","og_title":"Osan 5A harjoituksen teksti: My\u00f6nteinen kehonkuva - KEHUVA lyhyesti","og_description":"Tarve my\u00f6nteisen kehokuvan (positive body image) m\u00e4\u00e4rittelylle ja tutkimukselle pohjaa kritiikille, jonka mukaan kehonkuvatutkimuksessa on keskitytty liikaa pelk\u00e4st\u00e4\u00e4n kehotyytym\u00e4tt\u00f6myyteen (Tylka ja Wood-Barcalow 2015a). On my\u00f6s esitetty, ett\u00e4 jos kehotyytym\u00e4tt\u00f6myytt\u00e4 pyrit\u00e4\u00e4n v\u00e4hent\u00e4m\u00e4\u00e4n edist\u00e4m\u00e4tt\u00e4 my\u00f6nteist\u00e4 kehonkuvaa, voidaan parhaimmillaankin p\u00e4\u00e4st\u00e4 kehon inhoamisesta sen siet\u00e4miseen.&nbsp; My\u00f6nteisen kehonkuvan tutkimus nojaa vahvasti vahvuuksiin perustuviin psykologian suuntauksiin (Tylka &amp; Wood-Barcalow 2015a). N\u00e4it\u00e4 [&hellip;]","og_url":"https:\/\/sites.uef.fi\/kehuva\/osan-5a-harjoituksen-teksti-myonteinen-kehonkuva\/","og_site_name":"KEHUVA lyhyesti","twitter_card":"summary_large_image","twitter_misc":{"Arvioitu lukuaika":"5 minuuttia"},"schema":{"@context":"https:\/\/schema.org","@graph":[{"@type":"WebPage","@id":"https:\/\/sites.uef.fi\/kehuva\/osan-5a-harjoituksen-teksti-myonteinen-kehonkuva\/","url":"https:\/\/sites.uef.fi\/kehuva\/osan-5a-harjoituksen-teksti-myonteinen-kehonkuva\/","name":"Osan 5A harjoituksen teksti: My\u00f6nteinen kehonkuva - KEHUVA lyhyesti","isPartOf":{"@id":"https:\/\/sites.uef.fi\/kehuva\/#website"},"datePublished":"2023-04-27T07:21:57+00:00","breadcrumb":{"@id":"https:\/\/sites.uef.fi\/kehuva\/osan-5a-harjoituksen-teksti-myonteinen-kehonkuva\/#breadcrumb"},"inLanguage":"fi","potentialAction":[{"@type":"ReadAction","target":["https:\/\/sites.uef.fi\/kehuva\/osan-5a-harjoituksen-teksti-myonteinen-kehonkuva\/"]}]},{"@type":"BreadcrumbList","@id":"https:\/\/sites.uef.fi\/kehuva\/osan-5a-harjoituksen-teksti-myonteinen-kehonkuva\/#breadcrumb","itemListElement":[{"@type":"ListItem","position":1,"name":"Home","item":"https:\/\/sites.uef.fi\/kehuva\/"},{"@type":"ListItem","position":2,"name":"Osan 5A harjoituksen teksti: My\u00f6nteinen kehonkuva"}]},{"@type":"WebSite","@id":"https:\/\/sites.uef.fi\/kehuva\/#website","url":"https:\/\/sites.uef.fi\/kehuva\/","name":"KEHUVA lyhyesti","description":"","publisher":{"@id":"https:\/\/sites.uef.fi\/kehuva\/#organization"},"potentialAction":[{"@type":"SearchAction","target":{"@type":"EntryPoint","urlTemplate":"https:\/\/sites.uef.fi\/kehuva\/?s={search_term_string}"},"query-input":{"@type":"PropertyValueSpecification","valueRequired":true,"valueName":"search_term_string"}}],"inLanguage":"fi"},{"@type":"Organization","@id":"https:\/\/sites.uef.fi\/kehuva\/#organization","name":"KEHUVA lyhyesti","url":"https:\/\/sites.uef.fi\/kehuva\/","logo":{"@type":"ImageObject","inLanguage":"fi","@id":"https:\/\/sites.uef.fi\/kehuva\/#\/schema\/logo\/image\/","url":"https:\/\/sites.uef.fi\/kehuva\/wp-content\/uploads\/sites\/416\/2023\/03\/cropped-UEF_wordpress_white.png","contentUrl":"https:\/\/sites.uef.fi\/kehuva\/wp-content\/uploads\/sites\/416\/2023\/03\/cropped-UEF_wordpress_white.png","width":250,"height":250,"caption":"KEHUVA lyhyesti"},"image":{"@id":"https:\/\/sites.uef.fi\/kehuva\/#\/schema\/logo\/image\/"}}]}},"_links":{"self":[{"href":"https:\/\/sites.uef.fi\/kehuva\/wp-json\/wp\/v2\/pages\/283","targetHints":{"allow":["GET"]}}],"collection":[{"href":"https:\/\/sites.uef.fi\/kehuva\/wp-json\/wp\/v2\/pages"}],"about":[{"href":"https:\/\/sites.uef.fi\/kehuva\/wp-json\/wp\/v2\/types\/page"}],"author":[{"embeddable":true,"href":"https:\/\/sites.uef.fi\/kehuva\/wp-json\/wp\/v2\/users\/972"}],"replies":[{"embeddable":true,"href":"https:\/\/sites.uef.fi\/kehuva\/wp-json\/wp\/v2\/comments?post=283"}],"version-history":[{"count":1,"href":"https:\/\/sites.uef.fi\/kehuva\/wp-json\/wp\/v2\/pages\/283\/revisions"}],"predecessor-version":[{"id":289,"href":"https:\/\/sites.uef.fi\/kehuva\/wp-json\/wp\/v2\/pages\/283\/revisions\/289"}],"wp:attachment":[{"href":"https:\/\/sites.uef.fi\/kehuva\/wp-json\/wp\/v2\/media?parent=283"}],"curies":[{"name":"wp","href":"https:\/\/api.w.org\/{rel}","templated":true}]}}