{"id":292,"date":"2023-04-27T09:23:31","date_gmt":"2023-04-27T07:23:31","guid":{"rendered":"https:\/\/sites.uef.fi\/kehuva\/?page_id=292"},"modified":"2023-11-15T12:39:57","modified_gmt":"2023-11-15T10:39:57","slug":"osa-6-ruoka-ja-kehosuhdehistoria","status":"publish","type":"page","link":"https:\/\/sites.uef.fi\/kehuva\/osa-6-ruoka-ja-kehosuhdehistoria\/","title":{"rendered":"Osa 6. Ruoka- ja kehosuhdehistoria"},"content":{"rendered":"\n<p class=\"has-vivid-red-color has-text-color\"><strong><mark style=\"background-color:#ffffff\" class=\"has-inline-color has-black-color\">Osan tavoitteet: <\/mark><\/strong><\/p>\n\n\n\n<ul class=\"wp-block-list\">\n<li>Tutustua siihen, miten oma suhde ruokaan ja omaan kehoon on kehittynyt ja muuttunut vuosien varrella sek\u00e4 mitk\u00e4 tekij\u00e4t siihen ovat vaikuttaneet.<\/li>\n\n\n\n<li>Tunnistaa omakohtaisesti, onko omalla kehosuhteella yhteytt\u00e4 siihen, miten sy\u00f6n&nbsp;<\/li>\n\n\n\n<li>Her\u00e4tt\u00e4\u00e4 pohtimaan omaa ruoka- ja kehosuhdetta erityisesti ulkoisten vaikuttimien kautta: Mitk\u00e4 tekij\u00e4t ovat vaikuttaneet omaan keho- tai ruokasuhteeseen? Miten ja miksi sy\u00f6misk\u00e4ytt\u00e4ytymiseni on vuosien varrella muuttunut?&nbsp;<\/li>\n<\/ul>\n\n\n\n<p class=\"has-vivid-red-color has-text-color\"><strong><mark style=\"background-color:#ffffff\" class=\"has-inline-color has-black-color\">Osan teht\u00e4v\u00e4t:<\/mark><\/strong><\/p>\n\n\n\n<ol class=\"wp-block-list\">\n<li>Harjoitus: Oma ruokasuhdehistoriani<\/li>\n\n\n\n<li>Oppimisp\u00e4iv\u00e4kirjan kirjoittaminen<\/li>\n<\/ol>\n\n\n\n<figure class=\"wp-block-image size-full is-resized\"><img loading=\"lazy\" decoding=\"async\" width=\"335\" height=\"335\" src=\"https:\/\/sites.uef.fi\/kehuva\/wp-content\/uploads\/sites\/416\/2023\/11\/white_break.png\" alt=\"\" class=\"wp-image-2458\" style=\"aspect-ratio:1;width:60px;height:auto\" srcset=\"https:\/\/sites.uef.fi\/kehuva\/wp-content\/uploads\/sites\/416\/2023\/11\/white_break.png 335w, https:\/\/sites.uef.fi\/kehuva\/wp-content\/uploads\/sites\/416\/2023\/11\/white_break-300x300.png 300w, https:\/\/sites.uef.fi\/kehuva\/wp-content\/uploads\/sites\/416\/2023\/11\/white_break-150x150.png 150w\" sizes=\"auto, (max-width: 335px) 100vw, 335px\" \/><\/figure>\n\n\n\n<h4 class=\"wp-block-heading\">Johdanto teemaan<\/h4>\n\n\n\n<p>Ruoka- ja kehosuhteemme kehittyy ja muuttuu l\u00e4pi el\u00e4m\u00e4n. T\u00e4m\u00e4n osion tarkoituksena on tarkastella ruoka- ja kehosuhteen moniulotteisuutta ja ainutlaatuisuutta sek\u00e4 sit\u00e4, miten erilaiset ymp\u00e4rist\u00f6t, kokemukset, sosiaalinen vuorovaikutus ja ymp\u00e4r\u00f6iv\u00e4 yhteiskunta muokkaavat ajatteluamme, arvojamme, tunteitamme ja k\u00e4ytt\u00e4ytymist\u00e4mme. N\u00e4m\u00e4 kaikki heijastuvat sek\u00e4 ruoka- ett\u00e4 kehosuhteeseemme.&nbsp;<\/p>\n\n\n\n<p>Osion ruoka- ja kehosuhteen historia -harjoituksessa pys\u00e4hdyt\u00e4\u00e4n omakohtaisesti tarkastelemaan, miten el\u00e4m\u00e4mme eri vaiheet ovat j\u00e4tt\u00e4neet j\u00e4lkens\u00e4 ja muokanneet omaaruoka- ja kehosuhdettamme. Tavoitteena on huomata, miten monet eri asiat, henkil\u00f6t ja el\u00e4m\u00e4nvaiheet voivat vaikuttaa siihen, mit\u00e4 ajattelemme itsest\u00e4mme ja kehostamme juuri nyt sek\u00e4 siihen, miten suhtaudumme ruokaan. Lis\u00e4ksi on t\u00e4rke\u00e4\u00e4 oppia tunnistamaan, miten suhteemme omaan kehoomme voi vaikuttaa siihen, miten ja mit\u00e4 me sy\u00f6mme.&nbsp;<\/p>\n\n\n\n<figure class=\"wp-block-image size-full is-resized\"><img loading=\"lazy\" decoding=\"async\" width=\"335\" height=\"335\" src=\"https:\/\/sites.uef.fi\/kehuva\/wp-content\/uploads\/sites\/416\/2023\/11\/white_break.png\" alt=\"\" class=\"wp-image-2458\" style=\"aspect-ratio:1;width:53px;height:auto\" srcset=\"https:\/\/sites.uef.fi\/kehuva\/wp-content\/uploads\/sites\/416\/2023\/11\/white_break.png 335w, https:\/\/sites.uef.fi\/kehuva\/wp-content\/uploads\/sites\/416\/2023\/11\/white_break-300x300.png 300w, https:\/\/sites.uef.fi\/kehuva\/wp-content\/uploads\/sites\/416\/2023\/11\/white_break-150x150.png 150w\" sizes=\"auto, (max-width: 335px) 100vw, 335px\" \/><\/figure>\n\n\n\n<p class=\"has-vivid-red-color has-text-color\"><strong><mark style=\"background-color:#ffffff\" class=\"has-inline-color has-black-color\">Teht\u00e4v\u00e4 1. Harjoitus: Oma ruokasuhde historiani<\/mark><\/strong><\/p>\n\n\n\n<p>Ruokasuhde-viitekehykseen liittyy vahvasti ajatus ruokasuhteen kehittymisest\u00e4 koko el\u00e4m\u00e4n kulun ajan. Sill\u00e4, miten t\u00e4n\u00e4\u00e4n suhtaudumme ruokaan, voi olla juurensa kaukana menneisyydess\u00e4. Erilaiset ruokaan ja sy\u00f6miseen liittyv\u00e4t kokemukset muokkaavat ruokasuhdettamme jatkuvasti.  Joskus oman ruokasuhde-el\u00e4m\u00e4ntarinan avaaminen voi auttaa meit\u00e4 ymm\u00e4rt\u00e4m\u00e4\u00e4n paremmin sit\u00e4, miksi suhtaudumme ruokaan ja sy\u00f6miseen niin kuin suhtaudumme. <\/p>\n\n\n\n<p>Seuraava video johdattaa oma ruokasuhde historiani -harjoituksen tekemiseen.<\/p>\n\n\n\n<figure class=\"wp-block-embed is-type-video is-provider-youtube wp-block-embed-youtube wp-embed-aspect-16-9 wp-has-aspect-ratio\"><div class=\"wp-block-embed__wrapper\">\n<iframe loading=\"lazy\" title=\"Ruokasuhteen historia -harjoituksen ohjeistus\" width=\"500\" height=\"281\" src=\"https:\/\/www.youtube.com\/embed\/FuJs2h5nx4I?feature=oembed\" frameborder=\"0\" allow=\"accelerometer; autoplay; clipboard-write; encrypted-media; gyroscope; picture-in-picture; web-share\" referrerpolicy=\"strict-origin-when-cross-origin\" allowfullscreen><\/iframe>\n<\/div><\/figure>\n\n\n\n<p>L\u00e4hde ohjevideon katsomisen j\u00e4lkeen hahmottelemaan omaa ruoka- ja kehosuhteesi historiaa. Voit mietti\u00e4 harjoitusta tehdess\u00e4si esimerkiksi k\u00e4ytt\u00e4ytymist\u00e4si, ajatuksiasi, arvojasi, resurssejasi tai sosiaalisia roolejasi esimerkiksi seuraavien kysymysten avulla:<\/p>\n\n\n\n<ul class=\"wp-block-list\">\n<li>Mik\u00e4 on ollut sinulle sy\u00f6misess\u00e4 t\u00e4rke\u00e4\u00e4 eri aikoina? Miksi?&nbsp;<\/li>\n\n\n\n<li>Onko suhteesi ruokaan muuttunut tietyiss\u00e4 el\u00e4m\u00e4n muutoskohdissa, kuten esimerkiksi vanhempien ero, muutto pois kotoa, perheen perustaminen, vanhemmaksi tulo jne.<\/li>\n\n\n\n<li>Onko suhteesi kehoosi vaikuttanut ruokasuhteeseesi?<\/li>\n\n\n\n<li>Onko suhteesi kehoosi muuttunut ajan kuluessa (Miten olisit vastannut BAS-2 kyselyyn eri el\u00e4m\u00e4nvaiheissa)?<\/li>\n<\/ul>\n\n\n\n<p>Voit my\u00f6s aloittaa ruokasuhdehistorian hahmottelemisen tekem\u00e4st\u00e4si ruokasuhdekollaasista pohtimalla, miksi kollaasissa t\u00e4rke\u00e4ksi kokemasi asiat ovat t\u00e4rkeit\u00e4. Ovatko ne olleet aina t\u00e4rkeit\u00e4 vai tulleet jonkin tapahtuman tai kokemuksen my\u00f6t\u00e4 t\u00e4rkeiksi? Ent\u00e4 onko ruokasuhteessasi puolia, joita et halunnut tehd\u00e4 n\u00e4kyv\u00e4ksi kollaasissa? Mist\u00e4 n\u00e4m\u00e4 juontavat juurensa? Ent\u00e4 jos olisit tehnyt kollaasin 10 vuotta sitten. Milt\u00e4 se olisi n\u00e4ytt\u00e4nyt? Onko jokin muuttunut ja miksi?&nbsp;<\/p>\n\n\n\n<p><strong>Harjoituksen purku: <\/strong>parin kanssa tai ryhm\u00e4ss\u00e4<\/p>\n\n\n\n<p>Oma ruokasuhde historiani -harjoituksen purkaminen toteutetaan samalla tavoin kuin aiemmin toteutettu ruokasuhdekollaasin purku. Ryhm\u00e4ss\u00e4 tai parin kanssa purkaessa on siis t\u00e4rke\u00e4\u00e4 varmistaa, ett\u00e4 jokaisella on mahdollisuus kertoa omasta kollaasistaan. Jokainen voi my\u00f6s itse valita, mit\u00e4 haluaa kertoa muille.  Kun kaikki on saanut kertoa omasta kollaasistaan, pohtikaa alla olevia kysymyksi\u00e4 yhdess\u00e4. <\/p>\n\n\n\n<ul class=\"wp-block-list\">\n<li>Millaisia ajatuksia teht\u00e4v\u00e4n tekeminen her\u00e4tti? Teink\u00f6 oivalluksia tai opinko uutta omasta ruoka- tai kehosuhteen historiasta?&nbsp;<\/li>\n<\/ul>\n\n\n\n<p><strong>Harjoituksen purku: <\/strong>itsen\u00e4isesti<\/p>\n\n\n\n<p>Oma ruokasuhde historiani -harjoituksen purkaminen tapahtuu samalla tavoin kuin aiemmin tehdyn ruokasuhdekollaasin. Jos suoritat kurssia itsen\u00e4isesti, voit purkaa oman ruokasuhdehistoriasi kertomalla siit\u00e4 vapaamuotoisesti  ja videoimalla kerrontasi. Katso lopuksi nauhoittamasi video ja pohdi seuraavia kysymyksi\u00e4: <\/p>\n\n\n\n<ul class=\"wp-block-list\">\n<li>Millaisia ajatuksia teht\u00e4v\u00e4n tekeminen her\u00e4tti? Teink\u00f6 oivalluksia tai opinko uutta omasta ruoka- tai kehosuhteen historiasta?&nbsp;<\/li>\n<\/ul>\n\n\n\n<figure class=\"wp-block-image size-full is-resized\"><img loading=\"lazy\" decoding=\"async\" width=\"335\" height=\"335\" src=\"https:\/\/sites.uef.fi\/kehuva\/wp-content\/uploads\/sites\/416\/2023\/11\/white_break.png\" alt=\"\" class=\"wp-image-2458\" style=\"aspect-ratio:1;width:78px;height:auto\" srcset=\"https:\/\/sites.uef.fi\/kehuva\/wp-content\/uploads\/sites\/416\/2023\/11\/white_break.png 335w, https:\/\/sites.uef.fi\/kehuva\/wp-content\/uploads\/sites\/416\/2023\/11\/white_break-300x300.png 300w, https:\/\/sites.uef.fi\/kehuva\/wp-content\/uploads\/sites\/416\/2023\/11\/white_break-150x150.png 150w\" sizes=\"auto, (max-width: 335px) 100vw, 335px\" \/><\/figure>\n\n\n\n<p class=\"has-vivid-red-color has-text-color\"><strong><mark style=\"background-color:#ffffff\" class=\"has-inline-color has-black-color\">Teht\u00e4v\u00e4 3. Oppimisp\u00e4iv\u00e4kirjan kirjoittaminen. <\/mark><\/strong><\/p>\n\n\n\n<p>Osaan sis\u00e4ltyvien teht\u00e4vien suorittamisen j\u00e4lkeen pohdi seuraavia kysymyksi\u00e4 oppimisp\u00e4iv\u00e4kirjaasi.<strong> <\/strong><\/p>\n\n\n\n<ol class=\"wp-block-list\">\n<li>Pohdi, mit\u00e4 oman ruoka- ja kehosuhdehistoria -harjoitus voi tehd\u00e4 n\u00e4kyv\u00e4ksi ja mit\u00e4 hy\u00f6ty\u00e4 t\u00e4llaisesta harjoituksesta voi olla.&nbsp;<\/li>\n\n\n\n<li>Pohdi, milt\u00e4 harjoitus tuntuisi asiakkaistasi? Voisiko joidenkin asioiden kertominen olla vaikeaa tai her\u00e4tt\u00e4\u00e4 h\u00e4pe\u00e4\u00e4? Miksi tai miksi ei?<\/li>\n<\/ol>\n\n\n\n<figure class=\"wp-block-image size-full is-resized\"><img loading=\"lazy\" decoding=\"async\" width=\"335\" height=\"335\" src=\"https:\/\/sites.uef.fi\/kehuva\/wp-content\/uploads\/sites\/416\/2023\/11\/white_break.png\" alt=\"\" class=\"wp-image-2458\" style=\"aspect-ratio:1;width:78px;height:auto\" srcset=\"https:\/\/sites.uef.fi\/kehuva\/wp-content\/uploads\/sites\/416\/2023\/11\/white_break.png 335w, https:\/\/sites.uef.fi\/kehuva\/wp-content\/uploads\/sites\/416\/2023\/11\/white_break-300x300.png 300w, https:\/\/sites.uef.fi\/kehuva\/wp-content\/uploads\/sites\/416\/2023\/11\/white_break-150x150.png 150w\" sizes=\"auto, (max-width: 335px) 100vw, 335px\" \/><\/figure>\n\n\n\n<figure class=\"wp-block-image aligncenter size-large is-resized\"><img loading=\"lazy\" decoding=\"async\" width=\"1024\" height=\"533\" src=\"https:\/\/sites.uef.fi\/kehuva\/wp-content\/uploads\/sites\/416\/2023\/05\/material-icon-g642df18a4_1280-1024x533.png\" alt=\"\" class=\"wp-image-909\" style=\"aspect-ratio:1.9166666666666667;width:212px;height:auto\" \/><\/figure>\n\n\n\n<h2 class=\"wp-block-heading\">Pit\u00e4\u00e4k\u00f6 lautanen sy\u00f6d\u00e4 tyhj\u00e4ksi? <\/h2>\n\n\n\n<figure class=\"wp-block-image alignright size-full is-resized\"><img loading=\"lazy\" decoding=\"async\" width=\"750\" height=\"750\" src=\"https:\/\/sites.uef.fi\/kehuva\/wp-content\/uploads\/sites\/416\/2023\/04\/image-3.png\" alt=\"\" class=\"wp-image-556\" style=\"width:334px;height:334px\" srcset=\"https:\/\/sites.uef.fi\/kehuva\/wp-content\/uploads\/sites\/416\/2023\/04\/image-3.png 750w, https:\/\/sites.uef.fi\/kehuva\/wp-content\/uploads\/sites\/416\/2023\/04\/image-3-300x300.png 300w, https:\/\/sites.uef.fi\/kehuva\/wp-content\/uploads\/sites\/416\/2023\/04\/image-3-150x150.png 150w, https:\/\/sites.uef.fi\/kehuva\/wp-content\/uploads\/sites\/416\/2023\/04\/image-3-100x100.png 100w\" sizes=\"auto, (max-width: 750px) 100vw, 750px\" \/><figcaption class=\"wp-element-caption\">Kuvassa: Podcastin tuottaja Katarina Blomqvist ja jakson vieras yliopisto-opettaja (varhaiskasvatus) Titta Kettukangas<\/figcaption><\/figure>\n\n\n\n<p>Ruokasuhteen kehittyminen alkaa jo varhain ja monet lapsuuden ruokaan liittyv\u00e4t tilanteet ja s\u00e4\u00e4nn\u00f6t voivat n\u00e4ky\u00e4 ruokasuhteessamme viel\u00e4 aikuisena. Oheisessa podcast-jaksossa pureudutaan tulevia varhaiskasvatuksen opettajia opettavan Titta Kettukankaan kanssa lapsuudenaikaiseen ruokakasvatukseen. Miten lapsen my\u00f6nteist\u00e4 ja tasapainoista ruokasuhdetta voidaan edist\u00e4\u00e4? Ent\u00e4 miksi ammattilaisen oma ruokasuhde ansaitsee my\u00f6s huomiota? Kuulet lis\u00e4ksi, mill\u00e4 tavalla Titta itse hy\u00f6dynsi pullan leivontaa varhaiskasvatuksen ruokakasvatuksessa.<\/p>\n\n\n\n<p><a href=\"https:\/\/shows.acast.com\/5e83af0f3dea36ad50cab24c\/5e89e4604f01e86e65278217\" target=\"_blank\" rel=\"noreferrer noopener\">Kuuntele podcast<\/a> (avautuu uudessa v\u00e4lilehdess\u00e4)<\/p>\n\n\n\n<p><a href=\"https:\/\/sites.uef.fi\/kehuva\/tekstivastine-podcast-jaksollepitaako-lautanen-syoda-tyhjaksi\/\" data-type=\"page\" data-id=\"1108\">Podcast-jakson tekstivastine<\/a> <\/p>\n\n\n\n<p>Tuotanto ja tekninen toteutus: Katarina Blomqvist, Slap Media.<\/p>\n\n\n\n<figure class=\"wp-block-image size-full is-resized\"><img loading=\"lazy\" decoding=\"async\" width=\"335\" height=\"335\" src=\"https:\/\/sites.uef.fi\/kehuva\/wp-content\/uploads\/sites\/416\/2023\/11\/white_break.png\" alt=\"\" class=\"wp-image-2458\" style=\"aspect-ratio:1;width:136px;height:auto\" srcset=\"https:\/\/sites.uef.fi\/kehuva\/wp-content\/uploads\/sites\/416\/2023\/11\/white_break.png 335w, https:\/\/sites.uef.fi\/kehuva\/wp-content\/uploads\/sites\/416\/2023\/11\/white_break-300x300.png 300w, https:\/\/sites.uef.fi\/kehuva\/wp-content\/uploads\/sites\/416\/2023\/11\/white_break-150x150.png 150w\" sizes=\"auto, (max-width: 335px) 100vw, 335px\" \/><\/figure>\n\n\n\n<p><a href=\"https:\/\/sites.uef.fi\/kehuva\/osa-7-henkilokohtaisesta-ammatilliseen\/\" data-type=\"page\" data-id=\"304\"><strong>Siirry 7. osaan &gt;<\/strong><\/a><\/p>\n\n\n\n<p><a href=\"https:\/\/sites.uef.fi\/kehuva\/osa-5-kehosuhde\/\" data-type=\"page\" data-id=\"274\"><strong>&lt; Palaa 5. osaan <\/strong><\/a><\/p>\n\n\n\n<p><a href=\"https:\/\/sites.uef.fi\/kehuva\/tervetuloa-kehuva-verkkokoulutukseen\/\" data-type=\"page\" data-id=\"208\"><strong>Verkkokoulutuksen etusivulle<\/strong><\/a><\/p>\n\n\n\n<div style=\"height:100px\" aria-hidden=\"true\" class=\"wp-block-spacer\"><\/div>\n","protected":false},"excerpt":{"rendered":"<p>Osan tavoitteet: Osan teht\u00e4v\u00e4t: Johdanto teemaan Ruoka- ja kehosuhteemme kehittyy ja muuttuu l\u00e4pi el\u00e4m\u00e4n. T\u00e4m\u00e4n osion tarkoituksena on tarkastella ruoka- ja kehosuhteen moniulotteisuutta ja ainutlaatuisuutta sek\u00e4 sit\u00e4, miten erilaiset ymp\u00e4rist\u00f6t, kokemukset, sosiaalinen vuorovaikutus ja ymp\u00e4r\u00f6iv\u00e4 yhteiskunta muokkaavat ajatteluamme, arvojamme, tunteitamme ja k\u00e4ytt\u00e4ytymist\u00e4mme. N\u00e4m\u00e4 kaikki heijastuvat sek\u00e4 ruoka- ett\u00e4 kehosuhteeseemme.&nbsp; Osion ruoka- ja kehosuhteen historia -harjoituksessa [&hellip;]<\/p>\n","protected":false},"author":972,"featured_media":0,"parent":0,"menu_order":0,"comment_status":"closed","ping_status":"closed","template":"","meta":{"_acf_changed":false,"footnotes":""},"class_list":["post-292","page","type-page","status-publish","hentry"],"acf":[],"yoast_head":"<!-- This site is optimized with the Yoast SEO plugin v27.1.1 - https:\/\/yoast.com\/product\/yoast-seo-wordpress\/ -->\n<title>Osa 6. Ruoka- ja kehosuhdehistoria - KEHUVA lyhyesti<\/title>\n<meta name=\"robots\" content=\"index, follow, max-snippet:-1, max-image-preview:large, max-video-preview:-1\" \/>\n<link rel=\"canonical\" href=\"https:\/\/sites.uef.fi\/kehuva\/osa-6-ruoka-ja-kehosuhdehistoria\/\" \/>\n<meta property=\"og:locale\" content=\"fi_FI\" \/>\n<meta property=\"og:type\" content=\"article\" \/>\n<meta property=\"og:title\" content=\"Osa 6. Ruoka- ja kehosuhdehistoria - KEHUVA lyhyesti\" \/>\n<meta property=\"og:description\" content=\"Osan tavoitteet: Osan teht\u00e4v\u00e4t: Johdanto teemaan Ruoka- ja kehosuhteemme kehittyy ja muuttuu l\u00e4pi el\u00e4m\u00e4n. T\u00e4m\u00e4n osion tarkoituksena on tarkastella ruoka- ja kehosuhteen moniulotteisuutta ja ainutlaatuisuutta sek\u00e4 sit\u00e4, miten erilaiset ymp\u00e4rist\u00f6t, kokemukset, sosiaalinen vuorovaikutus ja ymp\u00e4r\u00f6iv\u00e4 yhteiskunta muokkaavat ajatteluamme, arvojamme, tunteitamme ja k\u00e4ytt\u00e4ytymist\u00e4mme. N\u00e4m\u00e4 kaikki heijastuvat sek\u00e4 ruoka- ett\u00e4 kehosuhteeseemme.&nbsp; Osion ruoka- ja kehosuhteen historia -harjoituksessa [&hellip;]\" \/>\n<meta property=\"og:url\" content=\"https:\/\/sites.uef.fi\/kehuva\/osa-6-ruoka-ja-kehosuhdehistoria\/\" \/>\n<meta property=\"og:site_name\" content=\"KEHUVA lyhyesti\" \/>\n<meta property=\"article:modified_time\" content=\"2023-11-15T10:39:57+00:00\" \/>\n<meta property=\"og:image\" content=\"https:\/\/sites.uef.fi\/kehuva\/wp-content\/uploads\/sites\/416\/2023\/11\/white_break.png\" \/>\n<meta name=\"twitter:card\" content=\"summary_large_image\" \/>\n<meta name=\"twitter:label1\" content=\"Arvioitu lukuaika\" \/>\n\t<meta name=\"twitter:data1\" content=\"6 minuuttia\" \/>\n<script type=\"application\/ld+json\" class=\"yoast-schema-graph\">{\"@context\":\"https:\/\/schema.org\",\"@graph\":[{\"@type\":\"WebPage\",\"@id\":\"https:\/\/sites.uef.fi\/kehuva\/osa-6-ruoka-ja-kehosuhdehistoria\/\",\"url\":\"https:\/\/sites.uef.fi\/kehuva\/osa-6-ruoka-ja-kehosuhdehistoria\/\",\"name\":\"Osa 6. Ruoka- ja kehosuhdehistoria - KEHUVA lyhyesti\",\"isPartOf\":{\"@id\":\"https:\/\/sites.uef.fi\/kehuva\/#website\"},\"primaryImageOfPage\":{\"@id\":\"https:\/\/sites.uef.fi\/kehuva\/osa-6-ruoka-ja-kehosuhdehistoria\/#primaryimage\"},\"image\":{\"@id\":\"https:\/\/sites.uef.fi\/kehuva\/osa-6-ruoka-ja-kehosuhdehistoria\/#primaryimage\"},\"thumbnailUrl\":\"https:\/\/sites.uef.fi\/kehuva\/wp-content\/uploads\/sites\/416\/2023\/11\/white_break.png\",\"datePublished\":\"2023-04-27T07:23:31+00:00\",\"dateModified\":\"2023-11-15T10:39:57+00:00\",\"breadcrumb\":{\"@id\":\"https:\/\/sites.uef.fi\/kehuva\/osa-6-ruoka-ja-kehosuhdehistoria\/#breadcrumb\"},\"inLanguage\":\"fi\",\"potentialAction\":[{\"@type\":\"ReadAction\",\"target\":[\"https:\/\/sites.uef.fi\/kehuva\/osa-6-ruoka-ja-kehosuhdehistoria\/\"]}]},{\"@type\":\"ImageObject\",\"inLanguage\":\"fi\",\"@id\":\"https:\/\/sites.uef.fi\/kehuva\/osa-6-ruoka-ja-kehosuhdehistoria\/#primaryimage\",\"url\":\"https:\/\/sites.uef.fi\/kehuva\/wp-content\/uploads\/sites\/416\/2023\/11\/white_break.png\",\"contentUrl\":\"https:\/\/sites.uef.fi\/kehuva\/wp-content\/uploads\/sites\/416\/2023\/11\/white_break.png\",\"width\":335,\"height\":335},{\"@type\":\"BreadcrumbList\",\"@id\":\"https:\/\/sites.uef.fi\/kehuva\/osa-6-ruoka-ja-kehosuhdehistoria\/#breadcrumb\",\"itemListElement\":[{\"@type\":\"ListItem\",\"position\":1,\"name\":\"Home\",\"item\":\"https:\/\/sites.uef.fi\/kehuva\/\"},{\"@type\":\"ListItem\",\"position\":2,\"name\":\"Osa 6. Ruoka- ja kehosuhdehistoria\"}]},{\"@type\":\"WebSite\",\"@id\":\"https:\/\/sites.uef.fi\/kehuva\/#website\",\"url\":\"https:\/\/sites.uef.fi\/kehuva\/\",\"name\":\"KEHUVA lyhyesti\",\"description\":\"\",\"publisher\":{\"@id\":\"https:\/\/sites.uef.fi\/kehuva\/#organization\"},\"potentialAction\":[{\"@type\":\"SearchAction\",\"target\":{\"@type\":\"EntryPoint\",\"urlTemplate\":\"https:\/\/sites.uef.fi\/kehuva\/?s={search_term_string}\"},\"query-input\":{\"@type\":\"PropertyValueSpecification\",\"valueRequired\":true,\"valueName\":\"search_term_string\"}}],\"inLanguage\":\"fi\"},{\"@type\":\"Organization\",\"@id\":\"https:\/\/sites.uef.fi\/kehuva\/#organization\",\"name\":\"KEHUVA lyhyesti\",\"url\":\"https:\/\/sites.uef.fi\/kehuva\/\",\"logo\":{\"@type\":\"ImageObject\",\"inLanguage\":\"fi\",\"@id\":\"https:\/\/sites.uef.fi\/kehuva\/#\/schema\/logo\/image\/\",\"url\":\"https:\/\/sites.uef.fi\/kehuva\/wp-content\/uploads\/sites\/416\/2023\/03\/cropped-UEF_wordpress_white.png\",\"contentUrl\":\"https:\/\/sites.uef.fi\/kehuva\/wp-content\/uploads\/sites\/416\/2023\/03\/cropped-UEF_wordpress_white.png\",\"width\":250,\"height\":250,\"caption\":\"KEHUVA lyhyesti\"},\"image\":{\"@id\":\"https:\/\/sites.uef.fi\/kehuva\/#\/schema\/logo\/image\/\"}}]}<\/script>\n<!-- \/ Yoast SEO plugin. -->","yoast_head_json":{"title":"Osa 6. Ruoka- ja kehosuhdehistoria - KEHUVA lyhyesti","robots":{"index":"index","follow":"follow","max-snippet":"max-snippet:-1","max-image-preview":"max-image-preview:large","max-video-preview":"max-video-preview:-1"},"canonical":"https:\/\/sites.uef.fi\/kehuva\/osa-6-ruoka-ja-kehosuhdehistoria\/","og_locale":"fi_FI","og_type":"article","og_title":"Osa 6. Ruoka- ja kehosuhdehistoria - KEHUVA lyhyesti","og_description":"Osan tavoitteet: Osan teht\u00e4v\u00e4t: Johdanto teemaan Ruoka- ja kehosuhteemme kehittyy ja muuttuu l\u00e4pi el\u00e4m\u00e4n. T\u00e4m\u00e4n osion tarkoituksena on tarkastella ruoka- ja kehosuhteen moniulotteisuutta ja ainutlaatuisuutta sek\u00e4 sit\u00e4, miten erilaiset ymp\u00e4rist\u00f6t, kokemukset, sosiaalinen vuorovaikutus ja ymp\u00e4r\u00f6iv\u00e4 yhteiskunta muokkaavat ajatteluamme, arvojamme, tunteitamme ja k\u00e4ytt\u00e4ytymist\u00e4mme. N\u00e4m\u00e4 kaikki heijastuvat sek\u00e4 ruoka- ett\u00e4 kehosuhteeseemme.&nbsp; Osion ruoka- ja kehosuhteen historia -harjoituksessa [&hellip;]","og_url":"https:\/\/sites.uef.fi\/kehuva\/osa-6-ruoka-ja-kehosuhdehistoria\/","og_site_name":"KEHUVA lyhyesti","article_modified_time":"2023-11-15T10:39:57+00:00","og_image":[{"url":"https:\/\/sites.uef.fi\/kehuva\/wp-content\/uploads\/sites\/416\/2023\/11\/white_break.png","type":"","width":"","height":""}],"twitter_card":"summary_large_image","twitter_misc":{"Arvioitu lukuaika":"6 minuuttia"},"schema":{"@context":"https:\/\/schema.org","@graph":[{"@type":"WebPage","@id":"https:\/\/sites.uef.fi\/kehuva\/osa-6-ruoka-ja-kehosuhdehistoria\/","url":"https:\/\/sites.uef.fi\/kehuva\/osa-6-ruoka-ja-kehosuhdehistoria\/","name":"Osa 6. Ruoka- ja kehosuhdehistoria - KEHUVA lyhyesti","isPartOf":{"@id":"https:\/\/sites.uef.fi\/kehuva\/#website"},"primaryImageOfPage":{"@id":"https:\/\/sites.uef.fi\/kehuva\/osa-6-ruoka-ja-kehosuhdehistoria\/#primaryimage"},"image":{"@id":"https:\/\/sites.uef.fi\/kehuva\/osa-6-ruoka-ja-kehosuhdehistoria\/#primaryimage"},"thumbnailUrl":"https:\/\/sites.uef.fi\/kehuva\/wp-content\/uploads\/sites\/416\/2023\/11\/white_break.png","datePublished":"2023-04-27T07:23:31+00:00","dateModified":"2023-11-15T10:39:57+00:00","breadcrumb":{"@id":"https:\/\/sites.uef.fi\/kehuva\/osa-6-ruoka-ja-kehosuhdehistoria\/#breadcrumb"},"inLanguage":"fi","potentialAction":[{"@type":"ReadAction","target":["https:\/\/sites.uef.fi\/kehuva\/osa-6-ruoka-ja-kehosuhdehistoria\/"]}]},{"@type":"ImageObject","inLanguage":"fi","@id":"https:\/\/sites.uef.fi\/kehuva\/osa-6-ruoka-ja-kehosuhdehistoria\/#primaryimage","url":"https:\/\/sites.uef.fi\/kehuva\/wp-content\/uploads\/sites\/416\/2023\/11\/white_break.png","contentUrl":"https:\/\/sites.uef.fi\/kehuva\/wp-content\/uploads\/sites\/416\/2023\/11\/white_break.png","width":335,"height":335},{"@type":"BreadcrumbList","@id":"https:\/\/sites.uef.fi\/kehuva\/osa-6-ruoka-ja-kehosuhdehistoria\/#breadcrumb","itemListElement":[{"@type":"ListItem","position":1,"name":"Home","item":"https:\/\/sites.uef.fi\/kehuva\/"},{"@type":"ListItem","position":2,"name":"Osa 6. Ruoka- ja kehosuhdehistoria"}]},{"@type":"WebSite","@id":"https:\/\/sites.uef.fi\/kehuva\/#website","url":"https:\/\/sites.uef.fi\/kehuva\/","name":"KEHUVA lyhyesti","description":"","publisher":{"@id":"https:\/\/sites.uef.fi\/kehuva\/#organization"},"potentialAction":[{"@type":"SearchAction","target":{"@type":"EntryPoint","urlTemplate":"https:\/\/sites.uef.fi\/kehuva\/?s={search_term_string}"},"query-input":{"@type":"PropertyValueSpecification","valueRequired":true,"valueName":"search_term_string"}}],"inLanguage":"fi"},{"@type":"Organization","@id":"https:\/\/sites.uef.fi\/kehuva\/#organization","name":"KEHUVA lyhyesti","url":"https:\/\/sites.uef.fi\/kehuva\/","logo":{"@type":"ImageObject","inLanguage":"fi","@id":"https:\/\/sites.uef.fi\/kehuva\/#\/schema\/logo\/image\/","url":"https:\/\/sites.uef.fi\/kehuva\/wp-content\/uploads\/sites\/416\/2023\/03\/cropped-UEF_wordpress_white.png","contentUrl":"https:\/\/sites.uef.fi\/kehuva\/wp-content\/uploads\/sites\/416\/2023\/03\/cropped-UEF_wordpress_white.png","width":250,"height":250,"caption":"KEHUVA lyhyesti"},"image":{"@id":"https:\/\/sites.uef.fi\/kehuva\/#\/schema\/logo\/image\/"}}]}},"_links":{"self":[{"href":"https:\/\/sites.uef.fi\/kehuva\/wp-json\/wp\/v2\/pages\/292","targetHints":{"allow":["GET"]}}],"collection":[{"href":"https:\/\/sites.uef.fi\/kehuva\/wp-json\/wp\/v2\/pages"}],"about":[{"href":"https:\/\/sites.uef.fi\/kehuva\/wp-json\/wp\/v2\/types\/page"}],"author":[{"embeddable":true,"href":"https:\/\/sites.uef.fi\/kehuva\/wp-json\/wp\/v2\/users\/972"}],"replies":[{"embeddable":true,"href":"https:\/\/sites.uef.fi\/kehuva\/wp-json\/wp\/v2\/comments?post=292"}],"version-history":[{"count":1,"href":"https:\/\/sites.uef.fi\/kehuva\/wp-json\/wp\/v2\/pages\/292\/revisions"}],"predecessor-version":[{"id":2795,"href":"https:\/\/sites.uef.fi\/kehuva\/wp-json\/wp\/v2\/pages\/292\/revisions\/2795"}],"wp:attachment":[{"href":"https:\/\/sites.uef.fi\/kehuva\/wp-json\/wp\/v2\/media?parent=292"}],"curies":[{"name":"wp","href":"https:\/\/api.w.org\/{rel}","templated":true}]}}