{"id":313,"date":"2023-04-27T09:55:20","date_gmt":"2023-04-27T07:55:20","guid":{"rendered":"https:\/\/sites.uef.fi\/kehuva\/?page_id=313"},"modified":"2023-06-14T13:14:58","modified_gmt":"2023-06-14T11:14:58","slug":"kehuva-toimintaa-vamos-palveluihin","status":"publish","type":"page","link":"https:\/\/sites.uef.fi\/kehuva\/kehuva-toimintaa-vamos-palveluihin\/","title":{"rendered":"KEHUVAn ja Vamoksen yhteisty\u00f6"},"content":{"rendered":"\n<p>KEHUVA-hankkeen kehitysty\u00f6 on toteutettu yhdess\u00e4  Diakonissalaitoksen Vamos-palveluiden kanssa. Hankkeen alkaessa osa Vamos-palveluiden valmentajista aloitti omakohtaisen KEHUVA-prosessin. Valmentajien prosessiin sis\u00e4ltyi useita ruoka- ja kehoteemaisia ty\u00f6pajoja, jossa he k\u00e4viv\u00e4t l\u00e4pi KEHUVA-koulutuksessa k\u00e4ytettyj\u00e4 harjoitteita ja tutustuivat KEHUVA-toiminnan taustafilosofiaan ja teoriaan. T\u00e4m\u00e4n lis\u00e4ksi valmentajat syvensiv\u00e4t osaamistaan keho- ja itsearvostusteemoihin liittyen KEHUVA-hankkeen t\u00e4ydent\u00e4vien menetelmien Voimauttava valokuvan tai SomeBody\u00ae-menetelm\u00e4n avulla. Lue lis\u00e4\u00e4 <a href=\"https:\/\/sites.uef.fi\/kehuva\/somebody-ja-ruoka\/\" data-type=\"page\" data-id=\"154\">SomeBody-menetelm\u00e4st\u00e4<\/a>.  <\/p>\n\n\n\n<p>Oman prosessinsa p\u00e4\u00e4tteeksi valmentajat l\u00e4htiv\u00e4t yhdess\u00e4 KEHUVA-tiimin kanssa suunnittelemaan ja kehitt\u00e4m\u00e4\u00e4n KEHUVA-toimintaa Vamos-palveluiden piiriss\u00e4 oleville nuorille. T\u00e4m\u00e4n ty\u00f6n my\u00f6t\u00e4 on kehitetty ja testattu suuri m\u00e4\u00e4r\u00e4 erilaisia KEHUVA-teemaan liittyvi\u00e4 k\u00e4yt\u00e4nn\u00f6n harjoituksia ja menetelmi\u00e4. Ty\u00f6n tulokset on koottu s\u00e4hk\u00f6iseen <a href=\"https:\/\/kehuva.home.blog\/\">materiaalipankkiin<\/a>.<\/p>\n\n\n\n<p>Seuraavalla videolla Vamos-valmentajat Katja ja Annukka keskustelevat Sannan kanssa omasta KEHUVA-matkastaan ja kokemuksistaan matkan varrella.<\/p>\n\n\n\n<figure class=\"wp-block-embed is-type-video is-provider-youtube wp-block-embed-youtube wp-embed-aspect-16-9 wp-has-aspect-ratio\"><div class=\"wp-block-embed__wrapper\">\n<iframe loading=\"lazy\" title=\"Henkil\u00f6kohtaisesta ammatilliseen\" width=\"500\" height=\"281\" src=\"https:\/\/www.youtube.com\/embed\/TLxAPSynbb8?feature=oembed\" frameborder=\"0\" allow=\"accelerometer; autoplay; clipboard-write; encrypted-media; gyroscope; picture-in-picture; web-share\" referrerpolicy=\"strict-origin-when-cross-origin\" allowfullscreen><\/iframe>\n<\/div><\/figure>\n\n\n\n<p><\/p>\n","protected":false},"excerpt":{"rendered":"<p>KEHUVA-hankkeen kehitysty\u00f6 on toteutettu yhdess\u00e4 Diakonissalaitoksen Vamos-palveluiden kanssa. Hankkeen alkaessa osa Vamos-palveluiden valmentajista aloitti omakohtaisen KEHUVA-prosessin. Valmentajien prosessiin sis\u00e4ltyi useita ruoka- ja kehoteemaisia ty\u00f6pajoja, jossa he k\u00e4viv\u00e4t l\u00e4pi KEHUVA-koulutuksessa k\u00e4ytettyj\u00e4 harjoitteita ja tutustuivat KEHUVA-toiminnan taustafilosofiaan ja teoriaan. T\u00e4m\u00e4n lis\u00e4ksi valmentajat syvensiv\u00e4t osaamistaan keho- ja itsearvostusteemoihin liittyen KEHUVA-hankkeen t\u00e4ydent\u00e4vien menetelmien Voimauttava valokuvan tai SomeBody\u00ae-menetelm\u00e4n avulla. Lue [&hellip;]<\/p>\n","protected":false},"author":972,"featured_media":0,"parent":0,"menu_order":0,"comment_status":"closed","ping_status":"closed","template":"","meta":{"_acf_changed":false,"footnotes":""},"class_list":["post-313","page","type-page","status-publish","hentry"],"acf":[],"yoast_head":"<!-- This site is optimized with the Yoast SEO plugin v27.3 - https:\/\/yoast.com\/product\/yoast-seo-wordpress\/ -->\n<title>KEHUVAn ja Vamoksen yhteisty\u00f6 - KEHUVA lyhyesti<\/title>\n<meta name=\"robots\" content=\"index, follow, max-snippet:-1, max-image-preview:large, max-video-preview:-1\" \/>\n<link rel=\"canonical\" href=\"https:\/\/sites.uef.fi\/kehuva\/kehuva-toimintaa-vamos-palveluihin\/\" \/>\n<meta property=\"og:locale\" content=\"fi_FI\" \/>\n<meta property=\"og:type\" content=\"article\" \/>\n<meta property=\"og:title\" content=\"KEHUVAn ja Vamoksen yhteisty\u00f6 - KEHUVA lyhyesti\" \/>\n<meta property=\"og:description\" content=\"KEHUVA-hankkeen kehitysty\u00f6 on toteutettu yhdess\u00e4 Diakonissalaitoksen Vamos-palveluiden kanssa. Hankkeen alkaessa osa Vamos-palveluiden valmentajista aloitti omakohtaisen KEHUVA-prosessin. Valmentajien prosessiin sis\u00e4ltyi useita ruoka- ja kehoteemaisia ty\u00f6pajoja, jossa he k\u00e4viv\u00e4t l\u00e4pi KEHUVA-koulutuksessa k\u00e4ytettyj\u00e4 harjoitteita ja tutustuivat KEHUVA-toiminnan taustafilosofiaan ja teoriaan. T\u00e4m\u00e4n lis\u00e4ksi valmentajat syvensiv\u00e4t osaamistaan keho- ja itsearvostusteemoihin liittyen KEHUVA-hankkeen t\u00e4ydent\u00e4vien menetelmien Voimauttava valokuvan tai SomeBody\u00ae-menetelm\u00e4n avulla. Lue [&hellip;]\" \/>\n<meta property=\"og:url\" content=\"https:\/\/sites.uef.fi\/kehuva\/kehuva-toimintaa-vamos-palveluihin\/\" \/>\n<meta property=\"og:site_name\" content=\"KEHUVA lyhyesti\" \/>\n<meta property=\"article:modified_time\" content=\"2023-06-14T11:14:58+00:00\" \/>\n<meta name=\"twitter:card\" content=\"summary_large_image\" \/>\n<meta name=\"twitter:label1\" content=\"Arvioitu lukuaika\" \/>\n\t<meta name=\"twitter:data1\" content=\"1 minuutti\" \/>\n<script type=\"application\/ld+json\" class=\"yoast-schema-graph\">{\"@context\":\"https:\\\/\\\/schema.org\",\"@graph\":[{\"@type\":\"WebPage\",\"@id\":\"https:\\\/\\\/sites.uef.fi\\\/kehuva\\\/kehuva-toimintaa-vamos-palveluihin\\\/\",\"url\":\"https:\\\/\\\/sites.uef.fi\\\/kehuva\\\/kehuva-toimintaa-vamos-palveluihin\\\/\",\"name\":\"KEHUVAn ja Vamoksen yhteisty\u00f6 - KEHUVA lyhyesti\",\"isPartOf\":{\"@id\":\"https:\\\/\\\/sites.uef.fi\\\/kehuva\\\/#website\"},\"datePublished\":\"2023-04-27T07:55:20+00:00\",\"dateModified\":\"2023-06-14T11:14:58+00:00\",\"breadcrumb\":{\"@id\":\"https:\\\/\\\/sites.uef.fi\\\/kehuva\\\/kehuva-toimintaa-vamos-palveluihin\\\/#breadcrumb\"},\"inLanguage\":\"fi\",\"potentialAction\":[{\"@type\":\"ReadAction\",\"target\":[\"https:\\\/\\\/sites.uef.fi\\\/kehuva\\\/kehuva-toimintaa-vamos-palveluihin\\\/\"]}]},{\"@type\":\"BreadcrumbList\",\"@id\":\"https:\\\/\\\/sites.uef.fi\\\/kehuva\\\/kehuva-toimintaa-vamos-palveluihin\\\/#breadcrumb\",\"itemListElement\":[{\"@type\":\"ListItem\",\"position\":1,\"name\":\"Home\",\"item\":\"https:\\\/\\\/sites.uef.fi\\\/kehuva\\\/\"},{\"@type\":\"ListItem\",\"position\":2,\"name\":\"KEHUVAn ja Vamoksen yhteisty\u00f6\"}]},{\"@type\":\"WebSite\",\"@id\":\"https:\\\/\\\/sites.uef.fi\\\/kehuva\\\/#website\",\"url\":\"https:\\\/\\\/sites.uef.fi\\\/kehuva\\\/\",\"name\":\"KEHUVA lyhyesti\",\"description\":\"\",\"publisher\":{\"@id\":\"https:\\\/\\\/sites.uef.fi\\\/kehuva\\\/#organization\"},\"potentialAction\":[{\"@type\":\"SearchAction\",\"target\":{\"@type\":\"EntryPoint\",\"urlTemplate\":\"https:\\\/\\\/sites.uef.fi\\\/kehuva\\\/?s={search_term_string}\"},\"query-input\":{\"@type\":\"PropertyValueSpecification\",\"valueRequired\":true,\"valueName\":\"search_term_string\"}}],\"inLanguage\":\"fi\"},{\"@type\":\"Organization\",\"@id\":\"https:\\\/\\\/sites.uef.fi\\\/kehuva\\\/#organization\",\"name\":\"KEHUVA lyhyesti\",\"url\":\"https:\\\/\\\/sites.uef.fi\\\/kehuva\\\/\",\"logo\":{\"@type\":\"ImageObject\",\"inLanguage\":\"fi\",\"@id\":\"https:\\\/\\\/sites.uef.fi\\\/kehuva\\\/#\\\/schema\\\/logo\\\/image\\\/\",\"url\":\"https:\\\/\\\/sites.uef.fi\\\/kehuva\\\/wp-content\\\/uploads\\\/sites\\\/416\\\/2023\\\/03\\\/cropped-UEF_wordpress_white.png\",\"contentUrl\":\"https:\\\/\\\/sites.uef.fi\\\/kehuva\\\/wp-content\\\/uploads\\\/sites\\\/416\\\/2023\\\/03\\\/cropped-UEF_wordpress_white.png\",\"width\":250,\"height\":250,\"caption\":\"KEHUVA lyhyesti\"},\"image\":{\"@id\":\"https:\\\/\\\/sites.uef.fi\\\/kehuva\\\/#\\\/schema\\\/logo\\\/image\\\/\"}}]}<\/script>\n<!-- \/ Yoast SEO plugin. -->","yoast_head_json":{"title":"KEHUVAn ja Vamoksen yhteisty\u00f6 - KEHUVA lyhyesti","robots":{"index":"index","follow":"follow","max-snippet":"max-snippet:-1","max-image-preview":"max-image-preview:large","max-video-preview":"max-video-preview:-1"},"canonical":"https:\/\/sites.uef.fi\/kehuva\/kehuva-toimintaa-vamos-palveluihin\/","og_locale":"fi_FI","og_type":"article","og_title":"KEHUVAn ja Vamoksen yhteisty\u00f6 - KEHUVA lyhyesti","og_description":"KEHUVA-hankkeen kehitysty\u00f6 on toteutettu yhdess\u00e4 Diakonissalaitoksen Vamos-palveluiden kanssa. Hankkeen alkaessa osa Vamos-palveluiden valmentajista aloitti omakohtaisen KEHUVA-prosessin. Valmentajien prosessiin sis\u00e4ltyi useita ruoka- ja kehoteemaisia ty\u00f6pajoja, jossa he k\u00e4viv\u00e4t l\u00e4pi KEHUVA-koulutuksessa k\u00e4ytettyj\u00e4 harjoitteita ja tutustuivat KEHUVA-toiminnan taustafilosofiaan ja teoriaan. T\u00e4m\u00e4n lis\u00e4ksi valmentajat syvensiv\u00e4t osaamistaan keho- ja itsearvostusteemoihin liittyen KEHUVA-hankkeen t\u00e4ydent\u00e4vien menetelmien Voimauttava valokuvan tai SomeBody\u00ae-menetelm\u00e4n avulla. Lue [&hellip;]","og_url":"https:\/\/sites.uef.fi\/kehuva\/kehuva-toimintaa-vamos-palveluihin\/","og_site_name":"KEHUVA lyhyesti","article_modified_time":"2023-06-14T11:14:58+00:00","twitter_card":"summary_large_image","twitter_misc":{"Arvioitu lukuaika":"1 minuutti"},"schema":{"@context":"https:\/\/schema.org","@graph":[{"@type":"WebPage","@id":"https:\/\/sites.uef.fi\/kehuva\/kehuva-toimintaa-vamos-palveluihin\/","url":"https:\/\/sites.uef.fi\/kehuva\/kehuva-toimintaa-vamos-palveluihin\/","name":"KEHUVAn ja Vamoksen yhteisty\u00f6 - KEHUVA lyhyesti","isPartOf":{"@id":"https:\/\/sites.uef.fi\/kehuva\/#website"},"datePublished":"2023-04-27T07:55:20+00:00","dateModified":"2023-06-14T11:14:58+00:00","breadcrumb":{"@id":"https:\/\/sites.uef.fi\/kehuva\/kehuva-toimintaa-vamos-palveluihin\/#breadcrumb"},"inLanguage":"fi","potentialAction":[{"@type":"ReadAction","target":["https:\/\/sites.uef.fi\/kehuva\/kehuva-toimintaa-vamos-palveluihin\/"]}]},{"@type":"BreadcrumbList","@id":"https:\/\/sites.uef.fi\/kehuva\/kehuva-toimintaa-vamos-palveluihin\/#breadcrumb","itemListElement":[{"@type":"ListItem","position":1,"name":"Home","item":"https:\/\/sites.uef.fi\/kehuva\/"},{"@type":"ListItem","position":2,"name":"KEHUVAn ja Vamoksen yhteisty\u00f6"}]},{"@type":"WebSite","@id":"https:\/\/sites.uef.fi\/kehuva\/#website","url":"https:\/\/sites.uef.fi\/kehuva\/","name":"KEHUVA lyhyesti","description":"","publisher":{"@id":"https:\/\/sites.uef.fi\/kehuva\/#organization"},"potentialAction":[{"@type":"SearchAction","target":{"@type":"EntryPoint","urlTemplate":"https:\/\/sites.uef.fi\/kehuva\/?s={search_term_string}"},"query-input":{"@type":"PropertyValueSpecification","valueRequired":true,"valueName":"search_term_string"}}],"inLanguage":"fi"},{"@type":"Organization","@id":"https:\/\/sites.uef.fi\/kehuva\/#organization","name":"KEHUVA lyhyesti","url":"https:\/\/sites.uef.fi\/kehuva\/","logo":{"@type":"ImageObject","inLanguage":"fi","@id":"https:\/\/sites.uef.fi\/kehuva\/#\/schema\/logo\/image\/","url":"https:\/\/sites.uef.fi\/kehuva\/wp-content\/uploads\/sites\/416\/2023\/03\/cropped-UEF_wordpress_white.png","contentUrl":"https:\/\/sites.uef.fi\/kehuva\/wp-content\/uploads\/sites\/416\/2023\/03\/cropped-UEF_wordpress_white.png","width":250,"height":250,"caption":"KEHUVA lyhyesti"},"image":{"@id":"https:\/\/sites.uef.fi\/kehuva\/#\/schema\/logo\/image\/"}}]}},"_links":{"self":[{"href":"https:\/\/sites.uef.fi\/kehuva\/wp-json\/wp\/v2\/pages\/313","targetHints":{"allow":["GET"]}}],"collection":[{"href":"https:\/\/sites.uef.fi\/kehuva\/wp-json\/wp\/v2\/pages"}],"about":[{"href":"https:\/\/sites.uef.fi\/kehuva\/wp-json\/wp\/v2\/types\/page"}],"author":[{"embeddable":true,"href":"https:\/\/sites.uef.fi\/kehuva\/wp-json\/wp\/v2\/users\/972"}],"replies":[{"embeddable":true,"href":"https:\/\/sites.uef.fi\/kehuva\/wp-json\/wp\/v2\/comments?post=313"}],"version-history":[{"count":1,"href":"https:\/\/sites.uef.fi\/kehuva\/wp-json\/wp\/v2\/pages\/313\/revisions"}],"predecessor-version":[{"id":1448,"href":"https:\/\/sites.uef.fi\/kehuva\/wp-json\/wp\/v2\/pages\/313\/revisions\/1448"}],"wp:attachment":[{"href":"https:\/\/sites.uef.fi\/kehuva\/wp-json\/wp\/v2\/media?parent=313"}],"curies":[{"name":"wp","href":"https:\/\/api.w.org\/{rel}","templated":true}]}}