{"id":370,"date":"2023-04-27T10:17:07","date_gmt":"2023-04-27T08:17:07","guid":{"rendered":"https:\/\/sites.uef.fi\/kehuva\/?page_id=370"},"modified":"2023-11-15T13:54:56","modified_gmt":"2023-11-15T11:54:56","slug":"koulutuksen-lopuksi","status":"publish","type":"page","link":"https:\/\/sites.uef.fi\/kehuva\/koulutuksen-lopuksi\/","title":{"rendered":"Koulutuksen lopuksi"},"content":{"rendered":"\n<p>Olet nyt suorittanut KEHUVA-verkkokoulutukseen sis\u00e4ltyv\u00e4t osat. Oppimisp\u00e4iv\u00e4kirjasi p\u00e4\u00e4set palauttamaan <a href=\"https:\/\/link.webropolsurveys.com\/Participation\/Public\/e14f1c38-8d54-4b67-b506-e17e98f99cf6?displayId=Fin2818837\" target=\"_blank\" rel=\"noreferrer noopener\">t\u00e4\u00e4ll\u00e4<\/a> (linkki avautuu uuteen v\u00e4lilehteen). <\/p>\n\n\n\n<figure class=\"wp-block-image size-large is-resized\"><img loading=\"lazy\" decoding=\"async\" width=\"906\" height=\"1024\" src=\"https:\/\/sites.uef.fi\/kehuva\/wp-content\/uploads\/sites\/416\/2023\/11\/success-4386218_1280-906x1024.png\" alt=\"\" class=\"wp-image-2732\" style=\"aspect-ratio:0.884765625;width:171px;height:auto\" srcset=\"https:\/\/sites.uef.fi\/kehuva\/wp-content\/uploads\/sites\/416\/2023\/11\/success-4386218_1280-906x1024.png 906w, https:\/\/sites.uef.fi\/kehuva\/wp-content\/uploads\/sites\/416\/2023\/11\/success-4386218_1280-265x300.png 265w, https:\/\/sites.uef.fi\/kehuva\/wp-content\/uploads\/sites\/416\/2023\/11\/success-4386218_1280-768x868.png 768w, https:\/\/sites.uef.fi\/kehuva\/wp-content\/uploads\/sites\/416\/2023\/11\/success-4386218_1280.png 1132w\" sizes=\"auto, (max-width: 906px) 100vw, 906px\" \/><\/figure>\n\n\n\n<figure class=\"wp-block-image size-full is-resized\"><img loading=\"lazy\" decoding=\"async\" width=\"335\" height=\"335\" src=\"https:\/\/sites.uef.fi\/kehuva\/wp-content\/uploads\/sites\/416\/2023\/11\/white_break.png\" alt=\"\" class=\"wp-image-2458\" style=\"aspect-ratio:1;width:57px;height:auto\" srcset=\"https:\/\/sites.uef.fi\/kehuva\/wp-content\/uploads\/sites\/416\/2023\/11\/white_break.png 335w, https:\/\/sites.uef.fi\/kehuva\/wp-content\/uploads\/sites\/416\/2023\/11\/white_break-300x300.png 300w, https:\/\/sites.uef.fi\/kehuva\/wp-content\/uploads\/sites\/416\/2023\/11\/white_break-150x150.png 150w\" sizes=\"auto, (max-width: 335px) 100vw, 335px\" \/><\/figure>\n\n\n\n<h4 class=\"wp-block-heading\">Muista KEHUVA-materiaalipankki!<\/h4>\n\n\n\n<p><a href=\"https:\/\/kehuva.home.blog\/\">KEHUVA-materiaalipankista<\/a> l\u00f6yd\u00e4t runsaasti erilaisia KEHUVA-teemoihin liittyvi\u00e4 harjoituksia ja toimintaideoita (linkki avautuu uuteen v\u00e4lilehteen).<\/p>\n\n\n\n<p>Tutustu my\u00f6s El\u00e4m\u00e4nlaatua ruuasta -toimintaan liittyviin <a href=\"https:\/\/sites.uef.fi\/kehuva\/elamanlaatua-ruuasta\/\">materiaaleihin ja ty\u00f6kaluihin<\/a>, joiden kehitt\u00e4misess\u00e4 on hy\u00f6dynnetty KEHUVA-l\u00e4hestymistapaa. <\/p>\n\n\n\n<figure class=\"wp-block-image size-full is-resized\"><img loading=\"lazy\" decoding=\"async\" width=\"335\" height=\"335\" src=\"https:\/\/sites.uef.fi\/kehuva\/wp-content\/uploads\/sites\/416\/2023\/11\/white_break.png\" alt=\"\" class=\"wp-image-2458\" style=\"aspect-ratio:1;width:86px;height:auto\" srcset=\"https:\/\/sites.uef.fi\/kehuva\/wp-content\/uploads\/sites\/416\/2023\/11\/white_break.png 335w, https:\/\/sites.uef.fi\/kehuva\/wp-content\/uploads\/sites\/416\/2023\/11\/white_break-300x300.png 300w, https:\/\/sites.uef.fi\/kehuva\/wp-content\/uploads\/sites\/416\/2023\/11\/white_break-150x150.png 150w\" sizes=\"auto, (max-width: 335px) 100vw, 335px\" \/><\/figure>\n\n\n\n<p><a href=\"https:\/\/sites.uef.fi\/kehuva\/osa-7-henkilokohtaisesta-ammatilliseen\/\" data-type=\"page\" data-id=\"304\"><strong>Palaa 7. osioon<\/strong><\/a><\/p>\n\n\n\n<p><a href=\"https:\/\/sites.uef.fi\/kehuva\/tervetuloa-kehuva-verkkokoulutukseen\/\" data-type=\"page\" data-id=\"208\"><strong>Verkkokoulutuksen etusivulle<\/strong><\/a><\/p>\n","protected":false},"excerpt":{"rendered":"<p>Olet nyt suorittanut KEHUVA-verkkokoulutukseen sis\u00e4ltyv\u00e4t osat. Oppimisp\u00e4iv\u00e4kirjasi p\u00e4\u00e4set palauttamaan t\u00e4\u00e4ll\u00e4 (linkki avautuu uuteen v\u00e4lilehteen). Muista KEHUVA-materiaalipankki! KEHUVA-materiaalipankista l\u00f6yd\u00e4t runsaasti erilaisia KEHUVA-teemoihin liittyvi\u00e4 harjoituksia ja toimintaideoita (linkki avautuu uuteen v\u00e4lilehteen). Tutustu my\u00f6s El\u00e4m\u00e4nlaatua ruuasta -toimintaan liittyviin materiaaleihin ja ty\u00f6kaluihin, joiden kehitt\u00e4misess\u00e4 on hy\u00f6dynnetty KEHUVA-l\u00e4hestymistapaa. Palaa 7. osioon Verkkokoulutuksen etusivulle<\/p>\n","protected":false},"author":972,"featured_media":0,"parent":0,"menu_order":0,"comment_status":"closed","ping_status":"closed","template":"","meta":{"_acf_changed":false,"footnotes":""},"class_list":["post-370","page","type-page","status-publish","hentry"],"acf":[],"yoast_head":"<!-- This site is optimized with the Yoast SEO plugin v27.3 - https:\/\/yoast.com\/product\/yoast-seo-wordpress\/ -->\n<title>Koulutuksen lopuksi - KEHUVA lyhyesti<\/title>\n<meta name=\"robots\" content=\"index, follow, max-snippet:-1, max-image-preview:large, max-video-preview:-1\" \/>\n<link rel=\"canonical\" href=\"https:\/\/sites.uef.fi\/kehuva\/koulutuksen-lopuksi\/\" \/>\n<meta property=\"og:locale\" content=\"fi_FI\" \/>\n<meta property=\"og:type\" content=\"article\" \/>\n<meta property=\"og:title\" content=\"Koulutuksen lopuksi - KEHUVA lyhyesti\" \/>\n<meta property=\"og:description\" content=\"Olet nyt suorittanut KEHUVA-verkkokoulutukseen sis\u00e4ltyv\u00e4t osat. Oppimisp\u00e4iv\u00e4kirjasi p\u00e4\u00e4set palauttamaan t\u00e4\u00e4ll\u00e4 (linkki avautuu uuteen v\u00e4lilehteen). Muista KEHUVA-materiaalipankki! KEHUVA-materiaalipankista l\u00f6yd\u00e4t runsaasti erilaisia KEHUVA-teemoihin liittyvi\u00e4 harjoituksia ja toimintaideoita (linkki avautuu uuteen v\u00e4lilehteen). Tutustu my\u00f6s El\u00e4m\u00e4nlaatua ruuasta -toimintaan liittyviin materiaaleihin ja ty\u00f6kaluihin, joiden kehitt\u00e4misess\u00e4 on hy\u00f6dynnetty KEHUVA-l\u00e4hestymistapaa. Palaa 7. osioon Verkkokoulutuksen etusivulle\" \/>\n<meta property=\"og:url\" content=\"https:\/\/sites.uef.fi\/kehuva\/koulutuksen-lopuksi\/\" \/>\n<meta property=\"og:site_name\" content=\"KEHUVA lyhyesti\" \/>\n<meta property=\"article:modified_time\" content=\"2023-11-15T11:54:56+00:00\" \/>\n<meta property=\"og:image\" content=\"https:\/\/sites.uef.fi\/kehuva\/wp-content\/uploads\/sites\/416\/2023\/11\/success-4386218_1280-906x1024.png\" \/>\n<meta name=\"twitter:card\" content=\"summary_large_image\" \/>\n<meta name=\"twitter:label1\" content=\"Arvioitu lukuaika\" \/>\n\t<meta name=\"twitter:data1\" content=\"1 minuutti\" \/>\n<script type=\"application\/ld+json\" class=\"yoast-schema-graph\">{\"@context\":\"https:\\\/\\\/schema.org\",\"@graph\":[{\"@type\":\"WebPage\",\"@id\":\"https:\\\/\\\/sites.uef.fi\\\/kehuva\\\/koulutuksen-lopuksi\\\/\",\"url\":\"https:\\\/\\\/sites.uef.fi\\\/kehuva\\\/koulutuksen-lopuksi\\\/\",\"name\":\"Koulutuksen lopuksi - KEHUVA lyhyesti\",\"isPartOf\":{\"@id\":\"https:\\\/\\\/sites.uef.fi\\\/kehuva\\\/#website\"},\"primaryImageOfPage\":{\"@id\":\"https:\\\/\\\/sites.uef.fi\\\/kehuva\\\/koulutuksen-lopuksi\\\/#primaryimage\"},\"image\":{\"@id\":\"https:\\\/\\\/sites.uef.fi\\\/kehuva\\\/koulutuksen-lopuksi\\\/#primaryimage\"},\"thumbnailUrl\":\"https:\\\/\\\/sites.uef.fi\\\/kehuva\\\/wp-content\\\/uploads\\\/sites\\\/416\\\/2023\\\/11\\\/success-4386218_1280-906x1024.png\",\"datePublished\":\"2023-04-27T08:17:07+00:00\",\"dateModified\":\"2023-11-15T11:54:56+00:00\",\"breadcrumb\":{\"@id\":\"https:\\\/\\\/sites.uef.fi\\\/kehuva\\\/koulutuksen-lopuksi\\\/#breadcrumb\"},\"inLanguage\":\"fi\",\"potentialAction\":[{\"@type\":\"ReadAction\",\"target\":[\"https:\\\/\\\/sites.uef.fi\\\/kehuva\\\/koulutuksen-lopuksi\\\/\"]}]},{\"@type\":\"ImageObject\",\"inLanguage\":\"fi\",\"@id\":\"https:\\\/\\\/sites.uef.fi\\\/kehuva\\\/koulutuksen-lopuksi\\\/#primaryimage\",\"url\":\"https:\\\/\\\/sites.uef.fi\\\/kehuva\\\/wp-content\\\/uploads\\\/sites\\\/416\\\/2023\\\/11\\\/success-4386218_1280.png\",\"contentUrl\":\"https:\\\/\\\/sites.uef.fi\\\/kehuva\\\/wp-content\\\/uploads\\\/sites\\\/416\\\/2023\\\/11\\\/success-4386218_1280.png\",\"width\":1132,\"height\":1280},{\"@type\":\"BreadcrumbList\",\"@id\":\"https:\\\/\\\/sites.uef.fi\\\/kehuva\\\/koulutuksen-lopuksi\\\/#breadcrumb\",\"itemListElement\":[{\"@type\":\"ListItem\",\"position\":1,\"name\":\"Home\",\"item\":\"https:\\\/\\\/sites.uef.fi\\\/kehuva\\\/\"},{\"@type\":\"ListItem\",\"position\":2,\"name\":\"Koulutuksen lopuksi\"}]},{\"@type\":\"WebSite\",\"@id\":\"https:\\\/\\\/sites.uef.fi\\\/kehuva\\\/#website\",\"url\":\"https:\\\/\\\/sites.uef.fi\\\/kehuva\\\/\",\"name\":\"KEHUVA lyhyesti\",\"description\":\"\",\"publisher\":{\"@id\":\"https:\\\/\\\/sites.uef.fi\\\/kehuva\\\/#organization\"},\"potentialAction\":[{\"@type\":\"SearchAction\",\"target\":{\"@type\":\"EntryPoint\",\"urlTemplate\":\"https:\\\/\\\/sites.uef.fi\\\/kehuva\\\/?s={search_term_string}\"},\"query-input\":{\"@type\":\"PropertyValueSpecification\",\"valueRequired\":true,\"valueName\":\"search_term_string\"}}],\"inLanguage\":\"fi\"},{\"@type\":\"Organization\",\"@id\":\"https:\\\/\\\/sites.uef.fi\\\/kehuva\\\/#organization\",\"name\":\"KEHUVA lyhyesti\",\"url\":\"https:\\\/\\\/sites.uef.fi\\\/kehuva\\\/\",\"logo\":{\"@type\":\"ImageObject\",\"inLanguage\":\"fi\",\"@id\":\"https:\\\/\\\/sites.uef.fi\\\/kehuva\\\/#\\\/schema\\\/logo\\\/image\\\/\",\"url\":\"https:\\\/\\\/sites.uef.fi\\\/kehuva\\\/wp-content\\\/uploads\\\/sites\\\/416\\\/2023\\\/03\\\/cropped-UEF_wordpress_white.png\",\"contentUrl\":\"https:\\\/\\\/sites.uef.fi\\\/kehuva\\\/wp-content\\\/uploads\\\/sites\\\/416\\\/2023\\\/03\\\/cropped-UEF_wordpress_white.png\",\"width\":250,\"height\":250,\"caption\":\"KEHUVA lyhyesti\"},\"image\":{\"@id\":\"https:\\\/\\\/sites.uef.fi\\\/kehuva\\\/#\\\/schema\\\/logo\\\/image\\\/\"}}]}<\/script>\n<!-- \/ Yoast SEO plugin. -->","yoast_head_json":{"title":"Koulutuksen lopuksi - KEHUVA lyhyesti","robots":{"index":"index","follow":"follow","max-snippet":"max-snippet:-1","max-image-preview":"max-image-preview:large","max-video-preview":"max-video-preview:-1"},"canonical":"https:\/\/sites.uef.fi\/kehuva\/koulutuksen-lopuksi\/","og_locale":"fi_FI","og_type":"article","og_title":"Koulutuksen lopuksi - KEHUVA lyhyesti","og_description":"Olet nyt suorittanut KEHUVA-verkkokoulutukseen sis\u00e4ltyv\u00e4t osat. Oppimisp\u00e4iv\u00e4kirjasi p\u00e4\u00e4set palauttamaan t\u00e4\u00e4ll\u00e4 (linkki avautuu uuteen v\u00e4lilehteen). Muista KEHUVA-materiaalipankki! KEHUVA-materiaalipankista l\u00f6yd\u00e4t runsaasti erilaisia KEHUVA-teemoihin liittyvi\u00e4 harjoituksia ja toimintaideoita (linkki avautuu uuteen v\u00e4lilehteen). Tutustu my\u00f6s El\u00e4m\u00e4nlaatua ruuasta -toimintaan liittyviin materiaaleihin ja ty\u00f6kaluihin, joiden kehitt\u00e4misess\u00e4 on hy\u00f6dynnetty KEHUVA-l\u00e4hestymistapaa. Palaa 7. osioon Verkkokoulutuksen etusivulle","og_url":"https:\/\/sites.uef.fi\/kehuva\/koulutuksen-lopuksi\/","og_site_name":"KEHUVA lyhyesti","article_modified_time":"2023-11-15T11:54:56+00:00","og_image":[{"url":"https:\/\/sites.uef.fi\/kehuva\/wp-content\/uploads\/sites\/416\/2023\/11\/success-4386218_1280-906x1024.png","type":"","width":"","height":""}],"twitter_card":"summary_large_image","twitter_misc":{"Arvioitu lukuaika":"1 minuutti"},"schema":{"@context":"https:\/\/schema.org","@graph":[{"@type":"WebPage","@id":"https:\/\/sites.uef.fi\/kehuva\/koulutuksen-lopuksi\/","url":"https:\/\/sites.uef.fi\/kehuva\/koulutuksen-lopuksi\/","name":"Koulutuksen lopuksi - KEHUVA lyhyesti","isPartOf":{"@id":"https:\/\/sites.uef.fi\/kehuva\/#website"},"primaryImageOfPage":{"@id":"https:\/\/sites.uef.fi\/kehuva\/koulutuksen-lopuksi\/#primaryimage"},"image":{"@id":"https:\/\/sites.uef.fi\/kehuva\/koulutuksen-lopuksi\/#primaryimage"},"thumbnailUrl":"https:\/\/sites.uef.fi\/kehuva\/wp-content\/uploads\/sites\/416\/2023\/11\/success-4386218_1280-906x1024.png","datePublished":"2023-04-27T08:17:07+00:00","dateModified":"2023-11-15T11:54:56+00:00","breadcrumb":{"@id":"https:\/\/sites.uef.fi\/kehuva\/koulutuksen-lopuksi\/#breadcrumb"},"inLanguage":"fi","potentialAction":[{"@type":"ReadAction","target":["https:\/\/sites.uef.fi\/kehuva\/koulutuksen-lopuksi\/"]}]},{"@type":"ImageObject","inLanguage":"fi","@id":"https:\/\/sites.uef.fi\/kehuva\/koulutuksen-lopuksi\/#primaryimage","url":"https:\/\/sites.uef.fi\/kehuva\/wp-content\/uploads\/sites\/416\/2023\/11\/success-4386218_1280.png","contentUrl":"https:\/\/sites.uef.fi\/kehuva\/wp-content\/uploads\/sites\/416\/2023\/11\/success-4386218_1280.png","width":1132,"height":1280},{"@type":"BreadcrumbList","@id":"https:\/\/sites.uef.fi\/kehuva\/koulutuksen-lopuksi\/#breadcrumb","itemListElement":[{"@type":"ListItem","position":1,"name":"Home","item":"https:\/\/sites.uef.fi\/kehuva\/"},{"@type":"ListItem","position":2,"name":"Koulutuksen lopuksi"}]},{"@type":"WebSite","@id":"https:\/\/sites.uef.fi\/kehuva\/#website","url":"https:\/\/sites.uef.fi\/kehuva\/","name":"KEHUVA lyhyesti","description":"","publisher":{"@id":"https:\/\/sites.uef.fi\/kehuva\/#organization"},"potentialAction":[{"@type":"SearchAction","target":{"@type":"EntryPoint","urlTemplate":"https:\/\/sites.uef.fi\/kehuva\/?s={search_term_string}"},"query-input":{"@type":"PropertyValueSpecification","valueRequired":true,"valueName":"search_term_string"}}],"inLanguage":"fi"},{"@type":"Organization","@id":"https:\/\/sites.uef.fi\/kehuva\/#organization","name":"KEHUVA lyhyesti","url":"https:\/\/sites.uef.fi\/kehuva\/","logo":{"@type":"ImageObject","inLanguage":"fi","@id":"https:\/\/sites.uef.fi\/kehuva\/#\/schema\/logo\/image\/","url":"https:\/\/sites.uef.fi\/kehuva\/wp-content\/uploads\/sites\/416\/2023\/03\/cropped-UEF_wordpress_white.png","contentUrl":"https:\/\/sites.uef.fi\/kehuva\/wp-content\/uploads\/sites\/416\/2023\/03\/cropped-UEF_wordpress_white.png","width":250,"height":250,"caption":"KEHUVA lyhyesti"},"image":{"@id":"https:\/\/sites.uef.fi\/kehuva\/#\/schema\/logo\/image\/"}}]}},"_links":{"self":[{"href":"https:\/\/sites.uef.fi\/kehuva\/wp-json\/wp\/v2\/pages\/370","targetHints":{"allow":["GET"]}}],"collection":[{"href":"https:\/\/sites.uef.fi\/kehuva\/wp-json\/wp\/v2\/pages"}],"about":[{"href":"https:\/\/sites.uef.fi\/kehuva\/wp-json\/wp\/v2\/types\/page"}],"author":[{"embeddable":true,"href":"https:\/\/sites.uef.fi\/kehuva\/wp-json\/wp\/v2\/users\/972"}],"replies":[{"embeddable":true,"href":"https:\/\/sites.uef.fi\/kehuva\/wp-json\/wp\/v2\/comments?post=370"}],"version-history":[{"count":1,"href":"https:\/\/sites.uef.fi\/kehuva\/wp-json\/wp\/v2\/pages\/370\/revisions"}],"predecessor-version":[{"id":2878,"href":"https:\/\/sites.uef.fi\/kehuva\/wp-json\/wp\/v2\/pages\/370\/revisions\/2878"}],"wp:attachment":[{"href":"https:\/\/sites.uef.fi\/kehuva\/wp-json\/wp\/v2\/media?parent=370"}],"curies":[{"name":"wp","href":"https:\/\/api.w.org\/{rel}","templated":true}]}}