{"id":698,"date":"2023-05-03T10:22:51","date_gmt":"2023-05-03T08:22:51","guid":{"rendered":"https:\/\/sites.uef.fi\/kehuva\/?page_id=698"},"modified":"2023-11-09T13:03:07","modified_gmt":"2023-11-09T11:03:07","slug":"elamanlaatua-ruuasta-hanke","status":"publish","type":"page","link":"https:\/\/sites.uef.fi\/kehuva\/elamanlaatua-ruuasta-hanke\/","title":{"rendered":"El\u00e4m\u00e4nlaatua ruuasta -hanke"},"content":{"rendered":"\n<p>Vuoden 2023 lokakuussa p\u00e4\u00e4ttyneen El\u00e4m\u00e4nlaatua ruuasta -hankkeen tavoitteena oli edist\u00e4\u00e4 ty\u00f6el\u00e4m\u00e4n ulkopuolella olevien ravitsemusterveytt\u00e4 sek\u00e4 hakea ty\u00f6llisyydenhoidon ja ravitsemuksen yhtym\u00e4kohtia.\u00a0Hanke toteutettiin terveyden edist\u00e4misen m\u00e4\u00e4r\u00e4rahalla (STM) vuosina 2021-2023. Hanketoimijoita olivat P\u00e4ij\u00e4t-Sote (hallinnoija), It\u00e4-Suomen yliopisto ja Vates-s\u00e4\u00e4ti\u00f6. <\/p>\n\n\n\n<p>Hanke pyrki lis\u00e4\u00e4m\u00e4\u00e4n ty\u00f6el\u00e4m\u00e4n ulkopuolella olevien tasavertaisia mahdollisuuksia\u00a0 laadukkaaseen ruokaan ja kohentamaan heid\u00e4n ruokaan liittyv\u00e4\u00e4 el\u00e4m\u00e4nlaatuaan, ravitsemusterveytt\u00e4\u00e4n sek\u00e4 osallisuuden, toimijuuden ja arvokkuuden kokemuksia. Lis\u00e4ksi hankkeessa tarjottiin ammattilaisille tietoa sek\u00e4 kehitettiin ty\u00f6v\u00e4lineit\u00e4 ruuan ja ravitsemuksen integroimiseksi osaksi olemassa olevaa toimintakulttuuria ty\u00f6el\u00e4m\u00e4n ukopuolella olevien palveluissa. Kehitt\u00e4misty\u00f6t\u00e4 tehtiin P\u00e4ij\u00e4t-Soten sosiaalisen kuntoutuksen ja kuntouttavan ty\u00f6toiminnan piiriss\u00e4 sek\u00e4 viiden Klubitalon toiminnassa.\u00a0<\/p>\n\n\n\n<p><a href=\"https:\/\/sites.uef.fi\/kehuva\/elamanlaatua-ruuasta\/\">Siirry El\u00e4m\u00e4nlaatua ruuasta -p\u00e4\u00e4sivulle.<\/a> <\/p>\n\n\n\n<figure class=\"wp-block-image\"><img decoding=\"async\" src=\"https:\/\/www.vates.fi\/media\/kuvat\/el-e4m-e4nlaatua-ruuasta-toimijat.png\" alt=\"Toimijoiden logot\" \/><\/figure>\n","protected":false},"excerpt":{"rendered":"<p>Vuoden 2023 lokakuussa p\u00e4\u00e4ttyneen El\u00e4m\u00e4nlaatua ruuasta -hankkeen tavoitteena oli edist\u00e4\u00e4 ty\u00f6el\u00e4m\u00e4n ulkopuolella olevien ravitsemusterveytt\u00e4 sek\u00e4 hakea ty\u00f6llisyydenhoidon ja ravitsemuksen yhtym\u00e4kohtia.\u00a0Hanke toteutettiin terveyden edist\u00e4misen m\u00e4\u00e4r\u00e4rahalla (STM) vuosina 2021-2023. Hanketoimijoita olivat P\u00e4ij\u00e4t-Sote (hallinnoija), It\u00e4-Suomen yliopisto ja Vates-s\u00e4\u00e4ti\u00f6. Hanke pyrki lis\u00e4\u00e4m\u00e4\u00e4n ty\u00f6el\u00e4m\u00e4n ulkopuolella olevien tasavertaisia mahdollisuuksia\u00a0 laadukkaaseen ruokaan ja kohentamaan heid\u00e4n ruokaan liittyv\u00e4\u00e4 el\u00e4m\u00e4nlaatuaan, ravitsemusterveytt\u00e4\u00e4n sek\u00e4 osallisuuden, toimijuuden [&hellip;]<\/p>\n","protected":false},"author":972,"featured_media":0,"parent":0,"menu_order":0,"comment_status":"closed","ping_status":"closed","template":"","meta":{"_acf_changed":false,"footnotes":""},"class_list":["post-698","page","type-page","status-publish","hentry"],"acf":[],"yoast_head":"<!-- This site is optimized with the Yoast SEO plugin v27.3 - https:\/\/yoast.com\/product\/yoast-seo-wordpress\/ -->\n<title>El\u00e4m\u00e4nlaatua ruuasta -hanke - KEHUVA lyhyesti<\/title>\n<meta name=\"robots\" content=\"index, follow, max-snippet:-1, max-image-preview:large, max-video-preview:-1\" \/>\n<link rel=\"canonical\" href=\"https:\/\/sites.uef.fi\/kehuva\/elamanlaatua-ruuasta-hanke\/\" \/>\n<meta property=\"og:locale\" content=\"fi_FI\" \/>\n<meta property=\"og:type\" content=\"article\" \/>\n<meta property=\"og:title\" content=\"El\u00e4m\u00e4nlaatua ruuasta -hanke - KEHUVA lyhyesti\" \/>\n<meta property=\"og:description\" content=\"Vuoden 2023 lokakuussa p\u00e4\u00e4ttyneen El\u00e4m\u00e4nlaatua ruuasta -hankkeen tavoitteena oli edist\u00e4\u00e4 ty\u00f6el\u00e4m\u00e4n ulkopuolella olevien ravitsemusterveytt\u00e4 sek\u00e4 hakea ty\u00f6llisyydenhoidon ja ravitsemuksen yhtym\u00e4kohtia.\u00a0Hanke toteutettiin terveyden edist\u00e4misen m\u00e4\u00e4r\u00e4rahalla (STM) vuosina 2021-2023. Hanketoimijoita olivat P\u00e4ij\u00e4t-Sote (hallinnoija), It\u00e4-Suomen yliopisto ja Vates-s\u00e4\u00e4ti\u00f6. Hanke pyrki lis\u00e4\u00e4m\u00e4\u00e4n ty\u00f6el\u00e4m\u00e4n ulkopuolella olevien tasavertaisia mahdollisuuksia\u00a0 laadukkaaseen ruokaan ja kohentamaan heid\u00e4n ruokaan liittyv\u00e4\u00e4 el\u00e4m\u00e4nlaatuaan, ravitsemusterveytt\u00e4\u00e4n sek\u00e4 osallisuuden, toimijuuden [&hellip;]\" \/>\n<meta property=\"og:url\" content=\"https:\/\/sites.uef.fi\/kehuva\/elamanlaatua-ruuasta-hanke\/\" \/>\n<meta property=\"og:site_name\" content=\"KEHUVA lyhyesti\" \/>\n<meta property=\"article:modified_time\" content=\"2023-11-09T11:03:07+00:00\" \/>\n<meta property=\"og:image\" content=\"https:\/\/www.vates.fi\/media\/kuvat\/el-e4m-e4nlaatua-ruuasta-toimijat.png\" \/>\n<meta name=\"twitter:card\" content=\"summary_large_image\" \/>\n<meta name=\"twitter:label1\" content=\"Arvioitu lukuaika\" \/>\n\t<meta name=\"twitter:data1\" content=\"1 minuutti\" \/>\n<script type=\"application\/ld+json\" class=\"yoast-schema-graph\">{\"@context\":\"https:\\\/\\\/schema.org\",\"@graph\":[{\"@type\":\"WebPage\",\"@id\":\"https:\\\/\\\/sites.uef.fi\\\/kehuva\\\/elamanlaatua-ruuasta-hanke\\\/\",\"url\":\"https:\\\/\\\/sites.uef.fi\\\/kehuva\\\/elamanlaatua-ruuasta-hanke\\\/\",\"name\":\"El\u00e4m\u00e4nlaatua ruuasta -hanke - KEHUVA lyhyesti\",\"isPartOf\":{\"@id\":\"https:\\\/\\\/sites.uef.fi\\\/kehuva\\\/#website\"},\"primaryImageOfPage\":{\"@id\":\"https:\\\/\\\/sites.uef.fi\\\/kehuva\\\/elamanlaatua-ruuasta-hanke\\\/#primaryimage\"},\"image\":{\"@id\":\"https:\\\/\\\/sites.uef.fi\\\/kehuva\\\/elamanlaatua-ruuasta-hanke\\\/#primaryimage\"},\"thumbnailUrl\":\"https:\\\/\\\/www.vates.fi\\\/media\\\/kuvat\\\/el-e4m-e4nlaatua-ruuasta-toimijat.png\",\"datePublished\":\"2023-05-03T08:22:51+00:00\",\"dateModified\":\"2023-11-09T11:03:07+00:00\",\"breadcrumb\":{\"@id\":\"https:\\\/\\\/sites.uef.fi\\\/kehuva\\\/elamanlaatua-ruuasta-hanke\\\/#breadcrumb\"},\"inLanguage\":\"fi\",\"potentialAction\":[{\"@type\":\"ReadAction\",\"target\":[\"https:\\\/\\\/sites.uef.fi\\\/kehuva\\\/elamanlaatua-ruuasta-hanke\\\/\"]}]},{\"@type\":\"ImageObject\",\"inLanguage\":\"fi\",\"@id\":\"https:\\\/\\\/sites.uef.fi\\\/kehuva\\\/elamanlaatua-ruuasta-hanke\\\/#primaryimage\",\"url\":\"https:\\\/\\\/www.vates.fi\\\/media\\\/kuvat\\\/el-e4m-e4nlaatua-ruuasta-toimijat.png\",\"contentUrl\":\"https:\\\/\\\/www.vates.fi\\\/media\\\/kuvat\\\/el-e4m-e4nlaatua-ruuasta-toimijat.png\"},{\"@type\":\"BreadcrumbList\",\"@id\":\"https:\\\/\\\/sites.uef.fi\\\/kehuva\\\/elamanlaatua-ruuasta-hanke\\\/#breadcrumb\",\"itemListElement\":[{\"@type\":\"ListItem\",\"position\":1,\"name\":\"Home\",\"item\":\"https:\\\/\\\/sites.uef.fi\\\/kehuva\\\/\"},{\"@type\":\"ListItem\",\"position\":2,\"name\":\"El\u00e4m\u00e4nlaatua ruuasta -hanke\"}]},{\"@type\":\"WebSite\",\"@id\":\"https:\\\/\\\/sites.uef.fi\\\/kehuva\\\/#website\",\"url\":\"https:\\\/\\\/sites.uef.fi\\\/kehuva\\\/\",\"name\":\"KEHUVA lyhyesti\",\"description\":\"\",\"publisher\":{\"@id\":\"https:\\\/\\\/sites.uef.fi\\\/kehuva\\\/#organization\"},\"potentialAction\":[{\"@type\":\"SearchAction\",\"target\":{\"@type\":\"EntryPoint\",\"urlTemplate\":\"https:\\\/\\\/sites.uef.fi\\\/kehuva\\\/?s={search_term_string}\"},\"query-input\":{\"@type\":\"PropertyValueSpecification\",\"valueRequired\":true,\"valueName\":\"search_term_string\"}}],\"inLanguage\":\"fi\"},{\"@type\":\"Organization\",\"@id\":\"https:\\\/\\\/sites.uef.fi\\\/kehuva\\\/#organization\",\"name\":\"KEHUVA lyhyesti\",\"url\":\"https:\\\/\\\/sites.uef.fi\\\/kehuva\\\/\",\"logo\":{\"@type\":\"ImageObject\",\"inLanguage\":\"fi\",\"@id\":\"https:\\\/\\\/sites.uef.fi\\\/kehuva\\\/#\\\/schema\\\/logo\\\/image\\\/\",\"url\":\"https:\\\/\\\/sites.uef.fi\\\/kehuva\\\/wp-content\\\/uploads\\\/sites\\\/416\\\/2023\\\/03\\\/cropped-UEF_wordpress_white.png\",\"contentUrl\":\"https:\\\/\\\/sites.uef.fi\\\/kehuva\\\/wp-content\\\/uploads\\\/sites\\\/416\\\/2023\\\/03\\\/cropped-UEF_wordpress_white.png\",\"width\":250,\"height\":250,\"caption\":\"KEHUVA lyhyesti\"},\"image\":{\"@id\":\"https:\\\/\\\/sites.uef.fi\\\/kehuva\\\/#\\\/schema\\\/logo\\\/image\\\/\"}}]}<\/script>\n<!-- \/ Yoast SEO plugin. -->","yoast_head_json":{"title":"El\u00e4m\u00e4nlaatua ruuasta -hanke - KEHUVA lyhyesti","robots":{"index":"index","follow":"follow","max-snippet":"max-snippet:-1","max-image-preview":"max-image-preview:large","max-video-preview":"max-video-preview:-1"},"canonical":"https:\/\/sites.uef.fi\/kehuva\/elamanlaatua-ruuasta-hanke\/","og_locale":"fi_FI","og_type":"article","og_title":"El\u00e4m\u00e4nlaatua ruuasta -hanke - KEHUVA lyhyesti","og_description":"Vuoden 2023 lokakuussa p\u00e4\u00e4ttyneen El\u00e4m\u00e4nlaatua ruuasta -hankkeen tavoitteena oli edist\u00e4\u00e4 ty\u00f6el\u00e4m\u00e4n ulkopuolella olevien ravitsemusterveytt\u00e4 sek\u00e4 hakea ty\u00f6llisyydenhoidon ja ravitsemuksen yhtym\u00e4kohtia.\u00a0Hanke toteutettiin terveyden edist\u00e4misen m\u00e4\u00e4r\u00e4rahalla (STM) vuosina 2021-2023. Hanketoimijoita olivat P\u00e4ij\u00e4t-Sote (hallinnoija), It\u00e4-Suomen yliopisto ja Vates-s\u00e4\u00e4ti\u00f6. Hanke pyrki lis\u00e4\u00e4m\u00e4\u00e4n ty\u00f6el\u00e4m\u00e4n ulkopuolella olevien tasavertaisia mahdollisuuksia\u00a0 laadukkaaseen ruokaan ja kohentamaan heid\u00e4n ruokaan liittyv\u00e4\u00e4 el\u00e4m\u00e4nlaatuaan, ravitsemusterveytt\u00e4\u00e4n sek\u00e4 osallisuuden, toimijuuden [&hellip;]","og_url":"https:\/\/sites.uef.fi\/kehuva\/elamanlaatua-ruuasta-hanke\/","og_site_name":"KEHUVA lyhyesti","article_modified_time":"2023-11-09T11:03:07+00:00","og_image":[{"url":"https:\/\/www.vates.fi\/media\/kuvat\/el-e4m-e4nlaatua-ruuasta-toimijat.png","type":"","width":"","height":""}],"twitter_card":"summary_large_image","twitter_misc":{"Arvioitu lukuaika":"1 minuutti"},"schema":{"@context":"https:\/\/schema.org","@graph":[{"@type":"WebPage","@id":"https:\/\/sites.uef.fi\/kehuva\/elamanlaatua-ruuasta-hanke\/","url":"https:\/\/sites.uef.fi\/kehuva\/elamanlaatua-ruuasta-hanke\/","name":"El\u00e4m\u00e4nlaatua ruuasta -hanke - KEHUVA lyhyesti","isPartOf":{"@id":"https:\/\/sites.uef.fi\/kehuva\/#website"},"primaryImageOfPage":{"@id":"https:\/\/sites.uef.fi\/kehuva\/elamanlaatua-ruuasta-hanke\/#primaryimage"},"image":{"@id":"https:\/\/sites.uef.fi\/kehuva\/elamanlaatua-ruuasta-hanke\/#primaryimage"},"thumbnailUrl":"https:\/\/www.vates.fi\/media\/kuvat\/el-e4m-e4nlaatua-ruuasta-toimijat.png","datePublished":"2023-05-03T08:22:51+00:00","dateModified":"2023-11-09T11:03:07+00:00","breadcrumb":{"@id":"https:\/\/sites.uef.fi\/kehuva\/elamanlaatua-ruuasta-hanke\/#breadcrumb"},"inLanguage":"fi","potentialAction":[{"@type":"ReadAction","target":["https:\/\/sites.uef.fi\/kehuva\/elamanlaatua-ruuasta-hanke\/"]}]},{"@type":"ImageObject","inLanguage":"fi","@id":"https:\/\/sites.uef.fi\/kehuva\/elamanlaatua-ruuasta-hanke\/#primaryimage","url":"https:\/\/www.vates.fi\/media\/kuvat\/el-e4m-e4nlaatua-ruuasta-toimijat.png","contentUrl":"https:\/\/www.vates.fi\/media\/kuvat\/el-e4m-e4nlaatua-ruuasta-toimijat.png"},{"@type":"BreadcrumbList","@id":"https:\/\/sites.uef.fi\/kehuva\/elamanlaatua-ruuasta-hanke\/#breadcrumb","itemListElement":[{"@type":"ListItem","position":1,"name":"Home","item":"https:\/\/sites.uef.fi\/kehuva\/"},{"@type":"ListItem","position":2,"name":"El\u00e4m\u00e4nlaatua ruuasta -hanke"}]},{"@type":"WebSite","@id":"https:\/\/sites.uef.fi\/kehuva\/#website","url":"https:\/\/sites.uef.fi\/kehuva\/","name":"KEHUVA lyhyesti","description":"","publisher":{"@id":"https:\/\/sites.uef.fi\/kehuva\/#organization"},"potentialAction":[{"@type":"SearchAction","target":{"@type":"EntryPoint","urlTemplate":"https:\/\/sites.uef.fi\/kehuva\/?s={search_term_string}"},"query-input":{"@type":"PropertyValueSpecification","valueRequired":true,"valueName":"search_term_string"}}],"inLanguage":"fi"},{"@type":"Organization","@id":"https:\/\/sites.uef.fi\/kehuva\/#organization","name":"KEHUVA lyhyesti","url":"https:\/\/sites.uef.fi\/kehuva\/","logo":{"@type":"ImageObject","inLanguage":"fi","@id":"https:\/\/sites.uef.fi\/kehuva\/#\/schema\/logo\/image\/","url":"https:\/\/sites.uef.fi\/kehuva\/wp-content\/uploads\/sites\/416\/2023\/03\/cropped-UEF_wordpress_white.png","contentUrl":"https:\/\/sites.uef.fi\/kehuva\/wp-content\/uploads\/sites\/416\/2023\/03\/cropped-UEF_wordpress_white.png","width":250,"height":250,"caption":"KEHUVA lyhyesti"},"image":{"@id":"https:\/\/sites.uef.fi\/kehuva\/#\/schema\/logo\/image\/"}}]}},"_links":{"self":[{"href":"https:\/\/sites.uef.fi\/kehuva\/wp-json\/wp\/v2\/pages\/698","targetHints":{"allow":["GET"]}}],"collection":[{"href":"https:\/\/sites.uef.fi\/kehuva\/wp-json\/wp\/v2\/pages"}],"about":[{"href":"https:\/\/sites.uef.fi\/kehuva\/wp-json\/wp\/v2\/types\/page"}],"author":[{"embeddable":true,"href":"https:\/\/sites.uef.fi\/kehuva\/wp-json\/wp\/v2\/users\/972"}],"replies":[{"embeddable":true,"href":"https:\/\/sites.uef.fi\/kehuva\/wp-json\/wp\/v2\/comments?post=698"}],"version-history":[{"count":1,"href":"https:\/\/sites.uef.fi\/kehuva\/wp-json\/wp\/v2\/pages\/698\/revisions"}],"predecessor-version":[{"id":2193,"href":"https:\/\/sites.uef.fi\/kehuva\/wp-json\/wp\/v2\/pages\/698\/revisions\/2193"}],"wp:attachment":[{"href":"https:\/\/sites.uef.fi\/kehuva\/wp-json\/wp\/v2\/media?parent=698"}],"curies":[{"name":"wp","href":"https:\/\/api.w.org\/{rel}","templated":true}]}}