{"id":76,"date":"2023-04-20T09:34:30","date_gmt":"2023-04-20T07:34:30","guid":{"rendered":"https:\/\/sites.uef.fi\/kehuva\/?page_id=76"},"modified":"2023-11-14T13:40:09","modified_gmt":"2023-11-14T11:40:09","slug":"kehuvan-sovellukset","status":"publish","type":"page","link":"https:\/\/sites.uef.fi\/kehuva\/kehuvan-sovellukset\/","title":{"rendered":"KEHUVAn sovellukset"},"content":{"rendered":"\n<p>KEHUVA-l\u00e4hestymistapaa on sovellettu jo monessa eri toimintaymp\u00e4rist\u00f6ss\u00e4 erilaisten ryhmien toiminnassa, mm. <a href=\"https:\/\/sites.uef.fi\/kehuva\/somebody-ja-ruoka\/\">SomeBody menetelm\u00e4ksi kuntien hyvinvointity\u00f6h\u00f6n -hankkeessa<\/a> ja <a href=\"https:\/\/sites.uef.fi\/kehuva\/elamanlaatua-ruuasta\/\">El\u00e4m\u00e4nlaatua ruuasta -hankkeessa<\/a>. Alla lis\u00e4\u00e4 esimerkkej\u00e4 tekem\u00e4st\u00e4mme yhteisty\u00f6st\u00e4:<\/p>\n\n\n\n<p><strong>Turun Tytt\u00f6jen Talo:<\/strong>&nbsp;H\u00e4mment\u00e4v\u00e4 ruoka -ryhm\u00e4 syksyll\u00e4 2017<\/p>\n\n\n\n<p><strong>Ohjaamoiden Onni-hanke:<\/strong>&nbsp;KEHUVA-koulutus hankekoordinaattoreille syksyll\u00e4 2019, Rakkaudella Min\u00e4 -ryhm\u00e4toteutus Turussa&nbsp;<\/p>\n\n\n\n<p><strong>Varkauden kaupunki:<\/strong>&nbsp;KEHUVA-koulutusp\u00e4iv\u00e4 kunnan ty\u00f6ntekij\u00f6ille syksyll\u00e4 2019<\/p>\n\n\n\n<p><strong>Siilinj\u00e4rven kaupunki:<\/strong>&nbsp;KEHUVA-koulutusp\u00e4iv\u00e4 kunnan ty\u00f6ntekij\u00f6ille syksyll\u00e4 2019<\/p>\n\n\n\n<p><strong>Vaasan keskussairaala, psykiatrian yksikk\u00f6:<\/strong>&nbsp;KEHUVA-koulutusp\u00e4iv\u00e4 hoitohenkil\u00f6st\u00f6lle.<\/p>\n\n\n\n<p><strong>Maistuva koulu -hanke:<\/strong>&nbsp;KEHUVA-harjoitusten integroiminen osaksi Maistuva koulu -materiaalipankkia, KEHUVA-teemainen webinaari opettajille syksyll\u00e4 2019<\/p>\n\n\n\n<p><strong>Ruokakunta-hanke:\u00a0<\/strong>Ammattilaisten ruokasuhde -teeman integroiminen osaksi hanketta<\/p>\n\n\n\n<p>Jos mieless\u00e4si her\u00e4\u00e4 ajatus yhteisty\u00f6st\u00e4, <a href=\"https:\/\/sites.uef.fi\/kehuva\/yhteystiedot\/\" data-type=\"page\" data-id=\"85\">ota rohkeasti yhteytt\u00e4<\/a>!<\/p>\n","protected":false},"excerpt":{"rendered":"<p>KEHUVA-l\u00e4hestymistapaa on sovellettu jo monessa eri toimintaymp\u00e4rist\u00f6ss\u00e4 erilaisten ryhmien toiminnassa, mm. SomeBody menetelm\u00e4ksi kuntien hyvinvointity\u00f6h\u00f6n -hankkeessa ja El\u00e4m\u00e4nlaatua ruuasta -hankkeessa. Alla lis\u00e4\u00e4 esimerkkej\u00e4 tekem\u00e4st\u00e4mme yhteisty\u00f6st\u00e4: Turun Tytt\u00f6jen Talo:&nbsp;H\u00e4mment\u00e4v\u00e4 ruoka -ryhm\u00e4 syksyll\u00e4 2017 Ohjaamoiden Onni-hanke:&nbsp;KEHUVA-koulutus hankekoordinaattoreille syksyll\u00e4 2019, Rakkaudella Min\u00e4 -ryhm\u00e4toteutus Turussa&nbsp; Varkauden kaupunki:&nbsp;KEHUVA-koulutusp\u00e4iv\u00e4 kunnan ty\u00f6ntekij\u00f6ille syksyll\u00e4 2019 Siilinj\u00e4rven kaupunki:&nbsp;KEHUVA-koulutusp\u00e4iv\u00e4 kunnan ty\u00f6ntekij\u00f6ille syksyll\u00e4 2019 Vaasan keskussairaala, [&hellip;]<\/p>\n","protected":false},"author":972,"featured_media":0,"parent":0,"menu_order":0,"comment_status":"closed","ping_status":"closed","template":"","meta":{"_acf_changed":false,"footnotes":""},"class_list":["post-76","page","type-page","status-publish","hentry"],"acf":[],"yoast_head":"<!-- This site is optimized with the Yoast SEO plugin v27.3 - https:\/\/yoast.com\/product\/yoast-seo-wordpress\/ -->\n<title>KEHUVAn sovellukset - KEHUVA lyhyesti<\/title>\n<meta name=\"robots\" content=\"index, follow, max-snippet:-1, max-image-preview:large, max-video-preview:-1\" \/>\n<link rel=\"canonical\" href=\"https:\/\/sites.uef.fi\/kehuva\/kehuvan-sovellukset\/\" \/>\n<meta property=\"og:locale\" content=\"fi_FI\" \/>\n<meta property=\"og:type\" content=\"article\" \/>\n<meta property=\"og:title\" content=\"KEHUVAn sovellukset - KEHUVA lyhyesti\" \/>\n<meta property=\"og:description\" content=\"KEHUVA-l\u00e4hestymistapaa on sovellettu jo monessa eri toimintaymp\u00e4rist\u00f6ss\u00e4 erilaisten ryhmien toiminnassa, mm. SomeBody menetelm\u00e4ksi kuntien hyvinvointity\u00f6h\u00f6n -hankkeessa ja El\u00e4m\u00e4nlaatua ruuasta -hankkeessa. Alla lis\u00e4\u00e4 esimerkkej\u00e4 tekem\u00e4st\u00e4mme yhteisty\u00f6st\u00e4: Turun Tytt\u00f6jen Talo:&nbsp;H\u00e4mment\u00e4v\u00e4 ruoka -ryhm\u00e4 syksyll\u00e4 2017 Ohjaamoiden Onni-hanke:&nbsp;KEHUVA-koulutus hankekoordinaattoreille syksyll\u00e4 2019, Rakkaudella Min\u00e4 -ryhm\u00e4toteutus Turussa&nbsp; Varkauden kaupunki:&nbsp;KEHUVA-koulutusp\u00e4iv\u00e4 kunnan ty\u00f6ntekij\u00f6ille syksyll\u00e4 2019 Siilinj\u00e4rven kaupunki:&nbsp;KEHUVA-koulutusp\u00e4iv\u00e4 kunnan ty\u00f6ntekij\u00f6ille syksyll\u00e4 2019 Vaasan keskussairaala, [&hellip;]\" \/>\n<meta property=\"og:url\" content=\"https:\/\/sites.uef.fi\/kehuva\/kehuvan-sovellukset\/\" \/>\n<meta property=\"og:site_name\" content=\"KEHUVA lyhyesti\" \/>\n<meta property=\"article:modified_time\" content=\"2023-11-14T11:40:09+00:00\" \/>\n<meta name=\"twitter:card\" content=\"summary_large_image\" \/>\n<meta name=\"twitter:label1\" content=\"Arvioitu lukuaika\" \/>\n\t<meta name=\"twitter:data1\" content=\"1 minuutti\" \/>\n<script type=\"application\/ld+json\" class=\"yoast-schema-graph\">{\"@context\":\"https:\\\/\\\/schema.org\",\"@graph\":[{\"@type\":\"WebPage\",\"@id\":\"https:\\\/\\\/sites.uef.fi\\\/kehuva\\\/kehuvan-sovellukset\\\/\",\"url\":\"https:\\\/\\\/sites.uef.fi\\\/kehuva\\\/kehuvan-sovellukset\\\/\",\"name\":\"KEHUVAn sovellukset - KEHUVA lyhyesti\",\"isPartOf\":{\"@id\":\"https:\\\/\\\/sites.uef.fi\\\/kehuva\\\/#website\"},\"datePublished\":\"2023-04-20T07:34:30+00:00\",\"dateModified\":\"2023-11-14T11:40:09+00:00\",\"breadcrumb\":{\"@id\":\"https:\\\/\\\/sites.uef.fi\\\/kehuva\\\/kehuvan-sovellukset\\\/#breadcrumb\"},\"inLanguage\":\"fi\",\"potentialAction\":[{\"@type\":\"ReadAction\",\"target\":[\"https:\\\/\\\/sites.uef.fi\\\/kehuva\\\/kehuvan-sovellukset\\\/\"]}]},{\"@type\":\"BreadcrumbList\",\"@id\":\"https:\\\/\\\/sites.uef.fi\\\/kehuva\\\/kehuvan-sovellukset\\\/#breadcrumb\",\"itemListElement\":[{\"@type\":\"ListItem\",\"position\":1,\"name\":\"Home\",\"item\":\"https:\\\/\\\/sites.uef.fi\\\/kehuva\\\/\"},{\"@type\":\"ListItem\",\"position\":2,\"name\":\"KEHUVAn sovellukset\"}]},{\"@type\":\"WebSite\",\"@id\":\"https:\\\/\\\/sites.uef.fi\\\/kehuva\\\/#website\",\"url\":\"https:\\\/\\\/sites.uef.fi\\\/kehuva\\\/\",\"name\":\"KEHUVA lyhyesti\",\"description\":\"\",\"publisher\":{\"@id\":\"https:\\\/\\\/sites.uef.fi\\\/kehuva\\\/#organization\"},\"potentialAction\":[{\"@type\":\"SearchAction\",\"target\":{\"@type\":\"EntryPoint\",\"urlTemplate\":\"https:\\\/\\\/sites.uef.fi\\\/kehuva\\\/?s={search_term_string}\"},\"query-input\":{\"@type\":\"PropertyValueSpecification\",\"valueRequired\":true,\"valueName\":\"search_term_string\"}}],\"inLanguage\":\"fi\"},{\"@type\":\"Organization\",\"@id\":\"https:\\\/\\\/sites.uef.fi\\\/kehuva\\\/#organization\",\"name\":\"KEHUVA lyhyesti\",\"url\":\"https:\\\/\\\/sites.uef.fi\\\/kehuva\\\/\",\"logo\":{\"@type\":\"ImageObject\",\"inLanguage\":\"fi\",\"@id\":\"https:\\\/\\\/sites.uef.fi\\\/kehuva\\\/#\\\/schema\\\/logo\\\/image\\\/\",\"url\":\"https:\\\/\\\/sites.uef.fi\\\/kehuva\\\/wp-content\\\/uploads\\\/sites\\\/416\\\/2023\\\/03\\\/cropped-UEF_wordpress_white.png\",\"contentUrl\":\"https:\\\/\\\/sites.uef.fi\\\/kehuva\\\/wp-content\\\/uploads\\\/sites\\\/416\\\/2023\\\/03\\\/cropped-UEF_wordpress_white.png\",\"width\":250,\"height\":250,\"caption\":\"KEHUVA lyhyesti\"},\"image\":{\"@id\":\"https:\\\/\\\/sites.uef.fi\\\/kehuva\\\/#\\\/schema\\\/logo\\\/image\\\/\"}}]}<\/script>\n<!-- \/ Yoast SEO plugin. -->","yoast_head_json":{"title":"KEHUVAn sovellukset - KEHUVA lyhyesti","robots":{"index":"index","follow":"follow","max-snippet":"max-snippet:-1","max-image-preview":"max-image-preview:large","max-video-preview":"max-video-preview:-1"},"canonical":"https:\/\/sites.uef.fi\/kehuva\/kehuvan-sovellukset\/","og_locale":"fi_FI","og_type":"article","og_title":"KEHUVAn sovellukset - KEHUVA lyhyesti","og_description":"KEHUVA-l\u00e4hestymistapaa on sovellettu jo monessa eri toimintaymp\u00e4rist\u00f6ss\u00e4 erilaisten ryhmien toiminnassa, mm. SomeBody menetelm\u00e4ksi kuntien hyvinvointity\u00f6h\u00f6n -hankkeessa ja El\u00e4m\u00e4nlaatua ruuasta -hankkeessa. Alla lis\u00e4\u00e4 esimerkkej\u00e4 tekem\u00e4st\u00e4mme yhteisty\u00f6st\u00e4: Turun Tytt\u00f6jen Talo:&nbsp;H\u00e4mment\u00e4v\u00e4 ruoka -ryhm\u00e4 syksyll\u00e4 2017 Ohjaamoiden Onni-hanke:&nbsp;KEHUVA-koulutus hankekoordinaattoreille syksyll\u00e4 2019, Rakkaudella Min\u00e4 -ryhm\u00e4toteutus Turussa&nbsp; Varkauden kaupunki:&nbsp;KEHUVA-koulutusp\u00e4iv\u00e4 kunnan ty\u00f6ntekij\u00f6ille syksyll\u00e4 2019 Siilinj\u00e4rven kaupunki:&nbsp;KEHUVA-koulutusp\u00e4iv\u00e4 kunnan ty\u00f6ntekij\u00f6ille syksyll\u00e4 2019 Vaasan keskussairaala, [&hellip;]","og_url":"https:\/\/sites.uef.fi\/kehuva\/kehuvan-sovellukset\/","og_site_name":"KEHUVA lyhyesti","article_modified_time":"2023-11-14T11:40:09+00:00","twitter_card":"summary_large_image","twitter_misc":{"Arvioitu lukuaika":"1 minuutti"},"schema":{"@context":"https:\/\/schema.org","@graph":[{"@type":"WebPage","@id":"https:\/\/sites.uef.fi\/kehuva\/kehuvan-sovellukset\/","url":"https:\/\/sites.uef.fi\/kehuva\/kehuvan-sovellukset\/","name":"KEHUVAn sovellukset - KEHUVA lyhyesti","isPartOf":{"@id":"https:\/\/sites.uef.fi\/kehuva\/#website"},"datePublished":"2023-04-20T07:34:30+00:00","dateModified":"2023-11-14T11:40:09+00:00","breadcrumb":{"@id":"https:\/\/sites.uef.fi\/kehuva\/kehuvan-sovellukset\/#breadcrumb"},"inLanguage":"fi","potentialAction":[{"@type":"ReadAction","target":["https:\/\/sites.uef.fi\/kehuva\/kehuvan-sovellukset\/"]}]},{"@type":"BreadcrumbList","@id":"https:\/\/sites.uef.fi\/kehuva\/kehuvan-sovellukset\/#breadcrumb","itemListElement":[{"@type":"ListItem","position":1,"name":"Home","item":"https:\/\/sites.uef.fi\/kehuva\/"},{"@type":"ListItem","position":2,"name":"KEHUVAn sovellukset"}]},{"@type":"WebSite","@id":"https:\/\/sites.uef.fi\/kehuva\/#website","url":"https:\/\/sites.uef.fi\/kehuva\/","name":"KEHUVA lyhyesti","description":"","publisher":{"@id":"https:\/\/sites.uef.fi\/kehuva\/#organization"},"potentialAction":[{"@type":"SearchAction","target":{"@type":"EntryPoint","urlTemplate":"https:\/\/sites.uef.fi\/kehuva\/?s={search_term_string}"},"query-input":{"@type":"PropertyValueSpecification","valueRequired":true,"valueName":"search_term_string"}}],"inLanguage":"fi"},{"@type":"Organization","@id":"https:\/\/sites.uef.fi\/kehuva\/#organization","name":"KEHUVA lyhyesti","url":"https:\/\/sites.uef.fi\/kehuva\/","logo":{"@type":"ImageObject","inLanguage":"fi","@id":"https:\/\/sites.uef.fi\/kehuva\/#\/schema\/logo\/image\/","url":"https:\/\/sites.uef.fi\/kehuva\/wp-content\/uploads\/sites\/416\/2023\/03\/cropped-UEF_wordpress_white.png","contentUrl":"https:\/\/sites.uef.fi\/kehuva\/wp-content\/uploads\/sites\/416\/2023\/03\/cropped-UEF_wordpress_white.png","width":250,"height":250,"caption":"KEHUVA lyhyesti"},"image":{"@id":"https:\/\/sites.uef.fi\/kehuva\/#\/schema\/logo\/image\/"}}]}},"_links":{"self":[{"href":"https:\/\/sites.uef.fi\/kehuva\/wp-json\/wp\/v2\/pages\/76","targetHints":{"allow":["GET"]}}],"collection":[{"href":"https:\/\/sites.uef.fi\/kehuva\/wp-json\/wp\/v2\/pages"}],"about":[{"href":"https:\/\/sites.uef.fi\/kehuva\/wp-json\/wp\/v2\/types\/page"}],"author":[{"embeddable":true,"href":"https:\/\/sites.uef.fi\/kehuva\/wp-json\/wp\/v2\/users\/972"}],"replies":[{"embeddable":true,"href":"https:\/\/sites.uef.fi\/kehuva\/wp-json\/wp\/v2\/comments?post=76"}],"version-history":[{"count":1,"href":"https:\/\/sites.uef.fi\/kehuva\/wp-json\/wp\/v2\/pages\/76\/revisions"}],"predecessor-version":[{"id":2711,"href":"https:\/\/sites.uef.fi\/kehuva\/wp-json\/wp\/v2\/pages\/76\/revisions\/2711"}],"wp:attachment":[{"href":"https:\/\/sites.uef.fi\/kehuva\/wp-json\/wp\/v2\/media?parent=76"}],"curies":[{"name":"wp","href":"https:\/\/api.w.org\/{rel}","templated":true}]}}