{"id":1459,"date":"2026-01-22T14:55:52","date_gmt":"2026-01-22T12:55:52","guid":{"rendered":"https:\/\/sites.uef.fi\/kestavyyspaivat\/?page_id=1459"},"modified":"2026-03-11T14:12:41","modified_gmt":"2026-03-11T12:12:41","slug":"maanantain-ohjelma","status":"publish","type":"page","link":"https:\/\/sites.uef.fi\/kestavyyspaivat\/maanantain-ohjelma\/","title":{"rendered":"Maanantain ohjelma"},"content":{"rendered":"\n<p>T\u00e4lle sivulle on koottu maanantain 16.3. ohjelma, joka tapahtuu kahden kampuksen tapahtumana ja Teamsissa. Joensuussa sali E100 ja Kuopiossa MS302.<\/p>\n\n\n\n<p>Linkki tapahtuman seuraamiseen et\u00e4n\u00e4: <a href=\"https:\/\/events.teams.microsoft.com\/event\/2e1a2075-842d-4aaf-b2e5-2d338530caf7@87879f2e-7304-4bf2-baf2-63e7f83f3c34\" target=\"_blank\" rel=\"noreferrer noopener\">Kest\u00e4vyys- ja tasa-arvop\u00e4iv\u00e4t | Kokoukseen liittyminen | Microsoft Teams<\/a><\/p>\n\n\n\n<p>Juontaja: Sami Tanskanen<\/p>\n\n\n\n<p><strong>12.00 &#8211; 12.15 Avaussanat vararehtori, tasa-arvo- ja yhdenvertaisuustoimikunnan puheenjohtaja Laura Hirsto<\/strong><\/p>\n\n\n\n<p><strong>12.15 \u2013 13.15 Keynote: Yliopisto ja n\u00e4kym\u00e4t\u00f6n yhteiskuntaluokka, yliopistonlehtori Mari K\u00e4yhk\u00f6<\/strong><\/p>\n\n\n\n<p><strong>13.15-13.45 Tasa-arvo- ja yhdenvertaisuuspalkinto ja palkitun puheenvuoro<\/strong><\/p>\n\n\n\n<p><strong>13.45-14.15 Smoothietarjoilu<\/strong><\/p>\n\n\n\n<p><\/p>\n","protected":false},"excerpt":{"rendered":"<p>T\u00e4lle sivulle on koottu maanantain 16.3. ohjelma, joka tapahtuu kahden kampuksen tapahtumana ja Teamsissa. Joensuussa sali E100 ja Kuopiossa MS302. Linkki tapahtuman seuraamiseen et\u00e4n\u00e4: Kest\u00e4vyys- ja tasa-arvop\u00e4iv\u00e4t | Kokoukseen liittyminen | Microsoft Teams Juontaja: Sami Tanskanen 12.00 &#8211; 12.15 Avaussanat vararehtori, tasa-arvo- ja yhdenvertaisuustoimikunnan puheenjohtaja Laura Hirsto 12.15 \u2013 13.15 Keynote: Yliopisto ja n\u00e4kym\u00e4t\u00f6n yhteiskuntaluokka, [&hellip;]<\/p>\n","protected":false},"author":940,"featured_media":0,"parent":0,"menu_order":0,"comment_status":"closed","ping_status":"closed","template":"","meta":{"_acf_changed":false,"footnotes":""},"class_list":["post-1459","page","type-page","status-publish","hentry"],"acf":[],"yoast_head":"<!-- This site is optimized with the Yoast SEO plugin v27.3 - https:\/\/yoast.com\/product\/yoast-seo-wordpress\/ -->\n<title>Maanantain ohjelma - Kest\u00e4vyys- ja tasa-arvop\u00e4iv\u00e4t<\/title>\n<meta name=\"robots\" content=\"index, follow, max-snippet:-1, max-image-preview:large, max-video-preview:-1\" \/>\n<link rel=\"canonical\" href=\"https:\/\/sites.uef.fi\/kestavyyspaivat\/maanantain-ohjelma\/\" \/>\n<meta property=\"og:locale\" content=\"fi_FI\" \/>\n<meta property=\"og:type\" content=\"article\" \/>\n<meta property=\"og:title\" content=\"Maanantain ohjelma - Kest\u00e4vyys- ja tasa-arvop\u00e4iv\u00e4t\" \/>\n<meta property=\"og:description\" content=\"T\u00e4lle sivulle on koottu maanantain 16.3. ohjelma, joka tapahtuu kahden kampuksen tapahtumana ja Teamsissa. Joensuussa sali E100 ja Kuopiossa MS302. Linkki tapahtuman seuraamiseen et\u00e4n\u00e4: Kest\u00e4vyys- ja tasa-arvop\u00e4iv\u00e4t | Kokoukseen liittyminen | Microsoft Teams Juontaja: Sami Tanskanen 12.00 &#8211; 12.15 Avaussanat vararehtori, tasa-arvo- ja yhdenvertaisuustoimikunnan puheenjohtaja Laura Hirsto 12.15 \u2013 13.15 Keynote: Yliopisto ja n\u00e4kym\u00e4t\u00f6n yhteiskuntaluokka, [&hellip;]\" \/>\n<meta property=\"og:url\" content=\"https:\/\/sites.uef.fi\/kestavyyspaivat\/maanantain-ohjelma\/\" \/>\n<meta property=\"og:site_name\" content=\"Kest\u00e4vyys- ja tasa-arvop\u00e4iv\u00e4t\" \/>\n<meta property=\"article:modified_time\" content=\"2026-03-11T12:12:41+00:00\" \/>\n<meta name=\"twitter:card\" content=\"summary_large_image\" \/>\n<meta name=\"twitter:label1\" content=\"Arvioitu lukuaika\" \/>\n\t<meta name=\"twitter:data1\" content=\"1 minuutti\" \/>\n<script type=\"application\/ld+json\" class=\"yoast-schema-graph\">{\"@context\":\"https:\\\/\\\/schema.org\",\"@graph\":[{\"@type\":\"WebPage\",\"@id\":\"https:\\\/\\\/sites.uef.fi\\\/kestavyyspaivat\\\/maanantain-ohjelma\\\/\",\"url\":\"https:\\\/\\\/sites.uef.fi\\\/kestavyyspaivat\\\/maanantain-ohjelma\\\/\",\"name\":\"Maanantain ohjelma - Kest\u00e4vyys- ja tasa-arvop\u00e4iv\u00e4t\",\"isPartOf\":{\"@id\":\"https:\\\/\\\/sites.uef.fi\\\/kestavyyspaivat\\\/#website\"},\"datePublished\":\"2026-01-22T12:55:52+00:00\",\"dateModified\":\"2026-03-11T12:12:41+00:00\",\"breadcrumb\":{\"@id\":\"https:\\\/\\\/sites.uef.fi\\\/kestavyyspaivat\\\/maanantain-ohjelma\\\/#breadcrumb\"},\"inLanguage\":\"fi\",\"potentialAction\":[{\"@type\":\"ReadAction\",\"target\":[\"https:\\\/\\\/sites.uef.fi\\\/kestavyyspaivat\\\/maanantain-ohjelma\\\/\"]}]},{\"@type\":\"BreadcrumbList\",\"@id\":\"https:\\\/\\\/sites.uef.fi\\\/kestavyyspaivat\\\/maanantain-ohjelma\\\/#breadcrumb\",\"itemListElement\":[{\"@type\":\"ListItem\",\"position\":1,\"name\":\"Home\",\"item\":\"https:\\\/\\\/sites.uef.fi\\\/kestavyyspaivat\\\/\"},{\"@type\":\"ListItem\",\"position\":2,\"name\":\"Maanantain ohjelma\"}]},{\"@type\":\"WebSite\",\"@id\":\"https:\\\/\\\/sites.uef.fi\\\/kestavyyspaivat\\\/#website\",\"url\":\"https:\\\/\\\/sites.uef.fi\\\/kestavyyspaivat\\\/\",\"name\":\"Kest\u00e4vyys- ja tasa-arvop\u00e4iv\u00e4t\",\"description\":\"\",\"potentialAction\":[{\"@type\":\"SearchAction\",\"target\":{\"@type\":\"EntryPoint\",\"urlTemplate\":\"https:\\\/\\\/sites.uef.fi\\\/kestavyyspaivat\\\/?s={search_term_string}\"},\"query-input\":{\"@type\":\"PropertyValueSpecification\",\"valueRequired\":true,\"valueName\":\"search_term_string\"}}],\"inLanguage\":\"fi\"}]}<\/script>\n<!-- \/ Yoast SEO plugin. -->","yoast_head_json":{"title":"Maanantain ohjelma - Kest\u00e4vyys- ja tasa-arvop\u00e4iv\u00e4t","robots":{"index":"index","follow":"follow","max-snippet":"max-snippet:-1","max-image-preview":"max-image-preview:large","max-video-preview":"max-video-preview:-1"},"canonical":"https:\/\/sites.uef.fi\/kestavyyspaivat\/maanantain-ohjelma\/","og_locale":"fi_FI","og_type":"article","og_title":"Maanantain ohjelma - Kest\u00e4vyys- ja tasa-arvop\u00e4iv\u00e4t","og_description":"T\u00e4lle sivulle on koottu maanantain 16.3. ohjelma, joka tapahtuu kahden kampuksen tapahtumana ja Teamsissa. Joensuussa sali E100 ja Kuopiossa MS302. Linkki tapahtuman seuraamiseen et\u00e4n\u00e4: Kest\u00e4vyys- ja tasa-arvop\u00e4iv\u00e4t | Kokoukseen liittyminen | Microsoft Teams Juontaja: Sami Tanskanen 12.00 &#8211; 12.15 Avaussanat vararehtori, tasa-arvo- ja yhdenvertaisuustoimikunnan puheenjohtaja Laura Hirsto 12.15 \u2013 13.15 Keynote: Yliopisto ja n\u00e4kym\u00e4t\u00f6n yhteiskuntaluokka, [&hellip;]","og_url":"https:\/\/sites.uef.fi\/kestavyyspaivat\/maanantain-ohjelma\/","og_site_name":"Kest\u00e4vyys- ja tasa-arvop\u00e4iv\u00e4t","article_modified_time":"2026-03-11T12:12:41+00:00","twitter_card":"summary_large_image","twitter_misc":{"Arvioitu lukuaika":"1 minuutti"},"schema":{"@context":"https:\/\/schema.org","@graph":[{"@type":"WebPage","@id":"https:\/\/sites.uef.fi\/kestavyyspaivat\/maanantain-ohjelma\/","url":"https:\/\/sites.uef.fi\/kestavyyspaivat\/maanantain-ohjelma\/","name":"Maanantain ohjelma - Kest\u00e4vyys- ja tasa-arvop\u00e4iv\u00e4t","isPartOf":{"@id":"https:\/\/sites.uef.fi\/kestavyyspaivat\/#website"},"datePublished":"2026-01-22T12:55:52+00:00","dateModified":"2026-03-11T12:12:41+00:00","breadcrumb":{"@id":"https:\/\/sites.uef.fi\/kestavyyspaivat\/maanantain-ohjelma\/#breadcrumb"},"inLanguage":"fi","potentialAction":[{"@type":"ReadAction","target":["https:\/\/sites.uef.fi\/kestavyyspaivat\/maanantain-ohjelma\/"]}]},{"@type":"BreadcrumbList","@id":"https:\/\/sites.uef.fi\/kestavyyspaivat\/maanantain-ohjelma\/#breadcrumb","itemListElement":[{"@type":"ListItem","position":1,"name":"Home","item":"https:\/\/sites.uef.fi\/kestavyyspaivat\/"},{"@type":"ListItem","position":2,"name":"Maanantain ohjelma"}]},{"@type":"WebSite","@id":"https:\/\/sites.uef.fi\/kestavyyspaivat\/#website","url":"https:\/\/sites.uef.fi\/kestavyyspaivat\/","name":"Kest\u00e4vyys- ja tasa-arvop\u00e4iv\u00e4t","description":"","potentialAction":[{"@type":"SearchAction","target":{"@type":"EntryPoint","urlTemplate":"https:\/\/sites.uef.fi\/kestavyyspaivat\/?s={search_term_string}"},"query-input":{"@type":"PropertyValueSpecification","valueRequired":true,"valueName":"search_term_string"}}],"inLanguage":"fi"}]}},"_links":{"self":[{"href":"https:\/\/sites.uef.fi\/kestavyyspaivat\/wp-json\/wp\/v2\/pages\/1459","targetHints":{"allow":["GET"]}}],"collection":[{"href":"https:\/\/sites.uef.fi\/kestavyyspaivat\/wp-json\/wp\/v2\/pages"}],"about":[{"href":"https:\/\/sites.uef.fi\/kestavyyspaivat\/wp-json\/wp\/v2\/types\/page"}],"author":[{"embeddable":true,"href":"https:\/\/sites.uef.fi\/kestavyyspaivat\/wp-json\/wp\/v2\/users\/940"}],"replies":[{"embeddable":true,"href":"https:\/\/sites.uef.fi\/kestavyyspaivat\/wp-json\/wp\/v2\/comments?post=1459"}],"version-history":[{"count":2,"href":"https:\/\/sites.uef.fi\/kestavyyspaivat\/wp-json\/wp\/v2\/pages\/1459\/revisions"}],"predecessor-version":[{"id":1556,"href":"https:\/\/sites.uef.fi\/kestavyyspaivat\/wp-json\/wp\/v2\/pages\/1459\/revisions\/1556"}],"wp:attachment":[{"href":"https:\/\/sites.uef.fi\/kestavyyspaivat\/wp-json\/wp\/v2\/media?parent=1459"}],"curies":[{"name":"wp","href":"https:\/\/api.w.org\/{rel}","templated":true}]}}