{"id":1473,"date":"2026-01-26T11:19:10","date_gmt":"2026-01-26T09:19:10","guid":{"rendered":"https:\/\/sites.uef.fi\/kestavyyspaivat\/?page_id=1473"},"modified":"2026-03-11T14:24:39","modified_gmt":"2026-03-11T12:24:39","slug":"monday-16-3-2026","status":"publish","type":"page","link":"https:\/\/sites.uef.fi\/kestavyyspaivat\/monday-16-3-2026\/?lang=en","title":{"rendered":"Monday 16.3.2026"},"content":{"rendered":"\n<p>This page brings together the programme for Monday, 16 March, which will be held as both campuses and on Teams. In Joensuu, the venue is room E100 and in Kuopio MS302.<\/p>\n\n\n\n<p>The event can be followed online: <a href=\"https:\/\/events.teams.microsoft.com\/event\/2e1a2075-842d-4aaf-b2e5-2d338530caf7@87879f2e-7304-4bf2-baf2-63e7f83f3c34\" target=\"_blank\" rel=\"noreferrer noopener\">Kest\u00e4vyys- ja tasa-arvop\u00e4iv\u00e4t | Kokoukseen liittyminen | Microsoft Teams<\/a><\/p>\n\n\n\n<p>Sustainability Days in the UEF event calendar: <a href=\"https:\/\/www.uef.fi\/en\/event\/sustainability-and-equality-days\">Sustainability and Equality Days | University of Eastern Finland<\/a><\/p>\n\n\n\n<p>Host: Sami Tanskanen<\/p>\n\n\n\n<p><strong>12:00 &#8211; 12:15 Opening remarks by Vice Rector, Chair of the Equality and Equity Committee, Laura Hirsto<\/strong><\/p>\n\n\n\n<p><strong>12:15 \u2013 13:15 Keynote: Yliopisto ja n\u00e4kym\u00e4t\u00f6n yhteiskuntaluokka, yliopistonlehtori Mari K\u00e4yhk\u00f6<\/strong><\/p>\n\n\n\n<p><strong>13:15 &#8211; 13:45 The Gender Equality and Equal Opportunities Award and speech by the award recipients<\/strong><\/p>\n\n\n\n<p><strong>13:45 &#8211; 14:15 Smoothies served<\/strong><\/p>\n","protected":false},"excerpt":{"rendered":"<p>This page brings together the programme for Monday, 16 March, which will be held as both campuses and on Teams. In Joensuu, the venue is room E100 and in Kuopio MS302. The event can be followed online: Kest\u00e4vyys- ja tasa-arvop\u00e4iv\u00e4t | Kokoukseen liittyminen | Microsoft Teams Sustainability Days in the UEF event calendar: Sustainability and [&hellip;]<\/p>\n","protected":false},"author":940,"featured_media":0,"parent":0,"menu_order":0,"comment_status":"closed","ping_status":"closed","template":"","meta":{"_acf_changed":false,"footnotes":""},"class_list":["post-1473","page","type-page","status-publish","hentry"],"acf":[],"yoast_head":"<!-- This site is optimized with the Yoast SEO plugin v27.1.1 - https:\/\/yoast.com\/product\/yoast-seo-wordpress\/ -->\n<title>Monday 16.3.2026 - Kest\u00e4vyys- ja tasa-arvop\u00e4iv\u00e4t<\/title>\n<meta name=\"robots\" content=\"index, follow, max-snippet:-1, max-image-preview:large, max-video-preview:-1\" \/>\n<link rel=\"canonical\" href=\"https:\/\/sites.uef.fi\/kestavyyspaivat\/monday-16-3-2026\/\" \/>\n<meta property=\"og:locale\" content=\"fi_FI\" \/>\n<meta property=\"og:type\" content=\"article\" \/>\n<meta property=\"og:title\" content=\"Monday 16.3.2026 - Kest\u00e4vyys- ja tasa-arvop\u00e4iv\u00e4t\" \/>\n<meta property=\"og:description\" content=\"This page brings together the programme for Monday, 16 March, which will be held as both campuses and on Teams. In Joensuu, the venue is room E100 and in Kuopio MS302. The event can be followed online: Kest\u00e4vyys- ja tasa-arvop\u00e4iv\u00e4t | Kokoukseen liittyminen | Microsoft Teams Sustainability Days in the UEF event calendar: Sustainability and [&hellip;]\" \/>\n<meta property=\"og:url\" content=\"https:\/\/sites.uef.fi\/kestavyyspaivat\/monday-16-3-2026\/?lang=en\" \/>\n<meta property=\"og:site_name\" content=\"Kest\u00e4vyys- ja tasa-arvop\u00e4iv\u00e4t\" \/>\n<meta property=\"article:modified_time\" content=\"2026-03-11T12:24:39+00:00\" \/>\n<meta name=\"twitter:card\" content=\"summary_large_image\" \/>\n<meta name=\"twitter:label1\" content=\"Arvioitu lukuaika\" \/>\n\t<meta name=\"twitter:data1\" content=\"1 minuutti\" \/>\n<script type=\"application\/ld+json\" class=\"yoast-schema-graph\">{\"@context\":\"https:\/\/schema.org\",\"@graph\":[{\"@type\":\"WebPage\",\"@id\":\"https:\/\/sites.uef.fi\/kestavyyspaivat\/monday-16-3-2026\/?lang=en\",\"url\":\"https:\/\/sites.uef.fi\/kestavyyspaivat\/monday-16-3-2026\/?lang=en\",\"name\":\"Monday 16.3.2026 - Kest\u00e4vyys- ja tasa-arvop\u00e4iv\u00e4t\",\"isPartOf\":{\"@id\":\"https:\/\/sites.uef.fi\/kestavyyspaivat\/#website\"},\"datePublished\":\"2026-01-26T09:19:10+00:00\",\"dateModified\":\"2026-03-11T12:24:39+00:00\",\"breadcrumb\":{\"@id\":\"https:\/\/sites.uef.fi\/kestavyyspaivat\/monday-16-3-2026\/?lang=en#breadcrumb\"},\"inLanguage\":\"fi\",\"potentialAction\":[{\"@type\":\"ReadAction\",\"target\":[\"https:\/\/sites.uef.fi\/kestavyyspaivat\/monday-16-3-2026\/?lang=en\"]}]},{\"@type\":\"BreadcrumbList\",\"@id\":\"https:\/\/sites.uef.fi\/kestavyyspaivat\/monday-16-3-2026\/?lang=en#breadcrumb\",\"itemListElement\":[{\"@type\":\"ListItem\",\"position\":1,\"name\":\"Home\",\"item\":\"https:\/\/sites.uef.fi\/kestavyyspaivat\/\"},{\"@type\":\"ListItem\",\"position\":2,\"name\":\"Monday 16.3.2026\"}]},{\"@type\":\"WebSite\",\"@id\":\"https:\/\/sites.uef.fi\/kestavyyspaivat\/#website\",\"url\":\"https:\/\/sites.uef.fi\/kestavyyspaivat\/\",\"name\":\"Kest\u00e4vyys- ja tasa-arvop\u00e4iv\u00e4t\",\"description\":\"\",\"potentialAction\":[{\"@type\":\"SearchAction\",\"target\":{\"@type\":\"EntryPoint\",\"urlTemplate\":\"https:\/\/sites.uef.fi\/kestavyyspaivat\/?s={search_term_string}\"},\"query-input\":{\"@type\":\"PropertyValueSpecification\",\"valueRequired\":true,\"valueName\":\"search_term_string\"}}],\"inLanguage\":\"fi\"}]}<\/script>\n<!-- \/ Yoast SEO plugin. -->","yoast_head_json":{"title":"Monday 16.3.2026 - Kest\u00e4vyys- ja tasa-arvop\u00e4iv\u00e4t","robots":{"index":"index","follow":"follow","max-snippet":"max-snippet:-1","max-image-preview":"max-image-preview:large","max-video-preview":"max-video-preview:-1"},"canonical":"https:\/\/sites.uef.fi\/kestavyyspaivat\/monday-16-3-2026\/","og_locale":"fi_FI","og_type":"article","og_title":"Monday 16.3.2026 - Kest\u00e4vyys- ja tasa-arvop\u00e4iv\u00e4t","og_description":"This page brings together the programme for Monday, 16 March, which will be held as both campuses and on Teams. In Joensuu, the venue is room E100 and in Kuopio MS302. The event can be followed online: Kest\u00e4vyys- ja tasa-arvop\u00e4iv\u00e4t | Kokoukseen liittyminen | Microsoft Teams Sustainability Days in the UEF event calendar: Sustainability and [&hellip;]","og_url":"https:\/\/sites.uef.fi\/kestavyyspaivat\/monday-16-3-2026\/?lang=en","og_site_name":"Kest\u00e4vyys- ja tasa-arvop\u00e4iv\u00e4t","article_modified_time":"2026-03-11T12:24:39+00:00","twitter_card":"summary_large_image","twitter_misc":{"Arvioitu lukuaika":"1 minuutti"},"schema":{"@context":"https:\/\/schema.org","@graph":[{"@type":"WebPage","@id":"https:\/\/sites.uef.fi\/kestavyyspaivat\/monday-16-3-2026\/?lang=en","url":"https:\/\/sites.uef.fi\/kestavyyspaivat\/monday-16-3-2026\/?lang=en","name":"Monday 16.3.2026 - Kest\u00e4vyys- ja tasa-arvop\u00e4iv\u00e4t","isPartOf":{"@id":"https:\/\/sites.uef.fi\/kestavyyspaivat\/#website"},"datePublished":"2026-01-26T09:19:10+00:00","dateModified":"2026-03-11T12:24:39+00:00","breadcrumb":{"@id":"https:\/\/sites.uef.fi\/kestavyyspaivat\/monday-16-3-2026\/?lang=en#breadcrumb"},"inLanguage":"fi","potentialAction":[{"@type":"ReadAction","target":["https:\/\/sites.uef.fi\/kestavyyspaivat\/monday-16-3-2026\/?lang=en"]}]},{"@type":"BreadcrumbList","@id":"https:\/\/sites.uef.fi\/kestavyyspaivat\/monday-16-3-2026\/?lang=en#breadcrumb","itemListElement":[{"@type":"ListItem","position":1,"name":"Home","item":"https:\/\/sites.uef.fi\/kestavyyspaivat\/"},{"@type":"ListItem","position":2,"name":"Monday 16.3.2026"}]},{"@type":"WebSite","@id":"https:\/\/sites.uef.fi\/kestavyyspaivat\/#website","url":"https:\/\/sites.uef.fi\/kestavyyspaivat\/","name":"Kest\u00e4vyys- ja tasa-arvop\u00e4iv\u00e4t","description":"","potentialAction":[{"@type":"SearchAction","target":{"@type":"EntryPoint","urlTemplate":"https:\/\/sites.uef.fi\/kestavyyspaivat\/?s={search_term_string}"},"query-input":{"@type":"PropertyValueSpecification","valueRequired":true,"valueName":"search_term_string"}}],"inLanguage":"fi"}]}},"_links":{"self":[{"href":"https:\/\/sites.uef.fi\/kestavyyspaivat\/wp-json\/wp\/v2\/pages\/1473","targetHints":{"allow":["GET"]}}],"collection":[{"href":"https:\/\/sites.uef.fi\/kestavyyspaivat\/wp-json\/wp\/v2\/pages"}],"about":[{"href":"https:\/\/sites.uef.fi\/kestavyyspaivat\/wp-json\/wp\/v2\/types\/page"}],"author":[{"embeddable":true,"href":"https:\/\/sites.uef.fi\/kestavyyspaivat\/wp-json\/wp\/v2\/users\/940"}],"replies":[{"embeddable":true,"href":"https:\/\/sites.uef.fi\/kestavyyspaivat\/wp-json\/wp\/v2\/comments?post=1473"}],"version-history":[{"count":2,"href":"https:\/\/sites.uef.fi\/kestavyyspaivat\/wp-json\/wp\/v2\/pages\/1473\/revisions"}],"predecessor-version":[{"id":1567,"href":"https:\/\/sites.uef.fi\/kestavyyspaivat\/wp-json\/wp\/v2\/pages\/1473\/revisions\/1567"}],"wp:attachment":[{"href":"https:\/\/sites.uef.fi\/kestavyyspaivat\/wp-json\/wp\/v2\/media?parent=1473"}],"curies":[{"name":"wp","href":"https:\/\/api.w.org\/{rel}","templated":true}]}}