{"id":226,"date":"2023-12-22T09:14:45","date_gmt":"2023-12-22T09:14:45","guid":{"rendered":"https:\/\/sites.uef.fi\/kestavyyspaivat\/?page_id=226"},"modified":"2026-03-11T14:14:01","modified_gmt":"2026-03-11T12:14:01","slug":"etusivu","status":"publish","type":"page","link":"https:\/\/sites.uef.fi\/kestavyyspaivat\/","title":{"rendered":"Etusivu"},"content":{"rendered":"\n<p><strong>Kest\u00e4vyys- ja tasa-arvop\u00e4iv\u00e4t j\u00e4rjestet\u00e4\u00e4n 16.-18.3.2026. Ohjelma alkaa maanantaina 16.3. molemmilla kampuksilla, ja jatkuu Kuopiossa tiistaina 17.3. ja Joensuussa keskiviikkona 18.3.<\/strong> UEFin Kest\u00e4vyys- ja tasa-arvop\u00e4iv\u00e4t sek\u00e4 Kuopion ett\u00e4 Joensuun kampuksella tarjoavat mahdollisuuden tutustua UEF:n eri oppiaineiden ja tieteenalojen kest\u00e4vyysosaamiseen.<\/p>\n\n\n\n<p>Tapahtuma on avoin kaikille. Tutustu tapahtuman ohjelmaan t\u00e4\u00e4lt\u00e4 alla olevista linkeist\u00e4.<\/p>\n\n\n\n<div class=\"links-block\">\n\n    \n    <ul class=\"link-list\">\n        \n            \n            <li class=\"link-list-item\">\n                <a href=\"https:\/\/sites.uef.fi\/kestavyyspaivat\/maanantain-ohjelma\/\" class=\"link-reset link hover-scale-down\">\n                    <svg\n        width=\"43\" height=\"25\"\n        viewBox=\"0 0 43 25\"\n        xmlns=\"http:\/\/www.w3.org\/2000\/svg\">\n    <path\n        d=\"M30.027 0 43 12.5 30.027 25 27 22.083 34.351 15H0v-5h34.351L27 2.917z\"\n        fill=\"currentColor\"\n        fill-rule=\"evenodd\"\/>\n<\/svg>                    <div>Maanantai 16.3.<\/div>\n                <\/a>\n                <div class=\"link-info\">\n                                    <\/div>\n            <\/li>\n\n        \n            <li class=\"link-list-item\">\n                <a href=\"https:\/\/sites.uef.fi\/kestavyyspaivat\/kuopio\/\" class=\"link-reset link hover-scale-down\">\n                    <svg\n        width=\"43\" height=\"25\"\n        viewBox=\"0 0 43 25\"\n        xmlns=\"http:\/\/www.w3.org\/2000\/svg\">\n    <path\n        d=\"M30.027 0 43 12.5 30.027 25 27 22.083 34.351 15H0v-5h34.351L27 2.917z\"\n        fill=\"currentColor\"\n        fill-rule=\"evenodd\"\/>\n<\/svg>                    <div>Tiistai 17.3. Kuopion kampus<\/div>\n                <\/a>\n                <div class=\"link-info\">\n                                    <\/div>\n            <\/li>\n\n        \n            <li class=\"link-list-item\">\n                <a href=\"https:\/\/sites.uef.fi\/kestavyyspaivat\/joensuu\/\" class=\"link-reset link hover-scale-down\">\n                    <svg\n        width=\"43\" height=\"25\"\n        viewBox=\"0 0 43 25\"\n        xmlns=\"http:\/\/www.w3.org\/2000\/svg\">\n    <path\n        d=\"M30.027 0 43 12.5 30.027 25 27 22.083 34.351 15H0v-5h34.351L27 2.917z\"\n        fill=\"currentColor\"\n        fill-rule=\"evenodd\"\/>\n<\/svg>                    <div>Keskiviikko 18.3. Joensuun kampus<\/div>\n                <\/a>\n                <div class=\"link-info\">\n                                    <\/div>\n            <\/li>\n\n                <\/ul>\n<\/div>\n\n\n<p>Lue lis\u00e4\u00e4 kest\u00e4vyydest\u00e4 ja vastuullisuudesta It\u00e4-Suomen yliopistossa: <a href=\"https:\/\/www.uef.fi\/fi\/kestavayliopisto\" target=\"_blank\" rel=\"noreferrer noopener\">https:\/\/www.uef.fi\/fi\/kestavayliopisto<\/a><\/p>\n","protected":false},"excerpt":{"rendered":"<p>Kest\u00e4vyys- ja tasa-arvop\u00e4iv\u00e4t j\u00e4rjestet\u00e4\u00e4n 16.-18.3.2026. Ohjelma alkaa maanantaina 16.3. molemmilla kampuksilla, ja jatkuu Kuopiossa tiistaina 17.3. ja Joensuussa keskiviikkona 18.3. UEFin Kest\u00e4vyys- ja tasa-arvop\u00e4iv\u00e4t sek\u00e4 Kuopion ett\u00e4 Joensuun kampuksella tarjoavat mahdollisuuden tutustua UEF:n eri oppiaineiden ja tieteenalojen kest\u00e4vyysosaamiseen. Tapahtuma on avoin kaikille. Tutustu tapahtuman ohjelmaan t\u00e4\u00e4lt\u00e4 alla olevista linkeist\u00e4. Lue lis\u00e4\u00e4 kest\u00e4vyydest\u00e4 ja vastuullisuudesta It\u00e4-Suomen [&hellip;]<\/p>\n","protected":false},"author":2,"featured_media":271,"parent":0,"menu_order":0,"comment_status":"closed","ping_status":"closed","template":"","meta":{"_acf_changed":false,"footnotes":""},"class_list":["post-226","page","type-page","status-publish","has-post-thumbnail","hentry"],"acf":[],"yoast_head":"<!-- This site is optimized with the Yoast SEO plugin v27.3 - https:\/\/yoast.com\/product\/yoast-seo-wordpress\/ -->\n<title>Etusivu - Kest\u00e4vyys- ja tasa-arvop\u00e4iv\u00e4t<\/title>\n<meta name=\"robots\" content=\"index, follow, max-snippet:-1, max-image-preview:large, max-video-preview:-1\" \/>\n<link rel=\"canonical\" href=\"https:\/\/sites.uef.fi\/kestavyyspaivat\/\" \/>\n<meta property=\"og:locale\" content=\"fi_FI\" \/>\n<meta property=\"og:type\" content=\"article\" \/>\n<meta property=\"og:title\" content=\"Etusivu - Kest\u00e4vyys- ja tasa-arvop\u00e4iv\u00e4t\" \/>\n<meta property=\"og:description\" content=\"Kest\u00e4vyys- ja tasa-arvop\u00e4iv\u00e4t j\u00e4rjestet\u00e4\u00e4n 16.-18.3.2026. Ohjelma alkaa maanantaina 16.3. molemmilla kampuksilla, ja jatkuu Kuopiossa tiistaina 17.3. ja Joensuussa keskiviikkona 18.3. UEFin Kest\u00e4vyys- ja tasa-arvop\u00e4iv\u00e4t sek\u00e4 Kuopion ett\u00e4 Joensuun kampuksella tarjoavat mahdollisuuden tutustua UEF:n eri oppiaineiden ja tieteenalojen kest\u00e4vyysosaamiseen. Tapahtuma on avoin kaikille. Tutustu tapahtuman ohjelmaan t\u00e4\u00e4lt\u00e4 alla olevista linkeist\u00e4. Lue lis\u00e4\u00e4 kest\u00e4vyydest\u00e4 ja vastuullisuudesta It\u00e4-Suomen [&hellip;]\" \/>\n<meta property=\"og:url\" content=\"https:\/\/sites.uef.fi\/kestavyyspaivat\/\" \/>\n<meta property=\"og:site_name\" content=\"Kest\u00e4vyys- ja tasa-arvop\u00e4iv\u00e4t\" \/>\n<meta property=\"article:modified_time\" content=\"2026-03-11T12:14:01+00:00\" \/>\n<meta property=\"og:image\" content=\"https:\/\/sites.uef.fi\/kestavyyspaivat\/wp-content\/uploads\/sites\/451\/2024\/01\/UEF_Kestavyyspaivat_Kuvitus.png\" \/>\n\t<meta property=\"og:image:width\" content=\"2001\" \/>\n\t<meta property=\"og:image:height\" content=\"1334\" \/>\n\t<meta property=\"og:image:type\" content=\"image\/png\" \/>\n<meta name=\"twitter:card\" content=\"summary_large_image\" \/>\n<meta name=\"twitter:label1\" content=\"Arvioitu lukuaika\" \/>\n\t<meta name=\"twitter:data1\" content=\"1 minuutti\" \/>\n<script type=\"application\/ld+json\" class=\"yoast-schema-graph\">{\"@context\":\"https:\\\/\\\/schema.org\",\"@graph\":[{\"@type\":\"WebPage\",\"@id\":\"https:\\\/\\\/sites.uef.fi\\\/kestavyyspaivat\\\/\",\"url\":\"https:\\\/\\\/sites.uef.fi\\\/kestavyyspaivat\\\/\",\"name\":\"Etusivu - Kest\u00e4vyys- ja tasa-arvop\u00e4iv\u00e4t\",\"isPartOf\":{\"@id\":\"https:\\\/\\\/sites.uef.fi\\\/kestavyyspaivat\\\/#website\"},\"primaryImageOfPage\":{\"@id\":\"https:\\\/\\\/sites.uef.fi\\\/kestavyyspaivat\\\/#primaryimage\"},\"image\":{\"@id\":\"https:\\\/\\\/sites.uef.fi\\\/kestavyyspaivat\\\/#primaryimage\"},\"thumbnailUrl\":\"https:\\\/\\\/sites.uef.fi\\\/kestavyyspaivat\\\/wp-content\\\/uploads\\\/sites\\\/451\\\/2024\\\/01\\\/UEF_Kestavyyspaivat_Kuvitus.png\",\"datePublished\":\"2023-12-22T09:14:45+00:00\",\"dateModified\":\"2026-03-11T12:14:01+00:00\",\"breadcrumb\":{\"@id\":\"https:\\\/\\\/sites.uef.fi\\\/kestavyyspaivat\\\/#breadcrumb\"},\"inLanguage\":\"fi\",\"potentialAction\":[{\"@type\":\"ReadAction\",\"target\":[\"https:\\\/\\\/sites.uef.fi\\\/kestavyyspaivat\\\/\"]}]},{\"@type\":\"ImageObject\",\"inLanguage\":\"fi\",\"@id\":\"https:\\\/\\\/sites.uef.fi\\\/kestavyyspaivat\\\/#primaryimage\",\"url\":\"https:\\\/\\\/sites.uef.fi\\\/kestavyyspaivat\\\/wp-content\\\/uploads\\\/sites\\\/451\\\/2024\\\/01\\\/UEF_Kestavyyspaivat_Kuvitus.png\",\"contentUrl\":\"https:\\\/\\\/sites.uef.fi\\\/kestavyyspaivat\\\/wp-content\\\/uploads\\\/sites\\\/451\\\/2024\\\/01\\\/UEF_Kestavyyspaivat_Kuvitus.png\",\"width\":2001,\"height\":1334},{\"@type\":\"BreadcrumbList\",\"@id\":\"https:\\\/\\\/sites.uef.fi\\\/kestavyyspaivat\\\/#breadcrumb\",\"itemListElement\":[{\"@type\":\"ListItem\",\"position\":1,\"name\":\"Home\",\"item\":\"https:\\\/\\\/sites.uef.fi\\\/kestavyyspaivat\\\/\"},{\"@type\":\"ListItem\",\"position\":2,\"name\":\"Etusivu\"}]},{\"@type\":\"WebSite\",\"@id\":\"https:\\\/\\\/sites.uef.fi\\\/kestavyyspaivat\\\/#website\",\"url\":\"https:\\\/\\\/sites.uef.fi\\\/kestavyyspaivat\\\/\",\"name\":\"Kest\u00e4vyys- ja tasa-arvop\u00e4iv\u00e4t\",\"description\":\"\",\"potentialAction\":[{\"@type\":\"SearchAction\",\"target\":{\"@type\":\"EntryPoint\",\"urlTemplate\":\"https:\\\/\\\/sites.uef.fi\\\/kestavyyspaivat\\\/?s={search_term_string}\"},\"query-input\":{\"@type\":\"PropertyValueSpecification\",\"valueRequired\":true,\"valueName\":\"search_term_string\"}}],\"inLanguage\":\"fi\"}]}<\/script>\n<!-- \/ Yoast SEO plugin. -->","yoast_head_json":{"title":"Etusivu - Kest\u00e4vyys- ja tasa-arvop\u00e4iv\u00e4t","robots":{"index":"index","follow":"follow","max-snippet":"max-snippet:-1","max-image-preview":"max-image-preview:large","max-video-preview":"max-video-preview:-1"},"canonical":"https:\/\/sites.uef.fi\/kestavyyspaivat\/","og_locale":"fi_FI","og_type":"article","og_title":"Etusivu - Kest\u00e4vyys- ja tasa-arvop\u00e4iv\u00e4t","og_description":"Kest\u00e4vyys- ja tasa-arvop\u00e4iv\u00e4t j\u00e4rjestet\u00e4\u00e4n 16.-18.3.2026. Ohjelma alkaa maanantaina 16.3. molemmilla kampuksilla, ja jatkuu Kuopiossa tiistaina 17.3. ja Joensuussa keskiviikkona 18.3. UEFin Kest\u00e4vyys- ja tasa-arvop\u00e4iv\u00e4t sek\u00e4 Kuopion ett\u00e4 Joensuun kampuksella tarjoavat mahdollisuuden tutustua UEF:n eri oppiaineiden ja tieteenalojen kest\u00e4vyysosaamiseen. Tapahtuma on avoin kaikille. Tutustu tapahtuman ohjelmaan t\u00e4\u00e4lt\u00e4 alla olevista linkeist\u00e4. Lue lis\u00e4\u00e4 kest\u00e4vyydest\u00e4 ja vastuullisuudesta It\u00e4-Suomen [&hellip;]","og_url":"https:\/\/sites.uef.fi\/kestavyyspaivat\/","og_site_name":"Kest\u00e4vyys- ja tasa-arvop\u00e4iv\u00e4t","article_modified_time":"2026-03-11T12:14:01+00:00","og_image":[{"width":2001,"height":1334,"url":"https:\/\/sites.uef.fi\/kestavyyspaivat\/wp-content\/uploads\/sites\/451\/2024\/01\/UEF_Kestavyyspaivat_Kuvitus.png","type":"image\/png"}],"twitter_card":"summary_large_image","twitter_misc":{"Arvioitu lukuaika":"1 minuutti"},"schema":{"@context":"https:\/\/schema.org","@graph":[{"@type":"WebPage","@id":"https:\/\/sites.uef.fi\/kestavyyspaivat\/","url":"https:\/\/sites.uef.fi\/kestavyyspaivat\/","name":"Etusivu - Kest\u00e4vyys- ja tasa-arvop\u00e4iv\u00e4t","isPartOf":{"@id":"https:\/\/sites.uef.fi\/kestavyyspaivat\/#website"},"primaryImageOfPage":{"@id":"https:\/\/sites.uef.fi\/kestavyyspaivat\/#primaryimage"},"image":{"@id":"https:\/\/sites.uef.fi\/kestavyyspaivat\/#primaryimage"},"thumbnailUrl":"https:\/\/sites.uef.fi\/kestavyyspaivat\/wp-content\/uploads\/sites\/451\/2024\/01\/UEF_Kestavyyspaivat_Kuvitus.png","datePublished":"2023-12-22T09:14:45+00:00","dateModified":"2026-03-11T12:14:01+00:00","breadcrumb":{"@id":"https:\/\/sites.uef.fi\/kestavyyspaivat\/#breadcrumb"},"inLanguage":"fi","potentialAction":[{"@type":"ReadAction","target":["https:\/\/sites.uef.fi\/kestavyyspaivat\/"]}]},{"@type":"ImageObject","inLanguage":"fi","@id":"https:\/\/sites.uef.fi\/kestavyyspaivat\/#primaryimage","url":"https:\/\/sites.uef.fi\/kestavyyspaivat\/wp-content\/uploads\/sites\/451\/2024\/01\/UEF_Kestavyyspaivat_Kuvitus.png","contentUrl":"https:\/\/sites.uef.fi\/kestavyyspaivat\/wp-content\/uploads\/sites\/451\/2024\/01\/UEF_Kestavyyspaivat_Kuvitus.png","width":2001,"height":1334},{"@type":"BreadcrumbList","@id":"https:\/\/sites.uef.fi\/kestavyyspaivat\/#breadcrumb","itemListElement":[{"@type":"ListItem","position":1,"name":"Home","item":"https:\/\/sites.uef.fi\/kestavyyspaivat\/"},{"@type":"ListItem","position":2,"name":"Etusivu"}]},{"@type":"WebSite","@id":"https:\/\/sites.uef.fi\/kestavyyspaivat\/#website","url":"https:\/\/sites.uef.fi\/kestavyyspaivat\/","name":"Kest\u00e4vyys- ja tasa-arvop\u00e4iv\u00e4t","description":"","potentialAction":[{"@type":"SearchAction","target":{"@type":"EntryPoint","urlTemplate":"https:\/\/sites.uef.fi\/kestavyyspaivat\/?s={search_term_string}"},"query-input":{"@type":"PropertyValueSpecification","valueRequired":true,"valueName":"search_term_string"}}],"inLanguage":"fi"}]}},"_links":{"self":[{"href":"https:\/\/sites.uef.fi\/kestavyyspaivat\/wp-json\/wp\/v2\/pages\/226","targetHints":{"allow":["GET"]}}],"collection":[{"href":"https:\/\/sites.uef.fi\/kestavyyspaivat\/wp-json\/wp\/v2\/pages"}],"about":[{"href":"https:\/\/sites.uef.fi\/kestavyyspaivat\/wp-json\/wp\/v2\/types\/page"}],"author":[{"embeddable":true,"href":"https:\/\/sites.uef.fi\/kestavyyspaivat\/wp-json\/wp\/v2\/users\/2"}],"replies":[{"embeddable":true,"href":"https:\/\/sites.uef.fi\/kestavyyspaivat\/wp-json\/wp\/v2\/comments?post=226"}],"version-history":[{"count":2,"href":"https:\/\/sites.uef.fi\/kestavyyspaivat\/wp-json\/wp\/v2\/pages\/226\/revisions"}],"predecessor-version":[{"id":1559,"href":"https:\/\/sites.uef.fi\/kestavyyspaivat\/wp-json\/wp\/v2\/pages\/226\/revisions\/1559"}],"wp:featuredmedia":[{"embeddable":true,"href":"https:\/\/sites.uef.fi\/kestavyyspaivat\/wp-json\/wp\/v2\/media\/271"}],"wp:attachment":[{"href":"https:\/\/sites.uef.fi\/kestavyyspaivat\/wp-json\/wp\/v2\/media?parent=226"}],"curies":[{"name":"wp","href":"https:\/\/api.w.org\/{rel}","templated":true}]}}