{"id":244,"date":"2023-12-22T09:14:45","date_gmt":"2023-12-22T07:14:45","guid":{"rendered":"https:\/\/sites.uef.fi\/kestavyyspaivat\/frontpage\/"},"modified":"2026-02-18T14:29:30","modified_gmt":"2026-02-18T12:29:30","slug":"frontpage","status":"publish","type":"page","link":"https:\/\/sites.uef.fi\/kestavyyspaivat\/frontpage\/?lang=en","title":{"rendered":"Frontpage"},"content":{"rendered":"\n<p><strong>The Sustainability and Equality Days will be held in Kuopio on 16-18 March 2026. The programme will begin on Monday 16, March on both campuses and will continue in Kuopio on Tuesday, 17 March and in Joensuu on Wednesday, 18 March. <\/strong><\/p>\n\n\n\n<p>The UEF Sustainability and Equality Days on both the Kuopio and Joensuu campuses offer an opportunity to learn about the sustainability expertise of UEF&#8217;s different subjects and disciplines.<\/p>\n\n\n\n<p>The event is open to everyone. Explore the event program here:<\/p>\n\n\n\n<div class=\"links-block\">\n\n    \n    <ul class=\"link-list\">\n        \n            \n            <li class=\"link-list-item\">\n                <a href=\"https:\/\/sites.uef.fi\/kestavyyspaivat\/monday-16-3-2026\/?lang=en\" class=\"link-reset link hover-scale-down\">\n                    <svg\n        width=\"43\" height=\"25\"\n        viewBox=\"0 0 43 25\"\n        xmlns=\"http:\/\/www.w3.org\/2000\/svg\">\n    <path\n        d=\"M30.027 0 43 12.5 30.027 25 27 22.083 34.351 15H0v-5h34.351L27 2.917z\"\n        fill=\"currentColor\"\n        fill-rule=\"evenodd\"\/>\n<\/svg>                    <div>Monday 16.3.2026<\/div>\n                <\/a>\n                <div class=\"link-info\">\n                                    <\/div>\n            <\/li>\n\n        \n            <li class=\"link-list-item\">\n                <a href=\"https:\/\/sites.uef.fi\/kestavyyspaivat\/kuopio\/\" class=\"link-reset link hover-scale-down\">\n                    <svg\n        width=\"43\" height=\"25\"\n        viewBox=\"0 0 43 25\"\n        xmlns=\"http:\/\/www.w3.org\/2000\/svg\">\n    <path\n        d=\"M30.027 0 43 12.5 30.027 25 27 22.083 34.351 15H0v-5h34.351L27 2.917z\"\n        fill=\"currentColor\"\n        fill-rule=\"evenodd\"\/>\n<\/svg>                    <div>Tuesday 17.3.2026, Kuopio campus<\/div>\n                <\/a>\n                <div class=\"link-info\">\n                                    <\/div>\n            <\/li>\n\n        \n            <li class=\"link-list-item\">\n                <a href=\"https:\/\/sites.uef.fi\/kestavyyspaivat\/joensuu\/\" class=\"link-reset link hover-scale-down\">\n                    <svg\n        width=\"43\" height=\"25\"\n        viewBox=\"0 0 43 25\"\n        xmlns=\"http:\/\/www.w3.org\/2000\/svg\">\n    <path\n        d=\"M30.027 0 43 12.5 30.027 25 27 22.083 34.351 15H0v-5h34.351L27 2.917z\"\n        fill=\"currentColor\"\n        fill-rule=\"evenodd\"\/>\n<\/svg>                    <div>Wednesday 18.3.2026, Joensuu campus<\/div>\n                <\/a>\n                <div class=\"link-info\">\n                                    <\/div>\n            <\/li>\n\n                <\/ul>\n<\/div>\n\n\n<p>Read more about sustainable development at the University of Eastern Finland: <a href=\"https:\/\/www.uef.fi\/en\/sustainable-development\">https:\/\/www.uef.fi\/en\/sustainable-development<\/a><\/p>\n\n\n\n<p><\/p>\n","protected":false},"excerpt":{"rendered":"<p>The Sustainability and Equality Days will be held in Kuopio on 16-18 March 2026. The programme will begin on Monday 16, March on both campuses and will continue in Kuopio on Tuesday, 17 March and in Joensuu on Wednesday, 18 March. The UEF Sustainability and Equality Days on both the Kuopio and Joensuu campuses offer [&hellip;]<\/p>\n","protected":false},"author":2,"featured_media":274,"parent":0,"menu_order":0,"comment_status":"closed","ping_status":"closed","template":"","meta":{"_acf_changed":false,"footnotes":""},"class_list":["post-244","page","type-page","status-publish","has-post-thumbnail","hentry"],"acf":[],"yoast_head":"<!-- This site is optimized with the Yoast SEO plugin v27.1.1 - https:\/\/yoast.com\/product\/yoast-seo-wordpress\/ -->\n<title>Frontpage - Kest\u00e4vyys- ja tasa-arvop\u00e4iv\u00e4t<\/title>\n<meta name=\"robots\" content=\"index, follow, max-snippet:-1, max-image-preview:large, max-video-preview:-1\" \/>\n<link rel=\"canonical\" href=\"https:\/\/sites.uef.fi\/kestavyyspaivat\/frontpage\/\" \/>\n<meta property=\"og:locale\" content=\"fi_FI\" \/>\n<meta property=\"og:type\" content=\"article\" \/>\n<meta property=\"og:title\" content=\"Frontpage - Kest\u00e4vyys- ja tasa-arvop\u00e4iv\u00e4t\" \/>\n<meta property=\"og:description\" content=\"The Sustainability and Equality Days will be held in Kuopio on 16-18 March 2026. The programme will begin on Monday 16, March on both campuses and will continue in Kuopio on Tuesday, 17 March and in Joensuu on Wednesday, 18 March. The UEF Sustainability and Equality Days on both the Kuopio and Joensuu campuses offer [&hellip;]\" \/>\n<meta property=\"og:url\" content=\"https:\/\/sites.uef.fi\/kestavyyspaivat\/frontpage\/?lang=en\" \/>\n<meta property=\"og:site_name\" content=\"Kest\u00e4vyys- ja tasa-arvop\u00e4iv\u00e4t\" \/>\n<meta property=\"article:modified_time\" content=\"2026-02-18T12:29:30+00:00\" \/>\n<meta property=\"og:image\" content=\"https:\/\/sites.uef.fi\/kestavyyspaivat\/wp-content\/uploads\/sites\/451\/2024\/01\/UEF_Kestavyyspaivat_Kuvitus.png\" \/>\n\t<meta property=\"og:image:width\" content=\"2001\" \/>\n\t<meta property=\"og:image:height\" content=\"1334\" \/>\n\t<meta property=\"og:image:type\" content=\"image\/png\" \/>\n<meta name=\"twitter:card\" content=\"summary_large_image\" \/>\n<meta name=\"twitter:label1\" content=\"Arvioitu lukuaika\" \/>\n\t<meta name=\"twitter:data1\" content=\"1 minuutti\" \/>\n<script type=\"application\/ld+json\" class=\"yoast-schema-graph\">{\"@context\":\"https:\/\/schema.org\",\"@graph\":[{\"@type\":\"WebPage\",\"@id\":\"https:\/\/sites.uef.fi\/kestavyyspaivat\/frontpage\/?lang=en\",\"url\":\"https:\/\/sites.uef.fi\/kestavyyspaivat\/frontpage\/?lang=en\",\"name\":\"Frontpage - Kest\u00e4vyys- ja tasa-arvop\u00e4iv\u00e4t\",\"isPartOf\":{\"@id\":\"https:\/\/sites.uef.fi\/kestavyyspaivat\/#website\"},\"primaryImageOfPage\":{\"@id\":\"https:\/\/sites.uef.fi\/kestavyyspaivat\/frontpage\/?lang=en#primaryimage\"},\"image\":{\"@id\":\"https:\/\/sites.uef.fi\/kestavyyspaivat\/frontpage\/?lang=en#primaryimage\"},\"thumbnailUrl\":\"https:\/\/sites.uef.fi\/kestavyyspaivat\/wp-content\/uploads\/sites\/451\/2024\/01\/UEF_Kestavyyspaivat_Kuvitus.png\",\"datePublished\":\"2023-12-22T07:14:45+00:00\",\"dateModified\":\"2026-02-18T12:29:30+00:00\",\"breadcrumb\":{\"@id\":\"https:\/\/sites.uef.fi\/kestavyyspaivat\/frontpage\/?lang=en#breadcrumb\"},\"inLanguage\":\"fi\",\"potentialAction\":[{\"@type\":\"ReadAction\",\"target\":[\"https:\/\/sites.uef.fi\/kestavyyspaivat\/frontpage\/?lang=en\"]}]},{\"@type\":\"ImageObject\",\"inLanguage\":\"fi\",\"@id\":\"https:\/\/sites.uef.fi\/kestavyyspaivat\/frontpage\/?lang=en#primaryimage\",\"url\":\"https:\/\/sites.uef.fi\/kestavyyspaivat\/wp-content\/uploads\/sites\/451\/2024\/01\/UEF_Kestavyyspaivat_Kuvitus.png\",\"contentUrl\":\"https:\/\/sites.uef.fi\/kestavyyspaivat\/wp-content\/uploads\/sites\/451\/2024\/01\/UEF_Kestavyyspaivat_Kuvitus.png\",\"width\":2001,\"height\":1334},{\"@type\":\"BreadcrumbList\",\"@id\":\"https:\/\/sites.uef.fi\/kestavyyspaivat\/frontpage\/?lang=en#breadcrumb\",\"itemListElement\":[{\"@type\":\"ListItem\",\"position\":1,\"name\":\"Home\",\"item\":\"https:\/\/sites.uef.fi\/kestavyyspaivat\/\"},{\"@type\":\"ListItem\",\"position\":2,\"name\":\"Frontpage\"}]},{\"@type\":\"WebSite\",\"@id\":\"https:\/\/sites.uef.fi\/kestavyyspaivat\/#website\",\"url\":\"https:\/\/sites.uef.fi\/kestavyyspaivat\/\",\"name\":\"Kest\u00e4vyys- ja tasa-arvop\u00e4iv\u00e4t\",\"description\":\"\",\"potentialAction\":[{\"@type\":\"SearchAction\",\"target\":{\"@type\":\"EntryPoint\",\"urlTemplate\":\"https:\/\/sites.uef.fi\/kestavyyspaivat\/?s={search_term_string}\"},\"query-input\":{\"@type\":\"PropertyValueSpecification\",\"valueRequired\":true,\"valueName\":\"search_term_string\"}}],\"inLanguage\":\"fi\"}]}<\/script>\n<!-- \/ Yoast SEO plugin. -->","yoast_head_json":{"title":"Frontpage - Kest\u00e4vyys- ja tasa-arvop\u00e4iv\u00e4t","robots":{"index":"index","follow":"follow","max-snippet":"max-snippet:-1","max-image-preview":"max-image-preview:large","max-video-preview":"max-video-preview:-1"},"canonical":"https:\/\/sites.uef.fi\/kestavyyspaivat\/frontpage\/","og_locale":"fi_FI","og_type":"article","og_title":"Frontpage - Kest\u00e4vyys- ja tasa-arvop\u00e4iv\u00e4t","og_description":"The Sustainability and Equality Days will be held in Kuopio on 16-18 March 2026. The programme will begin on Monday 16, March on both campuses and will continue in Kuopio on Tuesday, 17 March and in Joensuu on Wednesday, 18 March. The UEF Sustainability and Equality Days on both the Kuopio and Joensuu campuses offer [&hellip;]","og_url":"https:\/\/sites.uef.fi\/kestavyyspaivat\/frontpage\/?lang=en","og_site_name":"Kest\u00e4vyys- ja tasa-arvop\u00e4iv\u00e4t","article_modified_time":"2026-02-18T12:29:30+00:00","og_image":[{"width":2001,"height":1334,"url":"https:\/\/sites.uef.fi\/kestavyyspaivat\/wp-content\/uploads\/sites\/451\/2024\/01\/UEF_Kestavyyspaivat_Kuvitus.png","type":"image\/png"}],"twitter_card":"summary_large_image","twitter_misc":{"Arvioitu lukuaika":"1 minuutti"},"schema":{"@context":"https:\/\/schema.org","@graph":[{"@type":"WebPage","@id":"https:\/\/sites.uef.fi\/kestavyyspaivat\/frontpage\/?lang=en","url":"https:\/\/sites.uef.fi\/kestavyyspaivat\/frontpage\/?lang=en","name":"Frontpage - Kest\u00e4vyys- ja tasa-arvop\u00e4iv\u00e4t","isPartOf":{"@id":"https:\/\/sites.uef.fi\/kestavyyspaivat\/#website"},"primaryImageOfPage":{"@id":"https:\/\/sites.uef.fi\/kestavyyspaivat\/frontpage\/?lang=en#primaryimage"},"image":{"@id":"https:\/\/sites.uef.fi\/kestavyyspaivat\/frontpage\/?lang=en#primaryimage"},"thumbnailUrl":"https:\/\/sites.uef.fi\/kestavyyspaivat\/wp-content\/uploads\/sites\/451\/2024\/01\/UEF_Kestavyyspaivat_Kuvitus.png","datePublished":"2023-12-22T07:14:45+00:00","dateModified":"2026-02-18T12:29:30+00:00","breadcrumb":{"@id":"https:\/\/sites.uef.fi\/kestavyyspaivat\/frontpage\/?lang=en#breadcrumb"},"inLanguage":"fi","potentialAction":[{"@type":"ReadAction","target":["https:\/\/sites.uef.fi\/kestavyyspaivat\/frontpage\/?lang=en"]}]},{"@type":"ImageObject","inLanguage":"fi","@id":"https:\/\/sites.uef.fi\/kestavyyspaivat\/frontpage\/?lang=en#primaryimage","url":"https:\/\/sites.uef.fi\/kestavyyspaivat\/wp-content\/uploads\/sites\/451\/2024\/01\/UEF_Kestavyyspaivat_Kuvitus.png","contentUrl":"https:\/\/sites.uef.fi\/kestavyyspaivat\/wp-content\/uploads\/sites\/451\/2024\/01\/UEF_Kestavyyspaivat_Kuvitus.png","width":2001,"height":1334},{"@type":"BreadcrumbList","@id":"https:\/\/sites.uef.fi\/kestavyyspaivat\/frontpage\/?lang=en#breadcrumb","itemListElement":[{"@type":"ListItem","position":1,"name":"Home","item":"https:\/\/sites.uef.fi\/kestavyyspaivat\/"},{"@type":"ListItem","position":2,"name":"Frontpage"}]},{"@type":"WebSite","@id":"https:\/\/sites.uef.fi\/kestavyyspaivat\/#website","url":"https:\/\/sites.uef.fi\/kestavyyspaivat\/","name":"Kest\u00e4vyys- ja tasa-arvop\u00e4iv\u00e4t","description":"","potentialAction":[{"@type":"SearchAction","target":{"@type":"EntryPoint","urlTemplate":"https:\/\/sites.uef.fi\/kestavyyspaivat\/?s={search_term_string}"},"query-input":{"@type":"PropertyValueSpecification","valueRequired":true,"valueName":"search_term_string"}}],"inLanguage":"fi"}]}},"_links":{"self":[{"href":"https:\/\/sites.uef.fi\/kestavyyspaivat\/wp-json\/wp\/v2\/pages\/244","targetHints":{"allow":["GET"]}}],"collection":[{"href":"https:\/\/sites.uef.fi\/kestavyyspaivat\/wp-json\/wp\/v2\/pages"}],"about":[{"href":"https:\/\/sites.uef.fi\/kestavyyspaivat\/wp-json\/wp\/v2\/types\/page"}],"author":[{"embeddable":true,"href":"https:\/\/sites.uef.fi\/kestavyyspaivat\/wp-json\/wp\/v2\/users\/2"}],"replies":[{"embeddable":true,"href":"https:\/\/sites.uef.fi\/kestavyyspaivat\/wp-json\/wp\/v2\/comments?post=244"}],"version-history":[{"count":2,"href":"https:\/\/sites.uef.fi\/kestavyyspaivat\/wp-json\/wp\/v2\/pages\/244\/revisions"}],"predecessor-version":[{"id":1528,"href":"https:\/\/sites.uef.fi\/kestavyyspaivat\/wp-json\/wp\/v2\/pages\/244\/revisions\/1528"}],"wp:featuredmedia":[{"embeddable":true,"href":"https:\/\/sites.uef.fi\/kestavyyspaivat\/wp-json\/wp\/v2\/media\/274"}],"wp:attachment":[{"href":"https:\/\/sites.uef.fi\/kestavyyspaivat\/wp-json\/wp\/v2\/media?parent=244"}],"curies":[{"name":"wp","href":"https:\/\/api.w.org\/{rel}","templated":true}]}}