{"id":277,"date":"2024-01-23T20:41:14","date_gmt":"2024-01-23T18:41:14","guid":{"rendered":"https:\/\/sites.uef.fi\/kestavyyspaivat\/?page_id=277"},"modified":"2026-03-12T15:41:57","modified_gmt":"2026-03-12T13:41:57","slug":"kuopio","status":"publish","type":"page","link":"https:\/\/sites.uef.fi\/kestavyyspaivat\/kuopio\/","title":{"rendered":"Kuopio 17.3.2026"},"content":{"rendered":"\n<p>T\u00e4ll\u00e4 sivulle on koottu Kuopion kampuksen ohjelma. Ohjelmaan voi tulla muutoksia ja tarkennuksia. Tapahtuma on kampuksella, ellei ohjelmakohtaisesti ole muuta ilmoitettu. Osa ohjelmasta j\u00e4rjestet\u00e4\u00e4n suomeksi ja osa englanniksi.<\/p>\n\n\n\n<p>Tapahtumapaikka: Kuopion kampus, Snellmanian aula. <\/p>\n\n\n\n<p>Tapahtumaa voi seurata my\u00f6s et\u00e4yhteyden kautta (linkki et\u00e4yhteyteen: <a href=\"https:\/\/events.teams.microsoft.com\/event\/f387fe12-3671-4e55-9d56-4046881c9d42@87879f2e-7304-4bf2-baf2-63e7f83f3c34\" target=\"_blank\" rel=\"noreferrer noopener\">Kest\u00e4vyys- ja tasa-arvop\u00e4iv\u00e4t | Kokoukseen liittyminen | Microsoft Teams<\/a>)<\/p>\n\n\n\n<p>Kest\u00e4vyysp\u00e4iv\u00e4t tapahtumakalenterissa: <a href=\"https:\/\/www.uef.fi\/fi\/tapahtuma\/kestavyys-ja-tasa-arvopaivat\">Kest\u00e4vyys- ja tasa-arvop\u00e4iv\u00e4t | It\u00e4-Suomen yliopisto<\/a><\/p>\n\n\n\t<div id=\"accordion-block_cf91c8409c4be309f75b65ce2237c0af\" class=\"accordions\">\n\t\t\t\t\t<div class=\"accordion accordion-js\">\n\t\t\t\t<button class=\"accordion__button\" aria-controls=\"content-3803\" aria-expanded=\"false\" id=\"accordion-control-3803\">\n\t\t\t\t\t<h3 class=\"accordion__heading\" >\n\t\t\t\t\t\tPuheenvuorot\t\t\t\t\t<\/h3>\n\t\t\t\t<\/button>\n\t\t\t\t<div class=\"accordion__content\" role=\"region\" aria-labelledby=\"accordion-control-3803\" aria-hidden=\"true\" id=\"content-3803\">\n\t\t\t\t\t<p><strong>Snellmanian aula<\/strong><\/p>\n<p><strong>10:00 Aamukahvit <\/strong>(tarjotaan 50 ensimm\u00e4iselle)<\/p>\n<p><strong>10:30 Tilaisuuden avaus<\/strong><\/p>\n<p><strong>10:35 &#8211; 11:30 <span data-teams=\"true\">Maailmanj\u00e4rjestys murtuu \u2013 kest\u00e4v\u00e4tk\u00f6 yhteiset s\u00e4\u00e4nn\u00f6t?<\/span>, Kaari Mattila, ty\u00f6el\u00e4m\u00e4professori<\/strong><\/p>\n<p><strong>11:30 &#8211; 12:30 Varadekaanien paneelikeskustelu<\/strong><\/p>\n<p><em>Lounastauko (omakustanteinen)<\/em><\/p>\n<p><strong>13:30 &#8211; 14:00 Kest\u00e4v\u00e4 ja vastuullinen tulevaisuus -palkinto ansiokkaasta tutkielmasta<\/strong><\/p>\n\t\t\t\t<\/div>\n\t\t\t<\/div>\n\t\t\t<\/div>\n\t\n\n\t<div id=\"accordion-block_56fdb93c9c9b58d0198e6152e203c8a7\" class=\"accordions\">\n\t\t\t\t\t<div class=\"accordion accordion-js\">\n\t\t\t\t<button class=\"accordion__button\" aria-controls=\"content-3506\" aria-expanded=\"false\" id=\"accordion-control-3506\">\n\t\t\t\t\t<h3 class=\"accordion__heading\" >\n\t\t\t\t\t\tTy\u00f6pajat ja esittelypisteet\t\t\t\t\t<\/h3>\n\t\t\t\t<\/button>\n\t\t\t\t<div class=\"accordion__content\" role=\"region\" aria-labelledby=\"accordion-control-3506\" aria-hidden=\"true\" id=\"content-3506\">\n\t\t\t\t\t<div>\n<div><strong><span data-olk-copy-source=\"MessageBody\">10:00 &#8211; 15:00 Kest\u00e4vyys UEFin arjessa \u2013 opetuksessa ja opiskelussa<\/span> (Pedagogisen kehitt\u00e4misen yliopistonlehtorit)<\/strong><\/div>\n<ul>\n<li>\n<p class=\"x_MsoNormal\"><span data-olk-copy-source=\"MessageBody\">Kest\u00e4vyys ei ole vain ymp\u00e4rist\u00f6tekoja, vaan my\u00f6s tasa-arvoa, saavutettavuutta, hyvinvointia ja reiluutta arjen valinnoissa.<\/span><\/p>\n<p class=\"x_MsoNormal\">Kest\u00e4vyys korkeakoulussa n\u00e4kyy arjen opetuksessa ja opiskelussa monin tavoin \u2013 usein huomaamatta. T\u00e4ss\u00e4 ty\u00f6pajassa teemme n\u00e4kyv\u00e4ksi, miten kest\u00e4vyys toteutuu tai haastaa opetuksessa ja opiskelussa ekologisen lis\u00e4ksi sosiaalisena, kulttuurisena, taloudellisena ja tasa-arvoa edist\u00e4v\u00e4n\u00e4 toimintana. Ty\u00f6paja on avoin ja matalan kynnyksen osallistava kokonaisuus. Voit osallistua pys\u00e4htym\u00e4ll\u00e4 hetkeksi ja j\u00e4tt\u00e4m\u00e4ll\u00e4 ajatuksesi post-it-lapulla. <strong>Pedalehtori on paikalla vertaisena ja keskustelukumppanina klo 10-12<\/strong>. Osallistuminen omilla ajatuksilla on kuitenkin mahdollista koko p\u00e4iv\u00e4n ajan. Luvassa my\u00f6s inspiroiva pakopeli!<\/p>\n<\/li>\n<\/ul>\n<\/div>\n<div><\/div>\n<div>\n<p class=\"x_MsoNormal\"><b><span data-olk-copy-source=\"MessageBody\">10:00 \u2013 16:00 Korjataan t\u00e4m\u00e4! OMPELUSEURAT Korjausolohuone <\/span><\/b><b>(ymp\u00e4rist\u00f6asiantuntija Meri Elonheimo, pukusuunnittelija Jaana Kurttila) <span style=\"color: #ff0000\">Ty\u00f6paja jatkuu my\u00f6s keskiviikkona 18.3. klo 10:00 &#8211; 16:00!<\/span><\/b><\/p>\n<\/div>\n<ul>\n<li><span data-olk-copy-source=\"MessageBody\">Maailma on monella tapaa repaleinen ja rikki, mutta on my\u00f6s paljon mit\u00e4 me voidaan itse korjata. Voidaan p\u00e4\u00e4tt\u00e4\u00e4, ett\u00e4 ylikulutus loppuu meihin. Opetella pit\u00e4m\u00e4\u00e4n huolta olemassa olevasta. <\/span><\/li>\n<li>Korjausolohuoneessa p\u00e4\u00e4set rikkin\u00e4isyyden murheesta korjaamisen riemuun \u2013 itse tekem\u00e4\u00e4n ja oppimaan arjen k\u00e4ytt\u00f6tekstiilien korjausta korjausammattilaisten auttamana.\u00a0<b>Ota siis mukaan rikkin\u00e4inen vaate, laukku tai muu kankainen korjattava!\u00a0<\/b>Me tuomme mukanamme ompelukoneita ja muita korjaustarvikkeita, paikkamateriaaleja ja korjattavia vaatteita poistotekstiileist\u00e4 sek\u00e4 hyvi\u00e4 neuvoja. Sopiva korjaustapa l\u00f6ytyy kyll\u00e4 jokaiselle. Korjata voi huomaamattomasti tai n\u00e4kyv\u00e4sti, k\u00e4sin tai koneella Korjausolohuoneessa my\u00f6s el\u00e4v\u00e4\u00e4 taidetta \u2013 tanssitaiteilija ja sellisti Outi Markkula improvisoi kansanmusiikin maisemissa.<\/li>\n<li>\n<p class=\"x_MsoNormal\"><i><span data-olk-copy-source=\"MessageBody\">Korjataan se, mit\u00e4 pystyt\u00e4\u00e4n.\u00a0<b>Korjataan t\u00e4m\u00e4! Korjataan t\u00e4m\u00e4 el\u00e4m\u00e4 kest\u00e4v\u00e4ksi el\u00e4m\u00e4ksi.<\/b><\/span><\/i><br \/>\n<span data-olk-copy-source=\"MessageBody\">Yhteisty\u00f6ss\u00e4 J\u00e4tekukko, El\u00e4v\u00e4 s\u00e4\u00e4ti\u00f6, ITAK ja Kuopion kaupunginkirjasto<\/span><\/p>\n<\/li>\n<\/ul>\n<p><strong>10:00 \u2013 15:00 Jatkuvan oppimisen keskuksen kest\u00e4vyysteemaisen koulutustarjonnan ja EnaBlS -hankkeen esittelypiste (Tiina Ynnil\u00e4)<\/strong><\/p>\n<ul>\n<li>Esill\u00e4 mm. Kest\u00e4v\u00e4n kiertotalouden osaamiskokonaisuus, Kest\u00e4v\u00e4n matkailuliiketoiminnan koulutuskokonaisuus, Metsien monimuotoisuus -osaamismerkki, erilaiset mets\u00e4-, luonto- ja biodiversiteettikoulutukset sek\u00e4 eNaBlS-hanke, joka on luontopohjaisten ratkaisuiden koulutuksen kehitt\u00e4miseen keskittyv\u00e4 EU Horizon -hanke.<\/li>\n<\/ul>\n<p><strong>10:00 \u2013 14:30 Maata pitkin matkustamisen ty\u00f6paja (Tiina Ynnil\u00e4), Overland Travel Workshop<\/strong><\/p>\n<p><strong>10:00 &#8211; 15:00 Kampusviljelyn esittelypiste<\/strong><\/p>\n<div><strong>10:00 &#8211; 15:00 Rasisminvastaisen viikon kirjan\u00e4yttely kampuskirjastossa ja hakupalvelu UEF-Primossa<\/strong><\/div>\n<ul>\n<li>Kirjan\u00e4yttelyiss\u00e4 nostetaan esille rasismintutkimukseen ja antirasismiin liittyv\u00e4\u00e4 kirjallisuutta.<\/li>\n<\/ul>\n<p><strong>10:00 &#8211; 15:00 Kest\u00e4vyys koulutuksessa (Sanni Pirttil\u00e4, Meri L\u00f6yttyniemi ja Kaisa Kurki)<\/strong><\/p>\n<ul>\n<li>Kest\u00e4v\u00e4n tulevaisuuden sivuainekokonaisuuden, Kest\u00e4vyysopintojen verkoston, Climate Universityn, Kest\u00e4vyysmurros-tohtorikoulutuspilotin (SusTra) sek\u00e4 UniPID:n esittelypiste<\/li>\n<\/ul>\n<p><strong>10:00 &#8211; 14:00 Ilmastolautapeli ja onnenpy\u00f6r\u00e4, Compass Group<\/strong><\/p>\n<p><strong>11:00 &#8211; 13:00 <span data-teams=\"true\">Tasa-arvo- ja yhdenvertaisuus UEFissa<\/span><\/strong><\/p>\n<ul>\n<li><span data-teams=\"true\">Tule tutustumaan UEFin tasa-arvo- ja yhdenvertaisuusty\u00f6h\u00f6n! Mik\u00e4 olikaan tasa-arvo- ja yhdenvertaisuussuunnitelma ja mist\u00e4 se l\u00f6ytyy? Milt\u00e4 n\u00e4ytt\u00e4v\u00e4t turvallisemman tilan periaatteet ja yliopistomme eettiset ohjeet? N\u00e4it\u00e4 asioita pohtiessa voit askarrella yst\u00e4vyysrannekkeen joko yksin tai yhdess\u00e4. P\u00e4\u00e4set my\u00f6s tarkastelemaan, mihin kohtaan sijoitut etuoikeuskeh\u00e4ll\u00e4 ja pelaamaan etuoikeusbingoa.<\/span><\/li>\n<\/ul>\n<p><strong>11:00 &#8211; 13:00 <span data-teams=\"true\"><b>Hyp\u00e4hd\u00e4 hetkeksi neuronormatiivisten oletusten ulkopuolelle!\u00a0<\/b><\/span><\/strong><\/p>\n<ul>\n<li><span data-teams=\"true\">Tervetuloa pisteelle, jossa erilaiset tavat ajatella, oppia ja tehd\u00e4 ty\u00f6t\u00e4 saavat ansaitsemansa tilan ja n\u00e4kyvyyden.<br \/>\nEsittelypisteell\u00e4 saat tietoa neuromoninaisuudesta\u00a0sek\u00e4 tutustut UEFin opiskelijoille ja henkil\u00f6kunnalle tarjolla olevaan matalan kynnyksen vertaistukeen ja ohjaukseen.<br \/>\nT\u00e4\u00e4ll\u00e4 voit pys\u00e4hty\u00e4 juttelemaan, pohtimaan ja oivaltamaan!<\/span><\/li>\n<li><span data-teams=\"true\"><b>Haasta ajatteluasi Normimurskaimella: <\/b>Nosta esiin neuronormi, murskaa se uuteen muotoon ja liit\u00e4 oma n\u00e4kemyksesi kasvavaan yhteis\u00f6lliseen sein\u00e4teokseen.<br \/>\nLopputuloksena syntyy rohkea kokoelma uudenlaisia, neuroinklusiivisia tapoja opiskella, tehd\u00e4 ty\u00f6t\u00e4 ja toimia osana yhteis\u00f6\u00e4.<\/span><\/li>\n<li><span data-teams=\"true\"><b>Tule inspiroitumaan pisteelle, jossa normit nytk\u00e4ht\u00e4v\u00e4t!<\/b><\/span><\/li>\n<\/ul>\n<p><strong>12:00 &#8211; 14:00 Kysy lajittelusta! (J\u00e4tekukko)<\/strong><\/p>\n<ul>\n<li><span data-olk-copy-source=\"MessageBody\">J\u00e4tekukko auttaa l\u00f6yt\u00e4m\u00e4\u00e4n vastaukset kinkkisempiinkin lajittelupulmiin. Neuvojen lis\u00e4ksi jaossa biopusseja ja haalarimerkkej\u00e4!<\/span><\/li>\n<\/ul>\n\t\t\t\t<\/div>\n\t\t\t<\/div>\n\t\t\t<\/div>\n\t\n\n\n<p><\/p>\n\n\n\n<p><\/p>\n\n\n\n<p><\/p>\n\n\n\n<p><strong>Muu ohjelma tapahtuman aikana<\/strong><\/p>\n\n\n\n<div class=\"links-block\">\n\n    \n    <ul class=\"link-list\">\n        \n            \n            <li class=\"link-list-item\">\n                <a href=\"https:\/\/vimeo.com\/showcase\/10715381\" class=\"link-reset link hover-scale-down\">\n                    <svg\n        width=\"43\" height=\"25\"\n        viewBox=\"0 0 43 25\"\n        xmlns=\"http:\/\/www.w3.org\/2000\/svg\">\n    <path\n        d=\"M30.027 0 43 12.5 30.027 25 27 22.083 34.351 15H0v-5h34.351L27 2.917z\"\n        fill=\"currentColor\"\n        fill-rule=\"evenodd\"\/>\n<\/svg>                    <div>Arjen pienet ekoteot -videot<\/div>\n                <\/a>\n                <div class=\"link-info\">\n                                    <\/div>\n            <\/li>\n\n        \n            <li class=\"link-list-item\">\n                <a href=\"https:\/\/blogs.uef.fi\/puheenvuoroja\/2023\/12\/21\/ita-suomen-yliopisto-teki-videosarjan-arjen-pienista-ekoteoista\/\" class=\"link-reset link hover-scale-down\">\n                    <svg\n        width=\"43\" height=\"25\"\n        viewBox=\"0 0 43 25\"\n        xmlns=\"http:\/\/www.w3.org\/2000\/svg\">\n    <path\n        d=\"M30.027 0 43 12.5 30.027 25 27 22.083 34.351 15H0v-5h34.351L27 2.917z\"\n        fill=\"currentColor\"\n        fill-rule=\"evenodd\"\/>\n<\/svg>                    <div>Juttu Arjen pienet ekoteot -videoista<\/div>\n                <\/a>\n                <div class=\"link-info\">\n                                    <\/div>\n            <\/li>\n\n                <\/ul>\n<\/div>","protected":false},"excerpt":{"rendered":"<p>T\u00e4ll\u00e4 sivulle on koottu Kuopion kampuksen ohjelma. Ohjelmaan voi tulla muutoksia ja tarkennuksia. Tapahtuma on kampuksella, ellei ohjelmakohtaisesti ole muuta ilmoitettu. Osa ohjelmasta j\u00e4rjestet\u00e4\u00e4n suomeksi ja osa englanniksi. Tapahtumapaikka: Kuopion kampus, Snellmanian aula. Tapahtumaa voi seurata my\u00f6s et\u00e4yhteyden kautta (linkki et\u00e4yhteyteen: Kest\u00e4vyys- ja tasa-arvop\u00e4iv\u00e4t | Kokoukseen liittyminen | Microsoft Teams) Kest\u00e4vyysp\u00e4iv\u00e4t tapahtumakalenterissa: Kest\u00e4vyys- ja tasa-arvop\u00e4iv\u00e4t [&hellip;]<\/p>\n","protected":false},"author":1053,"featured_media":271,"parent":0,"menu_order":0,"comment_status":"closed","ping_status":"closed","template":"","meta":{"_acf_changed":false,"footnotes":""},"class_list":["post-277","page","type-page","status-publish","has-post-thumbnail","hentry"],"acf":[],"yoast_head":"<!-- This site is optimized with the Yoast SEO plugin v27.3 - https:\/\/yoast.com\/product\/yoast-seo-wordpress\/ -->\n<title>Kuopio 17.3.2026 - Kest\u00e4vyys- ja tasa-arvop\u00e4iv\u00e4t<\/title>\n<meta name=\"robots\" content=\"index, follow, max-snippet:-1, max-image-preview:large, max-video-preview:-1\" \/>\n<link rel=\"canonical\" href=\"https:\/\/sites.uef.fi\/kestavyyspaivat\/kuopio\/\" \/>\n<meta property=\"og:locale\" content=\"fi_FI\" \/>\n<meta property=\"og:type\" content=\"article\" \/>\n<meta property=\"og:title\" content=\"Kuopio 17.3.2026 - Kest\u00e4vyys- ja tasa-arvop\u00e4iv\u00e4t\" \/>\n<meta property=\"og:description\" content=\"T\u00e4ll\u00e4 sivulle on koottu Kuopion kampuksen ohjelma. Ohjelmaan voi tulla muutoksia ja tarkennuksia. Tapahtuma on kampuksella, ellei ohjelmakohtaisesti ole muuta ilmoitettu. Osa ohjelmasta j\u00e4rjestet\u00e4\u00e4n suomeksi ja osa englanniksi. Tapahtumapaikka: Kuopion kampus, Snellmanian aula. Tapahtumaa voi seurata my\u00f6s et\u00e4yhteyden kautta (linkki et\u00e4yhteyteen: Kest\u00e4vyys- ja tasa-arvop\u00e4iv\u00e4t | Kokoukseen liittyminen | Microsoft Teams) Kest\u00e4vyysp\u00e4iv\u00e4t tapahtumakalenterissa: Kest\u00e4vyys- ja tasa-arvop\u00e4iv\u00e4t [&hellip;]\" \/>\n<meta property=\"og:url\" content=\"https:\/\/sites.uef.fi\/kestavyyspaivat\/kuopio\/\" \/>\n<meta property=\"og:site_name\" content=\"Kest\u00e4vyys- ja tasa-arvop\u00e4iv\u00e4t\" \/>\n<meta property=\"article:modified_time\" content=\"2026-03-12T13:41:57+00:00\" \/>\n<meta property=\"og:image\" content=\"https:\/\/sites.uef.fi\/kestavyyspaivat\/wp-content\/uploads\/sites\/451\/2024\/01\/UEF_Kestavyyspaivat_Kuvitus.png\" \/>\n\t<meta property=\"og:image:width\" content=\"2001\" \/>\n\t<meta property=\"og:image:height\" content=\"1334\" \/>\n\t<meta property=\"og:image:type\" content=\"image\/png\" \/>\n<meta name=\"twitter:card\" content=\"summary_large_image\" \/>\n<meta name=\"twitter:label1\" content=\"Arvioitu lukuaika\" \/>\n\t<meta name=\"twitter:data1\" content=\"1 minuutti\" \/>\n<script type=\"application\/ld+json\" class=\"yoast-schema-graph\">{\"@context\":\"https:\\\/\\\/schema.org\",\"@graph\":[{\"@type\":\"WebPage\",\"@id\":\"https:\\\/\\\/sites.uef.fi\\\/kestavyyspaivat\\\/kuopio\\\/\",\"url\":\"https:\\\/\\\/sites.uef.fi\\\/kestavyyspaivat\\\/kuopio\\\/\",\"name\":\"Kuopio 17.3.2026 - Kest\u00e4vyys- ja tasa-arvop\u00e4iv\u00e4t\",\"isPartOf\":{\"@id\":\"https:\\\/\\\/sites.uef.fi\\\/kestavyyspaivat\\\/#website\"},\"primaryImageOfPage\":{\"@id\":\"https:\\\/\\\/sites.uef.fi\\\/kestavyyspaivat\\\/kuopio\\\/#primaryimage\"},\"image\":{\"@id\":\"https:\\\/\\\/sites.uef.fi\\\/kestavyyspaivat\\\/kuopio\\\/#primaryimage\"},\"thumbnailUrl\":\"https:\\\/\\\/sites.uef.fi\\\/kestavyyspaivat\\\/wp-content\\\/uploads\\\/sites\\\/451\\\/2024\\\/01\\\/UEF_Kestavyyspaivat_Kuvitus.png\",\"datePublished\":\"2024-01-23T18:41:14+00:00\",\"dateModified\":\"2026-03-12T13:41:57+00:00\",\"breadcrumb\":{\"@id\":\"https:\\\/\\\/sites.uef.fi\\\/kestavyyspaivat\\\/kuopio\\\/#breadcrumb\"},\"inLanguage\":\"fi\",\"potentialAction\":[{\"@type\":\"ReadAction\",\"target\":[\"https:\\\/\\\/sites.uef.fi\\\/kestavyyspaivat\\\/kuopio\\\/\"]}]},{\"@type\":\"ImageObject\",\"inLanguage\":\"fi\",\"@id\":\"https:\\\/\\\/sites.uef.fi\\\/kestavyyspaivat\\\/kuopio\\\/#primaryimage\",\"url\":\"https:\\\/\\\/sites.uef.fi\\\/kestavyyspaivat\\\/wp-content\\\/uploads\\\/sites\\\/451\\\/2024\\\/01\\\/UEF_Kestavyyspaivat_Kuvitus.png\",\"contentUrl\":\"https:\\\/\\\/sites.uef.fi\\\/kestavyyspaivat\\\/wp-content\\\/uploads\\\/sites\\\/451\\\/2024\\\/01\\\/UEF_Kestavyyspaivat_Kuvitus.png\",\"width\":2001,\"height\":1334},{\"@type\":\"BreadcrumbList\",\"@id\":\"https:\\\/\\\/sites.uef.fi\\\/kestavyyspaivat\\\/kuopio\\\/#breadcrumb\",\"itemListElement\":[{\"@type\":\"ListItem\",\"position\":1,\"name\":\"Home\",\"item\":\"https:\\\/\\\/sites.uef.fi\\\/kestavyyspaivat\\\/\"},{\"@type\":\"ListItem\",\"position\":2,\"name\":\"Kuopio 17.3.2026\"}]},{\"@type\":\"WebSite\",\"@id\":\"https:\\\/\\\/sites.uef.fi\\\/kestavyyspaivat\\\/#website\",\"url\":\"https:\\\/\\\/sites.uef.fi\\\/kestavyyspaivat\\\/\",\"name\":\"Kest\u00e4vyys- ja tasa-arvop\u00e4iv\u00e4t\",\"description\":\"\",\"potentialAction\":[{\"@type\":\"SearchAction\",\"target\":{\"@type\":\"EntryPoint\",\"urlTemplate\":\"https:\\\/\\\/sites.uef.fi\\\/kestavyyspaivat\\\/?s={search_term_string}\"},\"query-input\":{\"@type\":\"PropertyValueSpecification\",\"valueRequired\":true,\"valueName\":\"search_term_string\"}}],\"inLanguage\":\"fi\"}]}<\/script>\n<!-- \/ Yoast SEO plugin. -->","yoast_head_json":{"title":"Kuopio 17.3.2026 - Kest\u00e4vyys- ja tasa-arvop\u00e4iv\u00e4t","robots":{"index":"index","follow":"follow","max-snippet":"max-snippet:-1","max-image-preview":"max-image-preview:large","max-video-preview":"max-video-preview:-1"},"canonical":"https:\/\/sites.uef.fi\/kestavyyspaivat\/kuopio\/","og_locale":"fi_FI","og_type":"article","og_title":"Kuopio 17.3.2026 - Kest\u00e4vyys- ja tasa-arvop\u00e4iv\u00e4t","og_description":"T\u00e4ll\u00e4 sivulle on koottu Kuopion kampuksen ohjelma. Ohjelmaan voi tulla muutoksia ja tarkennuksia. Tapahtuma on kampuksella, ellei ohjelmakohtaisesti ole muuta ilmoitettu. Osa ohjelmasta j\u00e4rjestet\u00e4\u00e4n suomeksi ja osa englanniksi. Tapahtumapaikka: Kuopion kampus, Snellmanian aula. Tapahtumaa voi seurata my\u00f6s et\u00e4yhteyden kautta (linkki et\u00e4yhteyteen: Kest\u00e4vyys- ja tasa-arvop\u00e4iv\u00e4t | Kokoukseen liittyminen | Microsoft Teams) Kest\u00e4vyysp\u00e4iv\u00e4t tapahtumakalenterissa: Kest\u00e4vyys- ja tasa-arvop\u00e4iv\u00e4t [&hellip;]","og_url":"https:\/\/sites.uef.fi\/kestavyyspaivat\/kuopio\/","og_site_name":"Kest\u00e4vyys- ja tasa-arvop\u00e4iv\u00e4t","article_modified_time":"2026-03-12T13:41:57+00:00","og_image":[{"width":2001,"height":1334,"url":"https:\/\/sites.uef.fi\/kestavyyspaivat\/wp-content\/uploads\/sites\/451\/2024\/01\/UEF_Kestavyyspaivat_Kuvitus.png","type":"image\/png"}],"twitter_card":"summary_large_image","twitter_misc":{"Arvioitu lukuaika":"1 minuutti"},"schema":{"@context":"https:\/\/schema.org","@graph":[{"@type":"WebPage","@id":"https:\/\/sites.uef.fi\/kestavyyspaivat\/kuopio\/","url":"https:\/\/sites.uef.fi\/kestavyyspaivat\/kuopio\/","name":"Kuopio 17.3.2026 - Kest\u00e4vyys- ja tasa-arvop\u00e4iv\u00e4t","isPartOf":{"@id":"https:\/\/sites.uef.fi\/kestavyyspaivat\/#website"},"primaryImageOfPage":{"@id":"https:\/\/sites.uef.fi\/kestavyyspaivat\/kuopio\/#primaryimage"},"image":{"@id":"https:\/\/sites.uef.fi\/kestavyyspaivat\/kuopio\/#primaryimage"},"thumbnailUrl":"https:\/\/sites.uef.fi\/kestavyyspaivat\/wp-content\/uploads\/sites\/451\/2024\/01\/UEF_Kestavyyspaivat_Kuvitus.png","datePublished":"2024-01-23T18:41:14+00:00","dateModified":"2026-03-12T13:41:57+00:00","breadcrumb":{"@id":"https:\/\/sites.uef.fi\/kestavyyspaivat\/kuopio\/#breadcrumb"},"inLanguage":"fi","potentialAction":[{"@type":"ReadAction","target":["https:\/\/sites.uef.fi\/kestavyyspaivat\/kuopio\/"]}]},{"@type":"ImageObject","inLanguage":"fi","@id":"https:\/\/sites.uef.fi\/kestavyyspaivat\/kuopio\/#primaryimage","url":"https:\/\/sites.uef.fi\/kestavyyspaivat\/wp-content\/uploads\/sites\/451\/2024\/01\/UEF_Kestavyyspaivat_Kuvitus.png","contentUrl":"https:\/\/sites.uef.fi\/kestavyyspaivat\/wp-content\/uploads\/sites\/451\/2024\/01\/UEF_Kestavyyspaivat_Kuvitus.png","width":2001,"height":1334},{"@type":"BreadcrumbList","@id":"https:\/\/sites.uef.fi\/kestavyyspaivat\/kuopio\/#breadcrumb","itemListElement":[{"@type":"ListItem","position":1,"name":"Home","item":"https:\/\/sites.uef.fi\/kestavyyspaivat\/"},{"@type":"ListItem","position":2,"name":"Kuopio 17.3.2026"}]},{"@type":"WebSite","@id":"https:\/\/sites.uef.fi\/kestavyyspaivat\/#website","url":"https:\/\/sites.uef.fi\/kestavyyspaivat\/","name":"Kest\u00e4vyys- ja tasa-arvop\u00e4iv\u00e4t","description":"","potentialAction":[{"@type":"SearchAction","target":{"@type":"EntryPoint","urlTemplate":"https:\/\/sites.uef.fi\/kestavyyspaivat\/?s={search_term_string}"},"query-input":{"@type":"PropertyValueSpecification","valueRequired":true,"valueName":"search_term_string"}}],"inLanguage":"fi"}]}},"_links":{"self":[{"href":"https:\/\/sites.uef.fi\/kestavyyspaivat\/wp-json\/wp\/v2\/pages\/277","targetHints":{"allow":["GET"]}}],"collection":[{"href":"https:\/\/sites.uef.fi\/kestavyyspaivat\/wp-json\/wp\/v2\/pages"}],"about":[{"href":"https:\/\/sites.uef.fi\/kestavyyspaivat\/wp-json\/wp\/v2\/types\/page"}],"author":[{"embeddable":true,"href":"https:\/\/sites.uef.fi\/kestavyyspaivat\/wp-json\/wp\/v2\/users\/1053"}],"replies":[{"embeddable":true,"href":"https:\/\/sites.uef.fi\/kestavyyspaivat\/wp-json\/wp\/v2\/comments?post=277"}],"version-history":[{"count":2,"href":"https:\/\/sites.uef.fi\/kestavyyspaivat\/wp-json\/wp\/v2\/pages\/277\/revisions"}],"predecessor-version":[{"id":1571,"href":"https:\/\/sites.uef.fi\/kestavyyspaivat\/wp-json\/wp\/v2\/pages\/277\/revisions\/1571"}],"wp:featuredmedia":[{"embeddable":true,"href":"https:\/\/sites.uef.fi\/kestavyyspaivat\/wp-json\/wp\/v2\/media\/271"}],"wp:attachment":[{"href":"https:\/\/sites.uef.fi\/kestavyyspaivat\/wp-json\/wp\/v2\/media?parent=277"}],"curies":[{"name":"wp","href":"https:\/\/api.w.org\/{rel}","templated":true}]}}