{"id":480,"date":"2024-01-23T20:41:23","date_gmt":"2024-01-23T18:41:23","guid":{"rendered":"https:\/\/sites.uef.fi\/kestavyyspaivat\/joensuu-19-21-3-2024\/"},"modified":"2026-03-11T14:23:48","modified_gmt":"2026-03-11T12:23:48","slug":"joensuu-19-21-3-2024","status":"publish","type":"page","link":"https:\/\/sites.uef.fi\/kestavyyspaivat\/joensuu-19-21-3-2024\/?lang=en","title":{"rendered":"Joensuu 18.3.2025"},"content":{"rendered":"\n<p>The program for the event in Joensuu is gathered on this page. There may be changes and additions to the program. Please note that part of the program is only in Finnish. The event takes place on campus unless otherwise stated for individual programs.<\/p>\n\n\n\n<p>Location: Joensuu campus, Carelia building lobby, and online.<\/p>\n\n\n\n<p>The event can be followed online: <a href=\"https:\/\/events.teams.microsoft.com\/event\/3907c88d-2ff4-4a84-8e0b-d4d132a9b8fc@87879f2e-7304-4bf2-baf2-63e7f83f3c34\" target=\"_blank\" rel=\"noreferrer noopener\">Kest\u00e4vyys- ja tasa-arvop\u00e4iv\u00e4t | Kokoukseen liittyminen | Microsoft Teams<\/a><\/p>\n\n\n\n<p>Sustainability Days in the UEF event calendar: <a href=\"https:\/\/www.uef.fi\/en\/event\/sustainability-and-equality-days\">Sustainability and Equality Days | University of Eastern Finland<\/a><\/p>\n\n\n\t<div id=\"accordion-block_119be53efaae963a51182a4f938629ec\" class=\"accordions\">\n\t\t\t\t\t<div class=\"accordion accordion-js\">\n\t\t\t\t<button class=\"accordion__button\" aria-controls=\"content-2345\" aria-expanded=\"false\" id=\"accordion-control-2345\">\n\t\t\t\t\t<h3 class=\"accordion__heading\" >\n\t\t\t\t\t\tSpeeches\t\t\t\t\t<\/h3>\n\t\t\t\t<\/button>\n\t\t\t\t<div class=\"accordion__content\" role=\"region\" aria-labelledby=\"accordion-control-2345\" aria-hidden=\"true\" id=\"content-2345\">\n\t\t\t\t\t<p>Carelia building lobby, and online<\/p>\n<p><strong>10:00 Morning coffee <\/strong>(served to the first 50 participants)<\/p>\n<p><strong>10:30 Opening of the Event<\/strong><\/p>\n<p><strong>10:35 &#8211; 11:30 Kest\u00e4v\u00e4 matkailu -paneelikeskustelu<\/strong><\/p>\n<p><em>lounastauko (omakustanteinen)<\/em><\/p>\n<p><strong>12:30 &#8211; 12:50 Hiilijalanj\u00e4ljen pienent\u00e4minen matkailussa, Jarno Suni<\/strong><\/p>\n<p><strong>12:50 &#8211; 13:00 Young Universities for the Future of Europe (YUFE), Paul Fryer<\/strong><\/p>\n<ul>\n<li>YUFE\u2019s Joint Bachelor in Urban Sustainability Studies<\/li>\n<\/ul>\n\t\t\t\t<\/div>\n\t\t\t<\/div>\n\t\t\t<\/div>\n\t\n\n\t<div id=\"accordion-block_6892ee2dc1d912f60e9c07df2fc551c6\" class=\"accordions\">\n\t\t\t\t\t<div class=\"accordion accordion-js\">\n\t\t\t\t<button class=\"accordion__button\" aria-controls=\"content-102\" aria-expanded=\"false\" id=\"accordion-control-102\">\n\t\t\t\t\t<h3 class=\"accordion__heading\" >\n\t\t\t\t\t\tWorkshops and stands\t\t\t\t\t<\/h3>\n\t\t\t\t<\/button>\n\t\t\t\t<div class=\"accordion__content\" role=\"region\" aria-labelledby=\"accordion-control-102\" aria-hidden=\"true\" id=\"content-102\">\n\t\t\t\t\t<div><strong><span data-olk-copy-source=\"MessageBody\">10:00 \u2013 14:30 Kest\u00e4vyys UEFin arjessa \u2013 opetuksessa ja opiskelussa<\/span> (Pedagogisen kehitt\u00e4misen yliopistonlehtorit)<\/strong><\/div>\n<ul>\n<li>\n<p class=\"x_MsoNormal\"><span data-olk-copy-source=\"MessageBody\">Kest\u00e4vyys ei ole vain ymp\u00e4rist\u00f6tekoja, vaan my\u00f6s tasa-arvoa, saavutettavuutta, hyvinvointia ja reiluutta arjen valinnoissa.<\/span><\/p>\n<p class=\"x_MsoNormal\">Kest\u00e4vyys korkeakoulussa n\u00e4kyy arjen opetuksessa ja opiskelussa monin tavoin \u2013 usein huomaamatta. T\u00e4ss\u00e4 ty\u00f6pajassa teemme n\u00e4kyv\u00e4ksi, miten kest\u00e4vyys toteutuu tai haastaa opetuksessa ja opiskelussa ekologisen lis\u00e4ksi sosiaalisena, kulttuurisena, taloudellisena ja tasa-arvoa edist\u00e4v\u00e4n\u00e4 toimintana. Ty\u00f6paja on avoin ja matalan kynnyksen osallistava kokonaisuus. Voit osallistua pys\u00e4htym\u00e4ll\u00e4 hetkeksi ja j\u00e4tt\u00e4m\u00e4ll\u00e4 ajatuksesi post-it-lapulla. <strong>Pedalehtori on paikalla vertaisena ja keskustelukumppanina klo 10-12<\/strong>. Osallistuminen omilla ajatuksilla on kuitenkin mahdollista koko p\u00e4iv\u00e4n ajan. Luvassa my\u00f6s inspiroiva pakopeli!<\/p>\n<\/li>\n<\/ul>\n<div><strong>Sustainable and Equal Working life and Education, learning caf\u00e9 + \u201dMindful living\u201d -meditation sessions \/ Kest\u00e4v\u00e4 ja yhdenvertainen ty\u00f6el\u00e4m\u00e4 ja koulutus, oppimiskahvila + ohjatut tietoisuus-\/mediaatiohetket (Soile Ruotsalainen &amp; students of the Lifelong Learning and Sustainable Development -program), AG104<\/strong><\/div>\n<ul>\n<li>What does equality and sustainability mean in the context of education and working life? What is the meaning of social, cultural, ecological and economical sustainability? How can equality be promoted in education and working life? Come to discuss and learn together in this non-stop learning caf\u00e9, which you can visit whenever you like!<\/li>\n<li>Join \u201cMindful living\u201d -meditation sessions to get a short break from everyday hustle and to embrace the meaning of well-being!<\/li>\n<li>Language: It is possible to participate in the learning cafe in Finnish or English. The meditation sessions are guided in English.<\/li>\n<\/ul>\n<div><\/div>\n<div><strong>Equality Starts with Language, an interacrive stand \/\/ Tasa-arvo alkaa kielest\u00e4, interaktiivinen st\u00e4ndi (Soile Ruotsalainen &amp; students of the Lifelong Learning and Sustainable Development -program)<\/strong><\/div>\n<ul>\n<li>How does everyday language shape inclusion, belonging, equality, and cultural sustainability in a multicultural university community? Visit the stand to explore the theme of inclusive language in everyday life!<\/li>\n<\/ul>\n<div><strong>10:00 &#8211; 14: 00 Ilmastolautapeli, Compass Group<\/strong><\/div>\n<div><\/div>\n<div><strong>Rasisminvastaisen viikon kirjan\u00e4yttely kampuskirjastossa ja hakupalvelu UEF-Primossa<\/strong><\/div>\n<ul>\n<li>Kirjan\u00e4yttelyiss\u00e4 nostetaan esille rasismintutkimukseen ja antirasismiin liittyv\u00e4\u00e4 kirjallisuutta.<\/li>\n<\/ul>\n<p><strong>10:00 \u2013 14:30 Presentation of Biodiversity and Nature-Based Solutions education and UEF NBS Living Lab (Oskari Ylikoski)<\/strong><\/p>\n<p><strong>10:00 \u2013 14:30 Presentation of Sustainability education of UEF Center for Continuous Learning (Tiina Ynnil\u00e4)<\/strong><\/p>\n<p><strong>10:00 \u2013 14:30 Maata pitkin matkustamisen ty\u00f6paja (Tiina Ynnil\u00e4), Overland Travel Workshop<\/strong><\/p>\n<p><strong>10:00 \u2013 14:30 Presentation of Campus Farming<\/strong><\/p>\n<p><strong>10:00 \u2013 14:30 Sustainability in education. Presentation of the Sustainable Future minor, the Sustainability Studies Network, Climate University and the Sustainability Transformation Doctoral Training Pilot (SusTra)<\/strong><\/p>\n<p><strong>11:00 &#8211; 13:00 <span data-teams=\"true\">Gender equality and equal opportunities at UEF<\/span><\/strong><\/p>\n<ul>\n<li>Come and explore UEF\u2019s work on gender equality and equal opportunities! What exactly is the Gender equality and equal opportunities plan, and where can you find it? What do the principles of safer spaces and our university\u2019s code of conduct look like?While reflecting on these themes, you can make a friendship bracelet\u2014on your own or together with others. You can also see where you position yourself on the wheel of privilege and power and play privilege bingo.<\/li>\n<\/ul>\n<p><strong>11:00 &#8211; 13:00 <\/strong><strong>Take a moment to step outside neuro-normative assumptions!<\/strong><\/p>\n<ul>\n<li>Welcome to a space where different ways of thinking, learning, and working are given the room and visibility they deserve. At this info point, you can learn about neurodiversity and explore the low\u2011threshold peer support and guidance available to UEF students and staff.Here, you\u2019re invited to pause, chat, reflect\u2014and discover new insights!<\/li>\n<li><strong style=\"font-size: 1rem\">Challenge your thinking with the Norm Crusher: <\/strong>Identify a neuro-norm, reshape it into something new, and add your own perspective to a growing communal wall artwork. The result will be a bold collection of new, neuro\u2011inclusive ways to study, work, and engage as part of a community.<\/li>\n<li>Come get inspired at a spot where norms shift and move!<\/li>\n<\/ul>\n<p>&nbsp;<\/p>\n\t\t\t\t<\/div>\n\t\t\t<\/div>\n\t\t\t<\/div>\n\t\n\n\n<p><\/p>\n\n\n\n<p><\/p>\n\n\n\n<p><\/p>\n\n\n\n<p><strong>Other programme<\/strong><\/p>\n\n\n\n<div class=\"links-block\">\n\n    \n    <ul class=\"link-list\">\n            <\/ul>\n<\/div>\n\n\n<div class=\"links-block\">\n\n    \n    <ul class=\"link-list\">\n            <\/ul>\n<\/div>\n\n\n<div class=\"links-block\">\n\n    \n    <ul class=\"link-list\">\n        \n            \n            <li class=\"link-list-item\">\n                <a href=\"https:\/\/vimeo.com\/showcase\/10715381\" class=\"link-reset link hover-scale-down\">\n                    <svg\n        width=\"43\" height=\"25\"\n        viewBox=\"0 0 43 25\"\n        xmlns=\"http:\/\/www.w3.org\/2000\/svg\">\n    <path\n        d=\"M30.027 0 43 12.5 30.027 25 27 22.083 34.351 15H0v-5h34.351L27 2.917z\"\n        fill=\"currentColor\"\n        fill-rule=\"evenodd\"\/>\n<\/svg>                    <div>Video of Small Eco-Acts of Everyday Life<\/div>\n                <\/a>\n                <div class=\"link-info\">\n                                    <\/div>\n            <\/li>\n\n        \n            <li class=\"link-list-item\">\n                <a href=\"https:\/\/blogs.uef.fi\/puheenvuoroja\/2023\/12\/21\/ita-suomen-yliopisto-teki-videosarjan-arjen-pienista-ekoteoista\/\" class=\"link-reset link hover-scale-down\">\n                    <svg\n        width=\"43\" height=\"25\"\n        viewBox=\"0 0 43 25\"\n        xmlns=\"http:\/\/www.w3.org\/2000\/svg\">\n    <path\n        d=\"M30.027 0 43 12.5 30.027 25 27 22.083 34.351 15H0v-5h34.351L27 2.917z\"\n        fill=\"currentColor\"\n        fill-rule=\"evenodd\"\/>\n<\/svg>                    <div>Blog article of Small Eco-Acts of Everyday Life (in Finnish)<\/div>\n                <\/a>\n                <div class=\"link-info\">\n                                    <\/div>\n            <\/li>\n\n                <\/ul>\n<\/div>","protected":false},"excerpt":{"rendered":"<p>The program for the event in Joensuu is gathered on this page. There may be changes and additions to the program. Please note that part of the program is only in Finnish. The event takes place on campus unless otherwise stated for individual programs. Location: Joensuu campus, Carelia building lobby, and online. The event can [&hellip;]<\/p>\n","protected":false},"author":1053,"featured_media":274,"parent":0,"menu_order":0,"comment_status":"closed","ping_status":"closed","template":"","meta":{"_acf_changed":false,"footnotes":""},"class_list":["post-480","page","type-page","status-publish","has-post-thumbnail","hentry"],"acf":[],"yoast_head":"<!-- This site is optimized with the Yoast SEO plugin v27.1.1 - https:\/\/yoast.com\/product\/yoast-seo-wordpress\/ -->\n<title>Joensuu 18.3.2025 - Kest\u00e4vyys- ja tasa-arvop\u00e4iv\u00e4t<\/title>\n<meta name=\"robots\" content=\"index, follow, max-snippet:-1, max-image-preview:large, max-video-preview:-1\" \/>\n<link rel=\"canonical\" href=\"https:\/\/sites.uef.fi\/kestavyyspaivat\/joensuu-19-21-3-2024\/\" \/>\n<meta property=\"og:locale\" content=\"fi_FI\" \/>\n<meta property=\"og:type\" content=\"article\" \/>\n<meta property=\"og:title\" content=\"Joensuu 18.3.2025 - Kest\u00e4vyys- ja tasa-arvop\u00e4iv\u00e4t\" \/>\n<meta property=\"og:description\" content=\"The program for the event in Joensuu is gathered on this page. There may be changes and additions to the program. Please note that part of the program is only in Finnish. The event takes place on campus unless otherwise stated for individual programs. Location: Joensuu campus, Carelia building lobby, and online. The event can [&hellip;]\" \/>\n<meta property=\"og:url\" content=\"https:\/\/sites.uef.fi\/kestavyyspaivat\/joensuu-19-21-3-2024\/?lang=en\" \/>\n<meta property=\"og:site_name\" content=\"Kest\u00e4vyys- ja tasa-arvop\u00e4iv\u00e4t\" \/>\n<meta property=\"article:modified_time\" content=\"2026-03-11T12:23:48+00:00\" \/>\n<meta property=\"og:image\" content=\"https:\/\/sites.uef.fi\/kestavyyspaivat\/wp-content\/uploads\/sites\/451\/2024\/01\/UEF_Kestavyyspaivat_Kuvitus.png\" \/>\n\t<meta property=\"og:image:width\" content=\"2001\" \/>\n\t<meta property=\"og:image:height\" content=\"1334\" \/>\n\t<meta property=\"og:image:type\" content=\"image\/png\" \/>\n<meta name=\"twitter:card\" content=\"summary_large_image\" \/>\n<meta name=\"twitter:label1\" content=\"Arvioitu lukuaika\" \/>\n\t<meta name=\"twitter:data1\" content=\"1 minuutti\" \/>\n<script type=\"application\/ld+json\" class=\"yoast-schema-graph\">{\"@context\":\"https:\/\/schema.org\",\"@graph\":[{\"@type\":\"WebPage\",\"@id\":\"https:\/\/sites.uef.fi\/kestavyyspaivat\/joensuu-19-21-3-2024\/?lang=en\",\"url\":\"https:\/\/sites.uef.fi\/kestavyyspaivat\/joensuu-19-21-3-2024\/?lang=en\",\"name\":\"Joensuu 18.3.2025 - Kest\u00e4vyys- ja tasa-arvop\u00e4iv\u00e4t\",\"isPartOf\":{\"@id\":\"https:\/\/sites.uef.fi\/kestavyyspaivat\/#website\"},\"primaryImageOfPage\":{\"@id\":\"https:\/\/sites.uef.fi\/kestavyyspaivat\/joensuu-19-21-3-2024\/?lang=en#primaryimage\"},\"image\":{\"@id\":\"https:\/\/sites.uef.fi\/kestavyyspaivat\/joensuu-19-21-3-2024\/?lang=en#primaryimage\"},\"thumbnailUrl\":\"https:\/\/sites.uef.fi\/kestavyyspaivat\/wp-content\/uploads\/sites\/451\/2024\/01\/UEF_Kestavyyspaivat_Kuvitus.png\",\"datePublished\":\"2024-01-23T18:41:23+00:00\",\"dateModified\":\"2026-03-11T12:23:48+00:00\",\"breadcrumb\":{\"@id\":\"https:\/\/sites.uef.fi\/kestavyyspaivat\/joensuu-19-21-3-2024\/?lang=en#breadcrumb\"},\"inLanguage\":\"fi\",\"potentialAction\":[{\"@type\":\"ReadAction\",\"target\":[\"https:\/\/sites.uef.fi\/kestavyyspaivat\/joensuu-19-21-3-2024\/?lang=en\"]}]},{\"@type\":\"ImageObject\",\"inLanguage\":\"fi\",\"@id\":\"https:\/\/sites.uef.fi\/kestavyyspaivat\/joensuu-19-21-3-2024\/?lang=en#primaryimage\",\"url\":\"https:\/\/sites.uef.fi\/kestavyyspaivat\/wp-content\/uploads\/sites\/451\/2024\/01\/UEF_Kestavyyspaivat_Kuvitus.png\",\"contentUrl\":\"https:\/\/sites.uef.fi\/kestavyyspaivat\/wp-content\/uploads\/sites\/451\/2024\/01\/UEF_Kestavyyspaivat_Kuvitus.png\",\"width\":2001,\"height\":1334},{\"@type\":\"BreadcrumbList\",\"@id\":\"https:\/\/sites.uef.fi\/kestavyyspaivat\/joensuu-19-21-3-2024\/?lang=en#breadcrumb\",\"itemListElement\":[{\"@type\":\"ListItem\",\"position\":1,\"name\":\"Home\",\"item\":\"https:\/\/sites.uef.fi\/kestavyyspaivat\/\"},{\"@type\":\"ListItem\",\"position\":2,\"name\":\"Joensuu 18.3.2025\"}]},{\"@type\":\"WebSite\",\"@id\":\"https:\/\/sites.uef.fi\/kestavyyspaivat\/#website\",\"url\":\"https:\/\/sites.uef.fi\/kestavyyspaivat\/\",\"name\":\"Kest\u00e4vyys- ja tasa-arvop\u00e4iv\u00e4t\",\"description\":\"\",\"potentialAction\":[{\"@type\":\"SearchAction\",\"target\":{\"@type\":\"EntryPoint\",\"urlTemplate\":\"https:\/\/sites.uef.fi\/kestavyyspaivat\/?s={search_term_string}\"},\"query-input\":{\"@type\":\"PropertyValueSpecification\",\"valueRequired\":true,\"valueName\":\"search_term_string\"}}],\"inLanguage\":\"fi\"}]}<\/script>\n<!-- \/ Yoast SEO plugin. -->","yoast_head_json":{"title":"Joensuu 18.3.2025 - Kest\u00e4vyys- ja tasa-arvop\u00e4iv\u00e4t","robots":{"index":"index","follow":"follow","max-snippet":"max-snippet:-1","max-image-preview":"max-image-preview:large","max-video-preview":"max-video-preview:-1"},"canonical":"https:\/\/sites.uef.fi\/kestavyyspaivat\/joensuu-19-21-3-2024\/","og_locale":"fi_FI","og_type":"article","og_title":"Joensuu 18.3.2025 - Kest\u00e4vyys- ja tasa-arvop\u00e4iv\u00e4t","og_description":"The program for the event in Joensuu is gathered on this page. There may be changes and additions to the program. Please note that part of the program is only in Finnish. The event takes place on campus unless otherwise stated for individual programs. Location: Joensuu campus, Carelia building lobby, and online. The event can [&hellip;]","og_url":"https:\/\/sites.uef.fi\/kestavyyspaivat\/joensuu-19-21-3-2024\/?lang=en","og_site_name":"Kest\u00e4vyys- ja tasa-arvop\u00e4iv\u00e4t","article_modified_time":"2026-03-11T12:23:48+00:00","og_image":[{"width":2001,"height":1334,"url":"https:\/\/sites.uef.fi\/kestavyyspaivat\/wp-content\/uploads\/sites\/451\/2024\/01\/UEF_Kestavyyspaivat_Kuvitus.png","type":"image\/png"}],"twitter_card":"summary_large_image","twitter_misc":{"Arvioitu lukuaika":"1 minuutti"},"schema":{"@context":"https:\/\/schema.org","@graph":[{"@type":"WebPage","@id":"https:\/\/sites.uef.fi\/kestavyyspaivat\/joensuu-19-21-3-2024\/?lang=en","url":"https:\/\/sites.uef.fi\/kestavyyspaivat\/joensuu-19-21-3-2024\/?lang=en","name":"Joensuu 18.3.2025 - Kest\u00e4vyys- ja tasa-arvop\u00e4iv\u00e4t","isPartOf":{"@id":"https:\/\/sites.uef.fi\/kestavyyspaivat\/#website"},"primaryImageOfPage":{"@id":"https:\/\/sites.uef.fi\/kestavyyspaivat\/joensuu-19-21-3-2024\/?lang=en#primaryimage"},"image":{"@id":"https:\/\/sites.uef.fi\/kestavyyspaivat\/joensuu-19-21-3-2024\/?lang=en#primaryimage"},"thumbnailUrl":"https:\/\/sites.uef.fi\/kestavyyspaivat\/wp-content\/uploads\/sites\/451\/2024\/01\/UEF_Kestavyyspaivat_Kuvitus.png","datePublished":"2024-01-23T18:41:23+00:00","dateModified":"2026-03-11T12:23:48+00:00","breadcrumb":{"@id":"https:\/\/sites.uef.fi\/kestavyyspaivat\/joensuu-19-21-3-2024\/?lang=en#breadcrumb"},"inLanguage":"fi","potentialAction":[{"@type":"ReadAction","target":["https:\/\/sites.uef.fi\/kestavyyspaivat\/joensuu-19-21-3-2024\/?lang=en"]}]},{"@type":"ImageObject","inLanguage":"fi","@id":"https:\/\/sites.uef.fi\/kestavyyspaivat\/joensuu-19-21-3-2024\/?lang=en#primaryimage","url":"https:\/\/sites.uef.fi\/kestavyyspaivat\/wp-content\/uploads\/sites\/451\/2024\/01\/UEF_Kestavyyspaivat_Kuvitus.png","contentUrl":"https:\/\/sites.uef.fi\/kestavyyspaivat\/wp-content\/uploads\/sites\/451\/2024\/01\/UEF_Kestavyyspaivat_Kuvitus.png","width":2001,"height":1334},{"@type":"BreadcrumbList","@id":"https:\/\/sites.uef.fi\/kestavyyspaivat\/joensuu-19-21-3-2024\/?lang=en#breadcrumb","itemListElement":[{"@type":"ListItem","position":1,"name":"Home","item":"https:\/\/sites.uef.fi\/kestavyyspaivat\/"},{"@type":"ListItem","position":2,"name":"Joensuu 18.3.2025"}]},{"@type":"WebSite","@id":"https:\/\/sites.uef.fi\/kestavyyspaivat\/#website","url":"https:\/\/sites.uef.fi\/kestavyyspaivat\/","name":"Kest\u00e4vyys- ja tasa-arvop\u00e4iv\u00e4t","description":"","potentialAction":[{"@type":"SearchAction","target":{"@type":"EntryPoint","urlTemplate":"https:\/\/sites.uef.fi\/kestavyyspaivat\/?s={search_term_string}"},"query-input":{"@type":"PropertyValueSpecification","valueRequired":true,"valueName":"search_term_string"}}],"inLanguage":"fi"}]}},"_links":{"self":[{"href":"https:\/\/sites.uef.fi\/kestavyyspaivat\/wp-json\/wp\/v2\/pages\/480","targetHints":{"allow":["GET"]}}],"collection":[{"href":"https:\/\/sites.uef.fi\/kestavyyspaivat\/wp-json\/wp\/v2\/pages"}],"about":[{"href":"https:\/\/sites.uef.fi\/kestavyyspaivat\/wp-json\/wp\/v2\/types\/page"}],"author":[{"embeddable":true,"href":"https:\/\/sites.uef.fi\/kestavyyspaivat\/wp-json\/wp\/v2\/users\/1053"}],"replies":[{"embeddable":true,"href":"https:\/\/sites.uef.fi\/kestavyyspaivat\/wp-json\/wp\/v2\/comments?post=480"}],"version-history":[{"count":1,"href":"https:\/\/sites.uef.fi\/kestavyyspaivat\/wp-json\/wp\/v2\/pages\/480\/revisions"}],"predecessor-version":[{"id":1566,"href":"https:\/\/sites.uef.fi\/kestavyyspaivat\/wp-json\/wp\/v2\/pages\/480\/revisions\/1566"}],"wp:featuredmedia":[{"embeddable":true,"href":"https:\/\/sites.uef.fi\/kestavyyspaivat\/wp-json\/wp\/v2\/media\/274"}],"wp:attachment":[{"href":"https:\/\/sites.uef.fi\/kestavyyspaivat\/wp-json\/wp\/v2\/media?parent=480"}],"curies":[{"name":"wp","href":"https:\/\/api.w.org\/{rel}","templated":true}]}}