{"id":488,"date":"2024-01-23T20:41:14","date_gmt":"2024-01-23T18:41:14","guid":{"rendered":"https:\/\/sites.uef.fi\/kestavyyspaivat\/kuopio-12-14-3-2024\/"},"modified":"2026-03-12T15:43:19","modified_gmt":"2026-03-12T13:43:19","slug":"kuopio-12-14-3-2024","status":"publish","type":"page","link":"https:\/\/sites.uef.fi\/kestavyyspaivat\/kuopio-12-14-3-2024\/?lang=en","title":{"rendered":"Kuopio 17.3.2025"},"content":{"rendered":"\n<p>The program for the event in Kuopio is gathered on this page. There may be changes and additions to the program. Please note that part of the program is only in Finnish. The event takes place on campus unless otherwise stated for individual programs.<\/p>\n\n\n\n<p>Location: Kuopio campus, Snellmania building lobby, and online.<\/p>\n\n\n\n<p>The event can be followed online: <a href=\"https:\/\/events.teams.microsoft.com\/event\/f387fe12-3671-4e55-9d56-4046881c9d42@87879f2e-7304-4bf2-baf2-63e7f83f3c34\" target=\"_blank\" rel=\"noreferrer noopener\">Kest\u00e4vyys- ja tasa-arvop\u00e4iv\u00e4t | Kokoukseen liittyminen | Microsoft Teams<\/a><\/p>\n\n\n\n<p>Sustainability Days in the UEF event calendar: <a href=\"https:\/\/www.uef.fi\/en\/event\/sustainability-and-equality-days\">Sustainability and Equality Days | University of Eastern Finland<\/a><\/p>\n\n\n\t<div id=\"accordion-block_a65056cb4aa31f1bcb351d4cd409c91f\" class=\"accordions\">\n\t\t\t\t\t<div class=\"accordion accordion-js\">\n\t\t\t\t<button class=\"accordion__button\" aria-controls=\"content-7729\" aria-expanded=\"false\" id=\"accordion-control-7729\">\n\t\t\t\t\t<h3 class=\"accordion__heading\" >\n\t\t\t\t\t\tSpeeches\t\t\t\t\t<\/h3>\n\t\t\t\t<\/button>\n\t\t\t\t<div class=\"accordion__content\" role=\"region\" aria-labelledby=\"accordion-control-7729\" aria-hidden=\"true\" id=\"content-7729\">\n\t\t\t\t\t<p><b>Snellmania building lobby, and online<\/b><\/p>\n<p><strong>10:00 Morning coffee <\/strong>(served to the first 50 participants)<\/p>\n<p><strong>10:35 &#8211; 11:30 <span data-teams=\"true\">Maailmanj\u00e4rjestys murtuu \u2013 kest\u00e4v\u00e4tk\u00f6 yhteiset s\u00e4\u00e4nn\u00f6t?<\/span>, Kaari Mattila, ty\u00f6el\u00e4m\u00e4professori<\/strong><\/p>\n<p><strong>11:30 &#8211; 12:30 Vice Deans\u00b4 panel discussion (in Finnish)<\/strong><\/p>\n<p><em>Lunch break (at your own expense)<\/em><\/p>\n<p>&nbsp;<\/p>\n\t\t\t\t<\/div>\n\t\t\t<\/div>\n\t\t\t<\/div>\n\t\n\n\t<div id=\"accordion-block_fb14490e59732c5c190a423ed6803fdc\" class=\"accordions\">\n\t\t\t\t\t<div class=\"accordion accordion-js\">\n\t\t\t\t<button class=\"accordion__button\" aria-controls=\"content-3137\" aria-expanded=\"false\" id=\"accordion-control-3137\">\n\t\t\t\t\t<h3 class=\"accordion__heading\" >\n\t\t\t\t\t\tWorkshops and stands\t\t\t\t\t<\/h3>\n\t\t\t\t<\/button>\n\t\t\t\t<div class=\"accordion__content\" role=\"region\" aria-labelledby=\"accordion-control-3137\" aria-hidden=\"true\" id=\"content-3137\">\n\t\t\t\t\t<div>\n<div><strong><span data-olk-copy-source=\"MessageBody\">10:00 \u2013 15:00 Kest\u00e4vyys UEFin arjessa \u2013 opetuksessa ja opiskelussa<\/span> (Pedagogisen kehitt\u00e4misen yliopistonlehtorit)<\/strong><\/div>\n<ul>\n<li>\n<p class=\"x_MsoNormal\"><span data-olk-copy-source=\"MessageBody\">Kest\u00e4vyys ei ole vain ymp\u00e4rist\u00f6tekoja, vaan my\u00f6s tasa-arvoa, saavutettavuutta, hyvinvointia ja reiluutta arjen valinnoissa.<\/span><\/p>\n<p class=\"x_MsoNormal\">Kest\u00e4vyys korkeakoulussa n\u00e4kyy arjen opetuksessa ja opiskelussa monin tavoin \u2013 usein huomaamatta. T\u00e4ss\u00e4 ty\u00f6pajassa teemme n\u00e4kyv\u00e4ksi, miten kest\u00e4vyys toteutuu tai haastaa opetuksessa ja opiskelussa ekologisen lis\u00e4ksi sosiaalisena, kulttuurisena, taloudellisena ja tasa-arvoa edist\u00e4v\u00e4n\u00e4 toimintana. Ty\u00f6paja on avoin ja matalan kynnyksen osallistava kokonaisuus. Voit osallistua pys\u00e4htym\u00e4ll\u00e4 hetkeksi ja j\u00e4tt\u00e4m\u00e4ll\u00e4 ajatuksesi post-it-lapulla. <strong>Pedalehtori on paikalla vertaisena ja keskustelukumppanina klo 10-12<\/strong>. Osallistuminen omilla ajatuksilla on kuitenkin mahdollista koko p\u00e4iv\u00e4n ajan. Luvassa my\u00f6s inspiroiva pakopeli!<\/p>\n<\/li>\n<\/ul>\n<\/div>\n<p><strong>9:00 \u2013 15:00 OMPELUSEURAT <span data-olk-copy-source=\"MessageBody\">Repair workshop (environmental specialist Meri Elonheimo, costume designer Jaana Kurttila) <\/span><\/strong><\/p>\n<p><span style=\"color: #ff0000\"><strong>The workshop will continue on Wednesday 18.3. from 10:00 to 16:00 as well.<\/strong><\/span><\/p>\n<ul>\n<li><span data-olk-copy-source=\"MessageBody\">The world is ragged and broken in many ways, but there is also a lot that we can fix ourselves. We can decide that overconsumption will end with us. Learn to take care of what we have.<\/span><\/li>\n<li><span data-olk-copy-source=\"MessageBody\">In the repair workshop, you can go from the grief of being broken to the joy of repairing \u2013 do it yourself and learn how to repair everyday textiles with the help of repair professionals. So, bring a broken piece of clothing, bag, or other fabric to be repaired!\u00a0 We bring with us sewing machines and other repair supplies, filling materials and repairable clothes from end-of-life textiles, as well as good advice.<\/span><\/li>\n<li>There is a suitable repair method for everyone. Repairs can be made discreetly or visibly, by hand or by machine.\u00a0In addition, the repair workshop includes an interactive piece of art called Kotimaisema (Home Landscape<i>)<\/i>, where you can enjoy the landscape with retro gadgets.<\/li>\n<li><i><span lang=\"EN-US\" data-olk-copy-source=\"MessageBody\">Let&#8217;s fix what we can. Let&#8217;s fix this!\u00a0<b>Let&#8217;s fix this life into <span data-olk-copy-source=\"MessageBody\">a sustainable life<\/span>.<\/b><\/span><\/i><span data-olk-copy-source=\"MessageBody\">In collaboration with J\u00e4tekukko, El\u00e4v\u00e4 s\u00e4\u00e4ti\u00f6, ITAK and Kantti<\/span><\/li>\n<\/ul>\n<p><strong>10:00 \u2013 15:00 Presentation of Sustainability education of UEF Center for Continuous Learning and UEF NBS Living Lab (Tiina Ynnil\u00e4)<\/strong><\/p>\n<p><strong>10:00 \u2013 14:30 Maata pitkin matkustamisen ty\u00f6paja (Tiina Ynnil\u00e4), Overland Travel Workshop<\/strong><\/p>\n<p><strong data-start=\"0\" data-end=\"15\">10:00\u201315:00<\/strong> Anti-Racism Week book exhibition at the campus library and in the UEF Primo search service<\/p>\n<p><strong>10:00\u2013 15:00 Presentation of Campus Farming<\/strong><\/p>\n<p><strong>10:00 \u2013 15:00 Sustainability in education. Presentation of the Sustainable Future minor, the Sustainability Studies Network, Climate University and the Sustainability Transformation Doctoral Training Pilot (SusTra)<\/strong><\/p>\n<p><strong>11:00 &#8211; 13:00 <span data-teams=\"true\">Gender equality and equal opportunities at UEF<\/span><\/strong><\/p>\n<ul>\n<li>Come and explore UEF\u2019s work on gender equality and equal opportunities! What exactly is the Gender equality and equal opportunities plan, and where can you find it? What do the principles of safer spaces and our university\u2019s code of conduct look like?While reflecting on these themes, you can make a friendship bracelet\u2014on your own or together with others. You can also see where you position yourself on the wheel of privilege and power and play privilege bingo.<\/li>\n<\/ul>\n<p><strong>11:00 &#8211; 13:00 <\/strong><strong>Take a moment to step outside neuro-normative assumptions!<\/strong><\/p>\n<ul>\n<li>Welcome to a space where different ways of thinking, learning, and working are given the room and visibility they deserve. At this info point, you can learn about neurodiversity and explore the low\u2011threshold peer support and guidance available to UEF students and staff.Here, you\u2019re invited to pause, chat, reflect\u2014and discover new insights!<\/li>\n<li><strong style=\"font-size: 1rem\">Challenge your thinking with the Norm Crusher: <\/strong>Identify a neuro-norm, reshape it into something new, and add your own perspective to a growing communal wall artwork. The result will be a bold collection of new, neuro\u2011inclusive ways to study, work, and engage as part of a community.<\/li>\n<li>Come get inspired at a spot where norms shift and move!<\/li>\n<\/ul>\n<p>&nbsp;<\/p>\n\t\t\t\t<\/div>\n\t\t\t<\/div>\n\t\t\t<\/div>\n\t\n\n\n<p><\/p>\n\n\n\n<p><\/p>\n\n\n\n<p><\/p>\n\n\n\n<p><strong>Other programme<\/strong><\/p>\n\n\n\n<div class=\"links-block\">\n\n    \n    <ul class=\"link-list\">\n        \n            \n            <li class=\"link-list-item\">\n                <a href=\"https:\/\/vimeo.com\/showcase\/10715381\" class=\"link-reset link hover-scale-down\">\n                    <svg\n        width=\"43\" height=\"25\"\n        viewBox=\"0 0 43 25\"\n        xmlns=\"http:\/\/www.w3.org\/2000\/svg\">\n    <path\n        d=\"M30.027 0 43 12.5 30.027 25 27 22.083 34.351 15H0v-5h34.351L27 2.917z\"\n        fill=\"currentColor\"\n        fill-rule=\"evenodd\"\/>\n<\/svg>                    <div>Video of Small Eco-Acts of Everyday Life<\/div>\n                <\/a>\n                <div class=\"link-info\">\n                                    <\/div>\n            <\/li>\n\n                <\/ul>\n<\/div>\n\n\n<div class=\"links-block\">\n\n    \n    <ul class=\"link-list\">\n        \n            \n            <li class=\"link-list-item\">\n                <a href=\"https:\/\/blogs.uef.fi\/puheenvuoroja\/2023\/12\/21\/ita-suomen-yliopisto-teki-videosarjan-arjen-pienista-ekoteoista\/\" class=\"link-reset link hover-scale-down\">\n                    <svg\n        width=\"43\" height=\"25\"\n        viewBox=\"0 0 43 25\"\n        xmlns=\"http:\/\/www.w3.org\/2000\/svg\">\n    <path\n        d=\"M30.027 0 43 12.5 30.027 25 27 22.083 34.351 15H0v-5h34.351L27 2.917z\"\n        fill=\"currentColor\"\n        fill-rule=\"evenodd\"\/>\n<\/svg>                    <div>Blog article of Small Eco-Acts of Everyday Life (in Finnish)<\/div>\n                <\/a>\n                <div class=\"link-info\">\n                                    <\/div>\n            <\/li>\n\n                <\/ul>\n<\/div>","protected":false},"excerpt":{"rendered":"<p>The program for the event in Kuopio is gathered on this page. There may be changes and additions to the program. Please note that part of the program is only in Finnish. The event takes place on campus unless otherwise stated for individual programs. Location: Kuopio campus, Snellmania building lobby, and online. The event can [&hellip;]<\/p>\n","protected":false},"author":1053,"featured_media":274,"parent":0,"menu_order":0,"comment_status":"closed","ping_status":"closed","template":"","meta":{"_acf_changed":false,"footnotes":""},"class_list":["post-488","page","type-page","status-publish","has-post-thumbnail","hentry"],"acf":[],"yoast_head":"<!-- This site is optimized with the Yoast SEO plugin v27.1.1 - https:\/\/yoast.com\/product\/yoast-seo-wordpress\/ -->\n<title>Kuopio 17.3.2025 - Kest\u00e4vyys- ja tasa-arvop\u00e4iv\u00e4t<\/title>\n<meta name=\"robots\" content=\"index, follow, max-snippet:-1, max-image-preview:large, max-video-preview:-1\" \/>\n<link rel=\"canonical\" href=\"https:\/\/sites.uef.fi\/kestavyyspaivat\/kuopio-12-14-3-2024\/\" \/>\n<meta property=\"og:locale\" content=\"fi_FI\" \/>\n<meta property=\"og:type\" content=\"article\" \/>\n<meta property=\"og:title\" content=\"Kuopio 17.3.2025 - Kest\u00e4vyys- ja tasa-arvop\u00e4iv\u00e4t\" \/>\n<meta property=\"og:description\" content=\"The program for the event in Kuopio is gathered on this page. There may be changes and additions to the program. Please note that part of the program is only in Finnish. The event takes place on campus unless otherwise stated for individual programs. Location: Kuopio campus, Snellmania building lobby, and online. The event can [&hellip;]\" \/>\n<meta property=\"og:url\" content=\"https:\/\/sites.uef.fi\/kestavyyspaivat\/kuopio-12-14-3-2024\/?lang=en\" \/>\n<meta property=\"og:site_name\" content=\"Kest\u00e4vyys- ja tasa-arvop\u00e4iv\u00e4t\" \/>\n<meta property=\"article:modified_time\" content=\"2026-03-12T13:43:19+00:00\" \/>\n<meta property=\"og:image\" content=\"https:\/\/sites.uef.fi\/kestavyyspaivat\/wp-content\/uploads\/sites\/451\/2024\/01\/UEF_Kestavyyspaivat_Kuvitus.png\" \/>\n\t<meta property=\"og:image:width\" content=\"2001\" \/>\n\t<meta property=\"og:image:height\" content=\"1334\" \/>\n\t<meta property=\"og:image:type\" content=\"image\/png\" \/>\n<meta name=\"twitter:card\" content=\"summary_large_image\" \/>\n<meta name=\"twitter:label1\" content=\"Arvioitu lukuaika\" \/>\n\t<meta name=\"twitter:data1\" content=\"1 minuutti\" \/>\n<script type=\"application\/ld+json\" class=\"yoast-schema-graph\">{\"@context\":\"https:\/\/schema.org\",\"@graph\":[{\"@type\":\"WebPage\",\"@id\":\"https:\/\/sites.uef.fi\/kestavyyspaivat\/kuopio-12-14-3-2024\/?lang=en\",\"url\":\"https:\/\/sites.uef.fi\/kestavyyspaivat\/kuopio-12-14-3-2024\/?lang=en\",\"name\":\"Kuopio 17.3.2025 - Kest\u00e4vyys- ja tasa-arvop\u00e4iv\u00e4t\",\"isPartOf\":{\"@id\":\"https:\/\/sites.uef.fi\/kestavyyspaivat\/#website\"},\"primaryImageOfPage\":{\"@id\":\"https:\/\/sites.uef.fi\/kestavyyspaivat\/kuopio-12-14-3-2024\/?lang=en#primaryimage\"},\"image\":{\"@id\":\"https:\/\/sites.uef.fi\/kestavyyspaivat\/kuopio-12-14-3-2024\/?lang=en#primaryimage\"},\"thumbnailUrl\":\"https:\/\/sites.uef.fi\/kestavyyspaivat\/wp-content\/uploads\/sites\/451\/2024\/01\/UEF_Kestavyyspaivat_Kuvitus.png\",\"datePublished\":\"2024-01-23T18:41:14+00:00\",\"dateModified\":\"2026-03-12T13:43:19+00:00\",\"breadcrumb\":{\"@id\":\"https:\/\/sites.uef.fi\/kestavyyspaivat\/kuopio-12-14-3-2024\/?lang=en#breadcrumb\"},\"inLanguage\":\"fi\",\"potentialAction\":[{\"@type\":\"ReadAction\",\"target\":[\"https:\/\/sites.uef.fi\/kestavyyspaivat\/kuopio-12-14-3-2024\/?lang=en\"]}]},{\"@type\":\"ImageObject\",\"inLanguage\":\"fi\",\"@id\":\"https:\/\/sites.uef.fi\/kestavyyspaivat\/kuopio-12-14-3-2024\/?lang=en#primaryimage\",\"url\":\"https:\/\/sites.uef.fi\/kestavyyspaivat\/wp-content\/uploads\/sites\/451\/2024\/01\/UEF_Kestavyyspaivat_Kuvitus.png\",\"contentUrl\":\"https:\/\/sites.uef.fi\/kestavyyspaivat\/wp-content\/uploads\/sites\/451\/2024\/01\/UEF_Kestavyyspaivat_Kuvitus.png\",\"width\":2001,\"height\":1334},{\"@type\":\"BreadcrumbList\",\"@id\":\"https:\/\/sites.uef.fi\/kestavyyspaivat\/kuopio-12-14-3-2024\/?lang=en#breadcrumb\",\"itemListElement\":[{\"@type\":\"ListItem\",\"position\":1,\"name\":\"Home\",\"item\":\"https:\/\/sites.uef.fi\/kestavyyspaivat\/\"},{\"@type\":\"ListItem\",\"position\":2,\"name\":\"Kuopio 17.3.2025\"}]},{\"@type\":\"WebSite\",\"@id\":\"https:\/\/sites.uef.fi\/kestavyyspaivat\/#website\",\"url\":\"https:\/\/sites.uef.fi\/kestavyyspaivat\/\",\"name\":\"Kest\u00e4vyys- ja tasa-arvop\u00e4iv\u00e4t\",\"description\":\"\",\"potentialAction\":[{\"@type\":\"SearchAction\",\"target\":{\"@type\":\"EntryPoint\",\"urlTemplate\":\"https:\/\/sites.uef.fi\/kestavyyspaivat\/?s={search_term_string}\"},\"query-input\":{\"@type\":\"PropertyValueSpecification\",\"valueRequired\":true,\"valueName\":\"search_term_string\"}}],\"inLanguage\":\"fi\"}]}<\/script>\n<!-- \/ Yoast SEO plugin. -->","yoast_head_json":{"title":"Kuopio 17.3.2025 - Kest\u00e4vyys- ja tasa-arvop\u00e4iv\u00e4t","robots":{"index":"index","follow":"follow","max-snippet":"max-snippet:-1","max-image-preview":"max-image-preview:large","max-video-preview":"max-video-preview:-1"},"canonical":"https:\/\/sites.uef.fi\/kestavyyspaivat\/kuopio-12-14-3-2024\/","og_locale":"fi_FI","og_type":"article","og_title":"Kuopio 17.3.2025 - Kest\u00e4vyys- ja tasa-arvop\u00e4iv\u00e4t","og_description":"The program for the event in Kuopio is gathered on this page. There may be changes and additions to the program. Please note that part of the program is only in Finnish. The event takes place on campus unless otherwise stated for individual programs. Location: Kuopio campus, Snellmania building lobby, and online. The event can [&hellip;]","og_url":"https:\/\/sites.uef.fi\/kestavyyspaivat\/kuopio-12-14-3-2024\/?lang=en","og_site_name":"Kest\u00e4vyys- ja tasa-arvop\u00e4iv\u00e4t","article_modified_time":"2026-03-12T13:43:19+00:00","og_image":[{"width":2001,"height":1334,"url":"https:\/\/sites.uef.fi\/kestavyyspaivat\/wp-content\/uploads\/sites\/451\/2024\/01\/UEF_Kestavyyspaivat_Kuvitus.png","type":"image\/png"}],"twitter_card":"summary_large_image","twitter_misc":{"Arvioitu lukuaika":"1 minuutti"},"schema":{"@context":"https:\/\/schema.org","@graph":[{"@type":"WebPage","@id":"https:\/\/sites.uef.fi\/kestavyyspaivat\/kuopio-12-14-3-2024\/?lang=en","url":"https:\/\/sites.uef.fi\/kestavyyspaivat\/kuopio-12-14-3-2024\/?lang=en","name":"Kuopio 17.3.2025 - Kest\u00e4vyys- ja tasa-arvop\u00e4iv\u00e4t","isPartOf":{"@id":"https:\/\/sites.uef.fi\/kestavyyspaivat\/#website"},"primaryImageOfPage":{"@id":"https:\/\/sites.uef.fi\/kestavyyspaivat\/kuopio-12-14-3-2024\/?lang=en#primaryimage"},"image":{"@id":"https:\/\/sites.uef.fi\/kestavyyspaivat\/kuopio-12-14-3-2024\/?lang=en#primaryimage"},"thumbnailUrl":"https:\/\/sites.uef.fi\/kestavyyspaivat\/wp-content\/uploads\/sites\/451\/2024\/01\/UEF_Kestavyyspaivat_Kuvitus.png","datePublished":"2024-01-23T18:41:14+00:00","dateModified":"2026-03-12T13:43:19+00:00","breadcrumb":{"@id":"https:\/\/sites.uef.fi\/kestavyyspaivat\/kuopio-12-14-3-2024\/?lang=en#breadcrumb"},"inLanguage":"fi","potentialAction":[{"@type":"ReadAction","target":["https:\/\/sites.uef.fi\/kestavyyspaivat\/kuopio-12-14-3-2024\/?lang=en"]}]},{"@type":"ImageObject","inLanguage":"fi","@id":"https:\/\/sites.uef.fi\/kestavyyspaivat\/kuopio-12-14-3-2024\/?lang=en#primaryimage","url":"https:\/\/sites.uef.fi\/kestavyyspaivat\/wp-content\/uploads\/sites\/451\/2024\/01\/UEF_Kestavyyspaivat_Kuvitus.png","contentUrl":"https:\/\/sites.uef.fi\/kestavyyspaivat\/wp-content\/uploads\/sites\/451\/2024\/01\/UEF_Kestavyyspaivat_Kuvitus.png","width":2001,"height":1334},{"@type":"BreadcrumbList","@id":"https:\/\/sites.uef.fi\/kestavyyspaivat\/kuopio-12-14-3-2024\/?lang=en#breadcrumb","itemListElement":[{"@type":"ListItem","position":1,"name":"Home","item":"https:\/\/sites.uef.fi\/kestavyyspaivat\/"},{"@type":"ListItem","position":2,"name":"Kuopio 17.3.2025"}]},{"@type":"WebSite","@id":"https:\/\/sites.uef.fi\/kestavyyspaivat\/#website","url":"https:\/\/sites.uef.fi\/kestavyyspaivat\/","name":"Kest\u00e4vyys- ja tasa-arvop\u00e4iv\u00e4t","description":"","potentialAction":[{"@type":"SearchAction","target":{"@type":"EntryPoint","urlTemplate":"https:\/\/sites.uef.fi\/kestavyyspaivat\/?s={search_term_string}"},"query-input":{"@type":"PropertyValueSpecification","valueRequired":true,"valueName":"search_term_string"}}],"inLanguage":"fi"}]}},"_links":{"self":[{"href":"https:\/\/sites.uef.fi\/kestavyyspaivat\/wp-json\/wp\/v2\/pages\/488","targetHints":{"allow":["GET"]}}],"collection":[{"href":"https:\/\/sites.uef.fi\/kestavyyspaivat\/wp-json\/wp\/v2\/pages"}],"about":[{"href":"https:\/\/sites.uef.fi\/kestavyyspaivat\/wp-json\/wp\/v2\/types\/page"}],"author":[{"embeddable":true,"href":"https:\/\/sites.uef.fi\/kestavyyspaivat\/wp-json\/wp\/v2\/users\/1053"}],"replies":[{"embeddable":true,"href":"https:\/\/sites.uef.fi\/kestavyyspaivat\/wp-json\/wp\/v2\/comments?post=488"}],"version-history":[{"count":2,"href":"https:\/\/sites.uef.fi\/kestavyyspaivat\/wp-json\/wp\/v2\/pages\/488\/revisions"}],"predecessor-version":[{"id":1572,"href":"https:\/\/sites.uef.fi\/kestavyyspaivat\/wp-json\/wp\/v2\/pages\/488\/revisions\/1572"}],"wp:featuredmedia":[{"embeddable":true,"href":"https:\/\/sites.uef.fi\/kestavyyspaivat\/wp-json\/wp\/v2\/media\/274"}],"wp:attachment":[{"href":"https:\/\/sites.uef.fi\/kestavyyspaivat\/wp-json\/wp\/v2\/media?parent=488"}],"curies":[{"name":"wp","href":"https:\/\/api.w.org\/{rel}","templated":true}]}}