{"id":115,"date":"2025-11-13T11:14:32","date_gmt":"2025-11-13T09:14:32","guid":{"rendered":"https:\/\/sites.uef.fi\/kielitieteenpaivat2026\/?page_id=115"},"modified":"2026-03-31T23:45:19","modified_gmt":"2026-03-31T20:45:19","slug":"kutsupuhujat","status":"publish","type":"page","link":"https:\/\/sites.uef.fi\/kielitieteenpaivat2026\/kutsupuhujat\/","title":{"rendered":"Kutsupuhujat"},"content":{"rendered":"\n<p>Vuoden 2026 Kielitieteen p\u00e4ivien kutsutut puhujat ovat:&nbsp;<\/p>\n\n\n\n<p>FT <a href=\"https:\/\/www.tuni.fi\/fi\/ihmiset\/laura-eilola\">Laura Eilola<\/a> (Tampereen yliopisto,\u202fLangnet-plenaristi):<br><em>Etnografinen ote ja eettiset n\u00e4k\u00f6kulmat vuorovaikutusaineistojen ker\u00e4\u00e4misess\u00e4 ja analyysissa<\/em> (<a href=\"https:\/\/sites.uef.fi\/kielitieteenpaivat2026\/wp-content\/uploads\/sites\/565\/2026\/03\/Abstrakti-plenaari-Eilola.pdf\">abstrakti<\/a>)<\/p>\n\n\n\n<p>Prof.\u202f<a href=\"https:\/\/www.etis.ee\/CV\/Petar_Kehayov\/eng\/\">Petar\u202fKehayov<\/a>\u202f(Tarton yliopisto):<br><em>Karjalan kielen kielitieteellinen merkitys: viel\u00e4k\u00f6 on hy\u00f6dynt\u00e4m\u00e4tt\u00f6mi\u00e4 n\u00e4k\u00f6kulmia?<\/em> (<a href=\"https:\/\/sites.uef.fi\/kielitieteenpaivat2026\/wp-content\/uploads\/sites\/565\/2026\/03\/Abstrakti-plenaari-Kehayov.pdf\">abstrakti<\/a>)<\/p>\n\n\n\n<p>Prof.\u202f<a href=\"https:\/\/uefconnect.uef.fi\/mikko.laitinen\/\">Mikko Laitinen<\/a> (It\u00e4-Suomen yliopisto)\u202f<br><em>Beyond the evils of social media: Weak-tie hypothesis in digital networks<\/em> (<a href=\"https:\/\/sites.uef.fi\/kielitieteenpaivat2026\/wp-content\/uploads\/sites\/565\/2026\/03\/Abstrakti-plenaari-Laitinen.pdf\">abstrakti<\/a>)<\/p>\n\n\n\n<p>Prof.\u202f<a href=\"https:\/\/www.jyu.fi\/fi\/henkilot\/asa-palviainen\">\u00c5sa Palviainen<\/a> (Jyv\u00e4skyl\u00e4n yliopisto):<br><em>Memer, GIF:ar och dialekt: Semiotic resources in intergenerational digital chats<\/em> (<a href=\"https:\/\/sites.uef.fi\/kielitieteenpaivat2026\/wp-content\/uploads\/sites\/565\/2026\/03\/Abstrakti-plenaari-Palviainen.pdf\">abstrakti<\/a>)<\/p>\n","protected":false},"excerpt":{"rendered":"<p>Vuoden 2026 Kielitieteen p\u00e4ivien kutsutut puhujat ovat:&nbsp; FT Laura Eilola (Tampereen yliopisto,\u202fLangnet-plenaristi):Etnografinen ote ja eettiset n\u00e4k\u00f6kulmat vuorovaikutusaineistojen ker\u00e4\u00e4misess\u00e4 ja analyysissa (abstrakti) Prof.\u202fPetar\u202fKehayov\u202f(Tarton yliopisto):Karjalan kielen kielitieteellinen merkitys: viel\u00e4k\u00f6 on hy\u00f6dynt\u00e4m\u00e4tt\u00f6mi\u00e4 n\u00e4k\u00f6kulmia? (abstrakti) Prof.\u202fMikko Laitinen (It\u00e4-Suomen yliopisto)\u202fBeyond the evils of social media: Weak-tie hypothesis in digital networks (abstrakti) Prof.\u202f\u00c5sa Palviainen (Jyv\u00e4skyl\u00e4n yliopisto):Memer, GIF:ar och dialekt: Semiotic resources [&hellip;]<\/p>\n","protected":false},"author":1341,"featured_media":0,"parent":0,"menu_order":0,"comment_status":"closed","ping_status":"closed","template":"","meta":{"_acf_changed":false,"footnotes":""},"class_list":["post-115","page","type-page","status-publish","hentry"],"acf":[],"yoast_head":"<!-- This site is optimized with the Yoast SEO plugin v27.1.1 - https:\/\/yoast.com\/product\/yoast-seo-wordpress\/ -->\n<title>Kutsupuhujat - Tervetuloa Kielitieteen p\u00e4iville It\u00e4-Suomen yliopiston Joensuun kampukselle 18.\u201320.5.2026!<\/title>\n<meta name=\"robots\" content=\"index, follow, max-snippet:-1, max-image-preview:large, max-video-preview:-1\" \/>\n<link rel=\"canonical\" href=\"https:\/\/sites.uef.fi\/kielitieteenpaivat2026\/kutsupuhujat\/\" \/>\n<meta property=\"og:locale\" content=\"fi_FI\" \/>\n<meta property=\"og:type\" content=\"article\" \/>\n<meta property=\"og:title\" content=\"Kutsupuhujat - Tervetuloa Kielitieteen p\u00e4iville It\u00e4-Suomen yliopiston Joensuun kampukselle 18.\u201320.5.2026!\" \/>\n<meta property=\"og:description\" content=\"Vuoden 2026 Kielitieteen p\u00e4ivien kutsutut puhujat ovat:&nbsp; FT Laura Eilola (Tampereen yliopisto,\u202fLangnet-plenaristi):Etnografinen ote ja eettiset n\u00e4k\u00f6kulmat vuorovaikutusaineistojen ker\u00e4\u00e4misess\u00e4 ja analyysissa (abstrakti) Prof.\u202fPetar\u202fKehayov\u202f(Tarton yliopisto):Karjalan kielen kielitieteellinen merkitys: viel\u00e4k\u00f6 on hy\u00f6dynt\u00e4m\u00e4tt\u00f6mi\u00e4 n\u00e4k\u00f6kulmia? (abstrakti) Prof.\u202fMikko Laitinen (It\u00e4-Suomen yliopisto)\u202fBeyond the evils of social media: Weak-tie hypothesis in digital networks (abstrakti) Prof.\u202f\u00c5sa Palviainen (Jyv\u00e4skyl\u00e4n yliopisto):Memer, GIF:ar och dialekt: Semiotic resources [&hellip;]\" \/>\n<meta property=\"og:url\" content=\"https:\/\/sites.uef.fi\/kielitieteenpaivat2026\/kutsupuhujat\/\" \/>\n<meta property=\"og:site_name\" content=\"Tervetuloa Kielitieteen p\u00e4iville It\u00e4-Suomen yliopiston Joensuun kampukselle 18.\u201320.5.2026!\" \/>\n<meta property=\"article:modified_time\" content=\"2026-03-31T20:45:19+00:00\" \/>\n<meta name=\"twitter:card\" content=\"summary_large_image\" \/>\n<meta name=\"twitter:label1\" content=\"Arvioitu lukuaika\" \/>\n\t<meta name=\"twitter:data1\" content=\"1 minuutti\" \/>\n<script type=\"application\/ld+json\" class=\"yoast-schema-graph\">{\"@context\":\"https:\/\/schema.org\",\"@graph\":[{\"@type\":\"WebPage\",\"@id\":\"https:\/\/sites.uef.fi\/kielitieteenpaivat2026\/kutsupuhujat\/\",\"url\":\"https:\/\/sites.uef.fi\/kielitieteenpaivat2026\/kutsupuhujat\/\",\"name\":\"Kutsupuhujat - Tervetuloa Kielitieteen p\u00e4iville It\u00e4-Suomen yliopiston Joensuun kampukselle 18.\u201320.5.2026!\",\"isPartOf\":{\"@id\":\"https:\/\/sites.uef.fi\/kielitieteenpaivat2026\/#website\"},\"datePublished\":\"2025-11-13T09:14:32+00:00\",\"dateModified\":\"2026-03-31T20:45:19+00:00\",\"breadcrumb\":{\"@id\":\"https:\/\/sites.uef.fi\/kielitieteenpaivat2026\/kutsupuhujat\/#breadcrumb\"},\"inLanguage\":\"fi\",\"potentialAction\":[{\"@type\":\"ReadAction\",\"target\":[\"https:\/\/sites.uef.fi\/kielitieteenpaivat2026\/kutsupuhujat\/\"]}]},{\"@type\":\"BreadcrumbList\",\"@id\":\"https:\/\/sites.uef.fi\/kielitieteenpaivat2026\/kutsupuhujat\/#breadcrumb\",\"itemListElement\":[{\"@type\":\"ListItem\",\"position\":1,\"name\":\"Etusivu\",\"item\":\"https:\/\/sites.uef.fi\/kielitieteenpaivat2026\/\"},{\"@type\":\"ListItem\",\"position\":2,\"name\":\"Kutsupuhujat\"}]},{\"@type\":\"WebSite\",\"@id\":\"https:\/\/sites.uef.fi\/kielitieteenpaivat2026\/#website\",\"url\":\"https:\/\/sites.uef.fi\/kielitieteenpaivat2026\/\",\"name\":\"Tervetuloa Kielitieteen p\u00e4iville It\u00e4-Suomen yliopiston Joensuun kampukselle 18.\u201320.5.2026!\",\"description\":\"\",\"potentialAction\":[{\"@type\":\"SearchAction\",\"target\":{\"@type\":\"EntryPoint\",\"urlTemplate\":\"https:\/\/sites.uef.fi\/kielitieteenpaivat2026\/?s={search_term_string}\"},\"query-input\":{\"@type\":\"PropertyValueSpecification\",\"valueRequired\":true,\"valueName\":\"search_term_string\"}}],\"inLanguage\":\"fi\"}]}<\/script>\n<!-- \/ Yoast SEO plugin. -->","yoast_head_json":{"title":"Kutsupuhujat - Tervetuloa Kielitieteen p\u00e4iville It\u00e4-Suomen yliopiston Joensuun kampukselle 18.\u201320.5.2026!","robots":{"index":"index","follow":"follow","max-snippet":"max-snippet:-1","max-image-preview":"max-image-preview:large","max-video-preview":"max-video-preview:-1"},"canonical":"https:\/\/sites.uef.fi\/kielitieteenpaivat2026\/kutsupuhujat\/","og_locale":"fi_FI","og_type":"article","og_title":"Kutsupuhujat - Tervetuloa Kielitieteen p\u00e4iville It\u00e4-Suomen yliopiston Joensuun kampukselle 18.\u201320.5.2026!","og_description":"Vuoden 2026 Kielitieteen p\u00e4ivien kutsutut puhujat ovat:&nbsp; FT Laura Eilola (Tampereen yliopisto,\u202fLangnet-plenaristi):Etnografinen ote ja eettiset n\u00e4k\u00f6kulmat vuorovaikutusaineistojen ker\u00e4\u00e4misess\u00e4 ja analyysissa (abstrakti) Prof.\u202fPetar\u202fKehayov\u202f(Tarton yliopisto):Karjalan kielen kielitieteellinen merkitys: viel\u00e4k\u00f6 on hy\u00f6dynt\u00e4m\u00e4tt\u00f6mi\u00e4 n\u00e4k\u00f6kulmia? (abstrakti) Prof.\u202fMikko Laitinen (It\u00e4-Suomen yliopisto)\u202fBeyond the evils of social media: Weak-tie hypothesis in digital networks (abstrakti) Prof.\u202f\u00c5sa Palviainen (Jyv\u00e4skyl\u00e4n yliopisto):Memer, GIF:ar och dialekt: Semiotic resources [&hellip;]","og_url":"https:\/\/sites.uef.fi\/kielitieteenpaivat2026\/kutsupuhujat\/","og_site_name":"Tervetuloa Kielitieteen p\u00e4iville It\u00e4-Suomen yliopiston Joensuun kampukselle 18.\u201320.5.2026!","article_modified_time":"2026-03-31T20:45:19+00:00","twitter_card":"summary_large_image","twitter_misc":{"Arvioitu lukuaika":"1 minuutti"},"schema":{"@context":"https:\/\/schema.org","@graph":[{"@type":"WebPage","@id":"https:\/\/sites.uef.fi\/kielitieteenpaivat2026\/kutsupuhujat\/","url":"https:\/\/sites.uef.fi\/kielitieteenpaivat2026\/kutsupuhujat\/","name":"Kutsupuhujat - Tervetuloa Kielitieteen p\u00e4iville It\u00e4-Suomen yliopiston Joensuun kampukselle 18.\u201320.5.2026!","isPartOf":{"@id":"https:\/\/sites.uef.fi\/kielitieteenpaivat2026\/#website"},"datePublished":"2025-11-13T09:14:32+00:00","dateModified":"2026-03-31T20:45:19+00:00","breadcrumb":{"@id":"https:\/\/sites.uef.fi\/kielitieteenpaivat2026\/kutsupuhujat\/#breadcrumb"},"inLanguage":"fi","potentialAction":[{"@type":"ReadAction","target":["https:\/\/sites.uef.fi\/kielitieteenpaivat2026\/kutsupuhujat\/"]}]},{"@type":"BreadcrumbList","@id":"https:\/\/sites.uef.fi\/kielitieteenpaivat2026\/kutsupuhujat\/#breadcrumb","itemListElement":[{"@type":"ListItem","position":1,"name":"Etusivu","item":"https:\/\/sites.uef.fi\/kielitieteenpaivat2026\/"},{"@type":"ListItem","position":2,"name":"Kutsupuhujat"}]},{"@type":"WebSite","@id":"https:\/\/sites.uef.fi\/kielitieteenpaivat2026\/#website","url":"https:\/\/sites.uef.fi\/kielitieteenpaivat2026\/","name":"Tervetuloa Kielitieteen p\u00e4iville It\u00e4-Suomen yliopiston Joensuun kampukselle 18.\u201320.5.2026!","description":"","potentialAction":[{"@type":"SearchAction","target":{"@type":"EntryPoint","urlTemplate":"https:\/\/sites.uef.fi\/kielitieteenpaivat2026\/?s={search_term_string}"},"query-input":{"@type":"PropertyValueSpecification","valueRequired":true,"valueName":"search_term_string"}}],"inLanguage":"fi"}]}},"_links":{"self":[{"href":"https:\/\/sites.uef.fi\/kielitieteenpaivat2026\/wp-json\/wp\/v2\/pages\/115","targetHints":{"allow":["GET"]}}],"collection":[{"href":"https:\/\/sites.uef.fi\/kielitieteenpaivat2026\/wp-json\/wp\/v2\/pages"}],"about":[{"href":"https:\/\/sites.uef.fi\/kielitieteenpaivat2026\/wp-json\/wp\/v2\/types\/page"}],"author":[{"embeddable":true,"href":"https:\/\/sites.uef.fi\/kielitieteenpaivat2026\/wp-json\/wp\/v2\/users\/1341"}],"replies":[{"embeddable":true,"href":"https:\/\/sites.uef.fi\/kielitieteenpaivat2026\/wp-json\/wp\/v2\/comments?post=115"}],"version-history":[{"count":1,"href":"https:\/\/sites.uef.fi\/kielitieteenpaivat2026\/wp-json\/wp\/v2\/pages\/115\/revisions"}],"predecessor-version":[{"id":876,"href":"https:\/\/sites.uef.fi\/kielitieteenpaivat2026\/wp-json\/wp\/v2\/pages\/115\/revisions\/876"}],"wp:attachment":[{"href":"https:\/\/sites.uef.fi\/kielitieteenpaivat2026\/wp-json\/wp\/v2\/media?parent=115"}],"curies":[{"name":"wp","href":"https:\/\/api.w.org\/{rel}","templated":true}]}}