{"id":128,"date":"2025-11-13T11:20:59","date_gmt":"2025-11-13T09:20:59","guid":{"rendered":"https:\/\/sites.uef.fi\/kielitieteenpaivat2026\/?page_id=128"},"modified":"2026-03-20T14:15:40","modified_gmt":"2026-03-20T12:15:40","slug":"kiertokirjeet","status":"publish","type":"page","link":"https:\/\/sites.uef.fi\/kielitieteenpaivat2026\/kiertokirjeet\/","title":{"rendered":"Kiertokirjeet"},"content":{"rendered":"\n<p>T\u00e4lt\u00e4 sivulta l\u00f6yd\u00e4t Kielitieteen p\u00e4ivien 2026 kiertokirjeet.<\/p>\n\n\n\n<p><a href=\"https:\/\/sites.uef.fi\/kielitieteenpaivat2026\/wp-content\/uploads\/sites\/565\/2026\/03\/ktp2026_cfp3.pdf\">Kolmas kiertokirje 20.3.2026<\/a><\/p>\n\n\n\n<p><a href=\"https:\/\/sites.uef.fi\/kielitieteenpaivat2026\/wp-content\/uploads\/sites\/565\/2026\/01\/ktp2026_cfp2.pdf\">Toinen kiertokirje 19.1.2026<\/a><\/p>\n\n\n\n<p><a href=\"https:\/\/sites.uef.fi\/kielitieteenpaivat2026\/wp-content\/uploads\/sites\/565\/2025\/11\/ktp2026_cfp1.pdf\">Ensimm\u00e4inen kiertokirje 19.11.2025<\/a><\/p>\n","protected":false},"excerpt":{"rendered":"<p>T\u00e4lt\u00e4 sivulta l\u00f6yd\u00e4t Kielitieteen p\u00e4ivien 2026 kiertokirjeet. Kolmas kiertokirje 20.3.2026 Toinen kiertokirje 19.1.2026 Ensimm\u00e4inen kiertokirje 19.11.2025<\/p>\n","protected":false},"author":1341,"featured_media":0,"parent":0,"menu_order":0,"comment_status":"closed","ping_status":"closed","template":"","meta":{"_acf_changed":false,"footnotes":""},"class_list":["post-128","page","type-page","status-publish","hentry"],"acf":[],"yoast_head":"<!-- This site is optimized with the Yoast SEO plugin v27.1.1 - https:\/\/yoast.com\/product\/yoast-seo-wordpress\/ -->\n<title>Kiertokirjeet - Tervetuloa Kielitieteen p\u00e4iville It\u00e4-Suomen yliopiston Joensuun kampukselle 18.\u201320.5.2026!<\/title>\n<meta name=\"robots\" content=\"index, follow, max-snippet:-1, max-image-preview:large, max-video-preview:-1\" \/>\n<link rel=\"canonical\" href=\"https:\/\/sites.uef.fi\/kielitieteenpaivat2026\/kiertokirjeet\/\" \/>\n<meta property=\"og:locale\" content=\"fi_FI\" \/>\n<meta property=\"og:type\" content=\"article\" \/>\n<meta property=\"og:title\" content=\"Kiertokirjeet - Tervetuloa Kielitieteen p\u00e4iville It\u00e4-Suomen yliopiston Joensuun kampukselle 18.\u201320.5.2026!\" \/>\n<meta property=\"og:description\" content=\"T\u00e4lt\u00e4 sivulta l\u00f6yd\u00e4t Kielitieteen p\u00e4ivien 2026 kiertokirjeet. Kolmas kiertokirje 20.3.2026 Toinen kiertokirje 19.1.2026 Ensimm\u00e4inen kiertokirje 19.11.2025\" \/>\n<meta property=\"og:url\" content=\"https:\/\/sites.uef.fi\/kielitieteenpaivat2026\/kiertokirjeet\/\" \/>\n<meta property=\"og:site_name\" content=\"Tervetuloa Kielitieteen p\u00e4iville It\u00e4-Suomen yliopiston Joensuun kampukselle 18.\u201320.5.2026!\" \/>\n<meta property=\"article:modified_time\" content=\"2026-03-20T12:15:40+00:00\" \/>\n<meta name=\"twitter:card\" content=\"summary_large_image\" \/>\n<meta name=\"twitter:label1\" content=\"Arvioitu lukuaika\" \/>\n\t<meta name=\"twitter:data1\" content=\"1 minuutti\" \/>\n<script type=\"application\/ld+json\" class=\"yoast-schema-graph\">{\"@context\":\"https:\/\/schema.org\",\"@graph\":[{\"@type\":\"WebPage\",\"@id\":\"https:\/\/sites.uef.fi\/kielitieteenpaivat2026\/kiertokirjeet\/\",\"url\":\"https:\/\/sites.uef.fi\/kielitieteenpaivat2026\/kiertokirjeet\/\",\"name\":\"Kiertokirjeet - Tervetuloa Kielitieteen p\u00e4iville It\u00e4-Suomen yliopiston Joensuun kampukselle 18.\u201320.5.2026!\",\"isPartOf\":{\"@id\":\"https:\/\/sites.uef.fi\/kielitieteenpaivat2026\/#website\"},\"datePublished\":\"2025-11-13T09:20:59+00:00\",\"dateModified\":\"2026-03-20T12:15:40+00:00\",\"breadcrumb\":{\"@id\":\"https:\/\/sites.uef.fi\/kielitieteenpaivat2026\/kiertokirjeet\/#breadcrumb\"},\"inLanguage\":\"fi\",\"potentialAction\":[{\"@type\":\"ReadAction\",\"target\":[\"https:\/\/sites.uef.fi\/kielitieteenpaivat2026\/kiertokirjeet\/\"]}]},{\"@type\":\"BreadcrumbList\",\"@id\":\"https:\/\/sites.uef.fi\/kielitieteenpaivat2026\/kiertokirjeet\/#breadcrumb\",\"itemListElement\":[{\"@type\":\"ListItem\",\"position\":1,\"name\":\"Etusivu\",\"item\":\"https:\/\/sites.uef.fi\/kielitieteenpaivat2026\/\"},{\"@type\":\"ListItem\",\"position\":2,\"name\":\"Kiertokirjeet\"}]},{\"@type\":\"WebSite\",\"@id\":\"https:\/\/sites.uef.fi\/kielitieteenpaivat2026\/#website\",\"url\":\"https:\/\/sites.uef.fi\/kielitieteenpaivat2026\/\",\"name\":\"Tervetuloa Kielitieteen p\u00e4iville It\u00e4-Suomen yliopiston Joensuun kampukselle 18.\u201320.5.2026!\",\"description\":\"\",\"potentialAction\":[{\"@type\":\"SearchAction\",\"target\":{\"@type\":\"EntryPoint\",\"urlTemplate\":\"https:\/\/sites.uef.fi\/kielitieteenpaivat2026\/?s={search_term_string}\"},\"query-input\":{\"@type\":\"PropertyValueSpecification\",\"valueRequired\":true,\"valueName\":\"search_term_string\"}}],\"inLanguage\":\"fi\"}]}<\/script>\n<!-- \/ Yoast SEO plugin. -->","yoast_head_json":{"title":"Kiertokirjeet - Tervetuloa Kielitieteen p\u00e4iville It\u00e4-Suomen yliopiston Joensuun kampukselle 18.\u201320.5.2026!","robots":{"index":"index","follow":"follow","max-snippet":"max-snippet:-1","max-image-preview":"max-image-preview:large","max-video-preview":"max-video-preview:-1"},"canonical":"https:\/\/sites.uef.fi\/kielitieteenpaivat2026\/kiertokirjeet\/","og_locale":"fi_FI","og_type":"article","og_title":"Kiertokirjeet - Tervetuloa Kielitieteen p\u00e4iville It\u00e4-Suomen yliopiston Joensuun kampukselle 18.\u201320.5.2026!","og_description":"T\u00e4lt\u00e4 sivulta l\u00f6yd\u00e4t Kielitieteen p\u00e4ivien 2026 kiertokirjeet. Kolmas kiertokirje 20.3.2026 Toinen kiertokirje 19.1.2026 Ensimm\u00e4inen kiertokirje 19.11.2025","og_url":"https:\/\/sites.uef.fi\/kielitieteenpaivat2026\/kiertokirjeet\/","og_site_name":"Tervetuloa Kielitieteen p\u00e4iville It\u00e4-Suomen yliopiston Joensuun kampukselle 18.\u201320.5.2026!","article_modified_time":"2026-03-20T12:15:40+00:00","twitter_card":"summary_large_image","twitter_misc":{"Arvioitu lukuaika":"1 minuutti"},"schema":{"@context":"https:\/\/schema.org","@graph":[{"@type":"WebPage","@id":"https:\/\/sites.uef.fi\/kielitieteenpaivat2026\/kiertokirjeet\/","url":"https:\/\/sites.uef.fi\/kielitieteenpaivat2026\/kiertokirjeet\/","name":"Kiertokirjeet - Tervetuloa Kielitieteen p\u00e4iville It\u00e4-Suomen yliopiston Joensuun kampukselle 18.\u201320.5.2026!","isPartOf":{"@id":"https:\/\/sites.uef.fi\/kielitieteenpaivat2026\/#website"},"datePublished":"2025-11-13T09:20:59+00:00","dateModified":"2026-03-20T12:15:40+00:00","breadcrumb":{"@id":"https:\/\/sites.uef.fi\/kielitieteenpaivat2026\/kiertokirjeet\/#breadcrumb"},"inLanguage":"fi","potentialAction":[{"@type":"ReadAction","target":["https:\/\/sites.uef.fi\/kielitieteenpaivat2026\/kiertokirjeet\/"]}]},{"@type":"BreadcrumbList","@id":"https:\/\/sites.uef.fi\/kielitieteenpaivat2026\/kiertokirjeet\/#breadcrumb","itemListElement":[{"@type":"ListItem","position":1,"name":"Etusivu","item":"https:\/\/sites.uef.fi\/kielitieteenpaivat2026\/"},{"@type":"ListItem","position":2,"name":"Kiertokirjeet"}]},{"@type":"WebSite","@id":"https:\/\/sites.uef.fi\/kielitieteenpaivat2026\/#website","url":"https:\/\/sites.uef.fi\/kielitieteenpaivat2026\/","name":"Tervetuloa Kielitieteen p\u00e4iville It\u00e4-Suomen yliopiston Joensuun kampukselle 18.\u201320.5.2026!","description":"","potentialAction":[{"@type":"SearchAction","target":{"@type":"EntryPoint","urlTemplate":"https:\/\/sites.uef.fi\/kielitieteenpaivat2026\/?s={search_term_string}"},"query-input":{"@type":"PropertyValueSpecification","valueRequired":true,"valueName":"search_term_string"}}],"inLanguage":"fi"}]}},"_links":{"self":[{"href":"https:\/\/sites.uef.fi\/kielitieteenpaivat2026\/wp-json\/wp\/v2\/pages\/128","targetHints":{"allow":["GET"]}}],"collection":[{"href":"https:\/\/sites.uef.fi\/kielitieteenpaivat2026\/wp-json\/wp\/v2\/pages"}],"about":[{"href":"https:\/\/sites.uef.fi\/kielitieteenpaivat2026\/wp-json\/wp\/v2\/types\/page"}],"author":[{"embeddable":true,"href":"https:\/\/sites.uef.fi\/kielitieteenpaivat2026\/wp-json\/wp\/v2\/users\/1341"}],"replies":[{"embeddable":true,"href":"https:\/\/sites.uef.fi\/kielitieteenpaivat2026\/wp-json\/wp\/v2\/comments?post=128"}],"version-history":[{"count":1,"href":"https:\/\/sites.uef.fi\/kielitieteenpaivat2026\/wp-json\/wp\/v2\/pages\/128\/revisions"}],"predecessor-version":[{"id":810,"href":"https:\/\/sites.uef.fi\/kielitieteenpaivat2026\/wp-json\/wp\/v2\/pages\/128\/revisions\/810"}],"wp:attachment":[{"href":"https:\/\/sites.uef.fi\/kielitieteenpaivat2026\/wp-json\/wp\/v2\/media?parent=128"}],"curies":[{"name":"wp","href":"https:\/\/api.w.org\/{rel}","templated":true}]}}