{"id":168,"date":"2025-11-13T11:14:32","date_gmt":"2025-11-13T09:14:32","guid":{"rendered":"https:\/\/sites.uef.fi\/kielitieteenpaivat2026\/plenary-speakers\/"},"modified":"2026-03-31T23:46:06","modified_gmt":"2026-03-31T20:46:06","slug":"plenary-speakers","status":"publish","type":"page","link":"https:\/\/sites.uef.fi\/kielitieteenpaivat2026\/plenary-speakers\/?lang=en","title":{"rendered":"Plenary speakers"},"content":{"rendered":"\n<p>Invited speakers for the 2026 Finnish Conference of Linguistics: <\/p>\n\n\n\n<p>Dr. <a href=\"https:\/\/www.tuni.fi\/en\/people\/laura-eilola\">Laura Eilola<\/a> (Tampere University,\u202fLangnet plenarist):<br><em>Etnografinen ote ja eettiset n\u00e4k\u00f6kulmat vuorovaikutusaineistojen ker\u00e4\u00e4misess\u00e4 ja analyysissa<\/em> (<a href=\"https:\/\/sites.uef.fi\/kielitieteenpaivat2026\/wp-content\/uploads\/sites\/565\/2026\/03\/Abstrakti-plenaari-Eilola.pdf\">abstract<\/a>)<\/p>\n\n\n\n<p>Prof.\u202f<a href=\"https:\/\/www.etis.ee\/CV\/Petar_Kehayov\/eng\/\">Petar\u202fKehayov<\/a>\u202f(University of Tarto):<br><em>Karjalan kielen kielitieteellinen merkitys: viel\u00e4k\u00f6 on hy\u00f6dynt\u00e4m\u00e4tt\u00f6mi\u00e4 n\u00e4k\u00f6kulmia?<\/em> (<a href=\"https:\/\/sites.uef.fi\/kielitieteenpaivat2026\/wp-content\/uploads\/sites\/565\/2026\/03\/Abstrakti-plenaari-Kehayov.pdf\">abstract<\/a>)<\/p>\n\n\n\n<p>Prof.\u202f<a href=\"https:\/\/uefconnect.uef.fi\/en\/mikko.laitinen\/\">Mikko Laitinen<\/a> (University of Eastern Finland):<br><em>Beyond the evils of social media: Weak-tie hypothesis in digital networks<\/em> (<a href=\"https:\/\/sites.uef.fi\/kielitieteenpaivat2026\/wp-content\/uploads\/sites\/565\/2026\/03\/Abstrakti-plenaari-Laitinen.pdf\">abstract<\/a>)<\/p>\n\n\n\n<p>Prof.\u202f<a href=\"https:\/\/www.jyu.fi\/en\/people\/asa-palviainen\">\u00c5sa Palviainen<\/a> (University of Jyv\u00e4skyl\u00e4):<br><em>Memer, GIF:ar och dialekt: Semiotic resources in intergenerational digital chats<\/em> (<a href=\"https:\/\/sites.uef.fi\/kielitieteenpaivat2026\/wp-content\/uploads\/sites\/565\/2026\/03\/Abstrakti-plenaari-Palviainen.pdf\">abstract<\/a>)<\/p>\n","protected":false},"excerpt":{"rendered":"<p>Invited speakers for the 2026 Finnish Conference of Linguistics: Dr. Laura Eilola (Tampere University,\u202fLangnet plenarist):Etnografinen ote ja eettiset n\u00e4k\u00f6kulmat vuorovaikutusaineistojen ker\u00e4\u00e4misess\u00e4 ja analyysissa (abstract) Prof.\u202fPetar\u202fKehayov\u202f(University of Tarto):Karjalan kielen kielitieteellinen merkitys: viel\u00e4k\u00f6 on hy\u00f6dynt\u00e4m\u00e4tt\u00f6mi\u00e4 n\u00e4k\u00f6kulmia? (abstract) Prof.\u202fMikko Laitinen (University of Eastern Finland):Beyond the evils of social media: Weak-tie hypothesis in digital networks (abstract) Prof.\u202f\u00c5sa Palviainen (University [&hellip;]<\/p>\n","protected":false},"author":1341,"featured_media":0,"parent":0,"menu_order":0,"comment_status":"closed","ping_status":"closed","template":"","meta":{"_acf_changed":false,"footnotes":""},"class_list":["post-168","page","type-page","status-publish","hentry"],"acf":[],"yoast_head":"<!-- This site is optimized with the Yoast SEO plugin v27.3 - https:\/\/yoast.com\/product\/yoast-seo-wordpress\/ -->\n<title>Plenary speakers - Tervetuloa Kielitieteen p\u00e4iville It\u00e4-Suomen yliopiston Joensuun kampukselle 18.\u201320.5.2026!<\/title>\n<meta name=\"robots\" content=\"index, follow, max-snippet:-1, max-image-preview:large, max-video-preview:-1\" \/>\n<link rel=\"canonical\" href=\"https:\/\/sites.uef.fi\/kielitieteenpaivat2026\/plenary-speakers\/\" \/>\n<meta property=\"og:locale\" content=\"fi_FI\" \/>\n<meta property=\"og:type\" content=\"article\" \/>\n<meta property=\"og:title\" content=\"Plenary speakers - Tervetuloa Kielitieteen p\u00e4iville It\u00e4-Suomen yliopiston Joensuun kampukselle 18.\u201320.5.2026!\" \/>\n<meta property=\"og:description\" content=\"Invited speakers for the 2026 Finnish Conference of Linguistics: Dr. Laura Eilola (Tampere University,\u202fLangnet plenarist):Etnografinen ote ja eettiset n\u00e4k\u00f6kulmat vuorovaikutusaineistojen ker\u00e4\u00e4misess\u00e4 ja analyysissa (abstract) Prof.\u202fPetar\u202fKehayov\u202f(University of Tarto):Karjalan kielen kielitieteellinen merkitys: viel\u00e4k\u00f6 on hy\u00f6dynt\u00e4m\u00e4tt\u00f6mi\u00e4 n\u00e4k\u00f6kulmia? (abstract) Prof.\u202fMikko Laitinen (University of Eastern Finland):Beyond the evils of social media: Weak-tie hypothesis in digital networks (abstract) Prof.\u202f\u00c5sa Palviainen (University [&hellip;]\" \/>\n<meta property=\"og:url\" content=\"https:\/\/sites.uef.fi\/kielitieteenpaivat2026\/plenary-speakers\/?lang=en\" \/>\n<meta property=\"og:site_name\" content=\"Tervetuloa Kielitieteen p\u00e4iville It\u00e4-Suomen yliopiston Joensuun kampukselle 18.\u201320.5.2026!\" \/>\n<meta property=\"article:modified_time\" content=\"2026-03-31T20:46:06+00:00\" \/>\n<meta name=\"twitter:card\" content=\"summary_large_image\" \/>\n<meta name=\"twitter:label1\" content=\"Arvioitu lukuaika\" \/>\n\t<meta name=\"twitter:data1\" content=\"1 minuutti\" \/>\n<script type=\"application\/ld+json\" class=\"yoast-schema-graph\">{\"@context\":\"https:\\\/\\\/schema.org\",\"@graph\":[{\"@type\":\"WebPage\",\"@id\":\"https:\\\/\\\/sites.uef.fi\\\/kielitieteenpaivat2026\\\/plenary-speakers\\\/?lang=en\",\"url\":\"https:\\\/\\\/sites.uef.fi\\\/kielitieteenpaivat2026\\\/plenary-speakers\\\/?lang=en\",\"name\":\"Plenary speakers - Tervetuloa Kielitieteen p\u00e4iville It\u00e4-Suomen yliopiston Joensuun kampukselle 18.\u201320.5.2026!\",\"isPartOf\":{\"@id\":\"https:\\\/\\\/sites.uef.fi\\\/kielitieteenpaivat2026\\\/#website\"},\"datePublished\":\"2025-11-13T09:14:32+00:00\",\"dateModified\":\"2026-03-31T20:46:06+00:00\",\"breadcrumb\":{\"@id\":\"https:\\\/\\\/sites.uef.fi\\\/kielitieteenpaivat2026\\\/plenary-speakers\\\/?lang=en#breadcrumb\"},\"inLanguage\":\"fi\",\"potentialAction\":[{\"@type\":\"ReadAction\",\"target\":[\"https:\\\/\\\/sites.uef.fi\\\/kielitieteenpaivat2026\\\/plenary-speakers\\\/?lang=en\"]}]},{\"@type\":\"BreadcrumbList\",\"@id\":\"https:\\\/\\\/sites.uef.fi\\\/kielitieteenpaivat2026\\\/plenary-speakers\\\/?lang=en#breadcrumb\",\"itemListElement\":[{\"@type\":\"ListItem\",\"position\":1,\"name\":\"Etusivu\",\"item\":\"https:\\\/\\\/sites.uef.fi\\\/kielitieteenpaivat2026\\\/\"},{\"@type\":\"ListItem\",\"position\":2,\"name\":\"Plenary speakers\"}]},{\"@type\":\"WebSite\",\"@id\":\"https:\\\/\\\/sites.uef.fi\\\/kielitieteenpaivat2026\\\/#website\",\"url\":\"https:\\\/\\\/sites.uef.fi\\\/kielitieteenpaivat2026\\\/\",\"name\":\"Tervetuloa Kielitieteen p\u00e4iville It\u00e4-Suomen yliopiston Joensuun kampukselle 18.\u201320.5.2026!\",\"description\":\"\",\"potentialAction\":[{\"@type\":\"SearchAction\",\"target\":{\"@type\":\"EntryPoint\",\"urlTemplate\":\"https:\\\/\\\/sites.uef.fi\\\/kielitieteenpaivat2026\\\/?s={search_term_string}\"},\"query-input\":{\"@type\":\"PropertyValueSpecification\",\"valueRequired\":true,\"valueName\":\"search_term_string\"}}],\"inLanguage\":\"fi\"}]}<\/script>\n<!-- \/ Yoast SEO plugin. -->","yoast_head_json":{"title":"Plenary speakers - Tervetuloa Kielitieteen p\u00e4iville It\u00e4-Suomen yliopiston Joensuun kampukselle 18.\u201320.5.2026!","robots":{"index":"index","follow":"follow","max-snippet":"max-snippet:-1","max-image-preview":"max-image-preview:large","max-video-preview":"max-video-preview:-1"},"canonical":"https:\/\/sites.uef.fi\/kielitieteenpaivat2026\/plenary-speakers\/","og_locale":"fi_FI","og_type":"article","og_title":"Plenary speakers - Tervetuloa Kielitieteen p\u00e4iville It\u00e4-Suomen yliopiston Joensuun kampukselle 18.\u201320.5.2026!","og_description":"Invited speakers for the 2026 Finnish Conference of Linguistics: Dr. Laura Eilola (Tampere University,\u202fLangnet plenarist):Etnografinen ote ja eettiset n\u00e4k\u00f6kulmat vuorovaikutusaineistojen ker\u00e4\u00e4misess\u00e4 ja analyysissa (abstract) Prof.\u202fPetar\u202fKehayov\u202f(University of Tarto):Karjalan kielen kielitieteellinen merkitys: viel\u00e4k\u00f6 on hy\u00f6dynt\u00e4m\u00e4tt\u00f6mi\u00e4 n\u00e4k\u00f6kulmia? (abstract) Prof.\u202fMikko Laitinen (University of Eastern Finland):Beyond the evils of social media: Weak-tie hypothesis in digital networks (abstract) Prof.\u202f\u00c5sa Palviainen (University [&hellip;]","og_url":"https:\/\/sites.uef.fi\/kielitieteenpaivat2026\/plenary-speakers\/?lang=en","og_site_name":"Tervetuloa Kielitieteen p\u00e4iville It\u00e4-Suomen yliopiston Joensuun kampukselle 18.\u201320.5.2026!","article_modified_time":"2026-03-31T20:46:06+00:00","twitter_card":"summary_large_image","twitter_misc":{"Arvioitu lukuaika":"1 minuutti"},"schema":{"@context":"https:\/\/schema.org","@graph":[{"@type":"WebPage","@id":"https:\/\/sites.uef.fi\/kielitieteenpaivat2026\/plenary-speakers\/?lang=en","url":"https:\/\/sites.uef.fi\/kielitieteenpaivat2026\/plenary-speakers\/?lang=en","name":"Plenary speakers - Tervetuloa Kielitieteen p\u00e4iville It\u00e4-Suomen yliopiston Joensuun kampukselle 18.\u201320.5.2026!","isPartOf":{"@id":"https:\/\/sites.uef.fi\/kielitieteenpaivat2026\/#website"},"datePublished":"2025-11-13T09:14:32+00:00","dateModified":"2026-03-31T20:46:06+00:00","breadcrumb":{"@id":"https:\/\/sites.uef.fi\/kielitieteenpaivat2026\/plenary-speakers\/?lang=en#breadcrumb"},"inLanguage":"fi","potentialAction":[{"@type":"ReadAction","target":["https:\/\/sites.uef.fi\/kielitieteenpaivat2026\/plenary-speakers\/?lang=en"]}]},{"@type":"BreadcrumbList","@id":"https:\/\/sites.uef.fi\/kielitieteenpaivat2026\/plenary-speakers\/?lang=en#breadcrumb","itemListElement":[{"@type":"ListItem","position":1,"name":"Etusivu","item":"https:\/\/sites.uef.fi\/kielitieteenpaivat2026\/"},{"@type":"ListItem","position":2,"name":"Plenary speakers"}]},{"@type":"WebSite","@id":"https:\/\/sites.uef.fi\/kielitieteenpaivat2026\/#website","url":"https:\/\/sites.uef.fi\/kielitieteenpaivat2026\/","name":"Tervetuloa Kielitieteen p\u00e4iville It\u00e4-Suomen yliopiston Joensuun kampukselle 18.\u201320.5.2026!","description":"","potentialAction":[{"@type":"SearchAction","target":{"@type":"EntryPoint","urlTemplate":"https:\/\/sites.uef.fi\/kielitieteenpaivat2026\/?s={search_term_string}"},"query-input":{"@type":"PropertyValueSpecification","valueRequired":true,"valueName":"search_term_string"}}],"inLanguage":"fi"}]}},"_links":{"self":[{"href":"https:\/\/sites.uef.fi\/kielitieteenpaivat2026\/wp-json\/wp\/v2\/pages\/168","targetHints":{"allow":["GET"]}}],"collection":[{"href":"https:\/\/sites.uef.fi\/kielitieteenpaivat2026\/wp-json\/wp\/v2\/pages"}],"about":[{"href":"https:\/\/sites.uef.fi\/kielitieteenpaivat2026\/wp-json\/wp\/v2\/types\/page"}],"author":[{"embeddable":true,"href":"https:\/\/sites.uef.fi\/kielitieteenpaivat2026\/wp-json\/wp\/v2\/users\/1341"}],"replies":[{"embeddable":true,"href":"https:\/\/sites.uef.fi\/kielitieteenpaivat2026\/wp-json\/wp\/v2\/comments?post=168"}],"version-history":[{"count":1,"href":"https:\/\/sites.uef.fi\/kielitieteenpaivat2026\/wp-json\/wp\/v2\/pages\/168\/revisions"}],"predecessor-version":[{"id":879,"href":"https:\/\/sites.uef.fi\/kielitieteenpaivat2026\/wp-json\/wp\/v2\/pages\/168\/revisions\/879"}],"wp:attachment":[{"href":"https:\/\/sites.uef.fi\/kielitieteenpaivat2026\/wp-json\/wp\/v2\/media?parent=168"}],"curies":[{"name":"wp","href":"https:\/\/api.w.org\/{rel}","templated":true}]}}