{"id":191,"date":"2025-10-16T14:56:33","date_gmt":"2025-10-16T11:56:33","guid":{"rendered":"https:\/\/sites.uef.fi\/kielitieteenpaivat2026\/startsida\/"},"modified":"2026-03-20T11:21:26","modified_gmt":"2026-03-20T09:21:26","slug":"startsida","status":"publish","type":"page","link":"https:\/\/sites.uef.fi\/kielitieteenpaivat2026\/startsida\/?lang=sv","title":{"rendered":"Startsida"},"content":{"rendered":"\n<p>Temat f\u00f6r \u00e5rets Spr\u00e5kvetenskapsdagarna \u00e4r <strong>Materialens m\u00e5ngfald i spr\u00e5kforskning<\/strong>. Vi vill stimulera diskussionen om m\u00f6jligheter och begr\u00e4nsningar med olika typer av forskningsdata. Vi v\u00e4lkomnar \u00e4ven presentationer som introducerar nya typer av material och analysmetoder. Presentationerna under Spr\u00e5kvetenskapsdagarna \u00e4r inte begr\u00e4nsade till det valda temat, utan kan \u00e4ven handla om andra \u00e4mnen som r\u00f6r lingvistik.<\/p>\n\n\n\n<p><strong>Konferensen sponsras av:<\/strong><\/p>\n\n\n\n<figure class=\"wp-block-image aligncenter size-full\"><img loading=\"lazy\" decoding=\"async\" width=\"397\" height=\"113\" src=\"https:\/\/sites.uef.fi\/kielitieteenpaivat2026\/wp-content\/uploads\/sites\/565\/2026\/03\/SKS_vas.png\" alt=\"\" class=\"wp-image-791\" srcset=\"https:\/\/sites.uef.fi\/kielitieteenpaivat2026\/wp-content\/uploads\/sites\/565\/2026\/03\/SKS_vas.png 397w, https:\/\/sites.uef.fi\/kielitieteenpaivat2026\/wp-content\/uploads\/sites\/565\/2026\/03\/SKS_vas-300x85.png 300w\" sizes=\"auto, (max-width: 397px) 100vw, 397px\" \/><\/figure>\n\n\n\n<figure class=\"wp-block-image size-large\"><img loading=\"lazy\" decoding=\"async\" width=\"1024\" height=\"373\" src=\"https:\/\/sites.uef.fi\/kielitieteenpaivat2026\/wp-content\/uploads\/sites\/565\/2026\/02\/Tieteentekijat_logo-verkkokayttoon-1024x373.jpg\" alt=\"\" class=\"wp-image-594\" srcset=\"https:\/\/sites.uef.fi\/kielitieteenpaivat2026\/wp-content\/uploads\/sites\/565\/2026\/02\/Tieteentekijat_logo-verkkokayttoon-1024x373.jpg 1024w, https:\/\/sites.uef.fi\/kielitieteenpaivat2026\/wp-content\/uploads\/sites\/565\/2026\/02\/Tieteentekijat_logo-verkkokayttoon-300x109.jpg 300w, https:\/\/sites.uef.fi\/kielitieteenpaivat2026\/wp-content\/uploads\/sites\/565\/2026\/02\/Tieteentekijat_logo-verkkokayttoon-768x280.jpg 768w, https:\/\/sites.uef.fi\/kielitieteenpaivat2026\/wp-content\/uploads\/sites\/565\/2026\/02\/Tieteentekijat_logo-verkkokayttoon-1536x560.jpg 1536w, https:\/\/sites.uef.fi\/kielitieteenpaivat2026\/wp-content\/uploads\/sites\/565\/2026\/02\/Tieteentekijat_logo-verkkokayttoon-2048x746.jpg 2048w\" sizes=\"auto, (max-width: 1024px) 100vw, 1024px\" \/><\/figure>\n\n\n\n<figure class=\"wp-block-image size-large\"><img loading=\"lazy\" decoding=\"async\" width=\"1024\" height=\"404\" src=\"https:\/\/sites.uef.fi\/kielitieteenpaivat2026\/wp-content\/uploads\/sites\/565\/2026\/02\/SV-logo-tsv-1024x404.png\" alt=\"\" class=\"wp-image-599\" srcset=\"https:\/\/sites.uef.fi\/kielitieteenpaivat2026\/wp-content\/uploads\/sites\/565\/2026\/02\/SV-logo-tsv-1024x404.png 1024w, https:\/\/sites.uef.fi\/kielitieteenpaivat2026\/wp-content\/uploads\/sites\/565\/2026\/02\/SV-logo-tsv-300x118.png 300w, https:\/\/sites.uef.fi\/kielitieteenpaivat2026\/wp-content\/uploads\/sites\/565\/2026\/02\/SV-logo-tsv-768x303.png 768w, https:\/\/sites.uef.fi\/kielitieteenpaivat2026\/wp-content\/uploads\/sites\/565\/2026\/02\/SV-logo-tsv-1536x607.png 1536w, https:\/\/sites.uef.fi\/kielitieteenpaivat2026\/wp-content\/uploads\/sites\/565\/2026\/02\/SV-logo-tsv-1440x568.png 1440w, https:\/\/sites.uef.fi\/kielitieteenpaivat2026\/wp-content\/uploads\/sites\/565\/2026\/02\/SV-logo-tsv.png 2036w\" sizes=\"auto, (max-width: 1024px) 100vw, 1024px\" \/><\/figure>\n","protected":false},"excerpt":{"rendered":"<p>Temat f\u00f6r \u00e5rets Spr\u00e5kvetenskapsdagarna \u00e4r Materialens m\u00e5ngfald i spr\u00e5kforskning. Vi vill stimulera diskussionen om m\u00f6jligheter och begr\u00e4nsningar med olika typer av forskningsdata. Vi v\u00e4lkomnar \u00e4ven presentationer som introducerar nya typer av material och analysmetoder. Presentationerna under Spr\u00e5kvetenskapsdagarna \u00e4r inte begr\u00e4nsade till det valda temat, utan kan \u00e4ven handla om andra \u00e4mnen som r\u00f6r lingvistik. Konferensen [&hellip;]<\/p>\n","protected":false},"author":966,"featured_media":0,"parent":0,"menu_order":0,"comment_status":"closed","ping_status":"closed","template":"","meta":{"_acf_changed":false,"footnotes":""},"class_list":["post-191","page","type-page","status-publish","hentry"],"acf":[],"yoast_head":"<!-- This site is optimized with the Yoast SEO plugin v27.3 - https:\/\/yoast.com\/product\/yoast-seo-wordpress\/ -->\n<title>Startsida - Tervetuloa Kielitieteen p\u00e4iville It\u00e4-Suomen yliopiston Joensuun kampukselle 18.\u201320.5.2026!<\/title>\n<meta name=\"robots\" content=\"index, follow, max-snippet:-1, max-image-preview:large, max-video-preview:-1\" \/>\n<link rel=\"canonical\" href=\"https:\/\/sites.uef.fi\/kielitieteenpaivat2026\/startsida\/\" \/>\n<meta property=\"og:locale\" content=\"fi_FI\" \/>\n<meta property=\"og:type\" content=\"article\" \/>\n<meta property=\"og:title\" content=\"Startsida - Tervetuloa Kielitieteen p\u00e4iville It\u00e4-Suomen yliopiston Joensuun kampukselle 18.\u201320.5.2026!\" \/>\n<meta property=\"og:description\" content=\"Temat f\u00f6r \u00e5rets Spr\u00e5kvetenskapsdagarna \u00e4r Materialens m\u00e5ngfald i spr\u00e5kforskning. Vi vill stimulera diskussionen om m\u00f6jligheter och begr\u00e4nsningar med olika typer av forskningsdata. Vi v\u00e4lkomnar \u00e4ven presentationer som introducerar nya typer av material och analysmetoder. Presentationerna under Spr\u00e5kvetenskapsdagarna \u00e4r inte begr\u00e4nsade till det valda temat, utan kan \u00e4ven handla om andra \u00e4mnen som r\u00f6r lingvistik. Konferensen [&hellip;]\" \/>\n<meta property=\"og:url\" content=\"https:\/\/sites.uef.fi\/kielitieteenpaivat2026\/startsida\/?lang=sv\" \/>\n<meta property=\"og:site_name\" content=\"Tervetuloa Kielitieteen p\u00e4iville It\u00e4-Suomen yliopiston Joensuun kampukselle 18.\u201320.5.2026!\" \/>\n<meta property=\"article:modified_time\" content=\"2026-03-20T09:21:26+00:00\" \/>\n<meta property=\"og:image\" content=\"https:\/\/sites.uef.fi\/kielitieteenpaivat2026\/wp-content\/uploads\/sites\/565\/2026\/03\/SKS_vas.png\" \/>\n\t<meta property=\"og:image:width\" content=\"397\" \/>\n\t<meta property=\"og:image:height\" content=\"113\" \/>\n\t<meta property=\"og:image:type\" content=\"image\/png\" \/>\n<meta name=\"twitter:card\" content=\"summary_large_image\" \/>\n<meta name=\"twitter:label1\" content=\"Arvioitu lukuaika\" \/>\n\t<meta name=\"twitter:data1\" content=\"1 minuutti\" \/>\n<script type=\"application\/ld+json\" class=\"yoast-schema-graph\">{\"@context\":\"https:\\\/\\\/schema.org\",\"@graph\":[{\"@type\":\"WebPage\",\"@id\":\"https:\\\/\\\/sites.uef.fi\\\/kielitieteenpaivat2026\\\/startsida\\\/?lang=sv\",\"url\":\"https:\\\/\\\/sites.uef.fi\\\/kielitieteenpaivat2026\\\/startsida\\\/?lang=sv\",\"name\":\"Startsida - Tervetuloa Kielitieteen p\u00e4iville It\u00e4-Suomen yliopiston Joensuun kampukselle 18.\u201320.5.2026!\",\"isPartOf\":{\"@id\":\"https:\\\/\\\/sites.uef.fi\\\/kielitieteenpaivat2026\\\/#website\"},\"primaryImageOfPage\":{\"@id\":\"https:\\\/\\\/sites.uef.fi\\\/kielitieteenpaivat2026\\\/startsida\\\/?lang=sv#primaryimage\"},\"image\":{\"@id\":\"https:\\\/\\\/sites.uef.fi\\\/kielitieteenpaivat2026\\\/startsida\\\/?lang=sv#primaryimage\"},\"thumbnailUrl\":\"https:\\\/\\\/sites.uef.fi\\\/kielitieteenpaivat2026\\\/wp-content\\\/uploads\\\/sites\\\/565\\\/2026\\\/03\\\/SKS_vas.png\",\"datePublished\":\"2025-10-16T11:56:33+00:00\",\"dateModified\":\"2026-03-20T09:21:26+00:00\",\"breadcrumb\":{\"@id\":\"https:\\\/\\\/sites.uef.fi\\\/kielitieteenpaivat2026\\\/startsida\\\/?lang=sv#breadcrumb\"},\"inLanguage\":\"fi\",\"potentialAction\":[{\"@type\":\"ReadAction\",\"target\":[\"https:\\\/\\\/sites.uef.fi\\\/kielitieteenpaivat2026\\\/startsida\\\/?lang=sv\"]}]},{\"@type\":\"ImageObject\",\"inLanguage\":\"fi\",\"@id\":\"https:\\\/\\\/sites.uef.fi\\\/kielitieteenpaivat2026\\\/startsida\\\/?lang=sv#primaryimage\",\"url\":\"https:\\\/\\\/sites.uef.fi\\\/kielitieteenpaivat2026\\\/wp-content\\\/uploads\\\/sites\\\/565\\\/2026\\\/03\\\/SKS_vas.png\",\"contentUrl\":\"https:\\\/\\\/sites.uef.fi\\\/kielitieteenpaivat2026\\\/wp-content\\\/uploads\\\/sites\\\/565\\\/2026\\\/03\\\/SKS_vas.png\",\"width\":397,\"height\":113},{\"@type\":\"BreadcrumbList\",\"@id\":\"https:\\\/\\\/sites.uef.fi\\\/kielitieteenpaivat2026\\\/startsida\\\/?lang=sv#breadcrumb\",\"itemListElement\":[{\"@type\":\"ListItem\",\"position\":1,\"name\":\"Etusivu\",\"item\":\"https:\\\/\\\/sites.uef.fi\\\/kielitieteenpaivat2026\\\/\"},{\"@type\":\"ListItem\",\"position\":2,\"name\":\"Startsida\"}]},{\"@type\":\"WebSite\",\"@id\":\"https:\\\/\\\/sites.uef.fi\\\/kielitieteenpaivat2026\\\/#website\",\"url\":\"https:\\\/\\\/sites.uef.fi\\\/kielitieteenpaivat2026\\\/\",\"name\":\"Tervetuloa Kielitieteen p\u00e4iville It\u00e4-Suomen yliopiston Joensuun kampukselle 18.\u201320.5.2026!\",\"description\":\"\",\"potentialAction\":[{\"@type\":\"SearchAction\",\"target\":{\"@type\":\"EntryPoint\",\"urlTemplate\":\"https:\\\/\\\/sites.uef.fi\\\/kielitieteenpaivat2026\\\/?s={search_term_string}\"},\"query-input\":{\"@type\":\"PropertyValueSpecification\",\"valueRequired\":true,\"valueName\":\"search_term_string\"}}],\"inLanguage\":\"fi\"}]}<\/script>\n<!-- \/ Yoast SEO plugin. -->","yoast_head_json":{"title":"Startsida - Tervetuloa Kielitieteen p\u00e4iville It\u00e4-Suomen yliopiston Joensuun kampukselle 18.\u201320.5.2026!","robots":{"index":"index","follow":"follow","max-snippet":"max-snippet:-1","max-image-preview":"max-image-preview:large","max-video-preview":"max-video-preview:-1"},"canonical":"https:\/\/sites.uef.fi\/kielitieteenpaivat2026\/startsida\/","og_locale":"fi_FI","og_type":"article","og_title":"Startsida - Tervetuloa Kielitieteen p\u00e4iville It\u00e4-Suomen yliopiston Joensuun kampukselle 18.\u201320.5.2026!","og_description":"Temat f\u00f6r \u00e5rets Spr\u00e5kvetenskapsdagarna \u00e4r Materialens m\u00e5ngfald i spr\u00e5kforskning. Vi vill stimulera diskussionen om m\u00f6jligheter och begr\u00e4nsningar med olika typer av forskningsdata. Vi v\u00e4lkomnar \u00e4ven presentationer som introducerar nya typer av material och analysmetoder. Presentationerna under Spr\u00e5kvetenskapsdagarna \u00e4r inte begr\u00e4nsade till det valda temat, utan kan \u00e4ven handla om andra \u00e4mnen som r\u00f6r lingvistik. Konferensen [&hellip;]","og_url":"https:\/\/sites.uef.fi\/kielitieteenpaivat2026\/startsida\/?lang=sv","og_site_name":"Tervetuloa Kielitieteen p\u00e4iville It\u00e4-Suomen yliopiston Joensuun kampukselle 18.\u201320.5.2026!","article_modified_time":"2026-03-20T09:21:26+00:00","og_image":[{"width":397,"height":113,"url":"https:\/\/sites.uef.fi\/kielitieteenpaivat2026\/wp-content\/uploads\/sites\/565\/2026\/03\/SKS_vas.png","type":"image\/png"}],"twitter_card":"summary_large_image","twitter_misc":{"Arvioitu lukuaika":"1 minuutti"},"schema":{"@context":"https:\/\/schema.org","@graph":[{"@type":"WebPage","@id":"https:\/\/sites.uef.fi\/kielitieteenpaivat2026\/startsida\/?lang=sv","url":"https:\/\/sites.uef.fi\/kielitieteenpaivat2026\/startsida\/?lang=sv","name":"Startsida - Tervetuloa Kielitieteen p\u00e4iville It\u00e4-Suomen yliopiston Joensuun kampukselle 18.\u201320.5.2026!","isPartOf":{"@id":"https:\/\/sites.uef.fi\/kielitieteenpaivat2026\/#website"},"primaryImageOfPage":{"@id":"https:\/\/sites.uef.fi\/kielitieteenpaivat2026\/startsida\/?lang=sv#primaryimage"},"image":{"@id":"https:\/\/sites.uef.fi\/kielitieteenpaivat2026\/startsida\/?lang=sv#primaryimage"},"thumbnailUrl":"https:\/\/sites.uef.fi\/kielitieteenpaivat2026\/wp-content\/uploads\/sites\/565\/2026\/03\/SKS_vas.png","datePublished":"2025-10-16T11:56:33+00:00","dateModified":"2026-03-20T09:21:26+00:00","breadcrumb":{"@id":"https:\/\/sites.uef.fi\/kielitieteenpaivat2026\/startsida\/?lang=sv#breadcrumb"},"inLanguage":"fi","potentialAction":[{"@type":"ReadAction","target":["https:\/\/sites.uef.fi\/kielitieteenpaivat2026\/startsida\/?lang=sv"]}]},{"@type":"ImageObject","inLanguage":"fi","@id":"https:\/\/sites.uef.fi\/kielitieteenpaivat2026\/startsida\/?lang=sv#primaryimage","url":"https:\/\/sites.uef.fi\/kielitieteenpaivat2026\/wp-content\/uploads\/sites\/565\/2026\/03\/SKS_vas.png","contentUrl":"https:\/\/sites.uef.fi\/kielitieteenpaivat2026\/wp-content\/uploads\/sites\/565\/2026\/03\/SKS_vas.png","width":397,"height":113},{"@type":"BreadcrumbList","@id":"https:\/\/sites.uef.fi\/kielitieteenpaivat2026\/startsida\/?lang=sv#breadcrumb","itemListElement":[{"@type":"ListItem","position":1,"name":"Etusivu","item":"https:\/\/sites.uef.fi\/kielitieteenpaivat2026\/"},{"@type":"ListItem","position":2,"name":"Startsida"}]},{"@type":"WebSite","@id":"https:\/\/sites.uef.fi\/kielitieteenpaivat2026\/#website","url":"https:\/\/sites.uef.fi\/kielitieteenpaivat2026\/","name":"Tervetuloa Kielitieteen p\u00e4iville It\u00e4-Suomen yliopiston Joensuun kampukselle 18.\u201320.5.2026!","description":"","potentialAction":[{"@type":"SearchAction","target":{"@type":"EntryPoint","urlTemplate":"https:\/\/sites.uef.fi\/kielitieteenpaivat2026\/?s={search_term_string}"},"query-input":{"@type":"PropertyValueSpecification","valueRequired":true,"valueName":"search_term_string"}}],"inLanguage":"fi"}]}},"_links":{"self":[{"href":"https:\/\/sites.uef.fi\/kielitieteenpaivat2026\/wp-json\/wp\/v2\/pages\/191","targetHints":{"allow":["GET"]}}],"collection":[{"href":"https:\/\/sites.uef.fi\/kielitieteenpaivat2026\/wp-json\/wp\/v2\/pages"}],"about":[{"href":"https:\/\/sites.uef.fi\/kielitieteenpaivat2026\/wp-json\/wp\/v2\/types\/page"}],"author":[{"embeddable":true,"href":"https:\/\/sites.uef.fi\/kielitieteenpaivat2026\/wp-json\/wp\/v2\/users\/966"}],"replies":[{"embeddable":true,"href":"https:\/\/sites.uef.fi\/kielitieteenpaivat2026\/wp-json\/wp\/v2\/comments?post=191"}],"version-history":[{"count":2,"href":"https:\/\/sites.uef.fi\/kielitieteenpaivat2026\/wp-json\/wp\/v2\/pages\/191\/revisions"}],"predecessor-version":[{"id":797,"href":"https:\/\/sites.uef.fi\/kielitieteenpaivat2026\/wp-json\/wp\/v2\/pages\/191\/revisions\/797"}],"wp:attachment":[{"href":"https:\/\/sites.uef.fi\/kielitieteenpaivat2026\/wp-json\/wp\/v2\/media?parent=191"}],"curies":[{"name":"wp","href":"https:\/\/api.w.org\/{rel}","templated":true}]}}